{"id":22042,"date":"2024-10-24T23:13:40","date_gmt":"2024-10-24T23:13:40","guid":{"rendered":"https:\/\/www.sinchisinchi.com\/wissen\/amazonische-staemme\/huni-kuin-kaxinawa\/huni-kuin-musik\/"},"modified":"2026-03-04T15:32:24","modified_gmt":"2026-03-04T15:32:24","slug":"musik","status":"publish","type":"page","link":"https:\/\/www.sinchisinchi.com\/de\/staemme\/rape-huni-kuin-kaxinawa\/musik\/","title":{"rendered":"Huni-Kuin-Musik"},"content":{"rendered":"\n<div class=\"row\"  id=\"row-201008225\">\n\n\n\t<div id=\"col-1424186072\" class=\"col small-12 large-12\"  >\n\t\t\t\t<div class=\"col-inner\"  >\n\t\t\t\n\t\t\t\n\n<h1 style=\"text-align: center;\">Huni Kuin Musik<\/h1>\n\t<div id=\"gap-1379604562\" class=\"gap-element clearfix\" style=\"display:block; height:auto;\">\n\t\t\n<style>\n#gap-1379604562 {\n  padding-top: 30px;\n}\n<\/style>\n\t<\/div>\n\t\n\n<h2 style=\"text-align: center;\"><strong>Txana Ikakuru Huni Kuin \u2013 Ramine (Official Music Video)<\/strong><\/h2>\n<div class=\"video video-fit mb\" style=\"padding-top:56.25%;\"><iframe loading=\"lazy\" title=\"Txana Ikakuru Huni Kuin - Ramine (Official Music Video)\" width=\"1020\" height=\"574\" src=\"https:\/\/www.youtube.com\/embed\/tVnbjQz3Jlo?feature=oembed&#038;enablejsapi=1&#038;origin=https:\/\/www.sinchisinchi.com\" frameborder=\"0\" allow=\"accelerometer; autoplay; clipboard-write; encrypted-media; gyroscope; picture-in-picture; web-share\" referrerpolicy=\"strict-origin-when-cross-origin\" allowfullscreen><\/iframe><\/div>\n\n\t<div id=\"gap-1335106300\" class=\"gap-element clearfix\" style=\"display:block; height:auto;\">\n\t\t\n<style>\n#gap-1335106300 {\n  padding-top: 30px;\n}\n<\/style>\n\t<\/div>\n\t\n\n<h3 style=\"text-align: center;\"><strong>Mana Ibubu- Bunke, Uma e Nixiani Huni Kuin<\/strong><\/h3>\n<div class=\"video video-fit mb\" style=\"padding-top:56.25%;\"><p><iframe loading=\"lazy\" title=\"Nuk\u016b M\u00e3n\u00e3 Ibubu -  Bunke, Uma e Nixiani Huni Kuin\" width=\"1020\" height=\"574\" src=\"https:\/\/www.youtube.com\/embed\/DFoQoVPvTVY?feature=oembed&#038;enablejsapi=1&#038;origin=https:\/\/www.sinchisinchi.com\" frameborder=\"0\" allow=\"accelerometer; autoplay; clipboard-write; encrypted-media; gyroscope; picture-in-picture; web-share\" referrerpolicy=\"strict-origin-when-cross-origin\" allowfullscreen><\/iframe><\/p>\n<\/div>\n\n\t<div id=\"gap-1801604897\" class=\"gap-element clearfix\" style=\"display:block; height:auto;\">\n\t\t\n<style>\n#gap-1801604897 {\n  padding-top: 30px;\n}\n<\/style>\n\t<\/div>\n\t\n\n\n\t\t<\/div>\n\t\t\t\t\t<\/div>\n\n\t\n\n<\/div>\n<h3 style=\"text-align: center;\"><strong>Venho la da Floresta \u2013 Mapu \u00e9 Ix\u00e3 Huni Kuin Tribe \/ So \u00c0legria!! Valerie Huerta<\/strong><\/h3>\n<div class=\"video video-fit mb\" style=\"padding-top:56.25%;\"><p><iframe loading=\"lazy\" title=\"Venho la da Floresta - Mapu \u00e9 Ix\u00e3 Huni Kuin Tribe \/  So \u00c0legria!! Valerie Huerta\" width=\"1020\" height=\"765\" src=\"https:\/\/www.youtube.com\/embed\/LjUKyimERXQ?feature=oembed&#038;enablejsapi=1&#038;origin=https:\/\/www.sinchisinchi.com\" frameborder=\"0\" allow=\"accelerometer; autoplay; clipboard-write; encrypted-media; gyroscope; picture-in-picture; web-share\" referrerpolicy=\"strict-origin-when-cross-origin\" allowfullscreen><\/iframe><\/p>\n<\/div>\n\n\t<div id=\"gap-1901546865\" class=\"gap-element clearfix\" style=\"display:block; height:auto;\">\n\t\t\n<style>\n#gap-1901546865 {\n  padding-top: 30px;\n}\n<\/style>\n\t<\/div>\n\t\n\n<h3 class=\"style-scope ytd-watch-metadata\" style=\"text-align: center;\"><span style=\"color: #282828;\"><strong>Salve! Salve a Raiz da Ayahuasqueira! || Bukun Huni Kuin<\/strong><\/span><\/h3>\n<div class=\"video video-fit mb\" style=\"padding-top:56.25%;\"><p><iframe loading=\"lazy\" title=\"Salve! Salve a Raiz da Ayahuasqueira!  ||  Bukun Huni Kuin\" width=\"1020\" height=\"574\" src=\"https:\/\/www.youtube.com\/embed\/GQ5zLdS_kds?feature=oembed&#038;enablejsapi=1&#038;origin=https:\/\/www.sinchisinchi.com\" frameborder=\"0\" allow=\"accelerometer; autoplay; clipboard-write; encrypted-media; gyroscope; picture-in-picture; web-share\" referrerpolicy=\"strict-origin-when-cross-origin\" allowfullscreen><\/iframe><\/p>\n<\/div>\n\n\t<div id=\"gap-980585736\" class=\"gap-element clearfix\" style=\"display:block; height:auto;\">\n\t\t\n<style>\n#gap-980585736 {\n  padding-top: 30px;\n}\n<\/style>\n\t<\/div>\n\t\n\n<h3 class=\"style-scope ytd-watch-metadata\" style=\"text-align: center;\"><strong><span style=\"color: #282828;\">Siri Siri por Nawa Bari &amp; Txana Mana &#8211; Huni Kuin<\/span><\/strong><\/h3>\n<div class=\"video video-fit mb\" style=\"padding-top:56.25%;\"><p><iframe loading=\"lazy\" title=\"Siri Siri por Nawa Bari &amp; Txana Mana - Huni Kuin\" width=\"1020\" height=\"574\" src=\"https:\/\/www.youtube.com\/embed\/ahorKBeUSP0?feature=oembed&#038;enablejsapi=1&#038;origin=https:\/\/www.sinchisinchi.com\" frameborder=\"0\" allow=\"accelerometer; autoplay; clipboard-write; encrypted-media; gyroscope; picture-in-picture; web-share\" referrerpolicy=\"strict-origin-when-cross-origin\" allowfullscreen><\/iframe><\/p>\n<\/div>\n\n\t<div id=\"gap-901060502\" class=\"gap-element clearfix\" style=\"display:block; height:auto;\">\n\t\t\n<style>\n#gap-901060502 {\n  padding-top: 30px;\n}\n<\/style>\n\t<\/div>\n\t\n\n<div id=\"player\" class=\"style-scope ytd-watch-flexy\">\n<div id=\"player-container-outer\" class=\"style-scope ytd-watch-flexy\">\n<div id=\"player-container-inner\" class=\"style-scope ytd-watch-flexy\">\n<div id=\"player-container\" class=\"style-scope ytd-watch-flexy\" role=\"complementary\">\n<div id=\"container\" class=\"style-scope ytd-player\">\n<div id=\"movie_player\" class=\"html5-video-player ytp-transparent ytp-exp-bottom-control-flexbox ytp-modern-caption ytp-exp-ppp-update ytp-cairo-refresh ytp-cairo-refresh-signature-moments ad-created ytp-fit-cover-video ytp-bigboards ytp-fine-scrubbing-exp ytp-hide-info-bar ytp-large-width-mode ytp-autonav-endscreen-cancelled-state playing-mode ytp-autohide\" tabindex=\"-1\" data-version=\"\/s\/player\/fb725ac8\/player_ias.vflset\/es_ES\/base.js\" aria-label=\"Reproductor de v\u00eddeo de YouTube\">\n<div class=\"ytp-chrome-bottom\" data-layer=\"9\"><\/div>\n<\/div>\n<\/div>\n<\/div>\n<\/div>\n<\/div>\n<\/div>\n<div id=\"below\" class=\"style-scope ytd-watch-flexy\">\n<h3 id=\"limited-state\" class=\"attached-message style-scope ytd-watch-flexy\" style=\"text-align: center;\"><strong><span style=\"font-size: 25.920000076293945px;\">He Ho Aeh por Nawa Bari &amp; Txana Mana &#8211; Huni Kuin<\/span><\/strong><\/h3>\n<\/div>\n<div class=\"video video-fit mb\" style=\"padding-top:56.25%;\"><p><iframe loading=\"lazy\" title=\"He Ho Aeh por Nawa Bari &amp; Txana Mana - Huni Kuin\" width=\"1020\" height=\"574\" src=\"https:\/\/www.youtube.com\/embed\/ZhTwfNA405k?feature=oembed&#038;enablejsapi=1&#038;origin=https:\/\/www.sinchisinchi.com\" frameborder=\"0\" allow=\"accelerometer; autoplay; clipboard-write; encrypted-media; gyroscope; picture-in-picture; web-share\" referrerpolicy=\"strict-origin-when-cross-origin\" allowfullscreen><\/iframe><\/p>\n<\/div>\n\n\t<div id=\"gap-1912304787\" class=\"gap-element clearfix\" style=\"display:block; height:auto;\">\n\t\t\n<style>\n#gap-1912304787 {\n  padding-top: 30px;\n}\n<\/style>\n\t<\/div>\n\t\n\n<h3 class=\"style-scope ytd-watch-metadata\" style=\"text-align: center;\"><strong>Kaxinaw\u00e1 &#8211; Naw\u00e1 Ib\u00e3 &amp; May\u00e1 Huni Kuin<\/strong><\/h3>\n<div class=\"video video-fit mb\" style=\"padding-top:56.25%;\"><p><iframe loading=\"lazy\" title=\"Kaxinaw\u00e1 -  Naw\u00e1 Ib\u00e3 &amp; May\u00e1 Huni Kuin\" width=\"1020\" height=\"574\" src=\"https:\/\/www.youtube.com\/embed\/9ht6J11tL94?feature=oembed&#038;enablejsapi=1&#038;origin=https:\/\/www.sinchisinchi.com\" frameborder=\"0\" allow=\"accelerometer; autoplay; clipboard-write; encrypted-media; gyroscope; picture-in-picture; web-share\" referrerpolicy=\"strict-origin-when-cross-origin\" allowfullscreen><\/iframe><\/p>\n<\/div>\n\n\t<div id=\"gap-839935243\" class=\"gap-element clearfix\" style=\"display:block; height:auto;\">\n\t\t\n<style>\n#gap-839935243 {\n  padding-top: 30px;\n}\n<\/style>\n\t<\/div>\n\t\n\n<h3 class=\"style-scope ytd-watch-metadata\" style=\"text-align: center;\">BUNI INANI Huni Ku\u0129<\/h3>\n<div class=\"video video-fit mb\" style=\"padding-top:56.25%;\"><p><iframe loading=\"lazy\" title=\"Buni Inani Huni Ku\u0129 e Txna Tui Hua\" width=\"1020\" height=\"574\" src=\"https:\/\/www.youtube.com\/embed\/CzR455qjHY8?feature=oembed&#038;enablejsapi=1&#038;origin=https:\/\/www.sinchisinchi.com\" frameborder=\"0\" allow=\"accelerometer; autoplay; clipboard-write; encrypted-media; gyroscope; picture-in-picture; web-share\" referrerpolicy=\"strict-origin-when-cross-origin\" allowfullscreen><\/iframe><\/p>\n<\/div>\n\n\t<div id=\"gap-1021364774\" class=\"gap-element clearfix\" style=\"display:block; height:auto;\">\n\t\t\n<style>\n#gap-1021364774 {\n  padding-top: 30px;\n}\n<\/style>\n\t<\/div>\n\t\n\n<h3 class=\"style-scope ytd-watch-metadata\" style=\"text-align: center;\"><strong>Chamando a For\u00e7a por Txana Iba &amp; Bukun Mapua &#8211; Huni Kuin<\/strong><\/h3>\n<div class=\"video video-fit mb\" style=\"padding-top:56.25%;\"><p><iframe loading=\"lazy\" title=\"Chamando a For\u00e7a por Txana Iba &amp; Bukun Mapua - Huni Kuin\" width=\"1020\" height=\"574\" src=\"https:\/\/www.youtube.com\/embed\/84V67srDero?feature=oembed&#038;enablejsapi=1&#038;origin=https:\/\/www.sinchisinchi.com\" frameborder=\"0\" allow=\"accelerometer; autoplay; clipboard-write; encrypted-media; gyroscope; picture-in-picture; web-share\" referrerpolicy=\"strict-origin-when-cross-origin\" allowfullscreen><\/iframe><\/p>\n<\/div>\n\n\t<div id=\"gap-1583111\" class=\"gap-element clearfix\" style=\"display:block; height:auto;\">\n\t\t\n<style>\n#gap-1583111 {\n  padding-top: 30px;\n}\n<\/style>\n\t<\/div>\n\t\n\n<h3 class=\"style-scope ytd-watch-metadata\" style=\"text-align: center;\"><strong>Isaka Ruy &amp; Mawa Pey \u2022 Me Nia Ibu Isaka<\/strong><\/h3>\n<div class=\"video video-fit mb\" style=\"padding-top:56.25%;\"><p><iframe loading=\"lazy\" title=\"Isaka Ruy &amp; Mawa Pey \u2022 Me Nia Ibu Isaka\" width=\"1020\" height=\"574\" src=\"https:\/\/www.youtube.com\/embed\/TOKfgPfjlQo?feature=oembed&#038;enablejsapi=1&#038;origin=https:\/\/www.sinchisinchi.com\" frameborder=\"0\" allow=\"accelerometer; autoplay; clipboard-write; encrypted-media; gyroscope; picture-in-picture; web-share\" referrerpolicy=\"strict-origin-when-cross-origin\" allowfullscreen><\/iframe><\/p>\n<\/div>\n\n\t<div id=\"gap-687546563\" class=\"gap-element clearfix\" style=\"display:block; height:auto;\">\n\t\t\n<style>\n#gap-687546563 {\n  padding-top: 30px;\n}\n<\/style>\n\t<\/div>\n\t\n\n<h2 style=\"text-align: center;\">R\u00fcckkehr zu Amazonische St\u00e4mme:<\/h2>\n<a href=\"https:\/\/www.sinchisinchi.com\/de\/staemme\/\" class=\"button primary is-underline expand\" >\n\t\t<span>Amazonische St\u00e4mme<\/span>\n\t<\/a>\n\n\n\n\n\n<p><\/p>\n","protected":false},"excerpt":{"rendered":"","protected":false},"author":1,"featured_media":0,"parent":24241,"menu_order":0,"comment_status":"closed","ping_status":"closed","template":"","meta":{"_joinchat":[],"footnotes":""},"class_list":["post-22042","page","type-page","status-publish","hentry"],"yoast_head":"<!-- This site is optimized with the Yoast SEO plugin v27.4 - https:\/\/yoast.com\/product\/yoast-seo-wordpress\/ -->\n<title>Huni-Kuin-Musik - SINCHI RAP\u00c9<\/title>\n<meta name=\"robots\" content=\"index, follow, max-snippet:-1, max-image-preview:large, max-video-preview:-1\" \/>\n<link rel=\"canonical\" href=\"https:\/\/www.sinchisinchi.com\/de\/staemme\/rape-huni-kuin-kaxinawa\/musik\/\" \/>\n<meta property=\"og:locale\" content=\"de_DE\" \/>\n<meta property=\"og:type\" content=\"article\" \/>\n<meta property=\"og:title\" content=\"Huni-Kuin-Musik - SINCHI RAP\u00c9\" \/>\n<meta property=\"og:url\" content=\"https:\/\/www.sinchisinchi.com\/de\/staemme\/rape-huni-kuin-kaxinawa\/musik\/\" \/>\n<meta property=\"og:site_name\" content=\"SINCHI RAP\u00c9\" \/>\n<meta property=\"article:publisher\" content=\"https:\/\/www.facebook.com\/sinchirape\/\" \/>\n<meta property=\"article:modified_time\" content=\"2026-03-04T15:32:24+00:00\" \/>\n<meta name=\"twitter:card\" content=\"summary_large_image\" \/>\n<meta name=\"twitter:label1\" content=\"Gesch\u00e4tzte Lesezeit\" \/>\n\t<meta name=\"twitter:data1\" content=\"1\u00a0Minute\" \/>\n<script type=\"application\/ld+json\" class=\"yoast-schema-graph\">{\"@context\":\"https:\\\/\\\/schema.org\",\"@graph\":[{\"@type\":\"WebPage\",\"@id\":\"https:\\\/\\\/www.sinchisinchi.com\\\/de\\\/staemme\\\/rape-huni-kuin-kaxinawa\\\/musik\\\/\",\"url\":\"https:\\\/\\\/www.sinchisinchi.com\\\/de\\\/staemme\\\/rape-huni-kuin-kaxinawa\\\/musik\\\/\",\"name\":\"Huni-Kuin-Musik - SINCHI RAP\u00c9\",\"isPartOf\":{\"@id\":\"https:\\\/\\\/www.sinchisinchi.com\\\/de\\\/#website\"},\"datePublished\":\"2024-10-24T23:13:40+00:00\",\"dateModified\":\"2026-03-04T15:32:24+00:00\",\"breadcrumb\":{\"@id\":\"https:\\\/\\\/www.sinchisinchi.com\\\/de\\\/staemme\\\/rape-huni-kuin-kaxinawa\\\/musik\\\/#breadcrumb\"},\"inLanguage\":\"de\",\"potentialAction\":[{\"@type\":\"ReadAction\",\"target\":[\"https:\\\/\\\/www.sinchisinchi.com\\\/de\\\/staemme\\\/rape-huni-kuin-kaxinawa\\\/musik\\\/\"]}]},{\"@type\":\"BreadcrumbList\",\"@id\":\"https:\\\/\\\/www.sinchisinchi.com\\\/de\\\/staemme\\\/rape-huni-kuin-kaxinawa\\\/musik\\\/#breadcrumb\",\"itemListElement\":[{\"@type\":\"ListItem\",\"position\":1,\"name\":\"Titelseite\",\"item\":\"https:\\\/\\\/www.sinchisinchi.com\\\/de\\\/\"},{\"@type\":\"ListItem\",\"position\":2,\"name\":\"Amazonische St\u00e4mme\",\"item\":\"https:\\\/\\\/www.sinchisinchi.com\\\/de\\\/staemme\\\/\"},{\"@type\":\"ListItem\",\"position\":3,\"name\":\"Rap\u00e9 Huni Kuin (Kaxinaw\u00e1)\",\"item\":\"https:\\\/\\\/www.sinchisinchi.com\\\/de\\\/staemme\\\/rape-huni-kuin-kaxinawa\\\/\"},{\"@type\":\"ListItem\",\"position\":4,\"name\":\"Huni-Kuin-Musik\"}]},{\"@type\":\"WebSite\",\"@id\":\"https:\\\/\\\/www.sinchisinchi.com\\\/de\\\/#website\",\"url\":\"https:\\\/\\\/www.sinchisinchi.com\\\/de\\\/\",\"name\":\"SINCHI\",\"description\":\"Sinchi Medicine\",\"publisher\":{\"@id\":\"https:\\\/\\\/www.sinchisinchi.com\\\/de\\\/#organization\"},\"potentialAction\":[{\"@type\":\"SearchAction\",\"target\":{\"@type\":\"EntryPoint\",\"urlTemplate\":\"https:\\\/\\\/www.sinchisinchi.com\\\/de\\\/?s={search_term_string}\"},\"query-input\":{\"@type\":\"PropertyValueSpecification\",\"valueRequired\":true,\"valueName\":\"search_term_string\"}}],\"inLanguage\":\"de\"},{\"@type\":\"Organization\",\"@id\":\"https:\\\/\\\/www.sinchisinchi.com\\\/de\\\/#organization\",\"name\":\"SINCHI S.L\",\"url\":\"https:\\\/\\\/www.sinchisinchi.com\\\/de\\\/\",\"logo\":{\"@type\":\"ImageObject\",\"inLanguage\":\"de\",\"@id\":\"https:\\\/\\\/www.sinchisinchi.com\\\/de\\\/#\\\/schema\\\/logo\\\/image\\\/\",\"url\":\"https:\\\/\\\/www.sinchisinchi.com\\\/wp-content\\\/uploads\\\/2026\\\/01\\\/3b-Verde-SIMPLIFICADO-HORIZONTAL-F-TRANSPARENTE-scaled.png\",\"contentUrl\":\"https:\\\/\\\/www.sinchisinchi.com\\\/wp-content\\\/uploads\\\/2026\\\/01\\\/3b-Verde-SIMPLIFICADO-HORIZONTAL-F-TRANSPARENTE-scaled.png\",\"width\":2560,\"height\":457,\"caption\":\"SINCHI S.L\"},\"image\":{\"@id\":\"https:\\\/\\\/www.sinchisinchi.com\\\/de\\\/#\\\/schema\\\/logo\\\/image\\\/\"},\"sameAs\":[\"https:\\\/\\\/www.facebook.com\\\/sinchirape\\\/\",\"https:\\\/\\\/www.instagram.com\\\/sinchi_rape\\\/\"]}]}<\/script>\n<!-- \/ Yoast SEO plugin. -->","yoast_head_json":{"title":"Huni-Kuin-Musik - SINCHI RAP\u00c9","robots":{"index":"index","follow":"follow","max-snippet":"max-snippet:-1","max-image-preview":"max-image-preview:large","max-video-preview":"max-video-preview:-1"},"canonical":"https:\/\/www.sinchisinchi.com\/de\/staemme\/rape-huni-kuin-kaxinawa\/musik\/","og_locale":"de_DE","og_type":"article","og_title":"Huni-Kuin-Musik - SINCHI RAP\u00c9","og_url":"https:\/\/www.sinchisinchi.com\/de\/staemme\/rape-huni-kuin-kaxinawa\/musik\/","og_site_name":"SINCHI RAP\u00c9","article_publisher":"https:\/\/www.facebook.com\/sinchirape\/","article_modified_time":"2026-03-04T15:32:24+00:00","twitter_card":"summary_large_image","twitter_misc":{"Gesch\u00e4tzte Lesezeit":"1\u00a0Minute"},"schema":{"@context":"https:\/\/schema.org","@graph":[{"@type":"WebPage","@id":"https:\/\/www.sinchisinchi.com\/de\/staemme\/rape-huni-kuin-kaxinawa\/musik\/","url":"https:\/\/www.sinchisinchi.com\/de\/staemme\/rape-huni-kuin-kaxinawa\/musik\/","name":"Huni-Kuin-Musik - SINCHI RAP\u00c9","isPartOf":{"@id":"https:\/\/www.sinchisinchi.com\/de\/#website"},"datePublished":"2024-10-24T23:13:40+00:00","dateModified":"2026-03-04T15:32:24+00:00","breadcrumb":{"@id":"https:\/\/www.sinchisinchi.com\/de\/staemme\/rape-huni-kuin-kaxinawa\/musik\/#breadcrumb"},"inLanguage":"de","potentialAction":[{"@type":"ReadAction","target":["https:\/\/www.sinchisinchi.com\/de\/staemme\/rape-huni-kuin-kaxinawa\/musik\/"]}]},{"@type":"BreadcrumbList","@id":"https:\/\/www.sinchisinchi.com\/de\/staemme\/rape-huni-kuin-kaxinawa\/musik\/#breadcrumb","itemListElement":[{"@type":"ListItem","position":1,"name":"Titelseite","item":"https:\/\/www.sinchisinchi.com\/de\/"},{"@type":"ListItem","position":2,"name":"Amazonische St\u00e4mme","item":"https:\/\/www.sinchisinchi.com\/de\/staemme\/"},{"@type":"ListItem","position":3,"name":"Rap\u00e9 Huni Kuin (Kaxinaw\u00e1)","item":"https:\/\/www.sinchisinchi.com\/de\/staemme\/rape-huni-kuin-kaxinawa\/"},{"@type":"ListItem","position":4,"name":"Huni-Kuin-Musik"}]},{"@type":"WebSite","@id":"https:\/\/www.sinchisinchi.com\/de\/#website","url":"https:\/\/www.sinchisinchi.com\/de\/","name":"SINCHI","description":"Sinchi Medicine","publisher":{"@id":"https:\/\/www.sinchisinchi.com\/de\/#organization"},"potentialAction":[{"@type":"SearchAction","target":{"@type":"EntryPoint","urlTemplate":"https:\/\/www.sinchisinchi.com\/de\/?s={search_term_string}"},"query-input":{"@type":"PropertyValueSpecification","valueRequired":true,"valueName":"search_term_string"}}],"inLanguage":"de"},{"@type":"Organization","@id":"https:\/\/www.sinchisinchi.com\/de\/#organization","name":"SINCHI S.L","url":"https:\/\/www.sinchisinchi.com\/de\/","logo":{"@type":"ImageObject","inLanguage":"de","@id":"https:\/\/www.sinchisinchi.com\/de\/#\/schema\/logo\/image\/","url":"https:\/\/www.sinchisinchi.com\/wp-content\/uploads\/2026\/01\/3b-Verde-SIMPLIFICADO-HORIZONTAL-F-TRANSPARENTE-scaled.png","contentUrl":"https:\/\/www.sinchisinchi.com\/wp-content\/uploads\/2026\/01\/3b-Verde-SIMPLIFICADO-HORIZONTAL-F-TRANSPARENTE-scaled.png","width":2560,"height":457,"caption":"SINCHI S.L"},"image":{"@id":"https:\/\/www.sinchisinchi.com\/de\/#\/schema\/logo\/image\/"},"sameAs":["https:\/\/www.facebook.com\/sinchirape\/","https:\/\/www.instagram.com\/sinchi_rape\/"]}]}},"_links":{"self":[{"href":"https:\/\/www.sinchisinchi.com\/de\/wp-json\/wp\/v2\/pages\/22042","targetHints":{"allow":["GET"]}}],"collection":[{"href":"https:\/\/www.sinchisinchi.com\/de\/wp-json\/wp\/v2\/pages"}],"about":[{"href":"https:\/\/www.sinchisinchi.com\/de\/wp-json\/wp\/v2\/types\/page"}],"author":[{"embeddable":true,"href":"https:\/\/www.sinchisinchi.com\/de\/wp-json\/wp\/v2\/users\/1"}],"replies":[{"embeddable":true,"href":"https:\/\/www.sinchisinchi.com\/de\/wp-json\/wp\/v2\/comments?post=22042"}],"version-history":[{"count":4,"href":"https:\/\/www.sinchisinchi.com\/de\/wp-json\/wp\/v2\/pages\/22042\/revisions"}],"predecessor-version":[{"id":30166,"href":"https:\/\/www.sinchisinchi.com\/de\/wp-json\/wp\/v2\/pages\/22042\/revisions\/30166"}],"up":[{"embeddable":true,"href":"https:\/\/www.sinchisinchi.com\/de\/wp-json\/wp\/v2\/pages\/24241"}],"wp:attachment":[{"href":"https:\/\/www.sinchisinchi.com\/de\/wp-json\/wp\/v2\/media?parent=22042"}],"curies":[{"name":"wp","href":"https:\/\/api.w.org\/{rel}","templated":true}]}}