{"id":26088,"date":"2025-02-21T16:22:25","date_gmt":"2025-02-21T16:22:25","guid":{"rendered":"https:\/\/www.sinchisinchi.com\/wissen\/amazonische-staemme\/yawanawa\/weltanschauung\/"},"modified":"2026-03-04T14:01:53","modified_gmt":"2026-03-04T14:01:53","slug":"weltanschauung","status":"publish","type":"page","link":"https:\/\/www.sinchisinchi.com\/de\/staemme\/yawanawa\/weltanschauung\/","title":{"rendered":"Weltanschauung"},"content":{"rendered":"\n<h1 style=\"text-align: center;\"><strong>Weltanschauung und Spiritualit\u00e4t<\/strong><\/h1>\n<p>Die Yawanaw\u00e1 sind Gemeinschaften, die hundertprozentig von der Natur abh\u00e4ngig sind. Sie selbst sagen: \u201eWir leben von der Jagd und der Fischerei und bauen unsere eigenen H\u00e4user und Transportmittel. Unsere Beziehung ist von Respekt, Harmonie und Gegenseitigkeit gepr\u00e4gt. \u201eDenn was wir der Erde nehmen, geben wir zur\u00fcck\u201c \u2013 Tashka Yawanaw\u00e1, junge Anf\u00fchrerin eines Yawanaw\u00e1-Dorfes.<\/p>\n\t<div class=\"img has-hover x md-x lg-x y md-y lg-y\" id=\"image_562249688\">\n\t\t\t\t\t\t\t\t<div class=\"img-inner dark\" >\n\t\t\t<img loading=\"lazy\" decoding=\"async\" width=\"1020\" height=\"574\" src=\"https:\/\/www.sinchisinchi.com\/wp-content\/uploads\/2025\/01\/8-Tribu-Yawanawa13-1024x576.png\" class=\"attachment-large size-large\" alt=\"\" srcset=\"https:\/\/www.sinchisinchi.com\/wp-content\/uploads\/2025\/01\/8-Tribu-Yawanawa13-1024x576.png 1024w, https:\/\/www.sinchisinchi.com\/wp-content\/uploads\/2025\/01\/8-Tribu-Yawanawa13-600x337.png 600w, https:\/\/www.sinchisinchi.com\/wp-content\/uploads\/2025\/01\/8-Tribu-Yawanawa13-768x432.png 768w, https:\/\/www.sinchisinchi.com\/wp-content\/uploads\/2025\/01\/8-Tribu-Yawanawa13-1536x864.png 1536w, https:\/\/www.sinchisinchi.com\/wp-content\/uploads\/2025\/01\/8-Tribu-Yawanawa13-247x139.png 247w, https:\/\/www.sinchisinchi.com\/wp-content\/uploads\/2025\/01\/8-Tribu-Yawanawa13-510x287.png 510w, https:\/\/www.sinchisinchi.com\/wp-content\/uploads\/2025\/01\/8-Tribu-Yawanawa13.png 1837w\" sizes=\"auto, (max-width: 1020px) 100vw, 1020px\" \/>\t\t\t\t\t\t\n\t\t\t\t\t<\/div>\n\t\t\t\t\t\t\t\t\n<style>\n#image_562249688 {\n  width: 100%;\n}\n<\/style>\n\t<\/div>\n\t\n\n\t<div id=\"gap-2093907741\" class=\"gap-element clearfix\" style=\"display:block; height:auto;\">\n\t\t\n<style>\n#gap-2093907741 {\n  padding-top: 30px;\n}\n<\/style>\n\t<\/div>\n\t\n\n<p>\u201eWir, die indigenen V\u00f6lker, die im Dschungel leben, stehen in st\u00e4ndiger Verbindung mit der Spiritualit\u00e4t, denn die Manifestation des Sch\u00f6pfers ist die Natur selbst. Deshalb h\u00f6ren und schauen wir jeden Tag zu. Wir stehen in vollem Kontakt mit der Spiritualit\u00e4t. &#8222;Wir haben eine Zeremonie, die wie ein Dankesch\u00f6n an Mutter Erde f\u00fcr alles ist, was sie uns gegeben hat. Wir singen unsere Lieder und lassen unsere Gesichter bemalen&#8220;, f\u00fcgt Tashka hinzu.<\/p>\n<p>Alle ihre Aktivit\u00e4ten sowie ihre soziale und wirtschaftliche Struktur sind in eine spirituelle Vision eingebettet, die vollst\u00e4ndig mit dem Dschungel verbunden ist. \u201eUnser Land ist unsere Heimat, unser Freund und unser Kamerad. Wir respektieren unser Land sehr und wir haben die Verantwortung, darauf aufzupassen.\u201c Sagt ein junger Yawanaw\u00e1.<\/p>\n<p>Sie sind gemeinsam mit den \u00fcbrigen indigenen V\u00f6lkern des Amazonasgebiets f\u00fcr die Erhaltung der Lunge der Erde, des Amazonas, verantwortlich. Aus diesem Grund pflegen sie eine Beziehung der Verbundenheit und Harmonie mit dem Dschungel, die sich in ihrer Kleidung, ihrem Kopfschmuck aus Ara- und Harpyienfedern und ihren T\u00e4towierungen mit verschiedenen Pigmenten widerspiegelt, die Muster des Dschungels oder seiner m\u00e4chtigen Tiere imitieren. Auch in ihrer Bau- und Landwirtschaftsweise respektieren sie stets die Umwelt, in der sie leben, und integrieren sich in diese als weiteres Lebewesen in ihr \u00d6kosystem.<\/p>\n<p>&nbsp;<\/p>\n<div class=\"row\"  id=\"row-1407716183\">\n\n\n\t<div id=\"col-1867649640\" class=\"col medium-1 small-12 large-1\"  >\n\t\t\t\t<div class=\"col-inner\"  >\n\t\t\t\n\t\t\t\n\n\n\t\t<\/div>\n\t\t\t\t\t<\/div>\n\n\t\n\n\t<div id=\"col-923383410\" class=\"col medium-10 small-12 large-10\"  >\n\t\t\t\t<div class=\"col-inner\"  >\n\t\t\t\n\t\t\t\n\n\t<div class=\"img has-hover x md-x lg-x y md-y lg-y\" id=\"image_153423957\">\n\t\t\t\t\t\t\t\t<div class=\"img-inner dark\" >\n\t\t\t<img loading=\"lazy\" decoding=\"async\" width=\"1020\" height=\"318\" src=\"https:\/\/www.sinchisinchi.com\/wp-content\/uploads\/2025\/01\/3-Tribu-Yawanawa4-1024x319.jpeg\" class=\"attachment-large size-large\" alt=\"\" srcset=\"https:\/\/www.sinchisinchi.com\/wp-content\/uploads\/2025\/01\/3-Tribu-Yawanawa4-1024x319.jpeg 1024w, https:\/\/www.sinchisinchi.com\/wp-content\/uploads\/2025\/01\/3-Tribu-Yawanawa4-600x187.jpeg 600w, https:\/\/www.sinchisinchi.com\/wp-content\/uploads\/2025\/01\/3-Tribu-Yawanawa4-768x240.jpeg 768w, https:\/\/www.sinchisinchi.com\/wp-content\/uploads\/2025\/01\/3-Tribu-Yawanawa4-1536x479.jpeg 1536w, https:\/\/www.sinchisinchi.com\/wp-content\/uploads\/2025\/01\/3-Tribu-Yawanawa4-247x77.jpeg 247w, https:\/\/www.sinchisinchi.com\/wp-content\/uploads\/2025\/01\/3-Tribu-Yawanawa4-510x159.jpeg 510w, https:\/\/www.sinchisinchi.com\/wp-content\/uploads\/2025\/01\/3-Tribu-Yawanawa4.jpeg 1920w\" sizes=\"auto, (max-width: 1020px) 100vw, 1020px\" \/>\t\t\t\t\t\t\n\t\t\t\t\t<\/div>\n\t\t\t\t\t\t\t\t\n<style>\n#image_153423957 {\n  width: 100%;\n}\n<\/style>\n\t<\/div>\n\t\n\n\n\t\t<\/div>\n\t\t\t\t\t<\/div>\n\n\t\n\n\t<div id=\"col-1663681295\" class=\"col medium-1 small-12 large-1\"  >\n\t\t\t\t<div class=\"col-inner\"  >\n\t\t\t\n\t\t\t\n\n\n\t\t<\/div>\n\t\t\t\t\t<\/div>\n\n\t\n\n<\/div>\n<p>Wenn sie uns ihre Weltanschauung erkl\u00e4ren, sprechen sie von \u201eWak\u00e1n\u201c, was sie mit \u201eSeele\u201c oder \u201eSchatten\u201c \u00fcbersetzen. \u201eWak\u00e1n\u201c stellt die Lebenskraft der Lebewesen dar; Menschen, Tiere und Pflanzen. Wir k\u00f6nnen daher sagen, dass die Yawanaw\u00e1, wie die meisten indigenen V\u00f6lker, eine animistische Weltanschauung haben.<\/p>\n<p>Es ist schwer zu sagen, ob es sich hierbei um eine originelle Auffassung handelt oder ob sie vielleicht durch die fast drei Jahrhunderte w\u00e4hrende Unterwerfung unter den Katholizismus beeinflusst ist.<\/p>\n<p>Ebenso verleihen sie einigen Wesen au\u00dfergew\u00f6hnliche Kr\u00e4fte und verg\u00f6ttlichen den Mond, die Sonne, die Sterne, den Regen, die Schlange, den Jaguar; immer beherrscht von der allgegenw\u00e4rtigen Kraft von Mutter Dschungel, der \u201eFloresta\u201c.<\/p>\n<p>F\u00fcr die Yawanaw\u00e1 sind Tr\u00e4ume von \u00e4u\u00dferster Wichtigkeit. Sie sind Zeichen, die uns sagen, wie wir handeln sollen. Es kommt h\u00e4ufig vor, dass sehr wichtige Entscheidungen auf der Grundlage der \u201evision\u00e4ren\u201c Tr\u00e4ume eines Stammesmitglieds (insbesondere wenn es sich dabei um den Schamanen handelt) getroffen werden.<\/p>\n<div class=\"row\"  id=\"row-284152854\">\n\n\n\t<div id=\"col-2125001048\" class=\"col medium-2 small-12 large-2\"  >\n\t\t\t\t<div class=\"col-inner\"  >\n\t\t\t\n\t\t\t\n\n\n\t\t<\/div>\n\t\t\t\t\t<\/div>\n\n\t\n\n\t<div id=\"col-2098043619\" class=\"col medium-8 small-12 large-8\"  >\n\t\t\t\t<div class=\"col-inner\"  >\n\t\t\t\n\t\t\t\n\n<div class=\"video video-fit mb\" style=\"padding-top:56.25%;\"><iframe loading=\"lazy\" title=\"Matsini Yawanawa\" width=\"1020\" height=\"574\" src=\"https:\/\/www.youtube.com\/embed\/Jk4qHI6XHBs?feature=oembed&#038;enablejsapi=1&#038;origin=https:\/\/www.sinchisinchi.com\" frameborder=\"0\" allow=\"accelerometer; autoplay; clipboard-write; encrypted-media; gyroscope; picture-in-picture; web-share\" referrerpolicy=\"strict-origin-when-cross-origin\" allowfullscreen><\/iframe><\/div>\n\n\n\t\t<\/div>\n\t\t\t\t\t<\/div>\n\n\t\n\n\t<div id=\"col-159648123\" class=\"col medium-2 small-12 large-2\"  >\n\t\t\t\t<div class=\"col-inner\"  >\n\t\t\t\n\t\t\t\n\n\n\t\t<\/div>\n\t\t\t\t\t<\/div>\n\n\t\n\n<\/div>\n<p>In einem TED-Vortrag beschreibt ein junger Mann vom Volk der Yawanaw\u00e1 die Weltanschauung seines Volkes in Bezug auf heilige Medizin: \u201eWir verwenden bei Zeremonien heilige Pflanzen, um mit dem Wald zu kommunizieren. Mit Ayahuasca k\u00f6nnen Sie sehen, wie das Leben ist, angefangen bei sich selbst. Sie k\u00f6nnen einen Blick auf Ihren Geist werfen und verstehen, warum Sie auf diese Welt gekommen sind. Doch dazu reicht es nicht, dieses Getr\u00e4nk zu trinken, Sie m\u00fcssen auch daran glauben.\u201c Und er f\u00fcgt hinzu: \u201eWenn ein Schamane nach einer Pflanze sucht, mit der er jemanden heilen kann, sagt er zuerst zu der Pflanze: \u201aIch werde dich benutzen, um mein Volk zu heilen.\u2018 Wenn er es nicht sagen w\u00fcrde, h\u00e4tte die Pflanze von selbst keine Wirkung.\u201c<\/p>\n<p>Die Yawanaw\u00e1 sind uralte Experten in der Zubereitung und Verwendung von Ayahuasca, einem halluzinogenen Getr\u00e4nk aus dem Sud zweier Pflanzen, die nur im Amazonasgebiet wachsen und eines der wirksamsten traditionellen Heilmittel der Amazonasv\u00f6lker sind.<\/p>\n<p>Seit Urzeiten, f\u00e4hrt der junge Mann fort, verwenden wir Rum\u00ea (eine Art Schnupftabak aus der Rinde des Tsun\u00fa-Baums) als Teil unserer Tradition und Kultur. Normalerweise verwenden wir Rum\u00ea w\u00e4hrend unserer heiligen Zeremonien mit Ayahuasca, die wir Uni nennen.\u201c<\/p>\n<p>&nbsp;<\/p>\n<div class=\"row\"  id=\"row-1836483297\">\n\n\n\t<div id=\"col-1462876308\" class=\"col small-12 large-12\"  >\n\t\t\t\t<div class=\"col-inner\"  >\n\t\t\t\n\t\t\t\n\n<div class=\"video video-fit mb\" style=\"padding-top:56.25%;\"><p><iframe loading=\"lazy\" title=\"We are all connected with nature: Nixiwaka Yawanawa at TEDxHackney\" width=\"1020\" height=\"574\" src=\"https:\/\/www.youtube.com\/embed\/xk0-yebNA_o?feature=oembed&#038;enablejsapi=1&#038;origin=https:\/\/www.sinchisinchi.com\" frameborder=\"0\" allow=\"accelerometer; autoplay; clipboard-write; encrypted-media; gyroscope; picture-in-picture; web-share\" referrerpolicy=\"strict-origin-when-cross-origin\" allowfullscreen><\/iframe><\/p>\n<\/div>\n\n\t<div id=\"gap-1143005515\" class=\"gap-element clearfix\" style=\"display:block; height:auto;\">\n\t\t\n<style>\n#gap-1143005515 {\n  padding-top: 30px;\n}\n<\/style>\n\t<\/div>\n\t\n\n\n\t\t<\/div>\n\t\t\t\t\t<\/div>\n\n\t\n\n<\/div>\n<h2 style=\"text-align: center;\">Bira Yawanaw\u00e1<\/h2>\n<p>Biraci Brasil Nixiwak\u00e1, von allen Bira genannt, ist um die 60 Jahre alt und ein politischer und spiritueller F\u00fchrer der Yawanaw\u00e1, H\u00e4uptling des Heiligen Dorfes. Er ist nicht nur f\u00fcr alle Mitglieder des Stammes eine Kultfigur, sondern auch f\u00fcr die indigene Bewegung seines Landes.<\/p>\n<p>Im Alter von 18 Jahren beteiligte sich Bira an einem politischen und sozialen Kampf zur Erhaltung seiner Gebiete und seiner Kultur und vertrieb Kautschukzapfer und Missionare aus seinen Gebieten.<\/p>\n<p>Bira erz\u00e4hlt uns von seiner spirituellen Vision des Dschungels: \u201eSo wie die Christen die Bibel und die Muslime den Koran haben, ist dieser Wald f\u00fcr die Ureinwohner, die Menschen des Dschungels, die indigenen V\u00f6lker unsere heilige Bibel.\u201c<\/p>\n<p>Bira bekannte, dass er die Wissenschaft bewundere und den Westen f\u00fcr seine Entwicklungsfortschritte und neuen Technologien anerkenne. Doch wenn es um heilige Pflanzen und das Wissen aus der Natur geht, sind sie die Autorit\u00e4ten: diejenigen, die seit Tausenden von Jahren im gr\u00f6\u00dften Tropenwald der Welt leben.<\/p>\n<p>\u201eWir, die indigenen V\u00f6lker \u2026 wissen, wie man die Sprache der V\u00f6gel, der B\u00e4ume und der Fische spricht. Wir kennen die Heilpflanzen, die heiligen Pflanzen. Wir kennen die Namen dieser Pflanzen. Wir k\u00f6nnten das f\u00fcr die Menschheit \u00fcbersetzen.\u201c<\/p>\n<div class=\"video video-fit mb\" style=\"padding-top:56.25%;\"><p><iframe loading=\"lazy\" title=\"Indigenous wisdom - Bira YAWANAWA\u0301 (port. english)\" width=\"1020\" height=\"574\" src=\"https:\/\/www.youtube.com\/embed\/mPbDC6EBhrQ?feature=oembed&#038;enablejsapi=1&#038;origin=https:\/\/www.sinchisinchi.com\" frameborder=\"0\" allow=\"accelerometer; autoplay; clipboard-write; encrypted-media; gyroscope; picture-in-picture; web-share\" referrerpolicy=\"strict-origin-when-cross-origin\" allowfullscreen><\/iframe><\/p>\n<\/div>\n\n<p>Bira sagt, er wisse, dass das kapitalistische System nicht zum Stillstand kommen werde, dass die St\u00e4dte sich weiter entwickeln und wachsen w\u00fcrden und dass mit ihnen auch neue Bed\u00fcrfnisse entstehen w\u00fcrden. \u201eWir m\u00fcssen etwas parallel zu diesem System aufbauen, ohne jedoch das andere auszuschlie\u00dfen. Es ist m\u00f6glich, Technologie zu nutzen, an der Wirtschaft teilzunehmen und gleichzeitig den Wald zu erhalten. \u201eBewahren Sie unsere Kultur und leben Sie in Frieden im Dorf.\u201c Die Aufgabe der Amazonasv\u00f6lker, den Wald zu sch\u00fctzen, ist von grundlegender Bedeutung f\u00fcr die Menschheit.<\/p>\n<p>In diesem Sinne kennen die Yawanaw\u00e1, insbesondere die Schamanen, die um die Welt gereist sind, die Lebensweise in westlichen L\u00e4ndern sehr gut. Man sagt, die Geister Europas schlafen. Deshalb ist so viel vom Erwachen die Rede: Laut der Weltanschauung der Yawanaw\u00e1 sind wir Menschen daf\u00fcr verantwortlich, die Geister zu erwecken, uns gegenseitig aufzuwecken.<\/p>\n<p>Daher haben sie es sich zur Aufgabe gemacht, ihre eigene Medizin mit der westlichen Welt zu teilen. Ihre Zeremonien m\u00f6gen in der westlichen Welt sehr massiv erscheinen, aber auf diese Weise geben sie mehr Menschen die M\u00f6glichkeit, sich zu erinnern, ihren eigenen Geist zu finden und zu erwachen.<\/p>\n<div class=\"row\"  id=\"row-1356052253\">\n\n\n\t<div id=\"col-190917400\" class=\"col medium-6 small-12 large-6\"  >\n\t\t\t\t<div class=\"col-inner\"  >\n\t\t\t\n\t\t\t\n\n\t<div class=\"img has-hover x md-x lg-x y md-y lg-y\" id=\"image_537963534\">\n\t\t\t\t\t\t\t\t<div class=\"img-inner image-cover dark\" style=\"padding-top:75%;\">\n\t\t\t<img loading=\"lazy\" decoding=\"async\" width=\"1020\" height=\"787\" src=\"https:\/\/www.sinchisinchi.com\/wp-content\/uploads\/2025\/01\/B-Tribu-Yawanawa17.jpeg\" class=\"attachment-large size-large\" alt=\"\" srcset=\"https:\/\/www.sinchisinchi.com\/wp-content\/uploads\/2025\/01\/B-Tribu-Yawanawa17.jpeg 1024w, https:\/\/www.sinchisinchi.com\/wp-content\/uploads\/2025\/01\/B-Tribu-Yawanawa17-600x463.jpeg 600w, https:\/\/www.sinchisinchi.com\/wp-content\/uploads\/2025\/01\/B-Tribu-Yawanawa17-768x593.jpeg 768w, https:\/\/www.sinchisinchi.com\/wp-content\/uploads\/2025\/01\/B-Tribu-Yawanawa17-247x191.jpeg 247w, https:\/\/www.sinchisinchi.com\/wp-content\/uploads\/2025\/01\/B-Tribu-Yawanawa17-510x393.jpeg 510w\" sizes=\"auto, (max-width: 1020px) 100vw, 1020px\" \/>\t\t\t\t\t\t\n\t\t\t\t\t<\/div>\n\t\t\t\t\t\t\t\t\n<style>\n#image_537963534 {\n  width: 100%;\n}\n<\/style>\n\t<\/div>\n\t\n\n\n\t\t<\/div>\n\t\t\t\t\t<\/div>\n\n\t\n\n\t<div id=\"col-691656463\" class=\"col medium-6 small-12 large-6\"  >\n\t\t\t\t<div class=\"col-inner\"  >\n\t\t\t\n\t\t\t\n\n\t<div class=\"img has-hover x md-x lg-x y md-y lg-y\" id=\"image_1196686604\">\n\t\t\t\t\t\t\t\t<div class=\"img-inner image-cover dark\" style=\"padding-top:75%;\">\n\t\t\t<img loading=\"lazy\" decoding=\"async\" width=\"1020\" height=\"680\" src=\"https:\/\/www.sinchisinchi.com\/wp-content\/uploads\/2025\/01\/B-Tribu-Yawanawa14-1024x683.jpeg\" class=\"attachment-large size-large\" alt=\"\" srcset=\"https:\/\/www.sinchisinchi.com\/wp-content\/uploads\/2025\/01\/B-Tribu-Yawanawa14-1024x683.jpeg 1024w, https:\/\/www.sinchisinchi.com\/wp-content\/uploads\/2025\/01\/B-Tribu-Yawanawa14-600x400.jpeg 600w, https:\/\/www.sinchisinchi.com\/wp-content\/uploads\/2025\/01\/B-Tribu-Yawanawa14-768x512.jpeg 768w, https:\/\/www.sinchisinchi.com\/wp-content\/uploads\/2025\/01\/B-Tribu-Yawanawa14-1536x1024.jpeg 1536w, https:\/\/www.sinchisinchi.com\/wp-content\/uploads\/2025\/01\/B-Tribu-Yawanawa14-247x165.jpeg 247w, https:\/\/www.sinchisinchi.com\/wp-content\/uploads\/2025\/01\/B-Tribu-Yawanawa14-510x340.jpeg 510w, https:\/\/www.sinchisinchi.com\/wp-content\/uploads\/2025\/01\/B-Tribu-Yawanawa14.jpeg 1890w\" sizes=\"auto, (max-width: 1020px) 100vw, 1020px\" \/>\t\t\t\t\t\t\n\t\t\t\t\t<\/div>\n\t\t\t\t\t\t\t\t\n<style>\n#image_1196686604 {\n  width: 100%;\n}\n<\/style>\n\t<\/div>\n\t\n\n\n\t\t<\/div>\n\t\t\t\t\t<\/div>\n\n\t\n\n<\/div>\n<p>\u201eIch denke, dass die westliche Welt vielleicht von uns lernen kann, ein harmonischeres Leben im Frieden mit unserer Umwelt zu f\u00fchren, indem sie das Wissen der Yawanaw\u00e1 mit westlichen Ideen verbindet.\u201c -Birne.<\/p>\n<a href=\"https:\/\/www.sinchisinchi.com\/de\/staemme\/yawanawa\/herausforderungen\/\" class=\"button primary is-underline expand\" style=\"border-radius:9px;\">\n\t\t<span>Yawanaw\u00e1-Herausforderungen<\/span>\n\t<\/a>\n\n\n\n","protected":false},"excerpt":{"rendered":"","protected":false},"author":1,"featured_media":0,"parent":3160,"menu_order":0,"comment_status":"closed","ping_status":"closed","template":"","meta":{"_joinchat":[],"footnotes":""},"class_list":["post-26088","page","type-page","status-publish","hentry"],"yoast_head":"<!-- This site is optimized with the Yoast SEO plugin v27.4 - https:\/\/yoast.com\/product\/yoast-seo-wordpress\/ -->\n<title>Der Yawanaw\u00e1-Stamm: Leben und Weltanschauung<\/title>\n<meta name=\"description\" content=\"In der Weltanschauung der Yawanaw\u00e1 ist von \u201eWak\u00e1n\u201c die Rede, was sie mit Seele \u00fcbersetzen. F\u00fcr sie stellt es die Lebenskraft jedes Lebewesens dar.\" \/>\n<meta name=\"robots\" content=\"index, follow, max-snippet:-1, max-image-preview:large, max-video-preview:-1\" \/>\n<link rel=\"canonical\" href=\"https:\/\/www.sinchisinchi.com\/de\/staemme\/yawanawa\/weltanschauung\/\" \/>\n<meta property=\"og:locale\" content=\"de_DE\" \/>\n<meta property=\"og:type\" content=\"article\" \/>\n<meta property=\"og:title\" content=\"Der Yawanaw\u00e1-Stamm: Leben und Weltanschauung\" \/>\n<meta property=\"og:description\" content=\"In der Weltanschauung der Yawanaw\u00e1 ist von \u201eWak\u00e1n\u201c die Rede, was sie mit Seele \u00fcbersetzen. F\u00fcr sie stellt es die Lebenskraft jedes Lebewesens dar.\" \/>\n<meta property=\"og:url\" content=\"https:\/\/www.sinchisinchi.com\/de\/staemme\/yawanawa\/weltanschauung\/\" \/>\n<meta property=\"og:site_name\" content=\"SINCHI RAP\u00c9\" \/>\n<meta property=\"article:publisher\" content=\"https:\/\/www.facebook.com\/sinchirape\/\" \/>\n<meta property=\"article:modified_time\" content=\"2026-03-04T14:01:53+00:00\" \/>\n<meta name=\"twitter:card\" content=\"summary_large_image\" \/>\n<meta name=\"twitter:label1\" content=\"Gesch\u00e4tzte Lesezeit\" \/>\n\t<meta name=\"twitter:data1\" content=\"6\u00a0Minuten\" \/>\n<script type=\"application\/ld+json\" class=\"yoast-schema-graph\">{\"@context\":\"https:\\\/\\\/schema.org\",\"@graph\":[{\"@type\":\"WebPage\",\"@id\":\"https:\\\/\\\/www.sinchisinchi.com\\\/de\\\/staemme\\\/yawanawa\\\/weltanschauung\\\/\",\"url\":\"https:\\\/\\\/www.sinchisinchi.com\\\/de\\\/staemme\\\/yawanawa\\\/weltanschauung\\\/\",\"name\":\"Der Yawanaw\u00e1-Stamm: Leben und Weltanschauung\",\"isPartOf\":{\"@id\":\"https:\\\/\\\/www.sinchisinchi.com\\\/de\\\/#website\"},\"datePublished\":\"2025-02-21T16:22:25+00:00\",\"dateModified\":\"2026-03-04T14:01:53+00:00\",\"description\":\"In der Weltanschauung der Yawanaw\u00e1 ist von \u201eWak\u00e1n\u201c die Rede, was sie mit Seele \u00fcbersetzen. F\u00fcr sie stellt es die Lebenskraft jedes Lebewesens dar.\",\"breadcrumb\":{\"@id\":\"https:\\\/\\\/www.sinchisinchi.com\\\/de\\\/staemme\\\/yawanawa\\\/weltanschauung\\\/#breadcrumb\"},\"inLanguage\":\"de\",\"potentialAction\":[{\"@type\":\"ReadAction\",\"target\":[\"https:\\\/\\\/www.sinchisinchi.com\\\/de\\\/staemme\\\/yawanawa\\\/weltanschauung\\\/\"]}]},{\"@type\":\"BreadcrumbList\",\"@id\":\"https:\\\/\\\/www.sinchisinchi.com\\\/de\\\/staemme\\\/yawanawa\\\/weltanschauung\\\/#breadcrumb\",\"itemListElement\":[{\"@type\":\"ListItem\",\"position\":1,\"name\":\"Titelseite\",\"item\":\"https:\\\/\\\/www.sinchisinchi.com\\\/de\\\/\"},{\"@type\":\"ListItem\",\"position\":2,\"name\":\"Amazonische St\u00e4mme\",\"item\":\"https:\\\/\\\/www.sinchisinchi.com\\\/de\\\/staemme\\\/\"},{\"@type\":\"ListItem\",\"position\":3,\"name\":\"Yawanaw\u00e1\",\"item\":\"https:\\\/\\\/www.sinchisinchi.com\\\/de\\\/staemme\\\/yawanawa\\\/\"},{\"@type\":\"ListItem\",\"position\":4,\"name\":\"Weltanschauung\"}]},{\"@type\":\"WebSite\",\"@id\":\"https:\\\/\\\/www.sinchisinchi.com\\\/de\\\/#website\",\"url\":\"https:\\\/\\\/www.sinchisinchi.com\\\/de\\\/\",\"name\":\"SINCHI\",\"description\":\"Sinchi Medicine\",\"publisher\":{\"@id\":\"https:\\\/\\\/www.sinchisinchi.com\\\/de\\\/#organization\"},\"potentialAction\":[{\"@type\":\"SearchAction\",\"target\":{\"@type\":\"EntryPoint\",\"urlTemplate\":\"https:\\\/\\\/www.sinchisinchi.com\\\/de\\\/?s={search_term_string}\"},\"query-input\":{\"@type\":\"PropertyValueSpecification\",\"valueRequired\":true,\"valueName\":\"search_term_string\"}}],\"inLanguage\":\"de\"},{\"@type\":\"Organization\",\"@id\":\"https:\\\/\\\/www.sinchisinchi.com\\\/de\\\/#organization\",\"name\":\"SINCHI S.L\",\"url\":\"https:\\\/\\\/www.sinchisinchi.com\\\/de\\\/\",\"logo\":{\"@type\":\"ImageObject\",\"inLanguage\":\"de\",\"@id\":\"https:\\\/\\\/www.sinchisinchi.com\\\/de\\\/#\\\/schema\\\/logo\\\/image\\\/\",\"url\":\"https:\\\/\\\/www.sinchisinchi.com\\\/wp-content\\\/uploads\\\/2026\\\/01\\\/3b-Verde-SIMPLIFICADO-HORIZONTAL-F-TRANSPARENTE-scaled.png\",\"contentUrl\":\"https:\\\/\\\/www.sinchisinchi.com\\\/wp-content\\\/uploads\\\/2026\\\/01\\\/3b-Verde-SIMPLIFICADO-HORIZONTAL-F-TRANSPARENTE-scaled.png\",\"width\":2560,\"height\":457,\"caption\":\"SINCHI S.L\"},\"image\":{\"@id\":\"https:\\\/\\\/www.sinchisinchi.com\\\/de\\\/#\\\/schema\\\/logo\\\/image\\\/\"},\"sameAs\":[\"https:\\\/\\\/www.facebook.com\\\/sinchirape\\\/\",\"https:\\\/\\\/www.instagram.com\\\/sinchi_rape\\\/\"]}]}<\/script>\n<!-- \/ Yoast SEO plugin. -->","yoast_head_json":{"title":"Der Yawanaw\u00e1-Stamm: Leben und Weltanschauung","description":"In der Weltanschauung der Yawanaw\u00e1 ist von \u201eWak\u00e1n\u201c die Rede, was sie mit Seele \u00fcbersetzen. F\u00fcr sie stellt es die Lebenskraft jedes Lebewesens dar.","robots":{"index":"index","follow":"follow","max-snippet":"max-snippet:-1","max-image-preview":"max-image-preview:large","max-video-preview":"max-video-preview:-1"},"canonical":"https:\/\/www.sinchisinchi.com\/de\/staemme\/yawanawa\/weltanschauung\/","og_locale":"de_DE","og_type":"article","og_title":"Der Yawanaw\u00e1-Stamm: Leben und Weltanschauung","og_description":"In der Weltanschauung der Yawanaw\u00e1 ist von \u201eWak\u00e1n\u201c die Rede, was sie mit Seele \u00fcbersetzen. F\u00fcr sie stellt es die Lebenskraft jedes Lebewesens dar.","og_url":"https:\/\/www.sinchisinchi.com\/de\/staemme\/yawanawa\/weltanschauung\/","og_site_name":"SINCHI RAP\u00c9","article_publisher":"https:\/\/www.facebook.com\/sinchirape\/","article_modified_time":"2026-03-04T14:01:53+00:00","twitter_card":"summary_large_image","twitter_misc":{"Gesch\u00e4tzte Lesezeit":"6\u00a0Minuten"},"schema":{"@context":"https:\/\/schema.org","@graph":[{"@type":"WebPage","@id":"https:\/\/www.sinchisinchi.com\/de\/staemme\/yawanawa\/weltanschauung\/","url":"https:\/\/www.sinchisinchi.com\/de\/staemme\/yawanawa\/weltanschauung\/","name":"Der Yawanaw\u00e1-Stamm: Leben und Weltanschauung","isPartOf":{"@id":"https:\/\/www.sinchisinchi.com\/de\/#website"},"datePublished":"2025-02-21T16:22:25+00:00","dateModified":"2026-03-04T14:01:53+00:00","description":"In der Weltanschauung der Yawanaw\u00e1 ist von \u201eWak\u00e1n\u201c die Rede, was sie mit Seele \u00fcbersetzen. F\u00fcr sie stellt es die Lebenskraft jedes Lebewesens dar.","breadcrumb":{"@id":"https:\/\/www.sinchisinchi.com\/de\/staemme\/yawanawa\/weltanschauung\/#breadcrumb"},"inLanguage":"de","potentialAction":[{"@type":"ReadAction","target":["https:\/\/www.sinchisinchi.com\/de\/staemme\/yawanawa\/weltanschauung\/"]}]},{"@type":"BreadcrumbList","@id":"https:\/\/www.sinchisinchi.com\/de\/staemme\/yawanawa\/weltanschauung\/#breadcrumb","itemListElement":[{"@type":"ListItem","position":1,"name":"Titelseite","item":"https:\/\/www.sinchisinchi.com\/de\/"},{"@type":"ListItem","position":2,"name":"Amazonische St\u00e4mme","item":"https:\/\/www.sinchisinchi.com\/de\/staemme\/"},{"@type":"ListItem","position":3,"name":"Yawanaw\u00e1","item":"https:\/\/www.sinchisinchi.com\/de\/staemme\/yawanawa\/"},{"@type":"ListItem","position":4,"name":"Weltanschauung"}]},{"@type":"WebSite","@id":"https:\/\/www.sinchisinchi.com\/de\/#website","url":"https:\/\/www.sinchisinchi.com\/de\/","name":"SINCHI","description":"Sinchi Medicine","publisher":{"@id":"https:\/\/www.sinchisinchi.com\/de\/#organization"},"potentialAction":[{"@type":"SearchAction","target":{"@type":"EntryPoint","urlTemplate":"https:\/\/www.sinchisinchi.com\/de\/?s={search_term_string}"},"query-input":{"@type":"PropertyValueSpecification","valueRequired":true,"valueName":"search_term_string"}}],"inLanguage":"de"},{"@type":"Organization","@id":"https:\/\/www.sinchisinchi.com\/de\/#organization","name":"SINCHI S.L","url":"https:\/\/www.sinchisinchi.com\/de\/","logo":{"@type":"ImageObject","inLanguage":"de","@id":"https:\/\/www.sinchisinchi.com\/de\/#\/schema\/logo\/image\/","url":"https:\/\/www.sinchisinchi.com\/wp-content\/uploads\/2026\/01\/3b-Verde-SIMPLIFICADO-HORIZONTAL-F-TRANSPARENTE-scaled.png","contentUrl":"https:\/\/www.sinchisinchi.com\/wp-content\/uploads\/2026\/01\/3b-Verde-SIMPLIFICADO-HORIZONTAL-F-TRANSPARENTE-scaled.png","width":2560,"height":457,"caption":"SINCHI S.L"},"image":{"@id":"https:\/\/www.sinchisinchi.com\/de\/#\/schema\/logo\/image\/"},"sameAs":["https:\/\/www.facebook.com\/sinchirape\/","https:\/\/www.instagram.com\/sinchi_rape\/"]}]}},"_links":{"self":[{"href":"https:\/\/www.sinchisinchi.com\/de\/wp-json\/wp\/v2\/pages\/26088","targetHints":{"allow":["GET"]}}],"collection":[{"href":"https:\/\/www.sinchisinchi.com\/de\/wp-json\/wp\/v2\/pages"}],"about":[{"href":"https:\/\/www.sinchisinchi.com\/de\/wp-json\/wp\/v2\/types\/page"}],"author":[{"embeddable":true,"href":"https:\/\/www.sinchisinchi.com\/de\/wp-json\/wp\/v2\/users\/1"}],"replies":[{"embeddable":true,"href":"https:\/\/www.sinchisinchi.com\/de\/wp-json\/wp\/v2\/comments?post=26088"}],"version-history":[{"count":2,"href":"https:\/\/www.sinchisinchi.com\/de\/wp-json\/wp\/v2\/pages\/26088\/revisions"}],"predecessor-version":[{"id":30112,"href":"https:\/\/www.sinchisinchi.com\/de\/wp-json\/wp\/v2\/pages\/26088\/revisions\/30112"}],"up":[{"embeddable":true,"href":"https:\/\/www.sinchisinchi.com\/de\/wp-json\/wp\/v2\/pages\/3160"}],"wp:attachment":[{"href":"https:\/\/www.sinchisinchi.com\/de\/wp-json\/wp\/v2\/media?parent=26088"}],"curies":[{"name":"wp","href":"https:\/\/api.w.org\/{rel}","templated":true}]}}