{"id":2709,"date":"2020-12-25T00:33:36","date_gmt":"2020-12-25T00:33:36","guid":{"rendered":"https:\/\/www.sinchisinchi.com\/zeremonie-schnupftabakschnupftabak\/"},"modified":"2026-03-04T20:13:22","modified_gmt":"2026-03-04T20:13:22","slug":"zeremonie","status":"publish","type":"page","link":"https:\/\/www.sinchisinchi.com\/de\/wissen\/was-ist-rape-schnupftabak\/zeremonie\/","title":{"rendered":"Zeremonie Rap\u00e9"},"content":{"rendered":"\n<h1 style=\"text-align: center;\">Das Rap\u00e9-Ritual<\/h1>\n<p>Im Norden Brasiliens nutzten die Ureinwohner Rap\u00e9 schon seit Jahrtausenden, lange vor der Ankunft des wei\u00dfen Mannes, als Medizin mit therapeutischem und spirituellem Nutzen.<\/p>\n<p>Rap\u00e9 ist eine uralte Medizin der Verbindung, ein m\u00e4chtiger Bewusstseinsver\u00e4nderer\/Entheogen, der die gewaltige Kraft besitzt, uns f\u00fcr h\u00f6here Dimensionen zu \u00f6ffnen, und daf\u00fcr wird er immer begleitet von einer kleinen Rap\u00e9zeremonie oder einem kleinen Ritual vor der Einnahme verwendet in dem wir eine reine und leuchtende Absicht hinterlegen.<\/p>\n<p>Rap\u00e9 ist eine kraftvolle und uralte M\u00f6glichkeit, das Gebet zu steigern und sich mit dem G\u00f6ttlichen zu verbinden. Es sollte immer auf einen spirituellen Zweck ausgerichtet sein, konzentriert sein, beten, Heilung oder spirituelle Verbindung suchen.<\/p>\n<p>So weit wie m\u00f6glich wird es in einer geeigneten Umgebung verwendet, idealerweise in der Natur, an einem sauberen Ort, frei von unn\u00f6tigen Gegenst\u00e4nden und anderen Ablenkungen.<\/p>\n<div class=\"row\"  id=\"row-348303837\">\n\n\n\t<div id=\"col-133590228\" class=\"col medium-6 small-12 large-6\"  >\n\t\t\t\t<div class=\"col-inner\"  >\n\t\t\t\n\t\t\t\n\n\t<div class=\"img has-hover x md-x lg-x y md-y lg-y\" id=\"image_526951410\">\n\t\t\t\t\t\t\t\t<div class=\"img-inner dark\" >\n\t\t\t<img loading=\"lazy\" decoding=\"async\" width=\"868\" height=\"563\" src=\"https:\/\/www.sinchisinchi.com\/wp-content\/uploads\/2024\/07\/R-dibujos-de-rape3-2.jpg\" class=\"attachment-large size-large\" alt=\"\" srcset=\"https:\/\/www.sinchisinchi.com\/wp-content\/uploads\/2024\/07\/R-dibujos-de-rape3-2.jpg 868w, https:\/\/www.sinchisinchi.com\/wp-content\/uploads\/2024\/07\/R-dibujos-de-rape3-2-600x389.jpg 600w, https:\/\/www.sinchisinchi.com\/wp-content\/uploads\/2024\/07\/R-dibujos-de-rape3-2-768x498.jpg 768w, https:\/\/www.sinchisinchi.com\/wp-content\/uploads\/2024\/07\/R-dibujos-de-rape3-2-247x160.jpg 247w, https:\/\/www.sinchisinchi.com\/wp-content\/uploads\/2024\/07\/R-dibujos-de-rape3-2-510x331.jpg 510w\" sizes=\"auto, (max-width: 868px) 100vw, 868px\" \/>\t\t\t\t\t\t\n\t\t\t\t\t<\/div>\n\t\t\t\t\t\t\t\t\n<style>\n#image_526951410 {\n  width: 100%;\n}\n<\/style>\n\t<\/div>\n\t\n\n\n\t\t<\/div>\n\t\t\t\t\t<\/div>\n\n\t\n\n\t<div id=\"col-1113458336\" class=\"col medium-6 small-12 large-6\"  >\n\t\t\t\t<div class=\"col-inner\"  >\n\t\t\t\n\t\t\t\n\n\t<div class=\"img has-hover x md-x lg-x y md-y lg-y\" id=\"image_1029218868\">\n\t\t\t\t\t\t\t\t<div class=\"img-inner dark\" >\n\t\t\t<img loading=\"lazy\" decoding=\"async\" width=\"868\" height=\"563\" src=\"https:\/\/www.sinchisinchi.com\/wp-content\/uploads\/2024\/07\/R-toma-de-rape1-2.jpg\" class=\"attachment-large size-large\" alt=\"\" srcset=\"https:\/\/www.sinchisinchi.com\/wp-content\/uploads\/2024\/07\/R-toma-de-rape1-2.jpg 868w, https:\/\/www.sinchisinchi.com\/wp-content\/uploads\/2024\/07\/R-toma-de-rape1-2-600x389.jpg 600w, https:\/\/www.sinchisinchi.com\/wp-content\/uploads\/2024\/07\/R-toma-de-rape1-2-768x498.jpg 768w, https:\/\/www.sinchisinchi.com\/wp-content\/uploads\/2024\/07\/R-toma-de-rape1-2-247x160.jpg 247w, https:\/\/www.sinchisinchi.com\/wp-content\/uploads\/2024\/07\/R-toma-de-rape1-2-510x331.jpg 510w\" sizes=\"auto, (max-width: 868px) 100vw, 868px\" \/>\t\t\t\t\t\t\n\t\t\t\t\t<\/div>\n\t\t\t\t\t\t\t\t\n<style>\n#image_1029218868 {\n  width: 100%;\n}\n<\/style>\n\t<\/div>\n\t\n\n\n\t\t<\/div>\n\t\t\t\t\t<\/div>\n\n\t\n\n<\/div>\n<p>Als Teil der Zeremonie k\u00f6nnen bei der Verwendung von Rap\u00e9 oder einer anderen Form des heiligen Mapacho Heil- oder Schamanismuslieder gesungen oder geh\u00f6rt werden, da Tabak uns mit unserer eigenen Essenz und den Geistern des Dschungels und der Natur in Kontakt bringt.<\/p>\n<p>Besonders geeignet ist es f\u00fcr das Rap\u00e9-Ritual auch, R\u00e4uchergef\u00e4\u00dfe mit Copal, Benzoeharz, Palo Santo oder anderen Harzen zu verbrennen, die \u00fcber hervorragende energetische Reinigungs- und Verbindungseigenschaften verf\u00fcgen.<\/p>\n<p>Im Amazonasgebiet ist die Teilnahme an Rap\u00e9kreisen eine Aktivit\u00e4t mit uralten Wurzeln.\u00a0F\u00fcr diese Kulturen wie die Katukina, Nukini und Yawanawa ist Opa Mapacho eine Medizin, die einen Geist mit gro\u00dfer Kraft enth\u00e4lt, der Heilung und Schutz bringt und alle Arten von \u00dcbel abwehrt.<\/p>\n<p>Auf rituelle Weise rufen wir die Kr\u00e4fte, Richtungen oder Elemente der Natur, den Segen der Waldtiere oder die Kraft der Heilpflanzen an, um uns zu heilen und uns Kraft zu geben.<\/p>\n<div class=\"row\"  id=\"row-373911360\">\n\n\n\t<div id=\"col-761953935\" class=\"col medium-6 small-12 large-6\"  >\n\t\t\t\t<div class=\"col-inner\"  >\n\t\t\t\n\t\t\t\n\n\t<div class=\"img has-hover x md-x lg-x y md-y lg-y\" id=\"image_1935352599\">\n\t\t\t\t\t\t\t\t<div class=\"img-inner dark\" >\n\t\t\t<img loading=\"lazy\" decoding=\"async\" width=\"868\" height=\"563\" src=\"https:\/\/www.sinchisinchi.com\/wp-content\/uploads\/2024\/07\/R-toma-de-rape2-1.jpg\" class=\"attachment-large size-large\" alt=\"\" srcset=\"https:\/\/www.sinchisinchi.com\/wp-content\/uploads\/2024\/07\/R-toma-de-rape2-1.jpg 868w, https:\/\/www.sinchisinchi.com\/wp-content\/uploads\/2024\/07\/R-toma-de-rape2-1-600x389.jpg 600w, https:\/\/www.sinchisinchi.com\/wp-content\/uploads\/2024\/07\/R-toma-de-rape2-1-768x498.jpg 768w, https:\/\/www.sinchisinchi.com\/wp-content\/uploads\/2024\/07\/R-toma-de-rape2-1-247x160.jpg 247w, https:\/\/www.sinchisinchi.com\/wp-content\/uploads\/2024\/07\/R-toma-de-rape2-1-510x331.jpg 510w\" sizes=\"auto, (max-width: 868px) 100vw, 868px\" \/>\t\t\t\t\t\t\n\t\t\t\t\t<\/div>\n\t\t\t\t\t\t\t\t\n<style>\n#image_1935352599 {\n  width: 100%;\n}\n<\/style>\n\t<\/div>\n\t\n\n\n\t\t<\/div>\n\t\t\t\t\t<\/div>\n\n\t\n\n\t<div id=\"col-1031740081\" class=\"col medium-6 small-12 large-6\"  >\n\t\t\t\t<div class=\"col-inner\"  >\n\t\t\t\n\t\t\t\n\n\t<div class=\"img has-hover x md-x lg-x y md-y lg-y\" id=\"image_420789338\">\n\t\t\t\t\t\t\t\t<div class=\"img-inner dark\" >\n\t\t\t<img loading=\"lazy\" decoding=\"async\" width=\"868\" height=\"563\" src=\"https:\/\/www.sinchisinchi.com\/wp-content\/uploads\/2024\/07\/R-Planta-del-mapacho7-2.jpg\" class=\"attachment-large size-large\" alt=\"\" srcset=\"https:\/\/www.sinchisinchi.com\/wp-content\/uploads\/2024\/07\/R-Planta-del-mapacho7-2.jpg 868w, https:\/\/www.sinchisinchi.com\/wp-content\/uploads\/2024\/07\/R-Planta-del-mapacho7-2-600x389.jpg 600w, https:\/\/www.sinchisinchi.com\/wp-content\/uploads\/2024\/07\/R-Planta-del-mapacho7-2-768x498.jpg 768w, https:\/\/www.sinchisinchi.com\/wp-content\/uploads\/2024\/07\/R-Planta-del-mapacho7-2-247x160.jpg 247w, https:\/\/www.sinchisinchi.com\/wp-content\/uploads\/2024\/07\/R-Planta-del-mapacho7-2-510x331.jpg 510w\" sizes=\"auto, (max-width: 868px) 100vw, 868px\" \/>\t\t\t\t\t\t\n\t\t\t\t\t<\/div>\n\t\t\t\t\t\t\t\t\n<style>\n#image_420789338 {\n  width: 100%;\n}\n<\/style>\n\t<\/div>\n\t\n\n\n\t\t<\/div>\n\t\t\t\t\t<\/div>\n\n\t\n\n<\/div>\n\t<div id=\"gap-40197389\" class=\"gap-element clearfix\" style=\"display:block; height:auto;\">\n\t\t\n<style>\n#gap-40197389 {\n  padding-top: 30px;\n}\n<\/style>\n\t<\/div>\n\t\n\n<div class=\"row align-bottom\"  id=\"row-86131790\">\n\n\n\t<div id=\"col-2030829123\" class=\"col medium-4 small-12 large-4\"  >\n\t\t\t\t<div class=\"col-inner\"  >\n\t\t\t\n\t\t\t\n\n\n\t\t<\/div>\n\t\t\t\t\t<\/div>\n\n\t\n\n\t<div id=\"col-42886647\" class=\"col medium-4 small-12 large-4\"  >\n\t\t\t\t<div class=\"col-inner\"  >\n\t\t\t\n\t\t\t\n\n<a href=\"https:\/\/www.sinchisinchi.com\/de\/wissen\/was-ist-rape-schnupftabak\/rape-wie-wird-schnupftabak-hergestellt\/\" class=\"button primary is-underline reveal-icon expand\" >\n\t\t<span>WEITER LESEN<\/span>\n\t<i class=\"icon-angle-right\" aria-hidden=\"true\"><\/i><\/a>\n\n\n\n\t\t<\/div>\n\t\t\t\t\t<\/div>\n\n\t\n\n\t<div id=\"col-669772909\" class=\"col medium-4 small-12 large-4\"  >\n\t\t\t\t<div class=\"col-inner\"  >\n\t\t\t\n\t\t\t\n\n\n\t\t<\/div>\n\t\t\t\t\t<\/div>\n\n\t\n\n<\/div>\n\n","protected":false},"excerpt":{"rendered":"","protected":false},"author":1,"featured_media":3516,"parent":2722,"menu_order":0,"comment_status":"closed","ping_status":"closed","template":"","meta":{"_joinchat":[],"footnotes":""},"class_list":["post-2709","page","type-page","status-publish","has-post-thumbnail","hentry"],"yoast_head":"<!-- This site is optimized with the Yoast SEO plugin v27.1.1 - https:\/\/yoast.com\/product\/yoast-seo-wordpress\/ -->\n<title>Rap\u00e9-Zeremonie \u2013 Traditionelle Verwendung von Rap\u00e9<\/title>\n<meta name=\"description\" content=\"Rap\u00e9 ist eine alte Medizin der Verbindung, ein starkes Entheogen, das die gewaltige Kraft hat, uns zu \u00f6ffnen.\" \/>\n<meta name=\"robots\" content=\"index, follow, max-snippet:-1, max-image-preview:large, max-video-preview:-1\" \/>\n<link rel=\"canonical\" href=\"https:\/\/www.sinchisinchi.com\/de\/wissen\/was-ist-rape-schnupftabak\/zeremonie\/\" \/>\n<meta property=\"og:locale\" content=\"de_DE\" \/>\n<meta property=\"og:type\" content=\"article\" \/>\n<meta property=\"og:title\" content=\"Rap\u00e9-Zeremonie \u2013 Traditionelle Verwendung von Rap\u00e9\" \/>\n<meta property=\"og:description\" content=\"Rap\u00e9 ist eine alte Medizin der Verbindung, ein starkes Entheogen, das die gewaltige Kraft hat, uns zu \u00f6ffnen.\" \/>\n<meta property=\"og:url\" content=\"https:\/\/www.sinchisinchi.com\/de\/wissen\/was-ist-rape-schnupftabak\/zeremonie\/\" \/>\n<meta property=\"og:site_name\" content=\"SINCHI RAP\u00c9\" \/>\n<meta property=\"article:publisher\" content=\"https:\/\/www.facebook.com\/sinchirape\/\" \/>\n<meta property=\"article:modified_time\" content=\"2026-03-04T20:13:22+00:00\" \/>\n<meta property=\"og:image\" content=\"https:\/\/www.sinchisinchi.com\/wp-content\/uploads\/2020\/02\/kuntanawa-tribe1.jpg\" \/>\n\t<meta property=\"og:image:width\" content=\"512\" \/>\n\t<meta property=\"og:image:height\" content=\"340\" \/>\n\t<meta property=\"og:image:type\" content=\"image\/jpeg\" \/>\n<meta name=\"twitter:card\" content=\"summary_large_image\" \/>\n<meta name=\"twitter:label1\" content=\"Gesch\u00e4tzte Lesezeit\" \/>\n\t<meta name=\"twitter:data1\" content=\"2\u00a0Minuten\" \/>\n<script type=\"application\/ld+json\" class=\"yoast-schema-graph\">{\"@context\":\"https:\/\/schema.org\",\"@graph\":[{\"@type\":\"WebPage\",\"@id\":\"https:\/\/www.sinchisinchi.com\/de\/wissen\/was-ist-rape-schnupftabak\/zeremonie\/\",\"url\":\"https:\/\/www.sinchisinchi.com\/de\/wissen\/was-ist-rape-schnupftabak\/zeremonie\/\",\"name\":\"Rap\u00e9-Zeremonie \u2013 Traditionelle Verwendung von Rap\u00e9\",\"isPartOf\":{\"@id\":\"https:\/\/www.sinchisinchi.com\/de\/#website\"},\"primaryImageOfPage\":{\"@id\":\"https:\/\/www.sinchisinchi.com\/de\/wissen\/was-ist-rape-schnupftabak\/zeremonie\/#primaryimage\"},\"image\":{\"@id\":\"https:\/\/www.sinchisinchi.com\/de\/wissen\/was-ist-rape-schnupftabak\/zeremonie\/#primaryimage\"},\"thumbnailUrl\":\"https:\/\/www.sinchisinchi.com\/wp-content\/uploads\/2020\/02\/kuntanawa-tribe1.jpg\",\"datePublished\":\"2020-12-25T00:33:36+00:00\",\"dateModified\":\"2026-03-04T20:13:22+00:00\",\"description\":\"Rap\u00e9 ist eine alte Medizin der Verbindung, ein starkes Entheogen, das die gewaltige Kraft hat, uns zu \u00f6ffnen.\",\"breadcrumb\":{\"@id\":\"https:\/\/www.sinchisinchi.com\/de\/wissen\/was-ist-rape-schnupftabak\/zeremonie\/#breadcrumb\"},\"inLanguage\":\"de\",\"potentialAction\":[{\"@type\":\"ReadAction\",\"target\":[\"https:\/\/www.sinchisinchi.com\/de\/wissen\/was-ist-rape-schnupftabak\/zeremonie\/\"]}]},{\"@type\":\"ImageObject\",\"inLanguage\":\"de\",\"@id\":\"https:\/\/www.sinchisinchi.com\/de\/wissen\/was-ist-rape-schnupftabak\/zeremonie\/#primaryimage\",\"url\":\"https:\/\/www.sinchisinchi.com\/wp-content\/uploads\/2020\/02\/kuntanawa-tribe1.jpg\",\"contentUrl\":\"https:\/\/www.sinchisinchi.com\/wp-content\/uploads\/2020\/02\/kuntanawa-tribe1.jpg\",\"width\":512,\"height\":340},{\"@type\":\"BreadcrumbList\",\"@id\":\"https:\/\/www.sinchisinchi.com\/de\/wissen\/was-ist-rape-schnupftabak\/zeremonie\/#breadcrumb\",\"itemListElement\":[{\"@type\":\"ListItem\",\"position\":1,\"name\":\"Titelseite\",\"item\":\"https:\/\/www.sinchisinchi.com\/de\/\"},{\"@type\":\"ListItem\",\"position\":2,\"name\":\"Wissen\",\"item\":\"https:\/\/www.sinchisinchi.com\/de\/wissen\/\"},{\"@type\":\"ListItem\",\"position\":3,\"name\":\"Was ist Rap\u00e9?\",\"item\":\"https:\/\/www.sinchisinchi.com\/de\/conoscenza\/cose-rape\/\"},{\"@type\":\"ListItem\",\"position\":4,\"name\":\"Zeremonie Rap\u00e9\"}]},{\"@type\":\"WebSite\",\"@id\":\"https:\/\/www.sinchisinchi.com\/de\/#website\",\"url\":\"https:\/\/www.sinchisinchi.com\/de\/\",\"name\":\"SINCHI\",\"description\":\"Sinchi Medicine\",\"publisher\":{\"@id\":\"https:\/\/www.sinchisinchi.com\/de\/#organization\"},\"potentialAction\":[{\"@type\":\"SearchAction\",\"target\":{\"@type\":\"EntryPoint\",\"urlTemplate\":\"https:\/\/www.sinchisinchi.com\/de\/?s={search_term_string}\"},\"query-input\":{\"@type\":\"PropertyValueSpecification\",\"valueRequired\":true,\"valueName\":\"search_term_string\"}}],\"inLanguage\":\"de\"},{\"@type\":\"Organization\",\"@id\":\"https:\/\/www.sinchisinchi.com\/de\/#organization\",\"name\":\"SINCHI S.L\",\"url\":\"https:\/\/www.sinchisinchi.com\/de\/\",\"logo\":{\"@type\":\"ImageObject\",\"inLanguage\":\"de\",\"@id\":\"https:\/\/www.sinchisinchi.com\/de\/#\/schema\/logo\/image\/\",\"url\":\"https:\/\/www.sinchisinchi.com\/wp-content\/uploads\/2026\/01\/3b-Verde-SIMPLIFICADO-HORIZONTAL-F-TRANSPARENTE-scaled.png\",\"contentUrl\":\"https:\/\/www.sinchisinchi.com\/wp-content\/uploads\/2026\/01\/3b-Verde-SIMPLIFICADO-HORIZONTAL-F-TRANSPARENTE-scaled.png\",\"width\":2560,\"height\":457,\"caption\":\"SINCHI S.L\"},\"image\":{\"@id\":\"https:\/\/www.sinchisinchi.com\/de\/#\/schema\/logo\/image\/\"},\"sameAs\":[\"https:\/\/www.facebook.com\/sinchirape\/\",\"https:\/\/www.instagram.com\/sinchi_rape\/\"]}]}<\/script>\n<!-- \/ Yoast SEO plugin. -->","yoast_head_json":{"title":"Rap\u00e9-Zeremonie \u2013 Traditionelle Verwendung von Rap\u00e9","description":"Rap\u00e9 ist eine alte Medizin der Verbindung, ein starkes Entheogen, das die gewaltige Kraft hat, uns zu \u00f6ffnen.","robots":{"index":"index","follow":"follow","max-snippet":"max-snippet:-1","max-image-preview":"max-image-preview:large","max-video-preview":"max-video-preview:-1"},"canonical":"https:\/\/www.sinchisinchi.com\/de\/wissen\/was-ist-rape-schnupftabak\/zeremonie\/","og_locale":"de_DE","og_type":"article","og_title":"Rap\u00e9-Zeremonie \u2013 Traditionelle Verwendung von Rap\u00e9","og_description":"Rap\u00e9 ist eine alte Medizin der Verbindung, ein starkes Entheogen, das die gewaltige Kraft hat, uns zu \u00f6ffnen.","og_url":"https:\/\/www.sinchisinchi.com\/de\/wissen\/was-ist-rape-schnupftabak\/zeremonie\/","og_site_name":"SINCHI RAP\u00c9","article_publisher":"https:\/\/www.facebook.com\/sinchirape\/","article_modified_time":"2026-03-04T20:13:22+00:00","og_image":[{"width":512,"height":340,"url":"https:\/\/www.sinchisinchi.com\/wp-content\/uploads\/2020\/02\/kuntanawa-tribe1.jpg","type":"image\/jpeg"}],"twitter_card":"summary_large_image","twitter_misc":{"Gesch\u00e4tzte Lesezeit":"2\u00a0Minuten"},"schema":{"@context":"https:\/\/schema.org","@graph":[{"@type":"WebPage","@id":"https:\/\/www.sinchisinchi.com\/de\/wissen\/was-ist-rape-schnupftabak\/zeremonie\/","url":"https:\/\/www.sinchisinchi.com\/de\/wissen\/was-ist-rape-schnupftabak\/zeremonie\/","name":"Rap\u00e9-Zeremonie \u2013 Traditionelle Verwendung von Rap\u00e9","isPartOf":{"@id":"https:\/\/www.sinchisinchi.com\/de\/#website"},"primaryImageOfPage":{"@id":"https:\/\/www.sinchisinchi.com\/de\/wissen\/was-ist-rape-schnupftabak\/zeremonie\/#primaryimage"},"image":{"@id":"https:\/\/www.sinchisinchi.com\/de\/wissen\/was-ist-rape-schnupftabak\/zeremonie\/#primaryimage"},"thumbnailUrl":"https:\/\/www.sinchisinchi.com\/wp-content\/uploads\/2020\/02\/kuntanawa-tribe1.jpg","datePublished":"2020-12-25T00:33:36+00:00","dateModified":"2026-03-04T20:13:22+00:00","description":"Rap\u00e9 ist eine alte Medizin der Verbindung, ein starkes Entheogen, das die gewaltige Kraft hat, uns zu \u00f6ffnen.","breadcrumb":{"@id":"https:\/\/www.sinchisinchi.com\/de\/wissen\/was-ist-rape-schnupftabak\/zeremonie\/#breadcrumb"},"inLanguage":"de","potentialAction":[{"@type":"ReadAction","target":["https:\/\/www.sinchisinchi.com\/de\/wissen\/was-ist-rape-schnupftabak\/zeremonie\/"]}]},{"@type":"ImageObject","inLanguage":"de","@id":"https:\/\/www.sinchisinchi.com\/de\/wissen\/was-ist-rape-schnupftabak\/zeremonie\/#primaryimage","url":"https:\/\/www.sinchisinchi.com\/wp-content\/uploads\/2020\/02\/kuntanawa-tribe1.jpg","contentUrl":"https:\/\/www.sinchisinchi.com\/wp-content\/uploads\/2020\/02\/kuntanawa-tribe1.jpg","width":512,"height":340},{"@type":"BreadcrumbList","@id":"https:\/\/www.sinchisinchi.com\/de\/wissen\/was-ist-rape-schnupftabak\/zeremonie\/#breadcrumb","itemListElement":[{"@type":"ListItem","position":1,"name":"Titelseite","item":"https:\/\/www.sinchisinchi.com\/de\/"},{"@type":"ListItem","position":2,"name":"Wissen","item":"https:\/\/www.sinchisinchi.com\/de\/wissen\/"},{"@type":"ListItem","position":3,"name":"Was ist Rap\u00e9?","item":"https:\/\/www.sinchisinchi.com\/de\/conoscenza\/cose-rape\/"},{"@type":"ListItem","position":4,"name":"Zeremonie Rap\u00e9"}]},{"@type":"WebSite","@id":"https:\/\/www.sinchisinchi.com\/de\/#website","url":"https:\/\/www.sinchisinchi.com\/de\/","name":"SINCHI","description":"Sinchi Medicine","publisher":{"@id":"https:\/\/www.sinchisinchi.com\/de\/#organization"},"potentialAction":[{"@type":"SearchAction","target":{"@type":"EntryPoint","urlTemplate":"https:\/\/www.sinchisinchi.com\/de\/?s={search_term_string}"},"query-input":{"@type":"PropertyValueSpecification","valueRequired":true,"valueName":"search_term_string"}}],"inLanguage":"de"},{"@type":"Organization","@id":"https:\/\/www.sinchisinchi.com\/de\/#organization","name":"SINCHI S.L","url":"https:\/\/www.sinchisinchi.com\/de\/","logo":{"@type":"ImageObject","inLanguage":"de","@id":"https:\/\/www.sinchisinchi.com\/de\/#\/schema\/logo\/image\/","url":"https:\/\/www.sinchisinchi.com\/wp-content\/uploads\/2026\/01\/3b-Verde-SIMPLIFICADO-HORIZONTAL-F-TRANSPARENTE-scaled.png","contentUrl":"https:\/\/www.sinchisinchi.com\/wp-content\/uploads\/2026\/01\/3b-Verde-SIMPLIFICADO-HORIZONTAL-F-TRANSPARENTE-scaled.png","width":2560,"height":457,"caption":"SINCHI S.L"},"image":{"@id":"https:\/\/www.sinchisinchi.com\/de\/#\/schema\/logo\/image\/"},"sameAs":["https:\/\/www.facebook.com\/sinchirape\/","https:\/\/www.instagram.com\/sinchi_rape\/"]}]}},"_links":{"self":[{"href":"https:\/\/www.sinchisinchi.com\/de\/wp-json\/wp\/v2\/pages\/2709","targetHints":{"allow":["GET"]}}],"collection":[{"href":"https:\/\/www.sinchisinchi.com\/de\/wp-json\/wp\/v2\/pages"}],"about":[{"href":"https:\/\/www.sinchisinchi.com\/de\/wp-json\/wp\/v2\/types\/page"}],"author":[{"embeddable":true,"href":"https:\/\/www.sinchisinchi.com\/de\/wp-json\/wp\/v2\/users\/1"}],"replies":[{"embeddable":true,"href":"https:\/\/www.sinchisinchi.com\/de\/wp-json\/wp\/v2\/comments?post=2709"}],"version-history":[{"count":1,"href":"https:\/\/www.sinchisinchi.com\/de\/wp-json\/wp\/v2\/pages\/2709\/revisions"}],"predecessor-version":[{"id":30247,"href":"https:\/\/www.sinchisinchi.com\/de\/wp-json\/wp\/v2\/pages\/2709\/revisions\/30247"}],"up":[{"embeddable":true,"href":"https:\/\/www.sinchisinchi.com\/de\/wp-json\/wp\/v2\/pages\/2722"}],"wp:featuredmedia":[{"embeddable":true,"href":"https:\/\/www.sinchisinchi.com\/de\/wp-json\/wp\/v2\/media\/3516"}],"wp:attachment":[{"href":"https:\/\/www.sinchisinchi.com\/de\/wp-json\/wp\/v2\/media?parent=2709"}],"curies":[{"name":"wp","href":"https:\/\/api.w.org\/{rel}","templated":true}]}}