{"id":27251,"date":"2025-05-02T09:57:25","date_gmt":"2025-05-02T09:57:25","guid":{"rendered":"https:\/\/www.sinchisinchi.com\/wissen\/amazonische-staemme\/yawanawa\/zeremonien\/"},"modified":"2026-03-04T14:18:32","modified_gmt":"2026-03-04T14:18:32","slug":"zeremonien","status":"publish","type":"page","link":"https:\/\/www.sinchisinchi.com\/de\/staemme\/yawanawa\/zeremonien\/","title":{"rendered":"Zeremonien"},"content":{"rendered":"\n<h1 style=\"text-align: center;\">Feste und Zeremonien<\/h1>\n<p>Die Feste sind von besonderer Bedeutung f\u00fcr den Aufbau und die St\u00e4rkung soziopolitischer Beziehungen zwischen den Yawanaw\u00e1 selbst und anderen Gruppen.<\/p>\n<p><em>Saiti<\/em> (\u201esai\u201c bedeutet schreien) ist das Wort der Yawanaw\u00e1, das allgemein \u201eParty\u201c bezeichnet, und <em>\u201eMariri\u201c<\/em> \u2013 was kein Wort der Yawanaw\u00e1 ist \u2013 wird auch von anderen Gruppen in der Region verwendet.<\/p>\n<div class=\"row\"  id=\"row-1928884606\">\n\n\n\t<div id=\"col-431863432\" class=\"col medium-1 small-12 large-1\"  >\n\t\t\t\t<div class=\"col-inner\"  >\n\t\t\t\n\t\t\t\n\n\n\t\t<\/div>\n\t\t\t\t\t<\/div>\n\n\t\n\n\t<div id=\"col-1554282036\" class=\"col medium-10 small-12 large-10\"  >\n\t\t\t\t<div class=\"col-inner\"  >\n\t\t\t\n\t\t\t\n\n\t<div class=\"img has-hover x md-x lg-x y md-y lg-y\" id=\"image_1239174957\">\n\t\t\t\t\t\t\t\t<div class=\"img-inner dark\" >\n\t\t\t<img loading=\"lazy\" decoding=\"async\" width=\"1020\" height=\"681\" src=\"https:\/\/www.sinchisinchi.com\/wp-content\/uploads\/2025\/01\/6-Tribu-Yawanawa8-1024x684.jpeg\" class=\"attachment-large size-large\" alt=\"\" srcset=\"https:\/\/www.sinchisinchi.com\/wp-content\/uploads\/2025\/01\/6-Tribu-Yawanawa8-1024x684.jpeg 1024w, https:\/\/www.sinchisinchi.com\/wp-content\/uploads\/2025\/01\/6-Tribu-Yawanawa8-600x401.jpeg 600w, https:\/\/www.sinchisinchi.com\/wp-content\/uploads\/2025\/01\/6-Tribu-Yawanawa8-768x513.jpeg 768w, https:\/\/www.sinchisinchi.com\/wp-content\/uploads\/2025\/01\/6-Tribu-Yawanawa8-247x165.jpeg 247w, https:\/\/www.sinchisinchi.com\/wp-content\/uploads\/2025\/01\/6-Tribu-Yawanawa8-510x341.jpeg 510w, https:\/\/www.sinchisinchi.com\/wp-content\/uploads\/2025\/01\/6-Tribu-Yawanawa8.jpeg 1280w\" sizes=\"auto, (max-width: 1020px) 100vw, 1020px\" \/>\t\t\t\t\t\t\n\t\t\t\t\t<\/div>\n\t\t\t\t\t\t\t\t\n<style>\n#image_1239174957 {\n  width: 100%;\n}\n<\/style>\n\t<\/div>\n\t\n\n\n\t\t<\/div>\n\t\t\t\t\t<\/div>\n\n\t\n\n\t<div id=\"col-377291252\" class=\"col medium-1 small-12 large-1\"  >\n\t\t\t\t<div class=\"col-inner\"  >\n\t\t\t\n\t\t\t\n\n\n\t\t<\/div>\n\t\t\t\t\t<\/div>\n\n\t\n\n<\/div>\n<p>Das \u201e<em>Uma Aki\u201c<\/em> (\u201eCai\u00e7uma\u201c-Festival \u2013 eine Art Maniok-Chicha) dauert mehrere Tage und konzentriert sich auf die Beziehungen zwischen den Gruppen, da es im Allgemeinen Teilnehmer aus anderen Gemeinschaften einschlie\u00dft. Dieses Ritual umfasst mehrere Abl\u00e4ufe, von denen einige isoliert bei kleineren Festen auftreten k\u00f6nnen: Spiele, Einnahme und Reinigung von Cai\u00e7uma, Kriegsnachstellungen, T\u00e4nze und Lieder.<\/p>\n<p>Mit der Entwicklung der territorialen Abgrenzung, dem Bewusstsein f\u00fcr die Rechte der indigenen Bev\u00f6lkerung ab den 1980er Jahren und den neuen M\u00f6glichkeiten zur Ressourcenbeschaffung durch die \u00f6kologische Bewegung begannen die Yawanaw\u00e1 in den 1980er Jahren mit der Wiederbelebung ihrer Traditionen und Kultur.<\/p>\n<p>Im Jahr 2000 gr\u00fcndeten sie das Mariri Yawanaw\u00e1 Festival, dessen Ziel es ist, die Kultur und Traditionen des Volkes zu bewahren. Dieses Festival bringt 17 D\u00f6rfer zusammen und dauert etwa eine Woche mit Gesang, Tanz, Zeremonien und Spielen. Es ist f\u00fcr eine begrenzte Anzahl von Touristen ge\u00f6ffnet.<\/p>\n<p>Es wird im Heiligen Dorf gefeiert, der \u00e4ltesten der Yawanaw\u00e1-Gemeinden, da es der heilige Ort ist, an dem die Gro\u00dfeltern (die Schamanen) den Ort errichteten, an dem das \u201eAyahuasca\u201c der Gro\u00dfmutter gekocht wurde.<\/p>\n<div class=\"row\"  id=\"row-2011222186\">\n\n\n\t<div id=\"col-101874429\" class=\"col medium-3 small-12 large-3\"  >\n\t\t\t\t<div class=\"col-inner\"  >\n\t\t\t\n\t\t\t\n\n\n\t\t<\/div>\n\t\t\t\t\t<\/div>\n\n\t\n\n\t<div id=\"col-162188178\" class=\"col medium-6 small-12 large-6\"  >\n\t\t\t\t<div class=\"col-inner\"  >\n\t\t\t\n\t\t\t\n\n\t<div class=\"img has-hover x md-x lg-x y md-y lg-y\" id=\"image_1304934705\">\n\t\t\t\t\t\t\t\t<div class=\"img-inner image-cover dark\" style=\"padding-top:100%;\">\n\t\t\t<img loading=\"lazy\" decoding=\"async\" width=\"765\" height=\"1024\" src=\"https:\/\/www.sinchisinchi.com\/wp-content\/uploads\/2025\/01\/1-Tribu-Yawanawa1-765x1024.jpeg\" class=\"attachment-large size-large\" alt=\"\" srcset=\"https:\/\/www.sinchisinchi.com\/wp-content\/uploads\/2025\/01\/1-Tribu-Yawanawa1-765x1024.jpeg 765w, https:\/\/www.sinchisinchi.com\/wp-content\/uploads\/2025\/01\/1-Tribu-Yawanawa1-448x600.jpeg 448w, https:\/\/www.sinchisinchi.com\/wp-content\/uploads\/2025\/01\/1-Tribu-Yawanawa1-768x1027.jpeg 768w, https:\/\/www.sinchisinchi.com\/wp-content\/uploads\/2025\/01\/1-Tribu-Yawanawa1-247x330.jpeg 247w, https:\/\/www.sinchisinchi.com\/wp-content\/uploads\/2025\/01\/1-Tribu-Yawanawa1-510x682.jpeg 510w, https:\/\/www.sinchisinchi.com\/wp-content\/uploads\/2025\/01\/1-Tribu-Yawanawa1.jpeg 1098w\" sizes=\"auto, (max-width: 765px) 100vw, 765px\" \/>\t\t\t\t\t\t\n\t\t\t\t\t<\/div>\n\t\t\t\t\t\t\t\t\n<style>\n#image_1304934705 {\n  width: 100%;\n}\n<\/style>\n\t<\/div>\n\t\n\n\n\t\t<\/div>\n\t\t\t\t\t<\/div>\n\n\t\n\n\t<div id=\"col-1440536863\" class=\"col medium-3 small-12 large-3\"  >\n\t\t\t\t<div class=\"col-inner\"  >\n\t\t\t\n\t\t\t\n\n\n\t\t<\/div>\n\t\t\t\t\t<\/div>\n\n\t\n\n<\/div>\n<p>An derselben Stelle wurde sp\u00e4ter der Friedhof der Gro\u00dfeltern angelegt. Dadurch wird die Wirksamkeit des Arzneimittels dort noch verst\u00e4rkt. Dort haben sie auch den gro\u00dfen Baum, die gro\u00dfe Rebe, mit der die heilige Medizin gekocht wird.<\/p>\n<p>Im Heiligen Dorf gibt es einen Heilkr\u00e4utergarten, eine Ayahuasca-Plantage, Solarzellen, die das Dorf nachts beleuchten und Wasser aus dem Fluss pumpen, H\u00fctten f\u00fcr Di\u00e4ten und spirituelle Exerzitien, kleine Str\u00e4nde am Fluss, einen heiligen Friedhof, eine Satellitensch\u00fcssel, die Live-Informationen f\u00fcr ein digitales Kunstprojekt \u00fcbertr\u00e4gt, und im Bau befindliche neue H\u00e4user.<\/p>\n<p>Vor dem Gemeindezentrum, wo sich die Jugendlichen abends zu Musikproben treffen, befindet sich ein kreisf\u00f6rmiger Platz von der Gr\u00f6\u00dfe eines halben Fu\u00dfballfeldes, der von einer riesigen Schlange begrenzt wird. Es ist ein magischer Ort der Verbindung mit Mutter Erde, dem Gro\u00dfen Mysterium und dem Gro\u00dfen Wald.<\/p>\n<div class=\"row\"  id=\"row-10530818\">\n\n\n\t<div id=\"col-1987127093\" class=\"col medium-2 small-12 large-2\"  >\n\t\t\t\t<div class=\"col-inner\"  >\n\t\t\t\n\t\t\t\n\n\n\t\t<\/div>\n\t\t\t\t\t<\/div>\n\n\t\n\n\t<div id=\"col-750643012\" class=\"col medium-8 small-12 large-8\"  >\n\t\t\t\t<div class=\"col-inner\"  >\n\t\t\t\n\t\t\t\n\n<div class=\"video video-fit mb\" style=\"padding-top:56.25%;\"><iframe loading=\"lazy\" title=\"Yawanawa - Sina Vaeshu (Uniretreats Video)\" width=\"1020\" height=\"574\" src=\"https:\/\/www.youtube.com\/embed\/vbnshMF0x-o?feature=oembed&#038;enablejsapi=1&#038;origin=https:\/\/www.sinchisinchi.com\" frameborder=\"0\" allow=\"accelerometer; autoplay; clipboard-write; encrypted-media; gyroscope; picture-in-picture; web-share\" referrerpolicy=\"strict-origin-when-cross-origin\" allowfullscreen><\/iframe><\/div>\n\n\n\t\t<\/div>\n\t\t\t\t\t<\/div>\n\n\t\n\n\t<div id=\"col-2092278176\" class=\"col medium-2 small-12 large-2\"  >\n\t\t\t\t<div class=\"col-inner\"  >\n\t\t\t\n\t\t\t\n\n\n\t\t<\/div>\n\t\t\t\t\t<\/div>\n\n\t\n\n<\/div>\n<p>Ein europ\u00e4ischer Besucher, der dieses Fest vor einigen Jahren besuchte, erz\u00e4hlt uns: \u201eBei Festen wie diesem \u00f6ffnet das Dorf seine T\u00fcren f\u00fcr Au\u00dfenstehende. Um f\u00fcnf Uhr morgens erwacht der Dschungel und mit ihm alle Mitglieder des Stammes.<\/p>\n<p>Sie gingen zum Baden zum Fluss, kochten und gaben uns kurze F\u00fchrungen durch den Dschungel rund um das Dorf, um uns stolz die unterschiedlichen Eigenschaften der einzelnen Pflanzen zu zeigen. Abends wurde ein Feuer angez\u00fcndet und viele sangen mit ihren Gitarren.<\/p>\n<p>Sie gehen sehr fr\u00fch schlafen, wenn die Sonne untergeht. Die Arbeitspl\u00e4tze werden auf die Familien verteilt. Viele von ihnen widmen sich der Herstellung unglaublicher Handarbeiten. Normalerweise mit bunten Perlen, mit denen sie Dschungeltiere wie Papageien, Pumas, Jaguare und Schlangen zeichnen; Es handelt sich um Schutzfahrzeuge.<\/p>\n<p>Dieses Kunsthandwerk wird dann in Gro\u00dfst\u00e4dten oder im Ausland verkauft. Es gibt einige, die tags\u00fcber keiner besonderen Aktivit\u00e4t nachgehen. Das Festival ist kostenlos und Sie m\u00fcssen von jemandem aus dem Dorf oder Stamm eingeladen werden, um daran teilzunehmen. Alle Besucher beteiligten sich jedoch am Kauf einer Vielzahl von Kunsthandwerken als Dankesch\u00f6n f\u00fcr ihre Einladung.\u201c<\/p>\n<div class=\"row\"  id=\"row-28582196\">\n\n\n\t<div id=\"col-1725484122\" class=\"col medium-2 small-12 large-2\"  >\n\t\t\t\t<div class=\"col-inner\"  >\n\t\t\t\n\t\t\t\n\n\n\t\t<\/div>\n\t\t\t\t\t<\/div>\n\n\t\n\n\t<div id=\"col-1903627610\" class=\"col medium-8 small-12 large-8\"  >\n\t\t\t\t<div class=\"col-inner\"  >\n\t\t\t\n\t\t\t\n\n\t<div class=\"img has-hover x md-x lg-x y md-y lg-y\" id=\"image_1724917391\">\n\t\t\t\t\t\t\t\t<div class=\"img-inner dark\" >\n\t\t\t<img loading=\"lazy\" decoding=\"async\" width=\"851\" height=\"315\" src=\"https:\/\/www.sinchisinchi.com\/wp-content\/uploads\/2025\/01\/300630384_411542674416948_902718602477095590_n-1.png\" class=\"attachment-large size-large\" alt=\"\" srcset=\"https:\/\/www.sinchisinchi.com\/wp-content\/uploads\/2025\/01\/300630384_411542674416948_902718602477095590_n-1.png 851w, https:\/\/www.sinchisinchi.com\/wp-content\/uploads\/2025\/01\/300630384_411542674416948_902718602477095590_n-1-600x222.png 600w, https:\/\/www.sinchisinchi.com\/wp-content\/uploads\/2025\/01\/300630384_411542674416948_902718602477095590_n-1-768x284.png 768w, https:\/\/www.sinchisinchi.com\/wp-content\/uploads\/2025\/01\/300630384_411542674416948_902718602477095590_n-1-247x91.png 247w, https:\/\/www.sinchisinchi.com\/wp-content\/uploads\/2025\/01\/300630384_411542674416948_902718602477095590_n-1-510x189.png 510w\" sizes=\"auto, (max-width: 851px) 100vw, 851px\" \/>\t\t\t\t\t\t\n\t\t\t\t\t<\/div>\n\t\t\t\t\t\t\t\t\n<style>\n#image_1724917391 {\n  width: 100%;\n}\n<\/style>\n\t<\/div>\n\t\n\n\n\t\t<\/div>\n\t\t\t\t\t<\/div>\n\n\t\n\n\t<div id=\"col-1553460100\" class=\"col medium-2 small-12 large-2\"  >\n\t\t\t\t<div class=\"col-inner\"  >\n\t\t\t\n\t\t\t\n\n\n\t\t<\/div>\n\t\t\t\t\t<\/div>\n\n\t\n\n<\/div>\n<p>Im Jahr 2002 wurde das Yawa-Festival im Dorf Nova Esperan\u00e7a ins Leben gerufen. Ziel dieser Veranstaltung ist es, die Yawanaw\u00e1-Kultur anderen St\u00e4mmen im Amazonasgebiet sowie allen Menschen, die mehr \u00fcber ihre Weltanschauung erfahren m\u00f6chten, unabh\u00e4ngig von ihrer ethnischen Zugeh\u00f6rigkeit oder Nationalit\u00e4t n\u00e4herzubringen.<\/p>\n<p>Dieses gro\u00dfe Treffen in Nova Esperan\u00e7a ist ein \u00e4u\u00dferst bedeutsamer Moment f\u00fcr die Yawanaw\u00e1, da es zur Rettung, Wiedergeburt und Wiederbelebung ihrer Kultur aufruft. Der Feiertag feiert den Wohlstand der neuen Zeit im Gegensatz zur vorherigen Zeit der Konflikte, der Zerstreuung von Familien, der Not und der Unterdr\u00fcckung.<\/p>\n<p>Die Feier findet im Oktober statt und dauert f\u00fcnf Tage. Mehrere Gruppen aus st\u00e4dtischen Zentren kommen in das indigene Gebiet, um dieses Ereignis zu sehen und daran teilzunehmen. Die Ureinwohner verzieren sie mit Malereien und erkl\u00e4ren ihre Bedeutung.<\/p>\n<p>An manchen Tagen finden nachts Rituale mit <em>Rom\u00eb<\/em> und <em>Uni<\/em> (Ayahuasca) statt. Es gibt bestimmte Momente, in denen lokale F\u00fchrer Reden \u00fcber die indigene Kultur halten und den Revitalisierungsprozess der Yawanaw\u00e1-Kultur hervorheben.<\/p>\n<div class=\"row\"  id=\"row-1534739504\">\n\n\n\t<div id=\"col-1015037267\" class=\"col medium-2 small-12 large-2\"  >\n\t\t\t\t<div class=\"col-inner\"  >\n\t\t\t\n\t\t\t\n\n\n\t\t<\/div>\n\t\t\t\t\t<\/div>\n\n\t\n\n\t<div id=\"col-2120774657\" class=\"col medium-8 small-12 large-8\"  >\n\t\t\t\t<div class=\"col-inner\"  >\n\t\t\t\n\t\t\t\n\n<div class=\"video video-fit mb\" style=\"padding-top:56.25%;\"><p><iframe loading=\"lazy\" title=\"XV Festival Yawanawa\" width=\"1020\" height=\"574\" src=\"https:\/\/www.youtube.com\/embed\/HTEc2xKDX-A?feature=oembed&#038;enablejsapi=1&#038;origin=https:\/\/www.sinchisinchi.com\" frameborder=\"0\" allow=\"accelerometer; autoplay; clipboard-write; encrypted-media; gyroscope; picture-in-picture; web-share\" referrerpolicy=\"strict-origin-when-cross-origin\" allowfullscreen><\/iframe><\/p>\n<\/div>\n\n<p style=\"text-align: center;\">Festival Nova Esperan\u00e7a<\/p>\n\n\t\t<\/div>\n\t\t\t\t\t<\/div>\n\n\t\n\n\t<div id=\"col-2107299684\" class=\"col medium-2 small-12 large-2\"  >\n\t\t\t\t<div class=\"col-inner\"  >\n\t\t\t\n\t\t\t\n\n\n\t\t<\/div>\n\t\t\t\t\t<\/div>\n\n\t\n\n<\/div>\n<p>Der Schamane und Begleiter von Anf\u00fchrer Bira bereitet spirituelle Exerzitien f\u00fcr Menschen aus aller Welt vor. Diese Art des Tourismus, die auf rituellen Praktiken der Yawanaw\u00e1 zu therapeutischen Zwecken basiert, ist f\u00fcr sie ebenso wie der \u201eethnische\u201c Tourismus eine wichtige Einnahmequelle.<\/p>\n<p>Das Tanzen und Singen des \u201eSaiti\u201c, das Kennenlernen ihrer Urspr\u00fcnge und das Trinken von \u201eUni\u201c sind Dinge, die die Yawanaw\u00e1 w\u00e4hrend dieser Festlichkeiten mit ihren ausl\u00e4ndischen Besuchern teilen. In den Reden w\u00e4hrend des Festivals wird Geschichte als kulturelle Wiedergeburt, als Best\u00e4tigung von Identit\u00e4t und Politik dargestellt.<\/p>\n<p>W\u00e4hrend das Etikett <em>\u201eEthnotourismus\u201c<\/em> der Veranstaltung auf den ersten Blick ein spezifisches Aussehen verleihen mag, verstehen die meisten Besucher und auch die Einheimischen selbst das Festival als etwas ganz anderes als Tourismus.<\/p>\n<p>Die Besucher suchen nach einer \u00f6kologischen Philosophie: \u201eIndigene V\u00f6lker oder ethnische oder kulturelle Minderheiten aus allen Teilen der Welt werden als H\u00fcter des traditionellen Wissens \u00fcber ihre Umwelt und als ethische und technische Alternativen zum modernen Wirtschaftsmodell betrachtet\u201c, und so ist der Begriff \u201eIndigene V\u00f6lker\u201c mit Respekt vor Mutter Erde verbunden.<\/p>\n<div class=\"row\"  id=\"row-1448274004\">\n\n\n\t<div id=\"col-96198589\" class=\"col medium-2 small-12 large-2\"  >\n\t\t\t\t<div class=\"col-inner\"  >\n\t\t\t\n\t\t\t\n\n\n\t\t<\/div>\n\t\t\t\t\t<\/div>\n\n\t\n\n\t<div id=\"col-1551049624\" class=\"col medium-8 small-12 large-8\"  >\n\t\t\t\t<div class=\"col-inner\"  >\n\t\t\t\n\t\t\t\n\n<div class=\"video video-fit mb\" style=\"padding-top:56.25%;\"><p><iframe loading=\"lazy\" title=\"Yawanawa Nii Naya Naya Ne (Uniretreats Video)\" width=\"1020\" height=\"574\" src=\"https:\/\/www.youtube.com\/embed\/0TFNvCCWnqo?feature=oembed&#038;enablejsapi=1&#038;origin=https:\/\/www.sinchisinchi.com\" frameborder=\"0\" allow=\"accelerometer; autoplay; clipboard-write; encrypted-media; gyroscope; picture-in-picture; web-share\" referrerpolicy=\"strict-origin-when-cross-origin\" allowfullscreen><\/iframe><\/p>\n<\/div>\n\n\n\t\t<\/div>\n\t\t\t\t\t<\/div>\n\n\t\n\n\t<div id=\"col-275431877\" class=\"col medium-2 small-12 large-2\"  >\n\t\t\t\t<div class=\"col-inner\"  >\n\t\t\t\n\t\t\t\n\n\n\t\t<\/div>\n\t\t\t\t\t<\/div>\n\n\t\n\n<\/div>\n<p>F\u00fcr einige Yawanaw\u00e1 sind diese Feierlichkeiten nicht weit entfernt von den Versammlungen, die nur die V\u00f6lker der Region zusammenbrachten. Es ist ein Ort, an dem sie ihre Lebensweise mit Besuchern teilen. Schamanisches Wissen und schamanische Techniken befassen sich mit der Beziehung zu den Yuxin, den Geistern, die den Wald bewohnen und in das menschliche Leben eingreifen.<\/p>\n\t<div id=\"gap-1555207905\" class=\"gap-element clearfix\" style=\"display:block; height:auto;\">\n\t\t\n<style>\n#gap-1555207905 {\n  padding-top: 30px;\n}\n<\/style>\n\t<\/div>\n\t\n\n<h2 style=\"text-align: center;\">Kulturelle Ausbreitung von Ayahuasca<\/h2>\n<p>Vor Jahren erweiterte Gro\u00dfmutter Ayahuasca seine Grenzen, wurde durch andere Formen des Verst\u00e4ndnisses der Erfahrung interpretiert und entstand aus dem Amazonas-Regenwald. Zurzeit breitet sich diese Praxis zu einer globalen Bewegung aus, deren Zentrum zwischen Amerika und Europa liegt und die heterogen in ihren Ausdrucksformen ist.<\/p>\n<p>Das Zeitalter der <em>Kommunikation und der sozialen<\/em> <em>Medien<\/em> bricht an und erweitert seine Grenzen, insbesondere durch virtuelle Mittel. Das Volk der Yawanaw\u00e1 beteiligt sich an der Erweiterung des menschlichen Bewusstseins, indem es diese Pflanze bei Festen oder Zeremonien auf allen f\u00fcnf Kontinenten einnimmt.<\/p>\n<h2 style=\"text-align: center;\">Weiterlesen:<\/h2>\n<a href=\"https:\/\/www.sinchisinchi.com\/de\/wissen\/amazonische-staemme\/yawanawa\/musik\/\" class=\"button primary is-underline expand\" >\n\t\t<span>Yawanaw\u00e1-Musik<\/span>\n\t<\/a>\n\n\n\n","protected":false},"excerpt":{"rendered":"","protected":false},"author":1,"featured_media":0,"parent":3160,"menu_order":0,"comment_status":"closed","ping_status":"closed","template":"","meta":{"_joinchat":[],"footnotes":""},"class_list":["post-27251","page","type-page","status-publish","hentry"],"yoast_head":"<!-- This site is optimized with the Yoast SEO plugin v27.4 - https:\/\/yoast.com\/product\/yoast-seo-wordpress\/ -->\n<title>Zeremonien und Feste der Yawanaw\u00e1<\/title>\n<meta name=\"description\" content=\"Das Volk der Yawanaw\u00e1 beteiligt sich bei Festen und Zeremonien auf allen f\u00fcnf Kontinenten an der Erweiterung des menschlichen Bewusstseins.\" \/>\n<meta name=\"robots\" content=\"index, follow, max-snippet:-1, max-image-preview:large, max-video-preview:-1\" \/>\n<link rel=\"canonical\" href=\"https:\/\/www.sinchisinchi.com\/de\/staemme\/yawanawa\/zeremonien\/\" \/>\n<meta property=\"og:locale\" content=\"de_DE\" \/>\n<meta property=\"og:type\" content=\"article\" \/>\n<meta property=\"og:title\" content=\"Zeremonien und Feste der Yawanaw\u00e1\" \/>\n<meta property=\"og:description\" content=\"Das Volk der Yawanaw\u00e1 beteiligt sich bei Festen und Zeremonien auf allen f\u00fcnf Kontinenten an der Erweiterung des menschlichen Bewusstseins.\" \/>\n<meta property=\"og:url\" content=\"https:\/\/www.sinchisinchi.com\/de\/staemme\/yawanawa\/zeremonien\/\" \/>\n<meta property=\"og:site_name\" content=\"SINCHI RAP\u00c9\" \/>\n<meta property=\"article:publisher\" content=\"https:\/\/www.facebook.com\/sinchirape\/\" \/>\n<meta property=\"article:modified_time\" content=\"2026-03-04T14:18:32+00:00\" \/>\n<meta name=\"twitter:card\" content=\"summary_large_image\" \/>\n<meta name=\"twitter:label1\" content=\"Gesch\u00e4tzte Lesezeit\" \/>\n\t<meta name=\"twitter:data1\" content=\"6\u00a0Minuten\" \/>\n<script type=\"application\/ld+json\" class=\"yoast-schema-graph\">{\"@context\":\"https:\\\/\\\/schema.org\",\"@graph\":[{\"@type\":\"WebPage\",\"@id\":\"https:\\\/\\\/www.sinchisinchi.com\\\/de\\\/staemme\\\/yawanawa\\\/zeremonien\\\/\",\"url\":\"https:\\\/\\\/www.sinchisinchi.com\\\/de\\\/staemme\\\/yawanawa\\\/zeremonien\\\/\",\"name\":\"Zeremonien und Feste der Yawanaw\u00e1\",\"isPartOf\":{\"@id\":\"https:\\\/\\\/www.sinchisinchi.com\\\/de\\\/#website\"},\"datePublished\":\"2025-05-02T09:57:25+00:00\",\"dateModified\":\"2026-03-04T14:18:32+00:00\",\"description\":\"Das Volk der Yawanaw\u00e1 beteiligt sich bei Festen und Zeremonien auf allen f\u00fcnf Kontinenten an der Erweiterung des menschlichen Bewusstseins.\",\"breadcrumb\":{\"@id\":\"https:\\\/\\\/www.sinchisinchi.com\\\/de\\\/staemme\\\/yawanawa\\\/zeremonien\\\/#breadcrumb\"},\"inLanguage\":\"de\",\"potentialAction\":[{\"@type\":\"ReadAction\",\"target\":[\"https:\\\/\\\/www.sinchisinchi.com\\\/de\\\/staemme\\\/yawanawa\\\/zeremonien\\\/\"]}]},{\"@type\":\"BreadcrumbList\",\"@id\":\"https:\\\/\\\/www.sinchisinchi.com\\\/de\\\/staemme\\\/yawanawa\\\/zeremonien\\\/#breadcrumb\",\"itemListElement\":[{\"@type\":\"ListItem\",\"position\":1,\"name\":\"Titelseite\",\"item\":\"https:\\\/\\\/www.sinchisinchi.com\\\/de\\\/\"},{\"@type\":\"ListItem\",\"position\":2,\"name\":\"Amazonische St\u00e4mme\",\"item\":\"https:\\\/\\\/www.sinchisinchi.com\\\/de\\\/staemme\\\/\"},{\"@type\":\"ListItem\",\"position\":3,\"name\":\"Yawanaw\u00e1\",\"item\":\"https:\\\/\\\/www.sinchisinchi.com\\\/de\\\/staemme\\\/yawanawa\\\/\"},{\"@type\":\"ListItem\",\"position\":4,\"name\":\"Zeremonien\"}]},{\"@type\":\"WebSite\",\"@id\":\"https:\\\/\\\/www.sinchisinchi.com\\\/de\\\/#website\",\"url\":\"https:\\\/\\\/www.sinchisinchi.com\\\/de\\\/\",\"name\":\"SINCHI\",\"description\":\"Sinchi Medicine\",\"publisher\":{\"@id\":\"https:\\\/\\\/www.sinchisinchi.com\\\/de\\\/#organization\"},\"potentialAction\":[{\"@type\":\"SearchAction\",\"target\":{\"@type\":\"EntryPoint\",\"urlTemplate\":\"https:\\\/\\\/www.sinchisinchi.com\\\/de\\\/?s={search_term_string}\"},\"query-input\":{\"@type\":\"PropertyValueSpecification\",\"valueRequired\":true,\"valueName\":\"search_term_string\"}}],\"inLanguage\":\"de\"},{\"@type\":\"Organization\",\"@id\":\"https:\\\/\\\/www.sinchisinchi.com\\\/de\\\/#organization\",\"name\":\"SINCHI S.L\",\"url\":\"https:\\\/\\\/www.sinchisinchi.com\\\/de\\\/\",\"logo\":{\"@type\":\"ImageObject\",\"inLanguage\":\"de\",\"@id\":\"https:\\\/\\\/www.sinchisinchi.com\\\/de\\\/#\\\/schema\\\/logo\\\/image\\\/\",\"url\":\"https:\\\/\\\/www.sinchisinchi.com\\\/wp-content\\\/uploads\\\/2026\\\/01\\\/3b-Verde-SIMPLIFICADO-HORIZONTAL-F-TRANSPARENTE-scaled.png\",\"contentUrl\":\"https:\\\/\\\/www.sinchisinchi.com\\\/wp-content\\\/uploads\\\/2026\\\/01\\\/3b-Verde-SIMPLIFICADO-HORIZONTAL-F-TRANSPARENTE-scaled.png\",\"width\":2560,\"height\":457,\"caption\":\"SINCHI S.L\"},\"image\":{\"@id\":\"https:\\\/\\\/www.sinchisinchi.com\\\/de\\\/#\\\/schema\\\/logo\\\/image\\\/\"},\"sameAs\":[\"https:\\\/\\\/www.facebook.com\\\/sinchirape\\\/\",\"https:\\\/\\\/www.instagram.com\\\/sinchi_rape\\\/\"]}]}<\/script>\n<!-- \/ Yoast SEO plugin. -->","yoast_head_json":{"title":"Zeremonien und Feste der Yawanaw\u00e1","description":"Das Volk der Yawanaw\u00e1 beteiligt sich bei Festen und Zeremonien auf allen f\u00fcnf Kontinenten an der Erweiterung des menschlichen Bewusstseins.","robots":{"index":"index","follow":"follow","max-snippet":"max-snippet:-1","max-image-preview":"max-image-preview:large","max-video-preview":"max-video-preview:-1"},"canonical":"https:\/\/www.sinchisinchi.com\/de\/staemme\/yawanawa\/zeremonien\/","og_locale":"de_DE","og_type":"article","og_title":"Zeremonien und Feste der Yawanaw\u00e1","og_description":"Das Volk der Yawanaw\u00e1 beteiligt sich bei Festen und Zeremonien auf allen f\u00fcnf Kontinenten an der Erweiterung des menschlichen Bewusstseins.","og_url":"https:\/\/www.sinchisinchi.com\/de\/staemme\/yawanawa\/zeremonien\/","og_site_name":"SINCHI RAP\u00c9","article_publisher":"https:\/\/www.facebook.com\/sinchirape\/","article_modified_time":"2026-03-04T14:18:32+00:00","twitter_card":"summary_large_image","twitter_misc":{"Gesch\u00e4tzte Lesezeit":"6\u00a0Minuten"},"schema":{"@context":"https:\/\/schema.org","@graph":[{"@type":"WebPage","@id":"https:\/\/www.sinchisinchi.com\/de\/staemme\/yawanawa\/zeremonien\/","url":"https:\/\/www.sinchisinchi.com\/de\/staemme\/yawanawa\/zeremonien\/","name":"Zeremonien und Feste der Yawanaw\u00e1","isPartOf":{"@id":"https:\/\/www.sinchisinchi.com\/de\/#website"},"datePublished":"2025-05-02T09:57:25+00:00","dateModified":"2026-03-04T14:18:32+00:00","description":"Das Volk der Yawanaw\u00e1 beteiligt sich bei Festen und Zeremonien auf allen f\u00fcnf Kontinenten an der Erweiterung des menschlichen Bewusstseins.","breadcrumb":{"@id":"https:\/\/www.sinchisinchi.com\/de\/staemme\/yawanawa\/zeremonien\/#breadcrumb"},"inLanguage":"de","potentialAction":[{"@type":"ReadAction","target":["https:\/\/www.sinchisinchi.com\/de\/staemme\/yawanawa\/zeremonien\/"]}]},{"@type":"BreadcrumbList","@id":"https:\/\/www.sinchisinchi.com\/de\/staemme\/yawanawa\/zeremonien\/#breadcrumb","itemListElement":[{"@type":"ListItem","position":1,"name":"Titelseite","item":"https:\/\/www.sinchisinchi.com\/de\/"},{"@type":"ListItem","position":2,"name":"Amazonische St\u00e4mme","item":"https:\/\/www.sinchisinchi.com\/de\/staemme\/"},{"@type":"ListItem","position":3,"name":"Yawanaw\u00e1","item":"https:\/\/www.sinchisinchi.com\/de\/staemme\/yawanawa\/"},{"@type":"ListItem","position":4,"name":"Zeremonien"}]},{"@type":"WebSite","@id":"https:\/\/www.sinchisinchi.com\/de\/#website","url":"https:\/\/www.sinchisinchi.com\/de\/","name":"SINCHI","description":"Sinchi Medicine","publisher":{"@id":"https:\/\/www.sinchisinchi.com\/de\/#organization"},"potentialAction":[{"@type":"SearchAction","target":{"@type":"EntryPoint","urlTemplate":"https:\/\/www.sinchisinchi.com\/de\/?s={search_term_string}"},"query-input":{"@type":"PropertyValueSpecification","valueRequired":true,"valueName":"search_term_string"}}],"inLanguage":"de"},{"@type":"Organization","@id":"https:\/\/www.sinchisinchi.com\/de\/#organization","name":"SINCHI S.L","url":"https:\/\/www.sinchisinchi.com\/de\/","logo":{"@type":"ImageObject","inLanguage":"de","@id":"https:\/\/www.sinchisinchi.com\/de\/#\/schema\/logo\/image\/","url":"https:\/\/www.sinchisinchi.com\/wp-content\/uploads\/2026\/01\/3b-Verde-SIMPLIFICADO-HORIZONTAL-F-TRANSPARENTE-scaled.png","contentUrl":"https:\/\/www.sinchisinchi.com\/wp-content\/uploads\/2026\/01\/3b-Verde-SIMPLIFICADO-HORIZONTAL-F-TRANSPARENTE-scaled.png","width":2560,"height":457,"caption":"SINCHI S.L"},"image":{"@id":"https:\/\/www.sinchisinchi.com\/de\/#\/schema\/logo\/image\/"},"sameAs":["https:\/\/www.facebook.com\/sinchirape\/","https:\/\/www.instagram.com\/sinchi_rape\/"]}]}},"_links":{"self":[{"href":"https:\/\/www.sinchisinchi.com\/de\/wp-json\/wp\/v2\/pages\/27251","targetHints":{"allow":["GET"]}}],"collection":[{"href":"https:\/\/www.sinchisinchi.com\/de\/wp-json\/wp\/v2\/pages"}],"about":[{"href":"https:\/\/www.sinchisinchi.com\/de\/wp-json\/wp\/v2\/types\/page"}],"author":[{"embeddable":true,"href":"https:\/\/www.sinchisinchi.com\/de\/wp-json\/wp\/v2\/users\/1"}],"replies":[{"embeddable":true,"href":"https:\/\/www.sinchisinchi.com\/de\/wp-json\/wp\/v2\/comments?post=27251"}],"version-history":[{"count":1,"href":"https:\/\/www.sinchisinchi.com\/de\/wp-json\/wp\/v2\/pages\/27251\/revisions"}],"predecessor-version":[{"id":30128,"href":"https:\/\/www.sinchisinchi.com\/de\/wp-json\/wp\/v2\/pages\/27251\/revisions\/30128"}],"up":[{"embeddable":true,"href":"https:\/\/www.sinchisinchi.com\/de\/wp-json\/wp\/v2\/pages\/3160"}],"wp:attachment":[{"href":"https:\/\/www.sinchisinchi.com\/de\/wp-json\/wp\/v2\/media?parent=27251"}],"curies":[{"name":"wp","href":"https:\/\/api.w.org\/{rel}","templated":true}]}}