{"id":2746,"date":"2020-12-25T23:05:29","date_gmt":"2020-12-25T23:05:29","guid":{"rendered":"https:\/\/www.sinchisinchi.com\/heiliger-tabak\/rape-schnupftabak-vorteile\/"},"modified":"2026-03-04T20:04:45","modified_gmt":"2026-03-04T20:04:45","slug":"vorteile","status":"publish","type":"page","link":"https:\/\/www.sinchisinchi.com\/de\/wissen\/was-ist-rape-schnupftabak\/vorteile\/","title":{"rendered":"Auswirkungen von Rap\u00e9"},"content":{"rendered":"\n<h1 style=\"text-align: center;\">Auswirkungen von Rap\u00e9<\/h1>\n<h2 style=\"text-align: center;\">Vorteile von Rap\u00e9 auf energetischer und emotionaler Ebene:<\/h2>\n<p>F\u00fcr die Amazonas-St\u00e4mme ist Rap\u00e9 ein Kraftwerkzeug, das die Wahrnehmung reinigt, den Geist kl\u00e4rt und h\u00f6here Energiekan\u00e4le \u00f6ffnet und uns mit dem h\u00f6chsten Wesen verbindet.<\/p>\n<p>Durch das<strong> Stoppen des inneren Dialogs<\/strong> hilft Ihnen Schnupftabak, wirklich pr\u00e4sent zu sein und \u00fcber Interpretationen hinauszusehen, wodurch ein direkter meditativer Zustand hervorgerufen wird. Es ist eine unsch\u00e4tzbare Hilfe, wiederkehrende mentale Prozesse zu beruhigen und unausgeglichene emotionale Zust\u00e4nde wieder ins Gleichgewicht zu bringen.<\/p>\n<p>Bei richtiger Anwendung ist Rap\u00e9 ein direkter Weg, sich dieser energetischen und emotionalen Ladungen bewusst zu werden, Blockaden zu l\u00f6sen und zu heilen, die sich in \u00c4ngsten, Depressionen, Unruhen, Gef\u00fchlen der Verlassenheit, Eifersucht, Frustration, Schlaflosigkeit usw. niederschlagen.<\/p>\n<p>Es ist von gro\u00dfer Hilfe, <strong>geistige Klarheit<\/strong> zu haben, wenn hohe Konzentration erforderlich ist, da es einen meditativen Zustand hervorruft.<\/p>\n<p>Beim Empfang von Rap\u00e9 steigt die Medizin auf und reinigt, ordnet und richtet das Energiefeld aus, insbesondere das dritte Auge und die Kronenchakren. Rap\u00e9 runden in Medizinzirkeln sowie bei der Einnahme von Ayahuasca oder anderen Meisterpflanzen dienen der Synchronisierung und Angleichung der Aufmerksamkeit und Wahrnehmung der Teilnehmer.<\/p>\n<div class=\"row\"  id=\"row-1032315796\">\n\n\n\t<div id=\"col-167606406\" class=\"col medium-6 small-12 large-6\"  >\n\t\t\t\t<div class=\"col-inner\"  >\n\t\t\t\n\t\t\t\n\n\t<div class=\"img has-hover x md-x lg-x y md-y lg-y\" id=\"image_1076955716\">\n\t\t\t\t\t\t\t\t<div class=\"img-inner dark\" >\n\t\t\t<img loading=\"lazy\" decoding=\"async\" width=\"868\" height=\"563\" src=\"https:\/\/www.sinchisinchi.com\/wp-content\/uploads\/2024\/07\/R-dibujos-de-rape2-1.jpg\" class=\"attachment-large size-large\" alt=\"\" srcset=\"https:\/\/www.sinchisinchi.com\/wp-content\/uploads\/2024\/07\/R-dibujos-de-rape2-1.jpg 868w, https:\/\/www.sinchisinchi.com\/wp-content\/uploads\/2024\/07\/R-dibujos-de-rape2-1-600x389.jpg 600w, https:\/\/www.sinchisinchi.com\/wp-content\/uploads\/2024\/07\/R-dibujos-de-rape2-1-768x498.jpg 768w, https:\/\/www.sinchisinchi.com\/wp-content\/uploads\/2024\/07\/R-dibujos-de-rape2-1-247x160.jpg 247w, https:\/\/www.sinchisinchi.com\/wp-content\/uploads\/2024\/07\/R-dibujos-de-rape2-1-510x331.jpg 510w\" sizes=\"auto, (max-width: 868px) 100vw, 868px\" \/>\t\t\t\t\t\t\n\t\t\t\t\t<\/div>\n\t\t\t\t\t\t\t\t\n<style>\n#image_1076955716 {\n  width: 100%;\n}\n<\/style>\n\t<\/div>\n\t\n\n\n\t\t<\/div>\n\t\t\t\t\t<\/div>\n\n\t\n\n\t<div id=\"col-1440493268\" class=\"col medium-6 small-12 large-6\"  >\n\t\t\t\t<div class=\"col-inner\"  >\n\t\t\t\n\t\t\t\n\n\t<div class=\"img has-hover x md-x lg-x y md-y lg-y\" id=\"image_1608547803\">\n\t\t\t\t\t\t\t\t<div class=\"img-inner dark\" >\n\t\t\t<img loading=\"lazy\" decoding=\"async\" width=\"868\" height=\"563\" src=\"https:\/\/www.sinchisinchi.com\/wp-content\/uploads\/2024\/07\/R-Flor-del-mapacho2-3.jpg\" class=\"attachment-large size-large\" alt=\"\" srcset=\"https:\/\/www.sinchisinchi.com\/wp-content\/uploads\/2024\/07\/R-Flor-del-mapacho2-3.jpg 868w, https:\/\/www.sinchisinchi.com\/wp-content\/uploads\/2024\/07\/R-Flor-del-mapacho2-3-600x389.jpg 600w, https:\/\/www.sinchisinchi.com\/wp-content\/uploads\/2024\/07\/R-Flor-del-mapacho2-3-768x498.jpg 768w, https:\/\/www.sinchisinchi.com\/wp-content\/uploads\/2024\/07\/R-Flor-del-mapacho2-3-247x160.jpg 247w, https:\/\/www.sinchisinchi.com\/wp-content\/uploads\/2024\/07\/R-Flor-del-mapacho2-3-510x331.jpg 510w\" sizes=\"auto, (max-width: 868px) 100vw, 868px\" \/>\t\t\t\t\t\t\n\t\t\t\t\t<\/div>\n\t\t\t\t\t\t\t\t\n<style>\n#image_1608547803 {\n  width: 100%;\n}\n<\/style>\n\t<\/div>\n\t\n\n\n\t\t<\/div>\n\t\t\t\t\t<\/div>\n\n\t\n\n<\/div>\n<h2 style=\"text-align: center;\">Vorteile von Rap\u00e9 auf k\u00f6rperlicher Ebene:<\/h2>\n<p>Wertvoll sind auch die Wirkungen von Rap\u00e9 auf k\u00f6rperlicher Ebene: Es ist sehr wirksam bei der Behandlung von Atemwegserkrankungen, insbesondere Sinusitis, chronischer Bronchitis, Lungenentz\u00fcndung und Tuberkulose. Es wirkt auch gegen anhaltende Kopfschmerzen, Migr\u00e4ne, Verdauungsprobleme und Allergien.<\/p>\n<p>Rap\u00e9 immunisiert auch gegen Erkrankungen der Atemwege, ist ein starkes Analgetikum, lindert Kopf- und Gliederschmerzen und wirkt entspannend und fiebersenkend.<\/p>\n<p>Ein Teil davon kann in das Verdauungssystem gelangen, wo es entwurmt und zur Reinigung von Magen und Darm beitr\u00e4gt. Im Rahmen dieser Reinigung kann es zu Erbrechen kommen.<\/p>\n<p>Dar\u00fcber hinaus ist bekannt, dass Rap\u00e9 auf die Zirbeldr\u00fcse wirkt. Die Gestalttherapeutin und Spezialistin f\u00fcr die Verwendung von Heilpflanzen, Hendara Rico, sagte der Zeitung Efe: \u201eDie Zirbeldr\u00fcse wird durch einige Substanzen des t\u00e4glichen Gebrauchs wie Fluorid verkalkt und taub, und Schnupftabak entkalkt diese Dr\u00fcse.\u201c<\/p>\n<p>Es hilft dabei, den Reinigungszyklus der Lunge wieder in Gang zu bringen und bewirkt die Ausscheidung von Schleim und Fremdk\u00f6rpern. Es wird dringend f\u00fcr Asthmatiker empfohlen.<\/p>\n<p>Schnupftabak wird auch als schmerzstillende Substanz verwendet, die M\u00fcdigkeit, Schmerzen, Hunger und Durst lindert.<\/p>\n<p>Schnupftabak auf Waschb\u00e4renbasis enth\u00e4lt Nikotin, daher erh\u00f6ht seine Verwendung die Durchblutung des Gehirns und beeinflusst die Freisetzung mehrerer Neurotransmitter, die zu antidepressiven und stimulierenden Wirkungen f\u00fchren.<\/p>\n<p>Es ist auch ein ausgezeichnetes<strong> Heil- und Antibiotikum<\/strong>, das bei Wunden angewendet wird, insbesondere bei Wunden, die Salbei und Lavendel enthalten.<\/p>\n<div class=\"row\"  id=\"row-403559187\">\n\n\n\t<div id=\"col-1544743141\" class=\"col medium-6 small-12 large-6\"  >\n\t\t\t\t<div class=\"col-inner\"  >\n\t\t\t\n\t\t\t\n\n\t<div class=\"img has-hover x md-x lg-x y md-y lg-y\" id=\"image_1540335469\">\n\t\t\t\t\t\t\t\t<div class=\"img-inner dark\" >\n\t\t\t<img loading=\"lazy\" decoding=\"async\" width=\"868\" height=\"563\" src=\"https:\/\/www.sinchisinchi.com\/wp-content\/uploads\/2024\/07\/R-toma-de-rape3-1.jpg\" class=\"attachment-large size-large\" alt=\"\" srcset=\"https:\/\/www.sinchisinchi.com\/wp-content\/uploads\/2024\/07\/R-toma-de-rape3-1.jpg 868w, https:\/\/www.sinchisinchi.com\/wp-content\/uploads\/2024\/07\/R-toma-de-rape3-1-600x389.jpg 600w, https:\/\/www.sinchisinchi.com\/wp-content\/uploads\/2024\/07\/R-toma-de-rape3-1-768x498.jpg 768w, https:\/\/www.sinchisinchi.com\/wp-content\/uploads\/2024\/07\/R-toma-de-rape3-1-247x160.jpg 247w, https:\/\/www.sinchisinchi.com\/wp-content\/uploads\/2024\/07\/R-toma-de-rape3-1-510x331.jpg 510w\" sizes=\"auto, (max-width: 868px) 100vw, 868px\" \/>\t\t\t\t\t\t\n\t\t\t\t\t<\/div>\n\t\t\t\t\t\t\t\t\n<style>\n#image_1540335469 {\n  width: 100%;\n}\n<\/style>\n\t<\/div>\n\t\n\n\n\t\t<\/div>\n\t\t\t\t\t<\/div>\n\n\t\n\n\t<div id=\"col-303189370\" class=\"col medium-6 small-12 large-6\"  >\n\t\t\t\t<div class=\"col-inner\"  >\n\t\t\t\n\t\t\t\n\n\t<div class=\"img has-hover x md-x lg-x y md-y lg-y\" id=\"image_1219530403\">\n\t\t\t\t\t\t\t\t<div class=\"img-inner dark\" >\n\t\t\t<img loading=\"lazy\" decoding=\"async\" width=\"868\" height=\"563\" src=\"https:\/\/www.sinchisinchi.com\/wp-content\/uploads\/2024\/07\/R-historia-del-tabaco1-1.jpg\" class=\"attachment-large size-large\" alt=\"\" srcset=\"https:\/\/www.sinchisinchi.com\/wp-content\/uploads\/2024\/07\/R-historia-del-tabaco1-1.jpg 868w, https:\/\/www.sinchisinchi.com\/wp-content\/uploads\/2024\/07\/R-historia-del-tabaco1-1-600x389.jpg 600w, https:\/\/www.sinchisinchi.com\/wp-content\/uploads\/2024\/07\/R-historia-del-tabaco1-1-768x498.jpg 768w, https:\/\/www.sinchisinchi.com\/wp-content\/uploads\/2024\/07\/R-historia-del-tabaco1-1-247x160.jpg 247w, https:\/\/www.sinchisinchi.com\/wp-content\/uploads\/2024\/07\/R-historia-del-tabaco1-1-510x331.jpg 510w\" sizes=\"auto, (max-width: 868px) 100vw, 868px\" \/>\t\t\t\t\t\t\n\t\t\t\t\t<\/div>\n\t\t\t\t\t\t\t\t\n<style>\n#image_1219530403 {\n  width: 100%;\n}\n<\/style>\n\t<\/div>\n\t\n\n\n\t\t<\/div>\n\t\t\t\t\t<\/div>\n\n\t\n\n<\/div>\n\t<div id=\"gap-748282446\" class=\"gap-element clearfix\" style=\"display:block; height:auto;\">\n\t\t\n<style>\n#gap-748282446 {\n  padding-top: 30px;\n}\n<\/style>\n\t<\/div>\n\t\n\n<div class=\"row align-bottom\"  id=\"row-1396652141\">\n\n\n\t<div id=\"col-1224545589\" class=\"col medium-4 small-12 large-4\"  >\n\t\t\t\t<div class=\"col-inner\"  >\n\t\t\t\n\t\t\t\n\n\n\t\t<\/div>\n\t\t\t\t\t<\/div>\n\n\t\n\n\t<div id=\"col-1592202838\" class=\"col medium-4 small-12 large-4\"  >\n\t\t\t\t<div class=\"col-inner\"  >\n\t\t\t\n\t\t\t\n\n<a href=\"https:\/\/www.sinchisinchi.com\/de\/wissen\/was-ist-rape-schnupftabak\/zeremonie\/\" class=\"button primary is-underline reveal-icon expand\" >\n\t\t<span>mehr lesen<\/span>\n\t<i class=\"icon-angle-right\" aria-hidden=\"true\"><\/i><\/a>\n\n\n\n\t\t<\/div>\n\t\t\t\t\t<\/div>\n\n\t\n\n\t<div id=\"col-949907771\" class=\"col medium-4 small-12 large-4\"  >\n\t\t\t\t<div class=\"col-inner\"  >\n\t\t\t\n\t\t\t\n\n\n\t\t<\/div>\n\t\t\t\t\t<\/div>\n\n\t\n\n<\/div>\n\n","protected":false},"excerpt":{"rendered":"","protected":false},"author":1,"featured_media":0,"parent":2722,"menu_order":0,"comment_status":"closed","ping_status":"closed","template":"","meta":{"_joinchat":[],"footnotes":""},"class_list":["post-2746","page","type-page","status-publish","hentry"],"yoast_head":"<!-- This site is optimized with the Yoast SEO plugin v27.4 - https:\/\/yoast.com\/product\/yoast-seo-wordpress\/ -->\n<title>Auswirkungen von Rap\u00e9: K\u00f6rperliche und spirituelle Kr\u00e4fte von Rap\u00e9<\/title>\n<meta name=\"description\" content=\"Wirkung von Rap\u00e9: Rap\u00e9 ist ein Kraftwerkzeug, das unsere Wahrnehmung reinigt, den Geist kl\u00e4rt und die Verbindung f\u00f6rdert.\" \/>\n<meta name=\"robots\" content=\"index, follow, max-snippet:-1, max-image-preview:large, max-video-preview:-1\" \/>\n<link rel=\"canonical\" href=\"https:\/\/www.sinchisinchi.com\/de\/wissen\/was-ist-rape-schnupftabak\/vorteile\/\" \/>\n<meta property=\"og:locale\" content=\"de_DE\" \/>\n<meta property=\"og:type\" content=\"article\" \/>\n<meta property=\"og:title\" content=\"Auswirkungen von Rap\u00e9: K\u00f6rperliche und spirituelle Kr\u00e4fte von Rap\u00e9\" \/>\n<meta property=\"og:description\" content=\"Wirkung von Rap\u00e9: Rap\u00e9 ist ein Kraftwerkzeug, das unsere Wahrnehmung reinigt, den Geist kl\u00e4rt und die Verbindung f\u00f6rdert.\" \/>\n<meta property=\"og:url\" content=\"https:\/\/www.sinchisinchi.com\/de\/wissen\/was-ist-rape-schnupftabak\/vorteile\/\" \/>\n<meta property=\"og:site_name\" content=\"SINCHI RAP\u00c9\" \/>\n<meta property=\"article:publisher\" content=\"https:\/\/www.facebook.com\/sinchirape\/\" \/>\n<meta property=\"article:modified_time\" content=\"2026-03-04T20:04:45+00:00\" \/>\n<meta name=\"twitter:card\" content=\"summary_large_image\" \/>\n<meta name=\"twitter:label1\" content=\"Gesch\u00e4tzte Lesezeit\" \/>\n\t<meta name=\"twitter:data1\" content=\"3\u00a0Minuten\" \/>\n<script type=\"application\/ld+json\" class=\"yoast-schema-graph\">{\"@context\":\"https:\\\/\\\/schema.org\",\"@graph\":[{\"@type\":\"WebPage\",\"@id\":\"https:\\\/\\\/www.sinchisinchi.com\\\/de\\\/wissen\\\/was-ist-rape-schnupftabak\\\/vorteile\\\/\",\"url\":\"https:\\\/\\\/www.sinchisinchi.com\\\/de\\\/wissen\\\/was-ist-rape-schnupftabak\\\/vorteile\\\/\",\"name\":\"Auswirkungen von Rap\u00e9: K\u00f6rperliche und spirituelle Kr\u00e4fte von Rap\u00e9\",\"isPartOf\":{\"@id\":\"https:\\\/\\\/www.sinchisinchi.com\\\/de\\\/#website\"},\"datePublished\":\"2020-12-25T23:05:29+00:00\",\"dateModified\":\"2026-03-04T20:04:45+00:00\",\"description\":\"Wirkung von Rap\u00e9: Rap\u00e9 ist ein Kraftwerkzeug, das unsere Wahrnehmung reinigt, den Geist kl\u00e4rt und die Verbindung f\u00f6rdert.\",\"breadcrumb\":{\"@id\":\"https:\\\/\\\/www.sinchisinchi.com\\\/de\\\/wissen\\\/was-ist-rape-schnupftabak\\\/vorteile\\\/#breadcrumb\"},\"inLanguage\":\"de\",\"potentialAction\":[{\"@type\":\"ReadAction\",\"target\":[\"https:\\\/\\\/www.sinchisinchi.com\\\/de\\\/wissen\\\/was-ist-rape-schnupftabak\\\/vorteile\\\/\"]}]},{\"@type\":\"BreadcrumbList\",\"@id\":\"https:\\\/\\\/www.sinchisinchi.com\\\/de\\\/wissen\\\/was-ist-rape-schnupftabak\\\/vorteile\\\/#breadcrumb\",\"itemListElement\":[{\"@type\":\"ListItem\",\"position\":1,\"name\":\"Titelseite\",\"item\":\"https:\\\/\\\/www.sinchisinchi.com\\\/de\\\/\"},{\"@type\":\"ListItem\",\"position\":2,\"name\":\"Wissen\",\"item\":\"https:\\\/\\\/www.sinchisinchi.com\\\/de\\\/wissen\\\/\"},{\"@type\":\"ListItem\",\"position\":3,\"name\":\"Was ist Rap\u00e9?\",\"item\":\"https:\\\/\\\/www.sinchisinchi.com\\\/de\\\/conoscenza\\\/cose-rape\\\/\"},{\"@type\":\"ListItem\",\"position\":4,\"name\":\"Auswirkungen von Rap\u00e9\"}]},{\"@type\":\"WebSite\",\"@id\":\"https:\\\/\\\/www.sinchisinchi.com\\\/de\\\/#website\",\"url\":\"https:\\\/\\\/www.sinchisinchi.com\\\/de\\\/\",\"name\":\"SINCHI\",\"description\":\"Sinchi Medicine\",\"publisher\":{\"@id\":\"https:\\\/\\\/www.sinchisinchi.com\\\/de\\\/#organization\"},\"potentialAction\":[{\"@type\":\"SearchAction\",\"target\":{\"@type\":\"EntryPoint\",\"urlTemplate\":\"https:\\\/\\\/www.sinchisinchi.com\\\/de\\\/?s={search_term_string}\"},\"query-input\":{\"@type\":\"PropertyValueSpecification\",\"valueRequired\":true,\"valueName\":\"search_term_string\"}}],\"inLanguage\":\"de\"},{\"@type\":\"Organization\",\"@id\":\"https:\\\/\\\/www.sinchisinchi.com\\\/de\\\/#organization\",\"name\":\"SINCHI S.L\",\"url\":\"https:\\\/\\\/www.sinchisinchi.com\\\/de\\\/\",\"logo\":{\"@type\":\"ImageObject\",\"inLanguage\":\"de\",\"@id\":\"https:\\\/\\\/www.sinchisinchi.com\\\/de\\\/#\\\/schema\\\/logo\\\/image\\\/\",\"url\":\"https:\\\/\\\/www.sinchisinchi.com\\\/wp-content\\\/uploads\\\/2026\\\/01\\\/3b-Verde-SIMPLIFICADO-HORIZONTAL-F-TRANSPARENTE-scaled.png\",\"contentUrl\":\"https:\\\/\\\/www.sinchisinchi.com\\\/wp-content\\\/uploads\\\/2026\\\/01\\\/3b-Verde-SIMPLIFICADO-HORIZONTAL-F-TRANSPARENTE-scaled.png\",\"width\":2560,\"height\":457,\"caption\":\"SINCHI S.L\"},\"image\":{\"@id\":\"https:\\\/\\\/www.sinchisinchi.com\\\/de\\\/#\\\/schema\\\/logo\\\/image\\\/\"},\"sameAs\":[\"https:\\\/\\\/www.facebook.com\\\/sinchirape\\\/\",\"https:\\\/\\\/www.instagram.com\\\/sinchi_rape\\\/\"]}]}<\/script>\n<!-- \/ Yoast SEO plugin. -->","yoast_head_json":{"title":"Auswirkungen von Rap\u00e9: K\u00f6rperliche und spirituelle Kr\u00e4fte von Rap\u00e9","description":"Wirkung von Rap\u00e9: Rap\u00e9 ist ein Kraftwerkzeug, das unsere Wahrnehmung reinigt, den Geist kl\u00e4rt und die Verbindung f\u00f6rdert.","robots":{"index":"index","follow":"follow","max-snippet":"max-snippet:-1","max-image-preview":"max-image-preview:large","max-video-preview":"max-video-preview:-1"},"canonical":"https:\/\/www.sinchisinchi.com\/de\/wissen\/was-ist-rape-schnupftabak\/vorteile\/","og_locale":"de_DE","og_type":"article","og_title":"Auswirkungen von Rap\u00e9: K\u00f6rperliche und spirituelle Kr\u00e4fte von Rap\u00e9","og_description":"Wirkung von Rap\u00e9: Rap\u00e9 ist ein Kraftwerkzeug, das unsere Wahrnehmung reinigt, den Geist kl\u00e4rt und die Verbindung f\u00f6rdert.","og_url":"https:\/\/www.sinchisinchi.com\/de\/wissen\/was-ist-rape-schnupftabak\/vorteile\/","og_site_name":"SINCHI RAP\u00c9","article_publisher":"https:\/\/www.facebook.com\/sinchirape\/","article_modified_time":"2026-03-04T20:04:45+00:00","twitter_card":"summary_large_image","twitter_misc":{"Gesch\u00e4tzte Lesezeit":"3\u00a0Minuten"},"schema":{"@context":"https:\/\/schema.org","@graph":[{"@type":"WebPage","@id":"https:\/\/www.sinchisinchi.com\/de\/wissen\/was-ist-rape-schnupftabak\/vorteile\/","url":"https:\/\/www.sinchisinchi.com\/de\/wissen\/was-ist-rape-schnupftabak\/vorteile\/","name":"Auswirkungen von Rap\u00e9: K\u00f6rperliche und spirituelle Kr\u00e4fte von Rap\u00e9","isPartOf":{"@id":"https:\/\/www.sinchisinchi.com\/de\/#website"},"datePublished":"2020-12-25T23:05:29+00:00","dateModified":"2026-03-04T20:04:45+00:00","description":"Wirkung von Rap\u00e9: Rap\u00e9 ist ein Kraftwerkzeug, das unsere Wahrnehmung reinigt, den Geist kl\u00e4rt und die Verbindung f\u00f6rdert.","breadcrumb":{"@id":"https:\/\/www.sinchisinchi.com\/de\/wissen\/was-ist-rape-schnupftabak\/vorteile\/#breadcrumb"},"inLanguage":"de","potentialAction":[{"@type":"ReadAction","target":["https:\/\/www.sinchisinchi.com\/de\/wissen\/was-ist-rape-schnupftabak\/vorteile\/"]}]},{"@type":"BreadcrumbList","@id":"https:\/\/www.sinchisinchi.com\/de\/wissen\/was-ist-rape-schnupftabak\/vorteile\/#breadcrumb","itemListElement":[{"@type":"ListItem","position":1,"name":"Titelseite","item":"https:\/\/www.sinchisinchi.com\/de\/"},{"@type":"ListItem","position":2,"name":"Wissen","item":"https:\/\/www.sinchisinchi.com\/de\/wissen\/"},{"@type":"ListItem","position":3,"name":"Was ist Rap\u00e9?","item":"https:\/\/www.sinchisinchi.com\/de\/conoscenza\/cose-rape\/"},{"@type":"ListItem","position":4,"name":"Auswirkungen von Rap\u00e9"}]},{"@type":"WebSite","@id":"https:\/\/www.sinchisinchi.com\/de\/#website","url":"https:\/\/www.sinchisinchi.com\/de\/","name":"SINCHI","description":"Sinchi Medicine","publisher":{"@id":"https:\/\/www.sinchisinchi.com\/de\/#organization"},"potentialAction":[{"@type":"SearchAction","target":{"@type":"EntryPoint","urlTemplate":"https:\/\/www.sinchisinchi.com\/de\/?s={search_term_string}"},"query-input":{"@type":"PropertyValueSpecification","valueRequired":true,"valueName":"search_term_string"}}],"inLanguage":"de"},{"@type":"Organization","@id":"https:\/\/www.sinchisinchi.com\/de\/#organization","name":"SINCHI S.L","url":"https:\/\/www.sinchisinchi.com\/de\/","logo":{"@type":"ImageObject","inLanguage":"de","@id":"https:\/\/www.sinchisinchi.com\/de\/#\/schema\/logo\/image\/","url":"https:\/\/www.sinchisinchi.com\/wp-content\/uploads\/2026\/01\/3b-Verde-SIMPLIFICADO-HORIZONTAL-F-TRANSPARENTE-scaled.png","contentUrl":"https:\/\/www.sinchisinchi.com\/wp-content\/uploads\/2026\/01\/3b-Verde-SIMPLIFICADO-HORIZONTAL-F-TRANSPARENTE-scaled.png","width":2560,"height":457,"caption":"SINCHI S.L"},"image":{"@id":"https:\/\/www.sinchisinchi.com\/de\/#\/schema\/logo\/image\/"},"sameAs":["https:\/\/www.facebook.com\/sinchirape\/","https:\/\/www.instagram.com\/sinchi_rape\/"]}]}},"_links":{"self":[{"href":"https:\/\/www.sinchisinchi.com\/de\/wp-json\/wp\/v2\/pages\/2746","targetHints":{"allow":["GET"]}}],"collection":[{"href":"https:\/\/www.sinchisinchi.com\/de\/wp-json\/wp\/v2\/pages"}],"about":[{"href":"https:\/\/www.sinchisinchi.com\/de\/wp-json\/wp\/v2\/types\/page"}],"author":[{"embeddable":true,"href":"https:\/\/www.sinchisinchi.com\/de\/wp-json\/wp\/v2\/users\/1"}],"replies":[{"embeddable":true,"href":"https:\/\/www.sinchisinchi.com\/de\/wp-json\/wp\/v2\/comments?post=2746"}],"version-history":[{"count":2,"href":"https:\/\/www.sinchisinchi.com\/de\/wp-json\/wp\/v2\/pages\/2746\/revisions"}],"predecessor-version":[{"id":30241,"href":"https:\/\/www.sinchisinchi.com\/de\/wp-json\/wp\/v2\/pages\/2746\/revisions\/30241"}],"up":[{"embeddable":true,"href":"https:\/\/www.sinchisinchi.com\/de\/wp-json\/wp\/v2\/pages\/2722"}],"wp:attachment":[{"href":"https:\/\/www.sinchisinchi.com\/de\/wp-json\/wp\/v2\/media?parent=2746"}],"curies":[{"name":"wp","href":"https:\/\/api.w.org\/{rel}","templated":true}]}}