{"id":3160,"date":"2020-12-29T21:37:13","date_gmt":"2020-12-29T21:37:13","guid":{"rendered":"https:\/\/www.sinchisinchi.com\/yawanawa\/"},"modified":"2026-02-26T00:17:54","modified_gmt":"2026-02-26T00:17:54","slug":"yawanawa","status":"publish","type":"page","link":"https:\/\/www.sinchisinchi.com\/de\/staemme\/yawanawa\/","title":{"rendered":"Yawanaw\u00e1"},"content":{"rendered":"\n\n  <div class=\"banner has-hover is-full-height\" id=\"banner-1488604012\">\n          <div class=\"banner-inner fill\">\n        <div class=\"banner-bg fill\" >\n            <img loading=\"lazy\" decoding=\"async\" width=\"765\" height=\"1024\" src=\"https:\/\/www.sinchisinchi.com\/wp-content\/uploads\/2025\/01\/1-Tribu-Yawanawa1-765x1024.jpeg\" class=\"bg attachment-large size-large\" alt=\"\" \/>                        <div class=\"overlay\"><\/div>            \n                    <\/div>\n\t\t\n        <div class=\"banner-layers container\">\n            <div class=\"fill banner-link\"><\/div>            \n\n   <div id=\"text-box-1644337173\" class=\"text-box banner-layer x5 md-x5 lg-x5 y50 md-y50 lg-y50 res-text\">\n                                <div class=\"text-box-content text box-shadow-3\">\n              \n              <div class=\"text-inner text-left\">\n                  \n\n<h2 style=\"text-align: center;\">Yawanaw\u00e1<\/h2>\n<a href=\"https:\/\/www.sinchisinchi.com\/de\/staemme\/yawanawa\/stamm\/\" target=\"_blank\" class=\"button primary is-underline is-larger expand\" rel=\"noopener\" >\n\t\t<span>STAMM<\/span>\n\t<\/a>\n\n\n<a href=\"https:\/\/www.sinchisinchi.com\/de\/staemme\/yawanawa\/weltanschauung\/\" target=\"_blank\" class=\"button primary is-underline is-larger expand\" rel=\"noopener\" >\n\t\t<span>WELTANSCHAUUNG<\/span>\n\t<\/a>\n\n\n<a href=\"https:\/\/www.sinchisinchi.com\/de\/staemme\/yawanawa\/herausforderungen\/\" target=\"_blank\" class=\"button primary is-underline is-larger expand\" rel=\"noopener\" >\n\t\t<span>HERAUSFORDERUNGEN<\/span>\n\t<\/a>\n\n\n<a href=\"https:\/\/www.sinchisinchi.com\/de\/staemme\/yawanawa\/zeremonien\/\" target=\"_blank\" class=\"button primary is-underline is-larger expand\" rel=\"noopener\" >\n\t\t<span>ZEREMONIEN<\/span>\n\t<\/a>\n\n\n<a href=\"https:\/\/www.sinchisinchi.com\/de\/staemme\/yawanawa\/musik\/\" target=\"_blank\" class=\"button primary is-underline is-larger expand\" rel=\"noopener\" >\n\t\t<span>MUSIK<\/span>\n\t<\/a>\n\n\n<a href=\"https:\/\/www.sinchisinchi.com\/de\/staemme\/yawanawa\/videos\/\" target=\"_blank\" class=\"button primary is-underline is-larger expand\" rel=\"noopener\" >\n\t\t<span>VIDEOS<\/span>\n\t<\/a>\n\n\n\n              <\/div>\n           <\/div>\n                            \n<style>\n#text-box-1644337173 .text-box-content {\n  background-color: rgb(255, 255, 255);\n  font-size: 100%;\n}\n#text-box-1644337173 .text-inner {\n  padding: 30px 30px 30px 30px;\n}\n#text-box-1644337173 {\n  width: 60%;\n}\n@media (min-width:550px) {\n  #text-box-1644337173 {\n    width: 40%;\n  }\n}\n<\/style>\n    <\/div>\n \n\n        <\/div>\n      <\/div>\n\n            \n<style>\n#banner-1488604012 {\n  padding-top: 100%;\n  background-color: rgb(255, 255, 255);\n}\n#banner-1488604012 .overlay {\n  background-color: rgba(190, 190, 190, 0.2);\n}\n<\/style>\n  <\/div>\n\n\n\n","protected":false},"excerpt":{"rendered":"","protected":false},"author":1,"featured_media":0,"parent":20214,"menu_order":0,"comment_status":"closed","ping_status":"closed","template":"","meta":{"_joinchat":[],"footnotes":""},"class_list":["post-3160","page","type-page","status-publish","hentry"],"yoast_head":"<!-- This site is optimized with the Yoast SEO plugin v27.4 - https:\/\/yoast.com\/product\/yoast-seo-wordpress\/ -->\n<title>Yawanaw\u00e1-Stamm: Informationen \u00fcber den Yawanaw\u00e1-Stamm in Brasilien<\/title>\n<meta name=\"description\" content=\"Die Yawanaw\u00e1 (Laminaua, Jaminawa, Yaminaw\u00e1) sind als &quot;Schwertk\u00e4mpfer&quot; bekannt, da sie auch in schwierigen Zeiten immer gek\u00e4mpft haben.\" \/>\n<meta name=\"robots\" content=\"index, follow, max-snippet:-1, max-image-preview:large, max-video-preview:-1\" \/>\n<link rel=\"canonical\" href=\"https:\/\/www.sinchisinchi.com\/de\/staemme\/yawanawa\/\" \/>\n<meta property=\"og:locale\" content=\"de_DE\" \/>\n<meta property=\"og:type\" content=\"article\" \/>\n<meta property=\"og:title\" content=\"Yawanaw\u00e1-Stamm: Informationen \u00fcber den Yawanaw\u00e1-Stamm in Brasilien\" \/>\n<meta property=\"og:description\" content=\"Die Yawanaw\u00e1 (Laminaua, Jaminawa, Yaminaw\u00e1) sind als &quot;Schwertk\u00e4mpfer&quot; bekannt, da sie auch in schwierigen Zeiten immer gek\u00e4mpft haben.\" \/>\n<meta property=\"og:url\" content=\"https:\/\/www.sinchisinchi.com\/de\/staemme\/yawanawa\/\" \/>\n<meta property=\"og:site_name\" content=\"SINCHI RAP\u00c9\" \/>\n<meta property=\"article:publisher\" content=\"https:\/\/www.facebook.com\/sinchirape\/\" \/>\n<meta property=\"article:modified_time\" content=\"2026-02-26T00:17:54+00:00\" \/>\n<meta name=\"twitter:card\" content=\"summary_large_image\" \/>\n<meta name=\"twitter:label1\" content=\"Gesch\u00e4tzte Lesezeit\" \/>\n\t<meta name=\"twitter:data1\" content=\"1\u00a0Minute\" \/>\n<script type=\"application\/ld+json\" class=\"yoast-schema-graph\">{\"@context\":\"https:\\\/\\\/schema.org\",\"@graph\":[{\"@type\":\"WebPage\",\"@id\":\"https:\\\/\\\/www.sinchisinchi.com\\\/de\\\/staemme\\\/yawanawa\\\/\",\"url\":\"https:\\\/\\\/www.sinchisinchi.com\\\/de\\\/staemme\\\/yawanawa\\\/\",\"name\":\"Yawanaw\u00e1-Stamm: Informationen \u00fcber den Yawanaw\u00e1-Stamm in Brasilien\",\"isPartOf\":{\"@id\":\"https:\\\/\\\/www.sinchisinchi.com\\\/de\\\/#website\"},\"datePublished\":\"2020-12-29T21:37:13+00:00\",\"dateModified\":\"2026-02-26T00:17:54+00:00\",\"description\":\"Die Yawanaw\u00e1 (Laminaua, Jaminawa, Yaminaw\u00e1) sind als \\\"Schwertk\u00e4mpfer\\\" bekannt, da sie auch in schwierigen Zeiten immer gek\u00e4mpft haben.\",\"breadcrumb\":{\"@id\":\"https:\\\/\\\/www.sinchisinchi.com\\\/de\\\/staemme\\\/yawanawa\\\/#breadcrumb\"},\"inLanguage\":\"de\",\"potentialAction\":[{\"@type\":\"ReadAction\",\"target\":[\"https:\\\/\\\/www.sinchisinchi.com\\\/de\\\/staemme\\\/yawanawa\\\/\"]}]},{\"@type\":\"BreadcrumbList\",\"@id\":\"https:\\\/\\\/www.sinchisinchi.com\\\/de\\\/staemme\\\/yawanawa\\\/#breadcrumb\",\"itemListElement\":[{\"@type\":\"ListItem\",\"position\":1,\"name\":\"Titelseite\",\"item\":\"https:\\\/\\\/www.sinchisinchi.com\\\/de\\\/\"},{\"@type\":\"ListItem\",\"position\":2,\"name\":\"Amazonische St\u00e4mme\",\"item\":\"https:\\\/\\\/www.sinchisinchi.com\\\/de\\\/staemme\\\/\"},{\"@type\":\"ListItem\",\"position\":3,\"name\":\"Yawanaw\u00e1\"}]},{\"@type\":\"WebSite\",\"@id\":\"https:\\\/\\\/www.sinchisinchi.com\\\/de\\\/#website\",\"url\":\"https:\\\/\\\/www.sinchisinchi.com\\\/de\\\/\",\"name\":\"SINCHI\",\"description\":\"Sinchi Medicine\",\"publisher\":{\"@id\":\"https:\\\/\\\/www.sinchisinchi.com\\\/de\\\/#organization\"},\"potentialAction\":[{\"@type\":\"SearchAction\",\"target\":{\"@type\":\"EntryPoint\",\"urlTemplate\":\"https:\\\/\\\/www.sinchisinchi.com\\\/de\\\/?s={search_term_string}\"},\"query-input\":{\"@type\":\"PropertyValueSpecification\",\"valueRequired\":true,\"valueName\":\"search_term_string\"}}],\"inLanguage\":\"de\"},{\"@type\":\"Organization\",\"@id\":\"https:\\\/\\\/www.sinchisinchi.com\\\/de\\\/#organization\",\"name\":\"SINCHI S.L\",\"url\":\"https:\\\/\\\/www.sinchisinchi.com\\\/de\\\/\",\"logo\":{\"@type\":\"ImageObject\",\"inLanguage\":\"de\",\"@id\":\"https:\\\/\\\/www.sinchisinchi.com\\\/de\\\/#\\\/schema\\\/logo\\\/image\\\/\",\"url\":\"https:\\\/\\\/www.sinchisinchi.com\\\/wp-content\\\/uploads\\\/2026\\\/01\\\/3b-Verde-SIMPLIFICADO-HORIZONTAL-F-TRANSPARENTE-scaled.png\",\"contentUrl\":\"https:\\\/\\\/www.sinchisinchi.com\\\/wp-content\\\/uploads\\\/2026\\\/01\\\/3b-Verde-SIMPLIFICADO-HORIZONTAL-F-TRANSPARENTE-scaled.png\",\"width\":2560,\"height\":457,\"caption\":\"SINCHI S.L\"},\"image\":{\"@id\":\"https:\\\/\\\/www.sinchisinchi.com\\\/de\\\/#\\\/schema\\\/logo\\\/image\\\/\"},\"sameAs\":[\"https:\\\/\\\/www.facebook.com\\\/sinchirape\\\/\",\"https:\\\/\\\/www.instagram.com\\\/sinchi_rape\\\/\"]}]}<\/script>\n<!-- \/ Yoast SEO plugin. -->","yoast_head_json":{"title":"Yawanaw\u00e1-Stamm: Informationen \u00fcber den Yawanaw\u00e1-Stamm in Brasilien","description":"Die Yawanaw\u00e1 (Laminaua, Jaminawa, Yaminaw\u00e1) sind als \"Schwertk\u00e4mpfer\" bekannt, da sie auch in schwierigen Zeiten immer gek\u00e4mpft haben.","robots":{"index":"index","follow":"follow","max-snippet":"max-snippet:-1","max-image-preview":"max-image-preview:large","max-video-preview":"max-video-preview:-1"},"canonical":"https:\/\/www.sinchisinchi.com\/de\/staemme\/yawanawa\/","og_locale":"de_DE","og_type":"article","og_title":"Yawanaw\u00e1-Stamm: Informationen \u00fcber den Yawanaw\u00e1-Stamm in Brasilien","og_description":"Die Yawanaw\u00e1 (Laminaua, Jaminawa, Yaminaw\u00e1) sind als \"Schwertk\u00e4mpfer\" bekannt, da sie auch in schwierigen Zeiten immer gek\u00e4mpft haben.","og_url":"https:\/\/www.sinchisinchi.com\/de\/staemme\/yawanawa\/","og_site_name":"SINCHI RAP\u00c9","article_publisher":"https:\/\/www.facebook.com\/sinchirape\/","article_modified_time":"2026-02-26T00:17:54+00:00","twitter_card":"summary_large_image","twitter_misc":{"Gesch\u00e4tzte Lesezeit":"1\u00a0Minute"},"schema":{"@context":"https:\/\/schema.org","@graph":[{"@type":"WebPage","@id":"https:\/\/www.sinchisinchi.com\/de\/staemme\/yawanawa\/","url":"https:\/\/www.sinchisinchi.com\/de\/staemme\/yawanawa\/","name":"Yawanaw\u00e1-Stamm: Informationen \u00fcber den Yawanaw\u00e1-Stamm in Brasilien","isPartOf":{"@id":"https:\/\/www.sinchisinchi.com\/de\/#website"},"datePublished":"2020-12-29T21:37:13+00:00","dateModified":"2026-02-26T00:17:54+00:00","description":"Die Yawanaw\u00e1 (Laminaua, Jaminawa, Yaminaw\u00e1) sind als \"Schwertk\u00e4mpfer\" bekannt, da sie auch in schwierigen Zeiten immer gek\u00e4mpft haben.","breadcrumb":{"@id":"https:\/\/www.sinchisinchi.com\/de\/staemme\/yawanawa\/#breadcrumb"},"inLanguage":"de","potentialAction":[{"@type":"ReadAction","target":["https:\/\/www.sinchisinchi.com\/de\/staemme\/yawanawa\/"]}]},{"@type":"BreadcrumbList","@id":"https:\/\/www.sinchisinchi.com\/de\/staemme\/yawanawa\/#breadcrumb","itemListElement":[{"@type":"ListItem","position":1,"name":"Titelseite","item":"https:\/\/www.sinchisinchi.com\/de\/"},{"@type":"ListItem","position":2,"name":"Amazonische St\u00e4mme","item":"https:\/\/www.sinchisinchi.com\/de\/staemme\/"},{"@type":"ListItem","position":3,"name":"Yawanaw\u00e1"}]},{"@type":"WebSite","@id":"https:\/\/www.sinchisinchi.com\/de\/#website","url":"https:\/\/www.sinchisinchi.com\/de\/","name":"SINCHI","description":"Sinchi Medicine","publisher":{"@id":"https:\/\/www.sinchisinchi.com\/de\/#organization"},"potentialAction":[{"@type":"SearchAction","target":{"@type":"EntryPoint","urlTemplate":"https:\/\/www.sinchisinchi.com\/de\/?s={search_term_string}"},"query-input":{"@type":"PropertyValueSpecification","valueRequired":true,"valueName":"search_term_string"}}],"inLanguage":"de"},{"@type":"Organization","@id":"https:\/\/www.sinchisinchi.com\/de\/#organization","name":"SINCHI S.L","url":"https:\/\/www.sinchisinchi.com\/de\/","logo":{"@type":"ImageObject","inLanguage":"de","@id":"https:\/\/www.sinchisinchi.com\/de\/#\/schema\/logo\/image\/","url":"https:\/\/www.sinchisinchi.com\/wp-content\/uploads\/2026\/01\/3b-Verde-SIMPLIFICADO-HORIZONTAL-F-TRANSPARENTE-scaled.png","contentUrl":"https:\/\/www.sinchisinchi.com\/wp-content\/uploads\/2026\/01\/3b-Verde-SIMPLIFICADO-HORIZONTAL-F-TRANSPARENTE-scaled.png","width":2560,"height":457,"caption":"SINCHI S.L"},"image":{"@id":"https:\/\/www.sinchisinchi.com\/de\/#\/schema\/logo\/image\/"},"sameAs":["https:\/\/www.facebook.com\/sinchirape\/","https:\/\/www.instagram.com\/sinchi_rape\/"]}]}},"_links":{"self":[{"href":"https:\/\/www.sinchisinchi.com\/de\/wp-json\/wp\/v2\/pages\/3160","targetHints":{"allow":["GET"]}}],"collection":[{"href":"https:\/\/www.sinchisinchi.com\/de\/wp-json\/wp\/v2\/pages"}],"about":[{"href":"https:\/\/www.sinchisinchi.com\/de\/wp-json\/wp\/v2\/types\/page"}],"author":[{"embeddable":true,"href":"https:\/\/www.sinchisinchi.com\/de\/wp-json\/wp\/v2\/users\/1"}],"replies":[{"embeddable":true,"href":"https:\/\/www.sinchisinchi.com\/de\/wp-json\/wp\/v2\/comments?post=3160"}],"version-history":[{"count":1,"href":"https:\/\/www.sinchisinchi.com\/de\/wp-json\/wp\/v2\/pages\/3160\/revisions"}],"predecessor-version":[{"id":29964,"href":"https:\/\/www.sinchisinchi.com\/de\/wp-json\/wp\/v2\/pages\/3160\/revisions\/29964"}],"up":[{"embeddable":true,"href":"https:\/\/www.sinchisinchi.com\/de\/wp-json\/wp\/v2\/pages\/20214"}],"wp:attachment":[{"href":"https:\/\/www.sinchisinchi.com\/de\/wp-json\/wp\/v2\/media?parent=3160"}],"curies":[{"name":"wp","href":"https:\/\/api.w.org\/{rel}","templated":true}]}}