{"id":6993,"date":"2022-12-02T00:07:15","date_gmt":"2022-12-02T00:07:15","guid":{"rendered":"https:\/\/www.sinchisinchi.com\/rechtliche-warnung\/"},"modified":"2022-12-02T00:10:05","modified_gmt":"2022-12-02T00:10:05","slug":"rechtliche-warnung","status":"publish","type":"page","link":"https:\/\/www.sinchisinchi.com\/de\/rechtliche-warnung\/","title":{"rendered":"Rechtliche Warnung"},"content":{"rendered":"[et_pb_section fb_built=&#8220;1&#8243; _builder_version=&#8220;4.7.7&#8243; _module_preset=&#8220;default&#8220; custom_margin=&#8220;0px||||false|false&#8220; custom_padding=&#8220;0px||||false|false&#8220;][et_pb_row _builder_version=&#8220;4.7.7&#8243; _module_preset=&#8220;default&#8220;][et_pb_column type=&#8220;4_4&#8243; _builder_version=&#8220;4.7.7&#8243; _module_preset=&#8220;default&#8220;][et_pb_text _builder_version=&#8220;4.7.7&#8243; _module_preset=&#8220;default&#8220;]\n<p style=\"font-weight: 400; text-align: center;\"><strong>Rechtliche Warnung<\/strong><\/p>\n<p style=\"font-weight: 400;\">SINCHI, S.L. informiert gem\u00e4\u00df Artikel 10 des Gesetzes 34\/2002 \u00fcber Dienstleistungen der Informationsgesellschaft und des elektronischen Gesch\u00e4ftsverkehrs:<\/p>\n<p style=\"font-weight: 400;\">\n<ul>\n<li style=\"font-weight: 400;\">Dass er Eigent\u00fcmer der Domain und der Website WWW.SINCHISINCHI.COM ist.<\/li>\n<li style=\"font-weight: 400;\">Dass Ihre Identifikations- und Kontaktdaten sind:<\/li>\n<\/ul>\n<p style=\"font-weight: 400;\">\n<p style=\"font-weight: 400; text-align: center;\">SINHI, S.L.<\/p>\n<p style=\"font-weight: 400; text-align: center;\">AVDA. GONZALEZ ROBLES, 19.<\/p>\n<p style=\"font-weight: 400; text-align: center;\">ORGIVA (GRANADA).<\/p>\n<p style=\"font-weight: 400; text-align: center;\">Postleitzahl: 18400.<\/p>\n<p style=\"font-weight: 400; text-align: center;\">NIF: B01643238.<\/p>\n<p style=\"font-weight: 400; text-align: justify;\">o Dass es im Handelsregister von Granada unter der Nummer B01643238 in Band 1, Buch, Seite 1, Seite 1, Eintrag 1 eingetragen ist.<\/p>\n<p style=\"font-weight: 400; text-align: justify;\">\n<p style=\"font-weight: 400; text-align: justify;\">Die Nutzung der Website gew\u00e4hrt die Bedingung des Benutzers und impliziert die vollst\u00e4ndige Annahme aller Bestimmungen, die in diesem rechtlichen Hinweis, in der Datenschutzrichtlinie und in der Cookie-Richtlinie enthalten sind. Wenn der Benutzer mit den hier festgelegten Bedingungen nicht einverstanden ist, sollte er den Zugriff und die Nutzung der Website ablehnen.<\/p>\n<p style=\"font-weight: 400; text-align: justify;\">\n<p style=\"font-weight: 400; text-align: justify;\">Der Inhalt der Website ist Eigentum von SINCHI, S.L. und jede Art von Kopie oder Reproduktion des gesamten oder eines Teils des Inhalts ist ohne die ausdr\u00fcckliche Genehmigung des Eigent\u00fcmers verboten.<\/p>\n<p style=\"font-weight: 400; text-align: justify;\">\n<p style=\"font-weight: 400; text-align: justify;\">Der Benutzer der Website verpflichtet sich, sie angemessen zu nutzen, sie nicht f\u00fcr rechtswidrige oder gutgl\u00e4ubige Praktiken zu verwenden und die physischen und logischen Systeme von SINCHI, S.L. nicht zu besch\u00e4digen.<\/p>\n<p style=\"font-weight: 400; text-align: justify;\">\n<p style=\"font-weight: 400; text-align: justify;\">\n<p style=\"font-weight: 400; text-align: center;\"><strong>ALLGEMEINE VERKAUFSBEDINGUNGEN<\/strong><\/p>\n<p style=\"font-weight: 400; text-align: justify;\"><strong>Eigentum<\/strong><\/p>\n<p style=\"font-weight: 400; text-align: justify;\">Die Datenbank ist Eigentum von SINCHI S.L., mit NIF-Nummer B01643238 und Adresse Avda. Gonz\u00e1lez Robles, n\u00ba 19, \u00d3rgiva, Granada.<\/p>\n<p style=\"font-weight: 400; text-align: justify;\">\n<p style=\"font-weight: 400; text-align: justify;\">Dieses Dokument regelt die Bedingungen f\u00fcr die Nutzung dieser Website und den Kauf von Produkten auf dieser Website, im Folgenden als \u201eBedingungen\u201c bezeichnet.<\/p>\n<p style=\"font-weight: 400; text-align: justify;\">F\u00fcr die Zwecke dieser Bedingungen wird davon ausgegangen, dass die T\u00e4tigkeit, die SINCHI S.L. entwickelt auf dieser Website umfasst den Verkauf und die Vermarktung von Produkten, auf die sie spezialisiert sind.<\/p>\n<p style=\"font-weight: 400; text-align: justify;\">Zus\u00e4tzlich zum Lesen dieser Bedingungen und vor dem Aufrufen\/Durchsuchen und Verwenden dieser Webseite muss der Benutzer die rechtlichen Hinweise, die Cookie-Richtlinie und die Datenschutzrichtlinie gelesen haben. Durch die Nutzung dieser Website erkl\u00e4rt sich der Benutzer mit diesen Bedingungen einverstanden. Wenn Sie damit nicht einverstanden sind, sollten Sie es nicht verwenden.<\/p>\n<p style=\"font-weight: 400; text-align: justify;\">Ebenso wird berichtet, dass diese Bedingungen ge\u00e4ndert werden k\u00f6nnen, der Benutzer ist daf\u00fcr verantwortlich, sie bei jedem Zugriff und\/oder Surfen im Internet zu konsultieren, diejenigen, die zum Zeitpunkt des Kaufs von Produkten und\/oder angeforderten Dienstleistungen in Kraft sind.<\/p>\n<p style=\"font-weight: 400; text-align: justify;\">\n<p style=\"font-weight: 400; text-align: justify;\">\n<p style=\"font-weight: 400; text-align: justify;\"><strong>Verantwortung<\/strong><\/p>\n<p style=\"font-weight: 400; text-align: justify;\">Der Benutzer \u00fcbernimmt seine Verantwortung f\u00fcr die korrekte Nutzung der Website, diese Verantwortung erstreckt sich auf die korrekte Nutzung der Website, um rechtsg\u00fcltige Anfragen und Eink\u00e4ufe zu t\u00e4tigen, der Benutzer verpflichtet sich au\u00dferdem, wahrheitsgem\u00e4\u00dfe und rechtm\u00e4\u00dfige Kontaktinformationen anzugeben und keine falschen Eink\u00e4ufe zu t\u00e4tigen oder betr\u00fcgerisch. Der Nutzer erkl\u00e4rt, \u00fcber 18 Jahre alt und gesch\u00e4ftsf\u00e4hig zu sein, um \u00fcber diese Website Vertr\u00e4ge abzuschlie\u00dfen.<\/p>\n<p style=\"font-weight: 400; text-align: justify;\">\n<p style=\"font-weight: 400; text-align: justify;\"><strong>Kaufprozess<\/strong><\/p>\n<p style=\"font-weight: 400; text-align: justify;\">Die Website richtet sich an Verbraucher.<\/p>\n<p style=\"font-weight: 400; text-align: justify;\">Ordnungsgem\u00e4\u00df registrierte Benutzer k\u00f6nnen auf der Website mit den festgelegten Mitteln und Formularen einkaufen, sie m\u00fcssen dem Kaufvorgang folgen, w\u00e4hrend dessen verschiedene Produkte ausgew\u00e4hlt und in den Warenkorb gelegt werden k\u00f6nnen, in diesem Prozess m\u00fcssen sie die in jedem Schritt bereitgestellten Informationen vervollst\u00e4ndigen und \u00fcberpr\u00fcfen angefordert, obwohl sie w\u00e4hrend des Kaufs und vor der Zahlung die Daten \u00e4ndern k\u00f6nnen.<\/p>\n<p style=\"font-weight: 400; text-align: justify;\">Der Benutzer erh\u00e4lt eine E-Mail, die den Kauf best\u00e4tigt und die Bestellung absendet. Der Benutzer kann eine elektronische Kaufrechnung anfordern und gegebenenfalls eine Papierrechnung erhalten, wenn er dies w\u00fcnscht, indem er sie bei hola@sinchisinchi.com anfordert.<\/p>\n<p style=\"font-weight: 400; text-align: justify;\">\n<p style=\"font-weight: 400; text-align: justify;\">Der Benutzer erkennt an, zum Zeitpunkt des Kaufs \u00fcber bestimmte besondere Verkaufsbedingungen informiert zu sein, die das betreffende Produkt betreffen und die neben der Pr\u00e4sentation oder gegebenenfalls einem Bild davon auf seiner Website-Seite angezeigt werden, wobei darauf hingewiesen wird, dass sie illustrativ sind, aber nicht ersch\u00f6pfend und unter Ber\u00fccksichtigung von jedem Fall: Name, Preis, Komponenten, Gewicht, Menge, Farbe, Details und Eigenschaften der Produkte, Kosten der Dienstleistungen usw. und erkennt auch an, dass der Abschluss der Bestellung zustande kommt volle und vollst\u00e4ndige Annahme der jeweils geltenden besonderen Verkaufsbedingungen.<\/p>\n<p style=\"font-weight: 400; text-align: justify;\">\n<p style=\"font-weight: 400; text-align: justify;\">Die Mitteilungen, Bestellungen und Zahlungen, die w\u00e4hrend der auf der Website durchgef\u00fchrten Transaktionen stattfinden, k\u00f6nnen in den Aufzeichnungen von SINCHI S.L. abgelegt und aufbewahrt werden, um ein Beweismittel f\u00fcr die Transaktionen unter Einhaltung der aktuellen Bedingungen und Vorschriften zu sein, die darin enthalten sind Hinsichtlich ihrer Anwendbarkeit, insbesondere der RGPD und der Rechte, die den Benutzern gem\u00e4\u00df der Datenschutzrichtlinie dieser Website helfen.<\/p>\n<p style=\"font-weight: 400; text-align: justify;\">Alle vom Benutzer get\u00e4tigten Bestellungen unterliegen der Produktverf\u00fcgbarkeit.<\/p>\n<p style=\"font-weight: 400; text-align: justify;\">\n<p style=\"font-weight: 400; text-align: justify;\">Die im Schaufenster angezeigten Preise sind ohne Steuern; diese werden am Ende des Kaufvorgangs hinzugef\u00fcgt.<\/p>\n<p style=\"font-weight: 400; text-align: justify;\">\n<p style=\"font-weight: 400; text-align: justify;\">\n<p style=\"font-weight: 400; text-align: justify;\">\n<p style=\"font-weight: 400; text-align: justify;\"><strong>Produktgarantie<\/strong><\/p>\n<p style=\"font-weight: 400; text-align: justify;\">SINHI S.L. garantiert, dass seine Produkte vertragsgem\u00e4\u00df sind, und \u00fcbernimmt, sofern gesetzlich nichts anderes bestimmt ist, keine Verantwortung f\u00fcr Verluste, die nicht auf einen Versto\u00df seinerseits zur\u00fcckzuf\u00fchren sind, SINCHI S.L. wendet alle Ma\u00dfnahmen an, um eine originalgetreue Anzeige des Produkts auf der Website bereitzustellen, ist jedoch nicht verantwortlich f\u00fcr die geringsten Unterschiede oder Ungenauigkeiten, die beispielsweise aufgrund mangelnder Bildschirmaufl\u00f6sung oder auftretender Browserprobleme auftreten k\u00f6nnen .<\/p>\n<p style=\"font-weight: 400; text-align: justify;\">\n<p style=\"font-weight: 400; text-align: justify;\">\n<p style=\"font-weight: 400; text-align: justify;\"><strong>Kommunikationsmittel mit dem Benutzer<\/strong><\/p>\n<p style=\"font-weight: 400; text-align: justify;\">Durch die Nutzung dieser Website akzeptiert der Benutzer, dass die meisten Kommunikationen mit SINCHI S.L. elektronisch sein.<\/p>\n<p style=\"font-weight: 400; text-align: justify;\">\n<p style=\"font-weight: 400; text-align: justify;\">\n<p style=\"font-weight: 400; text-align: justify;\"><strong>Sonstige gesetzliche Regelungen<\/strong><\/p>\n<p style=\"font-weight: 400; text-align: justify;\">Diese Bedingungen und alle Dokumente, auf die darin ausdr\u00fccklich Bezug genommen wird, stellen die gesamte bestehende Vereinbarung zwischen dem Benutzer und SINCHI S.L. in Bezug auf den Verkaufsgegenstand dar und ersetzen alle anderen m\u00fcndlich oder schriftlich vereinbarten Vereinbarungen oder Vereinbarungen zwischen den Parteien.<\/p>\n<p style=\"font-weight: 400; text-align: justify;\">Die Informationen und\/oder personenbezogenen Daten, die der Benutzer SINCHI S.L. zur Verf\u00fcgung stellt, werden gem\u00e4\u00df der DSGVO und der Datenschutzrichtlinie der Website behandelt. Konsultieren Sie die Datenschutzrichtlinie, um zu erfahren, f\u00fcr welche Verwendung Ihre personenbezogenen Daten bestimmt sind.<\/p>\n<p style=\"font-weight: 400; text-align: justify;\">Die Kaufvertr\u00e4ge der Produkte unterliegen der spanischen Gesetzgebung, alle damit verbundenen Probleme unterliegen der Gerichtsbarkeit der Gerichte von Granada.<\/p>\n<p style=\"font-weight: 400; text-align: justify;\">Wenn ab Abschluss dieses Kaufvertrages zwischen SNCHI S.L. und der Nutzer einen Streit ausl\u00f6st, kann der Nutzer als Verbraucher eine au\u00dfergerichtliche L\u00f6sung gem\u00e4\u00df der EU-Verordnung 524\/2013 des Europ\u00e4ischen Parlaments \u00fcber die Online-Streitbeilegung in Verbraucherangelegenheiten beantragen.<\/p>\n<p style=\"font-weight: 400; text-align: justify;\">Sie k\u00f6nnen auf diese Methode \u00fcber die Website zugreifen.<\/p>\n[\/et_pb_text][\/et_pb_column][\/et_pb_row][\/et_pb_section]\n","protected":false},"excerpt":{"rendered":"[et_pb_section fb_built=&#8220;1&#8243; _builder_version=&#8220;4.7.7&#8243; _module_preset=&#8220;default&#8220; custom_margin=&#8220;0px||||false|false&#8220; custom_padding=&#8220;0px||||false|false&#8220;][et_pb_row _builder_version=&#8220;4.7.7&#8243; _module_preset=&#8220;default&#8220;][et_pb_column type=&#8220;4_4&#8243; _builder_version=&#8220;4.7.7&#8243; _module_preset=&#8220;default&#8220;][et_pb_text _builder_version=&#8220;4.7.7&#8243; _module_preset=&#8220;default&#8220;] Rechtliche Warnung SINCHI, S.L. informiert gem\u00e4\u00df Artikel 10 des Gesetzes 34\/2002 \u00fcber Dienstleistungen der Informationsgesellschaft und des elektronischen Gesch\u00e4ftsverkehrs: Dass er Eigent\u00fcmer der Domain und der Website WWW.SINCHISINCHI.COM ist. Dass Ihre Identifikations- und Kontaktdaten sind: SINHI, S.L. AVDA. GONZALEZ ROBLES, 19. ORGIVA [&#8230;]\n","protected":false},"author":1,"featured_media":0,"parent":0,"menu_order":0,"comment_status":"closed","ping_status":"closed","template":"","meta":{"_joinchat":[],"footnotes":""},"class_list":["post-6993","page","type-page","status-publish","hentry"],"yoast_head":"<!-- This site is optimized with the Yoast SEO plugin v27.4 - https:\/\/yoast.com\/product\/yoast-seo-wordpress\/ -->\n<title>Rechtliche Warnung - SINCHI RAP\u00c9<\/title>\n<meta name=\"robots\" content=\"index, follow, max-snippet:-1, max-image-preview:large, max-video-preview:-1\" \/>\n<link rel=\"canonical\" href=\"https:\/\/www.sinchisinchi.com\/de\/rechtliche-warnung\/\" \/>\n<meta property=\"og:locale\" content=\"de_DE\" \/>\n<meta property=\"og:type\" content=\"article\" \/>\n<meta property=\"og:title\" content=\"Rechtliche Warnung - SINCHI RAP\u00c9\" \/>\n<meta property=\"og:description\" content=\"[et_pb_section fb_built=&#8220;1&#8243; _builder_version=&#8220;4.7.7&#8243; _module_preset=&#8220;default&#8220; custom_margin=&#8220;0px||||false|false&#8220; custom_padding=&#8220;0px||||false|false&#8220;][et_pb_row _builder_version=&#8220;4.7.7&#8243; _module_preset=&#8220;default&#8220;][et_pb_column type=&#8220;4_4&#8243; _builder_version=&#8220;4.7.7&#8243; _module_preset=&#8220;default&#8220;][et_pb_text _builder_version=&#8220;4.7.7&#8243; _module_preset=&#8220;default&#8220;] Rechtliche Warnung SINCHI, S.L. informiert gem\u00e4\u00df Artikel 10 des Gesetzes 34\/2002 \u00fcber Dienstleistungen der Informationsgesellschaft und des elektronischen Gesch\u00e4ftsverkehrs: Dass er Eigent\u00fcmer der Domain und der Website WWW.SINCHISINCHI.COM ist. Dass Ihre Identifikations- und Kontaktdaten sind: SINHI, S.L. AVDA. GONZALEZ ROBLES, 19. ORGIVA [...]\" \/>\n<meta property=\"og:url\" content=\"https:\/\/www.sinchisinchi.com\/de\/rechtliche-warnung\/\" \/>\n<meta property=\"og:site_name\" content=\"SINCHI RAP\u00c9\" \/>\n<meta property=\"article:publisher\" content=\"https:\/\/www.facebook.com\/sinchirape\/\" \/>\n<meta property=\"article:modified_time\" content=\"2022-12-02T00:10:05+00:00\" \/>\n<meta name=\"twitter:card\" content=\"summary_large_image\" \/>\n<meta name=\"twitter:label1\" content=\"Gesch\u00e4tzte Lesezeit\" \/>\n\t<meta name=\"twitter:data1\" content=\"5\u00a0Minuten\" \/>\n<script type=\"application\/ld+json\" class=\"yoast-schema-graph\">{\"@context\":\"https:\\\/\\\/schema.org\",\"@graph\":[{\"@type\":\"WebPage\",\"@id\":\"https:\\\/\\\/www.sinchisinchi.com\\\/de\\\/rechtliche-warnung\\\/\",\"url\":\"https:\\\/\\\/www.sinchisinchi.com\\\/de\\\/rechtliche-warnung\\\/\",\"name\":\"Rechtliche Warnung - SINCHI RAP\u00c9\",\"isPartOf\":{\"@id\":\"https:\\\/\\\/www.sinchisinchi.com\\\/de\\\/#website\"},\"datePublished\":\"2022-12-02T00:07:15+00:00\",\"dateModified\":\"2022-12-02T00:10:05+00:00\",\"breadcrumb\":{\"@id\":\"https:\\\/\\\/www.sinchisinchi.com\\\/de\\\/rechtliche-warnung\\\/#breadcrumb\"},\"inLanguage\":\"de\",\"potentialAction\":[{\"@type\":\"ReadAction\",\"target\":[\"https:\\\/\\\/www.sinchisinchi.com\\\/de\\\/rechtliche-warnung\\\/\"]}]},{\"@type\":\"BreadcrumbList\",\"@id\":\"https:\\\/\\\/www.sinchisinchi.com\\\/de\\\/rechtliche-warnung\\\/#breadcrumb\",\"itemListElement\":[{\"@type\":\"ListItem\",\"position\":1,\"name\":\"Titelseite\",\"item\":\"https:\\\/\\\/www.sinchisinchi.com\\\/de\\\/\"},{\"@type\":\"ListItem\",\"position\":2,\"name\":\"Rechtliche Warnung\"}]},{\"@type\":\"WebSite\",\"@id\":\"https:\\\/\\\/www.sinchisinchi.com\\\/de\\\/#website\",\"url\":\"https:\\\/\\\/www.sinchisinchi.com\\\/de\\\/\",\"name\":\"SINCHI\",\"description\":\"Sinchi Medicine\",\"publisher\":{\"@id\":\"https:\\\/\\\/www.sinchisinchi.com\\\/de\\\/#organization\"},\"potentialAction\":[{\"@type\":\"SearchAction\",\"target\":{\"@type\":\"EntryPoint\",\"urlTemplate\":\"https:\\\/\\\/www.sinchisinchi.com\\\/de\\\/?s={search_term_string}\"},\"query-input\":{\"@type\":\"PropertyValueSpecification\",\"valueRequired\":true,\"valueName\":\"search_term_string\"}}],\"inLanguage\":\"de\"},{\"@type\":\"Organization\",\"@id\":\"https:\\\/\\\/www.sinchisinchi.com\\\/de\\\/#organization\",\"name\":\"SINCHI S.L\",\"url\":\"https:\\\/\\\/www.sinchisinchi.com\\\/de\\\/\",\"logo\":{\"@type\":\"ImageObject\",\"inLanguage\":\"de\",\"@id\":\"https:\\\/\\\/www.sinchisinchi.com\\\/de\\\/#\\\/schema\\\/logo\\\/image\\\/\",\"url\":\"https:\\\/\\\/www.sinchisinchi.com\\\/wp-content\\\/uploads\\\/2026\\\/01\\\/3b-Verde-SIMPLIFICADO-HORIZONTAL-F-TRANSPARENTE-scaled.png\",\"contentUrl\":\"https:\\\/\\\/www.sinchisinchi.com\\\/wp-content\\\/uploads\\\/2026\\\/01\\\/3b-Verde-SIMPLIFICADO-HORIZONTAL-F-TRANSPARENTE-scaled.png\",\"width\":2560,\"height\":457,\"caption\":\"SINCHI S.L\"},\"image\":{\"@id\":\"https:\\\/\\\/www.sinchisinchi.com\\\/de\\\/#\\\/schema\\\/logo\\\/image\\\/\"},\"sameAs\":[\"https:\\\/\\\/www.facebook.com\\\/sinchirape\\\/\",\"https:\\\/\\\/www.instagram.com\\\/sinchi_rape\\\/\"]}]}<\/script>\n<!-- \/ Yoast SEO plugin. -->","yoast_head_json":{"title":"Rechtliche Warnung - SINCHI RAP\u00c9","robots":{"index":"index","follow":"follow","max-snippet":"max-snippet:-1","max-image-preview":"max-image-preview:large","max-video-preview":"max-video-preview:-1"},"canonical":"https:\/\/www.sinchisinchi.com\/de\/rechtliche-warnung\/","og_locale":"de_DE","og_type":"article","og_title":"Rechtliche Warnung - SINCHI RAP\u00c9","og_description":"[et_pb_section fb_built=&#8220;1&#8243; _builder_version=&#8220;4.7.7&#8243; _module_preset=&#8220;default&#8220; custom_margin=&#8220;0px||||false|false&#8220; custom_padding=&#8220;0px||||false|false&#8220;][et_pb_row _builder_version=&#8220;4.7.7&#8243; _module_preset=&#8220;default&#8220;][et_pb_column type=&#8220;4_4&#8243; _builder_version=&#8220;4.7.7&#8243; _module_preset=&#8220;default&#8220;][et_pb_text _builder_version=&#8220;4.7.7&#8243; _module_preset=&#8220;default&#8220;] Rechtliche Warnung SINCHI, S.L. informiert gem\u00e4\u00df Artikel 10 des Gesetzes 34\/2002 \u00fcber Dienstleistungen der Informationsgesellschaft und des elektronischen Gesch\u00e4ftsverkehrs: Dass er Eigent\u00fcmer der Domain und der Website WWW.SINCHISINCHI.COM ist. Dass Ihre Identifikations- und Kontaktdaten sind: SINHI, S.L. AVDA. GONZALEZ ROBLES, 19. ORGIVA [...]","og_url":"https:\/\/www.sinchisinchi.com\/de\/rechtliche-warnung\/","og_site_name":"SINCHI RAP\u00c9","article_publisher":"https:\/\/www.facebook.com\/sinchirape\/","article_modified_time":"2022-12-02T00:10:05+00:00","twitter_card":"summary_large_image","twitter_misc":{"Gesch\u00e4tzte Lesezeit":"5\u00a0Minuten"},"schema":{"@context":"https:\/\/schema.org","@graph":[{"@type":"WebPage","@id":"https:\/\/www.sinchisinchi.com\/de\/rechtliche-warnung\/","url":"https:\/\/www.sinchisinchi.com\/de\/rechtliche-warnung\/","name":"Rechtliche Warnung - SINCHI RAP\u00c9","isPartOf":{"@id":"https:\/\/www.sinchisinchi.com\/de\/#website"},"datePublished":"2022-12-02T00:07:15+00:00","dateModified":"2022-12-02T00:10:05+00:00","breadcrumb":{"@id":"https:\/\/www.sinchisinchi.com\/de\/rechtliche-warnung\/#breadcrumb"},"inLanguage":"de","potentialAction":[{"@type":"ReadAction","target":["https:\/\/www.sinchisinchi.com\/de\/rechtliche-warnung\/"]}]},{"@type":"BreadcrumbList","@id":"https:\/\/www.sinchisinchi.com\/de\/rechtliche-warnung\/#breadcrumb","itemListElement":[{"@type":"ListItem","position":1,"name":"Titelseite","item":"https:\/\/www.sinchisinchi.com\/de\/"},{"@type":"ListItem","position":2,"name":"Rechtliche Warnung"}]},{"@type":"WebSite","@id":"https:\/\/www.sinchisinchi.com\/de\/#website","url":"https:\/\/www.sinchisinchi.com\/de\/","name":"SINCHI","description":"Sinchi Medicine","publisher":{"@id":"https:\/\/www.sinchisinchi.com\/de\/#organization"},"potentialAction":[{"@type":"SearchAction","target":{"@type":"EntryPoint","urlTemplate":"https:\/\/www.sinchisinchi.com\/de\/?s={search_term_string}"},"query-input":{"@type":"PropertyValueSpecification","valueRequired":true,"valueName":"search_term_string"}}],"inLanguage":"de"},{"@type":"Organization","@id":"https:\/\/www.sinchisinchi.com\/de\/#organization","name":"SINCHI S.L","url":"https:\/\/www.sinchisinchi.com\/de\/","logo":{"@type":"ImageObject","inLanguage":"de","@id":"https:\/\/www.sinchisinchi.com\/de\/#\/schema\/logo\/image\/","url":"https:\/\/www.sinchisinchi.com\/wp-content\/uploads\/2026\/01\/3b-Verde-SIMPLIFICADO-HORIZONTAL-F-TRANSPARENTE-scaled.png","contentUrl":"https:\/\/www.sinchisinchi.com\/wp-content\/uploads\/2026\/01\/3b-Verde-SIMPLIFICADO-HORIZONTAL-F-TRANSPARENTE-scaled.png","width":2560,"height":457,"caption":"SINCHI S.L"},"image":{"@id":"https:\/\/www.sinchisinchi.com\/de\/#\/schema\/logo\/image\/"},"sameAs":["https:\/\/www.facebook.com\/sinchirape\/","https:\/\/www.instagram.com\/sinchi_rape\/"]}]}},"_links":{"self":[{"href":"https:\/\/www.sinchisinchi.com\/de\/wp-json\/wp\/v2\/pages\/6993","targetHints":{"allow":["GET"]}}],"collection":[{"href":"https:\/\/www.sinchisinchi.com\/de\/wp-json\/wp\/v2\/pages"}],"about":[{"href":"https:\/\/www.sinchisinchi.com\/de\/wp-json\/wp\/v2\/types\/page"}],"author":[{"embeddable":true,"href":"https:\/\/www.sinchisinchi.com\/de\/wp-json\/wp\/v2\/users\/1"}],"replies":[{"embeddable":true,"href":"https:\/\/www.sinchisinchi.com\/de\/wp-json\/wp\/v2\/comments?post=6993"}],"version-history":[{"count":0,"href":"https:\/\/www.sinchisinchi.com\/de\/wp-json\/wp\/v2\/pages\/6993\/revisions"}],"wp:attachment":[{"href":"https:\/\/www.sinchisinchi.com\/de\/wp-json\/wp\/v2\/media?parent=6993"}],"curies":[{"name":"wp","href":"https:\/\/api.w.org\/{rel}","templated":true}]}}