{"id":10013,"date":"2023-10-19T20:26:26","date_gmt":"2023-10-19T20:26:26","guid":{"rendered":"https:\/\/www.sinchisinchi.com\/producto\/eucalipto\/"},"modified":"2026-02-12T13:30:18","modified_gmt":"2026-02-12T13:30:18","slug":"eucalipto","status":"publish","type":"product","link":"https:\/\/www.sinchisinchi.com\/de\/producto\/eucalipto\/","title":{"rendered":"Eucalipto"},"content":{"rendered":"\t<div id=\"gap-198109850\" class=\"gap-element clearfix\" style=\"display:block; height:auto;\">\n\t\t\n<style>\n#gap-198109850 {\n  padding-top: 30px;\n}\n<\/style>\n\t<\/div>\n\t\n<a href=\"https:\/\/www.sinchisinchi.com\/de\/producto\/50g-eukalyptus\/\" target=\"_blank\" class=\"button secondary is-larger lowercase expand\" rel=\"noopener\" style=\"border-radius:10px;\">\n\t\t<span>Mittlere Gr\u00f6\u00dfe: 50g<\/span>\n\t<\/a>\n\n<a href=\"https:\/\/www.sinchisinchi.com\/de\/producto\/eukalyptus-100g\/\" target=\"_blank\" class=\"button secondary is-larger lowercase expand\" rel=\"noopener\" style=\"border-radius:10px;\">\n\t\t<span>Gro\u00dfe Gr\u00f6\u00dfe: 100g<\/span>\n\t<\/a>\n\n\t<div id=\"gap-36964725\" class=\"gap-element clearfix\" style=\"display:block; height:auto;\">\n\t\t\n<style>\n#gap-36964725 {\n  padding-top: 30px;\n}\n<\/style>\n\t<\/div>\n\t\n\n  <div class=\"banner has-hover\" id=\"banner-1669788840\">\n          <div class=\"banner-inner fill\">\n        <div class=\"banner-bg fill\" >\n            <img loading=\"lazy\" decoding=\"async\" width=\"878\" height=\"1024\" src=\"https:\/\/www.sinchisinchi.com\/wp-content\/uploads\/2024\/11\/1-4-Katukina-Tribu-Noke-Koi-878x1024.png\" class=\"bg attachment-large size-large\" alt=\"\" \/>                        <div class=\"overlay\"><\/div>            \n                    <\/div>\n\t\t\n        <div class=\"banner-layers container\">\n            <div class=\"fill banner-link\"><\/div>            \n   <div id=\"text-box-212963226\" class=\"text-box banner-layer x5 md-x5 lg-x5 y50 md-y50 lg-y50 res-text\">\n                                <div class=\"text-box-content text box-shadow-3\">\n              \n              <div class=\"text-inner text-left\">\n                  \n<h3><strong><span style=\"color: #000000;\">STAMM<\/span><\/strong><\/h3>\n<h3><span style=\"color: #000000;\">Katukina &#8211; Noke Koi<\/span><\/h3>\n<p><span style=\"color: #000000;\">Die Katukina geh\u00f6ren zur Sprachfamilie \u201ePano\u201c, einer Familie, die sie mit anderen ethnischen Gruppen wie den Huni Kuin oder den Yawanaw\u00e1s teilen. Sie nennen sich lieber Noke Koi: \u201eWahre Menschen\u201c.<\/span><\/p>\n<a href=\"https:\/\/www.sinchisinchi.com\/de\/staemme\/rape-katukina-noke-koi\/\" target=\"_blank\" class=\"button primary is-underline is-larger expand\" rel=\"noopener\" >\n\t\t<span>Stamm<\/span>\n\t<\/a>\n\n              <\/div>\n           <\/div>\n                            \n<style>\n#text-box-212963226 .text-box-content {\n  background-color: rgb(255, 255, 255);\n  font-size: 100%;\n}\n#text-box-212963226 .text-inner {\n  padding: 30px 30px 30px 30px;\n}\n#text-box-212963226 {\n  width: 60%;\n}\n@media (min-width:550px) {\n  #text-box-212963226 {\n    width: 40%;\n  }\n}\n<\/style>\n    <\/div>\n \n        <\/div>\n      <\/div>\n\n              <div class=\"height-fix is-invisible\"><img loading=\"lazy\" decoding=\"async\" width=\"878\" height=\"1024\" src=\"https:\/\/www.sinchisinchi.com\/wp-content\/uploads\/2024\/11\/1-4-Katukina-Tribu-Noke-Koi-878x1024.png\" class=\"attachment-large size-large\" alt=\"\" srcset=\"https:\/\/www.sinchisinchi.com\/wp-content\/uploads\/2024\/11\/1-4-Katukina-Tribu-Noke-Koi-878x1024.png 878w, https:\/\/www.sinchisinchi.com\/wp-content\/uploads\/2024\/11\/1-4-Katukina-Tribu-Noke-Koi-514x600.png 514w, https:\/\/www.sinchisinchi.com\/wp-content\/uploads\/2024\/11\/1-4-Katukina-Tribu-Noke-Koi-768x896.png 768w, https:\/\/www.sinchisinchi.com\/wp-content\/uploads\/2024\/11\/1-4-Katukina-Tribu-Noke-Koi-1317x1536.png 1317w, https:\/\/www.sinchisinchi.com\/wp-content\/uploads\/2024\/11\/1-4-Katukina-Tribu-Noke-Koi-247x288.png 247w, https:\/\/www.sinchisinchi.com\/wp-content\/uploads\/2024\/11\/1-4-Katukina-Tribu-Noke-Koi-510x595.png 510w, https:\/\/www.sinchisinchi.com\/wp-content\/uploads\/2024\/11\/1-4-Katukina-Tribu-Noke-Koi.png 1400w\" sizes=\"auto, (max-width: 878px) 100vw, 878px\" \/><\/div>\n            \n<style>\n#banner-1669788840 .overlay {\n  background-color: rgba(190, 190, 190, 0.2);\n}\n#banner-1669788840 {\n  background-color: rgb(255, 255, 255);\n}\n<\/style>\n  <\/div>\n\n\n","protected":false},"excerpt":{"rendered":"<p>Katukina Eucalyptus Rap\u00e9 wird aus <strong>Eukalyptus und Pau Pereira-Asche<\/strong> hergestellt, einer sehr subtilen Mischung mit einem zarten Aroma und einer reinen und kl\u00e4renden Wirkung.<\/p>\n<p>Ihren Angaben zufolge hilft es dabei, die Energie auf das Sch\u00f6ne und Positive umzulenken, neue T\u00fcren und Wege zu \u00f6ffnen und ist perfekt, um Blockaden zu beseitigen und uns wieder mit unserem wahren Wesen zu verbinden.<\/p>\n<p>Reinigt, ordnet und richtet die Energiefelder aus und sorgt f\u00fcr Schutz und Kraft.<\/p>\n<p>Der Eukalyptus ist ein Baum, der mehrere Dutzend Meter hoch werden kann. Wenn er den h\u00f6chsten Punkt erreicht, soll er sich verbinden und die Energien des H\u00f6chsten bringen. Es ist eines der wirksamsten Reinigungs- und Schutzmittel gegen dichte und negative Energien.<\/p>\n","protected":false},"featured_media":11788,"template":"","meta":{"_joinchat":[]},"product_brand":[],"product_cat":[209],"product_tag":[],"class_list":{"0":"post-10013","1":"product","2":"type-product","3":"status-publish","4":"has-post-thumbnail","6":"product_cat-katukina-de","8":"first","9":"instock","10":"taxable","11":"shipping-taxable","12":"purchasable","13":"product-type-simple"},"yoast_head":"<!-- This site is optimized with the Yoast SEO plugin v27.4 - https:\/\/yoast.com\/product\/yoast-seo-wordpress\/ -->\n<title>SINCHI: Eukalyptus Rap\u00e9 vom Amazonas-Stamm der Katukina<\/title>\n<meta name=\"description\" content=\"Katukina Eucalyptus Rap\u00e9 ist eine sehr subtile Mischung mit einem zarten Aroma, das dabei hilft, die Energie auf das Sch\u00f6ne und Positive umzulenken.\" \/>\n<meta name=\"robots\" content=\"index, follow, max-snippet:-1, max-image-preview:large, max-video-preview:-1\" \/>\n<link rel=\"canonical\" href=\"https:\/\/www.sinchisinchi.com\/de\/producto\/eucalipto\/\" \/>\n<meta property=\"og:locale\" content=\"de_DE\" \/>\n<meta property=\"og:type\" content=\"article\" \/>\n<meta property=\"og:title\" content=\"SINCHI: Eukalyptus Rap\u00e9 vom Amazonas-Stamm der Katukina\" \/>\n<meta property=\"og:description\" content=\"Katukina Eucalyptus Rap\u00e9 ist eine sehr subtile Mischung mit einem zarten Aroma, das dabei hilft, die Energie auf das Sch\u00f6ne und Positive umzulenken.\" \/>\n<meta property=\"og:url\" content=\"https:\/\/www.sinchisinchi.com\/de\/producto\/eucalipto\/\" \/>\n<meta property=\"og:site_name\" content=\"SINCHI RAP\u00c9\" \/>\n<meta property=\"article:publisher\" content=\"https:\/\/www.facebook.com\/sinchirape\/\" \/>\n<meta property=\"article:modified_time\" content=\"2026-02-12T13:30:18+00:00\" \/>\n<meta property=\"og:image\" content=\"https:\/\/www.sinchisinchi.com\/wp-content\/uploads\/2023\/10\/3-Eucalipto.jpg\" \/>\n\t<meta property=\"og:image:width\" content=\"700\" \/>\n\t<meta property=\"og:image:height\" content=\"700\" \/>\n\t<meta property=\"og:image:type\" content=\"image\/jpeg\" \/>\n<meta name=\"twitter:card\" content=\"summary_large_image\" \/>\n<meta name=\"twitter:label1\" content=\"Gesch\u00e4tzte Lesezeit\" \/>\n\t<meta name=\"twitter:data1\" content=\"1\u00a0Minute\" \/>\n<script type=\"application\/ld+json\" class=\"yoast-schema-graph\">{\"@context\":\"https:\\\/\\\/schema.org\",\"@graph\":[{\"@type\":\"WebPage\",\"@id\":\"https:\\\/\\\/www.sinchisinchi.com\\\/de\\\/producto\\\/eucalipto\\\/\",\"url\":\"https:\\\/\\\/www.sinchisinchi.com\\\/de\\\/producto\\\/eucalipto\\\/\",\"name\":\"SINCHI: Eukalyptus Rap\u00e9 vom Amazonas-Stamm der Katukina\",\"isPartOf\":{\"@id\":\"https:\\\/\\\/www.sinchisinchi.com\\\/de\\\/#website\"},\"primaryImageOfPage\":{\"@id\":\"https:\\\/\\\/www.sinchisinchi.com\\\/de\\\/producto\\\/eucalipto\\\/#primaryimage\"},\"image\":{\"@id\":\"https:\\\/\\\/www.sinchisinchi.com\\\/de\\\/producto\\\/eucalipto\\\/#primaryimage\"},\"thumbnailUrl\":\"https:\\\/\\\/www.sinchisinchi.com\\\/wp-content\\\/uploads\\\/2023\\\/10\\\/3-Eucalipto.jpg\",\"datePublished\":\"2023-10-19T20:26:26+00:00\",\"dateModified\":\"2026-02-12T13:30:18+00:00\",\"description\":\"Katukina Eucalyptus Rap\u00e9 ist eine sehr subtile Mischung mit einem zarten Aroma, das dabei hilft, die Energie auf das Sch\u00f6ne und Positive umzulenken.\",\"breadcrumb\":{\"@id\":\"https:\\\/\\\/www.sinchisinchi.com\\\/de\\\/producto\\\/eucalipto\\\/#breadcrumb\"},\"inLanguage\":\"de\",\"potentialAction\":[{\"@type\":\"ReadAction\",\"target\":[\"https:\\\/\\\/www.sinchisinchi.com\\\/de\\\/producto\\\/eucalipto\\\/\"]}]},{\"@type\":\"ImageObject\",\"inLanguage\":\"de\",\"@id\":\"https:\\\/\\\/www.sinchisinchi.com\\\/de\\\/producto\\\/eucalipto\\\/#primaryimage\",\"url\":\"https:\\\/\\\/www.sinchisinchi.com\\\/wp-content\\\/uploads\\\/2023\\\/10\\\/3-Eucalipto.jpg\",\"contentUrl\":\"https:\\\/\\\/www.sinchisinchi.com\\\/wp-content\\\/uploads\\\/2023\\\/10\\\/3-Eucalipto.jpg\",\"width\":700,\"height\":700},{\"@type\":\"BreadcrumbList\",\"@id\":\"https:\\\/\\\/www.sinchisinchi.com\\\/de\\\/producto\\\/eucalipto\\\/#breadcrumb\",\"itemListElement\":[{\"@type\":\"ListItem\",\"position\":1,\"name\":\"Titelseite\",\"item\":\"https:\\\/\\\/www.sinchisinchi.com\\\/de\\\/\"},{\"@type\":\"ListItem\",\"position\":2,\"name\":\"Produkte\",\"item\":\"https:\\\/\\\/www.sinchisinchi.com\\\/de\\\/shop\\\/\"},{\"@type\":\"ListItem\",\"position\":3,\"name\":\"Eucalipto\"}]},{\"@type\":\"WebSite\",\"@id\":\"https:\\\/\\\/www.sinchisinchi.com\\\/de\\\/#website\",\"url\":\"https:\\\/\\\/www.sinchisinchi.com\\\/de\\\/\",\"name\":\"SINCHI\",\"description\":\"Sinchi Medicine\",\"publisher\":{\"@id\":\"https:\\\/\\\/www.sinchisinchi.com\\\/de\\\/#organization\"},\"potentialAction\":[{\"@type\":\"SearchAction\",\"target\":{\"@type\":\"EntryPoint\",\"urlTemplate\":\"https:\\\/\\\/www.sinchisinchi.com\\\/de\\\/?s={search_term_string}\"},\"query-input\":{\"@type\":\"PropertyValueSpecification\",\"valueRequired\":true,\"valueName\":\"search_term_string\"}}],\"inLanguage\":\"de\"},{\"@type\":\"Organization\",\"@id\":\"https:\\\/\\\/www.sinchisinchi.com\\\/de\\\/#organization\",\"name\":\"SINCHI S.L\",\"url\":\"https:\\\/\\\/www.sinchisinchi.com\\\/de\\\/\",\"logo\":{\"@type\":\"ImageObject\",\"inLanguage\":\"de\",\"@id\":\"https:\\\/\\\/www.sinchisinchi.com\\\/de\\\/#\\\/schema\\\/logo\\\/image\\\/\",\"url\":\"https:\\\/\\\/www.sinchisinchi.com\\\/wp-content\\\/uploads\\\/2026\\\/01\\\/3b-Verde-SIMPLIFICADO-HORIZONTAL-F-TRANSPARENTE-scaled.png\",\"contentUrl\":\"https:\\\/\\\/www.sinchisinchi.com\\\/wp-content\\\/uploads\\\/2026\\\/01\\\/3b-Verde-SIMPLIFICADO-HORIZONTAL-F-TRANSPARENTE-scaled.png\",\"width\":2560,\"height\":457,\"caption\":\"SINCHI S.L\"},\"image\":{\"@id\":\"https:\\\/\\\/www.sinchisinchi.com\\\/de\\\/#\\\/schema\\\/logo\\\/image\\\/\"},\"sameAs\":[\"https:\\\/\\\/www.facebook.com\\\/sinchirape\\\/\",\"https:\\\/\\\/www.instagram.com\\\/sinchi_rape\\\/\"]}]}<\/script>\n<!-- \/ Yoast SEO plugin. -->","yoast_head_json":{"title":"SINCHI: Eukalyptus Rap\u00e9 vom Amazonas-Stamm der Katukina","description":"Katukina Eucalyptus Rap\u00e9 ist eine sehr subtile Mischung mit einem zarten Aroma, das dabei hilft, die Energie auf das Sch\u00f6ne und Positive umzulenken.","robots":{"index":"index","follow":"follow","max-snippet":"max-snippet:-1","max-image-preview":"max-image-preview:large","max-video-preview":"max-video-preview:-1"},"canonical":"https:\/\/www.sinchisinchi.com\/de\/producto\/eucalipto\/","og_locale":"de_DE","og_type":"article","og_title":"SINCHI: Eukalyptus Rap\u00e9 vom Amazonas-Stamm der Katukina","og_description":"Katukina Eucalyptus Rap\u00e9 ist eine sehr subtile Mischung mit einem zarten Aroma, das dabei hilft, die Energie auf das Sch\u00f6ne und Positive umzulenken.","og_url":"https:\/\/www.sinchisinchi.com\/de\/producto\/eucalipto\/","og_site_name":"SINCHI RAP\u00c9","article_publisher":"https:\/\/www.facebook.com\/sinchirape\/","article_modified_time":"2026-02-12T13:30:18+00:00","og_image":[{"width":700,"height":700,"url":"https:\/\/www.sinchisinchi.com\/wp-content\/uploads\/2023\/10\/3-Eucalipto.jpg","type":"image\/jpeg"}],"twitter_card":"summary_large_image","twitter_misc":{"Gesch\u00e4tzte Lesezeit":"1\u00a0Minute"},"schema":{"@context":"https:\/\/schema.org","@graph":[{"@type":"WebPage","@id":"https:\/\/www.sinchisinchi.com\/de\/producto\/eucalipto\/","url":"https:\/\/www.sinchisinchi.com\/de\/producto\/eucalipto\/","name":"SINCHI: Eukalyptus Rap\u00e9 vom Amazonas-Stamm der Katukina","isPartOf":{"@id":"https:\/\/www.sinchisinchi.com\/de\/#website"},"primaryImageOfPage":{"@id":"https:\/\/www.sinchisinchi.com\/de\/producto\/eucalipto\/#primaryimage"},"image":{"@id":"https:\/\/www.sinchisinchi.com\/de\/producto\/eucalipto\/#primaryimage"},"thumbnailUrl":"https:\/\/www.sinchisinchi.com\/wp-content\/uploads\/2023\/10\/3-Eucalipto.jpg","datePublished":"2023-10-19T20:26:26+00:00","dateModified":"2026-02-12T13:30:18+00:00","description":"Katukina Eucalyptus Rap\u00e9 ist eine sehr subtile Mischung mit einem zarten Aroma, das dabei hilft, die Energie auf das Sch\u00f6ne und Positive umzulenken.","breadcrumb":{"@id":"https:\/\/www.sinchisinchi.com\/de\/producto\/eucalipto\/#breadcrumb"},"inLanguage":"de","potentialAction":[{"@type":"ReadAction","target":["https:\/\/www.sinchisinchi.com\/de\/producto\/eucalipto\/"]}]},{"@type":"ImageObject","inLanguage":"de","@id":"https:\/\/www.sinchisinchi.com\/de\/producto\/eucalipto\/#primaryimage","url":"https:\/\/www.sinchisinchi.com\/wp-content\/uploads\/2023\/10\/3-Eucalipto.jpg","contentUrl":"https:\/\/www.sinchisinchi.com\/wp-content\/uploads\/2023\/10\/3-Eucalipto.jpg","width":700,"height":700},{"@type":"BreadcrumbList","@id":"https:\/\/www.sinchisinchi.com\/de\/producto\/eucalipto\/#breadcrumb","itemListElement":[{"@type":"ListItem","position":1,"name":"Titelseite","item":"https:\/\/www.sinchisinchi.com\/de\/"},{"@type":"ListItem","position":2,"name":"Produkte","item":"https:\/\/www.sinchisinchi.com\/de\/shop\/"},{"@type":"ListItem","position":3,"name":"Eucalipto"}]},{"@type":"WebSite","@id":"https:\/\/www.sinchisinchi.com\/de\/#website","url":"https:\/\/www.sinchisinchi.com\/de\/","name":"SINCHI","description":"Sinchi Medicine","publisher":{"@id":"https:\/\/www.sinchisinchi.com\/de\/#organization"},"potentialAction":[{"@type":"SearchAction","target":{"@type":"EntryPoint","urlTemplate":"https:\/\/www.sinchisinchi.com\/de\/?s={search_term_string}"},"query-input":{"@type":"PropertyValueSpecification","valueRequired":true,"valueName":"search_term_string"}}],"inLanguage":"de"},{"@type":"Organization","@id":"https:\/\/www.sinchisinchi.com\/de\/#organization","name":"SINCHI S.L","url":"https:\/\/www.sinchisinchi.com\/de\/","logo":{"@type":"ImageObject","inLanguage":"de","@id":"https:\/\/www.sinchisinchi.com\/de\/#\/schema\/logo\/image\/","url":"https:\/\/www.sinchisinchi.com\/wp-content\/uploads\/2026\/01\/3b-Verde-SIMPLIFICADO-HORIZONTAL-F-TRANSPARENTE-scaled.png","contentUrl":"https:\/\/www.sinchisinchi.com\/wp-content\/uploads\/2026\/01\/3b-Verde-SIMPLIFICADO-HORIZONTAL-F-TRANSPARENTE-scaled.png","width":2560,"height":457,"caption":"SINCHI S.L"},"image":{"@id":"https:\/\/www.sinchisinchi.com\/de\/#\/schema\/logo\/image\/"},"sameAs":["https:\/\/www.facebook.com\/sinchirape\/","https:\/\/www.instagram.com\/sinchi_rape\/"]}]}},"_links":{"self":[{"href":"https:\/\/www.sinchisinchi.com\/de\/wp-json\/wp\/v2\/product\/10013","targetHints":{"allow":["GET"]}}],"collection":[{"href":"https:\/\/www.sinchisinchi.com\/de\/wp-json\/wp\/v2\/product"}],"about":[{"href":"https:\/\/www.sinchisinchi.com\/de\/wp-json\/wp\/v2\/types\/product"}],"wp:featuredmedia":[{"embeddable":true,"href":"https:\/\/www.sinchisinchi.com\/de\/wp-json\/wp\/v2\/media\/11788"}],"wp:attachment":[{"href":"https:\/\/www.sinchisinchi.com\/de\/wp-json\/wp\/v2\/media?parent=10013"}],"wp:term":[{"taxonomy":"product_brand","embeddable":true,"href":"https:\/\/www.sinchisinchi.com\/de\/wp-json\/wp\/v2\/product_brand?post=10013"},{"taxonomy":"product_cat","embeddable":true,"href":"https:\/\/www.sinchisinchi.com\/de\/wp-json\/wp\/v2\/product_cat?post=10013"},{"taxonomy":"product_tag","embeddable":true,"href":"https:\/\/www.sinchisinchi.com\/de\/wp-json\/wp\/v2\/product_tag?post=10013"}],"curies":[{"name":"wp","href":"https:\/\/api.w.org\/{rel}","templated":true}]}}