{"id":10028,"date":"2023-10-19T19:52:13","date_gmt":"2023-10-19T19:52:13","guid":{"rendered":"https:\/\/www.sinchisinchi.com\/producto\/rape-jurema\/"},"modified":"2024-11-25T01:46:12","modified_gmt":"2024-11-25T01:46:12","slug":"rape-jurema","status":"publish","type":"product","link":"https:\/\/www.sinchisinchi.com\/de\/producto\/rape-jurema\/","title":{"rendered":"Rap\u00e9 Jurema"},"content":{"rendered":"<h2 style=\"text-align: center;\"><strong><span style=\"color: #000000;\">Jurema-Baum<\/span><\/strong><\/h2>\n<p>&nbsp;<\/p>\n<h3 style=\"text-align: center;\"><strong><span style=\"color: #000000;\">Taxonomie<\/span><\/strong><\/h3>\n<p><span style=\"color: #000000;\">In Mexiko als Tepezcohuite bekannt, handelt es sich um dieselbe Pflanze, die in Brasilien als Jurema (Mimosa hostilis) bekannt ist.<\/span><\/p>\n<p><span style=\"color: #000000;\">Andere gebr\u00e4uchliche Namen sind: Jurema preta, jurema negra, ajuc\u00e1, espineiro (Brasilien); Tepescohuit (Mexiko), Cabrero, Holzkohle, Carbonal.<\/span><\/p>\n<p><span style=\"color: #000000;\">Es handelt sich um eine laubabwerfende Art, die in der relativ trockensten Zeit des Jahres bl\u00fcht und Fr\u00fcchte tr\u00e4gt, wenn sie kein Laub hat.<\/span><\/p>\n<p><span style=\"color: #000000;\">Es handelt sich um ein sehr h\u00e4ufig vorkommendes Dornengestr\u00fcpp in Mexiko (Baja California, Oaxaca und die K\u00fcste von Chiapas), Mittelamerika, den Ebenen Venezuelas und in den trockenen Ebenen Ostbrasiliens: Pernambuco, Minas Gerais und Bahia, wo andere auch \u201e\u201c genannt werden. jurema\u201c. Mimosenarten wie die Wei\u00dfe Jurema (Mimosa verrucosa).<\/span><\/p>\n<p><span style=\"color: #000000;\">In Mexiko wird er auch Hautbaum genannt, da seine Rinde wichtige antimikrobielle, schmerzstillende und zellerneuernde Eigenschaften besitzt.<\/span><\/p>\n<p><span style=\"color: #000000;\">Mimosa hostilis hat wei\u00dfe Bl\u00fcten, w\u00e4hrend Mimosa verrucosa rosa Bl\u00fcten hat. Mimosa hostilis hat niemals gelbe oder rosa Bl\u00fcten.<\/span><\/p>\n<p>&nbsp;<\/p>\n<h3 style=\"text-align: center;\"><strong><span style=\"color: #000000;\">Geschichte<\/span><\/strong><\/h3>\n<p><span style=\"color: #000000;\">K\u00fcrzlich wurde erkannt, dass es sich bei der mexikanischen Mimosa tenuiflora, die 1810 botanisch beschrieben wurde, um dieselbe Art wie die brasilianische Mimosa hostilis handelt.<\/span><\/p>\n<p><span style=\"color: #000000;\">Die Mayas Mexikos nannten es in vorspanischer Zeit \u201eTepezcohuite\u201c. Laut Cabreras Dictionary of Aztecisms (1975) stammt das Wort Tepezcohuite von den Nahuatl-W\u00f6rtern tepetl (H\u00fcgel) und cuahuitl (Baum), \u201eBaum des H\u00fcgels\u201c.<\/span><\/p>\n<p><span style=\"color: #000000;\">Auch in Mexiko wurde der Name \u201eHautbaum\u201c popul\u00e4r, der laut Genis (1987) vom Nahuatl-Wort tepexohuitztli stammt.<\/span><\/p>\n<p><span style=\"color: #000000;\">Dar\u00fcber hinaus wird es tepuscuahuitl genannt, was \u201eEisen- oder Metallbaum\u201c bedeutet und auf die H\u00e4rte seines Holzes anspielt.<\/span><\/p>\n<p><span style=\"color: #000000;\">Die Wurzelrinde enth\u00e4lt zwischen 0,25 % und 4,5 % DMT (N,N-Dimethyltryptamin) des Trockengewichts ihrer Wurzelrinde.<\/span><\/p>\n<p><span style=\"color: #000000;\">Die Rinde des Stammes wird auf den M\u00e4rkten Mexikos f\u00fcr ihre Verwendung in der Volksmedizin verkauft. Andererseits verwenden die Ureinwohner Brasiliens, die \u201eVinho da Jurema\u201c herstellen, nur die Rinde der Wurzel.<\/span><\/p>\n<p><span style=\"color: #000000;\">Die Wirksamkeit von Tepezcohuite konnte durch zwei tragische Ereignisse getestet werden, die sich in den achtziger Jahren in Mexiko ereigneten und die Bev\u00f6lkerung massiv beeintr\u00e4chtigten.<\/span><\/p>\n<p><span style=\"color: #000000;\">Im November 1984 wurden damit Hunderte von Verletzten behandelt, die durch eine ungl\u00fcckliche Gasexplosion schwere Hautverbrennungen erlitten hatten.<\/span><\/p>\n<p><span style=\"color: #000000;\">Zweitens wurde es 1985 zur Behandlung der Wunden von Erdbebenopfern eingesetzt.<\/span><\/p>\n<p><span style=\"color: #000000;\">In beiden F\u00e4llen wurde es in gro\u00dfem Umfang mit sehr zufriedenstellenden Ergebnissen bei der Rekonstruktion der Epidermis sowie bei der Repigmentierung eingesetzt.<\/span><\/p>\n<p>&nbsp;<\/p>\n<h3 style=\"text-align: center;\"><strong><span style=\"color: #000000;\">Mayas<\/span><\/strong><\/h3>\n<p><span style=\"color: #000000;\">Jurema galt als heiliger Baum und wurde von den Mayas als Heilmittel gegen Hautkrankheiten, als Zellregenerator und zur Behandlung von Verletzungen verwendet. Im Volksmund war er als \u201eder Baum bekannt, dessen Schale zu Pulver verarbeitet wird, das Wunden heilt\u201c.<\/span><\/p>\n<p><span style=\"color: #000000;\">Sie verwendeten Tepezcohuit, indem sie das Pulver seiner Rinde auf Wunden und insbesondere auf Verbrennungen auftrugen, um die Schmerzen zu lindern und deren Heilung erheblich zu beschleunigen und sogar das Auftreten von Narben zu verhindern.<\/span><\/p>\n<p>&nbsp;<\/p>\n<h3 style=\"text-align: center;\"><strong><span style=\"color: #000000;\">Jurema-Getr\u00e4nk<\/span><\/strong><\/h3>\n<p><span style=\"color: #000000;\">Jurema ist ein Strauch, der h\u00e4ufig als Analogon von Ayahuasca verwendet wird. Aus seiner Wurzel wird das \u201eJurema-Getr\u00e4nk\u201c oder \u201eVinho da Jurema\u201c gewonnen, das in Ritualen und Zeremonien verwendet wird.<\/span><\/p>\n<p><span style=\"color: #000000;\">Die Zubereitung erfolgt im Allgemeinen durch Mazerieren oder Aufgie\u00dfen der Bl\u00e4tter in Wasser oder Alkohol.<\/span><\/p>\n<p><span style=\"color: #000000;\">Jonathan Ott best\u00e4tigte 1998, dass nach zwanzigmin\u00fctigem Trinken von Jurema-Wein etwa zwei Stunden lang eine vision\u00e4re Wirkung vom DMT-Typ sp\u00fcrbar ist. Es ist jedoch bekannt, dass Dimethyltryptamin (D.M.T.) oral inaktiv ist.<\/span><\/p>\n<p><span style=\"color: #000000;\">Es fehlen auch Substanzen, die das menschliche Enzym Monoaminooxidase (MAO-Hemmer) hemmen. Aus all diesen Gr\u00fcnden wird angenommen, dass Jurema eine Art oral aktives Tryptamin enthalten muss, das noch entdeckt werden muss.<\/span><\/p>\n<p>&nbsp;<\/p>\n<h3 style=\"text-align: center;\"><strong><span style=\"color: #000000;\">Juremahusca-Getr\u00e4nk<\/span><\/strong><\/h3>\n<p><span style=\"color: #000000;\">In den 1990er Jahren entwickelten auf psychoaktive Experimente spezialisierte Forscher Juremahusca, ein zu Ayahuasca analoges Getr\u00e4nk, das aus einer Mischung von Jurema- und Syrischen Weinrautensamen (Peganum harmala) besteht, die in Nordafrika beheimatet sind.<\/span><\/p>\n<p><span style=\"color: #000000;\">Die Rinde der Jurema-Wurzel enth\u00e4lt normalerweise 0,5 bis 1 % D.M.T, w\u00e4hrend die Bl\u00e4tter von Chakrana (Psychotria viridis) 0 bis durchschnittlich 0,20 % DMT enthalten.<\/span><\/p>\n<p><span style=\"color: #000000;\">In einigen Wurzelrinden von Mimosa hostilis mexicana wurde ein viel h\u00f6herer DMT-Gehalt gefunden, zwischen 1 % und 11 % (Ott 2001). Die Rinde des Stammes enth\u00e4lt viel weniger DMT, ebenso wie die Bl\u00e4tter.<\/span><\/p>\n<p><span style=\"color: #000000;\">Sowohl bei den Bl\u00e4ttern als auch beim Stamm ist Vorsicht geboten, da sie Mimosin, eine giftige Substanz, enthalten k\u00f6nnen.<\/span><\/p>\n","protected":false},"excerpt":{"rendered":"<p><span style=\"color: #000000;\">Rap\u00e9 Jurema enth\u00e4lt eine Mischung aus <strong>Mapacho de Sabia und Mapacho de Arapirca, Asche von Tsunu und Jurema Preta.<\/strong><\/span><\/p>\n<p><span style=\"color: #000000;\"><strong>Jurema Preta oder Mimosa Hostilis<\/strong> ist eine Pflanze, die bei indigenen Zeremonien im Nordosten Brasiliens verwendet wird. Sie w\u00e4chst im nord\u00f6stlichen Savannen\u00f6kosystem und geh\u00f6rt zur Familie der Akazien. Es ist ein wahres Schauspiel mit seinen wundersch\u00f6nen Blumen, die wie wei\u00dfe Federn im Wind flattern.<\/span><\/p>\n<p><span style=\"color: #000000;\">Es wird auch wegen seiner Eigenschaften als Zellregenerator, bakteriostatisch, antiseptisch, schmerzstillend, heilend und regenerierend verwendet.<\/span><\/p>\n","protected":false},"featured_media":11756,"template":"","meta":{"_joinchat":[]},"product_brand":[],"product_cat":[214],"product_tag":[],"class_list":{"0":"post-10028","1":"product","2":"type-product","3":"status-publish","4":"has-post-thumbnail","6":"product_cat-boa-de","8":"first","9":"instock","10":"taxable","11":"shipping-taxable","12":"purchasable","13":"product-type-simple"},"yoast_head":"<!-- This site is optimized with the Yoast SEO plugin v27.4 - https:\/\/yoast.com\/product\/yoast-seo-wordpress\/ -->\n<title>SINCHI: Amazon Rap\u00e9 mit Jurema<\/title>\n<meta name=\"description\" content=\"Der Rap\u00e9 Jurema enth\u00e4lt eine Mischung aus Sabia- und Arapirca-Mapacho-, Tsunu- und Jurema-Preta-Asche, die in indigenen Zeremonien in Brasilien verwendet wird.\" \/>\n<meta name=\"robots\" content=\"index, follow, max-snippet:-1, max-image-preview:large, max-video-preview:-1\" \/>\n<link rel=\"canonical\" href=\"https:\/\/www.sinchisinchi.com\/de\/producto\/rape-jurema\/\" \/>\n<meta property=\"og:locale\" content=\"de_DE\" \/>\n<meta property=\"og:type\" content=\"article\" \/>\n<meta property=\"og:title\" content=\"SINCHI: Amazon Rap\u00e9 mit Jurema\" \/>\n<meta property=\"og:description\" content=\"Der Rap\u00e9 Jurema enth\u00e4lt eine Mischung aus Sabia- und Arapirca-Mapacho-, Tsunu- und Jurema-Preta-Asche, die in indigenen Zeremonien in Brasilien verwendet wird.\" \/>\n<meta property=\"og:url\" content=\"https:\/\/www.sinchisinchi.com\/de\/producto\/rape-jurema\/\" \/>\n<meta property=\"og:site_name\" content=\"SINCHI RAP\u00c9\" \/>\n<meta property=\"article:publisher\" content=\"https:\/\/www.facebook.com\/sinchirape\/\" \/>\n<meta property=\"article:modified_time\" content=\"2024-11-25T01:46:12+00:00\" \/>\n<meta property=\"og:image\" content=\"https:\/\/www.sinchisinchi.com\/wp-content\/uploads\/2023\/10\/22-Jurema.jpg\" \/>\n\t<meta property=\"og:image:width\" content=\"700\" \/>\n\t<meta property=\"og:image:height\" content=\"700\" \/>\n\t<meta property=\"og:image:type\" content=\"image\/jpeg\" \/>\n<meta name=\"twitter:card\" content=\"summary_large_image\" \/>\n<meta name=\"twitter:label1\" content=\"Gesch\u00e4tzte Lesezeit\" \/>\n\t<meta name=\"twitter:data1\" content=\"3\u00a0Minuten\" \/>\n<script type=\"application\/ld+json\" class=\"yoast-schema-graph\">{\"@context\":\"https:\\\/\\\/schema.org\",\"@graph\":[{\"@type\":\"WebPage\",\"@id\":\"https:\\\/\\\/www.sinchisinchi.com\\\/de\\\/producto\\\/rape-jurema\\\/\",\"url\":\"https:\\\/\\\/www.sinchisinchi.com\\\/de\\\/producto\\\/rape-jurema\\\/\",\"name\":\"SINCHI: Amazon Rap\u00e9 mit Jurema\",\"isPartOf\":{\"@id\":\"https:\\\/\\\/www.sinchisinchi.com\\\/de\\\/#website\"},\"primaryImageOfPage\":{\"@id\":\"https:\\\/\\\/www.sinchisinchi.com\\\/de\\\/producto\\\/rape-jurema\\\/#primaryimage\"},\"image\":{\"@id\":\"https:\\\/\\\/www.sinchisinchi.com\\\/de\\\/producto\\\/rape-jurema\\\/#primaryimage\"},\"thumbnailUrl\":\"https:\\\/\\\/www.sinchisinchi.com\\\/wp-content\\\/uploads\\\/2023\\\/10\\\/22-Jurema.jpg\",\"datePublished\":\"2023-10-19T19:52:13+00:00\",\"dateModified\":\"2024-11-25T01:46:12+00:00\",\"description\":\"Der Rap\u00e9 Jurema enth\u00e4lt eine Mischung aus Sabia- und Arapirca-Mapacho-, Tsunu- und Jurema-Preta-Asche, die in indigenen Zeremonien in Brasilien verwendet wird.\",\"breadcrumb\":{\"@id\":\"https:\\\/\\\/www.sinchisinchi.com\\\/de\\\/producto\\\/rape-jurema\\\/#breadcrumb\"},\"inLanguage\":\"de\",\"potentialAction\":[{\"@type\":\"ReadAction\",\"target\":[\"https:\\\/\\\/www.sinchisinchi.com\\\/de\\\/producto\\\/rape-jurema\\\/\"]}]},{\"@type\":\"ImageObject\",\"inLanguage\":\"de\",\"@id\":\"https:\\\/\\\/www.sinchisinchi.com\\\/de\\\/producto\\\/rape-jurema\\\/#primaryimage\",\"url\":\"https:\\\/\\\/www.sinchisinchi.com\\\/wp-content\\\/uploads\\\/2023\\\/10\\\/22-Jurema.jpg\",\"contentUrl\":\"https:\\\/\\\/www.sinchisinchi.com\\\/wp-content\\\/uploads\\\/2023\\\/10\\\/22-Jurema.jpg\",\"width\":700,\"height\":700},{\"@type\":\"BreadcrumbList\",\"@id\":\"https:\\\/\\\/www.sinchisinchi.com\\\/de\\\/producto\\\/rape-jurema\\\/#breadcrumb\",\"itemListElement\":[{\"@type\":\"ListItem\",\"position\":1,\"name\":\"Titelseite\",\"item\":\"https:\\\/\\\/www.sinchisinchi.com\\\/de\\\/\"},{\"@type\":\"ListItem\",\"position\":2,\"name\":\"Produkte\",\"item\":\"https:\\\/\\\/www.sinchisinchi.com\\\/de\\\/shop\\\/\"},{\"@type\":\"ListItem\",\"position\":3,\"name\":\"Rap\u00e9 Jurema\"}]},{\"@type\":\"WebSite\",\"@id\":\"https:\\\/\\\/www.sinchisinchi.com\\\/de\\\/#website\",\"url\":\"https:\\\/\\\/www.sinchisinchi.com\\\/de\\\/\",\"name\":\"SINCHI\",\"description\":\"Sinchi Medicine\",\"publisher\":{\"@id\":\"https:\\\/\\\/www.sinchisinchi.com\\\/de\\\/#organization\"},\"potentialAction\":[{\"@type\":\"SearchAction\",\"target\":{\"@type\":\"EntryPoint\",\"urlTemplate\":\"https:\\\/\\\/www.sinchisinchi.com\\\/de\\\/?s={search_term_string}\"},\"query-input\":{\"@type\":\"PropertyValueSpecification\",\"valueRequired\":true,\"valueName\":\"search_term_string\"}}],\"inLanguage\":\"de\"},{\"@type\":\"Organization\",\"@id\":\"https:\\\/\\\/www.sinchisinchi.com\\\/de\\\/#organization\",\"name\":\"SINCHI S.L\",\"url\":\"https:\\\/\\\/www.sinchisinchi.com\\\/de\\\/\",\"logo\":{\"@type\":\"ImageObject\",\"inLanguage\":\"de\",\"@id\":\"https:\\\/\\\/www.sinchisinchi.com\\\/de\\\/#\\\/schema\\\/logo\\\/image\\\/\",\"url\":\"https:\\\/\\\/www.sinchisinchi.com\\\/wp-content\\\/uploads\\\/2026\\\/01\\\/3b-Verde-SIMPLIFICADO-HORIZONTAL-F-TRANSPARENTE-scaled.png\",\"contentUrl\":\"https:\\\/\\\/www.sinchisinchi.com\\\/wp-content\\\/uploads\\\/2026\\\/01\\\/3b-Verde-SIMPLIFICADO-HORIZONTAL-F-TRANSPARENTE-scaled.png\",\"width\":2560,\"height\":457,\"caption\":\"SINCHI S.L\"},\"image\":{\"@id\":\"https:\\\/\\\/www.sinchisinchi.com\\\/de\\\/#\\\/schema\\\/logo\\\/image\\\/\"},\"sameAs\":[\"https:\\\/\\\/www.facebook.com\\\/sinchirape\\\/\",\"https:\\\/\\\/www.instagram.com\\\/sinchi_rape\\\/\"]}]}<\/script>\n<!-- \/ Yoast SEO plugin. -->","yoast_head_json":{"title":"SINCHI: Amazon Rap\u00e9 mit Jurema","description":"Der Rap\u00e9 Jurema enth\u00e4lt eine Mischung aus Sabia- und Arapirca-Mapacho-, Tsunu- und Jurema-Preta-Asche, die in indigenen Zeremonien in Brasilien verwendet wird.","robots":{"index":"index","follow":"follow","max-snippet":"max-snippet:-1","max-image-preview":"max-image-preview:large","max-video-preview":"max-video-preview:-1"},"canonical":"https:\/\/www.sinchisinchi.com\/de\/producto\/rape-jurema\/","og_locale":"de_DE","og_type":"article","og_title":"SINCHI: Amazon Rap\u00e9 mit Jurema","og_description":"Der Rap\u00e9 Jurema enth\u00e4lt eine Mischung aus Sabia- und Arapirca-Mapacho-, Tsunu- und Jurema-Preta-Asche, die in indigenen Zeremonien in Brasilien verwendet wird.","og_url":"https:\/\/www.sinchisinchi.com\/de\/producto\/rape-jurema\/","og_site_name":"SINCHI RAP\u00c9","article_publisher":"https:\/\/www.facebook.com\/sinchirape\/","article_modified_time":"2024-11-25T01:46:12+00:00","og_image":[{"width":700,"height":700,"url":"https:\/\/www.sinchisinchi.com\/wp-content\/uploads\/2023\/10\/22-Jurema.jpg","type":"image\/jpeg"}],"twitter_card":"summary_large_image","twitter_misc":{"Gesch\u00e4tzte Lesezeit":"3\u00a0Minuten"},"schema":{"@context":"https:\/\/schema.org","@graph":[{"@type":"WebPage","@id":"https:\/\/www.sinchisinchi.com\/de\/producto\/rape-jurema\/","url":"https:\/\/www.sinchisinchi.com\/de\/producto\/rape-jurema\/","name":"SINCHI: Amazon Rap\u00e9 mit Jurema","isPartOf":{"@id":"https:\/\/www.sinchisinchi.com\/de\/#website"},"primaryImageOfPage":{"@id":"https:\/\/www.sinchisinchi.com\/de\/producto\/rape-jurema\/#primaryimage"},"image":{"@id":"https:\/\/www.sinchisinchi.com\/de\/producto\/rape-jurema\/#primaryimage"},"thumbnailUrl":"https:\/\/www.sinchisinchi.com\/wp-content\/uploads\/2023\/10\/22-Jurema.jpg","datePublished":"2023-10-19T19:52:13+00:00","dateModified":"2024-11-25T01:46:12+00:00","description":"Der Rap\u00e9 Jurema enth\u00e4lt eine Mischung aus Sabia- und Arapirca-Mapacho-, Tsunu- und Jurema-Preta-Asche, die in indigenen Zeremonien in Brasilien verwendet wird.","breadcrumb":{"@id":"https:\/\/www.sinchisinchi.com\/de\/producto\/rape-jurema\/#breadcrumb"},"inLanguage":"de","potentialAction":[{"@type":"ReadAction","target":["https:\/\/www.sinchisinchi.com\/de\/producto\/rape-jurema\/"]}]},{"@type":"ImageObject","inLanguage":"de","@id":"https:\/\/www.sinchisinchi.com\/de\/producto\/rape-jurema\/#primaryimage","url":"https:\/\/www.sinchisinchi.com\/wp-content\/uploads\/2023\/10\/22-Jurema.jpg","contentUrl":"https:\/\/www.sinchisinchi.com\/wp-content\/uploads\/2023\/10\/22-Jurema.jpg","width":700,"height":700},{"@type":"BreadcrumbList","@id":"https:\/\/www.sinchisinchi.com\/de\/producto\/rape-jurema\/#breadcrumb","itemListElement":[{"@type":"ListItem","position":1,"name":"Titelseite","item":"https:\/\/www.sinchisinchi.com\/de\/"},{"@type":"ListItem","position":2,"name":"Produkte","item":"https:\/\/www.sinchisinchi.com\/de\/shop\/"},{"@type":"ListItem","position":3,"name":"Rap\u00e9 Jurema"}]},{"@type":"WebSite","@id":"https:\/\/www.sinchisinchi.com\/de\/#website","url":"https:\/\/www.sinchisinchi.com\/de\/","name":"SINCHI","description":"Sinchi Medicine","publisher":{"@id":"https:\/\/www.sinchisinchi.com\/de\/#organization"},"potentialAction":[{"@type":"SearchAction","target":{"@type":"EntryPoint","urlTemplate":"https:\/\/www.sinchisinchi.com\/de\/?s={search_term_string}"},"query-input":{"@type":"PropertyValueSpecification","valueRequired":true,"valueName":"search_term_string"}}],"inLanguage":"de"},{"@type":"Organization","@id":"https:\/\/www.sinchisinchi.com\/de\/#organization","name":"SINCHI S.L","url":"https:\/\/www.sinchisinchi.com\/de\/","logo":{"@type":"ImageObject","inLanguage":"de","@id":"https:\/\/www.sinchisinchi.com\/de\/#\/schema\/logo\/image\/","url":"https:\/\/www.sinchisinchi.com\/wp-content\/uploads\/2026\/01\/3b-Verde-SIMPLIFICADO-HORIZONTAL-F-TRANSPARENTE-scaled.png","contentUrl":"https:\/\/www.sinchisinchi.com\/wp-content\/uploads\/2026\/01\/3b-Verde-SIMPLIFICADO-HORIZONTAL-F-TRANSPARENTE-scaled.png","width":2560,"height":457,"caption":"SINCHI S.L"},"image":{"@id":"https:\/\/www.sinchisinchi.com\/de\/#\/schema\/logo\/image\/"},"sameAs":["https:\/\/www.facebook.com\/sinchirape\/","https:\/\/www.instagram.com\/sinchi_rape\/"]}]}},"_links":{"self":[{"href":"https:\/\/www.sinchisinchi.com\/de\/wp-json\/wp\/v2\/product\/10028","targetHints":{"allow":["GET"]}}],"collection":[{"href":"https:\/\/www.sinchisinchi.com\/de\/wp-json\/wp\/v2\/product"}],"about":[{"href":"https:\/\/www.sinchisinchi.com\/de\/wp-json\/wp\/v2\/types\/product"}],"wp:featuredmedia":[{"embeddable":true,"href":"https:\/\/www.sinchisinchi.com\/de\/wp-json\/wp\/v2\/media\/11756"}],"wp:attachment":[{"href":"https:\/\/www.sinchisinchi.com\/de\/wp-json\/wp\/v2\/media?parent=10028"}],"wp:term":[{"taxonomy":"product_brand","embeddable":true,"href":"https:\/\/www.sinchisinchi.com\/de\/wp-json\/wp\/v2\/product_brand?post=10028"},{"taxonomy":"product_cat","embeddable":true,"href":"https:\/\/www.sinchisinchi.com\/de\/wp-json\/wp\/v2\/product_cat?post=10028"},{"taxonomy":"product_tag","embeddable":true,"href":"https:\/\/www.sinchisinchi.com\/de\/wp-json\/wp\/v2\/product_tag?post=10028"}],"curies":[{"name":"wp","href":"https:\/\/api.w.org\/{rel}","templated":true}]}}