{"id":10033,"date":"2023-10-19T19:46:50","date_gmt":"2023-10-19T19:46:50","guid":{"rendered":"https:\/\/www.sinchisinchi.com\/producto\/rape-sanixi\/"},"modified":"2026-02-12T11:34:28","modified_gmt":"2026-02-12T11:34:28","slug":"rape-sanixi","status":"publish","type":"product","link":"https:\/\/www.sinchisinchi.com\/de\/producto\/rape-sanixi\/","title":{"rendered":"Sanixi"},"content":{"rendered":"<p style=\"text-align: center;\"><strong><span style=\"color: #000000;\">Die Clavohuasca-Liane<\/span><\/strong><\/p>\n<p><span style=\"color: #000000;\">Clavohuasca ist eine Kletterpflanze aus S\u00fcdamerika, die traditionell als starkes<strong> Aphrodisiakum<\/strong> f\u00fcr M\u00e4nner und Frauen verwendet wird, um die sexuelle Potenz und Fruchtbarkeit zu steigern.<\/span><\/p>\n<p><span style=\"color: #000000;\">Auch in der Naturheilkunde wird es zur Behandlung verschiedener Beschwerden eingesetzt.<\/span><\/p>\n<p><span style=\"color: #000000;\">Es ist ein Zusatzstoff, der h\u00e4ufig in Ayahuasca-Rezepten verwendet oder gleichzeitig eingenommen wird, um unangenehme abf\u00fchrende Wirkungen zu verringern und den Magen zu beruhigen.<\/span><\/p>\n<p><span style=\"color: #000000;\">Der lateinische Name f\u00fcr Clavo huasca ist \u201eTynanthus panurensis\u201c. Dieser Name bedeutet \u201eNelkenstrauch\u201c und bezieht sich auf das nelkenreiche Aroma des Stammes und der Bl\u00e4tter. Sein Wirkstoff ist Tinantin.<\/span><\/p>\n<a href=\"https:\/\/www.sinchisinchi.com\/de\/producto\/50g-sanixi\/\" target=\"_blank\" class=\"button secondary is-larger lowercase expand\" rel=\"noopener\" style=\"border-radius:10px;\">\n\t\t<span>Mittlere Gr\u00f6\u00dfe: 50g<\/span>\n\t<\/a>\n\n<a href=\"https:\/\/www.sinchisinchi.com\/de\/producto\/sanixi-100g\/\" target=\"_blank\" class=\"button secondary is-larger lowercase expand\" rel=\"noopener\" style=\"border-radius:10px;\">\n\t\t<span>Gro\u00dfe Gr\u00f6\u00dfe: 100g<\/span>\n\t<\/a>\n\n\t<div id=\"gap-1931397109\" class=\"gap-element clearfix\" style=\"display:block; height:auto;\">\n\t\t\n<style>\n#gap-1931397109 {\n  padding-top: 30px;\n}\n<\/style>\n\t<\/div>\n\t\n\n  <div class=\"banner has-hover is-full-height\" id=\"banner-1326873351\">\n          <div class=\"banner-inner fill\">\n        <div class=\"banner-bg fill\" >\n            <img loading=\"lazy\" decoding=\"async\" width=\"576\" height=\"1024\" src=\"https:\/\/www.sinchisinchi.com\/wp-content\/uploads\/2024\/12\/6-Jaguar9-576x1024.jpeg\" class=\"bg attachment-large size-large\" alt=\"\" \/>                        <div class=\"overlay\"><\/div>            \n                    <\/div>\n\t\t\n        <div class=\"banner-layers container\">\n            <div class=\"fill banner-link\"><\/div>            \n   <div id=\"text-box-85108429\" class=\"text-box banner-layer x5 md-x5 lg-x5 y50 md-y50 lg-y50 res-text\">\n                                <div class=\"text-box-content text box-shadow-3\">\n              \n              <div class=\"text-inner text-left\">\n                  \n<h2 class=\"uppercase\"><b>STAMM<\/b><\/h2>\n<h3>Kuntanawa<\/h3>\n<h3>Kuntanawa<\/h3>\n<a href=\"https:\/\/www.sinchisinchi.com\/de\/staemme\/rape-kuntanawa\/\" target=\"_blank\" class=\"button primary is-underline is-larger expand\" rel=\"noopener\" >\n\t\t<span>STAMM<\/span>\n\t<\/a>\n\n              <\/div>\n           <\/div>\n                            \n<style>\n#text-box-85108429 .text-box-content {\n  background-color: rgb(255, 255, 255);\n  font-size: 100%;\n}\n#text-box-85108429 .text-inner {\n  padding: 30px 30px 30px 30px;\n}\n#text-box-85108429 {\n  width: 60%;\n}\n@media (min-width:550px) {\n  #text-box-85108429 {\n    width: 40%;\n  }\n}\n<\/style>\n    <\/div>\n \n        <\/div>\n      <\/div>\n\n            \n<style>\n#banner-1326873351 {\n  padding-top: 100%;\n  background-color: rgb(255, 255, 255);\n}\n#banner-1326873351 .overlay {\n  background-color: rgba(190, 190, 190, 0.2);\n}\n<\/style>\n  <\/div>\n\n\n","protected":false},"excerpt":{"rendered":"<p><span style=\"color: #000000;\">Die Kuntanawa kreieren diese wundersch\u00f6ne Mischung mit <strong>Mapacho de Cuerda<\/strong> (einer extra starken Sorte) und <strong>Sanixi<\/strong>, einer Pflanze, die auch als Clavahuasca oder <strong>Cipo Cravo<\/strong> bekannt ist, was Kletternagel bedeutet. Es \u00e4hnelt im Geschmack und Geruch Nelken und wird oft zur Zubereitung eines Nelkentees verwendet.<\/span><\/p>\n<p><span style=\"color: #000000;\">In diesem Rap\u00e9 \u00fcberwiegt stark Sanixi. In der traditionellen Medizin wird Sanixi als starkes <strong>Aphrodisiakum<\/strong> verwendet und hilft bei Libidost\u00f6rungen und Impotenz. Sanixi wirkt wie Gew\u00fcrznelken desinfizierend, entz\u00fcndungshemmend und schmerzstillend.<\/span><\/p>\n<p><span style=\"color: #000000;\">Kuntanawa Sanixi ist eine einzigartige und wirkungsvolle Sorte, die einen in einen Zustand hoher Schwingung versetzt, auf das Sakralchakra einwirkt und dabei hilft, sexuelle oder vitale Energie freizusetzen.<\/span><\/p>\n<p><span style=\"color: #000000;\">Das Sakralchakra erm\u00f6glicht es uns, den Sinn unseres Lebens zu finden; Durch die Balance sind wir im Einklang mit unserer Leidenschaft, mit dem, was uns gl\u00fccklich macht und was wir gerne tun. So k\u00f6nnen wir ein erf\u00fclltes Leben f\u00fchren und uns erf\u00fcllt f\u00fchlen.<\/span><\/p>\n<p><span style=\"color: #000000;\">Rap\u00e9 Sanixi wirkt dank des Mapacho-Seils auch auf das Solarplexus.<\/span><\/p>\n<p><span style=\"color: #000000;\">Rap\u00e9 Sanixi hat eine gro\u00dfe F\u00e4higkeit, angesammelte negative Energien aufzul\u00f6sen, die die Kuntanawa Nuxim nennen.<\/span><\/p>\n<p><span style=\"color: #000000;\">\u00d6ffnen Sie Ihr Herz, um zu geben und zu empfangen; Es ist ein fr\u00f6hlicher, l\u00e4chelnder Schnupftabak.<\/span><\/p>\n<p><span style=\"color: #000000;\">Es eignet sich sowohl f\u00fcr Zeremonien als auch f\u00fcr den Alltag.<\/span><\/p>\n","protected":false},"featured_media":11819,"template":"","meta":{"_joinchat":[]},"product_brand":[],"product_cat":[126],"product_tag":[],"class_list":{"0":"post-10033","1":"product","2":"type-product","3":"status-publish","4":"has-post-thumbnail","6":"product_cat-kuntanawa-de","8":"first","9":"instock","10":"taxable","11":"shipping-taxable","12":"purchasable","13":"product-type-simple"},"yoast_head":"<!-- This site is optimized with the Yoast SEO plugin v27.4 - https:\/\/yoast.com\/product\/yoast-seo-wordpress\/ -->\n<title>SINCHI: Sanixi Rap\u00e9 vom Stamm der Kuntanawa<\/title>\n<meta name=\"description\" content=\"Kuntanawa Sanixi ist ein Rap\u00e9, das in einen Zustand hoher Schwingung versetzt, auf das Sakralchakra einwirkt und dabei hilft, sexuelle oder lebenswichtige Energie freizusetzen.\" \/>\n<meta name=\"robots\" content=\"index, follow, max-snippet:-1, max-image-preview:large, max-video-preview:-1\" \/>\n<link rel=\"canonical\" href=\"https:\/\/www.sinchisinchi.com\/de\/producto\/rape-sanixi\/\" \/>\n<meta property=\"og:locale\" content=\"de_DE\" \/>\n<meta property=\"og:type\" content=\"article\" \/>\n<meta property=\"og:title\" content=\"SINCHI: Sanixi Rap\u00e9 vom Stamm der Kuntanawa\" \/>\n<meta property=\"og:description\" content=\"Kuntanawa Sanixi ist ein Rap\u00e9, das in einen Zustand hoher Schwingung versetzt, auf das Sakralchakra einwirkt und dabei hilft, sexuelle oder lebenswichtige Energie freizusetzen.\" \/>\n<meta property=\"og:url\" content=\"https:\/\/www.sinchisinchi.com\/de\/producto\/rape-sanixi\/\" \/>\n<meta property=\"og:site_name\" content=\"SINCHI RAP\u00c9\" \/>\n<meta property=\"article:publisher\" content=\"https:\/\/www.facebook.com\/sinchirape\/\" \/>\n<meta property=\"article:modified_time\" content=\"2026-02-12T11:34:28+00:00\" \/>\n<meta property=\"og:image\" content=\"https:\/\/www.sinchisinchi.com\/wp-content\/uploads\/2023\/10\/17-Sanixi.jpg\" \/>\n\t<meta property=\"og:image:width\" content=\"700\" \/>\n\t<meta property=\"og:image:height\" content=\"700\" \/>\n\t<meta property=\"og:image:type\" content=\"image\/jpeg\" \/>\n<meta name=\"twitter:card\" content=\"summary_large_image\" \/>\n<meta name=\"twitter:label1\" content=\"Gesch\u00e4tzte Lesezeit\" \/>\n\t<meta name=\"twitter:data1\" content=\"1\u00a0Minute\" \/>\n<script type=\"application\/ld+json\" class=\"yoast-schema-graph\">{\"@context\":\"https:\\\/\\\/schema.org\",\"@graph\":[{\"@type\":\"WebPage\",\"@id\":\"https:\\\/\\\/www.sinchisinchi.com\\\/de\\\/producto\\\/rape-sanixi\\\/\",\"url\":\"https:\\\/\\\/www.sinchisinchi.com\\\/de\\\/producto\\\/rape-sanixi\\\/\",\"name\":\"SINCHI: Sanixi Rap\u00e9 vom Stamm der Kuntanawa\",\"isPartOf\":{\"@id\":\"https:\\\/\\\/www.sinchisinchi.com\\\/de\\\/#website\"},\"primaryImageOfPage\":{\"@id\":\"https:\\\/\\\/www.sinchisinchi.com\\\/de\\\/producto\\\/rape-sanixi\\\/#primaryimage\"},\"image\":{\"@id\":\"https:\\\/\\\/www.sinchisinchi.com\\\/de\\\/producto\\\/rape-sanixi\\\/#primaryimage\"},\"thumbnailUrl\":\"https:\\\/\\\/www.sinchisinchi.com\\\/wp-content\\\/uploads\\\/2023\\\/10\\\/17-Sanixi.jpg\",\"datePublished\":\"2023-10-19T19:46:50+00:00\",\"dateModified\":\"2026-02-12T11:34:28+00:00\",\"description\":\"Kuntanawa Sanixi ist ein Rap\u00e9, das in einen Zustand hoher Schwingung versetzt, auf das Sakralchakra einwirkt und dabei hilft, sexuelle oder lebenswichtige Energie freizusetzen.\",\"breadcrumb\":{\"@id\":\"https:\\\/\\\/www.sinchisinchi.com\\\/de\\\/producto\\\/rape-sanixi\\\/#breadcrumb\"},\"inLanguage\":\"de\",\"potentialAction\":[{\"@type\":\"ReadAction\",\"target\":[\"https:\\\/\\\/www.sinchisinchi.com\\\/de\\\/producto\\\/rape-sanixi\\\/\"]}]},{\"@type\":\"ImageObject\",\"inLanguage\":\"de\",\"@id\":\"https:\\\/\\\/www.sinchisinchi.com\\\/de\\\/producto\\\/rape-sanixi\\\/#primaryimage\",\"url\":\"https:\\\/\\\/www.sinchisinchi.com\\\/wp-content\\\/uploads\\\/2023\\\/10\\\/17-Sanixi.jpg\",\"contentUrl\":\"https:\\\/\\\/www.sinchisinchi.com\\\/wp-content\\\/uploads\\\/2023\\\/10\\\/17-Sanixi.jpg\",\"width\":700,\"height\":700},{\"@type\":\"BreadcrumbList\",\"@id\":\"https:\\\/\\\/www.sinchisinchi.com\\\/de\\\/producto\\\/rape-sanixi\\\/#breadcrumb\",\"itemListElement\":[{\"@type\":\"ListItem\",\"position\":1,\"name\":\"Titelseite\",\"item\":\"https:\\\/\\\/www.sinchisinchi.com\\\/de\\\/\"},{\"@type\":\"ListItem\",\"position\":2,\"name\":\"Produkte\",\"item\":\"https:\\\/\\\/www.sinchisinchi.com\\\/de\\\/shop\\\/\"},{\"@type\":\"ListItem\",\"position\":3,\"name\":\"Sanixi\"}]},{\"@type\":\"WebSite\",\"@id\":\"https:\\\/\\\/www.sinchisinchi.com\\\/de\\\/#website\",\"url\":\"https:\\\/\\\/www.sinchisinchi.com\\\/de\\\/\",\"name\":\"SINCHI\",\"description\":\"Sinchi Medicine\",\"publisher\":{\"@id\":\"https:\\\/\\\/www.sinchisinchi.com\\\/de\\\/#organization\"},\"potentialAction\":[{\"@type\":\"SearchAction\",\"target\":{\"@type\":\"EntryPoint\",\"urlTemplate\":\"https:\\\/\\\/www.sinchisinchi.com\\\/de\\\/?s={search_term_string}\"},\"query-input\":{\"@type\":\"PropertyValueSpecification\",\"valueRequired\":true,\"valueName\":\"search_term_string\"}}],\"inLanguage\":\"de\"},{\"@type\":\"Organization\",\"@id\":\"https:\\\/\\\/www.sinchisinchi.com\\\/de\\\/#organization\",\"name\":\"SINCHI S.L\",\"url\":\"https:\\\/\\\/www.sinchisinchi.com\\\/de\\\/\",\"logo\":{\"@type\":\"ImageObject\",\"inLanguage\":\"de\",\"@id\":\"https:\\\/\\\/www.sinchisinchi.com\\\/de\\\/#\\\/schema\\\/logo\\\/image\\\/\",\"url\":\"https:\\\/\\\/www.sinchisinchi.com\\\/wp-content\\\/uploads\\\/2026\\\/01\\\/3b-Verde-SIMPLIFICADO-HORIZONTAL-F-TRANSPARENTE-scaled.png\",\"contentUrl\":\"https:\\\/\\\/www.sinchisinchi.com\\\/wp-content\\\/uploads\\\/2026\\\/01\\\/3b-Verde-SIMPLIFICADO-HORIZONTAL-F-TRANSPARENTE-scaled.png\",\"width\":2560,\"height\":457,\"caption\":\"SINCHI S.L\"},\"image\":{\"@id\":\"https:\\\/\\\/www.sinchisinchi.com\\\/de\\\/#\\\/schema\\\/logo\\\/image\\\/\"},\"sameAs\":[\"https:\\\/\\\/www.facebook.com\\\/sinchirape\\\/\",\"https:\\\/\\\/www.instagram.com\\\/sinchi_rape\\\/\"]}]}<\/script>\n<!-- \/ Yoast SEO plugin. -->","yoast_head_json":{"title":"SINCHI: Sanixi Rap\u00e9 vom Stamm der Kuntanawa","description":"Kuntanawa Sanixi ist ein Rap\u00e9, das in einen Zustand hoher Schwingung versetzt, auf das Sakralchakra einwirkt und dabei hilft, sexuelle oder lebenswichtige Energie freizusetzen.","robots":{"index":"index","follow":"follow","max-snippet":"max-snippet:-1","max-image-preview":"max-image-preview:large","max-video-preview":"max-video-preview:-1"},"canonical":"https:\/\/www.sinchisinchi.com\/de\/producto\/rape-sanixi\/","og_locale":"de_DE","og_type":"article","og_title":"SINCHI: Sanixi Rap\u00e9 vom Stamm der Kuntanawa","og_description":"Kuntanawa Sanixi ist ein Rap\u00e9, das in einen Zustand hoher Schwingung versetzt, auf das Sakralchakra einwirkt und dabei hilft, sexuelle oder lebenswichtige Energie freizusetzen.","og_url":"https:\/\/www.sinchisinchi.com\/de\/producto\/rape-sanixi\/","og_site_name":"SINCHI RAP\u00c9","article_publisher":"https:\/\/www.facebook.com\/sinchirape\/","article_modified_time":"2026-02-12T11:34:28+00:00","og_image":[{"width":700,"height":700,"url":"https:\/\/www.sinchisinchi.com\/wp-content\/uploads\/2023\/10\/17-Sanixi.jpg","type":"image\/jpeg"}],"twitter_card":"summary_large_image","twitter_misc":{"Gesch\u00e4tzte Lesezeit":"1\u00a0Minute"},"schema":{"@context":"https:\/\/schema.org","@graph":[{"@type":"WebPage","@id":"https:\/\/www.sinchisinchi.com\/de\/producto\/rape-sanixi\/","url":"https:\/\/www.sinchisinchi.com\/de\/producto\/rape-sanixi\/","name":"SINCHI: Sanixi Rap\u00e9 vom Stamm der Kuntanawa","isPartOf":{"@id":"https:\/\/www.sinchisinchi.com\/de\/#website"},"primaryImageOfPage":{"@id":"https:\/\/www.sinchisinchi.com\/de\/producto\/rape-sanixi\/#primaryimage"},"image":{"@id":"https:\/\/www.sinchisinchi.com\/de\/producto\/rape-sanixi\/#primaryimage"},"thumbnailUrl":"https:\/\/www.sinchisinchi.com\/wp-content\/uploads\/2023\/10\/17-Sanixi.jpg","datePublished":"2023-10-19T19:46:50+00:00","dateModified":"2026-02-12T11:34:28+00:00","description":"Kuntanawa Sanixi ist ein Rap\u00e9, das in einen Zustand hoher Schwingung versetzt, auf das Sakralchakra einwirkt und dabei hilft, sexuelle oder lebenswichtige Energie freizusetzen.","breadcrumb":{"@id":"https:\/\/www.sinchisinchi.com\/de\/producto\/rape-sanixi\/#breadcrumb"},"inLanguage":"de","potentialAction":[{"@type":"ReadAction","target":["https:\/\/www.sinchisinchi.com\/de\/producto\/rape-sanixi\/"]}]},{"@type":"ImageObject","inLanguage":"de","@id":"https:\/\/www.sinchisinchi.com\/de\/producto\/rape-sanixi\/#primaryimage","url":"https:\/\/www.sinchisinchi.com\/wp-content\/uploads\/2023\/10\/17-Sanixi.jpg","contentUrl":"https:\/\/www.sinchisinchi.com\/wp-content\/uploads\/2023\/10\/17-Sanixi.jpg","width":700,"height":700},{"@type":"BreadcrumbList","@id":"https:\/\/www.sinchisinchi.com\/de\/producto\/rape-sanixi\/#breadcrumb","itemListElement":[{"@type":"ListItem","position":1,"name":"Titelseite","item":"https:\/\/www.sinchisinchi.com\/de\/"},{"@type":"ListItem","position":2,"name":"Produkte","item":"https:\/\/www.sinchisinchi.com\/de\/shop\/"},{"@type":"ListItem","position":3,"name":"Sanixi"}]},{"@type":"WebSite","@id":"https:\/\/www.sinchisinchi.com\/de\/#website","url":"https:\/\/www.sinchisinchi.com\/de\/","name":"SINCHI","description":"Sinchi Medicine","publisher":{"@id":"https:\/\/www.sinchisinchi.com\/de\/#organization"},"potentialAction":[{"@type":"SearchAction","target":{"@type":"EntryPoint","urlTemplate":"https:\/\/www.sinchisinchi.com\/de\/?s={search_term_string}"},"query-input":{"@type":"PropertyValueSpecification","valueRequired":true,"valueName":"search_term_string"}}],"inLanguage":"de"},{"@type":"Organization","@id":"https:\/\/www.sinchisinchi.com\/de\/#organization","name":"SINCHI S.L","url":"https:\/\/www.sinchisinchi.com\/de\/","logo":{"@type":"ImageObject","inLanguage":"de","@id":"https:\/\/www.sinchisinchi.com\/de\/#\/schema\/logo\/image\/","url":"https:\/\/www.sinchisinchi.com\/wp-content\/uploads\/2026\/01\/3b-Verde-SIMPLIFICADO-HORIZONTAL-F-TRANSPARENTE-scaled.png","contentUrl":"https:\/\/www.sinchisinchi.com\/wp-content\/uploads\/2026\/01\/3b-Verde-SIMPLIFICADO-HORIZONTAL-F-TRANSPARENTE-scaled.png","width":2560,"height":457,"caption":"SINCHI S.L"},"image":{"@id":"https:\/\/www.sinchisinchi.com\/de\/#\/schema\/logo\/image\/"},"sameAs":["https:\/\/www.facebook.com\/sinchirape\/","https:\/\/www.instagram.com\/sinchi_rape\/"]}]}},"_links":{"self":[{"href":"https:\/\/www.sinchisinchi.com\/de\/wp-json\/wp\/v2\/product\/10033","targetHints":{"allow":["GET"]}}],"collection":[{"href":"https:\/\/www.sinchisinchi.com\/de\/wp-json\/wp\/v2\/product"}],"about":[{"href":"https:\/\/www.sinchisinchi.com\/de\/wp-json\/wp\/v2\/types\/product"}],"wp:featuredmedia":[{"embeddable":true,"href":"https:\/\/www.sinchisinchi.com\/de\/wp-json\/wp\/v2\/media\/11819"}],"wp:attachment":[{"href":"https:\/\/www.sinchisinchi.com\/de\/wp-json\/wp\/v2\/media?parent=10033"}],"wp:term":[{"taxonomy":"product_brand","embeddable":true,"href":"https:\/\/www.sinchisinchi.com\/de\/wp-json\/wp\/v2\/product_brand?post=10033"},{"taxonomy":"product_cat","embeddable":true,"href":"https:\/\/www.sinchisinchi.com\/de\/wp-json\/wp\/v2\/product_cat?post=10033"},{"taxonomy":"product_tag","embeddable":true,"href":"https:\/\/www.sinchisinchi.com\/de\/wp-json\/wp\/v2\/product_tag?post=10033"}],"curies":[{"name":"wp","href":"https:\/\/api.w.org\/{rel}","templated":true}]}}