{"id":10038,"date":"2023-10-19T19:39:43","date_gmt":"2023-10-19T19:39:43","guid":{"rendered":"https:\/\/www.sinchisinchi.com\/producto\/xacapandare\/"},"modified":"2026-02-12T19:42:32","modified_gmt":"2026-02-12T19:42:32","slug":"xacapandare","status":"publish","type":"product","link":"https:\/\/www.sinchisinchi.com\/de\/producto\/xacapandare\/","title":{"rendered":"Xacapandar\u00e9"},"content":{"rendered":"<a href=\"https:\/\/www.sinchisinchi.com\/de\/producto\/xacapandare-50g\/\" target=\"_blank\" class=\"button secondary is-larger lowercase expand\" rel=\"noopener\" style=\"border-radius:10px;\">\n\t\t<span>Mittlere Gr\u00f6\u00dfe: 50g<\/span>\n\t<\/a>\n\n<a href=\"https:\/\/www.sinchisinchi.com\/de\/producto\/xacapandare-100g\/\" target=\"_blank\" class=\"button secondary is-larger lowercase expand\" rel=\"noopener\" style=\"border-radius:10px;\">\n\t\t<span>Gro\u00dfe Gr\u00f6\u00dfe: 100g<\/span>\n\t<\/a>\n\n\t<div id=\"gap-684799375\" class=\"gap-element clearfix\" style=\"display:block; height:auto;\">\n\t\t\n<style>\n#gap-684799375 {\n  padding-top: 30px;\n}\n<\/style>\n\t<\/div>\n\t\n\n  <div class=\"banner has-hover\" id=\"banner-90496811\">\n          <div class=\"banner-inner fill\">\n        <div class=\"banner-bg fill\" >\n            <img loading=\"lazy\" decoding=\"async\" width=\"791\" height=\"1024\" src=\"https:\/\/www.sinchisinchi.com\/wp-content\/uploads\/2024\/09\/0-Huni-Kuin-Kaxinawa-791x1024.jpg\" class=\"bg attachment-large size-large\" alt=\"Retrato frontal de un hombre Huni Kuin con tocado ceremonial de plumas de guacamayo, pintura facial de uruc\u00fa con dise\u00f1os kene y pectoral de mostacillas con patrones geom\u00e9tricos tradicionales\" \/>                        <div class=\"overlay\"><\/div>            \n                    <\/div>\n\t\t\n        <div class=\"banner-layers container\">\n            <div class=\"fill banner-link\"><\/div>            \n   <div id=\"text-box-889428731\" class=\"text-box banner-layer x5 md-x5 lg-x5 y50 md-y50 lg-y50 res-text\">\n                                <div class=\"text-box-content text box-shadow-3\">\n              \n              <div class=\"text-inner text-left\">\n                  \n<h2><span style=\"color: #000000;\"><strong>STAMM<\/strong><\/span><\/h2>\n<h3><span style=\"color: #000000;\">Huni Kuin<\/span><\/h3>\n<p><span style=\"color: #000000;\">Der Stamm der Huni Kuin lebt in kleinen Gemeinden von den Ausl\u00e4ufern der peruanischen Anden bis zu den brasilianischen Grenzen in den Bundesstaaten Acre und S\u00fcdamazonas und umfasst die Gebiete Alto Juru\u00e1, Purus und das Javari-Tal.<\/span><\/p>\n<a href=\"https:\/\/www.sinchisinchi.com\/de\/staemme\/rape-huni-kuin-kaxinawa\/\" target=\"_blank\" class=\"button primary is-underline expand\" rel=\"noopener\" >\n\t\t<span>Stamm<\/span>\n\t<\/a>\n\n<a href=\"https:\/\/www.sinchisinchi.com\/de\/staemme\/rape-huni-kuin-kaxinawa\/videos\/\" target=\"_blank\" class=\"button primary is-underline expand\" rel=\"noopener\" >\n\t\t<span>Videos<\/span>\n\t<\/a>\n\n<a href=\"https:\/\/www.sinchisinchi.com\/de\/staemme\/rape-huni-kuin-kaxinawa\/musik\/\" target=\"_blank\" class=\"button primary is-underline expand\" rel=\"noopener\" >\n\t\t<span>Musik<\/span>\n\t<\/a>\n\n              <\/div>\n           <\/div>\n                            \n<style>\n#text-box-889428731 .text-box-content {\n  background-color: rgb(255, 255, 255);\n  font-size: 100%;\n}\n#text-box-889428731 .text-inner {\n  padding: 30px 30px 30px 30px;\n}\n#text-box-889428731 {\n  width: 60%;\n}\n@media (min-width:550px) {\n  #text-box-889428731 {\n    width: 40%;\n  }\n}\n<\/style>\n    <\/div>\n \n        <\/div>\n      <\/div>\n\n              <div class=\"height-fix is-invisible\"><img loading=\"lazy\" decoding=\"async\" width=\"791\" height=\"1024\" src=\"https:\/\/www.sinchisinchi.com\/wp-content\/uploads\/2024\/09\/0-Huni-Kuin-Kaxinawa-791x1024.jpg\" class=\"attachment-large size-large\" alt=\"Retrato frontal de un hombre Huni Kuin con tocado ceremonial de plumas de guacamayo, pintura facial de uruc\u00fa con dise\u00f1os kene y pectoral de mostacillas con patrones geom\u00e9tricos tradicionales\" srcset=\"https:\/\/www.sinchisinchi.com\/wp-content\/uploads\/2024\/09\/0-Huni-Kuin-Kaxinawa-791x1024.jpg 791w, https:\/\/www.sinchisinchi.com\/wp-content\/uploads\/2024\/09\/0-Huni-Kuin-Kaxinawa-463x600.jpg 463w, https:\/\/www.sinchisinchi.com\/wp-content\/uploads\/2024\/09\/0-Huni-Kuin-Kaxinawa-768x995.jpg 768w, https:\/\/www.sinchisinchi.com\/wp-content\/uploads\/2024\/09\/0-Huni-Kuin-Kaxinawa-1186x1536.jpg 1186w, https:\/\/www.sinchisinchi.com\/wp-content\/uploads\/2024\/09\/0-Huni-Kuin-Kaxinawa-247x320.jpg 247w, https:\/\/www.sinchisinchi.com\/wp-content\/uploads\/2024\/09\/0-Huni-Kuin-Kaxinawa-510x661.jpg 510w, https:\/\/www.sinchisinchi.com\/wp-content\/uploads\/2024\/09\/0-Huni-Kuin-Kaxinawa.jpg 1581w\" sizes=\"auto, (max-width: 791px) 100vw, 791px\" \/><\/div>\n            \n<style>\n#banner-90496811 .overlay {\n  background-color: rgba(190, 190, 190, 0.2);\n}\n#banner-90496811 {\n  background-color: rgb(255, 255, 255);\n}\n<\/style>\n  <\/div>\n\n\n\t<div id=\"gap-346154763\" class=\"gap-element clearfix\" style=\"display:block; height:auto;\">\n\t\t\n<style>\n#gap-346154763 {\n  padding-top: 30px;\n}\n<\/style>\n\t<\/div>\n\t\n<h3 style=\"text-align: center;\"><span style=\"color: #000000;\"><strong>Das Xacapandar\u00e9-Werk<\/strong><\/span><\/h3>\n<p><span style=\"color: #000000;\">Der Huni-Kuin-Tradition zufolge wirkt sich das Xacapandar\u00e9-Kraut positiv auf die Atemwege aus, tr\u00e4gt zur Verbesserung des Ged\u00e4chtnisses bei und st\u00e4rkt den Geist.<\/span><\/p>\n<p><span style=\"color: #000000;\">Die Huni Kuin verwenden Xacapandar\u00e9-Bl\u00e4tter zur Teezubereitung, zum R\u00e4uchern und Reinigen von R\u00e4umen und sogar in B\u00e4dern zur Reinigung der Aura und des K\u00f6rpers.<\/span><\/p>\n","protected":false},"excerpt":{"rendered":"<p><span style=\"color: #000000;\">Huni Kuin Xacapandar\u00e9 ist eine kraftvolle Sorte mit Tsunu-Asche und <strong>Xacapandar\u00e9<\/strong>, ein sehr seltenes und schwer zu beschaffendes traditionelles Huni-Kuin-Kraut, zus\u00e4tzlich zu einem kleinen Anteil hochwertiger Mapacho Sabi\u00e1.<\/span><\/p>\n<p><span style=\"color: #000000;\">Huni Kuin Xacapandar\u00e9 Rap\u00e9 wird sorgf\u00e4ltig zubereitet, um die richtige Balance zwischen den verschiedenen Zutaten zu gew\u00e4hrleisten.<\/span><\/p>\n<p><span style=\"color: #000000;\">Diese Sorte wurde vom geliebten und respektierten H\u00e4uptling <strong>Si\u00e3 Huni Kuin<\/strong> der Region Jord\u00e3o entworfen, einem der wichtigsten einheimischen Anf\u00fchrer des Bundesstaates Acre. In seinen Worten: &#8222;In Rap\u00e9 verwendet, hilft Xacapandar\u00e9, den Geist zu \u00f6ffnen, beseitigt schlechte Gef\u00fchle, vertreibt schlechte Energien und wirkt sich positiv auf die Atemwege aus&#8220;.<\/span><\/p>\n","protected":false},"featured_media":11744,"template":"","meta":{"_joinchat":[]},"product_brand":[],"product_cat":[114],"product_tag":[],"class_list":{"0":"post-10038","1":"product","2":"type-product","3":"status-publish","4":"has-post-thumbnail","6":"product_cat-huni-kuin-de","8":"first","9":"instock","10":"taxable","11":"shipping-taxable","12":"purchasable","13":"product-type-simple"},"yoast_head":"<!-- This site is optimized with the Yoast SEO plugin v27.4 - https:\/\/yoast.com\/product\/yoast-seo-wordpress\/ -->\n<title>SINCHI: Rap\u00e9 Xacapandar\u00e9 vom Stamm der Huni Kuin im Amazonasgebiet<\/title>\n<meta name=\"description\" content=\"Huni Kuin Xacapandar\u00e9 ist eine kraftvolle Sorte mit Tsunu-Asche und Xacapandar\u00e9, einem sehr seltenen und schwer zu beschaffenden traditionellen Huni Kuin-Kraut.\" \/>\n<meta name=\"robots\" content=\"index, follow, max-snippet:-1, max-image-preview:large, max-video-preview:-1\" \/>\n<link rel=\"canonical\" href=\"https:\/\/www.sinchisinchi.com\/de\/producto\/xacapandare\/\" \/>\n<meta property=\"og:locale\" content=\"de_DE\" \/>\n<meta property=\"og:type\" content=\"article\" \/>\n<meta property=\"og:title\" content=\"SINCHI: Rap\u00e9 Xacapandar\u00e9 vom Stamm der Huni Kuin im Amazonasgebiet\" \/>\n<meta property=\"og:description\" content=\"Huni Kuin Xacapandar\u00e9 ist eine kraftvolle Sorte mit Tsunu-Asche und Xacapandar\u00e9, einem sehr seltenen und schwer zu beschaffenden traditionellen Huni Kuin-Kraut.\" \/>\n<meta property=\"og:url\" content=\"https:\/\/www.sinchisinchi.com\/de\/producto\/xacapandare\/\" \/>\n<meta property=\"og:site_name\" content=\"SINCHI RAP\u00c9\" \/>\n<meta property=\"article:publisher\" content=\"https:\/\/www.facebook.com\/sinchirape\/\" \/>\n<meta property=\"article:modified_time\" content=\"2026-02-12T19:42:32+00:00\" \/>\n<meta property=\"og:image\" content=\"https:\/\/www.sinchisinchi.com\/wp-content\/uploads\/2023\/10\/16-Xacapandare.jpg\" \/>\n\t<meta property=\"og:image:width\" content=\"700\" \/>\n\t<meta property=\"og:image:height\" content=\"700\" \/>\n\t<meta property=\"og:image:type\" content=\"image\/jpeg\" \/>\n<meta name=\"twitter:card\" content=\"summary_large_image\" \/>\n<meta name=\"twitter:label1\" content=\"Gesch\u00e4tzte Lesezeit\" \/>\n\t<meta name=\"twitter:data1\" content=\"1\u00a0Minute\" \/>\n<script type=\"application\/ld+json\" class=\"yoast-schema-graph\">{\"@context\":\"https:\\\/\\\/schema.org\",\"@graph\":[{\"@type\":\"WebPage\",\"@id\":\"https:\\\/\\\/www.sinchisinchi.com\\\/de\\\/producto\\\/xacapandare\\\/\",\"url\":\"https:\\\/\\\/www.sinchisinchi.com\\\/de\\\/producto\\\/xacapandare\\\/\",\"name\":\"SINCHI: Rap\u00e9 Xacapandar\u00e9 vom Stamm der Huni Kuin im Amazonasgebiet\",\"isPartOf\":{\"@id\":\"https:\\\/\\\/www.sinchisinchi.com\\\/de\\\/#website\"},\"primaryImageOfPage\":{\"@id\":\"https:\\\/\\\/www.sinchisinchi.com\\\/de\\\/producto\\\/xacapandare\\\/#primaryimage\"},\"image\":{\"@id\":\"https:\\\/\\\/www.sinchisinchi.com\\\/de\\\/producto\\\/xacapandare\\\/#primaryimage\"},\"thumbnailUrl\":\"https:\\\/\\\/www.sinchisinchi.com\\\/wp-content\\\/uploads\\\/2023\\\/10\\\/16-Xacapandare.jpg\",\"datePublished\":\"2023-10-19T19:39:43+00:00\",\"dateModified\":\"2026-02-12T19:42:32+00:00\",\"description\":\"Huni Kuin Xacapandar\u00e9 ist eine kraftvolle Sorte mit Tsunu-Asche und Xacapandar\u00e9, einem sehr seltenen und schwer zu beschaffenden traditionellen Huni Kuin-Kraut.\",\"breadcrumb\":{\"@id\":\"https:\\\/\\\/www.sinchisinchi.com\\\/de\\\/producto\\\/xacapandare\\\/#breadcrumb\"},\"inLanguage\":\"de\",\"potentialAction\":[{\"@type\":\"ReadAction\",\"target\":[\"https:\\\/\\\/www.sinchisinchi.com\\\/de\\\/producto\\\/xacapandare\\\/\"]}]},{\"@type\":\"ImageObject\",\"inLanguage\":\"de\",\"@id\":\"https:\\\/\\\/www.sinchisinchi.com\\\/de\\\/producto\\\/xacapandare\\\/#primaryimage\",\"url\":\"https:\\\/\\\/www.sinchisinchi.com\\\/wp-content\\\/uploads\\\/2023\\\/10\\\/16-Xacapandare.jpg\",\"contentUrl\":\"https:\\\/\\\/www.sinchisinchi.com\\\/wp-content\\\/uploads\\\/2023\\\/10\\\/16-Xacapandare.jpg\",\"width\":700,\"height\":700},{\"@type\":\"BreadcrumbList\",\"@id\":\"https:\\\/\\\/www.sinchisinchi.com\\\/de\\\/producto\\\/xacapandare\\\/#breadcrumb\",\"itemListElement\":[{\"@type\":\"ListItem\",\"position\":1,\"name\":\"Titelseite\",\"item\":\"https:\\\/\\\/www.sinchisinchi.com\\\/de\\\/\"},{\"@type\":\"ListItem\",\"position\":2,\"name\":\"Produkte\",\"item\":\"https:\\\/\\\/www.sinchisinchi.com\\\/de\\\/shop\\\/\"},{\"@type\":\"ListItem\",\"position\":3,\"name\":\"Xacapandar\u00e9\"}]},{\"@type\":\"WebSite\",\"@id\":\"https:\\\/\\\/www.sinchisinchi.com\\\/de\\\/#website\",\"url\":\"https:\\\/\\\/www.sinchisinchi.com\\\/de\\\/\",\"name\":\"SINCHI\",\"description\":\"Sinchi Medicine\",\"publisher\":{\"@id\":\"https:\\\/\\\/www.sinchisinchi.com\\\/de\\\/#organization\"},\"potentialAction\":[{\"@type\":\"SearchAction\",\"target\":{\"@type\":\"EntryPoint\",\"urlTemplate\":\"https:\\\/\\\/www.sinchisinchi.com\\\/de\\\/?s={search_term_string}\"},\"query-input\":{\"@type\":\"PropertyValueSpecification\",\"valueRequired\":true,\"valueName\":\"search_term_string\"}}],\"inLanguage\":\"de\"},{\"@type\":\"Organization\",\"@id\":\"https:\\\/\\\/www.sinchisinchi.com\\\/de\\\/#organization\",\"name\":\"SINCHI S.L\",\"url\":\"https:\\\/\\\/www.sinchisinchi.com\\\/de\\\/\",\"logo\":{\"@type\":\"ImageObject\",\"inLanguage\":\"de\",\"@id\":\"https:\\\/\\\/www.sinchisinchi.com\\\/de\\\/#\\\/schema\\\/logo\\\/image\\\/\",\"url\":\"https:\\\/\\\/www.sinchisinchi.com\\\/wp-content\\\/uploads\\\/2026\\\/01\\\/3b-Verde-SIMPLIFICADO-HORIZONTAL-F-TRANSPARENTE-scaled.png\",\"contentUrl\":\"https:\\\/\\\/www.sinchisinchi.com\\\/wp-content\\\/uploads\\\/2026\\\/01\\\/3b-Verde-SIMPLIFICADO-HORIZONTAL-F-TRANSPARENTE-scaled.png\",\"width\":2560,\"height\":457,\"caption\":\"SINCHI S.L\"},\"image\":{\"@id\":\"https:\\\/\\\/www.sinchisinchi.com\\\/de\\\/#\\\/schema\\\/logo\\\/image\\\/\"},\"sameAs\":[\"https:\\\/\\\/www.facebook.com\\\/sinchirape\\\/\",\"https:\\\/\\\/www.instagram.com\\\/sinchi_rape\\\/\"]}]}<\/script>\n<!-- \/ Yoast SEO plugin. -->","yoast_head_json":{"title":"SINCHI: Rap\u00e9 Xacapandar\u00e9 vom Stamm der Huni Kuin im Amazonasgebiet","description":"Huni Kuin Xacapandar\u00e9 ist eine kraftvolle Sorte mit Tsunu-Asche und Xacapandar\u00e9, einem sehr seltenen und schwer zu beschaffenden traditionellen Huni Kuin-Kraut.","robots":{"index":"index","follow":"follow","max-snippet":"max-snippet:-1","max-image-preview":"max-image-preview:large","max-video-preview":"max-video-preview:-1"},"canonical":"https:\/\/www.sinchisinchi.com\/de\/producto\/xacapandare\/","og_locale":"de_DE","og_type":"article","og_title":"SINCHI: Rap\u00e9 Xacapandar\u00e9 vom Stamm der Huni Kuin im Amazonasgebiet","og_description":"Huni Kuin Xacapandar\u00e9 ist eine kraftvolle Sorte mit Tsunu-Asche und Xacapandar\u00e9, einem sehr seltenen und schwer zu beschaffenden traditionellen Huni Kuin-Kraut.","og_url":"https:\/\/www.sinchisinchi.com\/de\/producto\/xacapandare\/","og_site_name":"SINCHI RAP\u00c9","article_publisher":"https:\/\/www.facebook.com\/sinchirape\/","article_modified_time":"2026-02-12T19:42:32+00:00","og_image":[{"width":700,"height":700,"url":"https:\/\/www.sinchisinchi.com\/wp-content\/uploads\/2023\/10\/16-Xacapandare.jpg","type":"image\/jpeg"}],"twitter_card":"summary_large_image","twitter_misc":{"Gesch\u00e4tzte Lesezeit":"1\u00a0Minute"},"schema":{"@context":"https:\/\/schema.org","@graph":[{"@type":"WebPage","@id":"https:\/\/www.sinchisinchi.com\/de\/producto\/xacapandare\/","url":"https:\/\/www.sinchisinchi.com\/de\/producto\/xacapandare\/","name":"SINCHI: Rap\u00e9 Xacapandar\u00e9 vom Stamm der Huni Kuin im Amazonasgebiet","isPartOf":{"@id":"https:\/\/www.sinchisinchi.com\/de\/#website"},"primaryImageOfPage":{"@id":"https:\/\/www.sinchisinchi.com\/de\/producto\/xacapandare\/#primaryimage"},"image":{"@id":"https:\/\/www.sinchisinchi.com\/de\/producto\/xacapandare\/#primaryimage"},"thumbnailUrl":"https:\/\/www.sinchisinchi.com\/wp-content\/uploads\/2023\/10\/16-Xacapandare.jpg","datePublished":"2023-10-19T19:39:43+00:00","dateModified":"2026-02-12T19:42:32+00:00","description":"Huni Kuin Xacapandar\u00e9 ist eine kraftvolle Sorte mit Tsunu-Asche und Xacapandar\u00e9, einem sehr seltenen und schwer zu beschaffenden traditionellen Huni Kuin-Kraut.","breadcrumb":{"@id":"https:\/\/www.sinchisinchi.com\/de\/producto\/xacapandare\/#breadcrumb"},"inLanguage":"de","potentialAction":[{"@type":"ReadAction","target":["https:\/\/www.sinchisinchi.com\/de\/producto\/xacapandare\/"]}]},{"@type":"ImageObject","inLanguage":"de","@id":"https:\/\/www.sinchisinchi.com\/de\/producto\/xacapandare\/#primaryimage","url":"https:\/\/www.sinchisinchi.com\/wp-content\/uploads\/2023\/10\/16-Xacapandare.jpg","contentUrl":"https:\/\/www.sinchisinchi.com\/wp-content\/uploads\/2023\/10\/16-Xacapandare.jpg","width":700,"height":700},{"@type":"BreadcrumbList","@id":"https:\/\/www.sinchisinchi.com\/de\/producto\/xacapandare\/#breadcrumb","itemListElement":[{"@type":"ListItem","position":1,"name":"Titelseite","item":"https:\/\/www.sinchisinchi.com\/de\/"},{"@type":"ListItem","position":2,"name":"Produkte","item":"https:\/\/www.sinchisinchi.com\/de\/shop\/"},{"@type":"ListItem","position":3,"name":"Xacapandar\u00e9"}]},{"@type":"WebSite","@id":"https:\/\/www.sinchisinchi.com\/de\/#website","url":"https:\/\/www.sinchisinchi.com\/de\/","name":"SINCHI","description":"Sinchi Medicine","publisher":{"@id":"https:\/\/www.sinchisinchi.com\/de\/#organization"},"potentialAction":[{"@type":"SearchAction","target":{"@type":"EntryPoint","urlTemplate":"https:\/\/www.sinchisinchi.com\/de\/?s={search_term_string}"},"query-input":{"@type":"PropertyValueSpecification","valueRequired":true,"valueName":"search_term_string"}}],"inLanguage":"de"},{"@type":"Organization","@id":"https:\/\/www.sinchisinchi.com\/de\/#organization","name":"SINCHI S.L","url":"https:\/\/www.sinchisinchi.com\/de\/","logo":{"@type":"ImageObject","inLanguage":"de","@id":"https:\/\/www.sinchisinchi.com\/de\/#\/schema\/logo\/image\/","url":"https:\/\/www.sinchisinchi.com\/wp-content\/uploads\/2026\/01\/3b-Verde-SIMPLIFICADO-HORIZONTAL-F-TRANSPARENTE-scaled.png","contentUrl":"https:\/\/www.sinchisinchi.com\/wp-content\/uploads\/2026\/01\/3b-Verde-SIMPLIFICADO-HORIZONTAL-F-TRANSPARENTE-scaled.png","width":2560,"height":457,"caption":"SINCHI S.L"},"image":{"@id":"https:\/\/www.sinchisinchi.com\/de\/#\/schema\/logo\/image\/"},"sameAs":["https:\/\/www.facebook.com\/sinchirape\/","https:\/\/www.instagram.com\/sinchi_rape\/"]}]}},"_links":{"self":[{"href":"https:\/\/www.sinchisinchi.com\/de\/wp-json\/wp\/v2\/product\/10038","targetHints":{"allow":["GET"]}}],"collection":[{"href":"https:\/\/www.sinchisinchi.com\/de\/wp-json\/wp\/v2\/product"}],"about":[{"href":"https:\/\/www.sinchisinchi.com\/de\/wp-json\/wp\/v2\/types\/product"}],"wp:featuredmedia":[{"embeddable":true,"href":"https:\/\/www.sinchisinchi.com\/de\/wp-json\/wp\/v2\/media\/11744"}],"wp:attachment":[{"href":"https:\/\/www.sinchisinchi.com\/de\/wp-json\/wp\/v2\/media?parent=10038"}],"wp:term":[{"taxonomy":"product_brand","embeddable":true,"href":"https:\/\/www.sinchisinchi.com\/de\/wp-json\/wp\/v2\/product_brand?post=10038"},{"taxonomy":"product_cat","embeddable":true,"href":"https:\/\/www.sinchisinchi.com\/de\/wp-json\/wp\/v2\/product_cat?post=10038"},{"taxonomy":"product_tag","embeddable":true,"href":"https:\/\/www.sinchisinchi.com\/de\/wp-json\/wp\/v2\/product_tag?post=10038"}],"curies":[{"name":"wp","href":"https:\/\/api.w.org\/{rel}","templated":true}]}}