{"id":10518,"date":"2021-05-23T10:53:42","date_gmt":"2021-05-23T10:53:42","guid":{"rendered":"https:\/\/www.sinchisinchi.com\/producto\/hypericum\/"},"modified":"2025-02-17T12:32:28","modified_gmt":"2025-02-17T12:32:28","slug":"hypericum","status":"publish","type":"product","link":"https:\/\/www.sinchisinchi.com\/de\/producto\/hypericum\/","title":{"rendered":"Feuer\u00f6l"},"content":{"rendered":"","protected":false},"excerpt":{"rendered":"<p>Johanniskraut (Hipericum perforatum) ist eine nat\u00fcrliche Pflanze aus den gem\u00e4\u00dfigten Zonen Europas mit einer Gr\u00f6\u00dfe von 30 bis 60 cm und intensiv gelben Bl\u00fcten, die seit der Antike f\u00fcr ihre magischen Eigenschaften und heilenden Eigenschaften bekannt ist.<\/p>\n<p>Zur Herkunft seines Namens gibt es mehrere Hypothesen; Nach unserer bevorzugten Interpretation kommt \u201ehyperisch\u201c vom Griechischen \u03cd\u03c0\u03b5\u03c1 \/ \u00edper- (oben) und \u03b5\u03b9\u03ba\u03cc\u03bd\u03b1 \/ ik\u00f3na (Bild): \u201e\u00dcber jedem Bild oder allem Vorstellbaren.\u201c<\/p>\n<p>Es wird wegen seiner wertvollen medizinischen Eigenschaften sehr gesch\u00e4tzt; Es ist ein starkes Antidepressivum, bek\u00e4mpft unter anderem innere und \u00e4u\u00dfere Wunden, f\u00f6rdert die Gewebereparatur und aktiviert die Durchblutung.<\/p>\n<p>Gr\u00f6\u00dfe: 60-ml-Flaschen<\/p>\n","protected":false},"featured_media":12319,"template":"","meta":{"_joinchat":[]},"product_brand":[],"product_cat":[299],"product_tag":[],"class_list":{"0":"post-10518","1":"product","2":"type-product","3":"status-publish","4":"has-post-thumbnail","6":"product_cat-flussig","8":"first","9":"instock","10":"taxable","11":"shipping-taxable","12":"purchasable","13":"product-type-simple"},"yoast_head":"<!-- This site is optimized with the Yoast SEO plugin v27.4 - https:\/\/yoast.com\/product\/yoast-seo-wordpress\/ -->\n<title>Johanniskraut\u00f6l: Online-Shop f\u00fcr Schamanen<\/title>\n<meta name=\"description\" content=\"Hypericum\u00f6l: \u201eHypericum\u201c kommt aus dem Griechischen, \u03cd\u03c0\u03b5\u03c1 \/ \u00edper- (ungef\u00e4hr) und \u03b5\u03b9\u03ba\u03cc\u03bd\u03b1 \/ ik\u00f3na (Bild): \u201e\u00dcber jedem Bild oder allem Vorstellbaren\u201c\" \/>\n<meta name=\"robots\" content=\"index, follow, max-snippet:-1, max-image-preview:large, max-video-preview:-1\" \/>\n<link rel=\"canonical\" href=\"https:\/\/www.sinchisinchi.com\/de\/producto\/hypericum\/\" \/>\n<meta property=\"og:locale\" content=\"de_DE\" \/>\n<meta property=\"og:type\" content=\"article\" \/>\n<meta property=\"og:title\" content=\"Johanniskraut\u00f6l: Online-Shop f\u00fcr Schamanen\" \/>\n<meta property=\"og:description\" content=\"Hypericum\u00f6l: \u201eHypericum\u201c kommt aus dem Griechischen, \u03cd\u03c0\u03b5\u03c1 \/ \u00edper- (ungef\u00e4hr) und \u03b5\u03b9\u03ba\u03cc\u03bd\u03b1 \/ ik\u00f3na (Bild): \u201e\u00dcber jedem Bild oder allem Vorstellbaren\u201c\" \/>\n<meta property=\"og:url\" content=\"https:\/\/www.sinchisinchi.com\/de\/producto\/hypericum\/\" \/>\n<meta property=\"og:site_name\" content=\"SINCHI RAP\u00c9\" \/>\n<meta property=\"article:publisher\" content=\"https:\/\/www.facebook.com\/sinchirape\/\" \/>\n<meta property=\"article:modified_time\" content=\"2025-02-17T12:32:28+00:00\" \/>\n<meta property=\"og:image\" content=\"https:\/\/www.sinchisinchi.com\/wp-content\/uploads\/2021\/05\/3IR0001.jpg\" \/>\n\t<meta property=\"og:image:width\" content=\"700\" \/>\n\t<meta property=\"og:image:height\" content=\"700\" \/>\n\t<meta property=\"og:image:type\" content=\"image\/jpeg\" \/>\n<meta name=\"twitter:card\" content=\"summary_large_image\" \/>\n<script type=\"application\/ld+json\" class=\"yoast-schema-graph\">{\"@context\":\"https:\\\/\\\/schema.org\",\"@graph\":[{\"@type\":\"WebPage\",\"@id\":\"https:\\\/\\\/www.sinchisinchi.com\\\/de\\\/producto\\\/hypericum\\\/\",\"url\":\"https:\\\/\\\/www.sinchisinchi.com\\\/de\\\/producto\\\/hypericum\\\/\",\"name\":\"Johanniskraut\u00f6l: Online-Shop f\u00fcr Schamanen\",\"isPartOf\":{\"@id\":\"https:\\\/\\\/www.sinchisinchi.com\\\/de\\\/#website\"},\"primaryImageOfPage\":{\"@id\":\"https:\\\/\\\/www.sinchisinchi.com\\\/de\\\/producto\\\/hypericum\\\/#primaryimage\"},\"image\":{\"@id\":\"https:\\\/\\\/www.sinchisinchi.com\\\/de\\\/producto\\\/hypericum\\\/#primaryimage\"},\"thumbnailUrl\":\"https:\\\/\\\/www.sinchisinchi.com\\\/wp-content\\\/uploads\\\/2021\\\/05\\\/3IR0001.jpg\",\"datePublished\":\"2021-05-23T10:53:42+00:00\",\"dateModified\":\"2025-02-17T12:32:28+00:00\",\"description\":\"Hypericum\u00f6l: \u201eHypericum\u201c kommt aus dem Griechischen, \u03cd\u03c0\u03b5\u03c1 \\\/ \u00edper- (ungef\u00e4hr) und \u03b5\u03b9\u03ba\u03cc\u03bd\u03b1 \\\/ ik\u00f3na (Bild): \u201e\u00dcber jedem Bild oder allem Vorstellbaren\u201c\",\"breadcrumb\":{\"@id\":\"https:\\\/\\\/www.sinchisinchi.com\\\/de\\\/producto\\\/hypericum\\\/#breadcrumb\"},\"inLanguage\":\"de\",\"potentialAction\":[{\"@type\":\"ReadAction\",\"target\":[\"https:\\\/\\\/www.sinchisinchi.com\\\/de\\\/producto\\\/hypericum\\\/\"]}]},{\"@type\":\"ImageObject\",\"inLanguage\":\"de\",\"@id\":\"https:\\\/\\\/www.sinchisinchi.com\\\/de\\\/producto\\\/hypericum\\\/#primaryimage\",\"url\":\"https:\\\/\\\/www.sinchisinchi.com\\\/wp-content\\\/uploads\\\/2021\\\/05\\\/3IR0001.jpg\",\"contentUrl\":\"https:\\\/\\\/www.sinchisinchi.com\\\/wp-content\\\/uploads\\\/2021\\\/05\\\/3IR0001.jpg\",\"width\":700,\"height\":700},{\"@type\":\"BreadcrumbList\",\"@id\":\"https:\\\/\\\/www.sinchisinchi.com\\\/de\\\/producto\\\/hypericum\\\/#breadcrumb\",\"itemListElement\":[{\"@type\":\"ListItem\",\"position\":1,\"name\":\"Titelseite\",\"item\":\"https:\\\/\\\/www.sinchisinchi.com\\\/de\\\/\"},{\"@type\":\"ListItem\",\"position\":2,\"name\":\"Produkte\",\"item\":\"https:\\\/\\\/www.sinchisinchi.com\\\/de\\\/shop\\\/\"},{\"@type\":\"ListItem\",\"position\":3,\"name\":\"Feuer\u00f6l\"}]},{\"@type\":\"WebSite\",\"@id\":\"https:\\\/\\\/www.sinchisinchi.com\\\/de\\\/#website\",\"url\":\"https:\\\/\\\/www.sinchisinchi.com\\\/de\\\/\",\"name\":\"SINCHI\",\"description\":\"Sinchi Medicine\",\"publisher\":{\"@id\":\"https:\\\/\\\/www.sinchisinchi.com\\\/de\\\/#organization\"},\"potentialAction\":[{\"@type\":\"SearchAction\",\"target\":{\"@type\":\"EntryPoint\",\"urlTemplate\":\"https:\\\/\\\/www.sinchisinchi.com\\\/de\\\/?s={search_term_string}\"},\"query-input\":{\"@type\":\"PropertyValueSpecification\",\"valueRequired\":true,\"valueName\":\"search_term_string\"}}],\"inLanguage\":\"de\"},{\"@type\":\"Organization\",\"@id\":\"https:\\\/\\\/www.sinchisinchi.com\\\/de\\\/#organization\",\"name\":\"SINCHI S.L\",\"url\":\"https:\\\/\\\/www.sinchisinchi.com\\\/de\\\/\",\"logo\":{\"@type\":\"ImageObject\",\"inLanguage\":\"de\",\"@id\":\"https:\\\/\\\/www.sinchisinchi.com\\\/de\\\/#\\\/schema\\\/logo\\\/image\\\/\",\"url\":\"https:\\\/\\\/www.sinchisinchi.com\\\/wp-content\\\/uploads\\\/2026\\\/01\\\/3b-Verde-SIMPLIFICADO-HORIZONTAL-F-TRANSPARENTE-scaled.png\",\"contentUrl\":\"https:\\\/\\\/www.sinchisinchi.com\\\/wp-content\\\/uploads\\\/2026\\\/01\\\/3b-Verde-SIMPLIFICADO-HORIZONTAL-F-TRANSPARENTE-scaled.png\",\"width\":2560,\"height\":457,\"caption\":\"SINCHI S.L\"},\"image\":{\"@id\":\"https:\\\/\\\/www.sinchisinchi.com\\\/de\\\/#\\\/schema\\\/logo\\\/image\\\/\"},\"sameAs\":[\"https:\\\/\\\/www.facebook.com\\\/sinchirape\\\/\",\"https:\\\/\\\/www.instagram.com\\\/sinchi_rape\\\/\"]}]}<\/script>\n<!-- \/ Yoast SEO plugin. -->","yoast_head_json":{"title":"Johanniskraut\u00f6l: Online-Shop f\u00fcr Schamanen","description":"Hypericum\u00f6l: \u201eHypericum\u201c kommt aus dem Griechischen, \u03cd\u03c0\u03b5\u03c1 \/ \u00edper- (ungef\u00e4hr) und \u03b5\u03b9\u03ba\u03cc\u03bd\u03b1 \/ ik\u00f3na (Bild): \u201e\u00dcber jedem Bild oder allem Vorstellbaren\u201c","robots":{"index":"index","follow":"follow","max-snippet":"max-snippet:-1","max-image-preview":"max-image-preview:large","max-video-preview":"max-video-preview:-1"},"canonical":"https:\/\/www.sinchisinchi.com\/de\/producto\/hypericum\/","og_locale":"de_DE","og_type":"article","og_title":"Johanniskraut\u00f6l: Online-Shop f\u00fcr Schamanen","og_description":"Hypericum\u00f6l: \u201eHypericum\u201c kommt aus dem Griechischen, \u03cd\u03c0\u03b5\u03c1 \/ \u00edper- (ungef\u00e4hr) und \u03b5\u03b9\u03ba\u03cc\u03bd\u03b1 \/ ik\u00f3na (Bild): \u201e\u00dcber jedem Bild oder allem Vorstellbaren\u201c","og_url":"https:\/\/www.sinchisinchi.com\/de\/producto\/hypericum\/","og_site_name":"SINCHI RAP\u00c9","article_publisher":"https:\/\/www.facebook.com\/sinchirape\/","article_modified_time":"2025-02-17T12:32:28+00:00","og_image":[{"width":700,"height":700,"url":"https:\/\/www.sinchisinchi.com\/wp-content\/uploads\/2021\/05\/3IR0001.jpg","type":"image\/jpeg"}],"twitter_card":"summary_large_image","schema":{"@context":"https:\/\/schema.org","@graph":[{"@type":"WebPage","@id":"https:\/\/www.sinchisinchi.com\/de\/producto\/hypericum\/","url":"https:\/\/www.sinchisinchi.com\/de\/producto\/hypericum\/","name":"Johanniskraut\u00f6l: Online-Shop f\u00fcr Schamanen","isPartOf":{"@id":"https:\/\/www.sinchisinchi.com\/de\/#website"},"primaryImageOfPage":{"@id":"https:\/\/www.sinchisinchi.com\/de\/producto\/hypericum\/#primaryimage"},"image":{"@id":"https:\/\/www.sinchisinchi.com\/de\/producto\/hypericum\/#primaryimage"},"thumbnailUrl":"https:\/\/www.sinchisinchi.com\/wp-content\/uploads\/2021\/05\/3IR0001.jpg","datePublished":"2021-05-23T10:53:42+00:00","dateModified":"2025-02-17T12:32:28+00:00","description":"Hypericum\u00f6l: \u201eHypericum\u201c kommt aus dem Griechischen, \u03cd\u03c0\u03b5\u03c1 \/ \u00edper- (ungef\u00e4hr) und \u03b5\u03b9\u03ba\u03cc\u03bd\u03b1 \/ ik\u00f3na (Bild): \u201e\u00dcber jedem Bild oder allem Vorstellbaren\u201c","breadcrumb":{"@id":"https:\/\/www.sinchisinchi.com\/de\/producto\/hypericum\/#breadcrumb"},"inLanguage":"de","potentialAction":[{"@type":"ReadAction","target":["https:\/\/www.sinchisinchi.com\/de\/producto\/hypericum\/"]}]},{"@type":"ImageObject","inLanguage":"de","@id":"https:\/\/www.sinchisinchi.com\/de\/producto\/hypericum\/#primaryimage","url":"https:\/\/www.sinchisinchi.com\/wp-content\/uploads\/2021\/05\/3IR0001.jpg","contentUrl":"https:\/\/www.sinchisinchi.com\/wp-content\/uploads\/2021\/05\/3IR0001.jpg","width":700,"height":700},{"@type":"BreadcrumbList","@id":"https:\/\/www.sinchisinchi.com\/de\/producto\/hypericum\/#breadcrumb","itemListElement":[{"@type":"ListItem","position":1,"name":"Titelseite","item":"https:\/\/www.sinchisinchi.com\/de\/"},{"@type":"ListItem","position":2,"name":"Produkte","item":"https:\/\/www.sinchisinchi.com\/de\/shop\/"},{"@type":"ListItem","position":3,"name":"Feuer\u00f6l"}]},{"@type":"WebSite","@id":"https:\/\/www.sinchisinchi.com\/de\/#website","url":"https:\/\/www.sinchisinchi.com\/de\/","name":"SINCHI","description":"Sinchi Medicine","publisher":{"@id":"https:\/\/www.sinchisinchi.com\/de\/#organization"},"potentialAction":[{"@type":"SearchAction","target":{"@type":"EntryPoint","urlTemplate":"https:\/\/www.sinchisinchi.com\/de\/?s={search_term_string}"},"query-input":{"@type":"PropertyValueSpecification","valueRequired":true,"valueName":"search_term_string"}}],"inLanguage":"de"},{"@type":"Organization","@id":"https:\/\/www.sinchisinchi.com\/de\/#organization","name":"SINCHI S.L","url":"https:\/\/www.sinchisinchi.com\/de\/","logo":{"@type":"ImageObject","inLanguage":"de","@id":"https:\/\/www.sinchisinchi.com\/de\/#\/schema\/logo\/image\/","url":"https:\/\/www.sinchisinchi.com\/wp-content\/uploads\/2026\/01\/3b-Verde-SIMPLIFICADO-HORIZONTAL-F-TRANSPARENTE-scaled.png","contentUrl":"https:\/\/www.sinchisinchi.com\/wp-content\/uploads\/2026\/01\/3b-Verde-SIMPLIFICADO-HORIZONTAL-F-TRANSPARENTE-scaled.png","width":2560,"height":457,"caption":"SINCHI S.L"},"image":{"@id":"https:\/\/www.sinchisinchi.com\/de\/#\/schema\/logo\/image\/"},"sameAs":["https:\/\/www.facebook.com\/sinchirape\/","https:\/\/www.instagram.com\/sinchi_rape\/"]}]}},"_links":{"self":[{"href":"https:\/\/www.sinchisinchi.com\/de\/wp-json\/wp\/v2\/product\/10518","targetHints":{"allow":["GET"]}}],"collection":[{"href":"https:\/\/www.sinchisinchi.com\/de\/wp-json\/wp\/v2\/product"}],"about":[{"href":"https:\/\/www.sinchisinchi.com\/de\/wp-json\/wp\/v2\/types\/product"}],"wp:featuredmedia":[{"embeddable":true,"href":"https:\/\/www.sinchisinchi.com\/de\/wp-json\/wp\/v2\/media\/12319"}],"wp:attachment":[{"href":"https:\/\/www.sinchisinchi.com\/de\/wp-json\/wp\/v2\/media?parent=10518"}],"wp:term":[{"taxonomy":"product_brand","embeddable":true,"href":"https:\/\/www.sinchisinchi.com\/de\/wp-json\/wp\/v2\/product_brand?post=10518"},{"taxonomy":"product_cat","embeddable":true,"href":"https:\/\/www.sinchisinchi.com\/de\/wp-json\/wp\/v2\/product_cat?post=10518"},{"taxonomy":"product_tag","embeddable":true,"href":"https:\/\/www.sinchisinchi.com\/de\/wp-json\/wp\/v2\/product_tag?post=10518"}],"curies":[{"name":"wp","href":"https:\/\/api.w.org\/{rel}","templated":true}]}}