{"id":11273,"date":"2023-12-09T22:54:52","date_gmt":"2023-12-09T22:54:52","guid":{"rendered":"https:\/\/www.sinchisinchi.com\/producto\/mint-paket\/"},"modified":"2023-12-27T09:59:55","modified_gmt":"2023-12-27T09:59:55","slug":"mint-paket","status":"publish","type":"product","link":"https:\/\/www.sinchisinchi.com\/de\/producto\/mint-paket\/","title":{"rendered":"Mint-Paket"},"content":{"rendered":"<h2 style=\"text-align: center;\">B\u00fcndel Minzbl\u00e4tter (Mentha piperita)<\/h2>\n","protected":false},"excerpt":{"rendered":"<p><span style=\"color: #000000;\">B\u00fcndel Minzbl\u00e4tter (Mentha piperita), vorbereitet f\u00fcr die Verwendung als R\u00e4ucherwerk, sorgf\u00e4ltig ausgew\u00e4hlt und gruppiert. F\u00fcr ein angenehmes und progressives Brennen bei Ritualen, Zeremonien und Reinigungen.<\/span><\/p>\n<p><span style=\"color: #000000;\">Durch das Verbrennen von Minze als R\u00e4ucherwerk werden ihre \u00e4therischen \u00d6le freigesetzt und es entsteht ein frisches und belebendes Aroma, das bei Reinigungs-, Verbindungs- und Schutzzeremonien sehr gesch\u00e4tzt wird.<\/span><\/p>\n<p><span style=\"color: #000000;\">Pfefferminze werden stimulierende Eigenschaften zugeschrieben, die die geistige Klarheit und Konzentration f\u00f6rdern, Eigenschaften, die besonders bei meditativen Praktiken von Nutzen sind.<\/span><\/p>\n<p><span style=\"color: #000000;\">Es wird auch mit Vitalit\u00e4t, Erneuerung, Fr\u00fchling und Wiedergeburt in Verbindung gebracht.<\/span><\/p>\n","protected":false},"featured_media":11250,"template":"","meta":{"_joinchat":[]},"product_brand":[],"product_cat":[267],"product_tag":[],"class_list":{"0":"post-11273","1":"product","2":"type-product","3":"status-publish","4":"has-post-thumbnail","6":"product_cat-sage-2-de","8":"first","9":"instock","10":"taxable","11":"shipping-taxable","12":"purchasable","13":"product-type-simple"},"yoast_head":"<!-- This site is optimized with the Yoast SEO plugin v27.4 - https:\/\/yoast.com\/product\/yoast-seo-wordpress\/ -->\n<title>B\u00fcndel Minze f\u00fcr Sahumerios: Online Shamanic Shop<\/title>\n<meta name=\"description\" content=\"B\u00fcndel Minzbl\u00e4tter (Mentha piperita), vorbereitet f\u00fcr die Verwendung als R\u00e4ucherwerk, sorgf\u00e4ltig ausgew\u00e4hlt und gruppiert.\" \/>\n<meta name=\"robots\" content=\"index, follow, max-snippet:-1, max-image-preview:large, max-video-preview:-1\" \/>\n<link rel=\"canonical\" href=\"https:\/\/www.sinchisinchi.com\/de\/producto\/mint-paket\/\" \/>\n<meta property=\"og:locale\" content=\"de_DE\" \/>\n<meta property=\"og:type\" content=\"article\" \/>\n<meta property=\"og:title\" content=\"B\u00fcndel Minze f\u00fcr Sahumerios: Online Shamanic Shop\" \/>\n<meta property=\"og:description\" content=\"B\u00fcndel Minzbl\u00e4tter (Mentha piperita), vorbereitet f\u00fcr die Verwendung als R\u00e4ucherwerk, sorgf\u00e4ltig ausgew\u00e4hlt und gruppiert.\" \/>\n<meta property=\"og:url\" content=\"https:\/\/www.sinchisinchi.com\/de\/producto\/mint-paket\/\" \/>\n<meta property=\"og:site_name\" content=\"SINCHI RAP\u00c9\" \/>\n<meta property=\"article:publisher\" content=\"https:\/\/www.facebook.com\/sinchirape\/\" \/>\n<meta property=\"article:modified_time\" content=\"2023-12-27T09:59:55+00:00\" \/>\n<meta property=\"og:image\" content=\"https:\/\/www.sinchisinchi.com\/wp-content\/uploads\/2023\/12\/1-Atado-de-menta-b.jpeg\" \/>\n\t<meta property=\"og:image:width\" content=\"1000\" \/>\n\t<meta property=\"og:image:height\" content=\"1000\" \/>\n\t<meta property=\"og:image:type\" content=\"image\/jpeg\" \/>\n<meta name=\"twitter:card\" content=\"summary_large_image\" \/>\n<script type=\"application\/ld+json\" class=\"yoast-schema-graph\">{\"@context\":\"https:\\\/\\\/schema.org\",\"@graph\":[{\"@type\":\"WebPage\",\"@id\":\"https:\\\/\\\/www.sinchisinchi.com\\\/de\\\/producto\\\/mint-paket\\\/\",\"url\":\"https:\\\/\\\/www.sinchisinchi.com\\\/de\\\/producto\\\/mint-paket\\\/\",\"name\":\"B\u00fcndel Minze f\u00fcr Sahumerios: Online Shamanic Shop\",\"isPartOf\":{\"@id\":\"https:\\\/\\\/www.sinchisinchi.com\\\/de\\\/#website\"},\"primaryImageOfPage\":{\"@id\":\"https:\\\/\\\/www.sinchisinchi.com\\\/de\\\/producto\\\/mint-paket\\\/#primaryimage\"},\"image\":{\"@id\":\"https:\\\/\\\/www.sinchisinchi.com\\\/de\\\/producto\\\/mint-paket\\\/#primaryimage\"},\"thumbnailUrl\":\"https:\\\/\\\/www.sinchisinchi.com\\\/wp-content\\\/uploads\\\/2023\\\/12\\\/1-Atado-de-menta-b.jpeg\",\"datePublished\":\"2023-12-09T22:54:52+00:00\",\"dateModified\":\"2023-12-27T09:59:55+00:00\",\"description\":\"B\u00fcndel Minzbl\u00e4tter (Mentha piperita), vorbereitet f\u00fcr die Verwendung als R\u00e4ucherwerk, sorgf\u00e4ltig ausgew\u00e4hlt und gruppiert.\",\"breadcrumb\":{\"@id\":\"https:\\\/\\\/www.sinchisinchi.com\\\/de\\\/producto\\\/mint-paket\\\/#breadcrumb\"},\"inLanguage\":\"de\",\"potentialAction\":[{\"@type\":\"ReadAction\",\"target\":[\"https:\\\/\\\/www.sinchisinchi.com\\\/de\\\/producto\\\/mint-paket\\\/\"]}]},{\"@type\":\"ImageObject\",\"inLanguage\":\"de\",\"@id\":\"https:\\\/\\\/www.sinchisinchi.com\\\/de\\\/producto\\\/mint-paket\\\/#primaryimage\",\"url\":\"https:\\\/\\\/www.sinchisinchi.com\\\/wp-content\\\/uploads\\\/2023\\\/12\\\/1-Atado-de-menta-b.jpeg\",\"contentUrl\":\"https:\\\/\\\/www.sinchisinchi.com\\\/wp-content\\\/uploads\\\/2023\\\/12\\\/1-Atado-de-menta-b.jpeg\",\"width\":1000,\"height\":1000},{\"@type\":\"BreadcrumbList\",\"@id\":\"https:\\\/\\\/www.sinchisinchi.com\\\/de\\\/producto\\\/mint-paket\\\/#breadcrumb\",\"itemListElement\":[{\"@type\":\"ListItem\",\"position\":1,\"name\":\"Titelseite\",\"item\":\"https:\\\/\\\/www.sinchisinchi.com\\\/de\\\/\"},{\"@type\":\"ListItem\",\"position\":2,\"name\":\"Produkte\",\"item\":\"https:\\\/\\\/www.sinchisinchi.com\\\/de\\\/shop\\\/\"},{\"@type\":\"ListItem\",\"position\":3,\"name\":\"Mint-Paket\"}]},{\"@type\":\"WebSite\",\"@id\":\"https:\\\/\\\/www.sinchisinchi.com\\\/de\\\/#website\",\"url\":\"https:\\\/\\\/www.sinchisinchi.com\\\/de\\\/\",\"name\":\"SINCHI\",\"description\":\"Sinchi Medicine\",\"publisher\":{\"@id\":\"https:\\\/\\\/www.sinchisinchi.com\\\/de\\\/#organization\"},\"potentialAction\":[{\"@type\":\"SearchAction\",\"target\":{\"@type\":\"EntryPoint\",\"urlTemplate\":\"https:\\\/\\\/www.sinchisinchi.com\\\/de\\\/?s={search_term_string}\"},\"query-input\":{\"@type\":\"PropertyValueSpecification\",\"valueRequired\":true,\"valueName\":\"search_term_string\"}}],\"inLanguage\":\"de\"},{\"@type\":\"Organization\",\"@id\":\"https:\\\/\\\/www.sinchisinchi.com\\\/de\\\/#organization\",\"name\":\"SINCHI S.L\",\"url\":\"https:\\\/\\\/www.sinchisinchi.com\\\/de\\\/\",\"logo\":{\"@type\":\"ImageObject\",\"inLanguage\":\"de\",\"@id\":\"https:\\\/\\\/www.sinchisinchi.com\\\/de\\\/#\\\/schema\\\/logo\\\/image\\\/\",\"url\":\"https:\\\/\\\/www.sinchisinchi.com\\\/wp-content\\\/uploads\\\/2026\\\/01\\\/3b-Verde-SIMPLIFICADO-HORIZONTAL-F-TRANSPARENTE-scaled.png\",\"contentUrl\":\"https:\\\/\\\/www.sinchisinchi.com\\\/wp-content\\\/uploads\\\/2026\\\/01\\\/3b-Verde-SIMPLIFICADO-HORIZONTAL-F-TRANSPARENTE-scaled.png\",\"width\":2560,\"height\":457,\"caption\":\"SINCHI S.L\"},\"image\":{\"@id\":\"https:\\\/\\\/www.sinchisinchi.com\\\/de\\\/#\\\/schema\\\/logo\\\/image\\\/\"},\"sameAs\":[\"https:\\\/\\\/www.facebook.com\\\/sinchirape\\\/\",\"https:\\\/\\\/www.instagram.com\\\/sinchi_rape\\\/\"]}]}<\/script>\n<!-- \/ Yoast SEO plugin. -->","yoast_head_json":{"title":"B\u00fcndel Minze f\u00fcr Sahumerios: Online Shamanic Shop","description":"B\u00fcndel Minzbl\u00e4tter (Mentha piperita), vorbereitet f\u00fcr die Verwendung als R\u00e4ucherwerk, sorgf\u00e4ltig ausgew\u00e4hlt und gruppiert.","robots":{"index":"index","follow":"follow","max-snippet":"max-snippet:-1","max-image-preview":"max-image-preview:large","max-video-preview":"max-video-preview:-1"},"canonical":"https:\/\/www.sinchisinchi.com\/de\/producto\/mint-paket\/","og_locale":"de_DE","og_type":"article","og_title":"B\u00fcndel Minze f\u00fcr Sahumerios: Online Shamanic Shop","og_description":"B\u00fcndel Minzbl\u00e4tter (Mentha piperita), vorbereitet f\u00fcr die Verwendung als R\u00e4ucherwerk, sorgf\u00e4ltig ausgew\u00e4hlt und gruppiert.","og_url":"https:\/\/www.sinchisinchi.com\/de\/producto\/mint-paket\/","og_site_name":"SINCHI RAP\u00c9","article_publisher":"https:\/\/www.facebook.com\/sinchirape\/","article_modified_time":"2023-12-27T09:59:55+00:00","og_image":[{"width":1000,"height":1000,"url":"https:\/\/www.sinchisinchi.com\/wp-content\/uploads\/2023\/12\/1-Atado-de-menta-b.jpeg","type":"image\/jpeg"}],"twitter_card":"summary_large_image","schema":{"@context":"https:\/\/schema.org","@graph":[{"@type":"WebPage","@id":"https:\/\/www.sinchisinchi.com\/de\/producto\/mint-paket\/","url":"https:\/\/www.sinchisinchi.com\/de\/producto\/mint-paket\/","name":"B\u00fcndel Minze f\u00fcr Sahumerios: Online Shamanic Shop","isPartOf":{"@id":"https:\/\/www.sinchisinchi.com\/de\/#website"},"primaryImageOfPage":{"@id":"https:\/\/www.sinchisinchi.com\/de\/producto\/mint-paket\/#primaryimage"},"image":{"@id":"https:\/\/www.sinchisinchi.com\/de\/producto\/mint-paket\/#primaryimage"},"thumbnailUrl":"https:\/\/www.sinchisinchi.com\/wp-content\/uploads\/2023\/12\/1-Atado-de-menta-b.jpeg","datePublished":"2023-12-09T22:54:52+00:00","dateModified":"2023-12-27T09:59:55+00:00","description":"B\u00fcndel Minzbl\u00e4tter (Mentha piperita), vorbereitet f\u00fcr die Verwendung als R\u00e4ucherwerk, sorgf\u00e4ltig ausgew\u00e4hlt und gruppiert.","breadcrumb":{"@id":"https:\/\/www.sinchisinchi.com\/de\/producto\/mint-paket\/#breadcrumb"},"inLanguage":"de","potentialAction":[{"@type":"ReadAction","target":["https:\/\/www.sinchisinchi.com\/de\/producto\/mint-paket\/"]}]},{"@type":"ImageObject","inLanguage":"de","@id":"https:\/\/www.sinchisinchi.com\/de\/producto\/mint-paket\/#primaryimage","url":"https:\/\/www.sinchisinchi.com\/wp-content\/uploads\/2023\/12\/1-Atado-de-menta-b.jpeg","contentUrl":"https:\/\/www.sinchisinchi.com\/wp-content\/uploads\/2023\/12\/1-Atado-de-menta-b.jpeg","width":1000,"height":1000},{"@type":"BreadcrumbList","@id":"https:\/\/www.sinchisinchi.com\/de\/producto\/mint-paket\/#breadcrumb","itemListElement":[{"@type":"ListItem","position":1,"name":"Titelseite","item":"https:\/\/www.sinchisinchi.com\/de\/"},{"@type":"ListItem","position":2,"name":"Produkte","item":"https:\/\/www.sinchisinchi.com\/de\/shop\/"},{"@type":"ListItem","position":3,"name":"Mint-Paket"}]},{"@type":"WebSite","@id":"https:\/\/www.sinchisinchi.com\/de\/#website","url":"https:\/\/www.sinchisinchi.com\/de\/","name":"SINCHI","description":"Sinchi Medicine","publisher":{"@id":"https:\/\/www.sinchisinchi.com\/de\/#organization"},"potentialAction":[{"@type":"SearchAction","target":{"@type":"EntryPoint","urlTemplate":"https:\/\/www.sinchisinchi.com\/de\/?s={search_term_string}"},"query-input":{"@type":"PropertyValueSpecification","valueRequired":true,"valueName":"search_term_string"}}],"inLanguage":"de"},{"@type":"Organization","@id":"https:\/\/www.sinchisinchi.com\/de\/#organization","name":"SINCHI S.L","url":"https:\/\/www.sinchisinchi.com\/de\/","logo":{"@type":"ImageObject","inLanguage":"de","@id":"https:\/\/www.sinchisinchi.com\/de\/#\/schema\/logo\/image\/","url":"https:\/\/www.sinchisinchi.com\/wp-content\/uploads\/2026\/01\/3b-Verde-SIMPLIFICADO-HORIZONTAL-F-TRANSPARENTE-scaled.png","contentUrl":"https:\/\/www.sinchisinchi.com\/wp-content\/uploads\/2026\/01\/3b-Verde-SIMPLIFICADO-HORIZONTAL-F-TRANSPARENTE-scaled.png","width":2560,"height":457,"caption":"SINCHI S.L"},"image":{"@id":"https:\/\/www.sinchisinchi.com\/de\/#\/schema\/logo\/image\/"},"sameAs":["https:\/\/www.facebook.com\/sinchirape\/","https:\/\/www.instagram.com\/sinchi_rape\/"]}]}},"_links":{"self":[{"href":"https:\/\/www.sinchisinchi.com\/de\/wp-json\/wp\/v2\/product\/11273","targetHints":{"allow":["GET"]}}],"collection":[{"href":"https:\/\/www.sinchisinchi.com\/de\/wp-json\/wp\/v2\/product"}],"about":[{"href":"https:\/\/www.sinchisinchi.com\/de\/wp-json\/wp\/v2\/types\/product"}],"wp:featuredmedia":[{"embeddable":true,"href":"https:\/\/www.sinchisinchi.com\/de\/wp-json\/wp\/v2\/media\/11250"}],"wp:attachment":[{"href":"https:\/\/www.sinchisinchi.com\/de\/wp-json\/wp\/v2\/media?parent=11273"}],"wp:term":[{"taxonomy":"product_brand","embeddable":true,"href":"https:\/\/www.sinchisinchi.com\/de\/wp-json\/wp\/v2\/product_brand?post=11273"},{"taxonomy":"product_cat","embeddable":true,"href":"https:\/\/www.sinchisinchi.com\/de\/wp-json\/wp\/v2\/product_cat?post=11273"},{"taxonomy":"product_tag","embeddable":true,"href":"https:\/\/www.sinchisinchi.com\/de\/wp-json\/wp\/v2\/product_tag?post=11273"}],"curies":[{"name":"wp","href":"https:\/\/api.w.org\/{rel}","templated":true}]}}