{"id":11426,"date":"2023-12-16T00:05:35","date_gmt":"2023-12-16T00:05:35","guid":{"rendered":"https:\/\/www.sinchisinchi.com\/producto\/pfefferminze\/"},"modified":"2023-12-16T00:05:35","modified_gmt":"2023-12-16T00:05:35","slug":"pfefferminze","status":"publish","type":"product","link":"https:\/\/www.sinchisinchi.com\/de\/producto\/pfefferminze\/","title":{"rendered":"Pfefferminze"},"content":{"rendered":"<h2 style=\"text-align: center;\"><span style=\"color: #000000;\">B\u00fcndelung von Minzbl\u00e4ttern<\/span><\/h2>\n","protected":false},"excerpt":{"rendered":"<p><span style=\"color: #000000;\">B\u00fcndel Minzbl\u00e4tter, sorgf\u00e4ltig ausgew\u00e4hlt und gruppiert, zur Verwendung als R\u00e4ucherwerk vorbereitet. Gr\u00fcne Minze wird mit der Stimulierung der geistigen Klarheit und Konzentration in Verbindung gebracht.<\/span><\/p>\n<p>&nbsp;<\/p>\n<p><span style=\"color: #000000;\">Pfefferminze ist in der Wissenschaft allgemein als Mentha \u00d7 Piperita bekannt. Dieser Name spiegelt ihre botanische Einordnung innerhalb der Gattung Mentha wider und ist das Ergebnis einer nat\u00fcrlichen Hybride zwischen Wasserminze (Mentha aquatica) und gr\u00fcner Minze (Mentha spicata). Die Hybridart, bekannt als Pfefferminze.<\/span><\/p>\n<p>&nbsp;<\/p>\n<p><span style=\"color: #000000;\">Sie hat quadratische St\u00e4ngel und ovale, gez\u00e4hnte, tiefgr\u00fcne Bl\u00e4tter mit einem sehr charakteristischen frischen und minzigen Aroma.<\/span><\/p>\n","protected":false},"featured_media":11377,"template":"","meta":{"_joinchat":[]},"product_brand":[],"product_cat":[267],"product_tag":[],"class_list":{"0":"post-11426","1":"product","2":"type-product","3":"status-publish","4":"has-post-thumbnail","6":"product_cat-sage-2-de","8":"first","9":"instock","10":"taxable","11":"shipping-taxable","12":"purchasable","13":"product-type-simple"},"yoast_head":"<!-- This site is optimized with the Yoast SEO plugin v27.1.1 - https:\/\/yoast.com\/product\/yoast-seo-wordpress\/ -->\n<title>Pfefferminzb\u00fcndel f\u00fcr Sahumerio: Online-Shop f\u00fcr Schamanen<\/title>\n<meta name=\"description\" content=\"B\u00fcndel Minzbl\u00e4tter, verbunden mit der Anregung der geistigen Klarheit und Konzentration. Vorbereitet f\u00fcr die Verwendung als R\u00e4uchergef\u00e4\u00df.\" \/>\n<meta name=\"robots\" content=\"index, follow, max-snippet:-1, max-image-preview:large, max-video-preview:-1\" \/>\n<link rel=\"canonical\" href=\"https:\/\/www.sinchisinchi.com\/de\/producto\/pfefferminze\/\" \/>\n<meta property=\"og:locale\" content=\"de_DE\" \/>\n<meta property=\"og:type\" content=\"article\" \/>\n<meta property=\"og:title\" content=\"Pfefferminzb\u00fcndel f\u00fcr Sahumerio: Online-Shop f\u00fcr Schamanen\" \/>\n<meta property=\"og:description\" content=\"B\u00fcndel Minzbl\u00e4tter, verbunden mit der Anregung der geistigen Klarheit und Konzentration. Vorbereitet f\u00fcr die Verwendung als R\u00e4uchergef\u00e4\u00df.\" \/>\n<meta property=\"og:url\" content=\"https:\/\/www.sinchisinchi.com\/de\/producto\/pfefferminze\/\" \/>\n<meta property=\"og:site_name\" content=\"SINCHI RAP\u00c9\" \/>\n<meta property=\"article:publisher\" content=\"https:\/\/www.facebook.com\/sinchirape\/\" \/>\n<meta property=\"og:image\" content=\"https:\/\/www.sinchisinchi.com\/wp-content\/uploads\/2023\/12\/2-Hierba-buena-b.jpeg\" \/>\n\t<meta property=\"og:image:width\" content=\"1000\" \/>\n\t<meta property=\"og:image:height\" content=\"1000\" \/>\n\t<meta property=\"og:image:type\" content=\"image\/jpeg\" \/>\n<meta name=\"twitter:card\" content=\"summary_large_image\" \/>\n<script type=\"application\/ld+json\" class=\"yoast-schema-graph\">{\"@context\":\"https:\/\/schema.org\",\"@graph\":[{\"@type\":\"WebPage\",\"@id\":\"https:\/\/www.sinchisinchi.com\/de\/producto\/pfefferminze\/\",\"url\":\"https:\/\/www.sinchisinchi.com\/de\/producto\/pfefferminze\/\",\"name\":\"Pfefferminzb\u00fcndel f\u00fcr Sahumerio: Online-Shop f\u00fcr Schamanen\",\"isPartOf\":{\"@id\":\"https:\/\/www.sinchisinchi.com\/de\/#website\"},\"primaryImageOfPage\":{\"@id\":\"https:\/\/www.sinchisinchi.com\/de\/producto\/pfefferminze\/#primaryimage\"},\"image\":{\"@id\":\"https:\/\/www.sinchisinchi.com\/de\/producto\/pfefferminze\/#primaryimage\"},\"thumbnailUrl\":\"https:\/\/www.sinchisinchi.com\/wp-content\/uploads\/2023\/12\/2-Hierba-buena-b.jpeg\",\"datePublished\":\"2023-12-16T00:05:35+00:00\",\"description\":\"B\u00fcndel Minzbl\u00e4tter, verbunden mit der Anregung der geistigen Klarheit und Konzentration. Vorbereitet f\u00fcr die Verwendung als R\u00e4uchergef\u00e4\u00df.\",\"breadcrumb\":{\"@id\":\"https:\/\/www.sinchisinchi.com\/de\/producto\/pfefferminze\/#breadcrumb\"},\"inLanguage\":\"de\",\"potentialAction\":[{\"@type\":\"ReadAction\",\"target\":[\"https:\/\/www.sinchisinchi.com\/de\/producto\/pfefferminze\/\"]}]},{\"@type\":\"ImageObject\",\"inLanguage\":\"de\",\"@id\":\"https:\/\/www.sinchisinchi.com\/de\/producto\/pfefferminze\/#primaryimage\",\"url\":\"https:\/\/www.sinchisinchi.com\/wp-content\/uploads\/2023\/12\/2-Hierba-buena-b.jpeg\",\"contentUrl\":\"https:\/\/www.sinchisinchi.com\/wp-content\/uploads\/2023\/12\/2-Hierba-buena-b.jpeg\",\"width\":1000,\"height\":1000},{\"@type\":\"BreadcrumbList\",\"@id\":\"https:\/\/www.sinchisinchi.com\/de\/producto\/pfefferminze\/#breadcrumb\",\"itemListElement\":[{\"@type\":\"ListItem\",\"position\":1,\"name\":\"Titelseite\",\"item\":\"https:\/\/www.sinchisinchi.com\/de\/\"},{\"@type\":\"ListItem\",\"position\":2,\"name\":\"Produkte\",\"item\":\"https:\/\/www.sinchisinchi.com\/de\/shop\/\"},{\"@type\":\"ListItem\",\"position\":3,\"name\":\"Pfefferminze\"}]},{\"@type\":\"WebSite\",\"@id\":\"https:\/\/www.sinchisinchi.com\/de\/#website\",\"url\":\"https:\/\/www.sinchisinchi.com\/de\/\",\"name\":\"SINCHI\",\"description\":\"Sinchi Medicine\",\"publisher\":{\"@id\":\"https:\/\/www.sinchisinchi.com\/de\/#organization\"},\"potentialAction\":[{\"@type\":\"SearchAction\",\"target\":{\"@type\":\"EntryPoint\",\"urlTemplate\":\"https:\/\/www.sinchisinchi.com\/de\/?s={search_term_string}\"},\"query-input\":{\"@type\":\"PropertyValueSpecification\",\"valueRequired\":true,\"valueName\":\"search_term_string\"}}],\"inLanguage\":\"de\"},{\"@type\":\"Organization\",\"@id\":\"https:\/\/www.sinchisinchi.com\/de\/#organization\",\"name\":\"SINCHI S.L\",\"url\":\"https:\/\/www.sinchisinchi.com\/de\/\",\"logo\":{\"@type\":\"ImageObject\",\"inLanguage\":\"de\",\"@id\":\"https:\/\/www.sinchisinchi.com\/de\/#\/schema\/logo\/image\/\",\"url\":\"https:\/\/www.sinchisinchi.com\/wp-content\/uploads\/2026\/01\/3b-Verde-SIMPLIFICADO-HORIZONTAL-F-TRANSPARENTE-scaled.png\",\"contentUrl\":\"https:\/\/www.sinchisinchi.com\/wp-content\/uploads\/2026\/01\/3b-Verde-SIMPLIFICADO-HORIZONTAL-F-TRANSPARENTE-scaled.png\",\"width\":2560,\"height\":457,\"caption\":\"SINCHI S.L\"},\"image\":{\"@id\":\"https:\/\/www.sinchisinchi.com\/de\/#\/schema\/logo\/image\/\"},\"sameAs\":[\"https:\/\/www.facebook.com\/sinchirape\/\",\"https:\/\/www.instagram.com\/sinchi_rape\/\"]}]}<\/script>\n<!-- \/ Yoast SEO plugin. -->","yoast_head_json":{"title":"Pfefferminzb\u00fcndel f\u00fcr Sahumerio: Online-Shop f\u00fcr Schamanen","description":"B\u00fcndel Minzbl\u00e4tter, verbunden mit der Anregung der geistigen Klarheit und Konzentration. Vorbereitet f\u00fcr die Verwendung als R\u00e4uchergef\u00e4\u00df.","robots":{"index":"index","follow":"follow","max-snippet":"max-snippet:-1","max-image-preview":"max-image-preview:large","max-video-preview":"max-video-preview:-1"},"canonical":"https:\/\/www.sinchisinchi.com\/de\/producto\/pfefferminze\/","og_locale":"de_DE","og_type":"article","og_title":"Pfefferminzb\u00fcndel f\u00fcr Sahumerio: Online-Shop f\u00fcr Schamanen","og_description":"B\u00fcndel Minzbl\u00e4tter, verbunden mit der Anregung der geistigen Klarheit und Konzentration. Vorbereitet f\u00fcr die Verwendung als R\u00e4uchergef\u00e4\u00df.","og_url":"https:\/\/www.sinchisinchi.com\/de\/producto\/pfefferminze\/","og_site_name":"SINCHI RAP\u00c9","article_publisher":"https:\/\/www.facebook.com\/sinchirape\/","og_image":[{"width":1000,"height":1000,"url":"https:\/\/www.sinchisinchi.com\/wp-content\/uploads\/2023\/12\/2-Hierba-buena-b.jpeg","type":"image\/jpeg"}],"twitter_card":"summary_large_image","schema":{"@context":"https:\/\/schema.org","@graph":[{"@type":"WebPage","@id":"https:\/\/www.sinchisinchi.com\/de\/producto\/pfefferminze\/","url":"https:\/\/www.sinchisinchi.com\/de\/producto\/pfefferminze\/","name":"Pfefferminzb\u00fcndel f\u00fcr Sahumerio: Online-Shop f\u00fcr Schamanen","isPartOf":{"@id":"https:\/\/www.sinchisinchi.com\/de\/#website"},"primaryImageOfPage":{"@id":"https:\/\/www.sinchisinchi.com\/de\/producto\/pfefferminze\/#primaryimage"},"image":{"@id":"https:\/\/www.sinchisinchi.com\/de\/producto\/pfefferminze\/#primaryimage"},"thumbnailUrl":"https:\/\/www.sinchisinchi.com\/wp-content\/uploads\/2023\/12\/2-Hierba-buena-b.jpeg","datePublished":"2023-12-16T00:05:35+00:00","description":"B\u00fcndel Minzbl\u00e4tter, verbunden mit der Anregung der geistigen Klarheit und Konzentration. Vorbereitet f\u00fcr die Verwendung als R\u00e4uchergef\u00e4\u00df.","breadcrumb":{"@id":"https:\/\/www.sinchisinchi.com\/de\/producto\/pfefferminze\/#breadcrumb"},"inLanguage":"de","potentialAction":[{"@type":"ReadAction","target":["https:\/\/www.sinchisinchi.com\/de\/producto\/pfefferminze\/"]}]},{"@type":"ImageObject","inLanguage":"de","@id":"https:\/\/www.sinchisinchi.com\/de\/producto\/pfefferminze\/#primaryimage","url":"https:\/\/www.sinchisinchi.com\/wp-content\/uploads\/2023\/12\/2-Hierba-buena-b.jpeg","contentUrl":"https:\/\/www.sinchisinchi.com\/wp-content\/uploads\/2023\/12\/2-Hierba-buena-b.jpeg","width":1000,"height":1000},{"@type":"BreadcrumbList","@id":"https:\/\/www.sinchisinchi.com\/de\/producto\/pfefferminze\/#breadcrumb","itemListElement":[{"@type":"ListItem","position":1,"name":"Titelseite","item":"https:\/\/www.sinchisinchi.com\/de\/"},{"@type":"ListItem","position":2,"name":"Produkte","item":"https:\/\/www.sinchisinchi.com\/de\/shop\/"},{"@type":"ListItem","position":3,"name":"Pfefferminze"}]},{"@type":"WebSite","@id":"https:\/\/www.sinchisinchi.com\/de\/#website","url":"https:\/\/www.sinchisinchi.com\/de\/","name":"SINCHI","description":"Sinchi Medicine","publisher":{"@id":"https:\/\/www.sinchisinchi.com\/de\/#organization"},"potentialAction":[{"@type":"SearchAction","target":{"@type":"EntryPoint","urlTemplate":"https:\/\/www.sinchisinchi.com\/de\/?s={search_term_string}"},"query-input":{"@type":"PropertyValueSpecification","valueRequired":true,"valueName":"search_term_string"}}],"inLanguage":"de"},{"@type":"Organization","@id":"https:\/\/www.sinchisinchi.com\/de\/#organization","name":"SINCHI S.L","url":"https:\/\/www.sinchisinchi.com\/de\/","logo":{"@type":"ImageObject","inLanguage":"de","@id":"https:\/\/www.sinchisinchi.com\/de\/#\/schema\/logo\/image\/","url":"https:\/\/www.sinchisinchi.com\/wp-content\/uploads\/2026\/01\/3b-Verde-SIMPLIFICADO-HORIZONTAL-F-TRANSPARENTE-scaled.png","contentUrl":"https:\/\/www.sinchisinchi.com\/wp-content\/uploads\/2026\/01\/3b-Verde-SIMPLIFICADO-HORIZONTAL-F-TRANSPARENTE-scaled.png","width":2560,"height":457,"caption":"SINCHI S.L"},"image":{"@id":"https:\/\/www.sinchisinchi.com\/de\/#\/schema\/logo\/image\/"},"sameAs":["https:\/\/www.facebook.com\/sinchirape\/","https:\/\/www.instagram.com\/sinchi_rape\/"]}]}},"_links":{"self":[{"href":"https:\/\/www.sinchisinchi.com\/de\/wp-json\/wp\/v2\/product\/11426","targetHints":{"allow":["GET"]}}],"collection":[{"href":"https:\/\/www.sinchisinchi.com\/de\/wp-json\/wp\/v2\/product"}],"about":[{"href":"https:\/\/www.sinchisinchi.com\/de\/wp-json\/wp\/v2\/types\/product"}],"wp:featuredmedia":[{"embeddable":true,"href":"https:\/\/www.sinchisinchi.com\/de\/wp-json\/wp\/v2\/media\/11377"}],"wp:attachment":[{"href":"https:\/\/www.sinchisinchi.com\/de\/wp-json\/wp\/v2\/media?parent=11426"}],"wp:term":[{"taxonomy":"product_brand","embeddable":true,"href":"https:\/\/www.sinchisinchi.com\/de\/wp-json\/wp\/v2\/product_brand?post=11426"},{"taxonomy":"product_cat","embeddable":true,"href":"https:\/\/www.sinchisinchi.com\/de\/wp-json\/wp\/v2\/product_cat?post=11426"},{"taxonomy":"product_tag","embeddable":true,"href":"https:\/\/www.sinchisinchi.com\/de\/wp-json\/wp\/v2\/product_tag?post=11426"}],"curies":[{"name":"wp","href":"https:\/\/api.w.org\/{rel}","templated":true}]}}