{"id":11865,"date":"2024-01-23T12:31:36","date_gmt":"2024-01-23T12:31:36","guid":{"rendered":"https:\/\/www.sinchisinchi.com\/producto\/palo-santo-300-gr\/"},"modified":"2024-04-24T07:41:47","modified_gmt":"2024-04-24T07:41:47","slug":"palo-santo-300-gr","status":"publish","type":"product","link":"https:\/\/www.sinchisinchi.com\/de\/producto\/palo-santo-300-gr\/","title":{"rendered":"Palo Santo 300 gr"},"content":{"rendered":"<h2 style=\"text-align: center;\"><strong><span style=\"color: #000000;\">Palo Santo, heiliger Baum<\/span><\/strong><\/h2>\n<p><span style=\"color: #000000;\">Nach dem nat\u00fcrlichen Fall des Baumes muss dieses Holz auf nat\u00fcrliche Weise aush\u00e4rten, was sch\u00e4tzungsweise 4 bis 8 Jahre dauert. Dabei siedeln sich verschiedene Insekten und kleine Tiere im gesamten Holz an und verwandeln den Saft und den Stamm. Nach diesem langen Prozess kann dieses Holz in den W\u00e4ldern gesammelt werden und hat bereits sein starkes und einzigartiges Palo Santo-Aroma erhalten.<\/span><\/p>\n<p><span style=\"color: #000000;\">Derzeit gibt es in Peru und Ecuador spezielle Gesetze f\u00fcr den Abbau von Palo Santo, und das F\u00e4llen des Baumes ist illegal. Wenn Palo Santo jedoch von einem Baum gewonnen wird, der zu Lebzeiten gef\u00e4llt wurde, ist bekannt, dass die nat\u00fcrliche Zeit des gesamten Prozesses nicht beachtet wurde, da das Ergebnis ein Holz ohne Aroma ist, das schnell brennt und eine gelbe Farbe hat. sehr hell, fast wei\u00df. Das Aroma sollte s\u00fc\u00df und holzig sein.<\/span><\/p>\n<p><span style=\"color: #000000;\">Der peruanische Palo Santo gilt nicht als gef\u00e4hrdeter Baum. Es gibt andere Arten von Palo Santo, die auf den Galapagosinseln, in Mexiko, Chile, Bolivien, Uruguay, Paraguay, Argentinien und Brasilien verbreitet sind, wie Bulnesia sarmientoi, Bursera malacophylla, Guaiacum officinale und Guaiacum sanctum, von denen einige in der Liste aufgef\u00fchrt sind Von der International Union for Conservation of Nature (IUCN) werden sie als \u201egef\u00e4hrdete Arten\u201c eingestuft, es handelt sich jedoch nicht um das aromatische Aromaholz, das seit Jahrhunderten verwendet wird und weltweit als Palo Santo bekannt ist.<\/span><\/p>\n<p><span style=\"color: #000000;\">Das optische Erscheinungsbild von Palo Santo zeigt durch seine gelbliche oder orange F\u00e4rbung, ob es sich um die Art Bursera Graveolens handelt, und je dunkler seine F\u00e4rbung, desto l\u00e4nger ruhte er im Wald und desto mehr Zeit hatte er f\u00fcr seinen Transformationsprozess.<\/span><\/p>\n<p><span style=\"color: #000000;\">Neben Weihrauch oder als Insektenschutz gilt sie auch als Heilpflanze; Der Aufguss der Bl\u00e4tter lindert Hustenanf\u00e4lle. Das Holz wird auch in Form von Tee durch Abkochen zur Linderung von Grippesymptomen wie Husten und Fieber verwendet und sollte in geringen Mengen verwendet werden, da sein Geschmack sehr bitter ist.<\/span><\/p>\n","protected":false},"excerpt":{"rendered":"<p><span style=\"color: #000000;\">Der Palo Santo-Baum (Bursera Graveolens) ist im Norden Perus und im S\u00fcden Ecuadors endemisch. Es bewohnt Trockenland\u00f6kosysteme, Trockenw\u00e4lder und Tropenw\u00e4lder vom Meeresspiegel bis zu 600 Metern H\u00f6he.<\/span><\/p>\n<p>&nbsp;<\/p>\n<p><span style=\"color: #000000;\">Palo Santo ist seit Jahrhunderten als magische und heilige Pflanze bekannt. Es handelt sich um einen mittelgro\u00dfen Baum, der eine H\u00f6he zwischen 4 und 6 Metern erreicht. Ihre Lebenserwartung liegt zwischen 80 und 100 Jahren.<\/span><\/p>\n<p>&nbsp;<\/p>\n<p><span style=\"color: #000000;\"><strong>Wissenschaftlicher Name:<\/strong> Bursera Graveolens<\/span><\/p>\n<p>&nbsp;<\/p>\n<p><span style=\"color: #000000;\"><strong>Herkunft:<\/strong> Peru<\/span><\/p>\n<p>&nbsp;<\/p>\n<p><span style=\"color: #000000;\"><strong>Aroma:<\/strong> Warm, holzig, s\u00fc\u00df<\/span><\/p>\n","protected":false},"featured_media":11859,"template":"","meta":{"_joinchat":[]},"product_brand":[],"product_cat":[129],"product_tag":[],"class_list":{"0":"post-11865","1":"product","2":"type-product","3":"status-publish","4":"has-post-thumbnail","6":"product_cat-weihrauch","8":"first","9":"instock","10":"taxable","11":"shipping-taxable","12":"purchasable","13":"product-type-simple"},"yoast_head":"<!-- This site is optimized with the Yoast SEO plugin v27.4 - https:\/\/yoast.com\/product\/yoast-seo-wordpress\/ -->\n<title>Kaufen Sie Palo Santo online: Schamanischer R\u00e4ucherst\u00e4bchenladen.<\/title>\n<meta name=\"description\" content=\"Palo Santo ist seit Jahrtausenden als magischer und heiliger Baum bekannt, der wegen seiner reinigenden und verbindenden Eigenschaften verwendet wird.\" \/>\n<meta name=\"robots\" content=\"index, follow, max-snippet:-1, max-image-preview:large, max-video-preview:-1\" \/>\n<link rel=\"canonical\" href=\"https:\/\/www.sinchisinchi.com\/de\/producto\/palo-santo-300-gr\/\" \/>\n<meta property=\"og:locale\" content=\"de_DE\" \/>\n<meta property=\"og:type\" content=\"article\" \/>\n<meta property=\"og:title\" content=\"Kaufen Sie Palo Santo online: Schamanischer R\u00e4ucherst\u00e4bchenladen.\" \/>\n<meta property=\"og:description\" content=\"Palo Santo ist seit Jahrtausenden als magischer und heiliger Baum bekannt, der wegen seiner reinigenden und verbindenden Eigenschaften verwendet wird.\" \/>\n<meta property=\"og:url\" content=\"https:\/\/www.sinchisinchi.com\/de\/producto\/palo-santo-300-gr\/\" \/>\n<meta property=\"og:site_name\" content=\"SINCHI RAP\u00c9\" \/>\n<meta property=\"article:publisher\" content=\"https:\/\/www.facebook.com\/sinchirape\/\" \/>\n<meta property=\"article:modified_time\" content=\"2024-04-24T07:41:47+00:00\" \/>\n<meta property=\"og:image\" content=\"https:\/\/www.sinchisinchi.com\/wp-content\/uploads\/2024\/01\/1-Palo-santo-300gr.jpg\" \/>\n\t<meta property=\"og:image:width\" content=\"1000\" \/>\n\t<meta property=\"og:image:height\" content=\"1000\" \/>\n\t<meta property=\"og:image:type\" content=\"image\/jpeg\" \/>\n<meta name=\"twitter:card\" content=\"summary_large_image\" \/>\n<meta name=\"twitter:label1\" content=\"Gesch\u00e4tzte Lesezeit\" \/>\n\t<meta name=\"twitter:data1\" content=\"2\u00a0Minuten\" \/>\n<script type=\"application\/ld+json\" class=\"yoast-schema-graph\">{\"@context\":\"https:\\\/\\\/schema.org\",\"@graph\":[{\"@type\":\"WebPage\",\"@id\":\"https:\\\/\\\/www.sinchisinchi.com\\\/de\\\/producto\\\/palo-santo-300-gr\\\/\",\"url\":\"https:\\\/\\\/www.sinchisinchi.com\\\/de\\\/producto\\\/palo-santo-300-gr\\\/\",\"name\":\"Kaufen Sie Palo Santo online: Schamanischer R\u00e4ucherst\u00e4bchenladen.\",\"isPartOf\":{\"@id\":\"https:\\\/\\\/www.sinchisinchi.com\\\/de\\\/#website\"},\"primaryImageOfPage\":{\"@id\":\"https:\\\/\\\/www.sinchisinchi.com\\\/de\\\/producto\\\/palo-santo-300-gr\\\/#primaryimage\"},\"image\":{\"@id\":\"https:\\\/\\\/www.sinchisinchi.com\\\/de\\\/producto\\\/palo-santo-300-gr\\\/#primaryimage\"},\"thumbnailUrl\":\"https:\\\/\\\/www.sinchisinchi.com\\\/wp-content\\\/uploads\\\/2024\\\/01\\\/1-Palo-santo-300gr.jpg\",\"datePublished\":\"2024-01-23T12:31:36+00:00\",\"dateModified\":\"2024-04-24T07:41:47+00:00\",\"description\":\"Palo Santo ist seit Jahrtausenden als magischer und heiliger Baum bekannt, der wegen seiner reinigenden und verbindenden Eigenschaften verwendet wird.\",\"breadcrumb\":{\"@id\":\"https:\\\/\\\/www.sinchisinchi.com\\\/de\\\/producto\\\/palo-santo-300-gr\\\/#breadcrumb\"},\"inLanguage\":\"de\",\"potentialAction\":[{\"@type\":\"ReadAction\",\"target\":[\"https:\\\/\\\/www.sinchisinchi.com\\\/de\\\/producto\\\/palo-santo-300-gr\\\/\"]}]},{\"@type\":\"ImageObject\",\"inLanguage\":\"de\",\"@id\":\"https:\\\/\\\/www.sinchisinchi.com\\\/de\\\/producto\\\/palo-santo-300-gr\\\/#primaryimage\",\"url\":\"https:\\\/\\\/www.sinchisinchi.com\\\/wp-content\\\/uploads\\\/2024\\\/01\\\/1-Palo-santo-300gr.jpg\",\"contentUrl\":\"https:\\\/\\\/www.sinchisinchi.com\\\/wp-content\\\/uploads\\\/2024\\\/01\\\/1-Palo-santo-300gr.jpg\",\"width\":1000,\"height\":1000},{\"@type\":\"BreadcrumbList\",\"@id\":\"https:\\\/\\\/www.sinchisinchi.com\\\/de\\\/producto\\\/palo-santo-300-gr\\\/#breadcrumb\",\"itemListElement\":[{\"@type\":\"ListItem\",\"position\":1,\"name\":\"Titelseite\",\"item\":\"https:\\\/\\\/www.sinchisinchi.com\\\/de\\\/\"},{\"@type\":\"ListItem\",\"position\":2,\"name\":\"Produkte\",\"item\":\"https:\\\/\\\/www.sinchisinchi.com\\\/de\\\/shop\\\/\"},{\"@type\":\"ListItem\",\"position\":3,\"name\":\"Palo Santo 300 gr\"}]},{\"@type\":\"WebSite\",\"@id\":\"https:\\\/\\\/www.sinchisinchi.com\\\/de\\\/#website\",\"url\":\"https:\\\/\\\/www.sinchisinchi.com\\\/de\\\/\",\"name\":\"SINCHI\",\"description\":\"Sinchi Medicine\",\"publisher\":{\"@id\":\"https:\\\/\\\/www.sinchisinchi.com\\\/de\\\/#organization\"},\"potentialAction\":[{\"@type\":\"SearchAction\",\"target\":{\"@type\":\"EntryPoint\",\"urlTemplate\":\"https:\\\/\\\/www.sinchisinchi.com\\\/de\\\/?s={search_term_string}\"},\"query-input\":{\"@type\":\"PropertyValueSpecification\",\"valueRequired\":true,\"valueName\":\"search_term_string\"}}],\"inLanguage\":\"de\"},{\"@type\":\"Organization\",\"@id\":\"https:\\\/\\\/www.sinchisinchi.com\\\/de\\\/#organization\",\"name\":\"SINCHI S.L\",\"url\":\"https:\\\/\\\/www.sinchisinchi.com\\\/de\\\/\",\"logo\":{\"@type\":\"ImageObject\",\"inLanguage\":\"de\",\"@id\":\"https:\\\/\\\/www.sinchisinchi.com\\\/de\\\/#\\\/schema\\\/logo\\\/image\\\/\",\"url\":\"https:\\\/\\\/www.sinchisinchi.com\\\/wp-content\\\/uploads\\\/2026\\\/01\\\/3b-Verde-SIMPLIFICADO-HORIZONTAL-F-TRANSPARENTE-scaled.png\",\"contentUrl\":\"https:\\\/\\\/www.sinchisinchi.com\\\/wp-content\\\/uploads\\\/2026\\\/01\\\/3b-Verde-SIMPLIFICADO-HORIZONTAL-F-TRANSPARENTE-scaled.png\",\"width\":2560,\"height\":457,\"caption\":\"SINCHI S.L\"},\"image\":{\"@id\":\"https:\\\/\\\/www.sinchisinchi.com\\\/de\\\/#\\\/schema\\\/logo\\\/image\\\/\"},\"sameAs\":[\"https:\\\/\\\/www.facebook.com\\\/sinchirape\\\/\",\"https:\\\/\\\/www.instagram.com\\\/sinchi_rape\\\/\"]}]}<\/script>\n<!-- \/ Yoast SEO plugin. -->","yoast_head_json":{"title":"Kaufen Sie Palo Santo online: Schamanischer R\u00e4ucherst\u00e4bchenladen.","description":"Palo Santo ist seit Jahrtausenden als magischer und heiliger Baum bekannt, der wegen seiner reinigenden und verbindenden Eigenschaften verwendet wird.","robots":{"index":"index","follow":"follow","max-snippet":"max-snippet:-1","max-image-preview":"max-image-preview:large","max-video-preview":"max-video-preview:-1"},"canonical":"https:\/\/www.sinchisinchi.com\/de\/producto\/palo-santo-300-gr\/","og_locale":"de_DE","og_type":"article","og_title":"Kaufen Sie Palo Santo online: Schamanischer R\u00e4ucherst\u00e4bchenladen.","og_description":"Palo Santo ist seit Jahrtausenden als magischer und heiliger Baum bekannt, der wegen seiner reinigenden und verbindenden Eigenschaften verwendet wird.","og_url":"https:\/\/www.sinchisinchi.com\/de\/producto\/palo-santo-300-gr\/","og_site_name":"SINCHI RAP\u00c9","article_publisher":"https:\/\/www.facebook.com\/sinchirape\/","article_modified_time":"2024-04-24T07:41:47+00:00","og_image":[{"width":1000,"height":1000,"url":"https:\/\/www.sinchisinchi.com\/wp-content\/uploads\/2024\/01\/1-Palo-santo-300gr.jpg","type":"image\/jpeg"}],"twitter_card":"summary_large_image","twitter_misc":{"Gesch\u00e4tzte Lesezeit":"2\u00a0Minuten"},"schema":{"@context":"https:\/\/schema.org","@graph":[{"@type":"WebPage","@id":"https:\/\/www.sinchisinchi.com\/de\/producto\/palo-santo-300-gr\/","url":"https:\/\/www.sinchisinchi.com\/de\/producto\/palo-santo-300-gr\/","name":"Kaufen Sie Palo Santo online: Schamanischer R\u00e4ucherst\u00e4bchenladen.","isPartOf":{"@id":"https:\/\/www.sinchisinchi.com\/de\/#website"},"primaryImageOfPage":{"@id":"https:\/\/www.sinchisinchi.com\/de\/producto\/palo-santo-300-gr\/#primaryimage"},"image":{"@id":"https:\/\/www.sinchisinchi.com\/de\/producto\/palo-santo-300-gr\/#primaryimage"},"thumbnailUrl":"https:\/\/www.sinchisinchi.com\/wp-content\/uploads\/2024\/01\/1-Palo-santo-300gr.jpg","datePublished":"2024-01-23T12:31:36+00:00","dateModified":"2024-04-24T07:41:47+00:00","description":"Palo Santo ist seit Jahrtausenden als magischer und heiliger Baum bekannt, der wegen seiner reinigenden und verbindenden Eigenschaften verwendet wird.","breadcrumb":{"@id":"https:\/\/www.sinchisinchi.com\/de\/producto\/palo-santo-300-gr\/#breadcrumb"},"inLanguage":"de","potentialAction":[{"@type":"ReadAction","target":["https:\/\/www.sinchisinchi.com\/de\/producto\/palo-santo-300-gr\/"]}]},{"@type":"ImageObject","inLanguage":"de","@id":"https:\/\/www.sinchisinchi.com\/de\/producto\/palo-santo-300-gr\/#primaryimage","url":"https:\/\/www.sinchisinchi.com\/wp-content\/uploads\/2024\/01\/1-Palo-santo-300gr.jpg","contentUrl":"https:\/\/www.sinchisinchi.com\/wp-content\/uploads\/2024\/01\/1-Palo-santo-300gr.jpg","width":1000,"height":1000},{"@type":"BreadcrumbList","@id":"https:\/\/www.sinchisinchi.com\/de\/producto\/palo-santo-300-gr\/#breadcrumb","itemListElement":[{"@type":"ListItem","position":1,"name":"Titelseite","item":"https:\/\/www.sinchisinchi.com\/de\/"},{"@type":"ListItem","position":2,"name":"Produkte","item":"https:\/\/www.sinchisinchi.com\/de\/shop\/"},{"@type":"ListItem","position":3,"name":"Palo Santo 300 gr"}]},{"@type":"WebSite","@id":"https:\/\/www.sinchisinchi.com\/de\/#website","url":"https:\/\/www.sinchisinchi.com\/de\/","name":"SINCHI","description":"Sinchi Medicine","publisher":{"@id":"https:\/\/www.sinchisinchi.com\/de\/#organization"},"potentialAction":[{"@type":"SearchAction","target":{"@type":"EntryPoint","urlTemplate":"https:\/\/www.sinchisinchi.com\/de\/?s={search_term_string}"},"query-input":{"@type":"PropertyValueSpecification","valueRequired":true,"valueName":"search_term_string"}}],"inLanguage":"de"},{"@type":"Organization","@id":"https:\/\/www.sinchisinchi.com\/de\/#organization","name":"SINCHI S.L","url":"https:\/\/www.sinchisinchi.com\/de\/","logo":{"@type":"ImageObject","inLanguage":"de","@id":"https:\/\/www.sinchisinchi.com\/de\/#\/schema\/logo\/image\/","url":"https:\/\/www.sinchisinchi.com\/wp-content\/uploads\/2026\/01\/3b-Verde-SIMPLIFICADO-HORIZONTAL-F-TRANSPARENTE-scaled.png","contentUrl":"https:\/\/www.sinchisinchi.com\/wp-content\/uploads\/2026\/01\/3b-Verde-SIMPLIFICADO-HORIZONTAL-F-TRANSPARENTE-scaled.png","width":2560,"height":457,"caption":"SINCHI S.L"},"image":{"@id":"https:\/\/www.sinchisinchi.com\/de\/#\/schema\/logo\/image\/"},"sameAs":["https:\/\/www.facebook.com\/sinchirape\/","https:\/\/www.instagram.com\/sinchi_rape\/"]}]}},"_links":{"self":[{"href":"https:\/\/www.sinchisinchi.com\/de\/wp-json\/wp\/v2\/product\/11865","targetHints":{"allow":["GET"]}}],"collection":[{"href":"https:\/\/www.sinchisinchi.com\/de\/wp-json\/wp\/v2\/product"}],"about":[{"href":"https:\/\/www.sinchisinchi.com\/de\/wp-json\/wp\/v2\/types\/product"}],"wp:featuredmedia":[{"embeddable":true,"href":"https:\/\/www.sinchisinchi.com\/de\/wp-json\/wp\/v2\/media\/11859"}],"wp:attachment":[{"href":"https:\/\/www.sinchisinchi.com\/de\/wp-json\/wp\/v2\/media?parent=11865"}],"wp:term":[{"taxonomy":"product_brand","embeddable":true,"href":"https:\/\/www.sinchisinchi.com\/de\/wp-json\/wp\/v2\/product_brand?post=11865"},{"taxonomy":"product_cat","embeddable":true,"href":"https:\/\/www.sinchisinchi.com\/de\/wp-json\/wp\/v2\/product_cat?post=11865"},{"taxonomy":"product_tag","embeddable":true,"href":"https:\/\/www.sinchisinchi.com\/de\/wp-json\/wp\/v2\/product_tag?post=11865"}],"curies":[{"name":"wp","href":"https:\/\/api.w.org\/{rel}","templated":true}]}}