{"id":13317,"date":"2024-04-21T17:57:32","date_gmt":"2024-04-21T17:57:32","guid":{"rendered":"https:\/\/www.sinchisinchi.com\/producto\/jatoba-harz\/"},"modified":"2024-04-21T17:57:32","modified_gmt":"2024-04-21T17:57:32","slug":"jatoba-harz","status":"publish","type":"product","link":"https:\/\/www.sinchisinchi.com\/de\/producto\/jatoba-harz\/","title":{"rendered":"Jatob\u00e1-Harz"},"content":{"rendered":"","protected":false},"excerpt":{"rendered":"<p><span style=\"color: #000000;\">Der Jatob\u00e1-Baum wird wegen seines als Jutaicica bekannten Harzes sehr gesch\u00e4tzt, das starke medizinische und spirituelle Eigenschaften besitzt.<\/span><\/p>\n<p><span style=\"color: #000000;\">In schamanischen Ritualen wird es in R\u00e4uchergef\u00e4\u00dfen verwendet und gilt als starkes geistiges St\u00e4rkungsmittel. Dank seiner Eigenschaften wird es auch h\u00e4ufig bei Meditationssitzungen, Yoga und anderen \u00e4hnlichen Aktivit\u00e4ten eingesetzt.<\/span><\/p>\n<p><span style=\"color: #000000;\">Der Jatob\u00e1 (Hymenaea courbaril L.) ist ein gro\u00dfer Baum mit einer H\u00f6he von bis zu 40 Metern und einem Stammdurchmesser von fast einem Meter, der im Nahen Osten und auf der Arabischen Halbinsel beheimatet ist.<\/span><\/p>\n<p><span style=\"color: #000000;\">Es werden verschiedene Teile des Baumes verwendet, wie Rinde, Saft, Harz, Fr\u00fcchte und Bl\u00e4tter. Einige indigene Gruppen im Amazonasgebiet nutzen das Holz zur Herstellung von Kanus.<\/span><\/p>\n<p><span style=\"color: #000000;\">Es ist auch eine Nahrungsquelle und wird aufgrund des au\u00dfergew\u00f6hnlichen N\u00e4hrwerts des essbaren Fruchtfleisches, das die Samen umgibt, zu den Obstarten gez\u00e4hlt.<\/span><\/p>\n<p><span style=\"color: #000000;\">Sein Holz ist von ausgezeichneter Qualit\u00e4t, hart und schwer.<\/span><\/p>\n<p><span style=\"color: #000000;\">Der frisch gewonnene Saft ist weinfarben und wird in der traditionellen Medizin zur Behandlung einer Vielzahl von Erkrankungen eingesetzt.<\/span><\/p>\n<p><span style=\"color: #000000;\">Die \u00fcppigen Jatob\u00e1-Bl\u00fcten sind f\u00fcr Jata\u00ed-Bienen sehr attraktiv, die Honig produzieren, der sich besonders zur Bek\u00e4mpfung von Atemwegserkrankungen eignet.<\/span><\/p>\n<p><span style=\"color: #000000;\">Das jutaische Getr\u00e4nk wird zubereitet, indem die Harzk\u00f6rner mit Wasser vermischt und anschlie\u00dfend in einem Reinigungsritual getrunken werden.<\/span><\/p>\n<p>&nbsp;<\/p>\n<p><span style=\"color: #000000;\"><strong>Wissenschaftlicher Name:<\/strong> Hymenaea courbaril L.<\/span><\/p>\n<p><span style=\"color: #000000;\"><strong>Herkunft:<\/strong> Brasilien.<\/span><\/p>\n<p><span style=\"color: #000000;\"><strong>Aroma:<\/strong> Zitrusfruchtig und erfrischend.<\/span><\/p>\n","protected":false},"featured_media":13126,"template":"","meta":{"_joinchat":[]},"product_brand":[],"product_cat":[124],"product_tag":[],"class_list":{"0":"post-13317","1":"product","2":"type-product","3":"status-publish","4":"has-post-thumbnail","6":"product_cat-naturharze","8":"first","9":"instock","10":"taxable","11":"shipping-taxable","12":"product-type-simple"},"yoast_head":"<!-- This site is optimized with the Yoast SEO plugin v27.1.1 - https:\/\/yoast.com\/product\/yoast-seo-wordpress\/ -->\n<title>Jatob\u00e1-Harz: Sinchi, Online-Shop f\u00fcr Schamanen<\/title>\n<meta name=\"description\" content=\"Der Jatob\u00e1-Baum wird wegen seines als Jutaicica bekannten Harzes sehr gesch\u00e4tzt, das starke medizinische und spirituelle Eigenschaften besitzt.\" \/>\n<meta name=\"robots\" content=\"index, follow, max-snippet:-1, max-image-preview:large, max-video-preview:-1\" \/>\n<link rel=\"canonical\" href=\"https:\/\/www.sinchisinchi.com\/de\/producto\/jatoba-harz\/\" \/>\n<meta property=\"og:locale\" content=\"de_DE\" \/>\n<meta property=\"og:type\" content=\"article\" \/>\n<meta property=\"og:title\" content=\"Jatob\u00e1-Harz: Sinchi, Online-Shop f\u00fcr Schamanen\" \/>\n<meta property=\"og:description\" content=\"Der Jatob\u00e1-Baum wird wegen seines als Jutaicica bekannten Harzes sehr gesch\u00e4tzt, das starke medizinische und spirituelle Eigenschaften besitzt.\" \/>\n<meta property=\"og:url\" content=\"https:\/\/www.sinchisinchi.com\/de\/producto\/jatoba-harz\/\" \/>\n<meta property=\"og:site_name\" content=\"SINCHI RAP\u00c9\" \/>\n<meta property=\"article:publisher\" content=\"https:\/\/www.facebook.com\/sinchirape\/\" \/>\n<meta property=\"og:image\" content=\"https:\/\/www.sinchisinchi.com\/wp-content\/uploads\/2024\/04\/Mukani-Resina-Jatoba.jpeg\" \/>\n\t<meta property=\"og:image:width\" content=\"420\" \/>\n\t<meta property=\"og:image:height\" content=\"545\" \/>\n\t<meta property=\"og:image:type\" content=\"image\/jpeg\" \/>\n<meta name=\"twitter:card\" content=\"summary_large_image\" \/>\n<script type=\"application\/ld+json\" class=\"yoast-schema-graph\">{\"@context\":\"https:\/\/schema.org\",\"@graph\":[{\"@type\":\"WebPage\",\"@id\":\"https:\/\/www.sinchisinchi.com\/de\/producto\/jatoba-harz\/\",\"url\":\"https:\/\/www.sinchisinchi.com\/de\/producto\/jatoba-harz\/\",\"name\":\"Jatob\u00e1-Harz: Sinchi, Online-Shop f\u00fcr Schamanen\",\"isPartOf\":{\"@id\":\"https:\/\/www.sinchisinchi.com\/de\/#website\"},\"primaryImageOfPage\":{\"@id\":\"https:\/\/www.sinchisinchi.com\/de\/producto\/jatoba-harz\/#primaryimage\"},\"image\":{\"@id\":\"https:\/\/www.sinchisinchi.com\/de\/producto\/jatoba-harz\/#primaryimage\"},\"thumbnailUrl\":\"https:\/\/www.sinchisinchi.com\/wp-content\/uploads\/2024\/04\/Mukani-Resina-Jatoba.jpeg\",\"datePublished\":\"2024-04-21T17:57:32+00:00\",\"description\":\"Der Jatob\u00e1-Baum wird wegen seines als Jutaicica bekannten Harzes sehr gesch\u00e4tzt, das starke medizinische und spirituelle Eigenschaften besitzt.\",\"breadcrumb\":{\"@id\":\"https:\/\/www.sinchisinchi.com\/de\/producto\/jatoba-harz\/#breadcrumb\"},\"inLanguage\":\"de\",\"potentialAction\":[{\"@type\":\"ReadAction\",\"target\":[\"https:\/\/www.sinchisinchi.com\/de\/producto\/jatoba-harz\/\"]}]},{\"@type\":\"ImageObject\",\"inLanguage\":\"de\",\"@id\":\"https:\/\/www.sinchisinchi.com\/de\/producto\/jatoba-harz\/#primaryimage\",\"url\":\"https:\/\/www.sinchisinchi.com\/wp-content\/uploads\/2024\/04\/Mukani-Resina-Jatoba.jpeg\",\"contentUrl\":\"https:\/\/www.sinchisinchi.com\/wp-content\/uploads\/2024\/04\/Mukani-Resina-Jatoba.jpeg\",\"width\":420,\"height\":545},{\"@type\":\"BreadcrumbList\",\"@id\":\"https:\/\/www.sinchisinchi.com\/de\/producto\/jatoba-harz\/#breadcrumb\",\"itemListElement\":[{\"@type\":\"ListItem\",\"position\":1,\"name\":\"Titelseite\",\"item\":\"https:\/\/www.sinchisinchi.com\/de\/\"},{\"@type\":\"ListItem\",\"position\":2,\"name\":\"Produkte\",\"item\":\"https:\/\/www.sinchisinchi.com\/de\/shop\/\"},{\"@type\":\"ListItem\",\"position\":3,\"name\":\"Jatob\u00e1-Harz\"}]},{\"@type\":\"WebSite\",\"@id\":\"https:\/\/www.sinchisinchi.com\/de\/#website\",\"url\":\"https:\/\/www.sinchisinchi.com\/de\/\",\"name\":\"SINCHI\",\"description\":\"Sinchi Medicine\",\"publisher\":{\"@id\":\"https:\/\/www.sinchisinchi.com\/de\/#organization\"},\"potentialAction\":[{\"@type\":\"SearchAction\",\"target\":{\"@type\":\"EntryPoint\",\"urlTemplate\":\"https:\/\/www.sinchisinchi.com\/de\/?s={search_term_string}\"},\"query-input\":{\"@type\":\"PropertyValueSpecification\",\"valueRequired\":true,\"valueName\":\"search_term_string\"}}],\"inLanguage\":\"de\"},{\"@type\":\"Organization\",\"@id\":\"https:\/\/www.sinchisinchi.com\/de\/#organization\",\"name\":\"SINCHI S.L\",\"url\":\"https:\/\/www.sinchisinchi.com\/de\/\",\"logo\":{\"@type\":\"ImageObject\",\"inLanguage\":\"de\",\"@id\":\"https:\/\/www.sinchisinchi.com\/de\/#\/schema\/logo\/image\/\",\"url\":\"https:\/\/www.sinchisinchi.com\/wp-content\/uploads\/2026\/01\/3b-Verde-SIMPLIFICADO-HORIZONTAL-F-TRANSPARENTE-scaled.png\",\"contentUrl\":\"https:\/\/www.sinchisinchi.com\/wp-content\/uploads\/2026\/01\/3b-Verde-SIMPLIFICADO-HORIZONTAL-F-TRANSPARENTE-scaled.png\",\"width\":2560,\"height\":457,\"caption\":\"SINCHI S.L\"},\"image\":{\"@id\":\"https:\/\/www.sinchisinchi.com\/de\/#\/schema\/logo\/image\/\"},\"sameAs\":[\"https:\/\/www.facebook.com\/sinchirape\/\",\"https:\/\/www.instagram.com\/sinchi_rape\/\"]}]}<\/script>\n<!-- \/ Yoast SEO plugin. -->","yoast_head_json":{"title":"Jatob\u00e1-Harz: Sinchi, Online-Shop f\u00fcr Schamanen","description":"Der Jatob\u00e1-Baum wird wegen seines als Jutaicica bekannten Harzes sehr gesch\u00e4tzt, das starke medizinische und spirituelle Eigenschaften besitzt.","robots":{"index":"index","follow":"follow","max-snippet":"max-snippet:-1","max-image-preview":"max-image-preview:large","max-video-preview":"max-video-preview:-1"},"canonical":"https:\/\/www.sinchisinchi.com\/de\/producto\/jatoba-harz\/","og_locale":"de_DE","og_type":"article","og_title":"Jatob\u00e1-Harz: Sinchi, Online-Shop f\u00fcr Schamanen","og_description":"Der Jatob\u00e1-Baum wird wegen seines als Jutaicica bekannten Harzes sehr gesch\u00e4tzt, das starke medizinische und spirituelle Eigenschaften besitzt.","og_url":"https:\/\/www.sinchisinchi.com\/de\/producto\/jatoba-harz\/","og_site_name":"SINCHI RAP\u00c9","article_publisher":"https:\/\/www.facebook.com\/sinchirape\/","og_image":[{"width":420,"height":545,"url":"https:\/\/www.sinchisinchi.com\/wp-content\/uploads\/2024\/04\/Mukani-Resina-Jatoba.jpeg","type":"image\/jpeg"}],"twitter_card":"summary_large_image","schema":{"@context":"https:\/\/schema.org","@graph":[{"@type":"WebPage","@id":"https:\/\/www.sinchisinchi.com\/de\/producto\/jatoba-harz\/","url":"https:\/\/www.sinchisinchi.com\/de\/producto\/jatoba-harz\/","name":"Jatob\u00e1-Harz: Sinchi, Online-Shop f\u00fcr Schamanen","isPartOf":{"@id":"https:\/\/www.sinchisinchi.com\/de\/#website"},"primaryImageOfPage":{"@id":"https:\/\/www.sinchisinchi.com\/de\/producto\/jatoba-harz\/#primaryimage"},"image":{"@id":"https:\/\/www.sinchisinchi.com\/de\/producto\/jatoba-harz\/#primaryimage"},"thumbnailUrl":"https:\/\/www.sinchisinchi.com\/wp-content\/uploads\/2024\/04\/Mukani-Resina-Jatoba.jpeg","datePublished":"2024-04-21T17:57:32+00:00","description":"Der Jatob\u00e1-Baum wird wegen seines als Jutaicica bekannten Harzes sehr gesch\u00e4tzt, das starke medizinische und spirituelle Eigenschaften besitzt.","breadcrumb":{"@id":"https:\/\/www.sinchisinchi.com\/de\/producto\/jatoba-harz\/#breadcrumb"},"inLanguage":"de","potentialAction":[{"@type":"ReadAction","target":["https:\/\/www.sinchisinchi.com\/de\/producto\/jatoba-harz\/"]}]},{"@type":"ImageObject","inLanguage":"de","@id":"https:\/\/www.sinchisinchi.com\/de\/producto\/jatoba-harz\/#primaryimage","url":"https:\/\/www.sinchisinchi.com\/wp-content\/uploads\/2024\/04\/Mukani-Resina-Jatoba.jpeg","contentUrl":"https:\/\/www.sinchisinchi.com\/wp-content\/uploads\/2024\/04\/Mukani-Resina-Jatoba.jpeg","width":420,"height":545},{"@type":"BreadcrumbList","@id":"https:\/\/www.sinchisinchi.com\/de\/producto\/jatoba-harz\/#breadcrumb","itemListElement":[{"@type":"ListItem","position":1,"name":"Titelseite","item":"https:\/\/www.sinchisinchi.com\/de\/"},{"@type":"ListItem","position":2,"name":"Produkte","item":"https:\/\/www.sinchisinchi.com\/de\/shop\/"},{"@type":"ListItem","position":3,"name":"Jatob\u00e1-Harz"}]},{"@type":"WebSite","@id":"https:\/\/www.sinchisinchi.com\/de\/#website","url":"https:\/\/www.sinchisinchi.com\/de\/","name":"SINCHI","description":"Sinchi Medicine","publisher":{"@id":"https:\/\/www.sinchisinchi.com\/de\/#organization"},"potentialAction":[{"@type":"SearchAction","target":{"@type":"EntryPoint","urlTemplate":"https:\/\/www.sinchisinchi.com\/de\/?s={search_term_string}"},"query-input":{"@type":"PropertyValueSpecification","valueRequired":true,"valueName":"search_term_string"}}],"inLanguage":"de"},{"@type":"Organization","@id":"https:\/\/www.sinchisinchi.com\/de\/#organization","name":"SINCHI S.L","url":"https:\/\/www.sinchisinchi.com\/de\/","logo":{"@type":"ImageObject","inLanguage":"de","@id":"https:\/\/www.sinchisinchi.com\/de\/#\/schema\/logo\/image\/","url":"https:\/\/www.sinchisinchi.com\/wp-content\/uploads\/2026\/01\/3b-Verde-SIMPLIFICADO-HORIZONTAL-F-TRANSPARENTE-scaled.png","contentUrl":"https:\/\/www.sinchisinchi.com\/wp-content\/uploads\/2026\/01\/3b-Verde-SIMPLIFICADO-HORIZONTAL-F-TRANSPARENTE-scaled.png","width":2560,"height":457,"caption":"SINCHI S.L"},"image":{"@id":"https:\/\/www.sinchisinchi.com\/de\/#\/schema\/logo\/image\/"},"sameAs":["https:\/\/www.facebook.com\/sinchirape\/","https:\/\/www.instagram.com\/sinchi_rape\/"]}]}},"_links":{"self":[{"href":"https:\/\/www.sinchisinchi.com\/de\/wp-json\/wp\/v2\/product\/13317","targetHints":{"allow":["GET"]}}],"collection":[{"href":"https:\/\/www.sinchisinchi.com\/de\/wp-json\/wp\/v2\/product"}],"about":[{"href":"https:\/\/www.sinchisinchi.com\/de\/wp-json\/wp\/v2\/types\/product"}],"wp:featuredmedia":[{"embeddable":true,"href":"https:\/\/www.sinchisinchi.com\/de\/wp-json\/wp\/v2\/media\/13126"}],"wp:attachment":[{"href":"https:\/\/www.sinchisinchi.com\/de\/wp-json\/wp\/v2\/media?parent=13317"}],"wp:term":[{"taxonomy":"product_brand","embeddable":true,"href":"https:\/\/www.sinchisinchi.com\/de\/wp-json\/wp\/v2\/product_brand?post=13317"},{"taxonomy":"product_cat","embeddable":true,"href":"https:\/\/www.sinchisinchi.com\/de\/wp-json\/wp\/v2\/product_cat?post=13317"},{"taxonomy":"product_tag","embeddable":true,"href":"https:\/\/www.sinchisinchi.com\/de\/wp-json\/wp\/v2\/product_tag?post=13317"}],"curies":[{"name":"wp","href":"https:\/\/api.w.org\/{rel}","templated":true}]}}