{"id":13327,"date":"2024-04-21T17:33:27","date_gmt":"2024-04-21T17:33:27","guid":{"rendered":"https:\/\/www.sinchisinchi.com\/producto\/sepa-yawanawa\/"},"modified":"2024-04-21T17:33:27","modified_gmt":"2024-04-21T17:33:27","slug":"sepa-yawanawa","status":"publish","type":"product","link":"https:\/\/www.sinchisinchi.com\/de\/producto\/sepa-yawanawa\/","title":{"rendered":"Sep\u00e1 Yawanaw\u00e1"},"content":{"rendered":"","protected":false},"excerpt":{"rendered":"<p>Sep\u00e1 ist ein Harz mit einem erfrischenden Aroma, das typisch f\u00fcr die Yawanawa ist, die es aus einem Baum namens \u201eVixu\u201c gewinnen.<\/p>\n<p>Innerhalb der Yawanaw\u00e1-Tradition ist Sep\u00e1 ein nat\u00fcrliches Parf\u00fcm, das bei spirituellen Ritualen und Heilarbeiten verwendet wird; Es gilt als Heilharz und ist normalerweise in den H\u00e4usern aller Yawanaw\u00e1 vorhanden.<\/p>\n<p>Die Yawanaw\u00e1 bereiten au\u00dferdem eine Annatto-Paste mit Sep\u00e1-Harz f\u00fcr ihre roten K\u00f6rperbemalungen sowie schwarze Farbstoffe mit Genipapa und Holzkohle zu.<\/p>\n<p>In R\u00e4uchergef\u00e4\u00dfen verwendet, reinigt es Gegenst\u00e4nde, Menschen und R\u00e4ume. Sch\u00fctzt vor negativen Energien und \u00e4u\u00dferen Einfl\u00fcssen. Es ist \u00fcblich, dass Menschen, die Rituale mit Sep\u00e1-Harz praktizieren, kleine Harzst\u00fccke bei sich tragen oder sie als Amulett in ihren H\u00e4usern aufbewahren.<\/p>\n<p>Beim Sammeln hat es eine klebrige Konsistenz und muss mit Hilfe einer Holz- oder Metallzange angefasst werden; Bei Kontakt mit Luft verfestigt es sich.<\/p>\n<p>&nbsp;<\/p>\n<p><strong>Herkunft:<\/strong> Brasilien.<\/p>\n<p><strong>Aroma:<\/strong> Weich und erfrischend.<\/p>\n","protected":false},"featured_media":0,"template":"","meta":{"_joinchat":[]},"product_brand":[],"product_cat":[124],"product_tag":[],"class_list":{"0":"post-13327","1":"product","2":"type-product","3":"status-publish","5":"product_cat-naturharze","7":"first","8":"instock","9":"taxable","10":"shipping-taxable","11":"product-type-simple"},"yoast_head":"<!-- This site is optimized with the Yoast SEO plugin v27.1.1 - https:\/\/yoast.com\/product\/yoast-seo-wordpress\/ -->\n<title>Sep\u00e1-Harz: Sinchi, Online-Shop f\u00fcr Schamanen<\/title>\n<meta name=\"description\" content=\"Sep\u00e1-Harz mit einem erfrischenden Aroma, typisch f\u00fcr die Yawanawa, die es aus einem Baum namens &quot;Vixu\u201c gewinnen. Reinigt Objekte, Menschen und R\u00e4ume.\" \/>\n<meta name=\"robots\" content=\"index, follow, max-snippet:-1, max-image-preview:large, max-video-preview:-1\" \/>\n<link rel=\"canonical\" href=\"https:\/\/www.sinchisinchi.com\/de\/producto\/sepa-yawanawa\/\" \/>\n<meta property=\"og:locale\" content=\"de_DE\" \/>\n<meta property=\"og:type\" content=\"article\" \/>\n<meta property=\"og:title\" content=\"Sep\u00e1-Harz: Sinchi, Online-Shop f\u00fcr Schamanen\" \/>\n<meta property=\"og:description\" content=\"Sep\u00e1-Harz mit einem erfrischenden Aroma, typisch f\u00fcr die Yawanawa, die es aus einem Baum namens &quot;Vixu\u201c gewinnen. Reinigt Objekte, Menschen und R\u00e4ume.\" \/>\n<meta property=\"og:url\" content=\"https:\/\/www.sinchisinchi.com\/de\/producto\/sepa-yawanawa\/\" \/>\n<meta property=\"og:site_name\" content=\"SINCHI RAP\u00c9\" \/>\n<meta property=\"article:publisher\" content=\"https:\/\/www.facebook.com\/sinchirape\/\" \/>\n<meta name=\"twitter:card\" content=\"summary_large_image\" \/>\n<script type=\"application\/ld+json\" class=\"yoast-schema-graph\">{\"@context\":\"https:\/\/schema.org\",\"@graph\":[{\"@type\":\"WebPage\",\"@id\":\"https:\/\/www.sinchisinchi.com\/de\/producto\/sepa-yawanawa\/\",\"url\":\"https:\/\/www.sinchisinchi.com\/de\/producto\/sepa-yawanawa\/\",\"name\":\"Sep\u00e1-Harz: Sinchi, Online-Shop f\u00fcr Schamanen\",\"isPartOf\":{\"@id\":\"https:\/\/www.sinchisinchi.com\/de\/#website\"},\"datePublished\":\"2024-04-21T17:33:27+00:00\",\"description\":\"Sep\u00e1-Harz mit einem erfrischenden Aroma, typisch f\u00fcr die Yawanawa, die es aus einem Baum namens \\\"Vixu\u201c gewinnen. Reinigt Objekte, Menschen und R\u00e4ume.\",\"breadcrumb\":{\"@id\":\"https:\/\/www.sinchisinchi.com\/de\/producto\/sepa-yawanawa\/#breadcrumb\"},\"inLanguage\":\"de\",\"potentialAction\":[{\"@type\":\"ReadAction\",\"target\":[\"https:\/\/www.sinchisinchi.com\/de\/producto\/sepa-yawanawa\/\"]}]},{\"@type\":\"BreadcrumbList\",\"@id\":\"https:\/\/www.sinchisinchi.com\/de\/producto\/sepa-yawanawa\/#breadcrumb\",\"itemListElement\":[{\"@type\":\"ListItem\",\"position\":1,\"name\":\"Titelseite\",\"item\":\"https:\/\/www.sinchisinchi.com\/de\/\"},{\"@type\":\"ListItem\",\"position\":2,\"name\":\"Produkte\",\"item\":\"https:\/\/www.sinchisinchi.com\/de\/shop\/\"},{\"@type\":\"ListItem\",\"position\":3,\"name\":\"Sep\u00e1 Yawanaw\u00e1\"}]},{\"@type\":\"WebSite\",\"@id\":\"https:\/\/www.sinchisinchi.com\/de\/#website\",\"url\":\"https:\/\/www.sinchisinchi.com\/de\/\",\"name\":\"SINCHI\",\"description\":\"Sinchi Medicine\",\"publisher\":{\"@id\":\"https:\/\/www.sinchisinchi.com\/de\/#organization\"},\"potentialAction\":[{\"@type\":\"SearchAction\",\"target\":{\"@type\":\"EntryPoint\",\"urlTemplate\":\"https:\/\/www.sinchisinchi.com\/de\/?s={search_term_string}\"},\"query-input\":{\"@type\":\"PropertyValueSpecification\",\"valueRequired\":true,\"valueName\":\"search_term_string\"}}],\"inLanguage\":\"de\"},{\"@type\":\"Organization\",\"@id\":\"https:\/\/www.sinchisinchi.com\/de\/#organization\",\"name\":\"SINCHI S.L\",\"url\":\"https:\/\/www.sinchisinchi.com\/de\/\",\"logo\":{\"@type\":\"ImageObject\",\"inLanguage\":\"de\",\"@id\":\"https:\/\/www.sinchisinchi.com\/de\/#\/schema\/logo\/image\/\",\"url\":\"https:\/\/www.sinchisinchi.com\/wp-content\/uploads\/2026\/01\/3b-Verde-SIMPLIFICADO-HORIZONTAL-F-TRANSPARENTE-scaled.png\",\"contentUrl\":\"https:\/\/www.sinchisinchi.com\/wp-content\/uploads\/2026\/01\/3b-Verde-SIMPLIFICADO-HORIZONTAL-F-TRANSPARENTE-scaled.png\",\"width\":2560,\"height\":457,\"caption\":\"SINCHI S.L\"},\"image\":{\"@id\":\"https:\/\/www.sinchisinchi.com\/de\/#\/schema\/logo\/image\/\"},\"sameAs\":[\"https:\/\/www.facebook.com\/sinchirape\/\",\"https:\/\/www.instagram.com\/sinchi_rape\/\"]}]}<\/script>\n<!-- \/ Yoast SEO plugin. -->","yoast_head_json":{"title":"Sep\u00e1-Harz: Sinchi, Online-Shop f\u00fcr Schamanen","description":"Sep\u00e1-Harz mit einem erfrischenden Aroma, typisch f\u00fcr die Yawanawa, die es aus einem Baum namens \"Vixu\u201c gewinnen. Reinigt Objekte, Menschen und R\u00e4ume.","robots":{"index":"index","follow":"follow","max-snippet":"max-snippet:-1","max-image-preview":"max-image-preview:large","max-video-preview":"max-video-preview:-1"},"canonical":"https:\/\/www.sinchisinchi.com\/de\/producto\/sepa-yawanawa\/","og_locale":"de_DE","og_type":"article","og_title":"Sep\u00e1-Harz: Sinchi, Online-Shop f\u00fcr Schamanen","og_description":"Sep\u00e1-Harz mit einem erfrischenden Aroma, typisch f\u00fcr die Yawanawa, die es aus einem Baum namens \"Vixu\u201c gewinnen. Reinigt Objekte, Menschen und R\u00e4ume.","og_url":"https:\/\/www.sinchisinchi.com\/de\/producto\/sepa-yawanawa\/","og_site_name":"SINCHI RAP\u00c9","article_publisher":"https:\/\/www.facebook.com\/sinchirape\/","twitter_card":"summary_large_image","schema":{"@context":"https:\/\/schema.org","@graph":[{"@type":"WebPage","@id":"https:\/\/www.sinchisinchi.com\/de\/producto\/sepa-yawanawa\/","url":"https:\/\/www.sinchisinchi.com\/de\/producto\/sepa-yawanawa\/","name":"Sep\u00e1-Harz: Sinchi, Online-Shop f\u00fcr Schamanen","isPartOf":{"@id":"https:\/\/www.sinchisinchi.com\/de\/#website"},"datePublished":"2024-04-21T17:33:27+00:00","description":"Sep\u00e1-Harz mit einem erfrischenden Aroma, typisch f\u00fcr die Yawanawa, die es aus einem Baum namens \"Vixu\u201c gewinnen. Reinigt Objekte, Menschen und R\u00e4ume.","breadcrumb":{"@id":"https:\/\/www.sinchisinchi.com\/de\/producto\/sepa-yawanawa\/#breadcrumb"},"inLanguage":"de","potentialAction":[{"@type":"ReadAction","target":["https:\/\/www.sinchisinchi.com\/de\/producto\/sepa-yawanawa\/"]}]},{"@type":"BreadcrumbList","@id":"https:\/\/www.sinchisinchi.com\/de\/producto\/sepa-yawanawa\/#breadcrumb","itemListElement":[{"@type":"ListItem","position":1,"name":"Titelseite","item":"https:\/\/www.sinchisinchi.com\/de\/"},{"@type":"ListItem","position":2,"name":"Produkte","item":"https:\/\/www.sinchisinchi.com\/de\/shop\/"},{"@type":"ListItem","position":3,"name":"Sep\u00e1 Yawanaw\u00e1"}]},{"@type":"WebSite","@id":"https:\/\/www.sinchisinchi.com\/de\/#website","url":"https:\/\/www.sinchisinchi.com\/de\/","name":"SINCHI","description":"Sinchi Medicine","publisher":{"@id":"https:\/\/www.sinchisinchi.com\/de\/#organization"},"potentialAction":[{"@type":"SearchAction","target":{"@type":"EntryPoint","urlTemplate":"https:\/\/www.sinchisinchi.com\/de\/?s={search_term_string}"},"query-input":{"@type":"PropertyValueSpecification","valueRequired":true,"valueName":"search_term_string"}}],"inLanguage":"de"},{"@type":"Organization","@id":"https:\/\/www.sinchisinchi.com\/de\/#organization","name":"SINCHI S.L","url":"https:\/\/www.sinchisinchi.com\/de\/","logo":{"@type":"ImageObject","inLanguage":"de","@id":"https:\/\/www.sinchisinchi.com\/de\/#\/schema\/logo\/image\/","url":"https:\/\/www.sinchisinchi.com\/wp-content\/uploads\/2026\/01\/3b-Verde-SIMPLIFICADO-HORIZONTAL-F-TRANSPARENTE-scaled.png","contentUrl":"https:\/\/www.sinchisinchi.com\/wp-content\/uploads\/2026\/01\/3b-Verde-SIMPLIFICADO-HORIZONTAL-F-TRANSPARENTE-scaled.png","width":2560,"height":457,"caption":"SINCHI S.L"},"image":{"@id":"https:\/\/www.sinchisinchi.com\/de\/#\/schema\/logo\/image\/"},"sameAs":["https:\/\/www.facebook.com\/sinchirape\/","https:\/\/www.instagram.com\/sinchi_rape\/"]}]}},"_links":{"self":[{"href":"https:\/\/www.sinchisinchi.com\/de\/wp-json\/wp\/v2\/product\/13327","targetHints":{"allow":["GET"]}}],"collection":[{"href":"https:\/\/www.sinchisinchi.com\/de\/wp-json\/wp\/v2\/product"}],"about":[{"href":"https:\/\/www.sinchisinchi.com\/de\/wp-json\/wp\/v2\/types\/product"}],"wp:attachment":[{"href":"https:\/\/www.sinchisinchi.com\/de\/wp-json\/wp\/v2\/media?parent=13327"}],"wp:term":[{"taxonomy":"product_brand","embeddable":true,"href":"https:\/\/www.sinchisinchi.com\/de\/wp-json\/wp\/v2\/product_brand?post=13327"},{"taxonomy":"product_cat","embeddable":true,"href":"https:\/\/www.sinchisinchi.com\/de\/wp-json\/wp\/v2\/product_cat?post=13327"},{"taxonomy":"product_tag","embeddable":true,"href":"https:\/\/www.sinchisinchi.com\/de\/wp-json\/wp\/v2\/product_tag?post=13327"}],"curies":[{"name":"wp","href":"https:\/\/api.w.org\/{rel}","templated":true}]}}