{"id":13332,"date":"2024-04-21T16:56:37","date_gmt":"2024-04-21T16:56:37","guid":{"rendered":"https:\/\/www.sinchisinchi.com\/producto\/drachenblut-2\/"},"modified":"2024-07-05T07:42:10","modified_gmt":"2024-07-05T07:42:10","slug":"drachenblut-2","status":"publish","type":"product","link":"https:\/\/www.sinchisinchi.com\/de\/producto\/drachenblut-2\/","title":{"rendered":"Drachenblut"},"content":{"rendered":"","protected":false},"excerpt":{"rendered":"<p>Das leuchtend rote Blutharz von Drago wird aus verschiedenen Pflanzenarten namens Drago aus verschiedenen Gattungen wie Croton, Dracaena, Daemonorops, Calamus rotang und Pterocarpus gewonnen. Seinen Namen verdankt es seiner dunkelroten Farbe und seinem kr\u00e4ftigen und w\u00fcrzigen Aroma. Bei einer Verletzung wird das Harz aus dem Stamm des Baumes oder seinen \u00c4sten gewonnen.<\/p>\n<p>Dieses Harz wurde seit der Antike von den R\u00f6mern, Griechen, Chinesen, Indern und V\u00f6lkern des Nahen Ostens als Lack, Farbstoff, Weihrauch und Medizin verwendet. W\u00e4hrend die alten R\u00f6mer Drachenblutharz mit dem giftigen Mineral Zinnober (Quecksilbersulfid) verwechselten, unterschieden die Chinesen nicht zwischen den verschiedenen Drachenblutarten.<\/p>\n<p>Auf den Kanarischen Inseln wird Drachenblutharz aus der Art Dracaena draco gewonnen. Drachenblutharz der Art Daemonorops wurde in Indonesien hergestellt und ist als Jernang oder Djernang bekannt.<\/p>\n<p>Dieses Harz wird als Lack f\u00fcr Holz und Geigen verwendet und wird in der Volksmedizin auch zur Wundheilung, Blutstillung, als Gerinnungsmittel, bei Durchfall und Geschw\u00fcren eingesetzt, es wirkt bakterizid und tonisiert das Blut.<\/p>\n<p>&nbsp;<\/p>\n<p><strong>Wissenschaftlicher Name:<\/strong> Daemonorops Draco.<\/p>\n<p><strong>Herkunft:<\/strong> Indonesien.<\/p>\n<p><strong>Aroma:<\/strong> Kr\u00e4ftig und w\u00fcrzig.<\/p>\n","protected":false},"featured_media":15773,"template":"","meta":{"_joinchat":[]},"product_brand":[],"product_cat":[332,124],"product_tag":[],"class_list":{"0":"post-13332","1":"product","2":"type-product","3":"status-publish","4":"has-post-thumbnail","6":"product_cat-myrrhe","7":"product_cat-naturharze","9":"first","10":"outofstock","11":"taxable","12":"shipping-taxable","13":"product-type-simple"},"yoast_head":"<!-- This site is optimized with the Yoast SEO plugin v27.4 - https:\/\/yoast.com\/product\/yoast-seo-wordpress\/ -->\n<title>Drachenblutharz: Sinchi, Online-Shop f\u00fcr Schamanen<\/title>\n<meta name=\"description\" content=\"Das Drachenblutharz hat eine leuchtend rote Farbe und ein starkes und w\u00fcrziges Aroma. Daemonorops Draco, aus Indonesien.\" \/>\n<meta name=\"robots\" content=\"index, follow, max-snippet:-1, max-image-preview:large, max-video-preview:-1\" \/>\n<link rel=\"canonical\" href=\"https:\/\/www.sinchisinchi.com\/de\/producto\/drachenblut-2\/\" \/>\n<meta property=\"og:locale\" content=\"de_DE\" \/>\n<meta property=\"og:type\" content=\"article\" \/>\n<meta property=\"og:title\" content=\"Drachenblutharz: Sinchi, Online-Shop f\u00fcr Schamanen\" \/>\n<meta property=\"og:description\" content=\"Das Drachenblutharz hat eine leuchtend rote Farbe und ein starkes und w\u00fcrziges Aroma. Daemonorops Draco, aus Indonesien.\" \/>\n<meta property=\"og:url\" content=\"https:\/\/www.sinchisinchi.com\/de\/producto\/drachenblut-2\/\" \/>\n<meta property=\"og:site_name\" content=\"SINCHI RAP\u00c9\" \/>\n<meta property=\"article:publisher\" content=\"https:\/\/www.facebook.com\/sinchirape\/\" \/>\n<meta property=\"article:modified_time\" content=\"2024-07-05T07:42:10+00:00\" \/>\n<meta property=\"og:image\" content=\"https:\/\/www.sinchisinchi.com\/wp-content\/uploads\/2024\/04\/sangre-de-drago.png\" \/>\n\t<meta property=\"og:image:width\" content=\"600\" \/>\n\t<meta property=\"og:image:height\" content=\"600\" \/>\n\t<meta property=\"og:image:type\" content=\"image\/png\" \/>\n<meta name=\"twitter:card\" content=\"summary_large_image\" \/>\n<script type=\"application\/ld+json\" class=\"yoast-schema-graph\">{\"@context\":\"https:\\\/\\\/schema.org\",\"@graph\":[{\"@type\":\"WebPage\",\"@id\":\"https:\\\/\\\/www.sinchisinchi.com\\\/de\\\/producto\\\/drachenblut-2\\\/\",\"url\":\"https:\\\/\\\/www.sinchisinchi.com\\\/de\\\/producto\\\/drachenblut-2\\\/\",\"name\":\"Drachenblutharz: Sinchi, Online-Shop f\u00fcr Schamanen\",\"isPartOf\":{\"@id\":\"https:\\\/\\\/www.sinchisinchi.com\\\/de\\\/#website\"},\"primaryImageOfPage\":{\"@id\":\"https:\\\/\\\/www.sinchisinchi.com\\\/de\\\/producto\\\/drachenblut-2\\\/#primaryimage\"},\"image\":{\"@id\":\"https:\\\/\\\/www.sinchisinchi.com\\\/de\\\/producto\\\/drachenblut-2\\\/#primaryimage\"},\"thumbnailUrl\":\"https:\\\/\\\/www.sinchisinchi.com\\\/wp-content\\\/uploads\\\/2024\\\/04\\\/sangre-de-drago.png\",\"datePublished\":\"2024-04-21T16:56:37+00:00\",\"dateModified\":\"2024-07-05T07:42:10+00:00\",\"description\":\"Das Drachenblutharz hat eine leuchtend rote Farbe und ein starkes und w\u00fcrziges Aroma. Daemonorops Draco, aus Indonesien.\",\"breadcrumb\":{\"@id\":\"https:\\\/\\\/www.sinchisinchi.com\\\/de\\\/producto\\\/drachenblut-2\\\/#breadcrumb\"},\"inLanguage\":\"de\",\"potentialAction\":[{\"@type\":\"ReadAction\",\"target\":[\"https:\\\/\\\/www.sinchisinchi.com\\\/de\\\/producto\\\/drachenblut-2\\\/\"]}]},{\"@type\":\"ImageObject\",\"inLanguage\":\"de\",\"@id\":\"https:\\\/\\\/www.sinchisinchi.com\\\/de\\\/producto\\\/drachenblut-2\\\/#primaryimage\",\"url\":\"https:\\\/\\\/www.sinchisinchi.com\\\/wp-content\\\/uploads\\\/2024\\\/04\\\/sangre-de-drago.png\",\"contentUrl\":\"https:\\\/\\\/www.sinchisinchi.com\\\/wp-content\\\/uploads\\\/2024\\\/04\\\/sangre-de-drago.png\",\"width\":600,\"height\":600},{\"@type\":\"BreadcrumbList\",\"@id\":\"https:\\\/\\\/www.sinchisinchi.com\\\/de\\\/producto\\\/drachenblut-2\\\/#breadcrumb\",\"itemListElement\":[{\"@type\":\"ListItem\",\"position\":1,\"name\":\"Titelseite\",\"item\":\"https:\\\/\\\/www.sinchisinchi.com\\\/de\\\/\"},{\"@type\":\"ListItem\",\"position\":2,\"name\":\"Produkte\",\"item\":\"https:\\\/\\\/www.sinchisinchi.com\\\/de\\\/shop\\\/\"},{\"@type\":\"ListItem\",\"position\":3,\"name\":\"Drachenblut\"}]},{\"@type\":\"WebSite\",\"@id\":\"https:\\\/\\\/www.sinchisinchi.com\\\/de\\\/#website\",\"url\":\"https:\\\/\\\/www.sinchisinchi.com\\\/de\\\/\",\"name\":\"SINCHI\",\"description\":\"Sinchi Medicine\",\"publisher\":{\"@id\":\"https:\\\/\\\/www.sinchisinchi.com\\\/de\\\/#organization\"},\"potentialAction\":[{\"@type\":\"SearchAction\",\"target\":{\"@type\":\"EntryPoint\",\"urlTemplate\":\"https:\\\/\\\/www.sinchisinchi.com\\\/de\\\/?s={search_term_string}\"},\"query-input\":{\"@type\":\"PropertyValueSpecification\",\"valueRequired\":true,\"valueName\":\"search_term_string\"}}],\"inLanguage\":\"de\"},{\"@type\":\"Organization\",\"@id\":\"https:\\\/\\\/www.sinchisinchi.com\\\/de\\\/#organization\",\"name\":\"SINCHI S.L\",\"url\":\"https:\\\/\\\/www.sinchisinchi.com\\\/de\\\/\",\"logo\":{\"@type\":\"ImageObject\",\"inLanguage\":\"de\",\"@id\":\"https:\\\/\\\/www.sinchisinchi.com\\\/de\\\/#\\\/schema\\\/logo\\\/image\\\/\",\"url\":\"https:\\\/\\\/www.sinchisinchi.com\\\/wp-content\\\/uploads\\\/2026\\\/01\\\/3b-Verde-SIMPLIFICADO-HORIZONTAL-F-TRANSPARENTE-scaled.png\",\"contentUrl\":\"https:\\\/\\\/www.sinchisinchi.com\\\/wp-content\\\/uploads\\\/2026\\\/01\\\/3b-Verde-SIMPLIFICADO-HORIZONTAL-F-TRANSPARENTE-scaled.png\",\"width\":2560,\"height\":457,\"caption\":\"SINCHI S.L\"},\"image\":{\"@id\":\"https:\\\/\\\/www.sinchisinchi.com\\\/de\\\/#\\\/schema\\\/logo\\\/image\\\/\"},\"sameAs\":[\"https:\\\/\\\/www.facebook.com\\\/sinchirape\\\/\",\"https:\\\/\\\/www.instagram.com\\\/sinchi_rape\\\/\"]}]}<\/script>\n<!-- \/ Yoast SEO plugin. -->","yoast_head_json":{"title":"Drachenblutharz: Sinchi, Online-Shop f\u00fcr Schamanen","description":"Das Drachenblutharz hat eine leuchtend rote Farbe und ein starkes und w\u00fcrziges Aroma. Daemonorops Draco, aus Indonesien.","robots":{"index":"index","follow":"follow","max-snippet":"max-snippet:-1","max-image-preview":"max-image-preview:large","max-video-preview":"max-video-preview:-1"},"canonical":"https:\/\/www.sinchisinchi.com\/de\/producto\/drachenblut-2\/","og_locale":"de_DE","og_type":"article","og_title":"Drachenblutharz: Sinchi, Online-Shop f\u00fcr Schamanen","og_description":"Das Drachenblutharz hat eine leuchtend rote Farbe und ein starkes und w\u00fcrziges Aroma. Daemonorops Draco, aus Indonesien.","og_url":"https:\/\/www.sinchisinchi.com\/de\/producto\/drachenblut-2\/","og_site_name":"SINCHI RAP\u00c9","article_publisher":"https:\/\/www.facebook.com\/sinchirape\/","article_modified_time":"2024-07-05T07:42:10+00:00","og_image":[{"width":600,"height":600,"url":"https:\/\/www.sinchisinchi.com\/wp-content\/uploads\/2024\/04\/sangre-de-drago.png","type":"image\/png"}],"twitter_card":"summary_large_image","schema":{"@context":"https:\/\/schema.org","@graph":[{"@type":"WebPage","@id":"https:\/\/www.sinchisinchi.com\/de\/producto\/drachenblut-2\/","url":"https:\/\/www.sinchisinchi.com\/de\/producto\/drachenblut-2\/","name":"Drachenblutharz: Sinchi, Online-Shop f\u00fcr Schamanen","isPartOf":{"@id":"https:\/\/www.sinchisinchi.com\/de\/#website"},"primaryImageOfPage":{"@id":"https:\/\/www.sinchisinchi.com\/de\/producto\/drachenblut-2\/#primaryimage"},"image":{"@id":"https:\/\/www.sinchisinchi.com\/de\/producto\/drachenblut-2\/#primaryimage"},"thumbnailUrl":"https:\/\/www.sinchisinchi.com\/wp-content\/uploads\/2024\/04\/sangre-de-drago.png","datePublished":"2024-04-21T16:56:37+00:00","dateModified":"2024-07-05T07:42:10+00:00","description":"Das Drachenblutharz hat eine leuchtend rote Farbe und ein starkes und w\u00fcrziges Aroma. Daemonorops Draco, aus Indonesien.","breadcrumb":{"@id":"https:\/\/www.sinchisinchi.com\/de\/producto\/drachenblut-2\/#breadcrumb"},"inLanguage":"de","potentialAction":[{"@type":"ReadAction","target":["https:\/\/www.sinchisinchi.com\/de\/producto\/drachenblut-2\/"]}]},{"@type":"ImageObject","inLanguage":"de","@id":"https:\/\/www.sinchisinchi.com\/de\/producto\/drachenblut-2\/#primaryimage","url":"https:\/\/www.sinchisinchi.com\/wp-content\/uploads\/2024\/04\/sangre-de-drago.png","contentUrl":"https:\/\/www.sinchisinchi.com\/wp-content\/uploads\/2024\/04\/sangre-de-drago.png","width":600,"height":600},{"@type":"BreadcrumbList","@id":"https:\/\/www.sinchisinchi.com\/de\/producto\/drachenblut-2\/#breadcrumb","itemListElement":[{"@type":"ListItem","position":1,"name":"Titelseite","item":"https:\/\/www.sinchisinchi.com\/de\/"},{"@type":"ListItem","position":2,"name":"Produkte","item":"https:\/\/www.sinchisinchi.com\/de\/shop\/"},{"@type":"ListItem","position":3,"name":"Drachenblut"}]},{"@type":"WebSite","@id":"https:\/\/www.sinchisinchi.com\/de\/#website","url":"https:\/\/www.sinchisinchi.com\/de\/","name":"SINCHI","description":"Sinchi Medicine","publisher":{"@id":"https:\/\/www.sinchisinchi.com\/de\/#organization"},"potentialAction":[{"@type":"SearchAction","target":{"@type":"EntryPoint","urlTemplate":"https:\/\/www.sinchisinchi.com\/de\/?s={search_term_string}"},"query-input":{"@type":"PropertyValueSpecification","valueRequired":true,"valueName":"search_term_string"}}],"inLanguage":"de"},{"@type":"Organization","@id":"https:\/\/www.sinchisinchi.com\/de\/#organization","name":"SINCHI S.L","url":"https:\/\/www.sinchisinchi.com\/de\/","logo":{"@type":"ImageObject","inLanguage":"de","@id":"https:\/\/www.sinchisinchi.com\/de\/#\/schema\/logo\/image\/","url":"https:\/\/www.sinchisinchi.com\/wp-content\/uploads\/2026\/01\/3b-Verde-SIMPLIFICADO-HORIZONTAL-F-TRANSPARENTE-scaled.png","contentUrl":"https:\/\/www.sinchisinchi.com\/wp-content\/uploads\/2026\/01\/3b-Verde-SIMPLIFICADO-HORIZONTAL-F-TRANSPARENTE-scaled.png","width":2560,"height":457,"caption":"SINCHI S.L"},"image":{"@id":"https:\/\/www.sinchisinchi.com\/de\/#\/schema\/logo\/image\/"},"sameAs":["https:\/\/www.facebook.com\/sinchirape\/","https:\/\/www.instagram.com\/sinchi_rape\/"]}]}},"_links":{"self":[{"href":"https:\/\/www.sinchisinchi.com\/de\/wp-json\/wp\/v2\/product\/13332","targetHints":{"allow":["GET"]}}],"collection":[{"href":"https:\/\/www.sinchisinchi.com\/de\/wp-json\/wp\/v2\/product"}],"about":[{"href":"https:\/\/www.sinchisinchi.com\/de\/wp-json\/wp\/v2\/types\/product"}],"wp:featuredmedia":[{"embeddable":true,"href":"https:\/\/www.sinchisinchi.com\/de\/wp-json\/wp\/v2\/media\/15773"}],"wp:attachment":[{"href":"https:\/\/www.sinchisinchi.com\/de\/wp-json\/wp\/v2\/media?parent=13332"}],"wp:term":[{"taxonomy":"product_brand","embeddable":true,"href":"https:\/\/www.sinchisinchi.com\/de\/wp-json\/wp\/v2\/product_brand?post=13332"},{"taxonomy":"product_cat","embeddable":true,"href":"https:\/\/www.sinchisinchi.com\/de\/wp-json\/wp\/v2\/product_cat?post=13332"},{"taxonomy":"product_tag","embeddable":true,"href":"https:\/\/www.sinchisinchi.com\/de\/wp-json\/wp\/v2\/product_tag?post=13332"}],"curies":[{"name":"wp","href":"https:\/\/api.w.org\/{rel}","templated":true}]}}