{"id":13337,"date":"2024-04-21T10:36:42","date_gmt":"2024-04-21T10:36:42","guid":{"rendered":"https:\/\/www.sinchisinchi.com\/producto\/myrrhe-aus-peru\/"},"modified":"2024-04-21T10:36:42","modified_gmt":"2024-04-21T10:36:42","slug":"myrrhe-aus-peru","status":"publish","type":"product","link":"https:\/\/www.sinchisinchi.com\/de\/producto\/myrrhe-aus-peru\/","title":{"rendered":"Myrrhe aus Peru"},"content":{"rendered":"","protected":false},"excerpt":{"rendered":"<p>Peruanische Myrrhe wird in spirituellen Praktiken zur Reinigung, zum Schutz und zur Verbindung mit der Spiritualit\u00e4t verwendet.<\/p>\n<p>Sein erdiger und beruhigender Duft wird bei Ritualen und Zeremonien gesch\u00e4tzt und tr\u00e4gt dazu bei, eine Umgebung zu schaffen, die der Meditation und der Verbindung mit dem G\u00f6ttlichen f\u00f6rderlich ist. Es wird auch in schamanischen Praktiken zur Heilung und zum emotionalen Gleichgewicht eingesetzt.<\/p>\n<p>&nbsp;<\/p>\n<p><strong>Wissenschaftlicher Name:<\/strong> Styrax Pavonii.<\/p>\n<p><strong>Herkunft:<\/strong> Peru.<\/p>\n<p><strong>Aroma:<\/strong> Tief, warm, leicht s\u00fc\u00dflich.<\/p>\n","protected":false},"featured_media":0,"template":"","meta":{"_joinchat":[]},"product_brand":[],"product_cat":[124],"product_tag":[],"class_list":{"0":"post-13337","1":"product","2":"type-product","3":"status-publish","5":"product_cat-naturharze","7":"first","8":"instock","9":"taxable","10":"shipping-taxable","11":"product-type-simple"},"yoast_head":"<!-- This site is optimized with the Yoast SEO plugin v27.4 - https:\/\/yoast.com\/product\/yoast-seo-wordpress\/ -->\n<title>Myrrhe aus Peru: Sinchi, Online-Shop f\u00fcr Schamanen<\/title>\n<meta name=\"description\" content=\"Sein erdiger und beruhigender Duft wird bei Ritualen und Zeremonien gesch\u00e4tzt und tr\u00e4gt dazu bei, eine Umgebung zu schaffen, die der Meditation und der Verbindung mit dem G\u00f6ttlichen f\u00f6rderlich ist.\" \/>\n<meta name=\"robots\" content=\"index, follow, max-snippet:-1, max-image-preview:large, max-video-preview:-1\" \/>\n<link rel=\"canonical\" href=\"https:\/\/www.sinchisinchi.com\/de\/producto\/myrrhe-aus-peru\/\" \/>\n<meta property=\"og:locale\" content=\"de_DE\" \/>\n<meta property=\"og:type\" content=\"article\" \/>\n<meta property=\"og:title\" content=\"Myrrhe aus Peru: Sinchi, Online-Shop f\u00fcr Schamanen\" \/>\n<meta property=\"og:description\" content=\"Sein erdiger und beruhigender Duft wird bei Ritualen und Zeremonien gesch\u00e4tzt und tr\u00e4gt dazu bei, eine Umgebung zu schaffen, die der Meditation und der Verbindung mit dem G\u00f6ttlichen f\u00f6rderlich ist.\" \/>\n<meta property=\"og:url\" content=\"https:\/\/www.sinchisinchi.com\/de\/producto\/myrrhe-aus-peru\/\" \/>\n<meta property=\"og:site_name\" content=\"SINCHI RAP\u00c9\" \/>\n<meta property=\"article:publisher\" content=\"https:\/\/www.facebook.com\/sinchirape\/\" \/>\n<meta name=\"twitter:card\" content=\"summary_large_image\" \/>\n<script type=\"application\/ld+json\" class=\"yoast-schema-graph\">{\"@context\":\"https:\\\/\\\/schema.org\",\"@graph\":[{\"@type\":\"WebPage\",\"@id\":\"https:\\\/\\\/www.sinchisinchi.com\\\/de\\\/producto\\\/myrrhe-aus-peru\\\/\",\"url\":\"https:\\\/\\\/www.sinchisinchi.com\\\/de\\\/producto\\\/myrrhe-aus-peru\\\/\",\"name\":\"Myrrhe aus Peru: Sinchi, Online-Shop f\u00fcr Schamanen\",\"isPartOf\":{\"@id\":\"https:\\\/\\\/www.sinchisinchi.com\\\/de\\\/#website\"},\"datePublished\":\"2024-04-21T10:36:42+00:00\",\"description\":\"Sein erdiger und beruhigender Duft wird bei Ritualen und Zeremonien gesch\u00e4tzt und tr\u00e4gt dazu bei, eine Umgebung zu schaffen, die der Meditation und der Verbindung mit dem G\u00f6ttlichen f\u00f6rderlich ist.\",\"breadcrumb\":{\"@id\":\"https:\\\/\\\/www.sinchisinchi.com\\\/de\\\/producto\\\/myrrhe-aus-peru\\\/#breadcrumb\"},\"inLanguage\":\"de\",\"potentialAction\":[{\"@type\":\"ReadAction\",\"target\":[\"https:\\\/\\\/www.sinchisinchi.com\\\/de\\\/producto\\\/myrrhe-aus-peru\\\/\"]}]},{\"@type\":\"BreadcrumbList\",\"@id\":\"https:\\\/\\\/www.sinchisinchi.com\\\/de\\\/producto\\\/myrrhe-aus-peru\\\/#breadcrumb\",\"itemListElement\":[{\"@type\":\"ListItem\",\"position\":1,\"name\":\"Titelseite\",\"item\":\"https:\\\/\\\/www.sinchisinchi.com\\\/de\\\/\"},{\"@type\":\"ListItem\",\"position\":2,\"name\":\"Produkte\",\"item\":\"https:\\\/\\\/www.sinchisinchi.com\\\/de\\\/shop\\\/\"},{\"@type\":\"ListItem\",\"position\":3,\"name\":\"Myrrhe aus Peru\"}]},{\"@type\":\"WebSite\",\"@id\":\"https:\\\/\\\/www.sinchisinchi.com\\\/de\\\/#website\",\"url\":\"https:\\\/\\\/www.sinchisinchi.com\\\/de\\\/\",\"name\":\"SINCHI\",\"description\":\"Sinchi Medicine\",\"publisher\":{\"@id\":\"https:\\\/\\\/www.sinchisinchi.com\\\/de\\\/#organization\"},\"potentialAction\":[{\"@type\":\"SearchAction\",\"target\":{\"@type\":\"EntryPoint\",\"urlTemplate\":\"https:\\\/\\\/www.sinchisinchi.com\\\/de\\\/?s={search_term_string}\"},\"query-input\":{\"@type\":\"PropertyValueSpecification\",\"valueRequired\":true,\"valueName\":\"search_term_string\"}}],\"inLanguage\":\"de\"},{\"@type\":\"Organization\",\"@id\":\"https:\\\/\\\/www.sinchisinchi.com\\\/de\\\/#organization\",\"name\":\"SINCHI S.L\",\"url\":\"https:\\\/\\\/www.sinchisinchi.com\\\/de\\\/\",\"logo\":{\"@type\":\"ImageObject\",\"inLanguage\":\"de\",\"@id\":\"https:\\\/\\\/www.sinchisinchi.com\\\/de\\\/#\\\/schema\\\/logo\\\/image\\\/\",\"url\":\"https:\\\/\\\/www.sinchisinchi.com\\\/wp-content\\\/uploads\\\/2026\\\/01\\\/3b-Verde-SIMPLIFICADO-HORIZONTAL-F-TRANSPARENTE-scaled.png\",\"contentUrl\":\"https:\\\/\\\/www.sinchisinchi.com\\\/wp-content\\\/uploads\\\/2026\\\/01\\\/3b-Verde-SIMPLIFICADO-HORIZONTAL-F-TRANSPARENTE-scaled.png\",\"width\":2560,\"height\":457,\"caption\":\"SINCHI S.L\"},\"image\":{\"@id\":\"https:\\\/\\\/www.sinchisinchi.com\\\/de\\\/#\\\/schema\\\/logo\\\/image\\\/\"},\"sameAs\":[\"https:\\\/\\\/www.facebook.com\\\/sinchirape\\\/\",\"https:\\\/\\\/www.instagram.com\\\/sinchi_rape\\\/\"]}]}<\/script>\n<!-- \/ Yoast SEO plugin. -->","yoast_head_json":{"title":"Myrrhe aus Peru: Sinchi, Online-Shop f\u00fcr Schamanen","description":"Sein erdiger und beruhigender Duft wird bei Ritualen und Zeremonien gesch\u00e4tzt und tr\u00e4gt dazu bei, eine Umgebung zu schaffen, die der Meditation und der Verbindung mit dem G\u00f6ttlichen f\u00f6rderlich ist.","robots":{"index":"index","follow":"follow","max-snippet":"max-snippet:-1","max-image-preview":"max-image-preview:large","max-video-preview":"max-video-preview:-1"},"canonical":"https:\/\/www.sinchisinchi.com\/de\/producto\/myrrhe-aus-peru\/","og_locale":"de_DE","og_type":"article","og_title":"Myrrhe aus Peru: Sinchi, Online-Shop f\u00fcr Schamanen","og_description":"Sein erdiger und beruhigender Duft wird bei Ritualen und Zeremonien gesch\u00e4tzt und tr\u00e4gt dazu bei, eine Umgebung zu schaffen, die der Meditation und der Verbindung mit dem G\u00f6ttlichen f\u00f6rderlich ist.","og_url":"https:\/\/www.sinchisinchi.com\/de\/producto\/myrrhe-aus-peru\/","og_site_name":"SINCHI RAP\u00c9","article_publisher":"https:\/\/www.facebook.com\/sinchirape\/","twitter_card":"summary_large_image","schema":{"@context":"https:\/\/schema.org","@graph":[{"@type":"WebPage","@id":"https:\/\/www.sinchisinchi.com\/de\/producto\/myrrhe-aus-peru\/","url":"https:\/\/www.sinchisinchi.com\/de\/producto\/myrrhe-aus-peru\/","name":"Myrrhe aus Peru: Sinchi, Online-Shop f\u00fcr Schamanen","isPartOf":{"@id":"https:\/\/www.sinchisinchi.com\/de\/#website"},"datePublished":"2024-04-21T10:36:42+00:00","description":"Sein erdiger und beruhigender Duft wird bei Ritualen und Zeremonien gesch\u00e4tzt und tr\u00e4gt dazu bei, eine Umgebung zu schaffen, die der Meditation und der Verbindung mit dem G\u00f6ttlichen f\u00f6rderlich ist.","breadcrumb":{"@id":"https:\/\/www.sinchisinchi.com\/de\/producto\/myrrhe-aus-peru\/#breadcrumb"},"inLanguage":"de","potentialAction":[{"@type":"ReadAction","target":["https:\/\/www.sinchisinchi.com\/de\/producto\/myrrhe-aus-peru\/"]}]},{"@type":"BreadcrumbList","@id":"https:\/\/www.sinchisinchi.com\/de\/producto\/myrrhe-aus-peru\/#breadcrumb","itemListElement":[{"@type":"ListItem","position":1,"name":"Titelseite","item":"https:\/\/www.sinchisinchi.com\/de\/"},{"@type":"ListItem","position":2,"name":"Produkte","item":"https:\/\/www.sinchisinchi.com\/de\/shop\/"},{"@type":"ListItem","position":3,"name":"Myrrhe aus Peru"}]},{"@type":"WebSite","@id":"https:\/\/www.sinchisinchi.com\/de\/#website","url":"https:\/\/www.sinchisinchi.com\/de\/","name":"SINCHI","description":"Sinchi Medicine","publisher":{"@id":"https:\/\/www.sinchisinchi.com\/de\/#organization"},"potentialAction":[{"@type":"SearchAction","target":{"@type":"EntryPoint","urlTemplate":"https:\/\/www.sinchisinchi.com\/de\/?s={search_term_string}"},"query-input":{"@type":"PropertyValueSpecification","valueRequired":true,"valueName":"search_term_string"}}],"inLanguage":"de"},{"@type":"Organization","@id":"https:\/\/www.sinchisinchi.com\/de\/#organization","name":"SINCHI S.L","url":"https:\/\/www.sinchisinchi.com\/de\/","logo":{"@type":"ImageObject","inLanguage":"de","@id":"https:\/\/www.sinchisinchi.com\/de\/#\/schema\/logo\/image\/","url":"https:\/\/www.sinchisinchi.com\/wp-content\/uploads\/2026\/01\/3b-Verde-SIMPLIFICADO-HORIZONTAL-F-TRANSPARENTE-scaled.png","contentUrl":"https:\/\/www.sinchisinchi.com\/wp-content\/uploads\/2026\/01\/3b-Verde-SIMPLIFICADO-HORIZONTAL-F-TRANSPARENTE-scaled.png","width":2560,"height":457,"caption":"SINCHI S.L"},"image":{"@id":"https:\/\/www.sinchisinchi.com\/de\/#\/schema\/logo\/image\/"},"sameAs":["https:\/\/www.facebook.com\/sinchirape\/","https:\/\/www.instagram.com\/sinchi_rape\/"]}]}},"_links":{"self":[{"href":"https:\/\/www.sinchisinchi.com\/de\/wp-json\/wp\/v2\/product\/13337","targetHints":{"allow":["GET"]}}],"collection":[{"href":"https:\/\/www.sinchisinchi.com\/de\/wp-json\/wp\/v2\/product"}],"about":[{"href":"https:\/\/www.sinchisinchi.com\/de\/wp-json\/wp\/v2\/types\/product"}],"wp:attachment":[{"href":"https:\/\/www.sinchisinchi.com\/de\/wp-json\/wp\/v2\/media?parent=13337"}],"wp:term":[{"taxonomy":"product_brand","embeddable":true,"href":"https:\/\/www.sinchisinchi.com\/de\/wp-json\/wp\/v2\/product_brand?post=13337"},{"taxonomy":"product_cat","embeddable":true,"href":"https:\/\/www.sinchisinchi.com\/de\/wp-json\/wp\/v2\/product_cat?post=13337"},{"taxonomy":"product_tag","embeddable":true,"href":"https:\/\/www.sinchisinchi.com\/de\/wp-json\/wp\/v2\/product_tag?post=13337"}],"curies":[{"name":"wp","href":"https:\/\/api.w.org\/{rel}","templated":true}]}}