{"id":13353,"date":"2024-04-20T18:45:43","date_gmt":"2024-04-20T18:45:43","guid":{"rendered":"https:\/\/www.sinchisinchi.com\/producto\/copal-manila\/"},"modified":"2024-07-05T07:46:31","modified_gmt":"2024-07-05T07:46:31","slug":"copal-manila","status":"publish","type":"product","link":"https:\/\/www.sinchisinchi.com\/de\/producto\/copal-manila\/","title":{"rendered":"Copal Manila"},"content":{"rendered":"<h2 style=\"text-align: center;\"><span style=\"color: #000000;\">Copalb\u00e4ume: Gattungen Bursera und Protium<\/span><\/h2>\n<p><span style=\"color: #000000;\">Copal stammt von B\u00e4umen der Familie der Burseraceae, insbesondere der Gattungen Bursera und Protium.<\/span><\/p>\n<p><span style=\"color: #000000;\">Der Begriff Kopal leitet sich vom Nahuatl-Wort copalli ab, das auf verschiedene aromatische Harze angewendet wird: Kopale aus Ostafrika (aus Sansibar, Madagaskar und Mosambik), aus Manila (Indonesien, den Philippinen, Malaysia und Ostindien) und anderen.<\/span><\/p>\n<p><span style=\"color: #000000;\">Copales sind typische B\u00e4ume niedriger Laubw\u00e4lder. Dabei handelt es sich um die Vegetation, die sich an Orten entwickelt, an denen mehr als vier Monate im Jahr eine sehr starke D\u00fcrre herrscht, die dazu f\u00fchrt, dass die B\u00e4ume alle Bl\u00e4tter abwerfen und dann mit dem Regen gr\u00fcn werden.<\/span><\/p>\n<p><span style=\"color: #000000;\">Die meisten Copales bl\u00fchen zu Beginn der Regenzeit. Die Bl\u00fcten erscheinen gleichzeitig mit dem Blattaustrieb und die Bl\u00fcte erfolgt schnell.<\/span><\/p>\n<p><span style=\"color: #000000;\">Bursera Bipinnata stellt die Pflanzen dar, die bevorzugt zur Gewinnung von wei\u00dfem Kopal genutzt werden, aber auch die B\u00e4ume an zweiter Stelle unterliegen der Sammlung wegen des Harzes, das sie auf nat\u00fcrliche Weise freisetzen und das unter verschiedenen Namen bekannt ist: Steinkopal, schwarzer Kopal, Kopalgummi.<\/span><\/p>\n","protected":false},"excerpt":{"rendered":"<p><span style=\"color: #000000;\">Manilakopal ist ein Harz, das aus einer Baumart namens Hymenaea courbaril gewonnen wird, die in Mittel- und S\u00fcdamerika beheimatet ist.<\/span><\/p>\n<p><span style=\"color: #000000;\">Manila Copal hat ein s\u00fc\u00dfes, balsamisches und holziges Aroma. Es wird oft bei Reinigungs- und spirituellen Reinigungszeremonien verwendet und gilt als eines der heiligsten und wertvollsten Harze in der einheimischen Kultur Mittel- und S\u00fcdamerikas.<\/span><\/p>\n<p><span style=\"color: #000000;\"><strong>Gebrauchsanweisung:<\/strong> Z\u00fcnden Sie eine Holzkohle an und gie\u00dfen Sie etwas Harz auf die Kohlen. Das Harz schmilzt und gibt seinen Duft f\u00fcr einige Minuten an die Luft ab.<\/span><\/p>\n<p><span style=\"color: #000000;\"><strong>Gr\u00f6\u00dfe:<\/strong> 50g<\/span><\/p>\n","protected":false},"featured_media":15747,"template":"","meta":{"_joinchat":[]},"product_brand":[],"product_cat":[336],"product_tag":[],"class_list":{"0":"post-13353","1":"product","2":"type-product","3":"status-publish","4":"has-post-thumbnail","6":"product_cat-copalbaum","8":"first","9":"instock","10":"taxable","11":"shipping-taxable","12":"purchasable","13":"product-type-simple"},"yoast_head":"<!-- This site is optimized with the Yoast SEO plugin v27.1.1 - https:\/\/yoast.com\/product\/yoast-seo-wordpress\/ -->\n<title>Copal Manila von Amazon: Online Schamanischer Shop<\/title>\n<meta name=\"description\" content=\"Manilakopal hat ein s\u00fc\u00dfes, balsamisches und holziges Aroma und wird bei Zeremonien als eines der heiligsten Harze verwendet.\" \/>\n<meta name=\"robots\" content=\"index, follow, max-snippet:-1, max-image-preview:large, max-video-preview:-1\" \/>\n<link rel=\"canonical\" href=\"https:\/\/www.sinchisinchi.com\/de\/producto\/copal-manila\/\" \/>\n<meta property=\"og:locale\" content=\"de_DE\" \/>\n<meta property=\"og:type\" content=\"article\" \/>\n<meta property=\"og:title\" content=\"Copal Manila von Amazon: Online Schamanischer Shop\" \/>\n<meta property=\"og:description\" content=\"Manilakopal hat ein s\u00fc\u00dfes, balsamisches und holziges Aroma und wird bei Zeremonien als eines der heiligsten Harze verwendet.\" \/>\n<meta property=\"og:url\" content=\"https:\/\/www.sinchisinchi.com\/de\/producto\/copal-manila\/\" \/>\n<meta property=\"og:site_name\" content=\"SINCHI RAP\u00c9\" \/>\n<meta property=\"article:publisher\" content=\"https:\/\/www.facebook.com\/sinchirape\/\" \/>\n<meta property=\"article:modified_time\" content=\"2024-07-05T07:46:31+00:00\" \/>\n<meta property=\"og:image\" content=\"https:\/\/www.sinchisinchi.com\/wp-content\/uploads\/2024\/04\/copal-manila.png\" \/>\n\t<meta property=\"og:image:width\" content=\"600\" \/>\n\t<meta property=\"og:image:height\" content=\"600\" \/>\n\t<meta property=\"og:image:type\" content=\"image\/png\" \/>\n<meta name=\"twitter:card\" content=\"summary_large_image\" \/>\n<meta name=\"twitter:label1\" content=\"Gesch\u00e4tzte Lesezeit\" \/>\n\t<meta name=\"twitter:data1\" content=\"1\u00a0Minute\" \/>\n<script type=\"application\/ld+json\" class=\"yoast-schema-graph\">{\"@context\":\"https:\/\/schema.org\",\"@graph\":[{\"@type\":\"WebPage\",\"@id\":\"https:\/\/www.sinchisinchi.com\/de\/producto\/copal-manila\/\",\"url\":\"https:\/\/www.sinchisinchi.com\/de\/producto\/copal-manila\/\",\"name\":\"Copal Manila von Amazon: Online Schamanischer Shop\",\"isPartOf\":{\"@id\":\"https:\/\/www.sinchisinchi.com\/de\/#website\"},\"primaryImageOfPage\":{\"@id\":\"https:\/\/www.sinchisinchi.com\/de\/producto\/copal-manila\/#primaryimage\"},\"image\":{\"@id\":\"https:\/\/www.sinchisinchi.com\/de\/producto\/copal-manila\/#primaryimage\"},\"thumbnailUrl\":\"https:\/\/www.sinchisinchi.com\/wp-content\/uploads\/2024\/04\/copal-manila.png\",\"datePublished\":\"2024-04-20T18:45:43+00:00\",\"dateModified\":\"2024-07-05T07:46:31+00:00\",\"description\":\"Manilakopal hat ein s\u00fc\u00dfes, balsamisches und holziges Aroma und wird bei Zeremonien als eines der heiligsten Harze verwendet.\",\"breadcrumb\":{\"@id\":\"https:\/\/www.sinchisinchi.com\/de\/producto\/copal-manila\/#breadcrumb\"},\"inLanguage\":\"de\",\"potentialAction\":[{\"@type\":\"ReadAction\",\"target\":[\"https:\/\/www.sinchisinchi.com\/de\/producto\/copal-manila\/\"]}]},{\"@type\":\"ImageObject\",\"inLanguage\":\"de\",\"@id\":\"https:\/\/www.sinchisinchi.com\/de\/producto\/copal-manila\/#primaryimage\",\"url\":\"https:\/\/www.sinchisinchi.com\/wp-content\/uploads\/2024\/04\/copal-manila.png\",\"contentUrl\":\"https:\/\/www.sinchisinchi.com\/wp-content\/uploads\/2024\/04\/copal-manila.png\",\"width\":600,\"height\":600},{\"@type\":\"BreadcrumbList\",\"@id\":\"https:\/\/www.sinchisinchi.com\/de\/producto\/copal-manila\/#breadcrumb\",\"itemListElement\":[{\"@type\":\"ListItem\",\"position\":1,\"name\":\"Titelseite\",\"item\":\"https:\/\/www.sinchisinchi.com\/de\/\"},{\"@type\":\"ListItem\",\"position\":2,\"name\":\"Produkte\",\"item\":\"https:\/\/www.sinchisinchi.com\/de\/shop\/\"},{\"@type\":\"ListItem\",\"position\":3,\"name\":\"Copal Manila\"}]},{\"@type\":\"WebSite\",\"@id\":\"https:\/\/www.sinchisinchi.com\/de\/#website\",\"url\":\"https:\/\/www.sinchisinchi.com\/de\/\",\"name\":\"SINCHI\",\"description\":\"Sinchi Medicine\",\"publisher\":{\"@id\":\"https:\/\/www.sinchisinchi.com\/de\/#organization\"},\"potentialAction\":[{\"@type\":\"SearchAction\",\"target\":{\"@type\":\"EntryPoint\",\"urlTemplate\":\"https:\/\/www.sinchisinchi.com\/de\/?s={search_term_string}\"},\"query-input\":{\"@type\":\"PropertyValueSpecification\",\"valueRequired\":true,\"valueName\":\"search_term_string\"}}],\"inLanguage\":\"de\"},{\"@type\":\"Organization\",\"@id\":\"https:\/\/www.sinchisinchi.com\/de\/#organization\",\"name\":\"SINCHI S.L\",\"url\":\"https:\/\/www.sinchisinchi.com\/de\/\",\"logo\":{\"@type\":\"ImageObject\",\"inLanguage\":\"de\",\"@id\":\"https:\/\/www.sinchisinchi.com\/de\/#\/schema\/logo\/image\/\",\"url\":\"https:\/\/www.sinchisinchi.com\/wp-content\/uploads\/2026\/01\/3b-Verde-SIMPLIFICADO-HORIZONTAL-F-TRANSPARENTE-scaled.png\",\"contentUrl\":\"https:\/\/www.sinchisinchi.com\/wp-content\/uploads\/2026\/01\/3b-Verde-SIMPLIFICADO-HORIZONTAL-F-TRANSPARENTE-scaled.png\",\"width\":2560,\"height\":457,\"caption\":\"SINCHI S.L\"},\"image\":{\"@id\":\"https:\/\/www.sinchisinchi.com\/de\/#\/schema\/logo\/image\/\"},\"sameAs\":[\"https:\/\/www.facebook.com\/sinchirape\/\",\"https:\/\/www.instagram.com\/sinchi_rape\/\"]}]}<\/script>\n<!-- \/ Yoast SEO plugin. -->","yoast_head_json":{"title":"Copal Manila von Amazon: Online Schamanischer Shop","description":"Manilakopal hat ein s\u00fc\u00dfes, balsamisches und holziges Aroma und wird bei Zeremonien als eines der heiligsten Harze verwendet.","robots":{"index":"index","follow":"follow","max-snippet":"max-snippet:-1","max-image-preview":"max-image-preview:large","max-video-preview":"max-video-preview:-1"},"canonical":"https:\/\/www.sinchisinchi.com\/de\/producto\/copal-manila\/","og_locale":"de_DE","og_type":"article","og_title":"Copal Manila von Amazon: Online Schamanischer Shop","og_description":"Manilakopal hat ein s\u00fc\u00dfes, balsamisches und holziges Aroma und wird bei Zeremonien als eines der heiligsten Harze verwendet.","og_url":"https:\/\/www.sinchisinchi.com\/de\/producto\/copal-manila\/","og_site_name":"SINCHI RAP\u00c9","article_publisher":"https:\/\/www.facebook.com\/sinchirape\/","article_modified_time":"2024-07-05T07:46:31+00:00","og_image":[{"width":600,"height":600,"url":"https:\/\/www.sinchisinchi.com\/wp-content\/uploads\/2024\/04\/copal-manila.png","type":"image\/png"}],"twitter_card":"summary_large_image","twitter_misc":{"Gesch\u00e4tzte Lesezeit":"1\u00a0Minute"},"schema":{"@context":"https:\/\/schema.org","@graph":[{"@type":"WebPage","@id":"https:\/\/www.sinchisinchi.com\/de\/producto\/copal-manila\/","url":"https:\/\/www.sinchisinchi.com\/de\/producto\/copal-manila\/","name":"Copal Manila von Amazon: Online Schamanischer Shop","isPartOf":{"@id":"https:\/\/www.sinchisinchi.com\/de\/#website"},"primaryImageOfPage":{"@id":"https:\/\/www.sinchisinchi.com\/de\/producto\/copal-manila\/#primaryimage"},"image":{"@id":"https:\/\/www.sinchisinchi.com\/de\/producto\/copal-manila\/#primaryimage"},"thumbnailUrl":"https:\/\/www.sinchisinchi.com\/wp-content\/uploads\/2024\/04\/copal-manila.png","datePublished":"2024-04-20T18:45:43+00:00","dateModified":"2024-07-05T07:46:31+00:00","description":"Manilakopal hat ein s\u00fc\u00dfes, balsamisches und holziges Aroma und wird bei Zeremonien als eines der heiligsten Harze verwendet.","breadcrumb":{"@id":"https:\/\/www.sinchisinchi.com\/de\/producto\/copal-manila\/#breadcrumb"},"inLanguage":"de","potentialAction":[{"@type":"ReadAction","target":["https:\/\/www.sinchisinchi.com\/de\/producto\/copal-manila\/"]}]},{"@type":"ImageObject","inLanguage":"de","@id":"https:\/\/www.sinchisinchi.com\/de\/producto\/copal-manila\/#primaryimage","url":"https:\/\/www.sinchisinchi.com\/wp-content\/uploads\/2024\/04\/copal-manila.png","contentUrl":"https:\/\/www.sinchisinchi.com\/wp-content\/uploads\/2024\/04\/copal-manila.png","width":600,"height":600},{"@type":"BreadcrumbList","@id":"https:\/\/www.sinchisinchi.com\/de\/producto\/copal-manila\/#breadcrumb","itemListElement":[{"@type":"ListItem","position":1,"name":"Titelseite","item":"https:\/\/www.sinchisinchi.com\/de\/"},{"@type":"ListItem","position":2,"name":"Produkte","item":"https:\/\/www.sinchisinchi.com\/de\/shop\/"},{"@type":"ListItem","position":3,"name":"Copal Manila"}]},{"@type":"WebSite","@id":"https:\/\/www.sinchisinchi.com\/de\/#website","url":"https:\/\/www.sinchisinchi.com\/de\/","name":"SINCHI","description":"Sinchi Medicine","publisher":{"@id":"https:\/\/www.sinchisinchi.com\/de\/#organization"},"potentialAction":[{"@type":"SearchAction","target":{"@type":"EntryPoint","urlTemplate":"https:\/\/www.sinchisinchi.com\/de\/?s={search_term_string}"},"query-input":{"@type":"PropertyValueSpecification","valueRequired":true,"valueName":"search_term_string"}}],"inLanguage":"de"},{"@type":"Organization","@id":"https:\/\/www.sinchisinchi.com\/de\/#organization","name":"SINCHI S.L","url":"https:\/\/www.sinchisinchi.com\/de\/","logo":{"@type":"ImageObject","inLanguage":"de","@id":"https:\/\/www.sinchisinchi.com\/de\/#\/schema\/logo\/image\/","url":"https:\/\/www.sinchisinchi.com\/wp-content\/uploads\/2026\/01\/3b-Verde-SIMPLIFICADO-HORIZONTAL-F-TRANSPARENTE-scaled.png","contentUrl":"https:\/\/www.sinchisinchi.com\/wp-content\/uploads\/2026\/01\/3b-Verde-SIMPLIFICADO-HORIZONTAL-F-TRANSPARENTE-scaled.png","width":2560,"height":457,"caption":"SINCHI S.L"},"image":{"@id":"https:\/\/www.sinchisinchi.com\/de\/#\/schema\/logo\/image\/"},"sameAs":["https:\/\/www.facebook.com\/sinchirape\/","https:\/\/www.instagram.com\/sinchi_rape\/"]}]}},"_links":{"self":[{"href":"https:\/\/www.sinchisinchi.com\/de\/wp-json\/wp\/v2\/product\/13353","targetHints":{"allow":["GET"]}}],"collection":[{"href":"https:\/\/www.sinchisinchi.com\/de\/wp-json\/wp\/v2\/product"}],"about":[{"href":"https:\/\/www.sinchisinchi.com\/de\/wp-json\/wp\/v2\/types\/product"}],"wp:featuredmedia":[{"embeddable":true,"href":"https:\/\/www.sinchisinchi.com\/de\/wp-json\/wp\/v2\/media\/15747"}],"wp:attachment":[{"href":"https:\/\/www.sinchisinchi.com\/de\/wp-json\/wp\/v2\/media?parent=13353"}],"wp:term":[{"taxonomy":"product_brand","embeddable":true,"href":"https:\/\/www.sinchisinchi.com\/de\/wp-json\/wp\/v2\/product_brand?post=13353"},{"taxonomy":"product_cat","embeddable":true,"href":"https:\/\/www.sinchisinchi.com\/de\/wp-json\/wp\/v2\/product_cat?post=13353"},{"taxonomy":"product_tag","embeddable":true,"href":"https:\/\/www.sinchisinchi.com\/de\/wp-json\/wp\/v2\/product_tag?post=13353"}],"curies":[{"name":"wp","href":"https:\/\/api.w.org\/{rel}","templated":true}]}}