{"id":13371,"date":"2024-04-22T12:17:03","date_gmt":"2024-04-22T12:17:03","guid":{"rendered":"https:\/\/www.sinchisinchi.com\/producto\/eselsmilch\/"},"modified":"2024-05-21T12:27:12","modified_gmt":"2024-05-21T12:27:12","slug":"eselsmilch","status":"publish","type":"product","link":"https:\/\/www.sinchisinchi.com\/de\/producto\/eselsmilch\/","title":{"rendered":"Eselsmilch"},"content":{"rendered":"<p><span style=\"color: #000000;\">Der erste Autor, der \u00fcber die medizinischen Eigenschaften der Eselsmilch schrieb, war der griechische Arzt <strong>Hippokrates<\/strong>, Vater der Medizin, der sie f\u00fcr zahlreiche Erkrankungen verschrieb. (375 v. Chr.)<\/span><\/p>\n<p><span style=\"color: #000000;\">Die R\u00f6mer machten Eselsmilch zu einem Luxusgetr\u00e4nk und zu Kosmetikprodukten.<\/span><\/p>\n<p><span style=\"color: #000000;\">Die hervorragenden Eigenschaften der Eselsmilch waren bereits dem<strong> Papst,<\/strong> der Kaiserin von Rom und <strong>Ehefrau von Nero<\/strong>, bekannt, der zus\u00e4tzlich zu Eselsmilchb\u00e4dern eine mit dieser Milch getr\u00e4nkte Maske f\u00fcr das Gesicht erfand, um die Haut zu pflegen und ihre Gl\u00e4tte zu erhalten . deine Haut.<\/span><\/p>\n<p><span style=\"color: #000000;\">Auch Napoleons Schwester Paulina nutzte Eselsmilch, um ihre Haut zu pflegen und jung zu halten.<\/span><\/p>\n<p><span style=\"color: #000000;\">Marseille-Seife wird wegen ihrer vielf\u00e4ltigen Verwendungsm\u00f6glichkeiten und Vorteile gesch\u00e4tzt. Seine hypoallergenen Eigenschaften und seine Weichheit machen es ideal f\u00fcr empfindliche Haut und f\u00fcr den t\u00e4glichen Gebrauch.<\/span><\/p>\n<p><span style=\"color: #000000;\">Es hat antiseptische und heilende Eigenschaften. Tr\u00e4gt dazu bei, den pH-Wert der Haut auf einem angemessenen Niveau zu halten.<\/span><\/p>\n","protected":false},"excerpt":{"rendered":"<p><span style=\"color: #000000;\">Eselsmilchseife ist ein gro\u00dfartiger Verb\u00fcndeter f\u00fcr die Haut und f\u00fcr Sch\u00f6nheitsbehandlungen. Eselsmilch ist aufgrund ihrer seit der Antike bekannten Eigenschaften eines der gefragtesten Sch\u00f6nheitsprodukte.<\/span><\/p>\n<p><span style=\"color: #000000;\"><strong>Kleopatra<\/strong> badete wie andere K\u00f6niginnen und Prinzessinnen antiker Zivilisationen mit dieser n\u00e4hrstoffreichen Milch, um ihre Haut jung und glatt zu halten. Der Legende nach besa\u00df Kleopatra eine Herde von <strong>300 Eseln<\/strong>, die f\u00fcr diesen Zweck bestimmt waren.<\/span><\/p>\n<p><span style=\"color: #000000;\">Eselsmilch ist reich an Vitaminen A, B1, B2, B6, C, D, E und Mineralstoffen sowie Fetts\u00e4uren.<\/span><\/p>\n<p><span style=\"color: #000000;\">Aufgrund seiner feuchtigkeitsspendenden Eigenschaften und seines Reichtums an Mineralien wie Kalzium, Phosphor, Eisen, Zink und Magnesium eignet es sich besonders zur Behandlung trockener und empfindlicher Haut. St\u00e4rkt das Hautgewebe.<\/span><\/p>\n<p><span style=\"color: #000000;\">Hilft Falten vorzubeugen und zu reduzieren, indem es die Zellen mit seiner regenerierenden und antioxidativen Wirkung stimuliert. Aufgrund seiner Regenerationsf\u00e4higkeit und der Tatsache, dass es das Zellwachstum st\u00e4rkt, eignet es sich zur Entfernung von Hautflecken.<\/span><\/p>\n<p><span style=\"color: #000000;\">Eselsmilch kommt der Muttermilch am n\u00e4chsten und unterscheidet sich stark von der Milch von Wiederk\u00e4uern, die mehrere M\u00e4gen haben und aufgrund ihres dreit\u00e4gigen Verdauungsprozesses Fetts\u00e4uren und Vitamine oxidieren.<\/span><\/p>\n<p><span style=\"color: #000000;\"><strong>Gr\u00f6\u00dfe:<\/strong> 125g<\/span><\/p>\n","protected":false},"featured_media":13300,"template":"","meta":{"_joinchat":[]},"product_brand":[],"product_cat":[343],"product_tag":[],"class_list":{"0":"post-13371","1":"product","2":"type-product","3":"status-publish","4":"has-post-thumbnail","6":"product_cat-seifen","8":"first","9":"instock","10":"taxable","11":"shipping-taxable","12":"purchasable","13":"product-type-simple"},"yoast_head":"<!-- This site is optimized with the Yoast SEO plugin v27.4 - https:\/\/yoast.com\/product\/yoast-seo-wordpress\/ -->\n<title>Eselsmilchseife: Shamanic Shop<\/title>\n<meta name=\"description\" content=\"Eselsmilchseife: Kleopatra machte B\u00e4der mit dieser Milch, um ihre Haut jung und glatt zu halten, und sie besa\u00df eine Herde von 300 Eseln, die f\u00fcr diesen Zweck bestimmt waren.\" \/>\n<meta name=\"robots\" content=\"index, follow, max-snippet:-1, max-image-preview:large, max-video-preview:-1\" \/>\n<link rel=\"canonical\" href=\"https:\/\/www.sinchisinchi.com\/de\/producto\/eselsmilch\/\" \/>\n<meta property=\"og:locale\" content=\"de_DE\" \/>\n<meta property=\"og:type\" content=\"article\" \/>\n<meta property=\"og:title\" content=\"Eselsmilchseife: Shamanic Shop\" \/>\n<meta property=\"og:description\" content=\"Eselsmilchseife: Kleopatra machte B\u00e4der mit dieser Milch, um ihre Haut jung und glatt zu halten, und sie besa\u00df eine Herde von 300 Eseln, die f\u00fcr diesen Zweck bestimmt waren.\" \/>\n<meta property=\"og:url\" content=\"https:\/\/www.sinchisinchi.com\/de\/producto\/eselsmilch\/\" \/>\n<meta property=\"og:site_name\" content=\"SINCHI RAP\u00c9\" \/>\n<meta property=\"article:publisher\" content=\"https:\/\/www.facebook.com\/sinchirape\/\" \/>\n<meta property=\"article:modified_time\" content=\"2024-05-21T12:27:12+00:00\" \/>\n<meta property=\"og:image\" content=\"https:\/\/www.sinchisinchi.com\/wp-content\/uploads\/2024\/04\/16-leche-de-burra.jpeg\" \/>\n\t<meta property=\"og:image:width\" content=\"1024\" \/>\n\t<meta property=\"og:image:height\" content=\"1024\" \/>\n\t<meta property=\"og:image:type\" content=\"image\/jpeg\" \/>\n<meta name=\"twitter:card\" content=\"summary_large_image\" \/>\n<meta name=\"twitter:label1\" content=\"Gesch\u00e4tzte Lesezeit\" \/>\n\t<meta name=\"twitter:data1\" content=\"1\u00a0Minute\" \/>\n<script type=\"application\/ld+json\" class=\"yoast-schema-graph\">{\"@context\":\"https:\\\/\\\/schema.org\",\"@graph\":[{\"@type\":\"WebPage\",\"@id\":\"https:\\\/\\\/www.sinchisinchi.com\\\/de\\\/producto\\\/eselsmilch\\\/\",\"url\":\"https:\\\/\\\/www.sinchisinchi.com\\\/de\\\/producto\\\/eselsmilch\\\/\",\"name\":\"Eselsmilchseife: Shamanic Shop\",\"isPartOf\":{\"@id\":\"https:\\\/\\\/www.sinchisinchi.com\\\/de\\\/#website\"},\"primaryImageOfPage\":{\"@id\":\"https:\\\/\\\/www.sinchisinchi.com\\\/de\\\/producto\\\/eselsmilch\\\/#primaryimage\"},\"image\":{\"@id\":\"https:\\\/\\\/www.sinchisinchi.com\\\/de\\\/producto\\\/eselsmilch\\\/#primaryimage\"},\"thumbnailUrl\":\"https:\\\/\\\/www.sinchisinchi.com\\\/wp-content\\\/uploads\\\/2024\\\/04\\\/16-leche-de-burra.jpeg\",\"datePublished\":\"2024-04-22T12:17:03+00:00\",\"dateModified\":\"2024-05-21T12:27:12+00:00\",\"description\":\"Eselsmilchseife: Kleopatra machte B\u00e4der mit dieser Milch, um ihre Haut jung und glatt zu halten, und sie besa\u00df eine Herde von 300 Eseln, die f\u00fcr diesen Zweck bestimmt waren.\",\"breadcrumb\":{\"@id\":\"https:\\\/\\\/www.sinchisinchi.com\\\/de\\\/producto\\\/eselsmilch\\\/#breadcrumb\"},\"inLanguage\":\"de\",\"potentialAction\":[{\"@type\":\"ReadAction\",\"target\":[\"https:\\\/\\\/www.sinchisinchi.com\\\/de\\\/producto\\\/eselsmilch\\\/\"]}]},{\"@type\":\"ImageObject\",\"inLanguage\":\"de\",\"@id\":\"https:\\\/\\\/www.sinchisinchi.com\\\/de\\\/producto\\\/eselsmilch\\\/#primaryimage\",\"url\":\"https:\\\/\\\/www.sinchisinchi.com\\\/wp-content\\\/uploads\\\/2024\\\/04\\\/16-leche-de-burra.jpeg\",\"contentUrl\":\"https:\\\/\\\/www.sinchisinchi.com\\\/wp-content\\\/uploads\\\/2024\\\/04\\\/16-leche-de-burra.jpeg\",\"width\":1024,\"height\":1024},{\"@type\":\"BreadcrumbList\",\"@id\":\"https:\\\/\\\/www.sinchisinchi.com\\\/de\\\/producto\\\/eselsmilch\\\/#breadcrumb\",\"itemListElement\":[{\"@type\":\"ListItem\",\"position\":1,\"name\":\"Titelseite\",\"item\":\"https:\\\/\\\/www.sinchisinchi.com\\\/de\\\/\"},{\"@type\":\"ListItem\",\"position\":2,\"name\":\"Produkte\",\"item\":\"https:\\\/\\\/www.sinchisinchi.com\\\/de\\\/shop\\\/\"},{\"@type\":\"ListItem\",\"position\":3,\"name\":\"Eselsmilch\"}]},{\"@type\":\"WebSite\",\"@id\":\"https:\\\/\\\/www.sinchisinchi.com\\\/de\\\/#website\",\"url\":\"https:\\\/\\\/www.sinchisinchi.com\\\/de\\\/\",\"name\":\"SINCHI\",\"description\":\"Sinchi Medicine\",\"publisher\":{\"@id\":\"https:\\\/\\\/www.sinchisinchi.com\\\/de\\\/#organization\"},\"potentialAction\":[{\"@type\":\"SearchAction\",\"target\":{\"@type\":\"EntryPoint\",\"urlTemplate\":\"https:\\\/\\\/www.sinchisinchi.com\\\/de\\\/?s={search_term_string}\"},\"query-input\":{\"@type\":\"PropertyValueSpecification\",\"valueRequired\":true,\"valueName\":\"search_term_string\"}}],\"inLanguage\":\"de\"},{\"@type\":\"Organization\",\"@id\":\"https:\\\/\\\/www.sinchisinchi.com\\\/de\\\/#organization\",\"name\":\"SINCHI S.L\",\"url\":\"https:\\\/\\\/www.sinchisinchi.com\\\/de\\\/\",\"logo\":{\"@type\":\"ImageObject\",\"inLanguage\":\"de\",\"@id\":\"https:\\\/\\\/www.sinchisinchi.com\\\/de\\\/#\\\/schema\\\/logo\\\/image\\\/\",\"url\":\"https:\\\/\\\/www.sinchisinchi.com\\\/wp-content\\\/uploads\\\/2026\\\/01\\\/3b-Verde-SIMPLIFICADO-HORIZONTAL-F-TRANSPARENTE-scaled.png\",\"contentUrl\":\"https:\\\/\\\/www.sinchisinchi.com\\\/wp-content\\\/uploads\\\/2026\\\/01\\\/3b-Verde-SIMPLIFICADO-HORIZONTAL-F-TRANSPARENTE-scaled.png\",\"width\":2560,\"height\":457,\"caption\":\"SINCHI S.L\"},\"image\":{\"@id\":\"https:\\\/\\\/www.sinchisinchi.com\\\/de\\\/#\\\/schema\\\/logo\\\/image\\\/\"},\"sameAs\":[\"https:\\\/\\\/www.facebook.com\\\/sinchirape\\\/\",\"https:\\\/\\\/www.instagram.com\\\/sinchi_rape\\\/\"]}]}<\/script>\n<!-- \/ Yoast SEO plugin. -->","yoast_head_json":{"title":"Eselsmilchseife: Shamanic Shop","description":"Eselsmilchseife: Kleopatra machte B\u00e4der mit dieser Milch, um ihre Haut jung und glatt zu halten, und sie besa\u00df eine Herde von 300 Eseln, die f\u00fcr diesen Zweck bestimmt waren.","robots":{"index":"index","follow":"follow","max-snippet":"max-snippet:-1","max-image-preview":"max-image-preview:large","max-video-preview":"max-video-preview:-1"},"canonical":"https:\/\/www.sinchisinchi.com\/de\/producto\/eselsmilch\/","og_locale":"de_DE","og_type":"article","og_title":"Eselsmilchseife: Shamanic Shop","og_description":"Eselsmilchseife: Kleopatra machte B\u00e4der mit dieser Milch, um ihre Haut jung und glatt zu halten, und sie besa\u00df eine Herde von 300 Eseln, die f\u00fcr diesen Zweck bestimmt waren.","og_url":"https:\/\/www.sinchisinchi.com\/de\/producto\/eselsmilch\/","og_site_name":"SINCHI RAP\u00c9","article_publisher":"https:\/\/www.facebook.com\/sinchirape\/","article_modified_time":"2024-05-21T12:27:12+00:00","og_image":[{"width":1024,"height":1024,"url":"https:\/\/www.sinchisinchi.com\/wp-content\/uploads\/2024\/04\/16-leche-de-burra.jpeg","type":"image\/jpeg"}],"twitter_card":"summary_large_image","twitter_misc":{"Gesch\u00e4tzte Lesezeit":"1\u00a0Minute"},"schema":{"@context":"https:\/\/schema.org","@graph":[{"@type":"WebPage","@id":"https:\/\/www.sinchisinchi.com\/de\/producto\/eselsmilch\/","url":"https:\/\/www.sinchisinchi.com\/de\/producto\/eselsmilch\/","name":"Eselsmilchseife: Shamanic Shop","isPartOf":{"@id":"https:\/\/www.sinchisinchi.com\/de\/#website"},"primaryImageOfPage":{"@id":"https:\/\/www.sinchisinchi.com\/de\/producto\/eselsmilch\/#primaryimage"},"image":{"@id":"https:\/\/www.sinchisinchi.com\/de\/producto\/eselsmilch\/#primaryimage"},"thumbnailUrl":"https:\/\/www.sinchisinchi.com\/wp-content\/uploads\/2024\/04\/16-leche-de-burra.jpeg","datePublished":"2024-04-22T12:17:03+00:00","dateModified":"2024-05-21T12:27:12+00:00","description":"Eselsmilchseife: Kleopatra machte B\u00e4der mit dieser Milch, um ihre Haut jung und glatt zu halten, und sie besa\u00df eine Herde von 300 Eseln, die f\u00fcr diesen Zweck bestimmt waren.","breadcrumb":{"@id":"https:\/\/www.sinchisinchi.com\/de\/producto\/eselsmilch\/#breadcrumb"},"inLanguage":"de","potentialAction":[{"@type":"ReadAction","target":["https:\/\/www.sinchisinchi.com\/de\/producto\/eselsmilch\/"]}]},{"@type":"ImageObject","inLanguage":"de","@id":"https:\/\/www.sinchisinchi.com\/de\/producto\/eselsmilch\/#primaryimage","url":"https:\/\/www.sinchisinchi.com\/wp-content\/uploads\/2024\/04\/16-leche-de-burra.jpeg","contentUrl":"https:\/\/www.sinchisinchi.com\/wp-content\/uploads\/2024\/04\/16-leche-de-burra.jpeg","width":1024,"height":1024},{"@type":"BreadcrumbList","@id":"https:\/\/www.sinchisinchi.com\/de\/producto\/eselsmilch\/#breadcrumb","itemListElement":[{"@type":"ListItem","position":1,"name":"Titelseite","item":"https:\/\/www.sinchisinchi.com\/de\/"},{"@type":"ListItem","position":2,"name":"Produkte","item":"https:\/\/www.sinchisinchi.com\/de\/shop\/"},{"@type":"ListItem","position":3,"name":"Eselsmilch"}]},{"@type":"WebSite","@id":"https:\/\/www.sinchisinchi.com\/de\/#website","url":"https:\/\/www.sinchisinchi.com\/de\/","name":"SINCHI","description":"Sinchi Medicine","publisher":{"@id":"https:\/\/www.sinchisinchi.com\/de\/#organization"},"potentialAction":[{"@type":"SearchAction","target":{"@type":"EntryPoint","urlTemplate":"https:\/\/www.sinchisinchi.com\/de\/?s={search_term_string}"},"query-input":{"@type":"PropertyValueSpecification","valueRequired":true,"valueName":"search_term_string"}}],"inLanguage":"de"},{"@type":"Organization","@id":"https:\/\/www.sinchisinchi.com\/de\/#organization","name":"SINCHI S.L","url":"https:\/\/www.sinchisinchi.com\/de\/","logo":{"@type":"ImageObject","inLanguage":"de","@id":"https:\/\/www.sinchisinchi.com\/de\/#\/schema\/logo\/image\/","url":"https:\/\/www.sinchisinchi.com\/wp-content\/uploads\/2026\/01\/3b-Verde-SIMPLIFICADO-HORIZONTAL-F-TRANSPARENTE-scaled.png","contentUrl":"https:\/\/www.sinchisinchi.com\/wp-content\/uploads\/2026\/01\/3b-Verde-SIMPLIFICADO-HORIZONTAL-F-TRANSPARENTE-scaled.png","width":2560,"height":457,"caption":"SINCHI S.L"},"image":{"@id":"https:\/\/www.sinchisinchi.com\/de\/#\/schema\/logo\/image\/"},"sameAs":["https:\/\/www.facebook.com\/sinchirape\/","https:\/\/www.instagram.com\/sinchi_rape\/"]}]}},"_links":{"self":[{"href":"https:\/\/www.sinchisinchi.com\/de\/wp-json\/wp\/v2\/product\/13371","targetHints":{"allow":["GET"]}}],"collection":[{"href":"https:\/\/www.sinchisinchi.com\/de\/wp-json\/wp\/v2\/product"}],"about":[{"href":"https:\/\/www.sinchisinchi.com\/de\/wp-json\/wp\/v2\/types\/product"}],"wp:featuredmedia":[{"embeddable":true,"href":"https:\/\/www.sinchisinchi.com\/de\/wp-json\/wp\/v2\/media\/13300"}],"wp:attachment":[{"href":"https:\/\/www.sinchisinchi.com\/de\/wp-json\/wp\/v2\/media?parent=13371"}],"wp:term":[{"taxonomy":"product_brand","embeddable":true,"href":"https:\/\/www.sinchisinchi.com\/de\/wp-json\/wp\/v2\/product_brand?post=13371"},{"taxonomy":"product_cat","embeddable":true,"href":"https:\/\/www.sinchisinchi.com\/de\/wp-json\/wp\/v2\/product_cat?post=13371"},{"taxonomy":"product_tag","embeddable":true,"href":"https:\/\/www.sinchisinchi.com\/de\/wp-json\/wp\/v2\/product_tag?post=13371"}],"curies":[{"name":"wp","href":"https:\/\/api.w.org\/{rel}","templated":true}]}}