{"id":13376,"date":"2024-04-22T12:15:33","date_gmt":"2024-04-22T12:15:33","guid":{"rendered":"https:\/\/www.sinchisinchi.com\/producto\/ziegenmilch\/"},"modified":"2024-05-21T12:28:52","modified_gmt":"2024-05-21T12:28:52","slug":"ziegenmilch","status":"publish","type":"product","link":"https:\/\/www.sinchisinchi.com\/de\/producto\/ziegenmilch\/","title":{"rendered":"Ziegenmilch"},"content":{"rendered":"<p><span style=\"color: #000000;\">Der Legende nach wurde Seife in Rom von Frauen entdeckt, die ihre Kleidung im Wasser des Tiber am Fu\u00dfe des Berges Sapo wuschen. Die Substanz, die mit dem Wasser des Flusses herunterkam, sorgte daf\u00fcr, dass sowohl ihre H\u00e4nde als auch die Kleidung, die sie wuschen, strahlend sauber blieben.<\/span><\/p>\n<p><span style=\"color: #000000;\">Auf dem Gipfel des Mount Toad wurden den G\u00f6ttern Tieropfer dargebracht, und das mit der Asche der Ein\u00e4scherungen vermischte Tierfett wurde vom Regen den Berg hinuntergetragen und mit anderen Materialien aus dem Lehmboden vermischt. Aus dieser Zusammensetzung aus Fetts\u00e4uren (tierisches Fett) und Kaliumhydroxid (Asche und Wasser) entsteht Seife.<\/span><\/p>\n<p><span style=\"color: #000000;\">Der chemische Prozess, bei dem Seife entsteht, wird Verseifung genannt, ein Wort, das wahrscheinlich auf den Berg Sapo zur\u00fcckzuf\u00fchren ist, wie das Wort Sapone (Seife auf Italienisch).<\/span><\/p>\n","protected":false},"excerpt":{"rendered":"<p><span style=\"color: #000000;\">Nat\u00fcrliche Ziegenmilchseife. Ziegenmilch ist aufgrund ihres hohen Gehalts an Fetts\u00e4uren und den Vitaminen A, B1, B2, B6, C, D und E sowie Proteinen, Magnesium, Kalzium, Kalium und Phosphor sehr wohltuend f\u00fcr die Haut.<\/span><\/p>\n<p><span style=\"color: #000000;\">Es ist sehr wirksam bei trockener und empfindlicher Haut mit Tendenz zur Nichtheilung oder bei Unreinheiten. Aufgrund seines hohen Gehalts an Antioxidantien ist es eine wirksame Anti-Aging-, Anti-Falten- und hautregenerierende Behandlung.<\/span><\/p>\n<p><span style=\"color: #000000;\">Ziegenmilch ist cremig und reich an Fetts\u00e4uren, die tiefe Feuchtigkeit spenden und die Haut weich machen.<\/span><\/p>\n<p><span style=\"color: #000000;\">Diese Seife wird in Marseille nach alten Methoden und \u00fcberlieferten Rezepten handgefertigt und verwendet v\u00f6llig nat\u00fcrliche Zutaten: Mittelmeerwasser, \u00e4therisches Sandelholz\u00f6l, hochwertige Pflanzen\u00f6le und Natriumcarbonat. Es ist zu 100 % biologisch abbaubar.<\/span><\/p>\n<p><span style=\"color: #000000;\"><strong>Gr\u00f6\u00dfe:<\/strong> 125g<\/span><\/p>\n","protected":false},"featured_media":13293,"template":"","meta":{"_joinchat":[]},"product_brand":[],"product_cat":[343],"product_tag":[],"class_list":{"0":"post-13376","1":"product","2":"type-product","3":"status-publish","4":"has-post-thumbnail","6":"product_cat-seifen","8":"first","9":"instock","10":"taxable","11":"shipping-taxable","12":"purchasable","13":"product-type-simple"},"yoast_head":"<!-- This site is optimized with the Yoast SEO plugin v27.4 - https:\/\/yoast.com\/product\/yoast-seo-wordpress\/ -->\n<title>Ziegenmilchseife: Shamanic Shop<\/title>\n<meta name=\"description\" content=\"Ziegenmilchseife: Aufgrund ihres hohen Gehalts an Fetts\u00e4uren und Vitaminen, Proteinen, Magnesium, Kalzium, Kalium und Phosphor ist sie sehr wohltuend f\u00fcr die Haut.\" \/>\n<meta name=\"robots\" content=\"index, follow, max-snippet:-1, max-image-preview:large, max-video-preview:-1\" \/>\n<link rel=\"canonical\" href=\"https:\/\/www.sinchisinchi.com\/de\/producto\/ziegenmilch\/\" \/>\n<meta property=\"og:locale\" content=\"de_DE\" \/>\n<meta property=\"og:type\" content=\"article\" \/>\n<meta property=\"og:title\" content=\"Ziegenmilchseife: Shamanic Shop\" \/>\n<meta property=\"og:description\" content=\"Ziegenmilchseife: Aufgrund ihres hohen Gehalts an Fetts\u00e4uren und Vitaminen, Proteinen, Magnesium, Kalzium, Kalium und Phosphor ist sie sehr wohltuend f\u00fcr die Haut.\" \/>\n<meta property=\"og:url\" content=\"https:\/\/www.sinchisinchi.com\/de\/producto\/ziegenmilch\/\" \/>\n<meta property=\"og:site_name\" content=\"SINCHI RAP\u00c9\" \/>\n<meta property=\"article:publisher\" content=\"https:\/\/www.facebook.com\/sinchirape\/\" \/>\n<meta property=\"article:modified_time\" content=\"2024-05-21T12:28:52+00:00\" \/>\n<meta property=\"og:image\" content=\"https:\/\/www.sinchisinchi.com\/wp-content\/uploads\/2024\/04\/15-leche-de-cabra.jpeg\" \/>\n\t<meta property=\"og:image:width\" content=\"1024\" \/>\n\t<meta property=\"og:image:height\" content=\"1024\" \/>\n\t<meta property=\"og:image:type\" content=\"image\/jpeg\" \/>\n<meta name=\"twitter:card\" content=\"summary_large_image\" \/>\n<meta name=\"twitter:label1\" content=\"Gesch\u00e4tzte Lesezeit\" \/>\n\t<meta name=\"twitter:data1\" content=\"1\u00a0Minute\" \/>\n<script type=\"application\/ld+json\" class=\"yoast-schema-graph\">{\"@context\":\"https:\\\/\\\/schema.org\",\"@graph\":[{\"@type\":\"WebPage\",\"@id\":\"https:\\\/\\\/www.sinchisinchi.com\\\/de\\\/producto\\\/ziegenmilch\\\/\",\"url\":\"https:\\\/\\\/www.sinchisinchi.com\\\/de\\\/producto\\\/ziegenmilch\\\/\",\"name\":\"Ziegenmilchseife: Shamanic Shop\",\"isPartOf\":{\"@id\":\"https:\\\/\\\/www.sinchisinchi.com\\\/de\\\/#website\"},\"primaryImageOfPage\":{\"@id\":\"https:\\\/\\\/www.sinchisinchi.com\\\/de\\\/producto\\\/ziegenmilch\\\/#primaryimage\"},\"image\":{\"@id\":\"https:\\\/\\\/www.sinchisinchi.com\\\/de\\\/producto\\\/ziegenmilch\\\/#primaryimage\"},\"thumbnailUrl\":\"https:\\\/\\\/www.sinchisinchi.com\\\/wp-content\\\/uploads\\\/2024\\\/04\\\/15-leche-de-cabra.jpeg\",\"datePublished\":\"2024-04-22T12:15:33+00:00\",\"dateModified\":\"2024-05-21T12:28:52+00:00\",\"description\":\"Ziegenmilchseife: Aufgrund ihres hohen Gehalts an Fetts\u00e4uren und Vitaminen, Proteinen, Magnesium, Kalzium, Kalium und Phosphor ist sie sehr wohltuend f\u00fcr die Haut.\",\"breadcrumb\":{\"@id\":\"https:\\\/\\\/www.sinchisinchi.com\\\/de\\\/producto\\\/ziegenmilch\\\/#breadcrumb\"},\"inLanguage\":\"de\",\"potentialAction\":[{\"@type\":\"ReadAction\",\"target\":[\"https:\\\/\\\/www.sinchisinchi.com\\\/de\\\/producto\\\/ziegenmilch\\\/\"]}]},{\"@type\":\"ImageObject\",\"inLanguage\":\"de\",\"@id\":\"https:\\\/\\\/www.sinchisinchi.com\\\/de\\\/producto\\\/ziegenmilch\\\/#primaryimage\",\"url\":\"https:\\\/\\\/www.sinchisinchi.com\\\/wp-content\\\/uploads\\\/2024\\\/04\\\/15-leche-de-cabra.jpeg\",\"contentUrl\":\"https:\\\/\\\/www.sinchisinchi.com\\\/wp-content\\\/uploads\\\/2024\\\/04\\\/15-leche-de-cabra.jpeg\",\"width\":1024,\"height\":1024},{\"@type\":\"BreadcrumbList\",\"@id\":\"https:\\\/\\\/www.sinchisinchi.com\\\/de\\\/producto\\\/ziegenmilch\\\/#breadcrumb\",\"itemListElement\":[{\"@type\":\"ListItem\",\"position\":1,\"name\":\"Titelseite\",\"item\":\"https:\\\/\\\/www.sinchisinchi.com\\\/de\\\/\"},{\"@type\":\"ListItem\",\"position\":2,\"name\":\"Produkte\",\"item\":\"https:\\\/\\\/www.sinchisinchi.com\\\/de\\\/shop\\\/\"},{\"@type\":\"ListItem\",\"position\":3,\"name\":\"Ziegenmilch\"}]},{\"@type\":\"WebSite\",\"@id\":\"https:\\\/\\\/www.sinchisinchi.com\\\/de\\\/#website\",\"url\":\"https:\\\/\\\/www.sinchisinchi.com\\\/de\\\/\",\"name\":\"SINCHI\",\"description\":\"Sinchi Medicine\",\"publisher\":{\"@id\":\"https:\\\/\\\/www.sinchisinchi.com\\\/de\\\/#organization\"},\"potentialAction\":[{\"@type\":\"SearchAction\",\"target\":{\"@type\":\"EntryPoint\",\"urlTemplate\":\"https:\\\/\\\/www.sinchisinchi.com\\\/de\\\/?s={search_term_string}\"},\"query-input\":{\"@type\":\"PropertyValueSpecification\",\"valueRequired\":true,\"valueName\":\"search_term_string\"}}],\"inLanguage\":\"de\"},{\"@type\":\"Organization\",\"@id\":\"https:\\\/\\\/www.sinchisinchi.com\\\/de\\\/#organization\",\"name\":\"SINCHI S.L\",\"url\":\"https:\\\/\\\/www.sinchisinchi.com\\\/de\\\/\",\"logo\":{\"@type\":\"ImageObject\",\"inLanguage\":\"de\",\"@id\":\"https:\\\/\\\/www.sinchisinchi.com\\\/de\\\/#\\\/schema\\\/logo\\\/image\\\/\",\"url\":\"https:\\\/\\\/www.sinchisinchi.com\\\/wp-content\\\/uploads\\\/2026\\\/01\\\/3b-Verde-SIMPLIFICADO-HORIZONTAL-F-TRANSPARENTE-scaled.png\",\"contentUrl\":\"https:\\\/\\\/www.sinchisinchi.com\\\/wp-content\\\/uploads\\\/2026\\\/01\\\/3b-Verde-SIMPLIFICADO-HORIZONTAL-F-TRANSPARENTE-scaled.png\",\"width\":2560,\"height\":457,\"caption\":\"SINCHI S.L\"},\"image\":{\"@id\":\"https:\\\/\\\/www.sinchisinchi.com\\\/de\\\/#\\\/schema\\\/logo\\\/image\\\/\"},\"sameAs\":[\"https:\\\/\\\/www.facebook.com\\\/sinchirape\\\/\",\"https:\\\/\\\/www.instagram.com\\\/sinchi_rape\\\/\"]}]}<\/script>\n<!-- \/ Yoast SEO plugin. -->","yoast_head_json":{"title":"Ziegenmilchseife: Shamanic Shop","description":"Ziegenmilchseife: Aufgrund ihres hohen Gehalts an Fetts\u00e4uren und Vitaminen, Proteinen, Magnesium, Kalzium, Kalium und Phosphor ist sie sehr wohltuend f\u00fcr die Haut.","robots":{"index":"index","follow":"follow","max-snippet":"max-snippet:-1","max-image-preview":"max-image-preview:large","max-video-preview":"max-video-preview:-1"},"canonical":"https:\/\/www.sinchisinchi.com\/de\/producto\/ziegenmilch\/","og_locale":"de_DE","og_type":"article","og_title":"Ziegenmilchseife: Shamanic Shop","og_description":"Ziegenmilchseife: Aufgrund ihres hohen Gehalts an Fetts\u00e4uren und Vitaminen, Proteinen, Magnesium, Kalzium, Kalium und Phosphor ist sie sehr wohltuend f\u00fcr die Haut.","og_url":"https:\/\/www.sinchisinchi.com\/de\/producto\/ziegenmilch\/","og_site_name":"SINCHI RAP\u00c9","article_publisher":"https:\/\/www.facebook.com\/sinchirape\/","article_modified_time":"2024-05-21T12:28:52+00:00","og_image":[{"width":1024,"height":1024,"url":"https:\/\/www.sinchisinchi.com\/wp-content\/uploads\/2024\/04\/15-leche-de-cabra.jpeg","type":"image\/jpeg"}],"twitter_card":"summary_large_image","twitter_misc":{"Gesch\u00e4tzte Lesezeit":"1\u00a0Minute"},"schema":{"@context":"https:\/\/schema.org","@graph":[{"@type":"WebPage","@id":"https:\/\/www.sinchisinchi.com\/de\/producto\/ziegenmilch\/","url":"https:\/\/www.sinchisinchi.com\/de\/producto\/ziegenmilch\/","name":"Ziegenmilchseife: Shamanic Shop","isPartOf":{"@id":"https:\/\/www.sinchisinchi.com\/de\/#website"},"primaryImageOfPage":{"@id":"https:\/\/www.sinchisinchi.com\/de\/producto\/ziegenmilch\/#primaryimage"},"image":{"@id":"https:\/\/www.sinchisinchi.com\/de\/producto\/ziegenmilch\/#primaryimage"},"thumbnailUrl":"https:\/\/www.sinchisinchi.com\/wp-content\/uploads\/2024\/04\/15-leche-de-cabra.jpeg","datePublished":"2024-04-22T12:15:33+00:00","dateModified":"2024-05-21T12:28:52+00:00","description":"Ziegenmilchseife: Aufgrund ihres hohen Gehalts an Fetts\u00e4uren und Vitaminen, Proteinen, Magnesium, Kalzium, Kalium und Phosphor ist sie sehr wohltuend f\u00fcr die Haut.","breadcrumb":{"@id":"https:\/\/www.sinchisinchi.com\/de\/producto\/ziegenmilch\/#breadcrumb"},"inLanguage":"de","potentialAction":[{"@type":"ReadAction","target":["https:\/\/www.sinchisinchi.com\/de\/producto\/ziegenmilch\/"]}]},{"@type":"ImageObject","inLanguage":"de","@id":"https:\/\/www.sinchisinchi.com\/de\/producto\/ziegenmilch\/#primaryimage","url":"https:\/\/www.sinchisinchi.com\/wp-content\/uploads\/2024\/04\/15-leche-de-cabra.jpeg","contentUrl":"https:\/\/www.sinchisinchi.com\/wp-content\/uploads\/2024\/04\/15-leche-de-cabra.jpeg","width":1024,"height":1024},{"@type":"BreadcrumbList","@id":"https:\/\/www.sinchisinchi.com\/de\/producto\/ziegenmilch\/#breadcrumb","itemListElement":[{"@type":"ListItem","position":1,"name":"Titelseite","item":"https:\/\/www.sinchisinchi.com\/de\/"},{"@type":"ListItem","position":2,"name":"Produkte","item":"https:\/\/www.sinchisinchi.com\/de\/shop\/"},{"@type":"ListItem","position":3,"name":"Ziegenmilch"}]},{"@type":"WebSite","@id":"https:\/\/www.sinchisinchi.com\/de\/#website","url":"https:\/\/www.sinchisinchi.com\/de\/","name":"SINCHI","description":"Sinchi Medicine","publisher":{"@id":"https:\/\/www.sinchisinchi.com\/de\/#organization"},"potentialAction":[{"@type":"SearchAction","target":{"@type":"EntryPoint","urlTemplate":"https:\/\/www.sinchisinchi.com\/de\/?s={search_term_string}"},"query-input":{"@type":"PropertyValueSpecification","valueRequired":true,"valueName":"search_term_string"}}],"inLanguage":"de"},{"@type":"Organization","@id":"https:\/\/www.sinchisinchi.com\/de\/#organization","name":"SINCHI S.L","url":"https:\/\/www.sinchisinchi.com\/de\/","logo":{"@type":"ImageObject","inLanguage":"de","@id":"https:\/\/www.sinchisinchi.com\/de\/#\/schema\/logo\/image\/","url":"https:\/\/www.sinchisinchi.com\/wp-content\/uploads\/2026\/01\/3b-Verde-SIMPLIFICADO-HORIZONTAL-F-TRANSPARENTE-scaled.png","contentUrl":"https:\/\/www.sinchisinchi.com\/wp-content\/uploads\/2026\/01\/3b-Verde-SIMPLIFICADO-HORIZONTAL-F-TRANSPARENTE-scaled.png","width":2560,"height":457,"caption":"SINCHI S.L"},"image":{"@id":"https:\/\/www.sinchisinchi.com\/de\/#\/schema\/logo\/image\/"},"sameAs":["https:\/\/www.facebook.com\/sinchirape\/","https:\/\/www.instagram.com\/sinchi_rape\/"]}]}},"_links":{"self":[{"href":"https:\/\/www.sinchisinchi.com\/de\/wp-json\/wp\/v2\/product\/13376","targetHints":{"allow":["GET"]}}],"collection":[{"href":"https:\/\/www.sinchisinchi.com\/de\/wp-json\/wp\/v2\/product"}],"about":[{"href":"https:\/\/www.sinchisinchi.com\/de\/wp-json\/wp\/v2\/types\/product"}],"wp:featuredmedia":[{"embeddable":true,"href":"https:\/\/www.sinchisinchi.com\/de\/wp-json\/wp\/v2\/media\/13293"}],"wp:attachment":[{"href":"https:\/\/www.sinchisinchi.com\/de\/wp-json\/wp\/v2\/media?parent=13376"}],"wp:term":[{"taxonomy":"product_brand","embeddable":true,"href":"https:\/\/www.sinchisinchi.com\/de\/wp-json\/wp\/v2\/product_brand?post=13376"},{"taxonomy":"product_cat","embeddable":true,"href":"https:\/\/www.sinchisinchi.com\/de\/wp-json\/wp\/v2\/product_cat?post=13376"},{"taxonomy":"product_tag","embeddable":true,"href":"https:\/\/www.sinchisinchi.com\/de\/wp-json\/wp\/v2\/product_tag?post=13376"}],"curies":[{"name":"wp","href":"https:\/\/api.w.org\/{rel}","templated":true}]}}