{"id":13381,"date":"2024-04-22T12:13:48","date_gmt":"2024-04-22T12:13:48","guid":{"rendered":"https:\/\/www.sinchisinchi.com\/producto\/kokosmilch\/"},"modified":"2024-05-21T12:31:14","modified_gmt":"2024-05-21T12:31:14","slug":"kokosmilch","status":"publish","type":"product","link":"https:\/\/www.sinchisinchi.com\/de\/producto\/kokosmilch\/","title":{"rendered":"Kokosmilch"},"content":{"rendered":"<h3 style=\"text-align: center;\"><strong>Magische Eigenschaften<\/strong><\/h3>\n<p>&nbsp;<\/p>\n<p>Die Kokosnuss ist die Frucht der Kokospalme, die beide als weiblich gelten und mit dem Mond, dem Wasserelement, in Verbindung gebracht werden. Traditionell wird es wegen seiner reinigenden, sch\u00fctzenden und keuschheitsf\u00f6rdernden Eigenschaften verwendet.<\/p>\n<p>Nat\u00fcrliche Seifen mit Harzen und aromatischen Pflanzen haben eine tiefgreifende Wirkung sowohl auf der k\u00f6rperlichen als auch auf der energetischen Ebene. Sie sch\u00fctzen vor negativen Kr\u00e4ften, verbinden sich mit positiven Frequenzen und f\u00f6rdern die k\u00f6rperliche und energetische Reinigung.<\/p>\n<p><strong>Schutz und Reinigung:<\/strong> Mystische Seifen bilden einen Schutzschild gegen negative Energien.<\/p>\n<p><strong>Energieausgleich:<\/strong> Sie tragen dazu bei, die Energien des K\u00f6rpers auszugleichen und f\u00f6rdern Harmonie und Wohlbefinden.<\/p>\n<p><strong>Spirituelle Verbindung:<\/strong> Sie erleichtern die Verbindung mit kosmischen Energien und erm\u00f6glichen so eine tiefere Meditation.<\/p>\n","protected":false},"excerpt":{"rendered":"<p>Im Gegensatz zu herk\u00f6mmlichen Seifen reinigen Kokosmilchseifen die Haut von innen heraus, ohne sie \u00fcberm\u00e4\u00dfig auszutrocknen, da sie reich an reiner Kokosmilch sind und eine gro\u00dfe Menge an Fetts\u00e4uren und N\u00e4hrstoffen enthalten, die die Haut mit Feuchtigkeit versorgen und sie weich und geschmeidig machen und glatte Haut.<\/p>\n<p>Bei regelm\u00e4\u00dfiger Anwendung von Kokosmilchseife werden die Symptome vorzeitiger Hautalterung verz\u00f6gert. Es enth\u00e4lt eine gro\u00dfe Menge an Antioxidantien wie Vitamin E und C, die die Haut bereichern, freie Radikale reduzieren und so oxidativen Sch\u00e4den vorbeugen.<\/p>\n<p>Dar\u00fcber hinaus enth\u00e4lt es Mikron\u00e4hrstoffe wie Selen, Zink, Eisen und Kupfer, die die Hautgesundheit verbessern. Kokosmilch liefert Fetts\u00e4uren wie Laurins\u00e4ure, S\u00e4ure und Caprins\u00e4ure, starke antimikrobielle, antivirale und antimykotische Wirkstoffe.<\/p>\n<p>Als Shampoo verwendet, bietet es maximale N\u00e4hrstoffe und l\u00e4sst das Haar kr\u00e4ftig und gesund aussehen.<\/p>\n<p>Diese Seife wird in Marseille nach alten Methoden und \u00fcberlieferten Rezepten handgefertigt und verwendet v\u00f6llig nat\u00fcrliche Zutaten: Mittelmeerwasser, \u00e4therisches Sandelholz\u00f6l, hochwertige Pflanzen\u00f6le und Natriumcarbonat. Es ist zu 100 % biologisch abbaubar.<\/p>\n<p>&nbsp;<\/p>\n<p><strong>Gr\u00f6\u00dfe:<\/strong> 125g<\/p>\n","protected":false},"featured_media":13286,"template":"","meta":{"_joinchat":[]},"product_brand":[],"product_cat":[343],"product_tag":[],"class_list":{"0":"post-13381","1":"product","2":"type-product","3":"status-publish","4":"has-post-thumbnail","6":"product_cat-seifen","8":"first","9":"instock","10":"taxable","11":"shipping-taxable","12":"purchasable","13":"product-type-simple"},"yoast_head":"<!-- This site is optimized with the Yoast SEO plugin v27.4 - https:\/\/yoast.com\/product\/yoast-seo-wordpress\/ -->\n<title>Seife mit Kokosmilch: Shamanic Shop<\/title>\n<meta name=\"description\" content=\"Kokosmilchseife: Sie zeichnet sich dadurch aus, dass sie die Haut von innen reinigt, ohne \u00fcberm\u00e4\u00dfige Trockenheit zu verursachen, und sorgt f\u00fcr eine weiche, flexible und glatte Haut.\" \/>\n<meta name=\"robots\" content=\"index, follow, max-snippet:-1, max-image-preview:large, max-video-preview:-1\" \/>\n<link rel=\"canonical\" href=\"https:\/\/www.sinchisinchi.com\/de\/producto\/kokosmilch\/\" \/>\n<meta property=\"og:locale\" content=\"de_DE\" \/>\n<meta property=\"og:type\" content=\"article\" \/>\n<meta property=\"og:title\" content=\"Seife mit Kokosmilch: Shamanic Shop\" \/>\n<meta property=\"og:description\" content=\"Kokosmilchseife: Sie zeichnet sich dadurch aus, dass sie die Haut von innen reinigt, ohne \u00fcberm\u00e4\u00dfige Trockenheit zu verursachen, und sorgt f\u00fcr eine weiche, flexible und glatte Haut.\" \/>\n<meta property=\"og:url\" content=\"https:\/\/www.sinchisinchi.com\/de\/producto\/kokosmilch\/\" \/>\n<meta property=\"og:site_name\" content=\"SINCHI RAP\u00c9\" \/>\n<meta property=\"article:publisher\" content=\"https:\/\/www.facebook.com\/sinchirape\/\" \/>\n<meta property=\"article:modified_time\" content=\"2024-05-21T12:31:14+00:00\" \/>\n<meta property=\"og:image\" content=\"https:\/\/www.sinchisinchi.com\/wp-content\/uploads\/2024\/04\/14-leche-de-coco.jpeg\" \/>\n\t<meta property=\"og:image:width\" content=\"1024\" \/>\n\t<meta property=\"og:image:height\" content=\"1024\" \/>\n\t<meta property=\"og:image:type\" content=\"image\/jpeg\" \/>\n<meta name=\"twitter:card\" content=\"summary_large_image\" \/>\n<meta name=\"twitter:label1\" content=\"Gesch\u00e4tzte Lesezeit\" \/>\n\t<meta name=\"twitter:data1\" content=\"1\u00a0Minute\" \/>\n<script type=\"application\/ld+json\" class=\"yoast-schema-graph\">{\"@context\":\"https:\\\/\\\/schema.org\",\"@graph\":[{\"@type\":\"WebPage\",\"@id\":\"https:\\\/\\\/www.sinchisinchi.com\\\/de\\\/producto\\\/kokosmilch\\\/\",\"url\":\"https:\\\/\\\/www.sinchisinchi.com\\\/de\\\/producto\\\/kokosmilch\\\/\",\"name\":\"Seife mit Kokosmilch: Shamanic Shop\",\"isPartOf\":{\"@id\":\"https:\\\/\\\/www.sinchisinchi.com\\\/de\\\/#website\"},\"primaryImageOfPage\":{\"@id\":\"https:\\\/\\\/www.sinchisinchi.com\\\/de\\\/producto\\\/kokosmilch\\\/#primaryimage\"},\"image\":{\"@id\":\"https:\\\/\\\/www.sinchisinchi.com\\\/de\\\/producto\\\/kokosmilch\\\/#primaryimage\"},\"thumbnailUrl\":\"https:\\\/\\\/www.sinchisinchi.com\\\/wp-content\\\/uploads\\\/2024\\\/04\\\/14-leche-de-coco.jpeg\",\"datePublished\":\"2024-04-22T12:13:48+00:00\",\"dateModified\":\"2024-05-21T12:31:14+00:00\",\"description\":\"Kokosmilchseife: Sie zeichnet sich dadurch aus, dass sie die Haut von innen reinigt, ohne \u00fcberm\u00e4\u00dfige Trockenheit zu verursachen, und sorgt f\u00fcr eine weiche, flexible und glatte Haut.\",\"breadcrumb\":{\"@id\":\"https:\\\/\\\/www.sinchisinchi.com\\\/de\\\/producto\\\/kokosmilch\\\/#breadcrumb\"},\"inLanguage\":\"de\",\"potentialAction\":[{\"@type\":\"ReadAction\",\"target\":[\"https:\\\/\\\/www.sinchisinchi.com\\\/de\\\/producto\\\/kokosmilch\\\/\"]}]},{\"@type\":\"ImageObject\",\"inLanguage\":\"de\",\"@id\":\"https:\\\/\\\/www.sinchisinchi.com\\\/de\\\/producto\\\/kokosmilch\\\/#primaryimage\",\"url\":\"https:\\\/\\\/www.sinchisinchi.com\\\/wp-content\\\/uploads\\\/2024\\\/04\\\/14-leche-de-coco.jpeg\",\"contentUrl\":\"https:\\\/\\\/www.sinchisinchi.com\\\/wp-content\\\/uploads\\\/2024\\\/04\\\/14-leche-de-coco.jpeg\",\"width\":1024,\"height\":1024},{\"@type\":\"BreadcrumbList\",\"@id\":\"https:\\\/\\\/www.sinchisinchi.com\\\/de\\\/producto\\\/kokosmilch\\\/#breadcrumb\",\"itemListElement\":[{\"@type\":\"ListItem\",\"position\":1,\"name\":\"Titelseite\",\"item\":\"https:\\\/\\\/www.sinchisinchi.com\\\/de\\\/\"},{\"@type\":\"ListItem\",\"position\":2,\"name\":\"Produkte\",\"item\":\"https:\\\/\\\/www.sinchisinchi.com\\\/de\\\/shop\\\/\"},{\"@type\":\"ListItem\",\"position\":3,\"name\":\"Kokosmilch\"}]},{\"@type\":\"WebSite\",\"@id\":\"https:\\\/\\\/www.sinchisinchi.com\\\/de\\\/#website\",\"url\":\"https:\\\/\\\/www.sinchisinchi.com\\\/de\\\/\",\"name\":\"SINCHI\",\"description\":\"Sinchi Medicine\",\"publisher\":{\"@id\":\"https:\\\/\\\/www.sinchisinchi.com\\\/de\\\/#organization\"},\"potentialAction\":[{\"@type\":\"SearchAction\",\"target\":{\"@type\":\"EntryPoint\",\"urlTemplate\":\"https:\\\/\\\/www.sinchisinchi.com\\\/de\\\/?s={search_term_string}\"},\"query-input\":{\"@type\":\"PropertyValueSpecification\",\"valueRequired\":true,\"valueName\":\"search_term_string\"}}],\"inLanguage\":\"de\"},{\"@type\":\"Organization\",\"@id\":\"https:\\\/\\\/www.sinchisinchi.com\\\/de\\\/#organization\",\"name\":\"SINCHI S.L\",\"url\":\"https:\\\/\\\/www.sinchisinchi.com\\\/de\\\/\",\"logo\":{\"@type\":\"ImageObject\",\"inLanguage\":\"de\",\"@id\":\"https:\\\/\\\/www.sinchisinchi.com\\\/de\\\/#\\\/schema\\\/logo\\\/image\\\/\",\"url\":\"https:\\\/\\\/www.sinchisinchi.com\\\/wp-content\\\/uploads\\\/2026\\\/01\\\/3b-Verde-SIMPLIFICADO-HORIZONTAL-F-TRANSPARENTE-scaled.png\",\"contentUrl\":\"https:\\\/\\\/www.sinchisinchi.com\\\/wp-content\\\/uploads\\\/2026\\\/01\\\/3b-Verde-SIMPLIFICADO-HORIZONTAL-F-TRANSPARENTE-scaled.png\",\"width\":2560,\"height\":457,\"caption\":\"SINCHI S.L\"},\"image\":{\"@id\":\"https:\\\/\\\/www.sinchisinchi.com\\\/de\\\/#\\\/schema\\\/logo\\\/image\\\/\"},\"sameAs\":[\"https:\\\/\\\/www.facebook.com\\\/sinchirape\\\/\",\"https:\\\/\\\/www.instagram.com\\\/sinchi_rape\\\/\"]}]}<\/script>\n<!-- \/ Yoast SEO plugin. -->","yoast_head_json":{"title":"Seife mit Kokosmilch: Shamanic Shop","description":"Kokosmilchseife: Sie zeichnet sich dadurch aus, dass sie die Haut von innen reinigt, ohne \u00fcberm\u00e4\u00dfige Trockenheit zu verursachen, und sorgt f\u00fcr eine weiche, flexible und glatte Haut.","robots":{"index":"index","follow":"follow","max-snippet":"max-snippet:-1","max-image-preview":"max-image-preview:large","max-video-preview":"max-video-preview:-1"},"canonical":"https:\/\/www.sinchisinchi.com\/de\/producto\/kokosmilch\/","og_locale":"de_DE","og_type":"article","og_title":"Seife mit Kokosmilch: Shamanic Shop","og_description":"Kokosmilchseife: Sie zeichnet sich dadurch aus, dass sie die Haut von innen reinigt, ohne \u00fcberm\u00e4\u00dfige Trockenheit zu verursachen, und sorgt f\u00fcr eine weiche, flexible und glatte Haut.","og_url":"https:\/\/www.sinchisinchi.com\/de\/producto\/kokosmilch\/","og_site_name":"SINCHI RAP\u00c9","article_publisher":"https:\/\/www.facebook.com\/sinchirape\/","article_modified_time":"2024-05-21T12:31:14+00:00","og_image":[{"width":1024,"height":1024,"url":"https:\/\/www.sinchisinchi.com\/wp-content\/uploads\/2024\/04\/14-leche-de-coco.jpeg","type":"image\/jpeg"}],"twitter_card":"summary_large_image","twitter_misc":{"Gesch\u00e4tzte Lesezeit":"1\u00a0Minute"},"schema":{"@context":"https:\/\/schema.org","@graph":[{"@type":"WebPage","@id":"https:\/\/www.sinchisinchi.com\/de\/producto\/kokosmilch\/","url":"https:\/\/www.sinchisinchi.com\/de\/producto\/kokosmilch\/","name":"Seife mit Kokosmilch: Shamanic Shop","isPartOf":{"@id":"https:\/\/www.sinchisinchi.com\/de\/#website"},"primaryImageOfPage":{"@id":"https:\/\/www.sinchisinchi.com\/de\/producto\/kokosmilch\/#primaryimage"},"image":{"@id":"https:\/\/www.sinchisinchi.com\/de\/producto\/kokosmilch\/#primaryimage"},"thumbnailUrl":"https:\/\/www.sinchisinchi.com\/wp-content\/uploads\/2024\/04\/14-leche-de-coco.jpeg","datePublished":"2024-04-22T12:13:48+00:00","dateModified":"2024-05-21T12:31:14+00:00","description":"Kokosmilchseife: Sie zeichnet sich dadurch aus, dass sie die Haut von innen reinigt, ohne \u00fcberm\u00e4\u00dfige Trockenheit zu verursachen, und sorgt f\u00fcr eine weiche, flexible und glatte Haut.","breadcrumb":{"@id":"https:\/\/www.sinchisinchi.com\/de\/producto\/kokosmilch\/#breadcrumb"},"inLanguage":"de","potentialAction":[{"@type":"ReadAction","target":["https:\/\/www.sinchisinchi.com\/de\/producto\/kokosmilch\/"]}]},{"@type":"ImageObject","inLanguage":"de","@id":"https:\/\/www.sinchisinchi.com\/de\/producto\/kokosmilch\/#primaryimage","url":"https:\/\/www.sinchisinchi.com\/wp-content\/uploads\/2024\/04\/14-leche-de-coco.jpeg","contentUrl":"https:\/\/www.sinchisinchi.com\/wp-content\/uploads\/2024\/04\/14-leche-de-coco.jpeg","width":1024,"height":1024},{"@type":"BreadcrumbList","@id":"https:\/\/www.sinchisinchi.com\/de\/producto\/kokosmilch\/#breadcrumb","itemListElement":[{"@type":"ListItem","position":1,"name":"Titelseite","item":"https:\/\/www.sinchisinchi.com\/de\/"},{"@type":"ListItem","position":2,"name":"Produkte","item":"https:\/\/www.sinchisinchi.com\/de\/shop\/"},{"@type":"ListItem","position":3,"name":"Kokosmilch"}]},{"@type":"WebSite","@id":"https:\/\/www.sinchisinchi.com\/de\/#website","url":"https:\/\/www.sinchisinchi.com\/de\/","name":"SINCHI","description":"Sinchi Medicine","publisher":{"@id":"https:\/\/www.sinchisinchi.com\/de\/#organization"},"potentialAction":[{"@type":"SearchAction","target":{"@type":"EntryPoint","urlTemplate":"https:\/\/www.sinchisinchi.com\/de\/?s={search_term_string}"},"query-input":{"@type":"PropertyValueSpecification","valueRequired":true,"valueName":"search_term_string"}}],"inLanguage":"de"},{"@type":"Organization","@id":"https:\/\/www.sinchisinchi.com\/de\/#organization","name":"SINCHI S.L","url":"https:\/\/www.sinchisinchi.com\/de\/","logo":{"@type":"ImageObject","inLanguage":"de","@id":"https:\/\/www.sinchisinchi.com\/de\/#\/schema\/logo\/image\/","url":"https:\/\/www.sinchisinchi.com\/wp-content\/uploads\/2026\/01\/3b-Verde-SIMPLIFICADO-HORIZONTAL-F-TRANSPARENTE-scaled.png","contentUrl":"https:\/\/www.sinchisinchi.com\/wp-content\/uploads\/2026\/01\/3b-Verde-SIMPLIFICADO-HORIZONTAL-F-TRANSPARENTE-scaled.png","width":2560,"height":457,"caption":"SINCHI S.L"},"image":{"@id":"https:\/\/www.sinchisinchi.com\/de\/#\/schema\/logo\/image\/"},"sameAs":["https:\/\/www.facebook.com\/sinchirape\/","https:\/\/www.instagram.com\/sinchi_rape\/"]}]}},"_links":{"self":[{"href":"https:\/\/www.sinchisinchi.com\/de\/wp-json\/wp\/v2\/product\/13381","targetHints":{"allow":["GET"]}}],"collection":[{"href":"https:\/\/www.sinchisinchi.com\/de\/wp-json\/wp\/v2\/product"}],"about":[{"href":"https:\/\/www.sinchisinchi.com\/de\/wp-json\/wp\/v2\/types\/product"}],"wp:featuredmedia":[{"embeddable":true,"href":"https:\/\/www.sinchisinchi.com\/de\/wp-json\/wp\/v2\/media\/13286"}],"wp:attachment":[{"href":"https:\/\/www.sinchisinchi.com\/de\/wp-json\/wp\/v2\/media?parent=13381"}],"wp:term":[{"taxonomy":"product_brand","embeddable":true,"href":"https:\/\/www.sinchisinchi.com\/de\/wp-json\/wp\/v2\/product_brand?post=13381"},{"taxonomy":"product_cat","embeddable":true,"href":"https:\/\/www.sinchisinchi.com\/de\/wp-json\/wp\/v2\/product_cat?post=13381"},{"taxonomy":"product_tag","embeddable":true,"href":"https:\/\/www.sinchisinchi.com\/de\/wp-json\/wp\/v2\/product_tag?post=13381"}],"curies":[{"name":"wp","href":"https:\/\/api.w.org\/{rel}","templated":true}]}}