{"id":13396,"date":"2024-04-22T12:09:29","date_gmt":"2024-04-22T12:09:29","guid":{"rendered":"https:\/\/www.sinchisinchi.com\/producto\/orangenbluete\/"},"modified":"2024-07-03T09:20:06","modified_gmt":"2024-07-03T09:20:06","slug":"orangenbluete","status":"publish","type":"product","link":"https:\/\/www.sinchisinchi.com\/de\/producto\/orangenbluete\/","title":{"rendered":"Orangenbl\u00fcte"},"content":{"rendered":"<p>Der Ursprung des Orangenbaums liegt im Mittelmeerraum und im Himalaya, wo mit der Destillation der Bitterorangenbl\u00fcte begonnen wurde.<\/p>\n<p>Der Name der Orangenbl\u00fcte stammt vom hispanischen Arabischen &#8222;azzah\u00e1r&#8220;, das wiederum vom klassischen Arabischen &#8222;az-zahr&#8220; stammt.<\/p>\n<p>In der arabischen Kultur repr\u00e4sentierte die Orangenbl\u00fcte Unschuld und Reinheit, weshalb Br\u00e4ute sie normalerweise in ihre Blumenstr\u00e4u\u00dfe schlossen, ein Brauch, der von den Kreuzfahrern nach ihrer R\u00fcckkehr aus dem Nahen Osten in den Westen importiert wurde.<\/p>\n","protected":false},"excerpt":{"rendered":"<p>Nat\u00fcrliche Orangenbl\u00fctenseife ist adstringierend, antiseptisch und beruhigend. Verleiht der Haut Frische, Elastizit\u00e4t und Schutz.<\/p>\n<p>Es ist erfrischend und revitalisierend und h\u00e4lt die Haut weich, hydratisiert und straff.<\/p>\n<p>Der Duft der Orangenbl\u00fcte ist sinnlich, s\u00fc\u00df und zitrisch.<\/p>\n<p>&nbsp;<\/p>\n<p style=\"text-align: center;\"><strong>Eigenschaften<\/strong><\/p>\n<p>Es hebt Ihre Stimmung und bereitet Sie darauf vor, Freude zu empfinden. Es hat eine antidepressive und entspannende Wirkung. Es ist auch ein gro\u00dfartiger Verst\u00e4rker der Sinnlichkeit, stimuliert die Libido und hat aphrodisierende Eigenschaften.<\/p>\n<p>Die Orangenbl\u00fcte und ihr Duft werden mit Wohlstand, Gl\u00fcck und Wohlstand in Verbindung gebracht. Stimuliert Empfindungen, Emotionen und kanalisiert positive Energie.<\/p>\n<p>&nbsp;<\/p>\n<p><strong>Gr\u00f6\u00dfe:<\/strong> 125g<\/p>\n","protected":false},"featured_media":13265,"template":"","meta":{"_joinchat":[]},"product_brand":[],"product_cat":[343],"product_tag":[],"class_list":{"0":"post-13396","1":"product","2":"type-product","3":"status-publish","4":"has-post-thumbnail","6":"product_cat-seifen","8":"first","9":"instock","10":"taxable","11":"shipping-taxable","12":"purchasable","13":"product-type-simple"},"yoast_head":"<!-- This site is optimized with the Yoast SEO plugin v27.4 - https:\/\/yoast.com\/product\/yoast-seo-wordpress\/ -->\n<title>Seife mit Orangenbl\u00fcten: Shamanic Shop<\/title>\n<meta name=\"description\" content=\"Nat\u00fcrliche Orangenbl\u00fctenseife ist adstringierend, antiseptisch und beruhigend. Verleiht der Haut Frische, Elastizit\u00e4t und Schutz.\" \/>\n<meta name=\"robots\" content=\"index, follow, max-snippet:-1, max-image-preview:large, max-video-preview:-1\" \/>\n<link rel=\"canonical\" href=\"https:\/\/www.sinchisinchi.com\/de\/producto\/orangenbluete\/\" \/>\n<meta property=\"og:locale\" content=\"de_DE\" \/>\n<meta property=\"og:type\" content=\"article\" \/>\n<meta property=\"og:title\" content=\"Seife mit Orangenbl\u00fcten: Shamanic Shop\" \/>\n<meta property=\"og:description\" content=\"Nat\u00fcrliche Orangenbl\u00fctenseife ist adstringierend, antiseptisch und beruhigend. Verleiht der Haut Frische, Elastizit\u00e4t und Schutz.\" \/>\n<meta property=\"og:url\" content=\"https:\/\/www.sinchisinchi.com\/de\/producto\/orangenbluete\/\" \/>\n<meta property=\"og:site_name\" content=\"SINCHI RAP\u00c9\" \/>\n<meta property=\"article:publisher\" content=\"https:\/\/www.facebook.com\/sinchirape\/\" \/>\n<meta property=\"article:modified_time\" content=\"2024-07-03T09:20:06+00:00\" \/>\n<meta property=\"og:image\" content=\"https:\/\/www.sinchisinchi.com\/wp-content\/uploads\/2024\/04\/11-flor-de-azahar.jpeg\" \/>\n\t<meta property=\"og:image:width\" content=\"225\" \/>\n\t<meta property=\"og:image:height\" content=\"225\" \/>\n\t<meta property=\"og:image:type\" content=\"image\/jpeg\" \/>\n<meta name=\"twitter:card\" content=\"summary_large_image\" \/>\n<script type=\"application\/ld+json\" class=\"yoast-schema-graph\">{\"@context\":\"https:\\\/\\\/schema.org\",\"@graph\":[{\"@type\":\"WebPage\",\"@id\":\"https:\\\/\\\/www.sinchisinchi.com\\\/de\\\/producto\\\/orangenbluete\\\/\",\"url\":\"https:\\\/\\\/www.sinchisinchi.com\\\/de\\\/producto\\\/orangenbluete\\\/\",\"name\":\"Seife mit Orangenbl\u00fcten: Shamanic Shop\",\"isPartOf\":{\"@id\":\"https:\\\/\\\/www.sinchisinchi.com\\\/de\\\/#website\"},\"primaryImageOfPage\":{\"@id\":\"https:\\\/\\\/www.sinchisinchi.com\\\/de\\\/producto\\\/orangenbluete\\\/#primaryimage\"},\"image\":{\"@id\":\"https:\\\/\\\/www.sinchisinchi.com\\\/de\\\/producto\\\/orangenbluete\\\/#primaryimage\"},\"thumbnailUrl\":\"https:\\\/\\\/www.sinchisinchi.com\\\/wp-content\\\/uploads\\\/2024\\\/04\\\/11-flor-de-azahar.jpeg\",\"datePublished\":\"2024-04-22T12:09:29+00:00\",\"dateModified\":\"2024-07-03T09:20:06+00:00\",\"description\":\"Nat\u00fcrliche Orangenbl\u00fctenseife ist adstringierend, antiseptisch und beruhigend. Verleiht der Haut Frische, Elastizit\u00e4t und Schutz.\",\"breadcrumb\":{\"@id\":\"https:\\\/\\\/www.sinchisinchi.com\\\/de\\\/producto\\\/orangenbluete\\\/#breadcrumb\"},\"inLanguage\":\"de\",\"potentialAction\":[{\"@type\":\"ReadAction\",\"target\":[\"https:\\\/\\\/www.sinchisinchi.com\\\/de\\\/producto\\\/orangenbluete\\\/\"]}]},{\"@type\":\"ImageObject\",\"inLanguage\":\"de\",\"@id\":\"https:\\\/\\\/www.sinchisinchi.com\\\/de\\\/producto\\\/orangenbluete\\\/#primaryimage\",\"url\":\"https:\\\/\\\/www.sinchisinchi.com\\\/wp-content\\\/uploads\\\/2024\\\/04\\\/11-flor-de-azahar.jpeg\",\"contentUrl\":\"https:\\\/\\\/www.sinchisinchi.com\\\/wp-content\\\/uploads\\\/2024\\\/04\\\/11-flor-de-azahar.jpeg\",\"width\":225,\"height\":225},{\"@type\":\"BreadcrumbList\",\"@id\":\"https:\\\/\\\/www.sinchisinchi.com\\\/de\\\/producto\\\/orangenbluete\\\/#breadcrumb\",\"itemListElement\":[{\"@type\":\"ListItem\",\"position\":1,\"name\":\"Titelseite\",\"item\":\"https:\\\/\\\/www.sinchisinchi.com\\\/de\\\/\"},{\"@type\":\"ListItem\",\"position\":2,\"name\":\"Produkte\",\"item\":\"https:\\\/\\\/www.sinchisinchi.com\\\/de\\\/shop\\\/\"},{\"@type\":\"ListItem\",\"position\":3,\"name\":\"Orangenbl\u00fcte\"}]},{\"@type\":\"WebSite\",\"@id\":\"https:\\\/\\\/www.sinchisinchi.com\\\/de\\\/#website\",\"url\":\"https:\\\/\\\/www.sinchisinchi.com\\\/de\\\/\",\"name\":\"SINCHI\",\"description\":\"Sinchi Medicine\",\"publisher\":{\"@id\":\"https:\\\/\\\/www.sinchisinchi.com\\\/de\\\/#organization\"},\"potentialAction\":[{\"@type\":\"SearchAction\",\"target\":{\"@type\":\"EntryPoint\",\"urlTemplate\":\"https:\\\/\\\/www.sinchisinchi.com\\\/de\\\/?s={search_term_string}\"},\"query-input\":{\"@type\":\"PropertyValueSpecification\",\"valueRequired\":true,\"valueName\":\"search_term_string\"}}],\"inLanguage\":\"de\"},{\"@type\":\"Organization\",\"@id\":\"https:\\\/\\\/www.sinchisinchi.com\\\/de\\\/#organization\",\"name\":\"SINCHI S.L\",\"url\":\"https:\\\/\\\/www.sinchisinchi.com\\\/de\\\/\",\"logo\":{\"@type\":\"ImageObject\",\"inLanguage\":\"de\",\"@id\":\"https:\\\/\\\/www.sinchisinchi.com\\\/de\\\/#\\\/schema\\\/logo\\\/image\\\/\",\"url\":\"https:\\\/\\\/www.sinchisinchi.com\\\/wp-content\\\/uploads\\\/2026\\\/01\\\/3b-Verde-SIMPLIFICADO-HORIZONTAL-F-TRANSPARENTE-scaled.png\",\"contentUrl\":\"https:\\\/\\\/www.sinchisinchi.com\\\/wp-content\\\/uploads\\\/2026\\\/01\\\/3b-Verde-SIMPLIFICADO-HORIZONTAL-F-TRANSPARENTE-scaled.png\",\"width\":2560,\"height\":457,\"caption\":\"SINCHI S.L\"},\"image\":{\"@id\":\"https:\\\/\\\/www.sinchisinchi.com\\\/de\\\/#\\\/schema\\\/logo\\\/image\\\/\"},\"sameAs\":[\"https:\\\/\\\/www.facebook.com\\\/sinchirape\\\/\",\"https:\\\/\\\/www.instagram.com\\\/sinchi_rape\\\/\"]}]}<\/script>\n<!-- \/ Yoast SEO plugin. -->","yoast_head_json":{"title":"Seife mit Orangenbl\u00fcten: Shamanic Shop","description":"Nat\u00fcrliche Orangenbl\u00fctenseife ist adstringierend, antiseptisch und beruhigend. Verleiht der Haut Frische, Elastizit\u00e4t und Schutz.","robots":{"index":"index","follow":"follow","max-snippet":"max-snippet:-1","max-image-preview":"max-image-preview:large","max-video-preview":"max-video-preview:-1"},"canonical":"https:\/\/www.sinchisinchi.com\/de\/producto\/orangenbluete\/","og_locale":"de_DE","og_type":"article","og_title":"Seife mit Orangenbl\u00fcten: Shamanic Shop","og_description":"Nat\u00fcrliche Orangenbl\u00fctenseife ist adstringierend, antiseptisch und beruhigend. Verleiht der Haut Frische, Elastizit\u00e4t und Schutz.","og_url":"https:\/\/www.sinchisinchi.com\/de\/producto\/orangenbluete\/","og_site_name":"SINCHI RAP\u00c9","article_publisher":"https:\/\/www.facebook.com\/sinchirape\/","article_modified_time":"2024-07-03T09:20:06+00:00","og_image":[{"width":225,"height":225,"url":"https:\/\/www.sinchisinchi.com\/wp-content\/uploads\/2024\/04\/11-flor-de-azahar.jpeg","type":"image\/jpeg"}],"twitter_card":"summary_large_image","schema":{"@context":"https:\/\/schema.org","@graph":[{"@type":"WebPage","@id":"https:\/\/www.sinchisinchi.com\/de\/producto\/orangenbluete\/","url":"https:\/\/www.sinchisinchi.com\/de\/producto\/orangenbluete\/","name":"Seife mit Orangenbl\u00fcten: Shamanic Shop","isPartOf":{"@id":"https:\/\/www.sinchisinchi.com\/de\/#website"},"primaryImageOfPage":{"@id":"https:\/\/www.sinchisinchi.com\/de\/producto\/orangenbluete\/#primaryimage"},"image":{"@id":"https:\/\/www.sinchisinchi.com\/de\/producto\/orangenbluete\/#primaryimage"},"thumbnailUrl":"https:\/\/www.sinchisinchi.com\/wp-content\/uploads\/2024\/04\/11-flor-de-azahar.jpeg","datePublished":"2024-04-22T12:09:29+00:00","dateModified":"2024-07-03T09:20:06+00:00","description":"Nat\u00fcrliche Orangenbl\u00fctenseife ist adstringierend, antiseptisch und beruhigend. Verleiht der Haut Frische, Elastizit\u00e4t und Schutz.","breadcrumb":{"@id":"https:\/\/www.sinchisinchi.com\/de\/producto\/orangenbluete\/#breadcrumb"},"inLanguage":"de","potentialAction":[{"@type":"ReadAction","target":["https:\/\/www.sinchisinchi.com\/de\/producto\/orangenbluete\/"]}]},{"@type":"ImageObject","inLanguage":"de","@id":"https:\/\/www.sinchisinchi.com\/de\/producto\/orangenbluete\/#primaryimage","url":"https:\/\/www.sinchisinchi.com\/wp-content\/uploads\/2024\/04\/11-flor-de-azahar.jpeg","contentUrl":"https:\/\/www.sinchisinchi.com\/wp-content\/uploads\/2024\/04\/11-flor-de-azahar.jpeg","width":225,"height":225},{"@type":"BreadcrumbList","@id":"https:\/\/www.sinchisinchi.com\/de\/producto\/orangenbluete\/#breadcrumb","itemListElement":[{"@type":"ListItem","position":1,"name":"Titelseite","item":"https:\/\/www.sinchisinchi.com\/de\/"},{"@type":"ListItem","position":2,"name":"Produkte","item":"https:\/\/www.sinchisinchi.com\/de\/shop\/"},{"@type":"ListItem","position":3,"name":"Orangenbl\u00fcte"}]},{"@type":"WebSite","@id":"https:\/\/www.sinchisinchi.com\/de\/#website","url":"https:\/\/www.sinchisinchi.com\/de\/","name":"SINCHI","description":"Sinchi Medicine","publisher":{"@id":"https:\/\/www.sinchisinchi.com\/de\/#organization"},"potentialAction":[{"@type":"SearchAction","target":{"@type":"EntryPoint","urlTemplate":"https:\/\/www.sinchisinchi.com\/de\/?s={search_term_string}"},"query-input":{"@type":"PropertyValueSpecification","valueRequired":true,"valueName":"search_term_string"}}],"inLanguage":"de"},{"@type":"Organization","@id":"https:\/\/www.sinchisinchi.com\/de\/#organization","name":"SINCHI S.L","url":"https:\/\/www.sinchisinchi.com\/de\/","logo":{"@type":"ImageObject","inLanguage":"de","@id":"https:\/\/www.sinchisinchi.com\/de\/#\/schema\/logo\/image\/","url":"https:\/\/www.sinchisinchi.com\/wp-content\/uploads\/2026\/01\/3b-Verde-SIMPLIFICADO-HORIZONTAL-F-TRANSPARENTE-scaled.png","contentUrl":"https:\/\/www.sinchisinchi.com\/wp-content\/uploads\/2026\/01\/3b-Verde-SIMPLIFICADO-HORIZONTAL-F-TRANSPARENTE-scaled.png","width":2560,"height":457,"caption":"SINCHI S.L"},"image":{"@id":"https:\/\/www.sinchisinchi.com\/de\/#\/schema\/logo\/image\/"},"sameAs":["https:\/\/www.facebook.com\/sinchirape\/","https:\/\/www.instagram.com\/sinchi_rape\/"]}]}},"_links":{"self":[{"href":"https:\/\/www.sinchisinchi.com\/de\/wp-json\/wp\/v2\/product\/13396","targetHints":{"allow":["GET"]}}],"collection":[{"href":"https:\/\/www.sinchisinchi.com\/de\/wp-json\/wp\/v2\/product"}],"about":[{"href":"https:\/\/www.sinchisinchi.com\/de\/wp-json\/wp\/v2\/types\/product"}],"wp:featuredmedia":[{"embeddable":true,"href":"https:\/\/www.sinchisinchi.com\/de\/wp-json\/wp\/v2\/media\/13265"}],"wp:attachment":[{"href":"https:\/\/www.sinchisinchi.com\/de\/wp-json\/wp\/v2\/media?parent=13396"}],"wp:term":[{"taxonomy":"product_brand","embeddable":true,"href":"https:\/\/www.sinchisinchi.com\/de\/wp-json\/wp\/v2\/product_brand?post=13396"},{"taxonomy":"product_cat","embeddable":true,"href":"https:\/\/www.sinchisinchi.com\/de\/wp-json\/wp\/v2\/product_cat?post=13396"},{"taxonomy":"product_tag","embeddable":true,"href":"https:\/\/www.sinchisinchi.com\/de\/wp-json\/wp\/v2\/product_tag?post=13396"}],"curies":[{"name":"wp","href":"https:\/\/api.w.org\/{rel}","templated":true}]}}