{"id":13401,"date":"2024-04-22T11:40:01","date_gmt":"2024-04-22T11:40:01","guid":{"rendered":"https:\/\/www.sinchisinchi.com\/producto\/arganoel\/"},"modified":"2024-07-03T10:30:03","modified_gmt":"2024-07-03T10:30:03","slug":"arganoel","status":"publish","type":"product","link":"https:\/\/www.sinchisinchi.com\/de\/producto\/arganoel\/","title":{"rendered":"Argan\u00f6l"},"content":{"rendered":"<h2 style=\"text-align: center;\"><strong><span style=\"color: #000000;\">Baum<\/span><\/strong><\/h2>\n<p><span style=\"color: #000000;\">Der Arganbaum (Argania spinosa L., Fam. Sapotaceae) ist ein Wildbaum, der im S\u00fcdwesten Marokkos an der Grenze zur Sahara beheimatet ist und auch in den kalkhaltigen Halbw\u00fcstengebieten der Region Tindouf in Algerien vorkommt.<\/span><\/p>\n<p><span style=\"color: #000000;\">Sie kann eine H\u00f6he von 8 m erreichen, hat kleine, l\u00e4ngliche Bl\u00e4tter und gelbe Bl\u00fcten. Die Frucht ist gr\u00fcn bis gelb und hat die Gr\u00f6\u00dfe einer Walnuss. Wenn sie Anfang Juni zu reifen beginnt, werden die Fr\u00fcchte geerntet, um das \u00d6l aus ihren Samen zu extrahieren.<\/span><\/p>\n<p><span style=\"color: #000000;\">Argan w\u00e4chst in Gebieten mit einer H\u00f6he von weniger als 800 m und einem trockenen Klima, dem es dank seiner tiefen Wurzeln gut standh\u00e4lt. In Zeiten gro\u00dfer D\u00fcrre verliert er seine Bl\u00e4tter, um eine \u00fcberm\u00e4\u00dfige Verdunstung zu vermeiden, und erholt sie sich bei den ersten Regenf\u00e4llen wieder.<\/span><\/p>\n<h3 style=\"text-align: center;\"><strong><span style=\"color: #000000;\">\u00d6l<\/span><\/strong><\/h3>\n<p><span style=\"color: #000000;\">Argan, bekannt als W\u00fcstengold, ist ein hochwertiges Speise\u00f6l mit nussigem Geschmack. Es gilt als der heilige Gral der \u00d6le f\u00fcr Haut und Haar, da es weder zu schwer noch zu leicht ist, leicht einzieht und sehr feuchtigkeitsspendend ist.<\/span><\/p>\n<p><span style=\"color: #000000;\">Es hat au\u00dferdem antibakterielle und fungizide Eigenschaften und hilft bei der Behandlung und Vorbeugung von bakteriellen und Pilzinfektionen der Haut.<\/span><\/p>\n<p><span style=\"color: #000000;\">Etwa 99 % des Argan\u00f6ls bestehen aus \u00d6l- und Linols\u00e4ure, die restlichen 1 % enthalten Vitamin E, Carotinoide, Sterole und Polyphenole.<\/span><\/p>\n<p><span style=\"color: #000000;\">Marokkanische Frauen verwenden Argan\u00f6l seit langem, um ihre Haut vor Sonnensch\u00e4den zu sch\u00fctzen, da die antioxidative Wirkung des Argan\u00f6ls die Haut vor Sch\u00e4den durch freie Radikale durch die Sonne sch\u00fctzt und die allgemeine Hautgesundheit st\u00e4rkt und verbessert.<\/span><\/p>\n","protected":false},"excerpt":{"rendered":"<p><span style=\"color: #000000;\">Argan\u00f6lseife wird wegen ihrer hautfreundlichen Eigenschaften sehr gesch\u00e4tzt. Reinigt und entschlackt, ist reich an Vitamin E, Vitamin A und enth\u00e4lt eine gro\u00dfe Menge an Antioxidantien.<\/span><\/p>\n<p><span style=\"color: #000000;\">Argan\u00f6l wird aus den reifen Samen der Beere des Arganbaums (Argania spinosa) gewonnen.<\/span><\/p>\n<p><span style=\"color: #000000;\">Die kraftvolle Kombination aus Antioxidantien und Vitamin E in Argan\u00f6l erh\u00f6ht die Hautelastizit\u00e4t, hat verj\u00fcngende Eigenschaften, spendet Feuchtigkeit und stimuliert die F\u00e4higkeit der Haut, Feuchtigkeit zu speichern, und tr\u00e4gt sogar dazu bei, dass Wunden und Schnitte schneller heilen.<\/span><\/p>\n<p><span style=\"color: #000000;\"><strong>Gr\u00f6\u00dfe:<\/strong> 100g<\/span><\/p>\n","protected":false},"featured_media":13141,"template":"","meta":{"_joinchat":[]},"product_brand":[],"product_cat":[343],"product_tag":[],"class_list":{"0":"post-13401","1":"product","2":"type-product","3":"status-publish","4":"has-post-thumbnail","6":"product_cat-seifen","8":"first","9":"instock","10":"taxable","11":"shipping-taxable","12":"purchasable","13":"product-type-simple"},"yoast_head":"<!-- This site is optimized with the Yoast SEO plugin v27.4 - https:\/\/yoast.com\/product\/yoast-seo-wordpress\/ -->\n<title>Seife mit Argan\u00f6l: Shamanic Shop<\/title>\n<meta name=\"description\" content=\"Argan\u00f6lseife: Es ist das Gold der W\u00fcste, gilt als der heilige Gral der \u00d6le f\u00fcr Haut und Haar und spendet viel Feuchtigkeit.\" \/>\n<meta name=\"robots\" content=\"index, follow, max-snippet:-1, max-image-preview:large, max-video-preview:-1\" \/>\n<link rel=\"canonical\" href=\"https:\/\/www.sinchisinchi.com\/de\/producto\/arganoel\/\" \/>\n<meta property=\"og:locale\" content=\"de_DE\" \/>\n<meta property=\"og:type\" content=\"article\" \/>\n<meta property=\"og:title\" content=\"Seife mit Argan\u00f6l: Shamanic Shop\" \/>\n<meta property=\"og:description\" content=\"Argan\u00f6lseife: Es ist das Gold der W\u00fcste, gilt als der heilige Gral der \u00d6le f\u00fcr Haut und Haar und spendet viel Feuchtigkeit.\" \/>\n<meta property=\"og:url\" content=\"https:\/\/www.sinchisinchi.com\/de\/producto\/arganoel\/\" \/>\n<meta property=\"og:site_name\" content=\"SINCHI RAP\u00c9\" \/>\n<meta property=\"article:publisher\" content=\"https:\/\/www.facebook.com\/sinchirape\/\" \/>\n<meta property=\"article:modified_time\" content=\"2024-07-03T10:30:03+00:00\" \/>\n<meta property=\"og:image\" content=\"https:\/\/www.sinchisinchi.com\/wp-content\/uploads\/2024\/04\/1-Aceite-de-Argan.jpeg\" \/>\n\t<meta property=\"og:image:width\" content=\"750\" \/>\n\t<meta property=\"og:image:height\" content=\"750\" \/>\n\t<meta property=\"og:image:type\" content=\"image\/jpeg\" \/>\n<meta name=\"twitter:card\" content=\"summary_large_image\" \/>\n<meta name=\"twitter:label1\" content=\"Gesch\u00e4tzte Lesezeit\" \/>\n\t<meta name=\"twitter:data1\" content=\"1\u00a0Minute\" \/>\n<script type=\"application\/ld+json\" class=\"yoast-schema-graph\">{\"@context\":\"https:\\\/\\\/schema.org\",\"@graph\":[{\"@type\":\"WebPage\",\"@id\":\"https:\\\/\\\/www.sinchisinchi.com\\\/de\\\/producto\\\/arganoel\\\/\",\"url\":\"https:\\\/\\\/www.sinchisinchi.com\\\/de\\\/producto\\\/arganoel\\\/\",\"name\":\"Seife mit Argan\u00f6l: Shamanic Shop\",\"isPartOf\":{\"@id\":\"https:\\\/\\\/www.sinchisinchi.com\\\/de\\\/#website\"},\"primaryImageOfPage\":{\"@id\":\"https:\\\/\\\/www.sinchisinchi.com\\\/de\\\/producto\\\/arganoel\\\/#primaryimage\"},\"image\":{\"@id\":\"https:\\\/\\\/www.sinchisinchi.com\\\/de\\\/producto\\\/arganoel\\\/#primaryimage\"},\"thumbnailUrl\":\"https:\\\/\\\/www.sinchisinchi.com\\\/wp-content\\\/uploads\\\/2024\\\/04\\\/1-Aceite-de-Argan.jpeg\",\"datePublished\":\"2024-04-22T11:40:01+00:00\",\"dateModified\":\"2024-07-03T10:30:03+00:00\",\"description\":\"Argan\u00f6lseife: Es ist das Gold der W\u00fcste, gilt als der heilige Gral der \u00d6le f\u00fcr Haut und Haar und spendet viel Feuchtigkeit.\",\"breadcrumb\":{\"@id\":\"https:\\\/\\\/www.sinchisinchi.com\\\/de\\\/producto\\\/arganoel\\\/#breadcrumb\"},\"inLanguage\":\"de\",\"potentialAction\":[{\"@type\":\"ReadAction\",\"target\":[\"https:\\\/\\\/www.sinchisinchi.com\\\/de\\\/producto\\\/arganoel\\\/\"]}]},{\"@type\":\"ImageObject\",\"inLanguage\":\"de\",\"@id\":\"https:\\\/\\\/www.sinchisinchi.com\\\/de\\\/producto\\\/arganoel\\\/#primaryimage\",\"url\":\"https:\\\/\\\/www.sinchisinchi.com\\\/wp-content\\\/uploads\\\/2024\\\/04\\\/1-Aceite-de-Argan.jpeg\",\"contentUrl\":\"https:\\\/\\\/www.sinchisinchi.com\\\/wp-content\\\/uploads\\\/2024\\\/04\\\/1-Aceite-de-Argan.jpeg\",\"width\":750,\"height\":750},{\"@type\":\"BreadcrumbList\",\"@id\":\"https:\\\/\\\/www.sinchisinchi.com\\\/de\\\/producto\\\/arganoel\\\/#breadcrumb\",\"itemListElement\":[{\"@type\":\"ListItem\",\"position\":1,\"name\":\"Titelseite\",\"item\":\"https:\\\/\\\/www.sinchisinchi.com\\\/de\\\/\"},{\"@type\":\"ListItem\",\"position\":2,\"name\":\"Produkte\",\"item\":\"https:\\\/\\\/www.sinchisinchi.com\\\/de\\\/shop\\\/\"},{\"@type\":\"ListItem\",\"position\":3,\"name\":\"Argan\u00f6l\"}]},{\"@type\":\"WebSite\",\"@id\":\"https:\\\/\\\/www.sinchisinchi.com\\\/de\\\/#website\",\"url\":\"https:\\\/\\\/www.sinchisinchi.com\\\/de\\\/\",\"name\":\"SINCHI\",\"description\":\"Sinchi Medicine\",\"publisher\":{\"@id\":\"https:\\\/\\\/www.sinchisinchi.com\\\/de\\\/#organization\"},\"potentialAction\":[{\"@type\":\"SearchAction\",\"target\":{\"@type\":\"EntryPoint\",\"urlTemplate\":\"https:\\\/\\\/www.sinchisinchi.com\\\/de\\\/?s={search_term_string}\"},\"query-input\":{\"@type\":\"PropertyValueSpecification\",\"valueRequired\":true,\"valueName\":\"search_term_string\"}}],\"inLanguage\":\"de\"},{\"@type\":\"Organization\",\"@id\":\"https:\\\/\\\/www.sinchisinchi.com\\\/de\\\/#organization\",\"name\":\"SINCHI S.L\",\"url\":\"https:\\\/\\\/www.sinchisinchi.com\\\/de\\\/\",\"logo\":{\"@type\":\"ImageObject\",\"inLanguage\":\"de\",\"@id\":\"https:\\\/\\\/www.sinchisinchi.com\\\/de\\\/#\\\/schema\\\/logo\\\/image\\\/\",\"url\":\"https:\\\/\\\/www.sinchisinchi.com\\\/wp-content\\\/uploads\\\/2026\\\/01\\\/3b-Verde-SIMPLIFICADO-HORIZONTAL-F-TRANSPARENTE-scaled.png\",\"contentUrl\":\"https:\\\/\\\/www.sinchisinchi.com\\\/wp-content\\\/uploads\\\/2026\\\/01\\\/3b-Verde-SIMPLIFICADO-HORIZONTAL-F-TRANSPARENTE-scaled.png\",\"width\":2560,\"height\":457,\"caption\":\"SINCHI S.L\"},\"image\":{\"@id\":\"https:\\\/\\\/www.sinchisinchi.com\\\/de\\\/#\\\/schema\\\/logo\\\/image\\\/\"},\"sameAs\":[\"https:\\\/\\\/www.facebook.com\\\/sinchirape\\\/\",\"https:\\\/\\\/www.instagram.com\\\/sinchi_rape\\\/\"]}]}<\/script>\n<!-- \/ Yoast SEO plugin. -->","yoast_head_json":{"title":"Seife mit Argan\u00f6l: Shamanic Shop","description":"Argan\u00f6lseife: Es ist das Gold der W\u00fcste, gilt als der heilige Gral der \u00d6le f\u00fcr Haut und Haar und spendet viel Feuchtigkeit.","robots":{"index":"index","follow":"follow","max-snippet":"max-snippet:-1","max-image-preview":"max-image-preview:large","max-video-preview":"max-video-preview:-1"},"canonical":"https:\/\/www.sinchisinchi.com\/de\/producto\/arganoel\/","og_locale":"de_DE","og_type":"article","og_title":"Seife mit Argan\u00f6l: Shamanic Shop","og_description":"Argan\u00f6lseife: Es ist das Gold der W\u00fcste, gilt als der heilige Gral der \u00d6le f\u00fcr Haut und Haar und spendet viel Feuchtigkeit.","og_url":"https:\/\/www.sinchisinchi.com\/de\/producto\/arganoel\/","og_site_name":"SINCHI RAP\u00c9","article_publisher":"https:\/\/www.facebook.com\/sinchirape\/","article_modified_time":"2024-07-03T10:30:03+00:00","og_image":[{"width":750,"height":750,"url":"https:\/\/www.sinchisinchi.com\/wp-content\/uploads\/2024\/04\/1-Aceite-de-Argan.jpeg","type":"image\/jpeg"}],"twitter_card":"summary_large_image","twitter_misc":{"Gesch\u00e4tzte Lesezeit":"1\u00a0Minute"},"schema":{"@context":"https:\/\/schema.org","@graph":[{"@type":"WebPage","@id":"https:\/\/www.sinchisinchi.com\/de\/producto\/arganoel\/","url":"https:\/\/www.sinchisinchi.com\/de\/producto\/arganoel\/","name":"Seife mit Argan\u00f6l: Shamanic Shop","isPartOf":{"@id":"https:\/\/www.sinchisinchi.com\/de\/#website"},"primaryImageOfPage":{"@id":"https:\/\/www.sinchisinchi.com\/de\/producto\/arganoel\/#primaryimage"},"image":{"@id":"https:\/\/www.sinchisinchi.com\/de\/producto\/arganoel\/#primaryimage"},"thumbnailUrl":"https:\/\/www.sinchisinchi.com\/wp-content\/uploads\/2024\/04\/1-Aceite-de-Argan.jpeg","datePublished":"2024-04-22T11:40:01+00:00","dateModified":"2024-07-03T10:30:03+00:00","description":"Argan\u00f6lseife: Es ist das Gold der W\u00fcste, gilt als der heilige Gral der \u00d6le f\u00fcr Haut und Haar und spendet viel Feuchtigkeit.","breadcrumb":{"@id":"https:\/\/www.sinchisinchi.com\/de\/producto\/arganoel\/#breadcrumb"},"inLanguage":"de","potentialAction":[{"@type":"ReadAction","target":["https:\/\/www.sinchisinchi.com\/de\/producto\/arganoel\/"]}]},{"@type":"ImageObject","inLanguage":"de","@id":"https:\/\/www.sinchisinchi.com\/de\/producto\/arganoel\/#primaryimage","url":"https:\/\/www.sinchisinchi.com\/wp-content\/uploads\/2024\/04\/1-Aceite-de-Argan.jpeg","contentUrl":"https:\/\/www.sinchisinchi.com\/wp-content\/uploads\/2024\/04\/1-Aceite-de-Argan.jpeg","width":750,"height":750},{"@type":"BreadcrumbList","@id":"https:\/\/www.sinchisinchi.com\/de\/producto\/arganoel\/#breadcrumb","itemListElement":[{"@type":"ListItem","position":1,"name":"Titelseite","item":"https:\/\/www.sinchisinchi.com\/de\/"},{"@type":"ListItem","position":2,"name":"Produkte","item":"https:\/\/www.sinchisinchi.com\/de\/shop\/"},{"@type":"ListItem","position":3,"name":"Argan\u00f6l"}]},{"@type":"WebSite","@id":"https:\/\/www.sinchisinchi.com\/de\/#website","url":"https:\/\/www.sinchisinchi.com\/de\/","name":"SINCHI","description":"Sinchi Medicine","publisher":{"@id":"https:\/\/www.sinchisinchi.com\/de\/#organization"},"potentialAction":[{"@type":"SearchAction","target":{"@type":"EntryPoint","urlTemplate":"https:\/\/www.sinchisinchi.com\/de\/?s={search_term_string}"},"query-input":{"@type":"PropertyValueSpecification","valueRequired":true,"valueName":"search_term_string"}}],"inLanguage":"de"},{"@type":"Organization","@id":"https:\/\/www.sinchisinchi.com\/de\/#organization","name":"SINCHI S.L","url":"https:\/\/www.sinchisinchi.com\/de\/","logo":{"@type":"ImageObject","inLanguage":"de","@id":"https:\/\/www.sinchisinchi.com\/de\/#\/schema\/logo\/image\/","url":"https:\/\/www.sinchisinchi.com\/wp-content\/uploads\/2026\/01\/3b-Verde-SIMPLIFICADO-HORIZONTAL-F-TRANSPARENTE-scaled.png","contentUrl":"https:\/\/www.sinchisinchi.com\/wp-content\/uploads\/2026\/01\/3b-Verde-SIMPLIFICADO-HORIZONTAL-F-TRANSPARENTE-scaled.png","width":2560,"height":457,"caption":"SINCHI S.L"},"image":{"@id":"https:\/\/www.sinchisinchi.com\/de\/#\/schema\/logo\/image\/"},"sameAs":["https:\/\/www.facebook.com\/sinchirape\/","https:\/\/www.instagram.com\/sinchi_rape\/"]}]}},"_links":{"self":[{"href":"https:\/\/www.sinchisinchi.com\/de\/wp-json\/wp\/v2\/product\/13401","targetHints":{"allow":["GET"]}}],"collection":[{"href":"https:\/\/www.sinchisinchi.com\/de\/wp-json\/wp\/v2\/product"}],"about":[{"href":"https:\/\/www.sinchisinchi.com\/de\/wp-json\/wp\/v2\/types\/product"}],"wp:featuredmedia":[{"embeddable":true,"href":"https:\/\/www.sinchisinchi.com\/de\/wp-json\/wp\/v2\/media\/13141"}],"wp:attachment":[{"href":"https:\/\/www.sinchisinchi.com\/de\/wp-json\/wp\/v2\/media?parent=13401"}],"wp:term":[{"taxonomy":"product_brand","embeddable":true,"href":"https:\/\/www.sinchisinchi.com\/de\/wp-json\/wp\/v2\/product_brand?post=13401"},{"taxonomy":"product_cat","embeddable":true,"href":"https:\/\/www.sinchisinchi.com\/de\/wp-json\/wp\/v2\/product_cat?post=13401"},{"taxonomy":"product_tag","embeddable":true,"href":"https:\/\/www.sinchisinchi.com\/de\/wp-json\/wp\/v2\/product_tag?post=13401"}],"curies":[{"name":"wp","href":"https:\/\/api.w.org\/{rel}","templated":true}]}}