{"id":13452,"date":"2024-04-22T12:06:31","date_gmt":"2024-04-22T12:06:31","guid":{"rendered":"https:\/\/www.sinchisinchi.com\/producto\/vanille\/"},"modified":"2024-07-03T09:05:07","modified_gmt":"2024-07-03T09:05:07","slug":"vanille","status":"publish","type":"product","link":"https:\/\/www.sinchisinchi.com\/de\/producto\/vanille\/","title":{"rendered":"Vanille"},"content":{"rendered":"<h3 style=\"text-align: center;\"><strong>Geschichte<\/strong><\/h3>\n<p>Der erste historische Hinweis auf den Anbau von Vanilleb\u00e4umen stammt aus dem 18. Jahrhundert im mexikanischen <strong>Bundesstaat Veracruz.<\/strong><\/p>\n<p>In dieser Region gaben die <strong>Totonaca<\/strong>-Gruppen der Vanille den Namen <strong>Axi-Xanath (verborgene Blume)<\/strong> und entwickelten die Technik, diese Schote zu reifen, um das Schokoladengetr\u00e4nk zu parf\u00fcmieren.<\/p>\n<p>Der Ursprung des Vanilleanbaus wird h\u00e4ufig mit der Totonaca-Kultur in Verbindung gebracht; Es gibt auch Belege f\u00fcr die Sammlung und den Anbau von Vanille im <strong>Maya-Tiefland<\/strong>. Ihre Bewohner nannten sie Vanille <strong>Sisbic-Ak (stinkende Rebe)<\/strong> und sie wurde als Medizin und Parf\u00fcm verwendet.<\/p>\n<p>Im Kodex des Kreuzes wird die rituelle Verwendung von geh\u00e4rteten Vanillesamen erw\u00e4hnt, die mit Kopalharz vermischt wurden, wodurch ein Parf\u00fcm entstand, das sie in ihren Tempeln verwendeten.<\/p>\n<p>Es wird berichtet, dass seine Verwendung mit dem Verzehr von Kakao (Theobroma cacao L.) verbunden ist, einer Art, aus der das Schokoladengetr\u00e4nk aus der Maya-Region hergestellt wird. Schokolade war ein Produkt von sehr hohem Wert, das der Elite der Maya und Azteken vorbehalten war und die Vanille in der Nahuatl-Sprache Tlilxochitl (schwarze Blume) nannte.<\/p>\n<p>&nbsp;<\/p>\n<h3 style=\"text-align: center;\"><strong>Anlage<\/strong><\/h3>\n<p>Die Vanillepflanze (Vanilla planifolia Andrews) ist eine Art aus der Gattung der Vanilleorchideen mit kletterndem Wuchs und kriechendem Wuchs, die in den Waldgebieten Mesoamerikas, insbesondere Mexiko, beheimatet ist.<\/p>\n<p>Strukturell handelt es sich um eine Kletterliane mit verholzten \u00c4sten, die auf B\u00e4ume klettert, um sich vom Sonnenlicht, der Feuchtigkeit aus der Umgebung und den N\u00e4hrstoffen, die sie aus der Luft aufnimmt, zu ern\u00e4hren, wodurch die Pflanze stillstehen kann, wenn ihre Wurzel abgeschnitten wird am Leben sein.<\/p>\n<p>Sie kann eine L\u00e4nge von mehr als 10 Metern erreichen, ihre Bl\u00e4tter sind dunkelgr\u00fcn, gl\u00e4nzend, flach (daher der wissenschaftliche Name Planifolia) und spitz.<\/p>\n","protected":false},"excerpt":{"rendered":"<p>Vanilleseife hat Eigenschaften, die die Zellregeneration f\u00f6rdern. Es n\u00e4hrt, spendet Feuchtigkeit und regeneriert gr\u00fcndlich und sch\u00fctzt die Haut dank seiner antioxidativen Eigenschaften vor freien Radikalen.<\/p>\n<p>Der Duft von Vanille hebt die Stimmung, stimuliert positive Empfindungen und Emotionen und wirkt als gro\u00dfer Sinnlichkeitsverst\u00e4rker. Es ist weiblich und wird mit dem Planeten Venus und dem Wasserelement in Verbindung gebracht.<\/p>\n<p>Traditionell wird es wegen seiner Eigenschaften verwendet, die mit Liebe, sexuellem Verlangen und geistigen Kr\u00e4ften verbunden sind. Sein Aroma und Geschmack haben aphrodisierende Eigenschaften.<\/p>\n<p>&nbsp;<\/p>\n<p><strong>Gr\u00f6\u00dfe:<\/strong> 100g<\/p>\n","protected":false},"featured_media":13250,"template":"","meta":{"_joinchat":[]},"product_brand":[],"product_cat":[343],"product_tag":[],"class_list":{"0":"post-13452","1":"product","2":"type-product","3":"status-publish","4":"has-post-thumbnail","6":"product_cat-seifen","8":"first","9":"instock","10":"taxable","11":"shipping-taxable","12":"purchasable","13":"product-type-simple"},"yoast_head":"<!-- This site is optimized with the Yoast SEO plugin v27.4 - https:\/\/yoast.com\/product\/yoast-seo-wordpress\/ -->\n<title>Jab\u00f3n con Vainilla: Tienda Cham\u00e1nica<\/title>\n<meta name=\"description\" content=\"Vanilleseife: F\u00f6rdert die Zellregeneration. Pflegt, spendet Feuchtigkeit und regeneriert gr\u00fcndlich und hat antioxidative Eigenschaften.\" \/>\n<meta name=\"robots\" content=\"index, follow, max-snippet:-1, max-image-preview:large, max-video-preview:-1\" \/>\n<link rel=\"canonical\" href=\"https:\/\/www.sinchisinchi.com\/de\/producto\/vanille\/\" \/>\n<meta property=\"og:locale\" content=\"de_DE\" \/>\n<meta property=\"og:type\" content=\"article\" \/>\n<meta property=\"og:title\" content=\"Jab\u00f3n con Vainilla: Tienda Cham\u00e1nica\" \/>\n<meta property=\"og:description\" content=\"Vanilleseife: F\u00f6rdert die Zellregeneration. Pflegt, spendet Feuchtigkeit und regeneriert gr\u00fcndlich und hat antioxidative Eigenschaften.\" \/>\n<meta property=\"og:url\" content=\"https:\/\/www.sinchisinchi.com\/de\/producto\/vanille\/\" \/>\n<meta property=\"og:site_name\" content=\"SINCHI RAP\u00c9\" \/>\n<meta property=\"article:publisher\" content=\"https:\/\/www.facebook.com\/sinchirape\/\" \/>\n<meta property=\"article:modified_time\" content=\"2024-07-03T09:05:07+00:00\" \/>\n<meta property=\"og:image\" content=\"https:\/\/www.sinchisinchi.com\/wp-content\/uploads\/2024\/04\/9-Vainilla.jpeg\" \/>\n\t<meta property=\"og:image:width\" content=\"1024\" \/>\n\t<meta property=\"og:image:height\" content=\"1024\" \/>\n\t<meta property=\"og:image:type\" content=\"image\/jpeg\" \/>\n<meta name=\"twitter:card\" content=\"summary_large_image\" \/>\n<meta name=\"twitter:label1\" content=\"Gesch\u00e4tzte Lesezeit\" \/>\n\t<meta name=\"twitter:data1\" content=\"1\u00a0Minute\" \/>\n<script type=\"application\/ld+json\" class=\"yoast-schema-graph\">{\"@context\":\"https:\\\/\\\/schema.org\",\"@graph\":[{\"@type\":\"WebPage\",\"@id\":\"https:\\\/\\\/www.sinchisinchi.com\\\/de\\\/producto\\\/vanille\\\/\",\"url\":\"https:\\\/\\\/www.sinchisinchi.com\\\/de\\\/producto\\\/vanille\\\/\",\"name\":\"Jab\u00f3n con Vainilla: Tienda Cham\u00e1nica\",\"isPartOf\":{\"@id\":\"https:\\\/\\\/www.sinchisinchi.com\\\/de\\\/#website\"},\"primaryImageOfPage\":{\"@id\":\"https:\\\/\\\/www.sinchisinchi.com\\\/de\\\/producto\\\/vanille\\\/#primaryimage\"},\"image\":{\"@id\":\"https:\\\/\\\/www.sinchisinchi.com\\\/de\\\/producto\\\/vanille\\\/#primaryimage\"},\"thumbnailUrl\":\"https:\\\/\\\/www.sinchisinchi.com\\\/wp-content\\\/uploads\\\/2024\\\/04\\\/9-Vainilla.jpeg\",\"datePublished\":\"2024-04-22T12:06:31+00:00\",\"dateModified\":\"2024-07-03T09:05:07+00:00\",\"description\":\"Vanilleseife: F\u00f6rdert die Zellregeneration. Pflegt, spendet Feuchtigkeit und regeneriert gr\u00fcndlich und hat antioxidative Eigenschaften.\",\"breadcrumb\":{\"@id\":\"https:\\\/\\\/www.sinchisinchi.com\\\/de\\\/producto\\\/vanille\\\/#breadcrumb\"},\"inLanguage\":\"de\",\"potentialAction\":[{\"@type\":\"ReadAction\",\"target\":[\"https:\\\/\\\/www.sinchisinchi.com\\\/de\\\/producto\\\/vanille\\\/\"]}]},{\"@type\":\"ImageObject\",\"inLanguage\":\"de\",\"@id\":\"https:\\\/\\\/www.sinchisinchi.com\\\/de\\\/producto\\\/vanille\\\/#primaryimage\",\"url\":\"https:\\\/\\\/www.sinchisinchi.com\\\/wp-content\\\/uploads\\\/2024\\\/04\\\/9-Vainilla.jpeg\",\"contentUrl\":\"https:\\\/\\\/www.sinchisinchi.com\\\/wp-content\\\/uploads\\\/2024\\\/04\\\/9-Vainilla.jpeg\",\"width\":1024,\"height\":1024},{\"@type\":\"BreadcrumbList\",\"@id\":\"https:\\\/\\\/www.sinchisinchi.com\\\/de\\\/producto\\\/vanille\\\/#breadcrumb\",\"itemListElement\":[{\"@type\":\"ListItem\",\"position\":1,\"name\":\"Titelseite\",\"item\":\"https:\\\/\\\/www.sinchisinchi.com\\\/de\\\/\"},{\"@type\":\"ListItem\",\"position\":2,\"name\":\"Produkte\",\"item\":\"https:\\\/\\\/www.sinchisinchi.com\\\/de\\\/shop\\\/\"},{\"@type\":\"ListItem\",\"position\":3,\"name\":\"Vanille\"}]},{\"@type\":\"WebSite\",\"@id\":\"https:\\\/\\\/www.sinchisinchi.com\\\/de\\\/#website\",\"url\":\"https:\\\/\\\/www.sinchisinchi.com\\\/de\\\/\",\"name\":\"SINCHI\",\"description\":\"Sinchi Medicine\",\"publisher\":{\"@id\":\"https:\\\/\\\/www.sinchisinchi.com\\\/de\\\/#organization\"},\"potentialAction\":[{\"@type\":\"SearchAction\",\"target\":{\"@type\":\"EntryPoint\",\"urlTemplate\":\"https:\\\/\\\/www.sinchisinchi.com\\\/de\\\/?s={search_term_string}\"},\"query-input\":{\"@type\":\"PropertyValueSpecification\",\"valueRequired\":true,\"valueName\":\"search_term_string\"}}],\"inLanguage\":\"de\"},{\"@type\":\"Organization\",\"@id\":\"https:\\\/\\\/www.sinchisinchi.com\\\/de\\\/#organization\",\"name\":\"SINCHI S.L\",\"url\":\"https:\\\/\\\/www.sinchisinchi.com\\\/de\\\/\",\"logo\":{\"@type\":\"ImageObject\",\"inLanguage\":\"de\",\"@id\":\"https:\\\/\\\/www.sinchisinchi.com\\\/de\\\/#\\\/schema\\\/logo\\\/image\\\/\",\"url\":\"https:\\\/\\\/www.sinchisinchi.com\\\/wp-content\\\/uploads\\\/2026\\\/01\\\/3b-Verde-SIMPLIFICADO-HORIZONTAL-F-TRANSPARENTE-scaled.png\",\"contentUrl\":\"https:\\\/\\\/www.sinchisinchi.com\\\/wp-content\\\/uploads\\\/2026\\\/01\\\/3b-Verde-SIMPLIFICADO-HORIZONTAL-F-TRANSPARENTE-scaled.png\",\"width\":2560,\"height\":457,\"caption\":\"SINCHI S.L\"},\"image\":{\"@id\":\"https:\\\/\\\/www.sinchisinchi.com\\\/de\\\/#\\\/schema\\\/logo\\\/image\\\/\"},\"sameAs\":[\"https:\\\/\\\/www.facebook.com\\\/sinchirape\\\/\",\"https:\\\/\\\/www.instagram.com\\\/sinchi_rape\\\/\"]}]}<\/script>\n<!-- \/ Yoast SEO plugin. -->","yoast_head_json":{"title":"Jab\u00f3n con Vainilla: Tienda Cham\u00e1nica","description":"Vanilleseife: F\u00f6rdert die Zellregeneration. Pflegt, spendet Feuchtigkeit und regeneriert gr\u00fcndlich und hat antioxidative Eigenschaften.","robots":{"index":"index","follow":"follow","max-snippet":"max-snippet:-1","max-image-preview":"max-image-preview:large","max-video-preview":"max-video-preview:-1"},"canonical":"https:\/\/www.sinchisinchi.com\/de\/producto\/vanille\/","og_locale":"de_DE","og_type":"article","og_title":"Jab\u00f3n con Vainilla: Tienda Cham\u00e1nica","og_description":"Vanilleseife: F\u00f6rdert die Zellregeneration. Pflegt, spendet Feuchtigkeit und regeneriert gr\u00fcndlich und hat antioxidative Eigenschaften.","og_url":"https:\/\/www.sinchisinchi.com\/de\/producto\/vanille\/","og_site_name":"SINCHI RAP\u00c9","article_publisher":"https:\/\/www.facebook.com\/sinchirape\/","article_modified_time":"2024-07-03T09:05:07+00:00","og_image":[{"width":1024,"height":1024,"url":"https:\/\/www.sinchisinchi.com\/wp-content\/uploads\/2024\/04\/9-Vainilla.jpeg","type":"image\/jpeg"}],"twitter_card":"summary_large_image","twitter_misc":{"Gesch\u00e4tzte Lesezeit":"1\u00a0Minute"},"schema":{"@context":"https:\/\/schema.org","@graph":[{"@type":"WebPage","@id":"https:\/\/www.sinchisinchi.com\/de\/producto\/vanille\/","url":"https:\/\/www.sinchisinchi.com\/de\/producto\/vanille\/","name":"Jab\u00f3n con Vainilla: Tienda Cham\u00e1nica","isPartOf":{"@id":"https:\/\/www.sinchisinchi.com\/de\/#website"},"primaryImageOfPage":{"@id":"https:\/\/www.sinchisinchi.com\/de\/producto\/vanille\/#primaryimage"},"image":{"@id":"https:\/\/www.sinchisinchi.com\/de\/producto\/vanille\/#primaryimage"},"thumbnailUrl":"https:\/\/www.sinchisinchi.com\/wp-content\/uploads\/2024\/04\/9-Vainilla.jpeg","datePublished":"2024-04-22T12:06:31+00:00","dateModified":"2024-07-03T09:05:07+00:00","description":"Vanilleseife: F\u00f6rdert die Zellregeneration. Pflegt, spendet Feuchtigkeit und regeneriert gr\u00fcndlich und hat antioxidative Eigenschaften.","breadcrumb":{"@id":"https:\/\/www.sinchisinchi.com\/de\/producto\/vanille\/#breadcrumb"},"inLanguage":"de","potentialAction":[{"@type":"ReadAction","target":["https:\/\/www.sinchisinchi.com\/de\/producto\/vanille\/"]}]},{"@type":"ImageObject","inLanguage":"de","@id":"https:\/\/www.sinchisinchi.com\/de\/producto\/vanille\/#primaryimage","url":"https:\/\/www.sinchisinchi.com\/wp-content\/uploads\/2024\/04\/9-Vainilla.jpeg","contentUrl":"https:\/\/www.sinchisinchi.com\/wp-content\/uploads\/2024\/04\/9-Vainilla.jpeg","width":1024,"height":1024},{"@type":"BreadcrumbList","@id":"https:\/\/www.sinchisinchi.com\/de\/producto\/vanille\/#breadcrumb","itemListElement":[{"@type":"ListItem","position":1,"name":"Titelseite","item":"https:\/\/www.sinchisinchi.com\/de\/"},{"@type":"ListItem","position":2,"name":"Produkte","item":"https:\/\/www.sinchisinchi.com\/de\/shop\/"},{"@type":"ListItem","position":3,"name":"Vanille"}]},{"@type":"WebSite","@id":"https:\/\/www.sinchisinchi.com\/de\/#website","url":"https:\/\/www.sinchisinchi.com\/de\/","name":"SINCHI","description":"Sinchi Medicine","publisher":{"@id":"https:\/\/www.sinchisinchi.com\/de\/#organization"},"potentialAction":[{"@type":"SearchAction","target":{"@type":"EntryPoint","urlTemplate":"https:\/\/www.sinchisinchi.com\/de\/?s={search_term_string}"},"query-input":{"@type":"PropertyValueSpecification","valueRequired":true,"valueName":"search_term_string"}}],"inLanguage":"de"},{"@type":"Organization","@id":"https:\/\/www.sinchisinchi.com\/de\/#organization","name":"SINCHI S.L","url":"https:\/\/www.sinchisinchi.com\/de\/","logo":{"@type":"ImageObject","inLanguage":"de","@id":"https:\/\/www.sinchisinchi.com\/de\/#\/schema\/logo\/image\/","url":"https:\/\/www.sinchisinchi.com\/wp-content\/uploads\/2026\/01\/3b-Verde-SIMPLIFICADO-HORIZONTAL-F-TRANSPARENTE-scaled.png","contentUrl":"https:\/\/www.sinchisinchi.com\/wp-content\/uploads\/2026\/01\/3b-Verde-SIMPLIFICADO-HORIZONTAL-F-TRANSPARENTE-scaled.png","width":2560,"height":457,"caption":"SINCHI S.L"},"image":{"@id":"https:\/\/www.sinchisinchi.com\/de\/#\/schema\/logo\/image\/"},"sameAs":["https:\/\/www.facebook.com\/sinchirape\/","https:\/\/www.instagram.com\/sinchi_rape\/"]}]}},"_links":{"self":[{"href":"https:\/\/www.sinchisinchi.com\/de\/wp-json\/wp\/v2\/product\/13452","targetHints":{"allow":["GET"]}}],"collection":[{"href":"https:\/\/www.sinchisinchi.com\/de\/wp-json\/wp\/v2\/product"}],"about":[{"href":"https:\/\/www.sinchisinchi.com\/de\/wp-json\/wp\/v2\/types\/product"}],"wp:featuredmedia":[{"embeddable":true,"href":"https:\/\/www.sinchisinchi.com\/de\/wp-json\/wp\/v2\/media\/13250"}],"wp:attachment":[{"href":"https:\/\/www.sinchisinchi.com\/de\/wp-json\/wp\/v2\/media?parent=13452"}],"wp:term":[{"taxonomy":"product_brand","embeddable":true,"href":"https:\/\/www.sinchisinchi.com\/de\/wp-json\/wp\/v2\/product_brand?post=13452"},{"taxonomy":"product_cat","embeddable":true,"href":"https:\/\/www.sinchisinchi.com\/de\/wp-json\/wp\/v2\/product_cat?post=13452"},{"taxonomy":"product_tag","embeddable":true,"href":"https:\/\/www.sinchisinchi.com\/de\/wp-json\/wp\/v2\/product_tag?post=13452"}],"curies":[{"name":"wp","href":"https:\/\/api.w.org\/{rel}","templated":true}]}}