{"id":13463,"date":"2024-04-22T12:04:40","date_gmt":"2024-04-22T12:04:40","guid":{"rendered":"https:\/\/www.sinchisinchi.com\/producto\/kirsche\/"},"modified":"2024-07-03T09:30:06","modified_gmt":"2024-07-03T09:30:06","slug":"kirsche","status":"publish","type":"product","link":"https:\/\/www.sinchisinchi.com\/de\/producto\/kirsche\/","title":{"rendered":"Kirsche"},"content":{"rendered":"<h3 style=\"text-align: center;\"><strong>Eigenschaften<\/strong><\/h3>\n<p>Die Kirsche geh\u00f6rt zum weiblichen Geschlecht und wird mit Venus, dem Wasserelement, in Verbindung gebracht. Traditionell wird es zur Stimulierung oder Anziehung von Liebe, Erotik und wegen seiner Eigenschaften im Zusammenhang mit der Wahrsagerei verwendet.<\/p>\n<p>Die Kirsche symbolisiert Jugend, S\u00fc\u00dfe, Fruchtbarkeit, Sexualit\u00e4t, Unschuld, Liebe, Leidenschaft, Gl\u00fcck, Hoffnung, Geburt, Frieden und Freundschaft.<\/p>\n<p>Die Kirschbl\u00fcte ist das Wahrzeichen der chinesischen und japanischen Kultur schlechthin, wo sie Reinheit, Sch\u00f6nheit und Gl\u00fcck symbolisiert.<\/p>\n<p>Sein geografischer Ursprung ist nicht genau bekannt, man geht davon aus, dass er aus den Anrainerstaaten des Schwarzen Meeres und des Kaspischen Meeres stammt. Die Griechen nannten diese Frucht &#8222;Kerasos&#8220;. Sp\u00e4ter \u00fcbernahmen die R\u00f6mer den Namen &#8222;Cerasus&#8220;, woraus sich der heutige Name &#8222;Kirsche&#8220; ableitet.<\/p>\n","protected":false},"excerpt":{"rendered":"<p>Nat\u00fcrliche Kirschseife wird verwendet, um <strong>Liebe anzuziehen<\/strong>. Sein Duft ist s\u00fc\u00df, verf\u00fchrerisch und sinnlich. Sorgt f\u00fcr Wohlbefinden, W\u00e4rme und Z\u00e4rtlichkeit.<\/p>\n<p>Kirschseife ist feuchtigkeitsspendend, reich an Vitamin E, antioxidativ und beugt der Hautalterung vor. Es verleiht der Haut Festigkeit, wirkt gegen Falten, gegen Cellulite, heilt und f\u00f6rdert die Br\u00e4unung. Reich an Vitamin C, B1, B2, B3, Kalium, Kalzium und Phosphor.<\/p>\n<p>Kirschen sch\u00fctzen und machen die Haut dank ihrer Vitamine A und C weich.<\/p>\n","protected":false},"featured_media":13958,"template":"","meta":{"_joinchat":[]},"product_brand":[],"product_cat":[343],"product_tag":[],"class_list":{"0":"post-13463","1":"product","2":"type-product","3":"status-publish","4":"has-post-thumbnail","6":"product_cat-seifen","8":"first","9":"instock","10":"taxable","11":"shipping-taxable","12":"purchasable","13":"product-type-simple"},"yoast_head":"<!-- This site is optimized with the Yoast SEO plugin v27.4 - https:\/\/yoast.com\/product\/yoast-seo-wordpress\/ -->\n<title>Kirschseife: Schamanischer Shop<\/title>\n<meta name=\"description\" content=\"Die Kirsche geh\u00f6rt zum weiblichen Geschlecht und wird mit Venus, dem Wasserelement, in Verbindung gebracht. Es wird verwendet, um Liebe und Erotik anzuziehen.\" \/>\n<meta name=\"robots\" content=\"index, follow, max-snippet:-1, max-image-preview:large, max-video-preview:-1\" \/>\n<link rel=\"canonical\" href=\"https:\/\/www.sinchisinchi.com\/de\/producto\/kirsche\/\" \/>\n<meta property=\"og:locale\" content=\"de_DE\" \/>\n<meta property=\"og:type\" content=\"article\" \/>\n<meta property=\"og:title\" content=\"Kirschseife: Schamanischer Shop\" \/>\n<meta property=\"og:description\" content=\"Die Kirsche geh\u00f6rt zum weiblichen Geschlecht und wird mit Venus, dem Wasserelement, in Verbindung gebracht. Es wird verwendet, um Liebe und Erotik anzuziehen.\" \/>\n<meta property=\"og:url\" content=\"https:\/\/www.sinchisinchi.com\/de\/producto\/kirsche\/\" \/>\n<meta property=\"og:site_name\" content=\"SINCHI RAP\u00c9\" \/>\n<meta property=\"article:publisher\" content=\"https:\/\/www.facebook.com\/sinchirape\/\" \/>\n<meta property=\"article:modified_time\" content=\"2024-07-03T09:30:06+00:00\" \/>\n<meta property=\"og:image\" content=\"https:\/\/www.sinchisinchi.com\/wp-content\/uploads\/2024\/04\/CEREZA-.jpg\" \/>\n\t<meta property=\"og:image:width\" content=\"254\" \/>\n\t<meta property=\"og:image:height\" content=\"261\" \/>\n\t<meta property=\"og:image:type\" content=\"image\/jpeg\" \/>\n<meta name=\"twitter:card\" content=\"summary_large_image\" \/>\n<meta name=\"twitter:label1\" content=\"Gesch\u00e4tzte Lesezeit\" \/>\n\t<meta name=\"twitter:data1\" content=\"1\u00a0Minute\" \/>\n<script type=\"application\/ld+json\" class=\"yoast-schema-graph\">{\"@context\":\"https:\\\/\\\/schema.org\",\"@graph\":[{\"@type\":\"WebPage\",\"@id\":\"https:\\\/\\\/www.sinchisinchi.com\\\/de\\\/producto\\\/kirsche\\\/\",\"url\":\"https:\\\/\\\/www.sinchisinchi.com\\\/de\\\/producto\\\/kirsche\\\/\",\"name\":\"Kirschseife: Schamanischer Shop\",\"isPartOf\":{\"@id\":\"https:\\\/\\\/www.sinchisinchi.com\\\/de\\\/#website\"},\"primaryImageOfPage\":{\"@id\":\"https:\\\/\\\/www.sinchisinchi.com\\\/de\\\/producto\\\/kirsche\\\/#primaryimage\"},\"image\":{\"@id\":\"https:\\\/\\\/www.sinchisinchi.com\\\/de\\\/producto\\\/kirsche\\\/#primaryimage\"},\"thumbnailUrl\":\"https:\\\/\\\/www.sinchisinchi.com\\\/wp-content\\\/uploads\\\/2024\\\/04\\\/CEREZA-.jpg\",\"datePublished\":\"2024-04-22T12:04:40+00:00\",\"dateModified\":\"2024-07-03T09:30:06+00:00\",\"description\":\"Die Kirsche geh\u00f6rt zum weiblichen Geschlecht und wird mit Venus, dem Wasserelement, in Verbindung gebracht. Es wird verwendet, um Liebe und Erotik anzuziehen.\",\"breadcrumb\":{\"@id\":\"https:\\\/\\\/www.sinchisinchi.com\\\/de\\\/producto\\\/kirsche\\\/#breadcrumb\"},\"inLanguage\":\"de\",\"potentialAction\":[{\"@type\":\"ReadAction\",\"target\":[\"https:\\\/\\\/www.sinchisinchi.com\\\/de\\\/producto\\\/kirsche\\\/\"]}]},{\"@type\":\"ImageObject\",\"inLanguage\":\"de\",\"@id\":\"https:\\\/\\\/www.sinchisinchi.com\\\/de\\\/producto\\\/kirsche\\\/#primaryimage\",\"url\":\"https:\\\/\\\/www.sinchisinchi.com\\\/wp-content\\\/uploads\\\/2024\\\/04\\\/CEREZA-.jpg\",\"contentUrl\":\"https:\\\/\\\/www.sinchisinchi.com\\\/wp-content\\\/uploads\\\/2024\\\/04\\\/CEREZA-.jpg\",\"width\":254,\"height\":261},{\"@type\":\"BreadcrumbList\",\"@id\":\"https:\\\/\\\/www.sinchisinchi.com\\\/de\\\/producto\\\/kirsche\\\/#breadcrumb\",\"itemListElement\":[{\"@type\":\"ListItem\",\"position\":1,\"name\":\"Titelseite\",\"item\":\"https:\\\/\\\/www.sinchisinchi.com\\\/de\\\/\"},{\"@type\":\"ListItem\",\"position\":2,\"name\":\"Produkte\",\"item\":\"https:\\\/\\\/www.sinchisinchi.com\\\/de\\\/shop\\\/\"},{\"@type\":\"ListItem\",\"position\":3,\"name\":\"Kirsche\"}]},{\"@type\":\"WebSite\",\"@id\":\"https:\\\/\\\/www.sinchisinchi.com\\\/de\\\/#website\",\"url\":\"https:\\\/\\\/www.sinchisinchi.com\\\/de\\\/\",\"name\":\"SINCHI\",\"description\":\"Sinchi Medicine\",\"publisher\":{\"@id\":\"https:\\\/\\\/www.sinchisinchi.com\\\/de\\\/#organization\"},\"potentialAction\":[{\"@type\":\"SearchAction\",\"target\":{\"@type\":\"EntryPoint\",\"urlTemplate\":\"https:\\\/\\\/www.sinchisinchi.com\\\/de\\\/?s={search_term_string}\"},\"query-input\":{\"@type\":\"PropertyValueSpecification\",\"valueRequired\":true,\"valueName\":\"search_term_string\"}}],\"inLanguage\":\"de\"},{\"@type\":\"Organization\",\"@id\":\"https:\\\/\\\/www.sinchisinchi.com\\\/de\\\/#organization\",\"name\":\"SINCHI S.L\",\"url\":\"https:\\\/\\\/www.sinchisinchi.com\\\/de\\\/\",\"logo\":{\"@type\":\"ImageObject\",\"inLanguage\":\"de\",\"@id\":\"https:\\\/\\\/www.sinchisinchi.com\\\/de\\\/#\\\/schema\\\/logo\\\/image\\\/\",\"url\":\"https:\\\/\\\/www.sinchisinchi.com\\\/wp-content\\\/uploads\\\/2026\\\/01\\\/3b-Verde-SIMPLIFICADO-HORIZONTAL-F-TRANSPARENTE-scaled.png\",\"contentUrl\":\"https:\\\/\\\/www.sinchisinchi.com\\\/wp-content\\\/uploads\\\/2026\\\/01\\\/3b-Verde-SIMPLIFICADO-HORIZONTAL-F-TRANSPARENTE-scaled.png\",\"width\":2560,\"height\":457,\"caption\":\"SINCHI S.L\"},\"image\":{\"@id\":\"https:\\\/\\\/www.sinchisinchi.com\\\/de\\\/#\\\/schema\\\/logo\\\/image\\\/\"},\"sameAs\":[\"https:\\\/\\\/www.facebook.com\\\/sinchirape\\\/\",\"https:\\\/\\\/www.instagram.com\\\/sinchi_rape\\\/\"]}]}<\/script>\n<!-- \/ Yoast SEO plugin. -->","yoast_head_json":{"title":"Kirschseife: Schamanischer Shop","description":"Die Kirsche geh\u00f6rt zum weiblichen Geschlecht und wird mit Venus, dem Wasserelement, in Verbindung gebracht. Es wird verwendet, um Liebe und Erotik anzuziehen.","robots":{"index":"index","follow":"follow","max-snippet":"max-snippet:-1","max-image-preview":"max-image-preview:large","max-video-preview":"max-video-preview:-1"},"canonical":"https:\/\/www.sinchisinchi.com\/de\/producto\/kirsche\/","og_locale":"de_DE","og_type":"article","og_title":"Kirschseife: Schamanischer Shop","og_description":"Die Kirsche geh\u00f6rt zum weiblichen Geschlecht und wird mit Venus, dem Wasserelement, in Verbindung gebracht. Es wird verwendet, um Liebe und Erotik anzuziehen.","og_url":"https:\/\/www.sinchisinchi.com\/de\/producto\/kirsche\/","og_site_name":"SINCHI RAP\u00c9","article_publisher":"https:\/\/www.facebook.com\/sinchirape\/","article_modified_time":"2024-07-03T09:30:06+00:00","og_image":[{"width":254,"height":261,"url":"https:\/\/www.sinchisinchi.com\/wp-content\/uploads\/2024\/04\/CEREZA-.jpg","type":"image\/jpeg"}],"twitter_card":"summary_large_image","twitter_misc":{"Gesch\u00e4tzte Lesezeit":"1\u00a0Minute"},"schema":{"@context":"https:\/\/schema.org","@graph":[{"@type":"WebPage","@id":"https:\/\/www.sinchisinchi.com\/de\/producto\/kirsche\/","url":"https:\/\/www.sinchisinchi.com\/de\/producto\/kirsche\/","name":"Kirschseife: Schamanischer Shop","isPartOf":{"@id":"https:\/\/www.sinchisinchi.com\/de\/#website"},"primaryImageOfPage":{"@id":"https:\/\/www.sinchisinchi.com\/de\/producto\/kirsche\/#primaryimage"},"image":{"@id":"https:\/\/www.sinchisinchi.com\/de\/producto\/kirsche\/#primaryimage"},"thumbnailUrl":"https:\/\/www.sinchisinchi.com\/wp-content\/uploads\/2024\/04\/CEREZA-.jpg","datePublished":"2024-04-22T12:04:40+00:00","dateModified":"2024-07-03T09:30:06+00:00","description":"Die Kirsche geh\u00f6rt zum weiblichen Geschlecht und wird mit Venus, dem Wasserelement, in Verbindung gebracht. Es wird verwendet, um Liebe und Erotik anzuziehen.","breadcrumb":{"@id":"https:\/\/www.sinchisinchi.com\/de\/producto\/kirsche\/#breadcrumb"},"inLanguage":"de","potentialAction":[{"@type":"ReadAction","target":["https:\/\/www.sinchisinchi.com\/de\/producto\/kirsche\/"]}]},{"@type":"ImageObject","inLanguage":"de","@id":"https:\/\/www.sinchisinchi.com\/de\/producto\/kirsche\/#primaryimage","url":"https:\/\/www.sinchisinchi.com\/wp-content\/uploads\/2024\/04\/CEREZA-.jpg","contentUrl":"https:\/\/www.sinchisinchi.com\/wp-content\/uploads\/2024\/04\/CEREZA-.jpg","width":254,"height":261},{"@type":"BreadcrumbList","@id":"https:\/\/www.sinchisinchi.com\/de\/producto\/kirsche\/#breadcrumb","itemListElement":[{"@type":"ListItem","position":1,"name":"Titelseite","item":"https:\/\/www.sinchisinchi.com\/de\/"},{"@type":"ListItem","position":2,"name":"Produkte","item":"https:\/\/www.sinchisinchi.com\/de\/shop\/"},{"@type":"ListItem","position":3,"name":"Kirsche"}]},{"@type":"WebSite","@id":"https:\/\/www.sinchisinchi.com\/de\/#website","url":"https:\/\/www.sinchisinchi.com\/de\/","name":"SINCHI","description":"Sinchi Medicine","publisher":{"@id":"https:\/\/www.sinchisinchi.com\/de\/#organization"},"potentialAction":[{"@type":"SearchAction","target":{"@type":"EntryPoint","urlTemplate":"https:\/\/www.sinchisinchi.com\/de\/?s={search_term_string}"},"query-input":{"@type":"PropertyValueSpecification","valueRequired":true,"valueName":"search_term_string"}}],"inLanguage":"de"},{"@type":"Organization","@id":"https:\/\/www.sinchisinchi.com\/de\/#organization","name":"SINCHI S.L","url":"https:\/\/www.sinchisinchi.com\/de\/","logo":{"@type":"ImageObject","inLanguage":"de","@id":"https:\/\/www.sinchisinchi.com\/de\/#\/schema\/logo\/image\/","url":"https:\/\/www.sinchisinchi.com\/wp-content\/uploads\/2026\/01\/3b-Verde-SIMPLIFICADO-HORIZONTAL-F-TRANSPARENTE-scaled.png","contentUrl":"https:\/\/www.sinchisinchi.com\/wp-content\/uploads\/2026\/01\/3b-Verde-SIMPLIFICADO-HORIZONTAL-F-TRANSPARENTE-scaled.png","width":2560,"height":457,"caption":"SINCHI S.L"},"image":{"@id":"https:\/\/www.sinchisinchi.com\/de\/#\/schema\/logo\/image\/"},"sameAs":["https:\/\/www.facebook.com\/sinchirape\/","https:\/\/www.instagram.com\/sinchi_rape\/"]}]}},"_links":{"self":[{"href":"https:\/\/www.sinchisinchi.com\/de\/wp-json\/wp\/v2\/product\/13463","targetHints":{"allow":["GET"]}}],"collection":[{"href":"https:\/\/www.sinchisinchi.com\/de\/wp-json\/wp\/v2\/product"}],"about":[{"href":"https:\/\/www.sinchisinchi.com\/de\/wp-json\/wp\/v2\/types\/product"}],"wp:featuredmedia":[{"embeddable":true,"href":"https:\/\/www.sinchisinchi.com\/de\/wp-json\/wp\/v2\/media\/13958"}],"wp:attachment":[{"href":"https:\/\/www.sinchisinchi.com\/de\/wp-json\/wp\/v2\/media?parent=13463"}],"wp:term":[{"taxonomy":"product_brand","embeddable":true,"href":"https:\/\/www.sinchisinchi.com\/de\/wp-json\/wp\/v2\/product_brand?post=13463"},{"taxonomy":"product_cat","embeddable":true,"href":"https:\/\/www.sinchisinchi.com\/de\/wp-json\/wp\/v2\/product_cat?post=13463"},{"taxonomy":"product_tag","embeddable":true,"href":"https:\/\/www.sinchisinchi.com\/de\/wp-json\/wp\/v2\/product_tag?post=13463"}],"curies":[{"name":"wp","href":"https:\/\/api.w.org\/{rel}","templated":true}]}}