{"id":13471,"date":"2024-04-22T12:03:01","date_gmt":"2024-04-22T12:03:01","guid":{"rendered":"https:\/\/www.sinchisinchi.com\/producto\/shea-und-seide\/"},"modified":"2024-07-03T10:03:27","modified_gmt":"2024-07-03T10:03:27","slug":"shea-und-seide","status":"publish","type":"product","link":"https:\/\/www.sinchisinchi.com\/de\/producto\/shea-und-seide\/","title":{"rendered":"Shea und Seide"},"content":{"rendered":"<h2 style=\"text-align: center;\"><strong>Geschichte der Marseille-Seife<\/strong><\/h2>\n<p>Marseille-Seife wird aus Pflanzen\u00f6len hergestellt und stammt aus Marseille (Frankreich). Die ersten Aufzeichnungen \u00fcber seine Verwendung stammen aus dem Jahr 1370, und 1688 wurde die Verwendung des Namens f\u00fcr Seifen reguliert, die nur in der Gegend von Marseille aus Oliven\u00f6l hergestellt wurden und die kastilische Seife imitierten.<\/p>\n<p>Die Verwendung \u00e4therischer \u00d6le reicht bis in Mesopotamien vor mehr als 5.000 Jahren zur\u00fcck. Sie wurden auch in Parf\u00fcms und Kosmetika in \u00c4gypten, Indien, Griechenland und Rom verwendet.<\/p>\n<p>Hippokrates, einer der ersten griechischen \u00c4rzte, verwendete Essenzen aromatischer Pflanzen, um viele Krankheiten zu heilen. Die R\u00f6mer assoziierten \u00e4therische \u00d6le und ihre verschiedenen Aromen mit Reichtum und Erfolg.<\/p>\n<p><strong>Mesopotamien 2.500 v. Chr.:<\/strong> In Mesopotamien wurden sumerische Tontafeln gefunden, auf denen die Mischung erw\u00e4hnt wird, die durch Kochen von \u00d6len mit Kalium, Harzen und Salz gewonnen wurde.<\/p>\n<p><strong>Syrien 1.500 v. Chr.:<\/strong> Syrische Seife aus der Stadt Aleppo, einem alten ph\u00f6nizischen Territorium, wird noch heute nach der gleichen traditionellen Methode und mit Oliven\u00f6l und Lorbeer\u00f6l hergestellt.<\/p>\n<p>Seine uralte Herstellungsmethode reicht mehr als 2.000 Jahre zur\u00fcck. Die ersten Seifen in der Geschichte waren fl\u00fcssige Seifenemulsionen, und in Aleppo wurden das Verseifungsverfahren und die Verwendung von Oliven\u00f6l und Lorbeerblatt eingef\u00fchrt, was zur ersten festen Seife f\u00fchrte.<\/p>\n<p>Nach den Kreuzz\u00fcgen im 12. Jahrhundert verbreitete sich die Seifenproduktion im gesamten Mittelmeerraum und erreichte Italien, Frankreich (Marseille-Seife) und Spanien (Kastilien-Seife).<\/p>\n<p>Dabei beziehen sich ihre Produzenten stets auf einen Aspekt, der sie einzigartig macht und ihr eine besondere Mystik verleiht: die syrische Sonne, unter der die Seife in der Endphase ihrer Herstellung trocknet.<\/p>\n<p><strong>\u00c4gypten 1500 v. Chr.:<\/strong> Um sich zu reinigen, verwendeten die \u00c4gypter als Seife eine Mischung aus Natron (ein aus Salzseen gewonnenes Mineral Natriumcarbonat), Bleicherde (ein wenig elastischer Ton, der Fettstoffe absorbieren kann) und eingeweichten Lupinen.<\/p>\n<p>Im Papyrus Ebers aus dem Jahr 1500 v. Chr. wird berichtet, dass die \u00c4gypter eine Seifenpaste aus Asche und Ton gemischt mit nat\u00fcrlichen \u00d6len verwendeten, ein wesentliches kosmetisches Mittel f\u00fcr die \u00e4gyptische Elite.<\/p>\n<p><strong>Ph\u00f6nizier 1.200 v. Chr.:<\/strong> Die Ph\u00f6nizier stellten Seife aus Oliven\u00f6l und Natronlauge (oder Natriumcarbonat) her, die aus der Asche der Verbrennung von Halophytenpflanzen (Pflanzen, die in Salzw\u00fcsten leben) wie Salicornia oder Salsola gewonnen wurden.<\/p>\n<p><strong>Kelten 900 v. Chr.:<\/strong> Sie verwendeten Ziegenfett und Birkenasche zur Herstellung ihrer Seifen.<\/p>\n<p><strong>Griechenland und Etrusker 500 v. Chr.:<\/strong> Sie wuschen sich, indem sie ihre K\u00f6rper mit einer Mischung aus aromatischen \u00d6len und Sand oder Asche einrieben und diese dann mit einem Strigil entfernten.<\/p>\n<p><strong>Germanische und gallische V\u00f6lker 300 v. Chr.:<\/strong> Seife war laut dem r\u00f6mischen Historiker Plinius eine gallische Erfindung. Die Gallier stellten ihre Seifen aus Buchenasche und Talg oder Eberfett her und f\u00e4rbten damit laut Plinius ihre langen Haare blond oder rot.<\/p>\n<p>Der Geruch von ranzigem Fett war f\u00fcr die R\u00f6mer barbarisch.<\/p>\n<p><strong>Arabien 200 v. Chr.:<\/strong> Im 3. Jahrhundert v. Chr. Seife wurde in Arabien durch Kochen einer Mischung aus Kali, Alkali aus Asche, Sesam\u00f6l und Zitrone hergestellt.<\/p>\n<p><strong>Al Andalus 8. Jahrhundert:<\/strong> Die Araber errichteten Ende des 10. Jahrhunderts in Al Andalus in Sevilla die erste gro\u00dfe europ\u00e4ische Seifenfabrik. Im Guadalquivir-Tal, wo es gro\u00dfe Olivenhaine und S\u00fcmpfe gab, wurden die notwendigen Rohstoffe f\u00fcr die Herstellung einer Seife gewonnen, die vier Jahrhunderte sp\u00e4ter als Kastilienseife bekannt wurde. Dennoch wurden Seifenfabriken in Andalusien weiterhin mit dem arabischen Namen (Almona) bezeichnet.<\/p>\n<p><strong>Kastilien 14. Jahrhundert:<\/strong> Es wurde kastilische Seife hergestellt, die aus pflanzlichen \u00d6len anstelle von tierischen Fetten bestand und daher f\u00fcr die pers\u00f6nliche Hygiene verwendet werden konnte. Seitdem sind die Europ\u00e4er sauberer geworden und gro\u00dfe Pandemien begannen zu verschwinden.<\/p>\n<p><strong>Marseille 14. Jahrhundert:<\/strong> Die ber\u00fchmten Seifenfabriken von Marseille wurden im 14. Jahrhundert gegr\u00fcndet. Diese Seife wurde traditionell aus Oliven\u00f6l, mediterranem Wasser und Natronlauge aus Lorbeerasche hergestellt. Ebenso wie Aleppo-Seife wird sie auch heute noch hergestellt.<\/p>\n<p><strong>Mexiko 1575:<\/strong> In Mexiko-Stadt wurde eine Almona gebaut. Die dort hergestellte Seife war diejenige, die von den Mexikanern verwendet wurde und aus Tequesquite, einem Mineral, das reich an Soda ist, und einigen Pflanzen hergestellt wurde. Im 17. Jahrhundert wissen wir von der Existenz einer Seifenfabrik in Guayaquil, die Seife aus Kuhtalg und Grasasche herstellte.<\/p>\n<p><strong>Guayaquil 17:<\/strong>\u00a0Jahrhundert: Seifenfabrik in Guayaquil, die Seife aus Kuhtalg und Grasasche herstellte.<\/p>\n","protected":false},"excerpt":{"rendered":"<p>Sheabutter ist einer der feuchtigkeitsspendendsten Inhaltsstoffe \u00fcberhaupt. Es verf\u00fcgt \u00fcber eine hohe N\u00e4hr- und Feuchtigkeitskraft und eignet sich besonders zur Wiederherstellung der nat\u00fcrlichen Elastizit\u00e4t der Haut.<\/p>\n<p>Diese Seife wird in Marseille nach alten Methoden und \u00fcberlieferten Rezepten handgefertigt und verwendet v\u00f6llig nat\u00fcrliche Zutaten: Mittelmeerwasser, \u00e4therisches Sandelholz\u00f6l, hochwertige Pflanzen\u00f6le und Natriumcarbonat. Es ist zu 100 % biologisch abbaubar.<\/p>\n<p>&nbsp;<\/p>\n<p><strong>Gr\u00f6\u00dfe:<\/strong> 125g<\/p>\n","protected":false},"featured_media":13224,"template":"","meta":{"_joinchat":[]},"product_brand":[],"product_cat":[343],"product_tag":[],"class_list":{"0":"post-13471","1":"product","2":"type-product","3":"status-publish","4":"has-post-thumbnail","6":"product_cat-seifen","8":"first","9":"instock","10":"taxable","11":"shipping-taxable","12":"purchasable","13":"product-type-simple"},"yoast_head":"<!-- This site is optimized with the Yoast SEO plugin v27.4 - https:\/\/yoast.com\/product\/yoast-seo-wordpress\/ -->\n<title>Seife mit Shea und Seide: Shamanic Shop<\/title>\n<meta name=\"description\" content=\"Sheabutterseife: Sie hat eine hohe N\u00e4hr- und Feuchtigkeitskraft und eignet sich besonders zur Wiederherstellung der nat\u00fcrlichen Elastizit\u00e4t der Haut.\" \/>\n<meta name=\"robots\" content=\"index, follow, max-snippet:-1, max-image-preview:large, max-video-preview:-1\" \/>\n<link rel=\"canonical\" href=\"https:\/\/www.sinchisinchi.com\/de\/producto\/shea-und-seide\/\" \/>\n<meta property=\"og:locale\" content=\"de_DE\" \/>\n<meta property=\"og:type\" content=\"article\" \/>\n<meta property=\"og:title\" content=\"Seife mit Shea und Seide: Shamanic Shop\" \/>\n<meta property=\"og:description\" content=\"Sheabutterseife: Sie hat eine hohe N\u00e4hr- und Feuchtigkeitskraft und eignet sich besonders zur Wiederherstellung der nat\u00fcrlichen Elastizit\u00e4t der Haut.\" \/>\n<meta property=\"og:url\" content=\"https:\/\/www.sinchisinchi.com\/de\/producto\/shea-und-seide\/\" \/>\n<meta property=\"og:site_name\" content=\"SINCHI RAP\u00c9\" \/>\n<meta property=\"article:publisher\" content=\"https:\/\/www.facebook.com\/sinchirape\/\" \/>\n<meta property=\"article:modified_time\" content=\"2024-07-03T10:03:27+00:00\" \/>\n<meta property=\"og:image\" content=\"https:\/\/www.sinchisinchi.com\/wp-content\/uploads\/2024\/04\/7-karite-y-seda.jpeg\" \/>\n\t<meta property=\"og:image:width\" content=\"750\" \/>\n\t<meta property=\"og:image:height\" content=\"750\" \/>\n\t<meta property=\"og:image:type\" content=\"image\/jpeg\" \/>\n<meta name=\"twitter:card\" content=\"summary_large_image\" \/>\n<meta name=\"twitter:label1\" content=\"Gesch\u00e4tzte Lesezeit\" \/>\n\t<meta name=\"twitter:data1\" content=\"3\u00a0Minuten\" \/>\n<script type=\"application\/ld+json\" class=\"yoast-schema-graph\">{\"@context\":\"https:\\\/\\\/schema.org\",\"@graph\":[{\"@type\":\"WebPage\",\"@id\":\"https:\\\/\\\/www.sinchisinchi.com\\\/de\\\/producto\\\/shea-und-seide\\\/\",\"url\":\"https:\\\/\\\/www.sinchisinchi.com\\\/de\\\/producto\\\/shea-und-seide\\\/\",\"name\":\"Seife mit Shea und Seide: Shamanic Shop\",\"isPartOf\":{\"@id\":\"https:\\\/\\\/www.sinchisinchi.com\\\/de\\\/#website\"},\"primaryImageOfPage\":{\"@id\":\"https:\\\/\\\/www.sinchisinchi.com\\\/de\\\/producto\\\/shea-und-seide\\\/#primaryimage\"},\"image\":{\"@id\":\"https:\\\/\\\/www.sinchisinchi.com\\\/de\\\/producto\\\/shea-und-seide\\\/#primaryimage\"},\"thumbnailUrl\":\"https:\\\/\\\/www.sinchisinchi.com\\\/wp-content\\\/uploads\\\/2024\\\/04\\\/7-karite-y-seda.jpeg\",\"datePublished\":\"2024-04-22T12:03:01+00:00\",\"dateModified\":\"2024-07-03T10:03:27+00:00\",\"description\":\"Sheabutterseife: Sie hat eine hohe N\u00e4hr- und Feuchtigkeitskraft und eignet sich besonders zur Wiederherstellung der nat\u00fcrlichen Elastizit\u00e4t der Haut.\",\"breadcrumb\":{\"@id\":\"https:\\\/\\\/www.sinchisinchi.com\\\/de\\\/producto\\\/shea-und-seide\\\/#breadcrumb\"},\"inLanguage\":\"de\",\"potentialAction\":[{\"@type\":\"ReadAction\",\"target\":[\"https:\\\/\\\/www.sinchisinchi.com\\\/de\\\/producto\\\/shea-und-seide\\\/\"]}]},{\"@type\":\"ImageObject\",\"inLanguage\":\"de\",\"@id\":\"https:\\\/\\\/www.sinchisinchi.com\\\/de\\\/producto\\\/shea-und-seide\\\/#primaryimage\",\"url\":\"https:\\\/\\\/www.sinchisinchi.com\\\/wp-content\\\/uploads\\\/2024\\\/04\\\/7-karite-y-seda.jpeg\",\"contentUrl\":\"https:\\\/\\\/www.sinchisinchi.com\\\/wp-content\\\/uploads\\\/2024\\\/04\\\/7-karite-y-seda.jpeg\",\"width\":750,\"height\":750},{\"@type\":\"BreadcrumbList\",\"@id\":\"https:\\\/\\\/www.sinchisinchi.com\\\/de\\\/producto\\\/shea-und-seide\\\/#breadcrumb\",\"itemListElement\":[{\"@type\":\"ListItem\",\"position\":1,\"name\":\"Titelseite\",\"item\":\"https:\\\/\\\/www.sinchisinchi.com\\\/de\\\/\"},{\"@type\":\"ListItem\",\"position\":2,\"name\":\"Produkte\",\"item\":\"https:\\\/\\\/www.sinchisinchi.com\\\/de\\\/shop\\\/\"},{\"@type\":\"ListItem\",\"position\":3,\"name\":\"Shea und Seide\"}]},{\"@type\":\"WebSite\",\"@id\":\"https:\\\/\\\/www.sinchisinchi.com\\\/de\\\/#website\",\"url\":\"https:\\\/\\\/www.sinchisinchi.com\\\/de\\\/\",\"name\":\"SINCHI\",\"description\":\"Sinchi Medicine\",\"publisher\":{\"@id\":\"https:\\\/\\\/www.sinchisinchi.com\\\/de\\\/#organization\"},\"potentialAction\":[{\"@type\":\"SearchAction\",\"target\":{\"@type\":\"EntryPoint\",\"urlTemplate\":\"https:\\\/\\\/www.sinchisinchi.com\\\/de\\\/?s={search_term_string}\"},\"query-input\":{\"@type\":\"PropertyValueSpecification\",\"valueRequired\":true,\"valueName\":\"search_term_string\"}}],\"inLanguage\":\"de\"},{\"@type\":\"Organization\",\"@id\":\"https:\\\/\\\/www.sinchisinchi.com\\\/de\\\/#organization\",\"name\":\"SINCHI S.L\",\"url\":\"https:\\\/\\\/www.sinchisinchi.com\\\/de\\\/\",\"logo\":{\"@type\":\"ImageObject\",\"inLanguage\":\"de\",\"@id\":\"https:\\\/\\\/www.sinchisinchi.com\\\/de\\\/#\\\/schema\\\/logo\\\/image\\\/\",\"url\":\"https:\\\/\\\/www.sinchisinchi.com\\\/wp-content\\\/uploads\\\/2026\\\/01\\\/3b-Verde-SIMPLIFICADO-HORIZONTAL-F-TRANSPARENTE-scaled.png\",\"contentUrl\":\"https:\\\/\\\/www.sinchisinchi.com\\\/wp-content\\\/uploads\\\/2026\\\/01\\\/3b-Verde-SIMPLIFICADO-HORIZONTAL-F-TRANSPARENTE-scaled.png\",\"width\":2560,\"height\":457,\"caption\":\"SINCHI S.L\"},\"image\":{\"@id\":\"https:\\\/\\\/www.sinchisinchi.com\\\/de\\\/#\\\/schema\\\/logo\\\/image\\\/\"},\"sameAs\":[\"https:\\\/\\\/www.facebook.com\\\/sinchirape\\\/\",\"https:\\\/\\\/www.instagram.com\\\/sinchi_rape\\\/\"]}]}<\/script>\n<!-- \/ Yoast SEO plugin. -->","yoast_head_json":{"title":"Seife mit Shea und Seide: Shamanic Shop","description":"Sheabutterseife: Sie hat eine hohe N\u00e4hr- und Feuchtigkeitskraft und eignet sich besonders zur Wiederherstellung der nat\u00fcrlichen Elastizit\u00e4t der Haut.","robots":{"index":"index","follow":"follow","max-snippet":"max-snippet:-1","max-image-preview":"max-image-preview:large","max-video-preview":"max-video-preview:-1"},"canonical":"https:\/\/www.sinchisinchi.com\/de\/producto\/shea-und-seide\/","og_locale":"de_DE","og_type":"article","og_title":"Seife mit Shea und Seide: Shamanic Shop","og_description":"Sheabutterseife: Sie hat eine hohe N\u00e4hr- und Feuchtigkeitskraft und eignet sich besonders zur Wiederherstellung der nat\u00fcrlichen Elastizit\u00e4t der Haut.","og_url":"https:\/\/www.sinchisinchi.com\/de\/producto\/shea-und-seide\/","og_site_name":"SINCHI RAP\u00c9","article_publisher":"https:\/\/www.facebook.com\/sinchirape\/","article_modified_time":"2024-07-03T10:03:27+00:00","og_image":[{"width":750,"height":750,"url":"https:\/\/www.sinchisinchi.com\/wp-content\/uploads\/2024\/04\/7-karite-y-seda.jpeg","type":"image\/jpeg"}],"twitter_card":"summary_large_image","twitter_misc":{"Gesch\u00e4tzte Lesezeit":"3\u00a0Minuten"},"schema":{"@context":"https:\/\/schema.org","@graph":[{"@type":"WebPage","@id":"https:\/\/www.sinchisinchi.com\/de\/producto\/shea-und-seide\/","url":"https:\/\/www.sinchisinchi.com\/de\/producto\/shea-und-seide\/","name":"Seife mit Shea und Seide: Shamanic Shop","isPartOf":{"@id":"https:\/\/www.sinchisinchi.com\/de\/#website"},"primaryImageOfPage":{"@id":"https:\/\/www.sinchisinchi.com\/de\/producto\/shea-und-seide\/#primaryimage"},"image":{"@id":"https:\/\/www.sinchisinchi.com\/de\/producto\/shea-und-seide\/#primaryimage"},"thumbnailUrl":"https:\/\/www.sinchisinchi.com\/wp-content\/uploads\/2024\/04\/7-karite-y-seda.jpeg","datePublished":"2024-04-22T12:03:01+00:00","dateModified":"2024-07-03T10:03:27+00:00","description":"Sheabutterseife: Sie hat eine hohe N\u00e4hr- und Feuchtigkeitskraft und eignet sich besonders zur Wiederherstellung der nat\u00fcrlichen Elastizit\u00e4t der Haut.","breadcrumb":{"@id":"https:\/\/www.sinchisinchi.com\/de\/producto\/shea-und-seide\/#breadcrumb"},"inLanguage":"de","potentialAction":[{"@type":"ReadAction","target":["https:\/\/www.sinchisinchi.com\/de\/producto\/shea-und-seide\/"]}]},{"@type":"ImageObject","inLanguage":"de","@id":"https:\/\/www.sinchisinchi.com\/de\/producto\/shea-und-seide\/#primaryimage","url":"https:\/\/www.sinchisinchi.com\/wp-content\/uploads\/2024\/04\/7-karite-y-seda.jpeg","contentUrl":"https:\/\/www.sinchisinchi.com\/wp-content\/uploads\/2024\/04\/7-karite-y-seda.jpeg","width":750,"height":750},{"@type":"BreadcrumbList","@id":"https:\/\/www.sinchisinchi.com\/de\/producto\/shea-und-seide\/#breadcrumb","itemListElement":[{"@type":"ListItem","position":1,"name":"Titelseite","item":"https:\/\/www.sinchisinchi.com\/de\/"},{"@type":"ListItem","position":2,"name":"Produkte","item":"https:\/\/www.sinchisinchi.com\/de\/shop\/"},{"@type":"ListItem","position":3,"name":"Shea und Seide"}]},{"@type":"WebSite","@id":"https:\/\/www.sinchisinchi.com\/de\/#website","url":"https:\/\/www.sinchisinchi.com\/de\/","name":"SINCHI","description":"Sinchi Medicine","publisher":{"@id":"https:\/\/www.sinchisinchi.com\/de\/#organization"},"potentialAction":[{"@type":"SearchAction","target":{"@type":"EntryPoint","urlTemplate":"https:\/\/www.sinchisinchi.com\/de\/?s={search_term_string}"},"query-input":{"@type":"PropertyValueSpecification","valueRequired":true,"valueName":"search_term_string"}}],"inLanguage":"de"},{"@type":"Organization","@id":"https:\/\/www.sinchisinchi.com\/de\/#organization","name":"SINCHI S.L","url":"https:\/\/www.sinchisinchi.com\/de\/","logo":{"@type":"ImageObject","inLanguage":"de","@id":"https:\/\/www.sinchisinchi.com\/de\/#\/schema\/logo\/image\/","url":"https:\/\/www.sinchisinchi.com\/wp-content\/uploads\/2026\/01\/3b-Verde-SIMPLIFICADO-HORIZONTAL-F-TRANSPARENTE-scaled.png","contentUrl":"https:\/\/www.sinchisinchi.com\/wp-content\/uploads\/2026\/01\/3b-Verde-SIMPLIFICADO-HORIZONTAL-F-TRANSPARENTE-scaled.png","width":2560,"height":457,"caption":"SINCHI S.L"},"image":{"@id":"https:\/\/www.sinchisinchi.com\/de\/#\/schema\/logo\/image\/"},"sameAs":["https:\/\/www.facebook.com\/sinchirape\/","https:\/\/www.instagram.com\/sinchi_rape\/"]}]}},"_links":{"self":[{"href":"https:\/\/www.sinchisinchi.com\/de\/wp-json\/wp\/v2\/product\/13471","targetHints":{"allow":["GET"]}}],"collection":[{"href":"https:\/\/www.sinchisinchi.com\/de\/wp-json\/wp\/v2\/product"}],"about":[{"href":"https:\/\/www.sinchisinchi.com\/de\/wp-json\/wp\/v2\/types\/product"}],"wp:featuredmedia":[{"embeddable":true,"href":"https:\/\/www.sinchisinchi.com\/de\/wp-json\/wp\/v2\/media\/13224"}],"wp:attachment":[{"href":"https:\/\/www.sinchisinchi.com\/de\/wp-json\/wp\/v2\/media?parent=13471"}],"wp:term":[{"taxonomy":"product_brand","embeddable":true,"href":"https:\/\/www.sinchisinchi.com\/de\/wp-json\/wp\/v2\/product_brand?post=13471"},{"taxonomy":"product_cat","embeddable":true,"href":"https:\/\/www.sinchisinchi.com\/de\/wp-json\/wp\/v2\/product_cat?post=13471"},{"taxonomy":"product_tag","embeddable":true,"href":"https:\/\/www.sinchisinchi.com\/de\/wp-json\/wp\/v2\/product_tag?post=13471"}],"curies":[{"name":"wp","href":"https:\/\/api.w.org\/{rel}","templated":true}]}}