{"id":13476,"date":"2024-04-22T12:00:38","date_gmt":"2024-04-22T12:00:38","guid":{"rendered":"https:\/\/www.sinchisinchi.com\/producto\/rote-rebsorten\/"},"modified":"2024-07-03T10:13:31","modified_gmt":"2024-07-03T10:13:31","slug":"rote-rebsorten","status":"publish","type":"product","link":"https:\/\/www.sinchisinchi.com\/de\/producto\/rote-rebsorten\/","title":{"rendered":"Rote Rebsorten"},"content":{"rendered":"","protected":false},"excerpt":{"rendered":"<p>Nat\u00fcrliche Traubenseife. Aufgrund ihres Polyphenolgehalts haben Weintrauben heilende und hautsch\u00fctzende Eigenschaften.<\/p>\n<p>Nat\u00fcrliche Feuchtigkeitscreme, die der Haut Glanz, Geschmeidigkeit und Elastizit\u00e4t verleiht. Beschleunigt die Zellregeneration und bek\u00e4mpft die Hautalterung. Reich an Vitamin E und K.<\/p>\n<p>Traubenkern\u00f6l hat leicht adstringierende Eigenschaften, die zur Festigung und Straffung der Haut beitragen, weshalb es bei verj\u00fcngenden Therapien sehr gesch\u00e4tzt wird.<\/p>\n<p>&nbsp;<\/p>\n<p><strong>Gr\u00f6\u00dfe:<\/strong> 125g<\/p>\n","protected":false},"featured_media":13211,"template":"","meta":{"_joinchat":[]},"product_brand":[],"product_cat":[343],"product_tag":[],"class_list":{"0":"post-13476","1":"product","2":"type-product","3":"status-publish","4":"has-post-thumbnail","6":"product_cat-seifen","8":"first","9":"instock","10":"taxable","11":"shipping-taxable","12":"purchasable","13":"product-type-simple"},"yoast_head":"<!-- This site is optimized with the Yoast SEO plugin v27.4 - https:\/\/yoast.com\/product\/yoast-seo-wordpress\/ -->\n<title>Rote Weinseife: Shamanic Shop<\/title>\n<meta name=\"description\" content=\"Nat\u00fcrliche Traubenseife: Sie hat heilende und hautsch\u00fctzende Eigenschaften. Nat\u00fcrliche Feuchtigkeitscreme, die der Haut Glanz, Geschmeidigkeit und Elastizit\u00e4t verleiht.\" \/>\n<meta name=\"robots\" content=\"index, follow, max-snippet:-1, max-image-preview:large, max-video-preview:-1\" \/>\n<link rel=\"canonical\" href=\"https:\/\/www.sinchisinchi.com\/de\/producto\/rote-rebsorten\/\" \/>\n<meta property=\"og:locale\" content=\"de_DE\" \/>\n<meta property=\"og:type\" content=\"article\" \/>\n<meta property=\"og:title\" content=\"Rote Weinseife: Shamanic Shop\" \/>\n<meta property=\"og:description\" content=\"Nat\u00fcrliche Traubenseife: Sie hat heilende und hautsch\u00fctzende Eigenschaften. Nat\u00fcrliche Feuchtigkeitscreme, die der Haut Glanz, Geschmeidigkeit und Elastizit\u00e4t verleiht.\" \/>\n<meta property=\"og:url\" content=\"https:\/\/www.sinchisinchi.com\/de\/producto\/rote-rebsorten\/\" \/>\n<meta property=\"og:site_name\" content=\"SINCHI RAP\u00c9\" \/>\n<meta property=\"article:publisher\" content=\"https:\/\/www.facebook.com\/sinchirape\/\" \/>\n<meta property=\"article:modified_time\" content=\"2024-07-03T10:13:31+00:00\" \/>\n<meta property=\"og:image\" content=\"https:\/\/www.sinchisinchi.com\/wp-content\/uploads\/2024\/04\/6-vid-roja.jpeg\" \/>\n\t<meta property=\"og:image:width\" content=\"254\" \/>\n\t<meta property=\"og:image:height\" content=\"261\" \/>\n\t<meta property=\"og:image:type\" content=\"image\/jpeg\" \/>\n<meta name=\"twitter:card\" content=\"summary_large_image\" \/>\n<script type=\"application\/ld+json\" class=\"yoast-schema-graph\">{\"@context\":\"https:\\\/\\\/schema.org\",\"@graph\":[{\"@type\":\"WebPage\",\"@id\":\"https:\\\/\\\/www.sinchisinchi.com\\\/de\\\/producto\\\/rote-rebsorten\\\/\",\"url\":\"https:\\\/\\\/www.sinchisinchi.com\\\/de\\\/producto\\\/rote-rebsorten\\\/\",\"name\":\"Rote Weinseife: Shamanic Shop\",\"isPartOf\":{\"@id\":\"https:\\\/\\\/www.sinchisinchi.com\\\/de\\\/#website\"},\"primaryImageOfPage\":{\"@id\":\"https:\\\/\\\/www.sinchisinchi.com\\\/de\\\/producto\\\/rote-rebsorten\\\/#primaryimage\"},\"image\":{\"@id\":\"https:\\\/\\\/www.sinchisinchi.com\\\/de\\\/producto\\\/rote-rebsorten\\\/#primaryimage\"},\"thumbnailUrl\":\"https:\\\/\\\/www.sinchisinchi.com\\\/wp-content\\\/uploads\\\/2024\\\/04\\\/6-vid-roja.jpeg\",\"datePublished\":\"2024-04-22T12:00:38+00:00\",\"dateModified\":\"2024-07-03T10:13:31+00:00\",\"description\":\"Nat\u00fcrliche Traubenseife: Sie hat heilende und hautsch\u00fctzende Eigenschaften. Nat\u00fcrliche Feuchtigkeitscreme, die der Haut Glanz, Geschmeidigkeit und Elastizit\u00e4t verleiht.\",\"breadcrumb\":{\"@id\":\"https:\\\/\\\/www.sinchisinchi.com\\\/de\\\/producto\\\/rote-rebsorten\\\/#breadcrumb\"},\"inLanguage\":\"de\",\"potentialAction\":[{\"@type\":\"ReadAction\",\"target\":[\"https:\\\/\\\/www.sinchisinchi.com\\\/de\\\/producto\\\/rote-rebsorten\\\/\"]}]},{\"@type\":\"ImageObject\",\"inLanguage\":\"de\",\"@id\":\"https:\\\/\\\/www.sinchisinchi.com\\\/de\\\/producto\\\/rote-rebsorten\\\/#primaryimage\",\"url\":\"https:\\\/\\\/www.sinchisinchi.com\\\/wp-content\\\/uploads\\\/2024\\\/04\\\/6-vid-roja.jpeg\",\"contentUrl\":\"https:\\\/\\\/www.sinchisinchi.com\\\/wp-content\\\/uploads\\\/2024\\\/04\\\/6-vid-roja.jpeg\",\"width\":254,\"height\":261},{\"@type\":\"BreadcrumbList\",\"@id\":\"https:\\\/\\\/www.sinchisinchi.com\\\/de\\\/producto\\\/rote-rebsorten\\\/#breadcrumb\",\"itemListElement\":[{\"@type\":\"ListItem\",\"position\":1,\"name\":\"Titelseite\",\"item\":\"https:\\\/\\\/www.sinchisinchi.com\\\/de\\\/\"},{\"@type\":\"ListItem\",\"position\":2,\"name\":\"Produkte\",\"item\":\"https:\\\/\\\/www.sinchisinchi.com\\\/de\\\/shop\\\/\"},{\"@type\":\"ListItem\",\"position\":3,\"name\":\"Rote Rebsorten\"}]},{\"@type\":\"WebSite\",\"@id\":\"https:\\\/\\\/www.sinchisinchi.com\\\/de\\\/#website\",\"url\":\"https:\\\/\\\/www.sinchisinchi.com\\\/de\\\/\",\"name\":\"SINCHI\",\"description\":\"Sinchi Medicine\",\"publisher\":{\"@id\":\"https:\\\/\\\/www.sinchisinchi.com\\\/de\\\/#organization\"},\"potentialAction\":[{\"@type\":\"SearchAction\",\"target\":{\"@type\":\"EntryPoint\",\"urlTemplate\":\"https:\\\/\\\/www.sinchisinchi.com\\\/de\\\/?s={search_term_string}\"},\"query-input\":{\"@type\":\"PropertyValueSpecification\",\"valueRequired\":true,\"valueName\":\"search_term_string\"}}],\"inLanguage\":\"de\"},{\"@type\":\"Organization\",\"@id\":\"https:\\\/\\\/www.sinchisinchi.com\\\/de\\\/#organization\",\"name\":\"SINCHI S.L\",\"url\":\"https:\\\/\\\/www.sinchisinchi.com\\\/de\\\/\",\"logo\":{\"@type\":\"ImageObject\",\"inLanguage\":\"de\",\"@id\":\"https:\\\/\\\/www.sinchisinchi.com\\\/de\\\/#\\\/schema\\\/logo\\\/image\\\/\",\"url\":\"https:\\\/\\\/www.sinchisinchi.com\\\/wp-content\\\/uploads\\\/2026\\\/01\\\/3b-Verde-SIMPLIFICADO-HORIZONTAL-F-TRANSPARENTE-scaled.png\",\"contentUrl\":\"https:\\\/\\\/www.sinchisinchi.com\\\/wp-content\\\/uploads\\\/2026\\\/01\\\/3b-Verde-SIMPLIFICADO-HORIZONTAL-F-TRANSPARENTE-scaled.png\",\"width\":2560,\"height\":457,\"caption\":\"SINCHI S.L\"},\"image\":{\"@id\":\"https:\\\/\\\/www.sinchisinchi.com\\\/de\\\/#\\\/schema\\\/logo\\\/image\\\/\"},\"sameAs\":[\"https:\\\/\\\/www.facebook.com\\\/sinchirape\\\/\",\"https:\\\/\\\/www.instagram.com\\\/sinchi_rape\\\/\"]}]}<\/script>\n<!-- \/ Yoast SEO plugin. -->","yoast_head_json":{"title":"Rote Weinseife: Shamanic Shop","description":"Nat\u00fcrliche Traubenseife: Sie hat heilende und hautsch\u00fctzende Eigenschaften. Nat\u00fcrliche Feuchtigkeitscreme, die der Haut Glanz, Geschmeidigkeit und Elastizit\u00e4t verleiht.","robots":{"index":"index","follow":"follow","max-snippet":"max-snippet:-1","max-image-preview":"max-image-preview:large","max-video-preview":"max-video-preview:-1"},"canonical":"https:\/\/www.sinchisinchi.com\/de\/producto\/rote-rebsorten\/","og_locale":"de_DE","og_type":"article","og_title":"Rote Weinseife: Shamanic Shop","og_description":"Nat\u00fcrliche Traubenseife: Sie hat heilende und hautsch\u00fctzende Eigenschaften. Nat\u00fcrliche Feuchtigkeitscreme, die der Haut Glanz, Geschmeidigkeit und Elastizit\u00e4t verleiht.","og_url":"https:\/\/www.sinchisinchi.com\/de\/producto\/rote-rebsorten\/","og_site_name":"SINCHI RAP\u00c9","article_publisher":"https:\/\/www.facebook.com\/sinchirape\/","article_modified_time":"2024-07-03T10:13:31+00:00","og_image":[{"width":254,"height":261,"url":"https:\/\/www.sinchisinchi.com\/wp-content\/uploads\/2024\/04\/6-vid-roja.jpeg","type":"image\/jpeg"}],"twitter_card":"summary_large_image","schema":{"@context":"https:\/\/schema.org","@graph":[{"@type":"WebPage","@id":"https:\/\/www.sinchisinchi.com\/de\/producto\/rote-rebsorten\/","url":"https:\/\/www.sinchisinchi.com\/de\/producto\/rote-rebsorten\/","name":"Rote Weinseife: Shamanic Shop","isPartOf":{"@id":"https:\/\/www.sinchisinchi.com\/de\/#website"},"primaryImageOfPage":{"@id":"https:\/\/www.sinchisinchi.com\/de\/producto\/rote-rebsorten\/#primaryimage"},"image":{"@id":"https:\/\/www.sinchisinchi.com\/de\/producto\/rote-rebsorten\/#primaryimage"},"thumbnailUrl":"https:\/\/www.sinchisinchi.com\/wp-content\/uploads\/2024\/04\/6-vid-roja.jpeg","datePublished":"2024-04-22T12:00:38+00:00","dateModified":"2024-07-03T10:13:31+00:00","description":"Nat\u00fcrliche Traubenseife: Sie hat heilende und hautsch\u00fctzende Eigenschaften. Nat\u00fcrliche Feuchtigkeitscreme, die der Haut Glanz, Geschmeidigkeit und Elastizit\u00e4t verleiht.","breadcrumb":{"@id":"https:\/\/www.sinchisinchi.com\/de\/producto\/rote-rebsorten\/#breadcrumb"},"inLanguage":"de","potentialAction":[{"@type":"ReadAction","target":["https:\/\/www.sinchisinchi.com\/de\/producto\/rote-rebsorten\/"]}]},{"@type":"ImageObject","inLanguage":"de","@id":"https:\/\/www.sinchisinchi.com\/de\/producto\/rote-rebsorten\/#primaryimage","url":"https:\/\/www.sinchisinchi.com\/wp-content\/uploads\/2024\/04\/6-vid-roja.jpeg","contentUrl":"https:\/\/www.sinchisinchi.com\/wp-content\/uploads\/2024\/04\/6-vid-roja.jpeg","width":254,"height":261},{"@type":"BreadcrumbList","@id":"https:\/\/www.sinchisinchi.com\/de\/producto\/rote-rebsorten\/#breadcrumb","itemListElement":[{"@type":"ListItem","position":1,"name":"Titelseite","item":"https:\/\/www.sinchisinchi.com\/de\/"},{"@type":"ListItem","position":2,"name":"Produkte","item":"https:\/\/www.sinchisinchi.com\/de\/shop\/"},{"@type":"ListItem","position":3,"name":"Rote Rebsorten"}]},{"@type":"WebSite","@id":"https:\/\/www.sinchisinchi.com\/de\/#website","url":"https:\/\/www.sinchisinchi.com\/de\/","name":"SINCHI","description":"Sinchi Medicine","publisher":{"@id":"https:\/\/www.sinchisinchi.com\/de\/#organization"},"potentialAction":[{"@type":"SearchAction","target":{"@type":"EntryPoint","urlTemplate":"https:\/\/www.sinchisinchi.com\/de\/?s={search_term_string}"},"query-input":{"@type":"PropertyValueSpecification","valueRequired":true,"valueName":"search_term_string"}}],"inLanguage":"de"},{"@type":"Organization","@id":"https:\/\/www.sinchisinchi.com\/de\/#organization","name":"SINCHI S.L","url":"https:\/\/www.sinchisinchi.com\/de\/","logo":{"@type":"ImageObject","inLanguage":"de","@id":"https:\/\/www.sinchisinchi.com\/de\/#\/schema\/logo\/image\/","url":"https:\/\/www.sinchisinchi.com\/wp-content\/uploads\/2026\/01\/3b-Verde-SIMPLIFICADO-HORIZONTAL-F-TRANSPARENTE-scaled.png","contentUrl":"https:\/\/www.sinchisinchi.com\/wp-content\/uploads\/2026\/01\/3b-Verde-SIMPLIFICADO-HORIZONTAL-F-TRANSPARENTE-scaled.png","width":2560,"height":457,"caption":"SINCHI S.L"},"image":{"@id":"https:\/\/www.sinchisinchi.com\/de\/#\/schema\/logo\/image\/"},"sameAs":["https:\/\/www.facebook.com\/sinchirape\/","https:\/\/www.instagram.com\/sinchi_rape\/"]}]}},"_links":{"self":[{"href":"https:\/\/www.sinchisinchi.com\/de\/wp-json\/wp\/v2\/product\/13476","targetHints":{"allow":["GET"]}}],"collection":[{"href":"https:\/\/www.sinchisinchi.com\/de\/wp-json\/wp\/v2\/product"}],"about":[{"href":"https:\/\/www.sinchisinchi.com\/de\/wp-json\/wp\/v2\/types\/product"}],"wp:featuredmedia":[{"embeddable":true,"href":"https:\/\/www.sinchisinchi.com\/de\/wp-json\/wp\/v2\/media\/13211"}],"wp:attachment":[{"href":"https:\/\/www.sinchisinchi.com\/de\/wp-json\/wp\/v2\/media?parent=13476"}],"wp:term":[{"taxonomy":"product_brand","embeddable":true,"href":"https:\/\/www.sinchisinchi.com\/de\/wp-json\/wp\/v2\/product_brand?post=13476"},{"taxonomy":"product_cat","embeddable":true,"href":"https:\/\/www.sinchisinchi.com\/de\/wp-json\/wp\/v2\/product_cat?post=13476"},{"taxonomy":"product_tag","embeddable":true,"href":"https:\/\/www.sinchisinchi.com\/de\/wp-json\/wp\/v2\/product_tag?post=13476"}],"curies":[{"name":"wp","href":"https:\/\/api.w.org\/{rel}","templated":true}]}}