{"id":13517,"date":"2024-04-23T09:20:31","date_gmt":"2024-04-23T09:20:31","guid":{"rendered":"https:\/\/www.sinchisinchi.com\/producto\/mapacho-peru\/"},"modified":"2025-02-11T13:35:59","modified_gmt":"2025-02-11T13:35:59","slug":"mapacho-peru","status":"publish","type":"product","link":"https:\/\/www.sinchisinchi.com\/de\/producto\/mapacho-peru\/","title":{"rendered":"Mapacho Per\u00fa"},"content":{"rendered":"<h3 style=\"text-align: center;\">Mapacho-Lagerung<\/h3>\n<p>Mapacho ist vakuumverpackt und unge\u00f6ffnet viele Monate haltbar. Nach dem \u00d6ffnen sollte es in einer Papierh\u00fclle aufbewahrt werden. Wenn die Au\u00dfenseite mit der Zeit spr\u00f6de wird, k\u00f6nnen Sie die Au\u00dfenseite mit destilliertem Wasser bespr\u00fchen, damit das Material das Wasser langsam aufnimmt und die Au\u00dfenschicht wieder frisch wird. Packen Sie den angefeuchteten Mapacho h\u00f6chstens ein bis zwei Tage lang in eine Plastikt\u00fcte. Bewahren Sie es dann erneut auf trockenem Papier auf.<\/p>\n<p>Mapacho kann nicht in einer Plastikt\u00fcte aufbewahrt werden, wenn es nicht vakuumverpackt ist, da sich sonst Schimmel bilden kann. Bewahren Sie es auf Papier an einem k\u00fchlen, trockenen Ort auf.<\/p>\n","protected":false},"excerpt":{"rendered":"<p>Mapacho-Deck aus Peru.<\/p>\n<p>Mapacho-Mallet ist ein fester, fermentierter Arm aus Mapacho-Bl\u00e4ttern (Nicotiana Rustica), sorgf\u00e4ltig verpackt und verpackt. Sie werden nach altem Traditionsrezept mit kr\u00e4ftigem und saftigem Dschungel-Waschb\u00e4ren hergestellt.<\/p>\n<p>Einheimische Amazonas-St\u00e4mme verwenden Mapacho in traditionellen Zeremonien, zur Meditation, Trance, als heilendes, reinigendes Kraut und zur Energiereinigung.<\/p>\n<p>Bei der Verwendung in schamanischen Ritualen sch\u00fctzt, reinigt und richtet Mapacho die Energien neu aus und sorgt so f\u00fcr tiefe Klarheit.<\/p>\n<p>S\u00fcdamerikanische Schamanen blasen \u00fcblicherweise Tabakrauch auf die Person, um sie zu heilen, mit der Absicht, ihre Energien auszugleichen und Negativit\u00e4t zu beseitigen. In der schamanischen Kultur hat es eine starke reinigende Funktion, sorgt f\u00fcr Konzentration und erm\u00f6glicht klare Visualisierungen.<\/p>\n","protected":false},"featured_media":13416,"template":"","meta":{"_joinchat":[]},"product_brand":[],"product_cat":[324],"product_tag":[],"class_list":{"0":"post-13517","1":"product","2":"type-product","3":"status-publish","4":"has-post-thumbnail","6":"product_cat-mapacho-roll-de","8":"first","9":"instock","10":"taxable","11":"shipping-taxable","12":"purchasable","13":"product-type-variable","14":"has-default-attributes"},"yoast_head":"<!-- This site is optimized with the Yoast SEO plugin v27.4 - https:\/\/yoast.com\/product\/yoast-seo-wordpress\/ -->\n<title>Mapacho Arm Peru: Schamanischer Shop<\/title>\n<meta name=\"description\" content=\"Mapacho aus Peru: Feste, fermentierte Zweige von Mapacho-Bl\u00e4ttern (Nicotiana Rustica), sorgf\u00e4ltig verpackt und verpackt.\" \/>\n<meta name=\"robots\" content=\"index, follow, max-snippet:-1, max-image-preview:large, max-video-preview:-1\" \/>\n<link rel=\"canonical\" href=\"https:\/\/www.sinchisinchi.com\/de\/producto\/mapacho-peru\/\" \/>\n<meta property=\"og:locale\" content=\"de_DE\" \/>\n<meta property=\"og:type\" content=\"article\" \/>\n<meta property=\"og:title\" content=\"Mapacho Arm Peru: Schamanischer Shop\" \/>\n<meta property=\"og:description\" content=\"Mapacho aus Peru: Feste, fermentierte Zweige von Mapacho-Bl\u00e4ttern (Nicotiana Rustica), sorgf\u00e4ltig verpackt und verpackt.\" \/>\n<meta property=\"og:url\" content=\"https:\/\/www.sinchisinchi.com\/de\/producto\/mapacho-peru\/\" \/>\n<meta property=\"og:site_name\" content=\"SINCHI RAP\u00c9\" \/>\n<meta property=\"article:publisher\" content=\"https:\/\/www.facebook.com\/sinchirape\/\" \/>\n<meta property=\"article:modified_time\" content=\"2025-02-11T13:35:59+00:00\" \/>\n<meta property=\"og:image\" content=\"https:\/\/www.sinchisinchi.com\/wp-content\/uploads\/2024\/04\/Mapacho-Peru-.jpg\" \/>\n\t<meta property=\"og:image:width\" content=\"900\" \/>\n\t<meta property=\"og:image:height\" content=\"900\" \/>\n\t<meta property=\"og:image:type\" content=\"image\/jpeg\" \/>\n<meta name=\"twitter:card\" content=\"summary_large_image\" \/>\n<meta name=\"twitter:label1\" content=\"Gesch\u00e4tzte Lesezeit\" \/>\n\t<meta name=\"twitter:data1\" content=\"1\u00a0Minute\" \/>\n<script type=\"application\/ld+json\" class=\"yoast-schema-graph\">{\"@context\":\"https:\\\/\\\/schema.org\",\"@graph\":[{\"@type\":\"WebPage\",\"@id\":\"https:\\\/\\\/www.sinchisinchi.com\\\/de\\\/producto\\\/mapacho-peru\\\/\",\"url\":\"https:\\\/\\\/www.sinchisinchi.com\\\/de\\\/producto\\\/mapacho-peru\\\/\",\"name\":\"Mapacho Arm Peru: Schamanischer Shop\",\"isPartOf\":{\"@id\":\"https:\\\/\\\/www.sinchisinchi.com\\\/de\\\/#website\"},\"primaryImageOfPage\":{\"@id\":\"https:\\\/\\\/www.sinchisinchi.com\\\/de\\\/producto\\\/mapacho-peru\\\/#primaryimage\"},\"image\":{\"@id\":\"https:\\\/\\\/www.sinchisinchi.com\\\/de\\\/producto\\\/mapacho-peru\\\/#primaryimage\"},\"thumbnailUrl\":\"https:\\\/\\\/www.sinchisinchi.com\\\/wp-content\\\/uploads\\\/2024\\\/04\\\/Mapacho-Peru-.jpg\",\"datePublished\":\"2024-04-23T09:20:31+00:00\",\"dateModified\":\"2025-02-11T13:35:59+00:00\",\"description\":\"Mapacho aus Peru: Feste, fermentierte Zweige von Mapacho-Bl\u00e4ttern (Nicotiana Rustica), sorgf\u00e4ltig verpackt und verpackt.\",\"breadcrumb\":{\"@id\":\"https:\\\/\\\/www.sinchisinchi.com\\\/de\\\/producto\\\/mapacho-peru\\\/#breadcrumb\"},\"inLanguage\":\"de\",\"potentialAction\":[{\"@type\":\"ReadAction\",\"target\":[\"https:\\\/\\\/www.sinchisinchi.com\\\/de\\\/producto\\\/mapacho-peru\\\/\"]}]},{\"@type\":\"ImageObject\",\"inLanguage\":\"de\",\"@id\":\"https:\\\/\\\/www.sinchisinchi.com\\\/de\\\/producto\\\/mapacho-peru\\\/#primaryimage\",\"url\":\"https:\\\/\\\/www.sinchisinchi.com\\\/wp-content\\\/uploads\\\/2024\\\/04\\\/Mapacho-Peru-.jpg\",\"contentUrl\":\"https:\\\/\\\/www.sinchisinchi.com\\\/wp-content\\\/uploads\\\/2024\\\/04\\\/Mapacho-Peru-.jpg\",\"width\":900,\"height\":900},{\"@type\":\"BreadcrumbList\",\"@id\":\"https:\\\/\\\/www.sinchisinchi.com\\\/de\\\/producto\\\/mapacho-peru\\\/#breadcrumb\",\"itemListElement\":[{\"@type\":\"ListItem\",\"position\":1,\"name\":\"Titelseite\",\"item\":\"https:\\\/\\\/www.sinchisinchi.com\\\/de\\\/\"},{\"@type\":\"ListItem\",\"position\":2,\"name\":\"Produkte\",\"item\":\"https:\\\/\\\/www.sinchisinchi.com\\\/de\\\/shop\\\/\"},{\"@type\":\"ListItem\",\"position\":3,\"name\":\"Mapacho Per\u00fa\"}]},{\"@type\":\"WebSite\",\"@id\":\"https:\\\/\\\/www.sinchisinchi.com\\\/de\\\/#website\",\"url\":\"https:\\\/\\\/www.sinchisinchi.com\\\/de\\\/\",\"name\":\"SINCHI\",\"description\":\"Sinchi Medicine\",\"publisher\":{\"@id\":\"https:\\\/\\\/www.sinchisinchi.com\\\/de\\\/#organization\"},\"potentialAction\":[{\"@type\":\"SearchAction\",\"target\":{\"@type\":\"EntryPoint\",\"urlTemplate\":\"https:\\\/\\\/www.sinchisinchi.com\\\/de\\\/?s={search_term_string}\"},\"query-input\":{\"@type\":\"PropertyValueSpecification\",\"valueRequired\":true,\"valueName\":\"search_term_string\"}}],\"inLanguage\":\"de\"},{\"@type\":\"Organization\",\"@id\":\"https:\\\/\\\/www.sinchisinchi.com\\\/de\\\/#organization\",\"name\":\"SINCHI S.L\",\"url\":\"https:\\\/\\\/www.sinchisinchi.com\\\/de\\\/\",\"logo\":{\"@type\":\"ImageObject\",\"inLanguage\":\"de\",\"@id\":\"https:\\\/\\\/www.sinchisinchi.com\\\/de\\\/#\\\/schema\\\/logo\\\/image\\\/\",\"url\":\"https:\\\/\\\/www.sinchisinchi.com\\\/wp-content\\\/uploads\\\/2026\\\/01\\\/3b-Verde-SIMPLIFICADO-HORIZONTAL-F-TRANSPARENTE-scaled.png\",\"contentUrl\":\"https:\\\/\\\/www.sinchisinchi.com\\\/wp-content\\\/uploads\\\/2026\\\/01\\\/3b-Verde-SIMPLIFICADO-HORIZONTAL-F-TRANSPARENTE-scaled.png\",\"width\":2560,\"height\":457,\"caption\":\"SINCHI S.L\"},\"image\":{\"@id\":\"https:\\\/\\\/www.sinchisinchi.com\\\/de\\\/#\\\/schema\\\/logo\\\/image\\\/\"},\"sameAs\":[\"https:\\\/\\\/www.facebook.com\\\/sinchirape\\\/\",\"https:\\\/\\\/www.instagram.com\\\/sinchi_rape\\\/\"]}]}<\/script>\n<!-- \/ Yoast SEO plugin. -->","yoast_head_json":{"title":"Mapacho Arm Peru: Schamanischer Shop","description":"Mapacho aus Peru: Feste, fermentierte Zweige von Mapacho-Bl\u00e4ttern (Nicotiana Rustica), sorgf\u00e4ltig verpackt und verpackt.","robots":{"index":"index","follow":"follow","max-snippet":"max-snippet:-1","max-image-preview":"max-image-preview:large","max-video-preview":"max-video-preview:-1"},"canonical":"https:\/\/www.sinchisinchi.com\/de\/producto\/mapacho-peru\/","og_locale":"de_DE","og_type":"article","og_title":"Mapacho Arm Peru: Schamanischer Shop","og_description":"Mapacho aus Peru: Feste, fermentierte Zweige von Mapacho-Bl\u00e4ttern (Nicotiana Rustica), sorgf\u00e4ltig verpackt und verpackt.","og_url":"https:\/\/www.sinchisinchi.com\/de\/producto\/mapacho-peru\/","og_site_name":"SINCHI RAP\u00c9","article_publisher":"https:\/\/www.facebook.com\/sinchirape\/","article_modified_time":"2025-02-11T13:35:59+00:00","og_image":[{"width":900,"height":900,"url":"https:\/\/www.sinchisinchi.com\/wp-content\/uploads\/2024\/04\/Mapacho-Peru-.jpg","type":"image\/jpeg"}],"twitter_card":"summary_large_image","twitter_misc":{"Gesch\u00e4tzte Lesezeit":"1\u00a0Minute"},"schema":{"@context":"https:\/\/schema.org","@graph":[{"@type":"WebPage","@id":"https:\/\/www.sinchisinchi.com\/de\/producto\/mapacho-peru\/","url":"https:\/\/www.sinchisinchi.com\/de\/producto\/mapacho-peru\/","name":"Mapacho Arm Peru: Schamanischer Shop","isPartOf":{"@id":"https:\/\/www.sinchisinchi.com\/de\/#website"},"primaryImageOfPage":{"@id":"https:\/\/www.sinchisinchi.com\/de\/producto\/mapacho-peru\/#primaryimage"},"image":{"@id":"https:\/\/www.sinchisinchi.com\/de\/producto\/mapacho-peru\/#primaryimage"},"thumbnailUrl":"https:\/\/www.sinchisinchi.com\/wp-content\/uploads\/2024\/04\/Mapacho-Peru-.jpg","datePublished":"2024-04-23T09:20:31+00:00","dateModified":"2025-02-11T13:35:59+00:00","description":"Mapacho aus Peru: Feste, fermentierte Zweige von Mapacho-Bl\u00e4ttern (Nicotiana Rustica), sorgf\u00e4ltig verpackt und verpackt.","breadcrumb":{"@id":"https:\/\/www.sinchisinchi.com\/de\/producto\/mapacho-peru\/#breadcrumb"},"inLanguage":"de","potentialAction":[{"@type":"ReadAction","target":["https:\/\/www.sinchisinchi.com\/de\/producto\/mapacho-peru\/"]}]},{"@type":"ImageObject","inLanguage":"de","@id":"https:\/\/www.sinchisinchi.com\/de\/producto\/mapacho-peru\/#primaryimage","url":"https:\/\/www.sinchisinchi.com\/wp-content\/uploads\/2024\/04\/Mapacho-Peru-.jpg","contentUrl":"https:\/\/www.sinchisinchi.com\/wp-content\/uploads\/2024\/04\/Mapacho-Peru-.jpg","width":900,"height":900},{"@type":"BreadcrumbList","@id":"https:\/\/www.sinchisinchi.com\/de\/producto\/mapacho-peru\/#breadcrumb","itemListElement":[{"@type":"ListItem","position":1,"name":"Titelseite","item":"https:\/\/www.sinchisinchi.com\/de\/"},{"@type":"ListItem","position":2,"name":"Produkte","item":"https:\/\/www.sinchisinchi.com\/de\/shop\/"},{"@type":"ListItem","position":3,"name":"Mapacho Per\u00fa"}]},{"@type":"WebSite","@id":"https:\/\/www.sinchisinchi.com\/de\/#website","url":"https:\/\/www.sinchisinchi.com\/de\/","name":"SINCHI","description":"Sinchi Medicine","publisher":{"@id":"https:\/\/www.sinchisinchi.com\/de\/#organization"},"potentialAction":[{"@type":"SearchAction","target":{"@type":"EntryPoint","urlTemplate":"https:\/\/www.sinchisinchi.com\/de\/?s={search_term_string}"},"query-input":{"@type":"PropertyValueSpecification","valueRequired":true,"valueName":"search_term_string"}}],"inLanguage":"de"},{"@type":"Organization","@id":"https:\/\/www.sinchisinchi.com\/de\/#organization","name":"SINCHI S.L","url":"https:\/\/www.sinchisinchi.com\/de\/","logo":{"@type":"ImageObject","inLanguage":"de","@id":"https:\/\/www.sinchisinchi.com\/de\/#\/schema\/logo\/image\/","url":"https:\/\/www.sinchisinchi.com\/wp-content\/uploads\/2026\/01\/3b-Verde-SIMPLIFICADO-HORIZONTAL-F-TRANSPARENTE-scaled.png","contentUrl":"https:\/\/www.sinchisinchi.com\/wp-content\/uploads\/2026\/01\/3b-Verde-SIMPLIFICADO-HORIZONTAL-F-TRANSPARENTE-scaled.png","width":2560,"height":457,"caption":"SINCHI S.L"},"image":{"@id":"https:\/\/www.sinchisinchi.com\/de\/#\/schema\/logo\/image\/"},"sameAs":["https:\/\/www.facebook.com\/sinchirape\/","https:\/\/www.instagram.com\/sinchi_rape\/"]}]}},"_links":{"self":[{"href":"https:\/\/www.sinchisinchi.com\/de\/wp-json\/wp\/v2\/product\/13517","targetHints":{"allow":["GET"]}}],"collection":[{"href":"https:\/\/www.sinchisinchi.com\/de\/wp-json\/wp\/v2\/product"}],"about":[{"href":"https:\/\/www.sinchisinchi.com\/de\/wp-json\/wp\/v2\/types\/product"}],"wp:featuredmedia":[{"embeddable":true,"href":"https:\/\/www.sinchisinchi.com\/de\/wp-json\/wp\/v2\/media\/13416"}],"wp:attachment":[{"href":"https:\/\/www.sinchisinchi.com\/de\/wp-json\/wp\/v2\/media?parent=13517"}],"wp:term":[{"taxonomy":"product_brand","embeddable":true,"href":"https:\/\/www.sinchisinchi.com\/de\/wp-json\/wp\/v2\/product_brand?post=13517"},{"taxonomy":"product_cat","embeddable":true,"href":"https:\/\/www.sinchisinchi.com\/de\/wp-json\/wp\/v2\/product_cat?post=13517"},{"taxonomy":"product_tag","embeddable":true,"href":"https:\/\/www.sinchisinchi.com\/de\/wp-json\/wp\/v2\/product_tag?post=13517"}],"curies":[{"name":"wp","href":"https:\/\/api.w.org\/{rel}","templated":true}]}}