{"id":13636,"date":"2024-04-24T11:25:31","date_gmt":"2024-04-24T11:25:31","guid":{"rendered":"https:\/\/www.sinchisinchi.com\/producto\/weisser-copal\/"},"modified":"2024-07-05T07:40:36","modified_gmt":"2024-07-05T07:40:36","slug":"weisser-copal","status":"publish","type":"product","link":"https:\/\/www.sinchisinchi.com\/de\/producto\/weisser-copal\/","title":{"rendered":"Wei\u00dfer Copal"},"content":{"rendered":"<h2 style=\"text-align: center;\"><strong>Esoterische Verwendung von Copal<\/strong><\/h2>\n<p>Als R\u00e4ucherwerk verbrannt, reinigt es die Umwelt, erhebt den Geist, bietet spirituellen Schutz und ehrt die Vorfahren, wehrt negative Energien ab und schafft eine harmonische Umgebung.<\/p>\n<p>Copal wird in der traditionellen Medizin auch zur Herstellung von Tinkturen und Salben zur Behandlung verschiedener Gesundheitszust\u00e4nde wie Kopfschmerzen, Atemwegsinfektionen und Hautproblemen verwendet.<\/p>\n<p>Wei\u00dfer Kopal aus Mexiko wird wegen seiner aromatischen Eigenschaften gesch\u00e4tzt und h\u00e4ufig in Parf\u00fcmerien und nat\u00fcrlichen Sch\u00f6nheitsprodukten verwendet. Das Harz hat ein mildes, balsamisches Aroma und wird h\u00e4ufig \u00e4therischen \u00d6len, Cremes und anderen K\u00f6rperpflegeprodukten zugesetzt.<\/p>\n<h3 style=\"text-align: center;\"><strong>Der Copal-Baum<\/strong><\/h3>\n<p>Die h\u00e4ufigste und bekannteste Art von Copal stammt von B\u00e4umen der <strong>Familie der Burseraceae:<\/strong> Bursera aloexylon, B. Graveolens und B. Jorullensis, obwohl sie auch von einigen Arten der Familie Protium gewonnen wird.<\/p>\n<p><strong>Bursera<\/strong> ist eine Gattung, die aus fast hundert Arten besteht, die in der gesamten mexikanischen Republik vorkommen. Unter den Bursera-Arten ist B. bipinnata diejenige mit der gr\u00f6\u00dften geografischen Verbreitung in Mexiko: Sie kommt vom s\u00fcdlichen Sonora bis Honduras vor und kommt nur auf der Halbinsel Yucatan nicht vor.<\/p>\n<p>Bursera, B. bipinnata ist die Art, die \u00fcblicherweise zur Gewinnung von wei\u00dfem Kopal verwendet wird, dem am meisten gesch\u00e4tzten aromatischen Harz und der h\u00f6chsten kommerziellen Qualit\u00e4t; sondern auch f\u00fcr das Harz, das diese B\u00e4ume auf nat\u00fcrliche Weise freisetzen, das als Steinkopal, Schwarzkopal oder Kopalgummi bekannt ist.<\/p>\n<p>Bursera, B. bipinnata ist ein niedriger Baum mit grauer Rinde und stark verzweigt, seine durchschnittliche H\u00f6he betr\u00e4gt sechs Meter, er lebt an steilen Stellen und ist Teil des \u00dcbergangs zwischen Kiefern- und Eichenw\u00e4ldern und niedrigen Laubw\u00e4ldern.<\/p>\n<p>Es kommt an Orten zwischen 800 und 1.600 m H\u00f6he vor, mit einem allgemein warmen, subfeuchten oder trockenen Klima. An diesen Orten herrscht mehr als vier Monate im Jahr eine sehr starke D\u00fcrre, die dazu f\u00fchrt, dass die B\u00e4ume alle Bl\u00e4tter abwerfen und dann durch den Regen gr\u00fcn werden.<\/p>\n<p>Die meisten Copales bl\u00fchen zu Beginn der Regenzeit, gegen Ende Mai und Anfang Juni. Die Bl\u00fcte erfolgt schnell und gegen Ende Juni gibt es bereits gr\u00fcne Fr\u00fcchte. In Mexiko gibt es in den Bundesstaaten Guerrero, Michoac\u00e1n und Oaxaca eine gr\u00f6\u00dfere Anzahl verschiedener Arten von Burseras.<\/p>\n<h3 style=\"text-align: center;\"><strong>Kopalgewinnung<\/strong><\/h3>\n<p>Kopalharz wird w\u00e4hrend der Regenzeit (Juli bis Oktober) von Copaleros, spezialisierten Bauern, gewonnen, um das Harz f\u00fcr die Totenfeste im November zu haben, die in vielen mexikanischen H\u00e4usern gefeiert werden.<\/p>\n<p>Die Bauern und Copaleros von Jolalpan (Puebla) beispielsweise extrahieren Copalharz, indem sie mit einer kleinen Klinge Schnitte oder Kratzer in die Rinde der dicksten Zweige von Copalb\u00e4umen machen, und das Harz, das aus diesen Schnitten flie\u00dft, wird in h\u00e4ngende Beh\u00e4lter geleitet an jeden Zweig des Baumes gebunden.<\/p>\n<p>Um den Baum nicht zu besch\u00e4digen, schneiden die Copaleros jeden dritten Tag. W\u00e4hrend das Kopal im Beh\u00e4lter abgelegt wird, wird es von Blattresten und anderen Verunreinigungen gereinigt; Je reiner und reiner es ist, desto h\u00f6her ist sein Wert.<\/p>\n<p>Um wei\u00dfen Kopal zu ernten, fahren Kopalz\u00fcchter oft wochenlang mit ihrer ganzen Familie in die Berge. Sie kehren um den 15. Oktober vom Berg zur\u00fcck, da sie am 18. Oktober den Kopal anl\u00e4sslich des San-Lucas-Festes in Tzicatl\u00e1n (Puebla) vermarkten, da die Gro\u00dfh\u00e4ndler kommen, um den wei\u00dfen Kopal zu kaufen, und \u00fcber sie wird der Vertrieb sichergestellt. j\u00e4hrlich in weite Teile Mexikos.<\/p>\n<p>Die Art von Harz, die sie Stein-, Schwarz- oder Baumkopal nennen, ist das, was Copalb\u00e4ume auf nat\u00fcrliche Weise absondern. Neben wei\u00dfem und grauem Copal<strong> gewinnen Copaleros<\/strong> auch lamell\u00e4re Rindenfragmente, wie Sp\u00e4ne, die mit Copalharz impr\u00e4gniert sind.<\/p>\n<p>Eine andere Art von Bursera bipinnata Copal ist der Tecopal, eine kleine, runde, sehr kompakte und nat\u00fcrlich geformte Struktur mit Ameisenhaufensteinen, die mit Copalharz vermischt sind. Es ist ein besonders therapeutisches Produkt und von gleichem oder h\u00f6herem Wert als wei\u00dfer Kopal.<\/p>\n","protected":false},"excerpt":{"rendered":"<p>Wei\u00dfer Copal aus Mexiko ist ein aromatisches Harz, das von B\u00e4umen der Gattung Bursera produziert wird, die in Mexiko und anderen Teilen Mittelamerikas beheimatet sind. Dieses Harz wird seit Tausenden von Jahren von den indigenen Kulturen der Region f\u00fcr spirituelle Praktiken verwendet.<\/p>\n<p>In Mexiko und einigen mittelamerikanischen L\u00e4ndern ist es als <strong>Copal<\/strong> bekannt (von Nahuatl, <strong>copalli<\/strong>, was Harz oder Weihrauch bedeutet).<\/p>\n<p>Wei\u00dfer Copal wird bei Zeremonien und auch zur energetischen Reinigung von Menschen, Orten und Gegenst\u00e4nden eingesetzt.<\/p>\n<p>Wei\u00dfer Copal ist der sauberste und wertvollste von allen. Beim Verbrennen verstr\u00f6mt es ein unverwechselbares und einladendes Aroma mit harzigen, s\u00fc\u00dfen und leicht zitrischen Noten.<\/p>\n<p>F\u00fcr die einheimischen Kulturen des Amazonas gilt Kopalrauch als Kanal, um sich mit dem G\u00f6ttlichen zu verbinden und mit ihm zu kommunizieren, den Geist zu reinigen und negative Energien zu reinigen.<\/p>\n<p><strong>Gebrauchsanweisung:<\/strong> Z\u00fcnden Sie eine Holzkohle an und gie\u00dfen Sie etwas Harz auf die Kohlen. Das Harz schmilzt und gibt seinen Duft f\u00fcr einige Minuten an die Luft ab.<\/p>\n<p><strong>Gr\u00f6\u00dfe:<\/strong> 50g<\/p>\n","protected":false},"featured_media":15760,"template":"","meta":{"_joinchat":[]},"product_brand":[],"product_cat":[336,124],"product_tag":[],"class_list":{"0":"post-13636","1":"product","2":"type-product","3":"status-publish","4":"has-post-thumbnail","6":"product_cat-copalbaum","7":"product_cat-naturharze","9":"first","10":"instock","11":"taxable","12":"shipping-taxable","13":"purchasable","14":"product-type-simple"},"yoast_head":"<!-- This site is optimized with the Yoast SEO plugin v27.1.1 - https:\/\/yoast.com\/product\/yoast-seo-wordpress\/ -->\n<title>Wei\u00dfer Copal aus Mexiko: Online-Shop f\u00fcr Harze aus dem Amazonasgebiet<\/title>\n<meta name=\"description\" content=\"Wei\u00dfer Kopal ist der reinste und wertvollste von allen: Er verstr\u00f6mt ein unverwechselbares und einladendes Aroma mit harzigen, s\u00fc\u00dfen und leicht zitrischen Noten.\" \/>\n<meta name=\"robots\" content=\"index, follow, max-snippet:-1, max-image-preview:large, max-video-preview:-1\" \/>\n<link rel=\"canonical\" href=\"https:\/\/www.sinchisinchi.com\/de\/producto\/weisser-copal\/\" \/>\n<meta property=\"og:locale\" content=\"de_DE\" \/>\n<meta property=\"og:type\" content=\"article\" \/>\n<meta property=\"og:title\" content=\"Wei\u00dfer Copal aus Mexiko: Online-Shop f\u00fcr Harze aus dem Amazonasgebiet\" \/>\n<meta property=\"og:description\" content=\"Wei\u00dfer Kopal ist der reinste und wertvollste von allen: Er verstr\u00f6mt ein unverwechselbares und einladendes Aroma mit harzigen, s\u00fc\u00dfen und leicht zitrischen Noten.\" \/>\n<meta property=\"og:url\" content=\"https:\/\/www.sinchisinchi.com\/de\/producto\/weisser-copal\/\" \/>\n<meta property=\"og:site_name\" content=\"SINCHI RAP\u00c9\" \/>\n<meta property=\"article:publisher\" content=\"https:\/\/www.facebook.com\/sinchirape\/\" \/>\n<meta property=\"article:modified_time\" content=\"2024-07-05T07:40:36+00:00\" \/>\n<meta property=\"og:image\" content=\"https:\/\/www.sinchisinchi.com\/wp-content\/uploads\/2024\/04\/copal-blanco.png\" \/>\n\t<meta property=\"og:image:width\" content=\"600\" \/>\n\t<meta property=\"og:image:height\" content=\"600\" \/>\n\t<meta property=\"og:image:type\" content=\"image\/png\" \/>\n<meta name=\"twitter:card\" content=\"summary_large_image\" \/>\n<meta name=\"twitter:label1\" content=\"Gesch\u00e4tzte Lesezeit\" \/>\n\t<meta name=\"twitter:data1\" content=\"3\u00a0Minuten\" \/>\n<script type=\"application\/ld+json\" class=\"yoast-schema-graph\">{\"@context\":\"https:\/\/schema.org\",\"@graph\":[{\"@type\":\"WebPage\",\"@id\":\"https:\/\/www.sinchisinchi.com\/de\/producto\/weisser-copal\/\",\"url\":\"https:\/\/www.sinchisinchi.com\/de\/producto\/weisser-copal\/\",\"name\":\"Wei\u00dfer Copal aus Mexiko: Online-Shop f\u00fcr Harze aus dem Amazonasgebiet\",\"isPartOf\":{\"@id\":\"https:\/\/www.sinchisinchi.com\/de\/#website\"},\"primaryImageOfPage\":{\"@id\":\"https:\/\/www.sinchisinchi.com\/de\/producto\/weisser-copal\/#primaryimage\"},\"image\":{\"@id\":\"https:\/\/www.sinchisinchi.com\/de\/producto\/weisser-copal\/#primaryimage\"},\"thumbnailUrl\":\"https:\/\/www.sinchisinchi.com\/wp-content\/uploads\/2024\/04\/copal-blanco.png\",\"datePublished\":\"2024-04-24T11:25:31+00:00\",\"dateModified\":\"2024-07-05T07:40:36+00:00\",\"description\":\"Wei\u00dfer Kopal ist der reinste und wertvollste von allen: Er verstr\u00f6mt ein unverwechselbares und einladendes Aroma mit harzigen, s\u00fc\u00dfen und leicht zitrischen Noten.\",\"breadcrumb\":{\"@id\":\"https:\/\/www.sinchisinchi.com\/de\/producto\/weisser-copal\/#breadcrumb\"},\"inLanguage\":\"de\",\"potentialAction\":[{\"@type\":\"ReadAction\",\"target\":[\"https:\/\/www.sinchisinchi.com\/de\/producto\/weisser-copal\/\"]}]},{\"@type\":\"ImageObject\",\"inLanguage\":\"de\",\"@id\":\"https:\/\/www.sinchisinchi.com\/de\/producto\/weisser-copal\/#primaryimage\",\"url\":\"https:\/\/www.sinchisinchi.com\/wp-content\/uploads\/2024\/04\/copal-blanco.png\",\"contentUrl\":\"https:\/\/www.sinchisinchi.com\/wp-content\/uploads\/2024\/04\/copal-blanco.png\",\"width\":600,\"height\":600},{\"@type\":\"BreadcrumbList\",\"@id\":\"https:\/\/www.sinchisinchi.com\/de\/producto\/weisser-copal\/#breadcrumb\",\"itemListElement\":[{\"@type\":\"ListItem\",\"position\":1,\"name\":\"Titelseite\",\"item\":\"https:\/\/www.sinchisinchi.com\/de\/\"},{\"@type\":\"ListItem\",\"position\":2,\"name\":\"Produkte\",\"item\":\"https:\/\/www.sinchisinchi.com\/de\/shop\/\"},{\"@type\":\"ListItem\",\"position\":3,\"name\":\"Wei\u00dfer Copal\"}]},{\"@type\":\"WebSite\",\"@id\":\"https:\/\/www.sinchisinchi.com\/de\/#website\",\"url\":\"https:\/\/www.sinchisinchi.com\/de\/\",\"name\":\"SINCHI\",\"description\":\"Sinchi Medicine\",\"publisher\":{\"@id\":\"https:\/\/www.sinchisinchi.com\/de\/#organization\"},\"potentialAction\":[{\"@type\":\"SearchAction\",\"target\":{\"@type\":\"EntryPoint\",\"urlTemplate\":\"https:\/\/www.sinchisinchi.com\/de\/?s={search_term_string}\"},\"query-input\":{\"@type\":\"PropertyValueSpecification\",\"valueRequired\":true,\"valueName\":\"search_term_string\"}}],\"inLanguage\":\"de\"},{\"@type\":\"Organization\",\"@id\":\"https:\/\/www.sinchisinchi.com\/de\/#organization\",\"name\":\"SINCHI S.L\",\"url\":\"https:\/\/www.sinchisinchi.com\/de\/\",\"logo\":{\"@type\":\"ImageObject\",\"inLanguage\":\"de\",\"@id\":\"https:\/\/www.sinchisinchi.com\/de\/#\/schema\/logo\/image\/\",\"url\":\"https:\/\/www.sinchisinchi.com\/wp-content\/uploads\/2026\/01\/3b-Verde-SIMPLIFICADO-HORIZONTAL-F-TRANSPARENTE-scaled.png\",\"contentUrl\":\"https:\/\/www.sinchisinchi.com\/wp-content\/uploads\/2026\/01\/3b-Verde-SIMPLIFICADO-HORIZONTAL-F-TRANSPARENTE-scaled.png\",\"width\":2560,\"height\":457,\"caption\":\"SINCHI S.L\"},\"image\":{\"@id\":\"https:\/\/www.sinchisinchi.com\/de\/#\/schema\/logo\/image\/\"},\"sameAs\":[\"https:\/\/www.facebook.com\/sinchirape\/\",\"https:\/\/www.instagram.com\/sinchi_rape\/\"]}]}<\/script>\n<!-- \/ Yoast SEO plugin. -->","yoast_head_json":{"title":"Wei\u00dfer Copal aus Mexiko: Online-Shop f\u00fcr Harze aus dem Amazonasgebiet","description":"Wei\u00dfer Kopal ist der reinste und wertvollste von allen: Er verstr\u00f6mt ein unverwechselbares und einladendes Aroma mit harzigen, s\u00fc\u00dfen und leicht zitrischen Noten.","robots":{"index":"index","follow":"follow","max-snippet":"max-snippet:-1","max-image-preview":"max-image-preview:large","max-video-preview":"max-video-preview:-1"},"canonical":"https:\/\/www.sinchisinchi.com\/de\/producto\/weisser-copal\/","og_locale":"de_DE","og_type":"article","og_title":"Wei\u00dfer Copal aus Mexiko: Online-Shop f\u00fcr Harze aus dem Amazonasgebiet","og_description":"Wei\u00dfer Kopal ist der reinste und wertvollste von allen: Er verstr\u00f6mt ein unverwechselbares und einladendes Aroma mit harzigen, s\u00fc\u00dfen und leicht zitrischen Noten.","og_url":"https:\/\/www.sinchisinchi.com\/de\/producto\/weisser-copal\/","og_site_name":"SINCHI RAP\u00c9","article_publisher":"https:\/\/www.facebook.com\/sinchirape\/","article_modified_time":"2024-07-05T07:40:36+00:00","og_image":[{"width":600,"height":600,"url":"https:\/\/www.sinchisinchi.com\/wp-content\/uploads\/2024\/04\/copal-blanco.png","type":"image\/png"}],"twitter_card":"summary_large_image","twitter_misc":{"Gesch\u00e4tzte Lesezeit":"3\u00a0Minuten"},"schema":{"@context":"https:\/\/schema.org","@graph":[{"@type":"WebPage","@id":"https:\/\/www.sinchisinchi.com\/de\/producto\/weisser-copal\/","url":"https:\/\/www.sinchisinchi.com\/de\/producto\/weisser-copal\/","name":"Wei\u00dfer Copal aus Mexiko: Online-Shop f\u00fcr Harze aus dem Amazonasgebiet","isPartOf":{"@id":"https:\/\/www.sinchisinchi.com\/de\/#website"},"primaryImageOfPage":{"@id":"https:\/\/www.sinchisinchi.com\/de\/producto\/weisser-copal\/#primaryimage"},"image":{"@id":"https:\/\/www.sinchisinchi.com\/de\/producto\/weisser-copal\/#primaryimage"},"thumbnailUrl":"https:\/\/www.sinchisinchi.com\/wp-content\/uploads\/2024\/04\/copal-blanco.png","datePublished":"2024-04-24T11:25:31+00:00","dateModified":"2024-07-05T07:40:36+00:00","description":"Wei\u00dfer Kopal ist der reinste und wertvollste von allen: Er verstr\u00f6mt ein unverwechselbares und einladendes Aroma mit harzigen, s\u00fc\u00dfen und leicht zitrischen Noten.","breadcrumb":{"@id":"https:\/\/www.sinchisinchi.com\/de\/producto\/weisser-copal\/#breadcrumb"},"inLanguage":"de","potentialAction":[{"@type":"ReadAction","target":["https:\/\/www.sinchisinchi.com\/de\/producto\/weisser-copal\/"]}]},{"@type":"ImageObject","inLanguage":"de","@id":"https:\/\/www.sinchisinchi.com\/de\/producto\/weisser-copal\/#primaryimage","url":"https:\/\/www.sinchisinchi.com\/wp-content\/uploads\/2024\/04\/copal-blanco.png","contentUrl":"https:\/\/www.sinchisinchi.com\/wp-content\/uploads\/2024\/04\/copal-blanco.png","width":600,"height":600},{"@type":"BreadcrumbList","@id":"https:\/\/www.sinchisinchi.com\/de\/producto\/weisser-copal\/#breadcrumb","itemListElement":[{"@type":"ListItem","position":1,"name":"Titelseite","item":"https:\/\/www.sinchisinchi.com\/de\/"},{"@type":"ListItem","position":2,"name":"Produkte","item":"https:\/\/www.sinchisinchi.com\/de\/shop\/"},{"@type":"ListItem","position":3,"name":"Wei\u00dfer Copal"}]},{"@type":"WebSite","@id":"https:\/\/www.sinchisinchi.com\/de\/#website","url":"https:\/\/www.sinchisinchi.com\/de\/","name":"SINCHI","description":"Sinchi Medicine","publisher":{"@id":"https:\/\/www.sinchisinchi.com\/de\/#organization"},"potentialAction":[{"@type":"SearchAction","target":{"@type":"EntryPoint","urlTemplate":"https:\/\/www.sinchisinchi.com\/de\/?s={search_term_string}"},"query-input":{"@type":"PropertyValueSpecification","valueRequired":true,"valueName":"search_term_string"}}],"inLanguage":"de"},{"@type":"Organization","@id":"https:\/\/www.sinchisinchi.com\/de\/#organization","name":"SINCHI S.L","url":"https:\/\/www.sinchisinchi.com\/de\/","logo":{"@type":"ImageObject","inLanguage":"de","@id":"https:\/\/www.sinchisinchi.com\/de\/#\/schema\/logo\/image\/","url":"https:\/\/www.sinchisinchi.com\/wp-content\/uploads\/2026\/01\/3b-Verde-SIMPLIFICADO-HORIZONTAL-F-TRANSPARENTE-scaled.png","contentUrl":"https:\/\/www.sinchisinchi.com\/wp-content\/uploads\/2026\/01\/3b-Verde-SIMPLIFICADO-HORIZONTAL-F-TRANSPARENTE-scaled.png","width":2560,"height":457,"caption":"SINCHI S.L"},"image":{"@id":"https:\/\/www.sinchisinchi.com\/de\/#\/schema\/logo\/image\/"},"sameAs":["https:\/\/www.facebook.com\/sinchirape\/","https:\/\/www.instagram.com\/sinchi_rape\/"]}]}},"_links":{"self":[{"href":"https:\/\/www.sinchisinchi.com\/de\/wp-json\/wp\/v2\/product\/13636","targetHints":{"allow":["GET"]}}],"collection":[{"href":"https:\/\/www.sinchisinchi.com\/de\/wp-json\/wp\/v2\/product"}],"about":[{"href":"https:\/\/www.sinchisinchi.com\/de\/wp-json\/wp\/v2\/types\/product"}],"wp:featuredmedia":[{"embeddable":true,"href":"https:\/\/www.sinchisinchi.com\/de\/wp-json\/wp\/v2\/media\/15760"}],"wp:attachment":[{"href":"https:\/\/www.sinchisinchi.com\/de\/wp-json\/wp\/v2\/media?parent=13636"}],"wp:term":[{"taxonomy":"product_brand","embeddable":true,"href":"https:\/\/www.sinchisinchi.com\/de\/wp-json\/wp\/v2\/product_brand?post=13636"},{"taxonomy":"product_cat","embeddable":true,"href":"https:\/\/www.sinchisinchi.com\/de\/wp-json\/wp\/v2\/product_cat?post=13636"},{"taxonomy":"product_tag","embeddable":true,"href":"https:\/\/www.sinchisinchi.com\/de\/wp-json\/wp\/v2\/product_tag?post=13636"}],"curies":[{"name":"wp","href":"https:\/\/api.w.org\/{rel}","templated":true}]}}