{"id":14014,"date":"2024-05-09T08:12:13","date_gmt":"2024-05-09T08:12:13","guid":{"rendered":"https:\/\/www.sinchisinchi.com\/producto\/rosmarin\/"},"modified":"2024-05-21T12:16:48","modified_gmt":"2024-05-21T12:16:48","slug":"rosmarin","status":"publish","type":"product","link":"https:\/\/www.sinchisinchi.com\/de\/producto\/rosmarin\/","title":{"rendered":"Rosmarin"},"content":{"rendered":"<p><span style=\"color: #000000;\">Rosmarin (Rosemarinus officinalis) ist eine m\u00e4nnliche Pflanzengattung, die mit der Sonne und dem Feuerelement in Verbindung gebracht wird. Traditionell wird es wegen seiner Eigenschaften wie Schutz, Liebe, sexuelles Verlangen, geistige Kr\u00e4fte, Reinigung, Heilung, klares Tr\u00e4umen und Jugend verwendet. Im Badezimmer hat es starke reinigende und reinigende Eigenschaften.<\/span><\/p>\n<p><span style=\"color: #000000;\">Es ist eine Pflanze mit sehr aromatischen, mehrj\u00e4hrigen und gr\u00fcnen Bl\u00e4ttern mit blauen bis wei\u00dflichen Bl\u00fcten. Sie ist im Mittelmeerraum, im n\u00f6rdlichen und s\u00fcdlichen Afrika sowie in Westasien beheimatet. Sie erreicht eine H\u00f6he von 1 bis 2 Metern.<\/span><\/p>\n<p><span style=\"color: #000000;\">Sein \u00e4therisches \u00d6l ist antimikrobiell und hat antioxidative, entz\u00fcndungshemmende, schmerzstillende, antidepressive, neuroprotektive und antivirale Eigenschaften.<\/span><\/p>\n<p><span style=\"color: #000000;\">Rosmarin ist eine m\u00e4nnliche Pflanze, er korreliert mit der Sonne und dem Feuerelement. Zu seinen magischen Anwendungen geh\u00f6ren: Schutz, Liebe, sexuelles Verlangen, geistige Kr\u00e4fte, Reinigung, Heilung, Schlaf und Jugend.<\/span><\/p>\n","protected":false},"excerpt":{"rendered":"<p><span style=\"color: #000000;\">Rosmarinseife <strong>reinigt<\/strong> die Haut und <strong>spendet<\/strong> den Zellen der Dermis tiefe Feuchtigkeit. Verleiht der Haut Glanz, Frische, Elastizit\u00e4t und Schutz; Als Shampoo st\u00e4rkt es kraftloses Haar und wirkt zus\u00e4tzlich als Anti-Schuppen-Mittel.<\/span><\/p>\n<p><span style=\"color: #000000;\">Rosmarin ist reich an Antioxidantien und hilft, freie Radikale zu neutralisieren, weshalb er bei verj\u00fcngenden Behandlungen sehr gesch\u00e4tzt wird. Dank seiner belebenden Wirkung erh\u00f6ht Rosmarin das Energieniveau und sch\u00e4rft die geistigen F\u00e4higkeiten, wie z. B. die Konzentrationsf\u00e4higkeit, und sorgt so f\u00fcr geistige Klarheit.<\/span><\/p>\n<p><span style=\"color: #000000;\">Der Name Rosmarin kommt von den lateinischen W\u00f6rtern \u201eros\u201c und \u201emarinus\u201c, was \u201eTau des Meeres\u201c bedeutet.<\/span><\/p>\n<p><span style=\"color: #000000;\"><strong>Gr\u00f6\u00dfe:<\/strong> 125g<\/span><\/p>\n","protected":false},"featured_media":13996,"template":"","meta":{"_joinchat":[]},"product_brand":[],"product_cat":[343],"product_tag":[],"class_list":{"0":"post-14014","1":"product","2":"type-product","3":"status-publish","4":"has-post-thumbnail","6":"product_cat-seifen","8":"first","9":"instock","10":"taxable","11":"shipping-taxable","12":"purchasable","13":"product-type-simple"},"yoast_head":"<!-- This site is optimized with the Yoast SEO plugin v27.1.1 - https:\/\/yoast.com\/product\/yoast-seo-wordpress\/ -->\n<title>Rosmarinseife: Shamanic Shop<\/title>\n<meta name=\"description\" content=\"Rosmarin wird traditionell wegen seiner Eigenschaften wie Schutz, Liebe, sexuelles Verlangen, Reinigung, Heilung, Klartr\u00e4ume und Jugend verwendet.\" \/>\n<meta name=\"robots\" content=\"index, follow, max-snippet:-1, max-image-preview:large, max-video-preview:-1\" \/>\n<link rel=\"canonical\" href=\"https:\/\/www.sinchisinchi.com\/de\/producto\/rosmarin\/\" \/>\n<meta property=\"og:locale\" content=\"de_DE\" \/>\n<meta property=\"og:type\" content=\"article\" \/>\n<meta property=\"og:title\" content=\"Rosmarinseife: Shamanic Shop\" \/>\n<meta property=\"og:description\" content=\"Rosmarin wird traditionell wegen seiner Eigenschaften wie Schutz, Liebe, sexuelles Verlangen, Reinigung, Heilung, Klartr\u00e4ume und Jugend verwendet.\" \/>\n<meta property=\"og:url\" content=\"https:\/\/www.sinchisinchi.com\/de\/producto\/rosmarin\/\" \/>\n<meta property=\"og:site_name\" content=\"SINCHI RAP\u00c9\" \/>\n<meta property=\"article:publisher\" content=\"https:\/\/www.facebook.com\/sinchirape\/\" \/>\n<meta property=\"article:modified_time\" content=\"2024-05-21T12:16:48+00:00\" \/>\n<meta property=\"og:image\" content=\"https:\/\/www.sinchisinchi.com\/wp-content\/uploads\/2024\/05\/WhatsApp-Image-2024-05-08-at-14.24.27.jpeg\" \/>\n\t<meta property=\"og:image:width\" content=\"1024\" \/>\n\t<meta property=\"og:image:height\" content=\"1024\" \/>\n\t<meta property=\"og:image:type\" content=\"image\/jpeg\" \/>\n<meta name=\"twitter:card\" content=\"summary_large_image\" \/>\n<meta name=\"twitter:label1\" content=\"Gesch\u00e4tzte Lesezeit\" \/>\n\t<meta name=\"twitter:data1\" content=\"1\u00a0Minute\" \/>\n<script type=\"application\/ld+json\" class=\"yoast-schema-graph\">{\"@context\":\"https:\/\/schema.org\",\"@graph\":[{\"@type\":\"WebPage\",\"@id\":\"https:\/\/www.sinchisinchi.com\/de\/producto\/rosmarin\/\",\"url\":\"https:\/\/www.sinchisinchi.com\/de\/producto\/rosmarin\/\",\"name\":\"Rosmarinseife: Shamanic Shop\",\"isPartOf\":{\"@id\":\"https:\/\/www.sinchisinchi.com\/de\/#website\"},\"primaryImageOfPage\":{\"@id\":\"https:\/\/www.sinchisinchi.com\/de\/producto\/rosmarin\/#primaryimage\"},\"image\":{\"@id\":\"https:\/\/www.sinchisinchi.com\/de\/producto\/rosmarin\/#primaryimage\"},\"thumbnailUrl\":\"https:\/\/www.sinchisinchi.com\/wp-content\/uploads\/2024\/05\/WhatsApp-Image-2024-05-08-at-14.24.27.jpeg\",\"datePublished\":\"2024-05-09T08:12:13+00:00\",\"dateModified\":\"2024-05-21T12:16:48+00:00\",\"description\":\"Rosmarin wird traditionell wegen seiner Eigenschaften wie Schutz, Liebe, sexuelles Verlangen, Reinigung, Heilung, Klartr\u00e4ume und Jugend verwendet.\",\"breadcrumb\":{\"@id\":\"https:\/\/www.sinchisinchi.com\/de\/producto\/rosmarin\/#breadcrumb\"},\"inLanguage\":\"de\",\"potentialAction\":[{\"@type\":\"ReadAction\",\"target\":[\"https:\/\/www.sinchisinchi.com\/de\/producto\/rosmarin\/\"]}]},{\"@type\":\"ImageObject\",\"inLanguage\":\"de\",\"@id\":\"https:\/\/www.sinchisinchi.com\/de\/producto\/rosmarin\/#primaryimage\",\"url\":\"https:\/\/www.sinchisinchi.com\/wp-content\/uploads\/2024\/05\/WhatsApp-Image-2024-05-08-at-14.24.27.jpeg\",\"contentUrl\":\"https:\/\/www.sinchisinchi.com\/wp-content\/uploads\/2024\/05\/WhatsApp-Image-2024-05-08-at-14.24.27.jpeg\",\"width\":1024,\"height\":1024},{\"@type\":\"BreadcrumbList\",\"@id\":\"https:\/\/www.sinchisinchi.com\/de\/producto\/rosmarin\/#breadcrumb\",\"itemListElement\":[{\"@type\":\"ListItem\",\"position\":1,\"name\":\"Titelseite\",\"item\":\"https:\/\/www.sinchisinchi.com\/de\/\"},{\"@type\":\"ListItem\",\"position\":2,\"name\":\"Produkte\",\"item\":\"https:\/\/www.sinchisinchi.com\/de\/shop\/\"},{\"@type\":\"ListItem\",\"position\":3,\"name\":\"Rosmarin\"}]},{\"@type\":\"WebSite\",\"@id\":\"https:\/\/www.sinchisinchi.com\/de\/#website\",\"url\":\"https:\/\/www.sinchisinchi.com\/de\/\",\"name\":\"SINCHI\",\"description\":\"Sinchi Medicine\",\"publisher\":{\"@id\":\"https:\/\/www.sinchisinchi.com\/de\/#organization\"},\"potentialAction\":[{\"@type\":\"SearchAction\",\"target\":{\"@type\":\"EntryPoint\",\"urlTemplate\":\"https:\/\/www.sinchisinchi.com\/de\/?s={search_term_string}\"},\"query-input\":{\"@type\":\"PropertyValueSpecification\",\"valueRequired\":true,\"valueName\":\"search_term_string\"}}],\"inLanguage\":\"de\"},{\"@type\":\"Organization\",\"@id\":\"https:\/\/www.sinchisinchi.com\/de\/#organization\",\"name\":\"SINCHI S.L\",\"url\":\"https:\/\/www.sinchisinchi.com\/de\/\",\"logo\":{\"@type\":\"ImageObject\",\"inLanguage\":\"de\",\"@id\":\"https:\/\/www.sinchisinchi.com\/de\/#\/schema\/logo\/image\/\",\"url\":\"https:\/\/www.sinchisinchi.com\/wp-content\/uploads\/2026\/01\/3b-Verde-SIMPLIFICADO-HORIZONTAL-F-TRANSPARENTE-scaled.png\",\"contentUrl\":\"https:\/\/www.sinchisinchi.com\/wp-content\/uploads\/2026\/01\/3b-Verde-SIMPLIFICADO-HORIZONTAL-F-TRANSPARENTE-scaled.png\",\"width\":2560,\"height\":457,\"caption\":\"SINCHI S.L\"},\"image\":{\"@id\":\"https:\/\/www.sinchisinchi.com\/de\/#\/schema\/logo\/image\/\"},\"sameAs\":[\"https:\/\/www.facebook.com\/sinchirape\/\",\"https:\/\/www.instagram.com\/sinchi_rape\/\"]}]}<\/script>\n<!-- \/ Yoast SEO plugin. -->","yoast_head_json":{"title":"Rosmarinseife: Shamanic Shop","description":"Rosmarin wird traditionell wegen seiner Eigenschaften wie Schutz, Liebe, sexuelles Verlangen, Reinigung, Heilung, Klartr\u00e4ume und Jugend verwendet.","robots":{"index":"index","follow":"follow","max-snippet":"max-snippet:-1","max-image-preview":"max-image-preview:large","max-video-preview":"max-video-preview:-1"},"canonical":"https:\/\/www.sinchisinchi.com\/de\/producto\/rosmarin\/","og_locale":"de_DE","og_type":"article","og_title":"Rosmarinseife: Shamanic Shop","og_description":"Rosmarin wird traditionell wegen seiner Eigenschaften wie Schutz, Liebe, sexuelles Verlangen, Reinigung, Heilung, Klartr\u00e4ume und Jugend verwendet.","og_url":"https:\/\/www.sinchisinchi.com\/de\/producto\/rosmarin\/","og_site_name":"SINCHI RAP\u00c9","article_publisher":"https:\/\/www.facebook.com\/sinchirape\/","article_modified_time":"2024-05-21T12:16:48+00:00","og_image":[{"width":1024,"height":1024,"url":"https:\/\/www.sinchisinchi.com\/wp-content\/uploads\/2024\/05\/WhatsApp-Image-2024-05-08-at-14.24.27.jpeg","type":"image\/jpeg"}],"twitter_card":"summary_large_image","twitter_misc":{"Gesch\u00e4tzte Lesezeit":"1\u00a0Minute"},"schema":{"@context":"https:\/\/schema.org","@graph":[{"@type":"WebPage","@id":"https:\/\/www.sinchisinchi.com\/de\/producto\/rosmarin\/","url":"https:\/\/www.sinchisinchi.com\/de\/producto\/rosmarin\/","name":"Rosmarinseife: Shamanic Shop","isPartOf":{"@id":"https:\/\/www.sinchisinchi.com\/de\/#website"},"primaryImageOfPage":{"@id":"https:\/\/www.sinchisinchi.com\/de\/producto\/rosmarin\/#primaryimage"},"image":{"@id":"https:\/\/www.sinchisinchi.com\/de\/producto\/rosmarin\/#primaryimage"},"thumbnailUrl":"https:\/\/www.sinchisinchi.com\/wp-content\/uploads\/2024\/05\/WhatsApp-Image-2024-05-08-at-14.24.27.jpeg","datePublished":"2024-05-09T08:12:13+00:00","dateModified":"2024-05-21T12:16:48+00:00","description":"Rosmarin wird traditionell wegen seiner Eigenschaften wie Schutz, Liebe, sexuelles Verlangen, Reinigung, Heilung, Klartr\u00e4ume und Jugend verwendet.","breadcrumb":{"@id":"https:\/\/www.sinchisinchi.com\/de\/producto\/rosmarin\/#breadcrumb"},"inLanguage":"de","potentialAction":[{"@type":"ReadAction","target":["https:\/\/www.sinchisinchi.com\/de\/producto\/rosmarin\/"]}]},{"@type":"ImageObject","inLanguage":"de","@id":"https:\/\/www.sinchisinchi.com\/de\/producto\/rosmarin\/#primaryimage","url":"https:\/\/www.sinchisinchi.com\/wp-content\/uploads\/2024\/05\/WhatsApp-Image-2024-05-08-at-14.24.27.jpeg","contentUrl":"https:\/\/www.sinchisinchi.com\/wp-content\/uploads\/2024\/05\/WhatsApp-Image-2024-05-08-at-14.24.27.jpeg","width":1024,"height":1024},{"@type":"BreadcrumbList","@id":"https:\/\/www.sinchisinchi.com\/de\/producto\/rosmarin\/#breadcrumb","itemListElement":[{"@type":"ListItem","position":1,"name":"Titelseite","item":"https:\/\/www.sinchisinchi.com\/de\/"},{"@type":"ListItem","position":2,"name":"Produkte","item":"https:\/\/www.sinchisinchi.com\/de\/shop\/"},{"@type":"ListItem","position":3,"name":"Rosmarin"}]},{"@type":"WebSite","@id":"https:\/\/www.sinchisinchi.com\/de\/#website","url":"https:\/\/www.sinchisinchi.com\/de\/","name":"SINCHI","description":"Sinchi Medicine","publisher":{"@id":"https:\/\/www.sinchisinchi.com\/de\/#organization"},"potentialAction":[{"@type":"SearchAction","target":{"@type":"EntryPoint","urlTemplate":"https:\/\/www.sinchisinchi.com\/de\/?s={search_term_string}"},"query-input":{"@type":"PropertyValueSpecification","valueRequired":true,"valueName":"search_term_string"}}],"inLanguage":"de"},{"@type":"Organization","@id":"https:\/\/www.sinchisinchi.com\/de\/#organization","name":"SINCHI S.L","url":"https:\/\/www.sinchisinchi.com\/de\/","logo":{"@type":"ImageObject","inLanguage":"de","@id":"https:\/\/www.sinchisinchi.com\/de\/#\/schema\/logo\/image\/","url":"https:\/\/www.sinchisinchi.com\/wp-content\/uploads\/2026\/01\/3b-Verde-SIMPLIFICADO-HORIZONTAL-F-TRANSPARENTE-scaled.png","contentUrl":"https:\/\/www.sinchisinchi.com\/wp-content\/uploads\/2026\/01\/3b-Verde-SIMPLIFICADO-HORIZONTAL-F-TRANSPARENTE-scaled.png","width":2560,"height":457,"caption":"SINCHI S.L"},"image":{"@id":"https:\/\/www.sinchisinchi.com\/de\/#\/schema\/logo\/image\/"},"sameAs":["https:\/\/www.facebook.com\/sinchirape\/","https:\/\/www.instagram.com\/sinchi_rape\/"]}]}},"_links":{"self":[{"href":"https:\/\/www.sinchisinchi.com\/de\/wp-json\/wp\/v2\/product\/14014","targetHints":{"allow":["GET"]}}],"collection":[{"href":"https:\/\/www.sinchisinchi.com\/de\/wp-json\/wp\/v2\/product"}],"about":[{"href":"https:\/\/www.sinchisinchi.com\/de\/wp-json\/wp\/v2\/types\/product"}],"wp:featuredmedia":[{"embeddable":true,"href":"https:\/\/www.sinchisinchi.com\/de\/wp-json\/wp\/v2\/media\/13996"}],"wp:attachment":[{"href":"https:\/\/www.sinchisinchi.com\/de\/wp-json\/wp\/v2\/media?parent=14014"}],"wp:term":[{"taxonomy":"product_brand","embeddable":true,"href":"https:\/\/www.sinchisinchi.com\/de\/wp-json\/wp\/v2\/product_brand?post=14014"},{"taxonomy":"product_cat","embeddable":true,"href":"https:\/\/www.sinchisinchi.com\/de\/wp-json\/wp\/v2\/product_cat?post=14014"},{"taxonomy":"product_tag","embeddable":true,"href":"https:\/\/www.sinchisinchi.com\/de\/wp-json\/wp\/v2\/product_tag?post=14014"}],"curies":[{"name":"wp","href":"https:\/\/api.w.org\/{rel}","templated":true}]}}