{"id":14021,"date":"2024-05-08T07:58:35","date_gmt":"2024-05-08T07:58:35","guid":{"rendered":"https:\/\/www.sinchisinchi.com\/producto\/rosa\/"},"modified":"2024-05-21T12:20:27","modified_gmt":"2024-05-21T12:20:27","slug":"rosa","status":"publish","type":"product","link":"https:\/\/www.sinchisinchi.com\/de\/producto\/rosa\/","title":{"rendered":"Rosa"},"content":{"rendered":"<p><span style=\"color: #000000;\">Die Rose ist <strong>eine weibliche Pflanze<\/strong>, die mit Venus, dem <strong>Element Wasser<\/strong> und einer Vielzahl von G\u00f6ttern in Verbindung gebracht wird: Hathor, Hulda, Eros, Demeter, Isis, Harpokrates und Aurora. Traditionell wird es wegen seiner Eigenschaften im Zusammenhang mit Liebe, Geisteskraft, Heilung, Wahrsagerei, Gl\u00fcck und Schutz verwendet.<\/span><\/p>\n<p><span style=\"color: #000000;\">Die Rose ist eine Pflanze, die mit der Liebe verbunden ist; Ihre blumige und verf\u00fchrerische Sinnlichkeit macht sie zu einem Aphrodisiakum, sie gilt als heilige Blume, als Symbol selbstloser Liebe.<\/span><\/p>\n<p><span style=\"color: #000000;\">Es hat eine gro\u00dfe F\u00e4higkeit, emotionale Wunden zu heilen; Wenn Ablehnung oder Verlust die Selbstliebe gemindert haben, spendet Rosen\u00f6l s\u00fc\u00dfen Trost, vereint den Geist mit dem Herzen und bringt W\u00e4rme in die Seele.<\/span><\/p>\n<p><span style=\"color: #000000;\">Die griechische Mythologie f\u00fchrt den Ursprung der Rosen auf die G\u00f6ttin Cybele, auch bekannt als Phrygia, zur\u00fcck, die, da Aphrodites Sch\u00f6nheit un\u00fcbertroffen war, diese zarte und sch\u00f6ne Blume schuf, damit die G\u00f6ttin der Liebe und Sch\u00f6nheit einen w\u00fcrdigen Vergleich h\u00e4tte.<\/span><\/p>\n","protected":false},"excerpt":{"rendered":"<p><span style=\"color: #000000;\">Rosenseife ist besonders f\u00fcr empfindliche Haut geeignet. Es hat beruhigende, reinigende, entz\u00fcndungshemmende und heilende Eigenschaften.<\/span><\/p>\n<p><span style=\"color: #000000;\">Pflegt, sch\u00fctzt, st\u00e4rkt die Haut. Reduziert das Auftreten von Unreinheiten und sorgt f\u00fcr eine gleichm\u00e4\u00dfige und gesunde Haut. Dank seines hohen Vitamin-C-Gehalts hat es verj\u00fcngende Eigenschaften.<\/span><\/p>\n<p><span style=\"color: #000000;\">Rosenseife enth\u00e4lt nat\u00fcrliche \u00d6le, die der Haut Feuchtigkeit und Feuchtigkeit zur\u00fcckgeben und sie dank ihrer regenerierenden Eigenschaften der Epidermis weich und gl\u00e4tten.<\/span><\/p>\n<p><span style=\"color: #000000;\">Aufgrund der Eigenschaften von Rosen eignet es sich ideal als Toner und Gesichtsreiniger, es tonisiert und sorgt f\u00fcr ein frisches Aussehen. Die t\u00e4gliche Anwendung reduziert das Auftreten von Falten, indem es offene Poren schlie\u00dft und die Elastizit\u00e4t wiederherstellt.<\/span><\/p>\n<p><span style=\"color: #000000;\">Diese Seife wird in Marseille nach der \u00fcberlieferten Methode und mit nat\u00fcrlichen Inhaltsstoffen, mediterranem Meerwasser, \u00e4therischem Rosen\u00f6l, Rosenbl\u00fctenbl\u00e4ttern, Pflanzen\u00f6len bester Qualit\u00e4t und Natriumcarbonat, handgefertigt.<\/span><\/p>\n<p>&nbsp;<\/p>\n<p><span style=\"color: #000000;\"><strong>Gr\u00f6\u00dfe:<\/strong> 125g<\/span><\/p>\n","protected":false},"featured_media":13978,"template":"","meta":{"_joinchat":[]},"product_brand":[],"product_cat":[343],"product_tag":[],"class_list":{"0":"post-14021","1":"product","2":"type-product","3":"status-publish","4":"has-post-thumbnail","6":"product_cat-seifen","8":"first","9":"instock","10":"taxable","11":"shipping-taxable","12":"purchasable","13":"product-type-simple"},"yoast_head":"<!-- This site is optimized with the Yoast SEO plugin v27.4 - https:\/\/yoast.com\/product\/yoast-seo-wordpress\/ -->\n<title>Rosenseife: Schamanischer Shop<\/title>\n<meta name=\"description\" content=\"Rosenseife: Besonders geeignet f\u00fcr empfindliche Haut. Es hat beruhigende, reinigende, entz\u00fcndungshemmende und heilende Eigenschaften.\" \/>\n<meta name=\"robots\" content=\"index, follow, max-snippet:-1, max-image-preview:large, max-video-preview:-1\" \/>\n<link rel=\"canonical\" href=\"https:\/\/www.sinchisinchi.com\/de\/producto\/rosa\/\" \/>\n<meta property=\"og:locale\" content=\"de_DE\" \/>\n<meta property=\"og:type\" content=\"article\" \/>\n<meta property=\"og:title\" content=\"Rosenseife: Schamanischer Shop\" \/>\n<meta property=\"og:description\" content=\"Rosenseife: Besonders geeignet f\u00fcr empfindliche Haut. Es hat beruhigende, reinigende, entz\u00fcndungshemmende und heilende Eigenschaften.\" \/>\n<meta property=\"og:url\" content=\"https:\/\/www.sinchisinchi.com\/de\/producto\/rosa\/\" \/>\n<meta property=\"og:site_name\" content=\"SINCHI RAP\u00c9\" \/>\n<meta property=\"article:publisher\" content=\"https:\/\/www.facebook.com\/sinchirape\/\" \/>\n<meta property=\"article:modified_time\" content=\"2024-05-21T12:20:27+00:00\" \/>\n<meta property=\"og:image\" content=\"https:\/\/www.sinchisinchi.com\/wp-content\/uploads\/2024\/05\/WhatsApp-Image-2024-05-08-at-09.55.28.jpeg\" \/>\n\t<meta property=\"og:image:width\" content=\"1024\" \/>\n\t<meta property=\"og:image:height\" content=\"1024\" \/>\n\t<meta property=\"og:image:type\" content=\"image\/jpeg\" \/>\n<meta name=\"twitter:card\" content=\"summary_large_image\" \/>\n<meta name=\"twitter:label1\" content=\"Gesch\u00e4tzte Lesezeit\" \/>\n\t<meta name=\"twitter:data1\" content=\"1\u00a0Minute\" \/>\n<script type=\"application\/ld+json\" class=\"yoast-schema-graph\">{\"@context\":\"https:\\\/\\\/schema.org\",\"@graph\":[{\"@type\":\"WebPage\",\"@id\":\"https:\\\/\\\/www.sinchisinchi.com\\\/de\\\/producto\\\/rosa\\\/\",\"url\":\"https:\\\/\\\/www.sinchisinchi.com\\\/de\\\/producto\\\/rosa\\\/\",\"name\":\"Rosenseife: Schamanischer Shop\",\"isPartOf\":{\"@id\":\"https:\\\/\\\/www.sinchisinchi.com\\\/de\\\/#website\"},\"primaryImageOfPage\":{\"@id\":\"https:\\\/\\\/www.sinchisinchi.com\\\/de\\\/producto\\\/rosa\\\/#primaryimage\"},\"image\":{\"@id\":\"https:\\\/\\\/www.sinchisinchi.com\\\/de\\\/producto\\\/rosa\\\/#primaryimage\"},\"thumbnailUrl\":\"https:\\\/\\\/www.sinchisinchi.com\\\/wp-content\\\/uploads\\\/2024\\\/05\\\/WhatsApp-Image-2024-05-08-at-09.55.28.jpeg\",\"datePublished\":\"2024-05-08T07:58:35+00:00\",\"dateModified\":\"2024-05-21T12:20:27+00:00\",\"description\":\"Rosenseife: Besonders geeignet f\u00fcr empfindliche Haut. Es hat beruhigende, reinigende, entz\u00fcndungshemmende und heilende Eigenschaften.\",\"breadcrumb\":{\"@id\":\"https:\\\/\\\/www.sinchisinchi.com\\\/de\\\/producto\\\/rosa\\\/#breadcrumb\"},\"inLanguage\":\"de\",\"potentialAction\":[{\"@type\":\"ReadAction\",\"target\":[\"https:\\\/\\\/www.sinchisinchi.com\\\/de\\\/producto\\\/rosa\\\/\"]}]},{\"@type\":\"ImageObject\",\"inLanguage\":\"de\",\"@id\":\"https:\\\/\\\/www.sinchisinchi.com\\\/de\\\/producto\\\/rosa\\\/#primaryimage\",\"url\":\"https:\\\/\\\/www.sinchisinchi.com\\\/wp-content\\\/uploads\\\/2024\\\/05\\\/WhatsApp-Image-2024-05-08-at-09.55.28.jpeg\",\"contentUrl\":\"https:\\\/\\\/www.sinchisinchi.com\\\/wp-content\\\/uploads\\\/2024\\\/05\\\/WhatsApp-Image-2024-05-08-at-09.55.28.jpeg\",\"width\":1024,\"height\":1024},{\"@type\":\"BreadcrumbList\",\"@id\":\"https:\\\/\\\/www.sinchisinchi.com\\\/de\\\/producto\\\/rosa\\\/#breadcrumb\",\"itemListElement\":[{\"@type\":\"ListItem\",\"position\":1,\"name\":\"Titelseite\",\"item\":\"https:\\\/\\\/www.sinchisinchi.com\\\/de\\\/\"},{\"@type\":\"ListItem\",\"position\":2,\"name\":\"Produkte\",\"item\":\"https:\\\/\\\/www.sinchisinchi.com\\\/de\\\/shop\\\/\"},{\"@type\":\"ListItem\",\"position\":3,\"name\":\"Rosa\"}]},{\"@type\":\"WebSite\",\"@id\":\"https:\\\/\\\/www.sinchisinchi.com\\\/de\\\/#website\",\"url\":\"https:\\\/\\\/www.sinchisinchi.com\\\/de\\\/\",\"name\":\"SINCHI\",\"description\":\"Sinchi Medicine\",\"publisher\":{\"@id\":\"https:\\\/\\\/www.sinchisinchi.com\\\/de\\\/#organization\"},\"potentialAction\":[{\"@type\":\"SearchAction\",\"target\":{\"@type\":\"EntryPoint\",\"urlTemplate\":\"https:\\\/\\\/www.sinchisinchi.com\\\/de\\\/?s={search_term_string}\"},\"query-input\":{\"@type\":\"PropertyValueSpecification\",\"valueRequired\":true,\"valueName\":\"search_term_string\"}}],\"inLanguage\":\"de\"},{\"@type\":\"Organization\",\"@id\":\"https:\\\/\\\/www.sinchisinchi.com\\\/de\\\/#organization\",\"name\":\"SINCHI S.L\",\"url\":\"https:\\\/\\\/www.sinchisinchi.com\\\/de\\\/\",\"logo\":{\"@type\":\"ImageObject\",\"inLanguage\":\"de\",\"@id\":\"https:\\\/\\\/www.sinchisinchi.com\\\/de\\\/#\\\/schema\\\/logo\\\/image\\\/\",\"url\":\"https:\\\/\\\/www.sinchisinchi.com\\\/wp-content\\\/uploads\\\/2026\\\/01\\\/3b-Verde-SIMPLIFICADO-HORIZONTAL-F-TRANSPARENTE-scaled.png\",\"contentUrl\":\"https:\\\/\\\/www.sinchisinchi.com\\\/wp-content\\\/uploads\\\/2026\\\/01\\\/3b-Verde-SIMPLIFICADO-HORIZONTAL-F-TRANSPARENTE-scaled.png\",\"width\":2560,\"height\":457,\"caption\":\"SINCHI S.L\"},\"image\":{\"@id\":\"https:\\\/\\\/www.sinchisinchi.com\\\/de\\\/#\\\/schema\\\/logo\\\/image\\\/\"},\"sameAs\":[\"https:\\\/\\\/www.facebook.com\\\/sinchirape\\\/\",\"https:\\\/\\\/www.instagram.com\\\/sinchi_rape\\\/\"]}]}<\/script>\n<!-- \/ Yoast SEO plugin. -->","yoast_head_json":{"title":"Rosenseife: Schamanischer Shop","description":"Rosenseife: Besonders geeignet f\u00fcr empfindliche Haut. Es hat beruhigende, reinigende, entz\u00fcndungshemmende und heilende Eigenschaften.","robots":{"index":"index","follow":"follow","max-snippet":"max-snippet:-1","max-image-preview":"max-image-preview:large","max-video-preview":"max-video-preview:-1"},"canonical":"https:\/\/www.sinchisinchi.com\/de\/producto\/rosa\/","og_locale":"de_DE","og_type":"article","og_title":"Rosenseife: Schamanischer Shop","og_description":"Rosenseife: Besonders geeignet f\u00fcr empfindliche Haut. Es hat beruhigende, reinigende, entz\u00fcndungshemmende und heilende Eigenschaften.","og_url":"https:\/\/www.sinchisinchi.com\/de\/producto\/rosa\/","og_site_name":"SINCHI RAP\u00c9","article_publisher":"https:\/\/www.facebook.com\/sinchirape\/","article_modified_time":"2024-05-21T12:20:27+00:00","og_image":[{"width":1024,"height":1024,"url":"https:\/\/www.sinchisinchi.com\/wp-content\/uploads\/2024\/05\/WhatsApp-Image-2024-05-08-at-09.55.28.jpeg","type":"image\/jpeg"}],"twitter_card":"summary_large_image","twitter_misc":{"Gesch\u00e4tzte Lesezeit":"1\u00a0Minute"},"schema":{"@context":"https:\/\/schema.org","@graph":[{"@type":"WebPage","@id":"https:\/\/www.sinchisinchi.com\/de\/producto\/rosa\/","url":"https:\/\/www.sinchisinchi.com\/de\/producto\/rosa\/","name":"Rosenseife: Schamanischer Shop","isPartOf":{"@id":"https:\/\/www.sinchisinchi.com\/de\/#website"},"primaryImageOfPage":{"@id":"https:\/\/www.sinchisinchi.com\/de\/producto\/rosa\/#primaryimage"},"image":{"@id":"https:\/\/www.sinchisinchi.com\/de\/producto\/rosa\/#primaryimage"},"thumbnailUrl":"https:\/\/www.sinchisinchi.com\/wp-content\/uploads\/2024\/05\/WhatsApp-Image-2024-05-08-at-09.55.28.jpeg","datePublished":"2024-05-08T07:58:35+00:00","dateModified":"2024-05-21T12:20:27+00:00","description":"Rosenseife: Besonders geeignet f\u00fcr empfindliche Haut. Es hat beruhigende, reinigende, entz\u00fcndungshemmende und heilende Eigenschaften.","breadcrumb":{"@id":"https:\/\/www.sinchisinchi.com\/de\/producto\/rosa\/#breadcrumb"},"inLanguage":"de","potentialAction":[{"@type":"ReadAction","target":["https:\/\/www.sinchisinchi.com\/de\/producto\/rosa\/"]}]},{"@type":"ImageObject","inLanguage":"de","@id":"https:\/\/www.sinchisinchi.com\/de\/producto\/rosa\/#primaryimage","url":"https:\/\/www.sinchisinchi.com\/wp-content\/uploads\/2024\/05\/WhatsApp-Image-2024-05-08-at-09.55.28.jpeg","contentUrl":"https:\/\/www.sinchisinchi.com\/wp-content\/uploads\/2024\/05\/WhatsApp-Image-2024-05-08-at-09.55.28.jpeg","width":1024,"height":1024},{"@type":"BreadcrumbList","@id":"https:\/\/www.sinchisinchi.com\/de\/producto\/rosa\/#breadcrumb","itemListElement":[{"@type":"ListItem","position":1,"name":"Titelseite","item":"https:\/\/www.sinchisinchi.com\/de\/"},{"@type":"ListItem","position":2,"name":"Produkte","item":"https:\/\/www.sinchisinchi.com\/de\/shop\/"},{"@type":"ListItem","position":3,"name":"Rosa"}]},{"@type":"WebSite","@id":"https:\/\/www.sinchisinchi.com\/de\/#website","url":"https:\/\/www.sinchisinchi.com\/de\/","name":"SINCHI","description":"Sinchi Medicine","publisher":{"@id":"https:\/\/www.sinchisinchi.com\/de\/#organization"},"potentialAction":[{"@type":"SearchAction","target":{"@type":"EntryPoint","urlTemplate":"https:\/\/www.sinchisinchi.com\/de\/?s={search_term_string}"},"query-input":{"@type":"PropertyValueSpecification","valueRequired":true,"valueName":"search_term_string"}}],"inLanguage":"de"},{"@type":"Organization","@id":"https:\/\/www.sinchisinchi.com\/de\/#organization","name":"SINCHI S.L","url":"https:\/\/www.sinchisinchi.com\/de\/","logo":{"@type":"ImageObject","inLanguage":"de","@id":"https:\/\/www.sinchisinchi.com\/de\/#\/schema\/logo\/image\/","url":"https:\/\/www.sinchisinchi.com\/wp-content\/uploads\/2026\/01\/3b-Verde-SIMPLIFICADO-HORIZONTAL-F-TRANSPARENTE-scaled.png","contentUrl":"https:\/\/www.sinchisinchi.com\/wp-content\/uploads\/2026\/01\/3b-Verde-SIMPLIFICADO-HORIZONTAL-F-TRANSPARENTE-scaled.png","width":2560,"height":457,"caption":"SINCHI S.L"},"image":{"@id":"https:\/\/www.sinchisinchi.com\/de\/#\/schema\/logo\/image\/"},"sameAs":["https:\/\/www.facebook.com\/sinchirape\/","https:\/\/www.instagram.com\/sinchi_rape\/"]}]}},"_links":{"self":[{"href":"https:\/\/www.sinchisinchi.com\/de\/wp-json\/wp\/v2\/product\/14021","targetHints":{"allow":["GET"]}}],"collection":[{"href":"https:\/\/www.sinchisinchi.com\/de\/wp-json\/wp\/v2\/product"}],"about":[{"href":"https:\/\/www.sinchisinchi.com\/de\/wp-json\/wp\/v2\/types\/product"}],"wp:featuredmedia":[{"embeddable":true,"href":"https:\/\/www.sinchisinchi.com\/de\/wp-json\/wp\/v2\/media\/13978"}],"wp:attachment":[{"href":"https:\/\/www.sinchisinchi.com\/de\/wp-json\/wp\/v2\/media?parent=14021"}],"wp:term":[{"taxonomy":"product_brand","embeddable":true,"href":"https:\/\/www.sinchisinchi.com\/de\/wp-json\/wp\/v2\/product_brand?post=14021"},{"taxonomy":"product_cat","embeddable":true,"href":"https:\/\/www.sinchisinchi.com\/de\/wp-json\/wp\/v2\/product_cat?post=14021"},{"taxonomy":"product_tag","embeddable":true,"href":"https:\/\/www.sinchisinchi.com\/de\/wp-json\/wp\/v2\/product_tag?post=14021"}],"curies":[{"name":"wp","href":"https:\/\/api.w.org\/{rel}","templated":true}]}}