{"id":14024,"date":"2024-05-07T11:05:04","date_gmt":"2024-05-07T11:05:04","guid":{"rendered":"https:\/\/www.sinchisinchi.com\/producto\/aloe-vera\/"},"modified":"2024-05-21T12:22:40","modified_gmt":"2024-05-21T12:22:40","slug":"aloe-vera","status":"publish","type":"product","link":"https:\/\/www.sinchisinchi.com\/de\/producto\/aloe-vera\/","title":{"rendered":"Aloe Vera"},"content":{"rendered":"<h2 style=\"text-align: center;\"><strong><span style=\"color: #000000;\">Geschichte<\/span><\/strong><\/h2>\n<h3 style=\"text-align: center;\"><strong><span style=\"color: #000000;\">Arabische Welt<\/span><\/strong><\/h3>\n<p><span style=\"color: #000000;\">Die Aloe-Vera-Pflanze stammt aus Afrika, genauer gesagt von der Arabischen Halbinsel. Sein Gattungsname Aloe kommt vom arabischen Begriff alloeh, was helle und bittere Substanz bedeutet; sie wird auch Aloe Vera genannt; Diese und andere Varianten sind auf die Verformung des arabischen Wortes \u00c7abila zur\u00fcckzuf\u00fchren, was dornige Pflanze bedeutet.<\/span><\/p>\n<p><span style=\"color: #000000;\">Sie waren die ersten, die die Pflanze kommerzialisierten. Sie extrahierten das Fruchtfleisch in einem Verfahren mit Holzpressen oder indem sie auf die Bl\u00e4tter selbst traten, \u00e4hnlich wie bei der Weingewinnung.<\/span><\/p>\n<p><span style=\"color: #000000;\">Anschlie\u00dfend lie\u00dfen sie es in der Sonne trocknen und das Gel wurde zu Pulver zerkleinert, was die Vermarktung erleichterte. Dank dessen wurde Aloe Vera bereits im 6. Jahrhundert v. Chr. nach Persien und Indien exportiert.<\/span><\/p>\n<h3 style=\"text-align: center;\"><strong><span style=\"color: #000000;\">\u00c4gypten<\/span><\/strong><\/h3>\n<p><span style=\"color: #000000;\">Da er kosmetische Eigenschaften besitzt, nutzten Kleopatra und Nofretete den Saft der Pflanze f\u00fcr ihre t\u00e4glichen Sch\u00f6nheitsrituale. Es wurde auch von Priestern bei der Einbalsamierung der Pharaonen und bei \u00e4gyptischen Bestattungsritualen verwendet. Bei den alten \u00c4gyptern war sie als Pflanze der Unsterblichkeit bekannt.<\/span><\/p>\n<p><span style=\"color: #000000;\">Im Ebers-Papyrus oder \u201eBuch der Heilmittel\u201c, einer \u00e4gyptischen Abhandlung \u00fcber Medizin aus dem 15. Jahrhundert v. Chr., die in Leipzig aufbewahrt wird, sind mehr als ein Dutzend Heilmittel aus Aloe Vera aufgef\u00fchrt.<\/span><\/p>\n<h3 style=\"text-align: center;\"><strong><span style=\"color: #000000;\">Griechenland<\/span><\/strong><\/h3>\n<p><span style=\"color: #000000;\">Hippokrates spricht \u00fcber seine medizinischen Eigenschaften.<\/span><\/p>\n<p><span style=\"color: #000000;\">Der Legende nach nutzte Alexander der Gro\u00dfe, der bei der Belagerung von Gaza durch einen Pfeil verwundet wurde, ein Gebr\u00e4u mit Aloe Vera, um seine Wunde zu heilen. Da er von der Heilkraft der Pflanze fasziniert war, beschloss er, Sokotra zu erobern, eine Insel, auf der Aloe Vera reichlich angebaut wurde.<\/span><\/p>\n<h3 style=\"text-align: center;\"><strong><span style=\"color: #000000;\">Rom<\/span><\/strong><\/h3>\n<p><span style=\"color: #000000;\">Die R\u00f6mer entdeckten die Pflanze w\u00e4hrend der punischen Kriege und waren fasziniert von ihrer Heilkraft auf den Narben von Kriegern.<\/span><\/p>\n<p><span style=\"color: #000000;\">W\u00e4hrend der Amtszeit von Kaiser Nero berichtete sein Arzt Dioskurides in seiner Abhandlung De Materia Medica \u00fcber die historische Verwendung von etwa 600 Heilpflanzen, darunter eine seiner Lieblingspflanzen, die Aloe Vera. Er betrachtete die Pflanze als ideal f\u00fcr die Behandlung von Krankheiten und Beschwerden, da sie f\u00fcr ihre gerinnungshemmende Wirkung auf das Blut aus Wunden und f\u00fcr ihre heilenden Eigenschaften bekannt ist.<\/span><\/p>\n<h3 style=\"text-align: center;\"><strong><span style=\"color: #000000;\">Fernost<\/span><\/strong><\/h3>\n<p><span style=\"color: #000000;\">Die Chinesen waren die ersten, die die Pflanze f\u00fcr medizinische Zwecke nutzten. In Japan schmierten Samurai das Gel der Pflanze auf sich, um b\u00f6se Geister abzuwehren und Unsterblichkeit zu erlangen.<\/span><\/p>\n<h3 style=\"text-align: center;\"><strong><span style=\"color: #000000;\">Spanien<\/span><\/strong><\/h3>\n<p><span style=\"color: #000000;\">Im 16. Jahrhundert sammelten spanische Jesuitenm\u00f6nche wilde Aloe Vera und verbreiteten sie in Gebieten, in denen sie noch nicht angebaut worden war. Die Maya-Indianer nannten den Saft dieser W\u00fcstenpflanze \u201eBrunnen der Jugend\u201c und verwendeten ihn auch als Insektenschutzmittel f\u00fcr Holz und andere Materialien, die anf\u00e4llig f\u00fcr Insektensch\u00e4den waren.<\/span><\/p>\n<p><span style=\"color: #000000;\">Es wurde von Christoph Kolumbus zur Zeit der Entdeckung Amerikas auf dem amerikanischen Kontinent eingef\u00fchrt, weil er es als Medizin f\u00fcr seine Besatzung verwendete. In jenen Jahren gab es in Spanien bereits betr\u00e4chtliche Plantagen dieses Gem\u00fcses, die wahrscheinlich als Erbe der muslimischen Invasion \u00fcbrig blieben.<\/span><\/p>\n<h3 style=\"text-align: center;\"><strong><span style=\"color: #000000;\">Anlage<\/span><\/strong><\/h3>\n<p><span style=\"color: #000000;\">Aloe Vera (Aloe barbadensis Miller) geh\u00f6rt zur gleichen Familie wie Knoblauch, Zwiebeln und Spargel, die alle f\u00fcr ihre medizinische Wirkung bekannt sind.<\/span><\/p>\n<p><span style=\"color: #000000;\">Sie hat l\u00e4ngliche, fleischige, wasserreiche Bl\u00e4tter, erreicht eine H\u00f6he von 50 bis 70 cm mit 30 bis 40 cm langen Stielen mit gezackten R\u00e4ndern und ihre Bl\u00fcten sind gelb. Es eignet sich f\u00fcr das Leben in Gebieten mit geringer Wasserverf\u00fcgbarkeit und verf\u00fcgt \u00fcber eine gro\u00dfe Speicherkapazit\u00e4t.<\/span><\/p>\n<p><span style=\"color: #000000;\">Von den etwa 300 Aloe-Arten gibt es vier Arten mit den gr\u00f6\u00dften medizinischen Eigenschaften: Aloe barbadensis Miller, Aloe perryi Baker, Aloe ferox und Aloe arborescens. Aloe barbadensis Miller wird am h\u00e4ufigsten in der Medizin und Kosmetik verwendet.<\/span><\/p>\n","protected":false},"excerpt":{"rendered":"<p><span style=\"color: #000000;\">Nat\u00fcrliche Aloe-Vera-Seife kombiniert die hervorragenden Eigenschaften der Marseille-Seife mit denen der Aloe und unterst\u00fctzt dank ihrer Vitamine A, C, Aminos\u00e4uren und Anthrachinone eine schnelle Hautregeneration.<\/span><\/p>\n<p><span style=\"color: #000000;\">Seit der Antike haben verschiedene V\u00f6lker und Kulturen beobachtet, dass ein Schnitt an einem der Aloe-Vera-Bl\u00e4tter sofort heilt. Traditionell wird es zur Heilung von Verbrennungen, Wunden und Hauterkrankungen eingesetzt.<\/span><\/p>\n<p><span style=\"color: #000000;\">Aloe Vera war f\u00fcr die \u00c4gypter die Pflanze der Unsterblichkeit, f\u00fcr die Sumerer eine magische Tugend, f\u00fcr die Templer das Elixier Jerusalems und f\u00fcr die Araber der ewige Jungbrunnen. Die \u00c4gypter waren wahrscheinlich die ersten, die Aloe Vera verwendeten. Das \u00e4lteste Dokument, in dem es erscheint, ist der Ebers-Papyrus.<\/span><\/p>\n<p><span style=\"color: #000000;\">Aloe Vera ist eine Pflanze des weiblichen Geschlechts und wird mit dem Mond, dem Wasserelement, in Verbindung gebracht. Traditionell wird es als Gl\u00fccksbringer und wegen seiner starken Schutzwirkung verwendet.<\/span><\/p>\n<p><span style=\"color: #000000;\">Diese Seife wird in Marseille nach alten Methoden und \u00fcberlieferten Rezepten handgefertigt und verwendet v\u00f6llig nat\u00fcrliche Zutaten: Mittelmeerwasser, \u00e4therisches Sandelholz\u00f6l, hochwertige Pflanzen\u00f6le und Natriumcarbonat. Es ist zu 100 % biologisch abbaubar.<\/span><\/p>\n<p>&nbsp;<\/p>\n<p><span style=\"color: #000000;\"><strong>Gr\u00f6\u00dfe:<\/strong> 125g<\/span><\/p>\n","protected":false},"featured_media":13949,"template":"","meta":{"_joinchat":[]},"product_brand":[],"product_cat":[131,343],"product_tag":[],"class_list":{"0":"post-14024","1":"product","2":"type-product","3":"status-publish","4":"has-post-thumbnail","6":"product_cat-ohne-kategorie","7":"product_cat-seifen","9":"first","10":"instock","11":"taxable","12":"shipping-taxable","13":"purchasable","14":"product-type-simple"},"yoast_head":"<!-- This site is optimized with the Yoast SEO plugin v27.4 - https:\/\/yoast.com\/product\/yoast-seo-wordpress\/ -->\n<title>Aloe-Vera-Seife: Shamanic Shop<\/title>\n<meta name=\"description\" content=\"Aloe Vera war f\u00fcr die \u00c4gypter die Pflanze der Unsterblichkeit, f\u00fcr die Templer das Elixier Jerusalems und f\u00fcr die Araber der Jungbrunnen.\" \/>\n<meta name=\"robots\" content=\"index, follow, max-snippet:-1, max-image-preview:large, max-video-preview:-1\" \/>\n<link rel=\"canonical\" href=\"https:\/\/www.sinchisinchi.com\/de\/producto\/aloe-vera\/\" \/>\n<meta property=\"og:locale\" content=\"de_DE\" \/>\n<meta property=\"og:type\" content=\"article\" \/>\n<meta property=\"og:title\" content=\"Aloe-Vera-Seife: Shamanic Shop\" \/>\n<meta property=\"og:description\" content=\"Aloe Vera war f\u00fcr die \u00c4gypter die Pflanze der Unsterblichkeit, f\u00fcr die Templer das Elixier Jerusalems und f\u00fcr die Araber der Jungbrunnen.\" \/>\n<meta property=\"og:url\" content=\"https:\/\/www.sinchisinchi.com\/de\/producto\/aloe-vera\/\" \/>\n<meta property=\"og:site_name\" content=\"SINCHI RAP\u00c9\" \/>\n<meta property=\"article:publisher\" content=\"https:\/\/www.facebook.com\/sinchirape\/\" \/>\n<meta property=\"article:modified_time\" content=\"2024-05-21T12:22:40+00:00\" \/>\n<meta property=\"og:image\" content=\"https:\/\/www.sinchisinchi.com\/wp-content\/uploads\/2024\/05\/18-Aloe-vera.jpg\" \/>\n\t<meta property=\"og:image:width\" content=\"1024\" \/>\n\t<meta property=\"og:image:height\" content=\"1024\" \/>\n\t<meta property=\"og:image:type\" content=\"image\/jpeg\" \/>\n<meta name=\"twitter:card\" content=\"summary_large_image\" \/>\n<meta name=\"twitter:label1\" content=\"Gesch\u00e4tzte Lesezeit\" \/>\n\t<meta name=\"twitter:data1\" content=\"3\u00a0Minuten\" \/>\n<script type=\"application\/ld+json\" class=\"yoast-schema-graph\">{\"@context\":\"https:\\\/\\\/schema.org\",\"@graph\":[{\"@type\":\"WebPage\",\"@id\":\"https:\\\/\\\/www.sinchisinchi.com\\\/de\\\/producto\\\/aloe-vera\\\/\",\"url\":\"https:\\\/\\\/www.sinchisinchi.com\\\/de\\\/producto\\\/aloe-vera\\\/\",\"name\":\"Aloe-Vera-Seife: Shamanic Shop\",\"isPartOf\":{\"@id\":\"https:\\\/\\\/www.sinchisinchi.com\\\/de\\\/#website\"},\"primaryImageOfPage\":{\"@id\":\"https:\\\/\\\/www.sinchisinchi.com\\\/de\\\/producto\\\/aloe-vera\\\/#primaryimage\"},\"image\":{\"@id\":\"https:\\\/\\\/www.sinchisinchi.com\\\/de\\\/producto\\\/aloe-vera\\\/#primaryimage\"},\"thumbnailUrl\":\"https:\\\/\\\/www.sinchisinchi.com\\\/wp-content\\\/uploads\\\/2024\\\/05\\\/18-Aloe-vera.jpg\",\"datePublished\":\"2024-05-07T11:05:04+00:00\",\"dateModified\":\"2024-05-21T12:22:40+00:00\",\"description\":\"Aloe Vera war f\u00fcr die \u00c4gypter die Pflanze der Unsterblichkeit, f\u00fcr die Templer das Elixier Jerusalems und f\u00fcr die Araber der Jungbrunnen.\",\"breadcrumb\":{\"@id\":\"https:\\\/\\\/www.sinchisinchi.com\\\/de\\\/producto\\\/aloe-vera\\\/#breadcrumb\"},\"inLanguage\":\"de\",\"potentialAction\":[{\"@type\":\"ReadAction\",\"target\":[\"https:\\\/\\\/www.sinchisinchi.com\\\/de\\\/producto\\\/aloe-vera\\\/\"]}]},{\"@type\":\"ImageObject\",\"inLanguage\":\"de\",\"@id\":\"https:\\\/\\\/www.sinchisinchi.com\\\/de\\\/producto\\\/aloe-vera\\\/#primaryimage\",\"url\":\"https:\\\/\\\/www.sinchisinchi.com\\\/wp-content\\\/uploads\\\/2024\\\/05\\\/18-Aloe-vera.jpg\",\"contentUrl\":\"https:\\\/\\\/www.sinchisinchi.com\\\/wp-content\\\/uploads\\\/2024\\\/05\\\/18-Aloe-vera.jpg\",\"width\":1024,\"height\":1024},{\"@type\":\"BreadcrumbList\",\"@id\":\"https:\\\/\\\/www.sinchisinchi.com\\\/de\\\/producto\\\/aloe-vera\\\/#breadcrumb\",\"itemListElement\":[{\"@type\":\"ListItem\",\"position\":1,\"name\":\"Titelseite\",\"item\":\"https:\\\/\\\/www.sinchisinchi.com\\\/de\\\/\"},{\"@type\":\"ListItem\",\"position\":2,\"name\":\"Produkte\",\"item\":\"https:\\\/\\\/www.sinchisinchi.com\\\/de\\\/shop\\\/\"},{\"@type\":\"ListItem\",\"position\":3,\"name\":\"Aloe Vera\"}]},{\"@type\":\"WebSite\",\"@id\":\"https:\\\/\\\/www.sinchisinchi.com\\\/de\\\/#website\",\"url\":\"https:\\\/\\\/www.sinchisinchi.com\\\/de\\\/\",\"name\":\"SINCHI\",\"description\":\"Sinchi Medicine\",\"publisher\":{\"@id\":\"https:\\\/\\\/www.sinchisinchi.com\\\/de\\\/#organization\"},\"potentialAction\":[{\"@type\":\"SearchAction\",\"target\":{\"@type\":\"EntryPoint\",\"urlTemplate\":\"https:\\\/\\\/www.sinchisinchi.com\\\/de\\\/?s={search_term_string}\"},\"query-input\":{\"@type\":\"PropertyValueSpecification\",\"valueRequired\":true,\"valueName\":\"search_term_string\"}}],\"inLanguage\":\"de\"},{\"@type\":\"Organization\",\"@id\":\"https:\\\/\\\/www.sinchisinchi.com\\\/de\\\/#organization\",\"name\":\"SINCHI S.L\",\"url\":\"https:\\\/\\\/www.sinchisinchi.com\\\/de\\\/\",\"logo\":{\"@type\":\"ImageObject\",\"inLanguage\":\"de\",\"@id\":\"https:\\\/\\\/www.sinchisinchi.com\\\/de\\\/#\\\/schema\\\/logo\\\/image\\\/\",\"url\":\"https:\\\/\\\/www.sinchisinchi.com\\\/wp-content\\\/uploads\\\/2026\\\/01\\\/3b-Verde-SIMPLIFICADO-HORIZONTAL-F-TRANSPARENTE-scaled.png\",\"contentUrl\":\"https:\\\/\\\/www.sinchisinchi.com\\\/wp-content\\\/uploads\\\/2026\\\/01\\\/3b-Verde-SIMPLIFICADO-HORIZONTAL-F-TRANSPARENTE-scaled.png\",\"width\":2560,\"height\":457,\"caption\":\"SINCHI S.L\"},\"image\":{\"@id\":\"https:\\\/\\\/www.sinchisinchi.com\\\/de\\\/#\\\/schema\\\/logo\\\/image\\\/\"},\"sameAs\":[\"https:\\\/\\\/www.facebook.com\\\/sinchirape\\\/\",\"https:\\\/\\\/www.instagram.com\\\/sinchi_rape\\\/\"]}]}<\/script>\n<!-- \/ Yoast SEO plugin. -->","yoast_head_json":{"title":"Aloe-Vera-Seife: Shamanic Shop","description":"Aloe Vera war f\u00fcr die \u00c4gypter die Pflanze der Unsterblichkeit, f\u00fcr die Templer das Elixier Jerusalems und f\u00fcr die Araber der Jungbrunnen.","robots":{"index":"index","follow":"follow","max-snippet":"max-snippet:-1","max-image-preview":"max-image-preview:large","max-video-preview":"max-video-preview:-1"},"canonical":"https:\/\/www.sinchisinchi.com\/de\/producto\/aloe-vera\/","og_locale":"de_DE","og_type":"article","og_title":"Aloe-Vera-Seife: Shamanic Shop","og_description":"Aloe Vera war f\u00fcr die \u00c4gypter die Pflanze der Unsterblichkeit, f\u00fcr die Templer das Elixier Jerusalems und f\u00fcr die Araber der Jungbrunnen.","og_url":"https:\/\/www.sinchisinchi.com\/de\/producto\/aloe-vera\/","og_site_name":"SINCHI RAP\u00c9","article_publisher":"https:\/\/www.facebook.com\/sinchirape\/","article_modified_time":"2024-05-21T12:22:40+00:00","og_image":[{"width":1024,"height":1024,"url":"https:\/\/www.sinchisinchi.com\/wp-content\/uploads\/2024\/05\/18-Aloe-vera.jpg","type":"image\/jpeg"}],"twitter_card":"summary_large_image","twitter_misc":{"Gesch\u00e4tzte Lesezeit":"3\u00a0Minuten"},"schema":{"@context":"https:\/\/schema.org","@graph":[{"@type":"WebPage","@id":"https:\/\/www.sinchisinchi.com\/de\/producto\/aloe-vera\/","url":"https:\/\/www.sinchisinchi.com\/de\/producto\/aloe-vera\/","name":"Aloe-Vera-Seife: Shamanic Shop","isPartOf":{"@id":"https:\/\/www.sinchisinchi.com\/de\/#website"},"primaryImageOfPage":{"@id":"https:\/\/www.sinchisinchi.com\/de\/producto\/aloe-vera\/#primaryimage"},"image":{"@id":"https:\/\/www.sinchisinchi.com\/de\/producto\/aloe-vera\/#primaryimage"},"thumbnailUrl":"https:\/\/www.sinchisinchi.com\/wp-content\/uploads\/2024\/05\/18-Aloe-vera.jpg","datePublished":"2024-05-07T11:05:04+00:00","dateModified":"2024-05-21T12:22:40+00:00","description":"Aloe Vera war f\u00fcr die \u00c4gypter die Pflanze der Unsterblichkeit, f\u00fcr die Templer das Elixier Jerusalems und f\u00fcr die Araber der Jungbrunnen.","breadcrumb":{"@id":"https:\/\/www.sinchisinchi.com\/de\/producto\/aloe-vera\/#breadcrumb"},"inLanguage":"de","potentialAction":[{"@type":"ReadAction","target":["https:\/\/www.sinchisinchi.com\/de\/producto\/aloe-vera\/"]}]},{"@type":"ImageObject","inLanguage":"de","@id":"https:\/\/www.sinchisinchi.com\/de\/producto\/aloe-vera\/#primaryimage","url":"https:\/\/www.sinchisinchi.com\/wp-content\/uploads\/2024\/05\/18-Aloe-vera.jpg","contentUrl":"https:\/\/www.sinchisinchi.com\/wp-content\/uploads\/2024\/05\/18-Aloe-vera.jpg","width":1024,"height":1024},{"@type":"BreadcrumbList","@id":"https:\/\/www.sinchisinchi.com\/de\/producto\/aloe-vera\/#breadcrumb","itemListElement":[{"@type":"ListItem","position":1,"name":"Titelseite","item":"https:\/\/www.sinchisinchi.com\/de\/"},{"@type":"ListItem","position":2,"name":"Produkte","item":"https:\/\/www.sinchisinchi.com\/de\/shop\/"},{"@type":"ListItem","position":3,"name":"Aloe Vera"}]},{"@type":"WebSite","@id":"https:\/\/www.sinchisinchi.com\/de\/#website","url":"https:\/\/www.sinchisinchi.com\/de\/","name":"SINCHI","description":"Sinchi Medicine","publisher":{"@id":"https:\/\/www.sinchisinchi.com\/de\/#organization"},"potentialAction":[{"@type":"SearchAction","target":{"@type":"EntryPoint","urlTemplate":"https:\/\/www.sinchisinchi.com\/de\/?s={search_term_string}"},"query-input":{"@type":"PropertyValueSpecification","valueRequired":true,"valueName":"search_term_string"}}],"inLanguage":"de"},{"@type":"Organization","@id":"https:\/\/www.sinchisinchi.com\/de\/#organization","name":"SINCHI S.L","url":"https:\/\/www.sinchisinchi.com\/de\/","logo":{"@type":"ImageObject","inLanguage":"de","@id":"https:\/\/www.sinchisinchi.com\/de\/#\/schema\/logo\/image\/","url":"https:\/\/www.sinchisinchi.com\/wp-content\/uploads\/2026\/01\/3b-Verde-SIMPLIFICADO-HORIZONTAL-F-TRANSPARENTE-scaled.png","contentUrl":"https:\/\/www.sinchisinchi.com\/wp-content\/uploads\/2026\/01\/3b-Verde-SIMPLIFICADO-HORIZONTAL-F-TRANSPARENTE-scaled.png","width":2560,"height":457,"caption":"SINCHI S.L"},"image":{"@id":"https:\/\/www.sinchisinchi.com\/de\/#\/schema\/logo\/image\/"},"sameAs":["https:\/\/www.facebook.com\/sinchirape\/","https:\/\/www.instagram.com\/sinchi_rape\/"]}]}},"_links":{"self":[{"href":"https:\/\/www.sinchisinchi.com\/de\/wp-json\/wp\/v2\/product\/14024","targetHints":{"allow":["GET"]}}],"collection":[{"href":"https:\/\/www.sinchisinchi.com\/de\/wp-json\/wp\/v2\/product"}],"about":[{"href":"https:\/\/www.sinchisinchi.com\/de\/wp-json\/wp\/v2\/types\/product"}],"wp:featuredmedia":[{"embeddable":true,"href":"https:\/\/www.sinchisinchi.com\/de\/wp-json\/wp\/v2\/media\/13949"}],"wp:attachment":[{"href":"https:\/\/www.sinchisinchi.com\/de\/wp-json\/wp\/v2\/media?parent=14024"}],"wp:term":[{"taxonomy":"product_brand","embeddable":true,"href":"https:\/\/www.sinchisinchi.com\/de\/wp-json\/wp\/v2\/product_brand?post=14024"},{"taxonomy":"product_cat","embeddable":true,"href":"https:\/\/www.sinchisinchi.com\/de\/wp-json\/wp\/v2\/product_cat?post=14024"},{"taxonomy":"product_tag","embeddable":true,"href":"https:\/\/www.sinchisinchi.com\/de\/wp-json\/wp\/v2\/product_tag?post=14024"}],"curies":[{"name":"wp","href":"https:\/\/api.w.org\/{rel}","templated":true}]}}