{"id":14295,"date":"2024-05-27T09:51:40","date_gmt":"2024-05-27T09:51:40","guid":{"rendered":"https:\/\/www.sinchisinchi.com\/producto\/maya-kakao-aus-belize\/"},"modified":"2024-07-04T11:42:12","modified_gmt":"2024-07-04T11:42:12","slug":"maya-kakao-aus-belize","status":"publish","type":"product","link":"https:\/\/www.sinchisinchi.com\/de\/producto\/maya-kakao-aus-belize\/","title":{"rendered":"Zeremonieller Maya-Kakao"},"content":{"rendered":"<h2 style=\"text-align: center;\"><strong>Zeremonieller Kakao Maya-Ursprungs<\/strong><\/h2>\n<p>Zeremonieller Kakao Maya-Ursprungs von kleinen einheimischen Mopan- und Q&#8217;eqchi-Maya-Bauernfamilien, die in den tiefen Dschungeln des Hochlandes von Guatemala und der Maya-Bergkette im S\u00fcden Belizes leben.<\/p>\n<p>Ihre Traditionen und ihr Wissen \u00fcber den meisterhaften Pflanzenanbau wurden \u00fcber Jahrtausende hinweg bewahrt und von Generation zu Generation weitergegeben. Zeremonieller Kakao hat f\u00fcr die Mayas eine besondere Bedeutung; Die G\u00f6tter gaben den Menschen Kakao, um dem K\u00f6rper Geist und Essenz zu verleihen.<\/p>\n<p>In diesen Gebieten voller Artenvielfalt gedeiht Kakao zusammen mit anderen heiligen Nutzpflanzen wie Mais und Mapacho. Anschlie\u00dfend wird es in der Gemeinschaft geteilt und in ihren Zeremonien mit tiefem Bewusstsein, Liebe und Respekt aufgenommen, so wie sie es seit der Antike getan haben; Opfergabe in gro\u00dfer Dankbarkeit gegen\u00fcber dem Universum und der Sch\u00f6pfung.<\/p>\n<p>Es ist ein Symbol f\u00fcr Leben und Fruchtbarkeit, das das k\u00f6rperliche, emotionale und spirituelle Wohlbefinden f\u00f6rdert. Es wird der Erde in Anerkennung der Energie geopfert, die die Existenz erh\u00e4lt, und feierlich als heiliges Elixier konsumiert, um die Verbindung zwischen der Natur und dem G\u00f6ttlichen zu st\u00e4rken.<\/p>\n<h3 style=\"text-align: center;\"><strong>Der Maya-Berg: Eingeborene aus Belize, Mopan und Q&#8217;eqchi<\/strong><\/h3>\n<p>Belize-Kakao stammt von indigenen Maya-Bauernfamilien, die aus zwei verschiedenen Maya-Nationen stammen: Mopan und Q&#8217;eqchi, gelegen in der als Maya-Gebirge bekannten Region, die gleichzeitig die am wenigsten entwickelte und l\u00e4ndlichste Region von Belize ist, wo die alte kreolische Sorte w\u00e4chst Kakao w\u00e4chst auf nat\u00fcrliche Weise, in perfekter Harmonie im Schatten anderer lokaler Bananen-, Avocado-, Kokosnuss-, Cashew- und Vanilleb\u00e4ume.<\/p>\n<p>Die Q&#8217;eqchi-Maya-Nation nennt Kakao \u201eCucu\u201c. Die Erntezeit liegt zwischen Januar und Juni und etwa im Oktober\/November, wenn die Temperaturen niedrig sind. Frisch geerntete, unfermentierte Kakaobohnen werden von einem belizischen Maya-Team gepfl\u00fcckt und fermentiert. Anschlie\u00dfend werden sie in der Sonne getrocknet, von Hand ausgew\u00e4hlt und klassifiziert.<\/p>\n<p>Viele der indigenen Q&#8217;eqchi&#8216;-Maya-Familien leben isoliert im Hochland von Guatemala, rund um die Laguna Lachu\u00e1, eine gro\u00dfe Cenote mit kristallklarem Wasser. Der Kakaobaum w\u00e4chst dort seit Tausenden von Jahren heimisch.<\/p>\n<p>Die indigenen Q&#8217;eqchi&#8216;-Gemeinschaften sind die H\u00fcter der Heiligkeit des Kakaos und haben seit Tausenden von Jahren heilige Feuer- und Kakaozeremonien bewahrt.<\/p>\n<p>Indigene Maya-Bauernfamilien geben ihr Wissen \u00fcber heilige Pflanzen von Generation zu Generation weiter und ernten ihren Kakao mit tiefem Respekt f\u00fcr das Land und unterst\u00fctzen so die \u00f6kologische und nachhaltige Landwirtschaft in ihrer Gemeinde.<\/p>\n<p>Criollo-Kakao ist eine einheimische Sorte, die als \u201eK\u00f6nigin des Kakaos\u201c bezeichnet wird und nur f\u00fcnf Prozent der weltweiten Kakaoproduktion ausmacht. Normalerweise gilt sie als der beste und edelste Kakao der Welt.<\/p>\n<h3 style=\"text-align: center;\"><strong>Auswirkungen auf die Gesundheit<\/strong><\/h3>\n<p>Zeremonieller Kakao f\u00f6rdert eine tiefe spirituelle Erfahrung, verbindet sich mit dem inneren Selbst und bietet F\u00fchrung und Wissen.<\/p>\n<p>Es ist reich an einer Vielzahl von N\u00e4hrstoffen, darunter Antioxidantien, Mineralien (wie Magnesium, Eisen und Zink) und Vitaminen (wie Vitamin B).<\/p>\n<p>Kakao enth\u00e4lt Theobromin und Anandamid, die die Stimmung verbessern und das Gl\u00fccksgef\u00fchl steigern. Zeremonieller Kakao ist bekannt f\u00fcr seine kraftvollen Eigenschaften der Herz\u00f6ffnung, der emotionalen Verbindung, des Mitgef\u00fchls und der Selbstreflexion, die es uns erm\u00f6glichen, tiefer in Emotionen einzutauchen und ein Gef\u00fchl von Empathie und Liebe zu entwickeln.<\/p>\n<p>Theobromin und kleine Mengen Koffein im Kakao stimulieren die nat\u00fcrliche Energieproduktion und verbessern die Konzentration und geistige Klarheit.<\/p>\n<p>In der alten Maya-Zivilisation galt zeremonieller Kakao als heiliges Geschenk, das den Menschen mit dem G\u00f6ttlichen verband.<\/p>\n<p>Die Mayas verwendeten Kakao sowohl f\u00fcr praktische als auch f\u00fcr zeremonielle Zwecke, wo er als Mittel zur spirituellen Erleuchtung diente und die Kommunikation mit ihren Vorfahren erm\u00f6glichte. Sie behandelten den Kakao mit gro\u00dfer Sorgfalt, Liebe und Absicht. Es war tief in ihrer Kultur verwurzelt und diente als W\u00e4hrung und Quelle der Vitalit\u00e4t.<\/p>\n<p>Die Mayas sammelten reife Kakaofr\u00fcchte vom Baum, extrahierten vorsichtig die Bohnen, legten sie sorgf\u00e4ltig f\u00fcr die Fermentationsphase ein und trockneten sie in der Sonne.<\/p>\n<p>Anschlie\u00dfend sch\u00e4lten sie die Bohnen von Hand, entfernten die \u00e4u\u00dfere Schale und mahlten sie fein. Sie f\u00fcgten auch Gew\u00fcrze wie Vanille, Chili und Zimt hinzu, um den Geschmack zu verst\u00e4rken. Sie vermischten diese Kakaomasse mit Wasser, gossen sie dann zwischen Gef\u00e4\u00dfe oder verwendeten einen traditionellen Holzbesen, um das schaumige Getr\u00e4nk herzustellen.<\/p>\n<p>Bei zeremoniellen Zusammenk\u00fcnften konsumierten die Mayas dieses heilige Kakaogetr\u00e4nk, um sich mit dem G\u00f6ttlichen zu verbinden, Weisheit zu erlangen und in einen erh\u00f6hten Bewusstseinszustand zu gelangen, der K\u00f6rper und Geist n\u00e4hrt, das Herz \u00f6ffnet, die Konzentration verbessert und das spirituelle Erwachen f\u00f6rdert.<\/p>\n<p>Wie bei jedem Lebensmittel oder jeder Substanz ist M\u00e4\u00dfigung der Schl\u00fcssel zum Erfolg<\/p>\n<p>Ber\u00fccksichtigen Sie die Menge des verzehrten Kakaos, um Auswirkungen zu vermeiden. Beginnen Sie mit kleinen Mengen und steigern Sie diese bei Bedarf schrittweise, damit Sie sich mit der Wirkung und Empfindlichkeit gegen\u00fcber Kakao vertraut machen k\u00f6nnen.<\/p>\n<h3 style=\"text-align: center;\"><strong>Vorteile von zeremoniellem Kakao:<\/strong><\/h3>\n<p><strong>Emotionales Wohlbefinden:<\/strong> Das Kakaogetr\u00e4nk wird dank Komponenten wie Phenylethylamin (PEA) und Anandamid mit einer Verbesserung der Stimmung, der F\u00f6rderung von Gl\u00fccksgef\u00fchlen und der Reduzierung von \u00c4ngsten und Stress in Verbindung gebracht.<\/p>\n<p><strong>Herzgesundheit:<\/strong> Die im Kakao enthaltenen Flavonoide werden mit kardiovaskul\u00e4ren Vorteilen in Verbindung gebracht, darunter einer verbesserten Durchblutung, einer Verringerung von Entz\u00fcndungen und einem niedrigeren Blutdruck.<\/p>\n<p><strong>Erh\u00f6hte Aufmerksamkeit und Konzentration:<\/strong> Kakao enth\u00e4lt Stimulanzien wie Theobromin und Koffein, die Energie liefern und Aufmerksamkeit und Konzentration verbessern.<\/p>\n<p><strong>Quelle von Antioxidantien:<\/strong> Das zeremonielle Kakaogetr\u00e4nk ist voller Antioxidantien wie Flavonoide und Polyphenole, die bei der Bek\u00e4mpfung freier Radikale und oxidativen Stress helfen, zur allgemeinen Gesundheit beitragen und verj\u00fcngende Eigenschaften haben.<\/p>\n<p><strong>Spirituelle Verbindung:<\/strong> Die einzigartige Mischung bioaktiver Verbindungen und die zeremonielle Verwendung des Kakaogetr\u00e4nks unterst\u00fctzen Meditation, Achtsamkeit und innere Erkundung.<\/p>\n<p><strong>N\u00e4hrwert:<\/strong> Zeremonieller Kakao ist eine ausgezeichnete Quelle f\u00fcr Mineralien wie Magnesium, Eisen und Zink. Diese Mineralien sind f\u00fcr verschiedene Funktionen in unserem K\u00f6rper lebenswichtig, darunter Muskel- und Nervenfunktion, Immununterst\u00fctzung und Energieproduktion.<\/p>\n","protected":false},"excerpt":{"rendered":"<p>100 % reiner Kakao in Zeremonienqualit\u00e4t, vom Maya-Gebirge in Belize, angebaut und geerntet von einheimischen Maya-St\u00e4mmen.<\/p>\n<p>Der Kakaobaum, den die Mayas \u201eCucu\u201c nennen, ist ein traditioneller Baum in ihrer Gemeinde und w\u00e4chst in perfekter Harmonie mit den Ananas-, Vanille- und Mapachob\u00e4umen.<\/p>\n<p>Maya-Bauern bauen ihre Pflanzen im Einklang mit ihrer Umwelt an und geben ihr uraltes Wissen \u00fcber den Kakaoanbau von Generation zu Generation weiter. Anschlie\u00dfend ernten sie es mit gro\u00dfem Respekt vor dem Land und dem \u00d6kosystem, in dem sie leben.<\/p>\n<p>&nbsp;<\/p>\n<p><strong>Typ:<\/strong> Kakao in Zeremonienqualit\u00e4t.<\/p>\n<p><strong>Herkunft:<\/strong> S\u00fcdbelize, Gebirgskette \u201eMaya Mountain\u201c.<\/p>\n<p><strong>Pr\u00e4sentation:<\/strong> Kakaoblock.<\/p>\n<p><strong>Gr\u00f6\u00dfe:<\/strong> 500 Gramm.<\/p>\n<p><strong>Zutaten:<\/strong> 100 % reiner Kakao in Zeremonienqualit\u00e4t.<\/p>\n<p><strong>Lagerung:<\/strong> An einem k\u00fchlen, trockenen Ort ohne direkte Sonneneinstrahlung lagern.<\/p>\n","protected":false},"featured_media":14398,"template":"","meta":{"_joinchat":[]},"product_brand":[],"product_cat":[403,516],"product_tag":[],"class_list":{"0":"post-14295","1":"product","2":"type-product","3":"status-publish","4":"has-post-thumbnail","6":"product_cat-kakao","7":"product_cat-zeremoniell","9":"first","10":"instock","11":"taxable","12":"shipping-taxable","13":"purchasable","14":"product-type-simple"},"yoast_head":"<!-- This site is optimized with the Yoast SEO plugin v27.4 - https:\/\/yoast.com\/product\/yoast-seo-wordpress\/ -->\n<title>Zeremonieller Kakao: Maya-Kakao aus Belize<\/title>\n<meta name=\"description\" content=\"100 % reiner Kakao in Zeremonienqualit\u00e4t, vom Maya-Gebirge in Belize, angebaut und geerntet von einheimischen Maya-St\u00e4mmen.\" \/>\n<meta name=\"robots\" content=\"index, follow, max-snippet:-1, max-image-preview:large, max-video-preview:-1\" \/>\n<link rel=\"canonical\" href=\"https:\/\/www.sinchisinchi.com\/de\/producto\/maya-kakao-aus-belize\/\" \/>\n<meta property=\"og:locale\" content=\"de_DE\" \/>\n<meta property=\"og:type\" content=\"article\" \/>\n<meta property=\"og:title\" content=\"Zeremonieller Kakao: Maya-Kakao aus Belize\" \/>\n<meta property=\"og:description\" content=\"100 % reiner Kakao in Zeremonienqualit\u00e4t, vom Maya-Gebirge in Belize, angebaut und geerntet von einheimischen Maya-St\u00e4mmen.\" \/>\n<meta property=\"og:url\" content=\"https:\/\/www.sinchisinchi.com\/de\/producto\/maya-kakao-aus-belize\/\" \/>\n<meta property=\"og:site_name\" content=\"SINCHI RAP\u00c9\" \/>\n<meta property=\"article:publisher\" content=\"https:\/\/www.facebook.com\/sinchirape\/\" \/>\n<meta property=\"article:modified_time\" content=\"2024-07-04T11:42:12+00:00\" \/>\n<meta property=\"og:image\" content=\"https:\/\/www.sinchisinchi.com\/wp-content\/uploads\/2024\/05\/2-Cacao-Ceremonial1-1.webp\" \/>\n\t<meta property=\"og:image:width\" content=\"2048\" \/>\n\t<meta property=\"og:image:height\" content=\"1365\" \/>\n\t<meta property=\"og:image:type\" content=\"image\/webp\" \/>\n<meta name=\"twitter:card\" content=\"summary_large_image\" \/>\n<meta name=\"twitter:label1\" content=\"Gesch\u00e4tzte Lesezeit\" \/>\n\t<meta name=\"twitter:data1\" content=\"5\u00a0Minuten\" \/>\n<script type=\"application\/ld+json\" class=\"yoast-schema-graph\">{\"@context\":\"https:\\\/\\\/schema.org\",\"@graph\":[{\"@type\":\"WebPage\",\"@id\":\"https:\\\/\\\/www.sinchisinchi.com\\\/de\\\/producto\\\/maya-kakao-aus-belize\\\/\",\"url\":\"https:\\\/\\\/www.sinchisinchi.com\\\/de\\\/producto\\\/maya-kakao-aus-belize\\\/\",\"name\":\"Zeremonieller Kakao: Maya-Kakao aus Belize\",\"isPartOf\":{\"@id\":\"https:\\\/\\\/www.sinchisinchi.com\\\/de\\\/#website\"},\"primaryImageOfPage\":{\"@id\":\"https:\\\/\\\/www.sinchisinchi.com\\\/de\\\/producto\\\/maya-kakao-aus-belize\\\/#primaryimage\"},\"image\":{\"@id\":\"https:\\\/\\\/www.sinchisinchi.com\\\/de\\\/producto\\\/maya-kakao-aus-belize\\\/#primaryimage\"},\"thumbnailUrl\":\"https:\\\/\\\/www.sinchisinchi.com\\\/wp-content\\\/uploads\\\/2024\\\/05\\\/2-Cacao-Ceremonial1-1.webp\",\"datePublished\":\"2024-05-27T09:51:40+00:00\",\"dateModified\":\"2024-07-04T11:42:12+00:00\",\"description\":\"100 % reiner Kakao in Zeremonienqualit\u00e4t, vom Maya-Gebirge in Belize, angebaut und geerntet von einheimischen Maya-St\u00e4mmen.\",\"breadcrumb\":{\"@id\":\"https:\\\/\\\/www.sinchisinchi.com\\\/de\\\/producto\\\/maya-kakao-aus-belize\\\/#breadcrumb\"},\"inLanguage\":\"de\",\"potentialAction\":[{\"@type\":\"ReadAction\",\"target\":[\"https:\\\/\\\/www.sinchisinchi.com\\\/de\\\/producto\\\/maya-kakao-aus-belize\\\/\"]}]},{\"@type\":\"ImageObject\",\"inLanguage\":\"de\",\"@id\":\"https:\\\/\\\/www.sinchisinchi.com\\\/de\\\/producto\\\/maya-kakao-aus-belize\\\/#primaryimage\",\"url\":\"https:\\\/\\\/www.sinchisinchi.com\\\/wp-content\\\/uploads\\\/2024\\\/05\\\/2-Cacao-Ceremonial1-1.webp\",\"contentUrl\":\"https:\\\/\\\/www.sinchisinchi.com\\\/wp-content\\\/uploads\\\/2024\\\/05\\\/2-Cacao-Ceremonial1-1.webp\",\"width\":2048,\"height\":1365,\"caption\":\"Bild von zeremoniellem Kakao\"},{\"@type\":\"BreadcrumbList\",\"@id\":\"https:\\\/\\\/www.sinchisinchi.com\\\/de\\\/producto\\\/maya-kakao-aus-belize\\\/#breadcrumb\",\"itemListElement\":[{\"@type\":\"ListItem\",\"position\":1,\"name\":\"Titelseite\",\"item\":\"https:\\\/\\\/www.sinchisinchi.com\\\/de\\\/\"},{\"@type\":\"ListItem\",\"position\":2,\"name\":\"Produkte\",\"item\":\"https:\\\/\\\/www.sinchisinchi.com\\\/de\\\/shop\\\/\"},{\"@type\":\"ListItem\",\"position\":3,\"name\":\"Zeremonieller Maya-Kakao\"}]},{\"@type\":\"WebSite\",\"@id\":\"https:\\\/\\\/www.sinchisinchi.com\\\/de\\\/#website\",\"url\":\"https:\\\/\\\/www.sinchisinchi.com\\\/de\\\/\",\"name\":\"SINCHI\",\"description\":\"Sinchi Medicine\",\"publisher\":{\"@id\":\"https:\\\/\\\/www.sinchisinchi.com\\\/de\\\/#organization\"},\"potentialAction\":[{\"@type\":\"SearchAction\",\"target\":{\"@type\":\"EntryPoint\",\"urlTemplate\":\"https:\\\/\\\/www.sinchisinchi.com\\\/de\\\/?s={search_term_string}\"},\"query-input\":{\"@type\":\"PropertyValueSpecification\",\"valueRequired\":true,\"valueName\":\"search_term_string\"}}],\"inLanguage\":\"de\"},{\"@type\":\"Organization\",\"@id\":\"https:\\\/\\\/www.sinchisinchi.com\\\/de\\\/#organization\",\"name\":\"SINCHI S.L\",\"url\":\"https:\\\/\\\/www.sinchisinchi.com\\\/de\\\/\",\"logo\":{\"@type\":\"ImageObject\",\"inLanguage\":\"de\",\"@id\":\"https:\\\/\\\/www.sinchisinchi.com\\\/de\\\/#\\\/schema\\\/logo\\\/image\\\/\",\"url\":\"https:\\\/\\\/www.sinchisinchi.com\\\/wp-content\\\/uploads\\\/2026\\\/01\\\/3b-Verde-SIMPLIFICADO-HORIZONTAL-F-TRANSPARENTE-scaled.png\",\"contentUrl\":\"https:\\\/\\\/www.sinchisinchi.com\\\/wp-content\\\/uploads\\\/2026\\\/01\\\/3b-Verde-SIMPLIFICADO-HORIZONTAL-F-TRANSPARENTE-scaled.png\",\"width\":2560,\"height\":457,\"caption\":\"SINCHI S.L\"},\"image\":{\"@id\":\"https:\\\/\\\/www.sinchisinchi.com\\\/de\\\/#\\\/schema\\\/logo\\\/image\\\/\"},\"sameAs\":[\"https:\\\/\\\/www.facebook.com\\\/sinchirape\\\/\",\"https:\\\/\\\/www.instagram.com\\\/sinchi_rape\\\/\"]}]}<\/script>\n<!-- \/ Yoast SEO plugin. -->","yoast_head_json":{"title":"Zeremonieller Kakao: Maya-Kakao aus Belize","description":"100 % reiner Kakao in Zeremonienqualit\u00e4t, vom Maya-Gebirge in Belize, angebaut und geerntet von einheimischen Maya-St\u00e4mmen.","robots":{"index":"index","follow":"follow","max-snippet":"max-snippet:-1","max-image-preview":"max-image-preview:large","max-video-preview":"max-video-preview:-1"},"canonical":"https:\/\/www.sinchisinchi.com\/de\/producto\/maya-kakao-aus-belize\/","og_locale":"de_DE","og_type":"article","og_title":"Zeremonieller Kakao: Maya-Kakao aus Belize","og_description":"100 % reiner Kakao in Zeremonienqualit\u00e4t, vom Maya-Gebirge in Belize, angebaut und geerntet von einheimischen Maya-St\u00e4mmen.","og_url":"https:\/\/www.sinchisinchi.com\/de\/producto\/maya-kakao-aus-belize\/","og_site_name":"SINCHI RAP\u00c9","article_publisher":"https:\/\/www.facebook.com\/sinchirape\/","article_modified_time":"2024-07-04T11:42:12+00:00","og_image":[{"width":2048,"height":1365,"url":"https:\/\/www.sinchisinchi.com\/wp-content\/uploads\/2024\/05\/2-Cacao-Ceremonial1-1.webp","type":"image\/webp"}],"twitter_card":"summary_large_image","twitter_misc":{"Gesch\u00e4tzte Lesezeit":"5\u00a0Minuten"},"schema":{"@context":"https:\/\/schema.org","@graph":[{"@type":"WebPage","@id":"https:\/\/www.sinchisinchi.com\/de\/producto\/maya-kakao-aus-belize\/","url":"https:\/\/www.sinchisinchi.com\/de\/producto\/maya-kakao-aus-belize\/","name":"Zeremonieller Kakao: Maya-Kakao aus Belize","isPartOf":{"@id":"https:\/\/www.sinchisinchi.com\/de\/#website"},"primaryImageOfPage":{"@id":"https:\/\/www.sinchisinchi.com\/de\/producto\/maya-kakao-aus-belize\/#primaryimage"},"image":{"@id":"https:\/\/www.sinchisinchi.com\/de\/producto\/maya-kakao-aus-belize\/#primaryimage"},"thumbnailUrl":"https:\/\/www.sinchisinchi.com\/wp-content\/uploads\/2024\/05\/2-Cacao-Ceremonial1-1.webp","datePublished":"2024-05-27T09:51:40+00:00","dateModified":"2024-07-04T11:42:12+00:00","description":"100 % reiner Kakao in Zeremonienqualit\u00e4t, vom Maya-Gebirge in Belize, angebaut und geerntet von einheimischen Maya-St\u00e4mmen.","breadcrumb":{"@id":"https:\/\/www.sinchisinchi.com\/de\/producto\/maya-kakao-aus-belize\/#breadcrumb"},"inLanguage":"de","potentialAction":[{"@type":"ReadAction","target":["https:\/\/www.sinchisinchi.com\/de\/producto\/maya-kakao-aus-belize\/"]}]},{"@type":"ImageObject","inLanguage":"de","@id":"https:\/\/www.sinchisinchi.com\/de\/producto\/maya-kakao-aus-belize\/#primaryimage","url":"https:\/\/www.sinchisinchi.com\/wp-content\/uploads\/2024\/05\/2-Cacao-Ceremonial1-1.webp","contentUrl":"https:\/\/www.sinchisinchi.com\/wp-content\/uploads\/2024\/05\/2-Cacao-Ceremonial1-1.webp","width":2048,"height":1365,"caption":"Bild von zeremoniellem Kakao"},{"@type":"BreadcrumbList","@id":"https:\/\/www.sinchisinchi.com\/de\/producto\/maya-kakao-aus-belize\/#breadcrumb","itemListElement":[{"@type":"ListItem","position":1,"name":"Titelseite","item":"https:\/\/www.sinchisinchi.com\/de\/"},{"@type":"ListItem","position":2,"name":"Produkte","item":"https:\/\/www.sinchisinchi.com\/de\/shop\/"},{"@type":"ListItem","position":3,"name":"Zeremonieller Maya-Kakao"}]},{"@type":"WebSite","@id":"https:\/\/www.sinchisinchi.com\/de\/#website","url":"https:\/\/www.sinchisinchi.com\/de\/","name":"SINCHI","description":"Sinchi Medicine","publisher":{"@id":"https:\/\/www.sinchisinchi.com\/de\/#organization"},"potentialAction":[{"@type":"SearchAction","target":{"@type":"EntryPoint","urlTemplate":"https:\/\/www.sinchisinchi.com\/de\/?s={search_term_string}"},"query-input":{"@type":"PropertyValueSpecification","valueRequired":true,"valueName":"search_term_string"}}],"inLanguage":"de"},{"@type":"Organization","@id":"https:\/\/www.sinchisinchi.com\/de\/#organization","name":"SINCHI S.L","url":"https:\/\/www.sinchisinchi.com\/de\/","logo":{"@type":"ImageObject","inLanguage":"de","@id":"https:\/\/www.sinchisinchi.com\/de\/#\/schema\/logo\/image\/","url":"https:\/\/www.sinchisinchi.com\/wp-content\/uploads\/2026\/01\/3b-Verde-SIMPLIFICADO-HORIZONTAL-F-TRANSPARENTE-scaled.png","contentUrl":"https:\/\/www.sinchisinchi.com\/wp-content\/uploads\/2026\/01\/3b-Verde-SIMPLIFICADO-HORIZONTAL-F-TRANSPARENTE-scaled.png","width":2560,"height":457,"caption":"SINCHI S.L"},"image":{"@id":"https:\/\/www.sinchisinchi.com\/de\/#\/schema\/logo\/image\/"},"sameAs":["https:\/\/www.facebook.com\/sinchirape\/","https:\/\/www.instagram.com\/sinchi_rape\/"]}]}},"_links":{"self":[{"href":"https:\/\/www.sinchisinchi.com\/de\/wp-json\/wp\/v2\/product\/14295","targetHints":{"allow":["GET"]}}],"collection":[{"href":"https:\/\/www.sinchisinchi.com\/de\/wp-json\/wp\/v2\/product"}],"about":[{"href":"https:\/\/www.sinchisinchi.com\/de\/wp-json\/wp\/v2\/types\/product"}],"wp:featuredmedia":[{"embeddable":true,"href":"https:\/\/www.sinchisinchi.com\/de\/wp-json\/wp\/v2\/media\/14398"}],"wp:attachment":[{"href":"https:\/\/www.sinchisinchi.com\/de\/wp-json\/wp\/v2\/media?parent=14295"}],"wp:term":[{"taxonomy":"product_brand","embeddable":true,"href":"https:\/\/www.sinchisinchi.com\/de\/wp-json\/wp\/v2\/product_brand?post=14295"},{"taxonomy":"product_cat","embeddable":true,"href":"https:\/\/www.sinchisinchi.com\/de\/wp-json\/wp\/v2\/product_cat?post=14295"},{"taxonomy":"product_tag","embeddable":true,"href":"https:\/\/www.sinchisinchi.com\/de\/wp-json\/wp\/v2\/product_tag?post=14295"}],"curies":[{"name":"wp","href":"https:\/\/api.w.org\/{rel}","templated":true}]}}