{"id":14342,"date":"2024-05-27T13:15:09","date_gmt":"2024-05-27T13:15:09","guid":{"rendered":"https:\/\/www.sinchisinchi.com\/producto\/zeremonieller-kakao-arhuaca-stamm-kolumbien\/"},"modified":"2024-07-04T11:27:27","modified_gmt":"2024-07-04T11:27:27","slug":"zeremonieller-kakao-arhuaca-stamm-kolumbien","status":"publish","type":"product","link":"https:\/\/www.sinchisinchi.com\/de\/producto\/zeremonieller-kakao-arhuaca-stamm-kolumbien\/","title":{"rendered":"Kakao-Arhuaca-Stamm, Kolumbien"},"content":{"rendered":"<h2 style=\"text-align: center;\"><span style=\"color: #000000;\"><strong>Arhuaca-Stamm<\/strong><\/span><\/h2>\n<p><span style=\"color: #000000;\">Das Volk der Arhuaco nennt sich selbst \u201eIku\u201c, was in der Ika-Sprache \u201eVolk\u201c bedeutet. Sie stammen aus der Sierra Nevada de Santa Marta an der Karibikk\u00fcste Kolumbiens und sind Nachkommen der pr\u00e4kolumbianischen Tairona-Kultur.<\/span><\/p>\n<p><span style=\"color: #000000;\">Sie geh\u00f6ren zu den bekanntesten Ureinwohnern Kolumbiens und machen 1,59 % der indigenen Bev\u00f6lkerung Kolumbiens aus.<\/span><\/p>\n<p><span style=\"color: #000000;\">Der Stamm der Arhuaco ist haupts\u00e4chlich in den Bergen der Sierra Nevada de Santa Marta und in geringerem Ma\u00dfe in den Becken der Fl\u00fcsse Don Diego, Mingueo und Guatapur\u00ed (Valledupar, Mamatoco) ans\u00e4ssig.<\/span><\/p>\n<p><span style=\"color: #000000;\">Sie leiten ihr Leben und ihr t\u00e4gliches Leben auf der Grundlage von Spiritualit\u00e4t, Respekt vor ihren G\u00f6ttern, die das Universum erschaffen haben, und Solidarit\u00e4t mit den Mitgliedern der Gemeinschaft und den Nachbarst\u00e4dten, wobei sie das Territorium, in dem sie leben, als ein Ganzes betrachten, in dem beide Lebewesen leben materielle und spirituelle Welten.<\/span><\/p>\n<p><span style=\"color: #000000;\">Die Arhuaca-Frauen verbringen ihre Freizeit damit, Baumwolle und Wolle f\u00fcr ihre Kleider zu spinnen und die Fasern der Maguey (Agave in Nahuatl, der Sprache der Azteken) f\u00fcr ihre Rucks\u00e4cke zu verdrehen.<\/span><\/p>\n<p><span style=\"color: #000000;\">Sie lieben und respektieren ihre Mitmenschen und betrachten als solche neben Menschen auch Tiere, Pflanzen und Lebewesen.<\/span><\/p>\n<p><span style=\"color: #000000;\">Sie nennen den L\u00f6wen, den K\u00f6nig des Dschungels, Guiaj&#8217;ina, was \u201eBruder aller\u201c bedeutet. Sie sind keine J\u00e4ger und sie peitschen ihre Ochsen und Pferde nie und tragen sie auch nicht schwer.<\/span><\/p>\n<p><span style=\"color: #000000;\">Die Arhuacos tragen immer ger\u00f6stete H\u00e1yu-Bl\u00e4tter (Kokapflanze) in ihrem Wollrucksack; Bei einem Treffen besteht ihre traditionelle Begr\u00fc\u00dfung darin, eine Handvoll dieser Bl\u00e4tter auszutauschen.<\/span><\/p>\n<p><span style=\"color: #000000;\">Amb\u00edra ist der Mapacho, den die Arhuacos in Extraktform verwenden. Sie bereiten es zu, indem sie die Mapacho-Bl\u00e4tter bei sehr schwacher Hitze kochen, wodurch eine dicke, dunkel gef\u00e4rbte Substanz entsteht.<\/span><\/p>\n<p><span style=\"color: #000000;\">Arhuaco-Frauen nehmen kein Coca oder Amb\u00edra, ihre Verwendung ist erwachsenen M\u00e4nnern vorbehalten.<\/span><\/p>\n<p><span style=\"color: #000000;\">Die anderen drei Ureinwohner, die neben den Arhuacas in der Sierra Nevada leben, sind die Koguis, die Wiwa und die Kankuamos.<\/span><\/p>\n<p><span style=\"color: #000000;\">Das Volk der Ika oder Arhuaco lebt in den oberen Becken der Fl\u00fcsse Aracataca, Fundaci\u00f3n und Ariguan\u00ed am Westhang der Sierra Nevada de Santa Marta.<\/span><\/p>\n<p><span style=\"color: #000000;\">Die Sierra Nevada de Santa Marta ist ein Gebirgszug in Kolumbien, der an sich ein isoliertes System der Anden an der Karibikk\u00fcste Kolumbiens darstellt und abrupt von den K\u00fcsten des Karibischen Meeres ansteigt, um Gipfel zu erreichen, die die ganze Zeit \u00fcber schneebedeckt bleiben Jahr, mit einer maximalen H\u00f6he von 5.775 Metern, der h\u00f6chste Berg der Welt an der K\u00fcste.<\/span><\/p>\n","protected":false},"excerpt":{"rendered":"<p><span style=\"color: #000000;\">Zeremonieller Kakao, 100 % reiner roher Bio-Kakao, handgefertigt vom Arhuaco-Stamm nach der \u00fcberlieferten Methode.<\/span><\/p>\n<p><span style=\"color: #000000;\">Der von den Arhuacos angebaute Kakao gilt aufgrund seines Geschmacks, seines Aromas, seiner hervorragenden Qualit\u00e4t und seiner einzigartigen Eigenschaften als einer der besten der Welt.<\/span><\/p>\n<p><span style=\"color: #000000;\">Der Arhuaca-Stamm der Sierra Nevada in Kolumbien baut seit Jahrhunderten Kakao auf dem Land seiner Vorfahren an. Ihrer Meinung nach ist Kakao das Getr\u00e4nk der g\u00f6ttlichen Eltern. Es ist Teil der Arhuaca-Kultur, deren Familien das Wissen und die Lehren ihrer Vorfahren von Generation zu Generation weitergeben.<\/span><\/p>\n<p><span style=\"color: #000000;\">Die Kakaobohnen werden von Hand geerntet. Anschlie\u00dfend erfolgt die G\u00e4rung, ein Transformationsprozess, bei dem die Bohnen ihr charakteristisches Schokoladenaroma und -geschmack entwickeln. Anschlie\u00dfend werden die K\u00f6rner in der Sonne getrocknet.<\/span><\/p>\n<p><span style=\"color: #000000;\">Rezept: Um das zeremonielle Getr\u00e4nk zuzubereiten, f\u00fcgen Sie eine Unze Kakao zu vier Unzen Wasser hinzu und vermischen Sie alles gut. Sie k\u00f6nnen etwas Honig hinzuf\u00fcgen. Dieser Kakao kann auch zur Herstellung von hei\u00dfer Schokolade, Smoothies oder unges\u00fc\u00dfter Schokolade verwendet werden.<\/span><\/p>\n<p><span style=\"color: #000000;\"><strong>Typ:<\/strong> Granulat<\/span><\/p>\n<p><span style=\"color: #000000;\"><strong>Herkunft:<\/strong> Arhuaca-Stamm, Kolumbien<\/span><\/p>\n<p><span style=\"color: #000000;\"><strong>Zutaten:<\/strong> 100 % reiner Kakao in Zeremonienqualit\u00e4t<\/span><\/p>\n<p><span style=\"color: #000000;\"><strong>Pr\u00e4sentation:<\/strong> Kakaobar.<\/span><\/p>\n<p><span style=\"color: #000000;\"><strong>Nettogewicht:<\/strong> 450 Gr.<\/span><\/p>\n<p><span style=\"color: #000000;\"><strong>Lagerung:<\/strong> An einem k\u00fchlen, trockenen Ort ohne direkte Sonneneinstrahlung lagern.<\/span><\/p>\n","protected":false},"featured_media":15920,"template":"","meta":{"_joinchat":[]},"product_brand":[],"product_cat":[403,516],"product_tag":[],"class_list":{"0":"post-14342","1":"product","2":"type-product","3":"status-publish","4":"has-post-thumbnail","6":"product_cat-kakao","7":"product_cat-zeremoniell","9":"first","10":"instock","11":"taxable","12":"shipping-taxable","13":"purchasable","14":"product-type-simple"},"yoast_head":"<!-- This site is optimized with the Yoast SEO plugin v27.1.1 - https:\/\/yoast.com\/product\/yoast-seo-wordpress\/ -->\n<title>Zeremonieller Kakao-Arhuaca-Stamm, Kolumbien<\/title>\n<meta name=\"description\" content=\"Zeremonieller Kakao, 100 % reiner roher Bio-Kakao, handgefertigt vom Arhuaco-Stamm nach der \u00fcberlieferten Methode.\" \/>\n<meta name=\"robots\" content=\"index, follow, max-snippet:-1, max-image-preview:large, max-video-preview:-1\" \/>\n<link rel=\"canonical\" href=\"https:\/\/www.sinchisinchi.com\/de\/producto\/zeremonieller-kakao-arhuaca-stamm-kolumbien\/\" \/>\n<meta property=\"og:locale\" content=\"de_DE\" \/>\n<meta property=\"og:type\" content=\"article\" \/>\n<meta property=\"og:title\" content=\"Zeremonieller Kakao-Arhuaca-Stamm, Kolumbien\" \/>\n<meta property=\"og:description\" content=\"Zeremonieller Kakao, 100 % reiner roher Bio-Kakao, handgefertigt vom Arhuaco-Stamm nach der \u00fcberlieferten Methode.\" \/>\n<meta property=\"og:url\" content=\"https:\/\/www.sinchisinchi.com\/de\/producto\/zeremonieller-kakao-arhuaca-stamm-kolumbien\/\" \/>\n<meta property=\"og:site_name\" content=\"SINCHI RAP\u00c9\" \/>\n<meta property=\"article:publisher\" content=\"https:\/\/www.facebook.com\/sinchirape\/\" \/>\n<meta property=\"article:modified_time\" content=\"2024-07-04T11:27:27+00:00\" \/>\n<meta property=\"og:image\" content=\"https:\/\/www.sinchisinchi.com\/wp-content\/uploads\/2024\/05\/2-Cacao-Ceremonaial1-1-1024x683-copia.jpg\" \/>\n\t<meta property=\"og:image:width\" content=\"1024\" \/>\n\t<meta property=\"og:image:height\" content=\"683\" \/>\n\t<meta property=\"og:image:type\" content=\"image\/jpeg\" \/>\n<meta name=\"twitter:card\" content=\"summary_large_image\" \/>\n<meta name=\"twitter:label1\" content=\"Gesch\u00e4tzte Lesezeit\" \/>\n\t<meta name=\"twitter:data1\" content=\"2\u00a0Minuten\" \/>\n<script type=\"application\/ld+json\" class=\"yoast-schema-graph\">{\"@context\":\"https:\/\/schema.org\",\"@graph\":[{\"@type\":\"WebPage\",\"@id\":\"https:\/\/www.sinchisinchi.com\/de\/producto\/zeremonieller-kakao-arhuaca-stamm-kolumbien\/\",\"url\":\"https:\/\/www.sinchisinchi.com\/de\/producto\/zeremonieller-kakao-arhuaca-stamm-kolumbien\/\",\"name\":\"Zeremonieller Kakao-Arhuaca-Stamm, Kolumbien\",\"isPartOf\":{\"@id\":\"https:\/\/www.sinchisinchi.com\/de\/#website\"},\"primaryImageOfPage\":{\"@id\":\"https:\/\/www.sinchisinchi.com\/de\/producto\/zeremonieller-kakao-arhuaca-stamm-kolumbien\/#primaryimage\"},\"image\":{\"@id\":\"https:\/\/www.sinchisinchi.com\/de\/producto\/zeremonieller-kakao-arhuaca-stamm-kolumbien\/#primaryimage\"},\"thumbnailUrl\":\"https:\/\/www.sinchisinchi.com\/wp-content\/uploads\/2024\/05\/2-Cacao-Ceremonaial1-1-1024x683-copia.jpg\",\"datePublished\":\"2024-05-27T13:15:09+00:00\",\"dateModified\":\"2024-07-04T11:27:27+00:00\",\"description\":\"Zeremonieller Kakao, 100 % reiner roher Bio-Kakao, handgefertigt vom Arhuaco-Stamm nach der \u00fcberlieferten Methode.\",\"breadcrumb\":{\"@id\":\"https:\/\/www.sinchisinchi.com\/de\/producto\/zeremonieller-kakao-arhuaca-stamm-kolumbien\/#breadcrumb\"},\"inLanguage\":\"de\",\"potentialAction\":[{\"@type\":\"ReadAction\",\"target\":[\"https:\/\/www.sinchisinchi.com\/de\/producto\/zeremonieller-kakao-arhuaca-stamm-kolumbien\/\"]}]},{\"@type\":\"ImageObject\",\"inLanguage\":\"de\",\"@id\":\"https:\/\/www.sinchisinchi.com\/de\/producto\/zeremonieller-kakao-arhuaca-stamm-kolumbien\/#primaryimage\",\"url\":\"https:\/\/www.sinchisinchi.com\/wp-content\/uploads\/2024\/05\/2-Cacao-Ceremonaial1-1-1024x683-copia.jpg\",\"contentUrl\":\"https:\/\/www.sinchisinchi.com\/wp-content\/uploads\/2024\/05\/2-Cacao-Ceremonaial1-1-1024x683-copia.jpg\",\"width\":1024,\"height\":683},{\"@type\":\"BreadcrumbList\",\"@id\":\"https:\/\/www.sinchisinchi.com\/de\/producto\/zeremonieller-kakao-arhuaca-stamm-kolumbien\/#breadcrumb\",\"itemListElement\":[{\"@type\":\"ListItem\",\"position\":1,\"name\":\"Titelseite\",\"item\":\"https:\/\/www.sinchisinchi.com\/de\/\"},{\"@type\":\"ListItem\",\"position\":2,\"name\":\"Produkte\",\"item\":\"https:\/\/www.sinchisinchi.com\/de\/shop\/\"},{\"@type\":\"ListItem\",\"position\":3,\"name\":\"Kakao-Arhuaca-Stamm, Kolumbien\"}]},{\"@type\":\"WebSite\",\"@id\":\"https:\/\/www.sinchisinchi.com\/de\/#website\",\"url\":\"https:\/\/www.sinchisinchi.com\/de\/\",\"name\":\"SINCHI\",\"description\":\"Sinchi Medicine\",\"publisher\":{\"@id\":\"https:\/\/www.sinchisinchi.com\/de\/#organization\"},\"potentialAction\":[{\"@type\":\"SearchAction\",\"target\":{\"@type\":\"EntryPoint\",\"urlTemplate\":\"https:\/\/www.sinchisinchi.com\/de\/?s={search_term_string}\"},\"query-input\":{\"@type\":\"PropertyValueSpecification\",\"valueRequired\":true,\"valueName\":\"search_term_string\"}}],\"inLanguage\":\"de\"},{\"@type\":\"Organization\",\"@id\":\"https:\/\/www.sinchisinchi.com\/de\/#organization\",\"name\":\"SINCHI S.L\",\"url\":\"https:\/\/www.sinchisinchi.com\/de\/\",\"logo\":{\"@type\":\"ImageObject\",\"inLanguage\":\"de\",\"@id\":\"https:\/\/www.sinchisinchi.com\/de\/#\/schema\/logo\/image\/\",\"url\":\"https:\/\/www.sinchisinchi.com\/wp-content\/uploads\/2026\/01\/3b-Verde-SIMPLIFICADO-HORIZONTAL-F-TRANSPARENTE-scaled.png\",\"contentUrl\":\"https:\/\/www.sinchisinchi.com\/wp-content\/uploads\/2026\/01\/3b-Verde-SIMPLIFICADO-HORIZONTAL-F-TRANSPARENTE-scaled.png\",\"width\":2560,\"height\":457,\"caption\":\"SINCHI S.L\"},\"image\":{\"@id\":\"https:\/\/www.sinchisinchi.com\/de\/#\/schema\/logo\/image\/\"},\"sameAs\":[\"https:\/\/www.facebook.com\/sinchirape\/\",\"https:\/\/www.instagram.com\/sinchi_rape\/\"]}]}<\/script>\n<!-- \/ Yoast SEO plugin. -->","yoast_head_json":{"title":"Zeremonieller Kakao-Arhuaca-Stamm, Kolumbien","description":"Zeremonieller Kakao, 100 % reiner roher Bio-Kakao, handgefertigt vom Arhuaco-Stamm nach der \u00fcberlieferten Methode.","robots":{"index":"index","follow":"follow","max-snippet":"max-snippet:-1","max-image-preview":"max-image-preview:large","max-video-preview":"max-video-preview:-1"},"canonical":"https:\/\/www.sinchisinchi.com\/de\/producto\/zeremonieller-kakao-arhuaca-stamm-kolumbien\/","og_locale":"de_DE","og_type":"article","og_title":"Zeremonieller Kakao-Arhuaca-Stamm, Kolumbien","og_description":"Zeremonieller Kakao, 100 % reiner roher Bio-Kakao, handgefertigt vom Arhuaco-Stamm nach der \u00fcberlieferten Methode.","og_url":"https:\/\/www.sinchisinchi.com\/de\/producto\/zeremonieller-kakao-arhuaca-stamm-kolumbien\/","og_site_name":"SINCHI RAP\u00c9","article_publisher":"https:\/\/www.facebook.com\/sinchirape\/","article_modified_time":"2024-07-04T11:27:27+00:00","og_image":[{"width":1024,"height":683,"url":"https:\/\/www.sinchisinchi.com\/wp-content\/uploads\/2024\/05\/2-Cacao-Ceremonaial1-1-1024x683-copia.jpg","type":"image\/jpeg"}],"twitter_card":"summary_large_image","twitter_misc":{"Gesch\u00e4tzte Lesezeit":"2\u00a0Minuten"},"schema":{"@context":"https:\/\/schema.org","@graph":[{"@type":"WebPage","@id":"https:\/\/www.sinchisinchi.com\/de\/producto\/zeremonieller-kakao-arhuaca-stamm-kolumbien\/","url":"https:\/\/www.sinchisinchi.com\/de\/producto\/zeremonieller-kakao-arhuaca-stamm-kolumbien\/","name":"Zeremonieller Kakao-Arhuaca-Stamm, Kolumbien","isPartOf":{"@id":"https:\/\/www.sinchisinchi.com\/de\/#website"},"primaryImageOfPage":{"@id":"https:\/\/www.sinchisinchi.com\/de\/producto\/zeremonieller-kakao-arhuaca-stamm-kolumbien\/#primaryimage"},"image":{"@id":"https:\/\/www.sinchisinchi.com\/de\/producto\/zeremonieller-kakao-arhuaca-stamm-kolumbien\/#primaryimage"},"thumbnailUrl":"https:\/\/www.sinchisinchi.com\/wp-content\/uploads\/2024\/05\/2-Cacao-Ceremonaial1-1-1024x683-copia.jpg","datePublished":"2024-05-27T13:15:09+00:00","dateModified":"2024-07-04T11:27:27+00:00","description":"Zeremonieller Kakao, 100 % reiner roher Bio-Kakao, handgefertigt vom Arhuaco-Stamm nach der \u00fcberlieferten Methode.","breadcrumb":{"@id":"https:\/\/www.sinchisinchi.com\/de\/producto\/zeremonieller-kakao-arhuaca-stamm-kolumbien\/#breadcrumb"},"inLanguage":"de","potentialAction":[{"@type":"ReadAction","target":["https:\/\/www.sinchisinchi.com\/de\/producto\/zeremonieller-kakao-arhuaca-stamm-kolumbien\/"]}]},{"@type":"ImageObject","inLanguage":"de","@id":"https:\/\/www.sinchisinchi.com\/de\/producto\/zeremonieller-kakao-arhuaca-stamm-kolumbien\/#primaryimage","url":"https:\/\/www.sinchisinchi.com\/wp-content\/uploads\/2024\/05\/2-Cacao-Ceremonaial1-1-1024x683-copia.jpg","contentUrl":"https:\/\/www.sinchisinchi.com\/wp-content\/uploads\/2024\/05\/2-Cacao-Ceremonaial1-1-1024x683-copia.jpg","width":1024,"height":683},{"@type":"BreadcrumbList","@id":"https:\/\/www.sinchisinchi.com\/de\/producto\/zeremonieller-kakao-arhuaca-stamm-kolumbien\/#breadcrumb","itemListElement":[{"@type":"ListItem","position":1,"name":"Titelseite","item":"https:\/\/www.sinchisinchi.com\/de\/"},{"@type":"ListItem","position":2,"name":"Produkte","item":"https:\/\/www.sinchisinchi.com\/de\/shop\/"},{"@type":"ListItem","position":3,"name":"Kakao-Arhuaca-Stamm, Kolumbien"}]},{"@type":"WebSite","@id":"https:\/\/www.sinchisinchi.com\/de\/#website","url":"https:\/\/www.sinchisinchi.com\/de\/","name":"SINCHI","description":"Sinchi Medicine","publisher":{"@id":"https:\/\/www.sinchisinchi.com\/de\/#organization"},"potentialAction":[{"@type":"SearchAction","target":{"@type":"EntryPoint","urlTemplate":"https:\/\/www.sinchisinchi.com\/de\/?s={search_term_string}"},"query-input":{"@type":"PropertyValueSpecification","valueRequired":true,"valueName":"search_term_string"}}],"inLanguage":"de"},{"@type":"Organization","@id":"https:\/\/www.sinchisinchi.com\/de\/#organization","name":"SINCHI S.L","url":"https:\/\/www.sinchisinchi.com\/de\/","logo":{"@type":"ImageObject","inLanguage":"de","@id":"https:\/\/www.sinchisinchi.com\/de\/#\/schema\/logo\/image\/","url":"https:\/\/www.sinchisinchi.com\/wp-content\/uploads\/2026\/01\/3b-Verde-SIMPLIFICADO-HORIZONTAL-F-TRANSPARENTE-scaled.png","contentUrl":"https:\/\/www.sinchisinchi.com\/wp-content\/uploads\/2026\/01\/3b-Verde-SIMPLIFICADO-HORIZONTAL-F-TRANSPARENTE-scaled.png","width":2560,"height":457,"caption":"SINCHI S.L"},"image":{"@id":"https:\/\/www.sinchisinchi.com\/de\/#\/schema\/logo\/image\/"},"sameAs":["https:\/\/www.facebook.com\/sinchirape\/","https:\/\/www.instagram.com\/sinchi_rape\/"]}]}},"_links":{"self":[{"href":"https:\/\/www.sinchisinchi.com\/de\/wp-json\/wp\/v2\/product\/14342","targetHints":{"allow":["GET"]}}],"collection":[{"href":"https:\/\/www.sinchisinchi.com\/de\/wp-json\/wp\/v2\/product"}],"about":[{"href":"https:\/\/www.sinchisinchi.com\/de\/wp-json\/wp\/v2\/types\/product"}],"wp:featuredmedia":[{"embeddable":true,"href":"https:\/\/www.sinchisinchi.com\/de\/wp-json\/wp\/v2\/media\/15920"}],"wp:attachment":[{"href":"https:\/\/www.sinchisinchi.com\/de\/wp-json\/wp\/v2\/media?parent=14342"}],"wp:term":[{"taxonomy":"product_brand","embeddable":true,"href":"https:\/\/www.sinchisinchi.com\/de\/wp-json\/wp\/v2\/product_brand?post=14342"},{"taxonomy":"product_cat","embeddable":true,"href":"https:\/\/www.sinchisinchi.com\/de\/wp-json\/wp\/v2\/product_cat?post=14342"},{"taxonomy":"product_tag","embeddable":true,"href":"https:\/\/www.sinchisinchi.com\/de\/wp-json\/wp\/v2\/product_tag?post=14342"}],"curies":[{"name":"wp","href":"https:\/\/api.w.org\/{rel}","templated":true}]}}