{"id":14463,"date":"2024-05-27T13:05:57","date_gmt":"2024-05-27T13:05:57","guid":{"rendered":"https:\/\/www.sinchisinchi.com\/producto\/zeremonieller-kakao-aus-peru\/"},"modified":"2024-07-04T11:30:23","modified_gmt":"2024-07-04T11:30:23","slug":"zeremonieller-kakao-aus-peru","status":"publish","type":"product","link":"https:\/\/www.sinchisinchi.com\/de\/producto\/zeremonieller-kakao-aus-peru\/","title":{"rendered":"Zeremonieller Kakao aus Peru"},"content":{"rendered":"","protected":false},"excerpt":{"rendered":"<p><span style=\"color: #000000;\">Zeremonieller Kakao aus Peru, angebaut nach der \u00fcberlieferten Methode von Kleinbauern in den peruanischen Anden.<\/span><\/p>\n<p><span style=\"color: #000000;\">Die Criolla-Sorte gilt als &#8222;K\u00f6nig des Kakaos&#8220;, da sie die \u00e4lteste ist. F\u00fcr seine Herstellung wird ein Minimum an Verarbeitung angewendet, eine geringe G\u00e4rung und auch eine niedrige Temperatur, ohne R\u00f6stung, um seine Reinheit und urspr\u00fcngliche Qualit\u00e4t zu bewahren.<\/span><\/p>\n<p><span style=\"color: #000000;\"><strong>Typ:<\/strong> Kakao in Zeremonienqualit\u00e4t.<\/span><\/p>\n<p><span style=\"color: #000000;\"><strong>Zutaten:<\/strong> 100 % reiner Kakao in Zeremonienqualit\u00e4t.<\/span><\/p>\n<p><span style=\"color: #000000;\"><strong>Herkunft:<\/strong> Die Anden, Peru.<\/span><\/p>\n<p><span style=\"color: #000000;\"><strong>Pr\u00e4sentation:<\/strong> Kakaobar.<\/span><\/p>\n<p><span style=\"color: #000000;\"><strong>Sorte:<\/strong> Der K\u00f6nig des Kakaos, Criollo<\/span><\/p>\n<p><span style=\"color: #000000;\"><strong>Gr\u00f6\u00dfe:<\/strong> 500 gr<\/span><\/p>\n","protected":false},"featured_media":15914,"template":"","meta":{"_joinchat":[]},"product_brand":[],"product_cat":[403,516],"product_tag":[],"class_list":{"0":"post-14463","1":"product","2":"type-product","3":"status-publish","4":"has-post-thumbnail","6":"product_cat-kakao","7":"product_cat-zeremoniell","9":"first","10":"instock","11":"taxable","12":"shipping-taxable","13":"purchasable","14":"product-type-simple"},"yoast_head":"<!-- This site is optimized with the Yoast SEO plugin v27.4 - https:\/\/yoast.com\/product\/yoast-seo-wordpress\/ -->\n<title>Zeremonieller Kakao aus Peru - Sinchi, schamanisches Gesch\u00e4ft<\/title>\n<meta name=\"description\" content=\"Zeremonieller Kakao aus Peru, angebaut nach der \u00fcberlieferten Methode von Kleinbauern in den peruanischen Anden.\" \/>\n<meta name=\"robots\" content=\"index, follow, max-snippet:-1, max-image-preview:large, max-video-preview:-1\" \/>\n<link rel=\"canonical\" href=\"https:\/\/www.sinchisinchi.com\/de\/producto\/zeremonieller-kakao-aus-peru\/\" \/>\n<meta property=\"og:locale\" content=\"de_DE\" \/>\n<meta property=\"og:type\" content=\"article\" \/>\n<meta property=\"og:title\" content=\"Zeremonieller Kakao aus Peru - Sinchi, schamanisches Gesch\u00e4ft\" \/>\n<meta property=\"og:description\" content=\"Zeremonieller Kakao aus Peru, angebaut nach der \u00fcberlieferten Methode von Kleinbauern in den peruanischen Anden.\" \/>\n<meta property=\"og:url\" content=\"https:\/\/www.sinchisinchi.com\/de\/producto\/zeremonieller-kakao-aus-peru\/\" \/>\n<meta property=\"og:site_name\" content=\"SINCHI RAP\u00c9\" \/>\n<meta property=\"article:publisher\" content=\"https:\/\/www.facebook.com\/sinchirape\/\" \/>\n<meta property=\"article:modified_time\" content=\"2024-07-04T11:30:23+00:00\" \/>\n<meta property=\"og:image\" content=\"https:\/\/www.sinchisinchi.com\/wp-content\/uploads\/2024\/05\/2-Cacao-Ceremonial1-1-1024x683-copia.jpg\" \/>\n\t<meta property=\"og:image:width\" content=\"1024\" \/>\n\t<meta property=\"og:image:height\" content=\"683\" \/>\n\t<meta property=\"og:image:type\" content=\"image\/jpeg\" \/>\n<meta name=\"twitter:card\" content=\"summary_large_image\" \/>\n<script type=\"application\/ld+json\" class=\"yoast-schema-graph\">{\"@context\":\"https:\\\/\\\/schema.org\",\"@graph\":[{\"@type\":\"WebPage\",\"@id\":\"https:\\\/\\\/www.sinchisinchi.com\\\/de\\\/producto\\\/zeremonieller-kakao-aus-peru\\\/\",\"url\":\"https:\\\/\\\/www.sinchisinchi.com\\\/de\\\/producto\\\/zeremonieller-kakao-aus-peru\\\/\",\"name\":\"Zeremonieller Kakao aus Peru - Sinchi, schamanisches Gesch\u00e4ft\",\"isPartOf\":{\"@id\":\"https:\\\/\\\/www.sinchisinchi.com\\\/de\\\/#website\"},\"primaryImageOfPage\":{\"@id\":\"https:\\\/\\\/www.sinchisinchi.com\\\/de\\\/producto\\\/zeremonieller-kakao-aus-peru\\\/#primaryimage\"},\"image\":{\"@id\":\"https:\\\/\\\/www.sinchisinchi.com\\\/de\\\/producto\\\/zeremonieller-kakao-aus-peru\\\/#primaryimage\"},\"thumbnailUrl\":\"https:\\\/\\\/www.sinchisinchi.com\\\/wp-content\\\/uploads\\\/2024\\\/05\\\/2-Cacao-Ceremonial1-1-1024x683-copia.jpg\",\"datePublished\":\"2024-05-27T13:05:57+00:00\",\"dateModified\":\"2024-07-04T11:30:23+00:00\",\"description\":\"Zeremonieller Kakao aus Peru, angebaut nach der \u00fcberlieferten Methode von Kleinbauern in den peruanischen Anden.\",\"breadcrumb\":{\"@id\":\"https:\\\/\\\/www.sinchisinchi.com\\\/de\\\/producto\\\/zeremonieller-kakao-aus-peru\\\/#breadcrumb\"},\"inLanguage\":\"de\",\"potentialAction\":[{\"@type\":\"ReadAction\",\"target\":[\"https:\\\/\\\/www.sinchisinchi.com\\\/de\\\/producto\\\/zeremonieller-kakao-aus-peru\\\/\"]}]},{\"@type\":\"ImageObject\",\"inLanguage\":\"de\",\"@id\":\"https:\\\/\\\/www.sinchisinchi.com\\\/de\\\/producto\\\/zeremonieller-kakao-aus-peru\\\/#primaryimage\",\"url\":\"https:\\\/\\\/www.sinchisinchi.com\\\/wp-content\\\/uploads\\\/2024\\\/05\\\/2-Cacao-Ceremonial1-1-1024x683-copia.jpg\",\"contentUrl\":\"https:\\\/\\\/www.sinchisinchi.com\\\/wp-content\\\/uploads\\\/2024\\\/05\\\/2-Cacao-Ceremonial1-1-1024x683-copia.jpg\",\"width\":1024,\"height\":683},{\"@type\":\"BreadcrumbList\",\"@id\":\"https:\\\/\\\/www.sinchisinchi.com\\\/de\\\/producto\\\/zeremonieller-kakao-aus-peru\\\/#breadcrumb\",\"itemListElement\":[{\"@type\":\"ListItem\",\"position\":1,\"name\":\"Titelseite\",\"item\":\"https:\\\/\\\/www.sinchisinchi.com\\\/de\\\/\"},{\"@type\":\"ListItem\",\"position\":2,\"name\":\"Produkte\",\"item\":\"https:\\\/\\\/www.sinchisinchi.com\\\/de\\\/shop\\\/\"},{\"@type\":\"ListItem\",\"position\":3,\"name\":\"Zeremonieller Kakao aus Peru\"}]},{\"@type\":\"WebSite\",\"@id\":\"https:\\\/\\\/www.sinchisinchi.com\\\/de\\\/#website\",\"url\":\"https:\\\/\\\/www.sinchisinchi.com\\\/de\\\/\",\"name\":\"SINCHI\",\"description\":\"Sinchi Medicine\",\"publisher\":{\"@id\":\"https:\\\/\\\/www.sinchisinchi.com\\\/de\\\/#organization\"},\"potentialAction\":[{\"@type\":\"SearchAction\",\"target\":{\"@type\":\"EntryPoint\",\"urlTemplate\":\"https:\\\/\\\/www.sinchisinchi.com\\\/de\\\/?s={search_term_string}\"},\"query-input\":{\"@type\":\"PropertyValueSpecification\",\"valueRequired\":true,\"valueName\":\"search_term_string\"}}],\"inLanguage\":\"de\"},{\"@type\":\"Organization\",\"@id\":\"https:\\\/\\\/www.sinchisinchi.com\\\/de\\\/#organization\",\"name\":\"SINCHI S.L\",\"url\":\"https:\\\/\\\/www.sinchisinchi.com\\\/de\\\/\",\"logo\":{\"@type\":\"ImageObject\",\"inLanguage\":\"de\",\"@id\":\"https:\\\/\\\/www.sinchisinchi.com\\\/de\\\/#\\\/schema\\\/logo\\\/image\\\/\",\"url\":\"https:\\\/\\\/www.sinchisinchi.com\\\/wp-content\\\/uploads\\\/2026\\\/01\\\/3b-Verde-SIMPLIFICADO-HORIZONTAL-F-TRANSPARENTE-scaled.png\",\"contentUrl\":\"https:\\\/\\\/www.sinchisinchi.com\\\/wp-content\\\/uploads\\\/2026\\\/01\\\/3b-Verde-SIMPLIFICADO-HORIZONTAL-F-TRANSPARENTE-scaled.png\",\"width\":2560,\"height\":457,\"caption\":\"SINCHI S.L\"},\"image\":{\"@id\":\"https:\\\/\\\/www.sinchisinchi.com\\\/de\\\/#\\\/schema\\\/logo\\\/image\\\/\"},\"sameAs\":[\"https:\\\/\\\/www.facebook.com\\\/sinchirape\\\/\",\"https:\\\/\\\/www.instagram.com\\\/sinchi_rape\\\/\"]}]}<\/script>\n<!-- \/ Yoast SEO plugin. -->","yoast_head_json":{"title":"Zeremonieller Kakao aus Peru - Sinchi, schamanisches Gesch\u00e4ft","description":"Zeremonieller Kakao aus Peru, angebaut nach der \u00fcberlieferten Methode von Kleinbauern in den peruanischen Anden.","robots":{"index":"index","follow":"follow","max-snippet":"max-snippet:-1","max-image-preview":"max-image-preview:large","max-video-preview":"max-video-preview:-1"},"canonical":"https:\/\/www.sinchisinchi.com\/de\/producto\/zeremonieller-kakao-aus-peru\/","og_locale":"de_DE","og_type":"article","og_title":"Zeremonieller Kakao aus Peru - Sinchi, schamanisches Gesch\u00e4ft","og_description":"Zeremonieller Kakao aus Peru, angebaut nach der \u00fcberlieferten Methode von Kleinbauern in den peruanischen Anden.","og_url":"https:\/\/www.sinchisinchi.com\/de\/producto\/zeremonieller-kakao-aus-peru\/","og_site_name":"SINCHI RAP\u00c9","article_publisher":"https:\/\/www.facebook.com\/sinchirape\/","article_modified_time":"2024-07-04T11:30:23+00:00","og_image":[{"width":1024,"height":683,"url":"https:\/\/www.sinchisinchi.com\/wp-content\/uploads\/2024\/05\/2-Cacao-Ceremonial1-1-1024x683-copia.jpg","type":"image\/jpeg"}],"twitter_card":"summary_large_image","schema":{"@context":"https:\/\/schema.org","@graph":[{"@type":"WebPage","@id":"https:\/\/www.sinchisinchi.com\/de\/producto\/zeremonieller-kakao-aus-peru\/","url":"https:\/\/www.sinchisinchi.com\/de\/producto\/zeremonieller-kakao-aus-peru\/","name":"Zeremonieller Kakao aus Peru - Sinchi, schamanisches Gesch\u00e4ft","isPartOf":{"@id":"https:\/\/www.sinchisinchi.com\/de\/#website"},"primaryImageOfPage":{"@id":"https:\/\/www.sinchisinchi.com\/de\/producto\/zeremonieller-kakao-aus-peru\/#primaryimage"},"image":{"@id":"https:\/\/www.sinchisinchi.com\/de\/producto\/zeremonieller-kakao-aus-peru\/#primaryimage"},"thumbnailUrl":"https:\/\/www.sinchisinchi.com\/wp-content\/uploads\/2024\/05\/2-Cacao-Ceremonial1-1-1024x683-copia.jpg","datePublished":"2024-05-27T13:05:57+00:00","dateModified":"2024-07-04T11:30:23+00:00","description":"Zeremonieller Kakao aus Peru, angebaut nach der \u00fcberlieferten Methode von Kleinbauern in den peruanischen Anden.","breadcrumb":{"@id":"https:\/\/www.sinchisinchi.com\/de\/producto\/zeremonieller-kakao-aus-peru\/#breadcrumb"},"inLanguage":"de","potentialAction":[{"@type":"ReadAction","target":["https:\/\/www.sinchisinchi.com\/de\/producto\/zeremonieller-kakao-aus-peru\/"]}]},{"@type":"ImageObject","inLanguage":"de","@id":"https:\/\/www.sinchisinchi.com\/de\/producto\/zeremonieller-kakao-aus-peru\/#primaryimage","url":"https:\/\/www.sinchisinchi.com\/wp-content\/uploads\/2024\/05\/2-Cacao-Ceremonial1-1-1024x683-copia.jpg","contentUrl":"https:\/\/www.sinchisinchi.com\/wp-content\/uploads\/2024\/05\/2-Cacao-Ceremonial1-1-1024x683-copia.jpg","width":1024,"height":683},{"@type":"BreadcrumbList","@id":"https:\/\/www.sinchisinchi.com\/de\/producto\/zeremonieller-kakao-aus-peru\/#breadcrumb","itemListElement":[{"@type":"ListItem","position":1,"name":"Titelseite","item":"https:\/\/www.sinchisinchi.com\/de\/"},{"@type":"ListItem","position":2,"name":"Produkte","item":"https:\/\/www.sinchisinchi.com\/de\/shop\/"},{"@type":"ListItem","position":3,"name":"Zeremonieller Kakao aus Peru"}]},{"@type":"WebSite","@id":"https:\/\/www.sinchisinchi.com\/de\/#website","url":"https:\/\/www.sinchisinchi.com\/de\/","name":"SINCHI","description":"Sinchi Medicine","publisher":{"@id":"https:\/\/www.sinchisinchi.com\/de\/#organization"},"potentialAction":[{"@type":"SearchAction","target":{"@type":"EntryPoint","urlTemplate":"https:\/\/www.sinchisinchi.com\/de\/?s={search_term_string}"},"query-input":{"@type":"PropertyValueSpecification","valueRequired":true,"valueName":"search_term_string"}}],"inLanguage":"de"},{"@type":"Organization","@id":"https:\/\/www.sinchisinchi.com\/de\/#organization","name":"SINCHI S.L","url":"https:\/\/www.sinchisinchi.com\/de\/","logo":{"@type":"ImageObject","inLanguage":"de","@id":"https:\/\/www.sinchisinchi.com\/de\/#\/schema\/logo\/image\/","url":"https:\/\/www.sinchisinchi.com\/wp-content\/uploads\/2026\/01\/3b-Verde-SIMPLIFICADO-HORIZONTAL-F-TRANSPARENTE-scaled.png","contentUrl":"https:\/\/www.sinchisinchi.com\/wp-content\/uploads\/2026\/01\/3b-Verde-SIMPLIFICADO-HORIZONTAL-F-TRANSPARENTE-scaled.png","width":2560,"height":457,"caption":"SINCHI S.L"},"image":{"@id":"https:\/\/www.sinchisinchi.com\/de\/#\/schema\/logo\/image\/"},"sameAs":["https:\/\/www.facebook.com\/sinchirape\/","https:\/\/www.instagram.com\/sinchi_rape\/"]}]}},"_links":{"self":[{"href":"https:\/\/www.sinchisinchi.com\/de\/wp-json\/wp\/v2\/product\/14463","targetHints":{"allow":["GET"]}}],"collection":[{"href":"https:\/\/www.sinchisinchi.com\/de\/wp-json\/wp\/v2\/product"}],"about":[{"href":"https:\/\/www.sinchisinchi.com\/de\/wp-json\/wp\/v2\/types\/product"}],"wp:featuredmedia":[{"embeddable":true,"href":"https:\/\/www.sinchisinchi.com\/de\/wp-json\/wp\/v2\/media\/15914"}],"wp:attachment":[{"href":"https:\/\/www.sinchisinchi.com\/de\/wp-json\/wp\/v2\/media?parent=14463"}],"wp:term":[{"taxonomy":"product_brand","embeddable":true,"href":"https:\/\/www.sinchisinchi.com\/de\/wp-json\/wp\/v2\/product_brand?post=14463"},{"taxonomy":"product_cat","embeddable":true,"href":"https:\/\/www.sinchisinchi.com\/de\/wp-json\/wp\/v2\/product_cat?post=14463"},{"taxonomy":"product_tag","embeddable":true,"href":"https:\/\/www.sinchisinchi.com\/de\/wp-json\/wp\/v2\/product_tag?post=14463"}],"curies":[{"name":"wp","href":"https:\/\/api.w.org\/{rel}","templated":true}]}}