{"id":14546,"date":"2024-05-27T12:14:26","date_gmt":"2024-05-27T12:14:26","guid":{"rendered":"https:\/\/www.sinchisinchi.com\/producto\/zeremonieller-kakao-inneres-feuer\/"},"modified":"2024-07-04T11:40:48","modified_gmt":"2024-07-04T11:40:48","slug":"zeremonieller-kakao-inneres-feuer","status":"publish","type":"product","link":"https:\/\/www.sinchisinchi.com\/de\/producto\/zeremonieller-kakao-inneres-feuer\/","title":{"rendered":"Zeremonieller Kakao &#8222;Inneres Feuer&#8220;"},"content":{"rendered":"<h3 style=\"text-align: center;\"><strong><span style=\"color: #000000;\">Q&#8217;eqchi&#8216;-Eingeborenendorf<\/span><\/strong><\/h3>\n<p><span style=\"color: #000000;\">Q&#8217;eqchi&#8216; ist ein Maya-Volk, das noch immer in Guatemala existiert. Sie lie\u00dfen sich etwa im Jahr 600 v. Chr. rund um einige H\u00fcgel in der N\u00e4he der Fl\u00fcsse Chixoy und Polochic nieder und hatten Kontakt zu alten Zivilisationen wie den Pipil, Tolteken, Chichimeca und den gro\u00dfen Maya-St\u00e4dten.<\/span><\/p>\n<p><span style=\"color: #000000;\">Kakaw ist ein altes Getr\u00e4nk des Q&#8217;eqchi&#8216;-Maya-Volkes, das in vielen Maya-Zeremonien verwendet wird.<\/span><\/p>\n<p><span style=\"color: #000000;\">In der bergigen Region Alta Verapaz in Guatemala bauen einheimische Q&#8217;eqchi-Bauern einige der besten Kakaosorten der Welt an.<\/span><\/p>\n<p><span style=\"color: #000000;\">In der Lachu\u00e1-\u00d6koregion gibt es eine wundersch\u00f6ne Lagune, die seit 1976 als Nationalpark gilt: die Lachu\u00e1-Lagune, in deren Umgebung zahlreiche Maya-Q&#8217;eqchi&#8216;-Familien leben, die sich haupts\u00e4chlich dem Kakaoanbau widmen.<\/span><\/p>\n<p><span style=\"color: #000000;\">Bis zur Ankunft der Spanier wurden sie von H\u00e4uptlingen regiert, die wiederum von einem gro\u00dfen Herrn abh\u00e4ngig waren, der von allen F\u00fcrsten gew\u00e4hlt wurde.<\/span><\/p>\n<p><span style=\"color: #000000;\">Arch\u00e4ologische St\u00e4tten mit Anzeichen von Jateado-Steinkonstruktionen sind Chajkar, Chimax, Chinama, Ku&#8217;k&#8217;uch in Chinapet\u00e9n und hinter dem Kalvarienberg von San Pedro Carch\u00e1. Der Kalvarienberg von Cob\u00e1n ist eines der wichtigsten Zeremonienzentren der Maya.<\/span><\/p>\n<p><span style=\"color: #000000;\">Der wichtigste Wirtschaftszweig ist die Landwirtschaft; Es werden Mais und Bohnen angepflanzt, die die Nahrung der Familie darstellen, erg\u00e4nzt durch die Aufzucht von V\u00f6geln, Schweinen und anderen Haustieren.<\/span><\/p>\n<p><span style=\"color: #000000;\">Sein Name wird Kekch\u00ed (gem\u00e4\u00df der aktuellen Schreibweise) oder Q&#8217;eqchi&#8216; (gem\u00e4\u00df der alten Schreibweise) geschrieben.<\/span><\/p>\n<h3 style=\"text-align: center;\"><strong><span style=\"color: #000000;\">Mop\u00e1ns Heimatdorf<\/span><\/strong><\/h3>\n<p><span style=\"color: #000000;\">Das Volk der Mop\u00e1n ist eine der Maya-St\u00e4dte in Belize und Guatemala im Departement Pet\u00e9n. Ihre indigene Sprache wird auch Mop\u00e1n genannt und ist eine der Yucatecan-Maya-Sprachen aus Mexiko, die als vom Aussterben bedroht gilt.<\/span><\/p>\n<p><span style=\"color: #000000;\">Ihre Ern\u00e4hrung basiert auf Mais, von dem viele ihrer traditionellen Rezepte abgeleitet sind: Nuk (Br\u00f6tchen), Tait (Mais-Tamale), K&#8217;a k&#8217;aan ek&#8217;en (ger\u00e4ucherte Zelldistel), Chu&#8216; uk wa ( s\u00fc\u00dfer Toast).<\/span><\/p>\n<p><span style=\"color: #000000;\">Die Mop\u00e1n-Gemeinschaft ist auf Stoffstickereien spezialisiert, aus denen Hemden, Blusen, Taschen, B\u00fcrstenhalter, Tischdecken und Schonbez\u00fcge hergestellt werden. Zur Herstellung von Stickereien werden Dacron-Stoff, Wolle und Garn verwendet.<\/span><\/p>\n<p><span style=\"color: #000000;\">Die Mop\u00e1n-Sprache ist Teil der Maya-Sprachfamilie aus Mexiko. Obwohl es aufgrund des Einflusses von Spanisch und Englisch einen R\u00fcckgang erlitten hat, wird es immer noch in vielen Mopan-Gemeinden gesprochen. Zu den gebr\u00e4uchlichen W\u00f6rtern in Mop\u00e1n geh\u00f6ren \u201eK\u2019iche&#8217;\u201c (Wald), \u201eNo\u2019j\u201c (Weisheit) und \u201eTz\u2019ikin\u201c (Vogel). Die Bewahrung ihrer Sprache wird als entscheidender Bestandteil f\u00fcr das \u00dcberleben ihrer Kultur angesehen.<\/span><\/p>\n<p><span style=\"color: #000000;\">Derzeit stehen die Mop\u00e1n vor zahlreichen Herausforderungen, darunter der Bewahrung ihrer Kultur und ihres Landes angesichts der Modernisierung und Globalisierung, der Aufrechterhaltung ihrer Traditionen und ihrer Sprache und der Anpassung an Ver\u00e4nderungen, ohne ihr Wesen zu verlieren.<\/span><\/p>\n<p><span style=\"color: #000000;\">Die Mop\u00e1n-Weltanschauung versteht die Welt als eine miteinander verbundene Einheit, in der jedes Element, ob Mensch, Tier oder Natur, eine entscheidende Rolle spielt. Diese Weltanschauung beeinflusst alle Aspekte ihres Lebens, von der Landwirtschaft bis zu sozialen Beziehungen.<\/span><\/p>\n<p>&nbsp;<\/p>\n<h3 style=\"text-align: center;\"><strong><span style=\"color: #000000;\">Cayennepfeffer<\/span><\/strong><\/h3>\n<p><span style=\"color: #000000;\">Schon seit der Zeit der Mayas und Azteken bekannt und konsumiert, sch\u00e4tzten sie Cayennepfeffer wegen seiner heilenden und spirituellen Eigenschaften und nutzten ihn au\u00dferdem als nat\u00fcrliches Desinfektionsmittel und entz\u00fcndungshemmendes Mittel.<\/span><\/p>\n<p><span style=\"color: #000000;\">Es erh\u00f6ht die Empfindlichkeit der Nervenenden und stimuliert die Freisetzung von Endorphinen, weshalb es f\u00fcr seine aphrodisierenden Eigenschaften bekannt ist.<\/span><\/p>\n<p><span style=\"color: #000000;\">Der Legende nach wurde das, was die Azteken als Chili kannten, von Christoph Kolumbus mit dem in Spanien so begehrten Pfeffer verwechselt. Und dieses Gew\u00fcrz wurde aus Franz\u00f6sisch-Guayana importiert, aber die Genuesen wussten nicht, dass das Chili scharf war, und nannten es f\u00e4lschlicherweise Cayennepfeffer.<\/span><\/p>\n<h3 style=\"text-align: center;\"><strong><span style=\"color: #000000;\">&#8222;Celian-Zimt&#8220; und die Mayas\/Azteken<\/span><\/strong><\/h3>\n<p><span style=\"color: #000000;\">In der Antike war Zimt (Cinnamomun Verum) wertvoller als sein Gewicht in Gold und wurde mit Opfer- oder Genussritualen in Verbindung gebracht.<\/span><\/p>\n<p><span style=\"color: #000000;\">Zimt stammt aus Sri Lanka (Ceylon), Burma und Indien, seine Rinde hat einen w\u00fcrzigen und s\u00fc\u00dfen Geschmack.<\/span><\/p>\n<p><span style=\"color: #000000;\">Zimt ist dank seiner Phenole und Flavonoide eines der Gew\u00fcrze mit der st\u00e4rksten antioxidativen Wirkung. Es ist reich an Vitamin B1 und C sowie Mineralstoffen wie Phosphor, Kalzium, Eisen und Kalium.<\/span><\/p>\n<p><span style=\"color: #000000;\">Die traditionelle chinesische Medizin betrachtet es als Yang-Kraut (hei\u00dfe Eigenschaften), da es w\u00fcrzig und s\u00fc\u00df ist und daher reich an verdauungsf\u00f6rdernden Eigenschaften ist, die das innere Feuer verst\u00e4rken.<\/span><\/p>\n<p><span style=\"color: #000000;\">Vanille und die Totonacos, Mayas und Azteken<\/span><\/p>\n<p><span style=\"color: #000000;\">Vanille wurde von der <strong>Totonac-Kultur<\/strong> entdeckt, die sie <strong>&#8222;Xanath\u201c<\/strong> nannte, was &#8222;schwarze Blume&#8220; bedeutet. Vanille war eine ihrer wichtigsten Pflanzen, \u00e4hnlich wie Mais f\u00fcr die Azteken, Teotihuacaner, Mayas und Olmeken.<\/span><\/p>\n<p><span style=\"color: #000000;\">Vanille, Kakao, Annatto und Mais waren die Zutaten von Xocolatl, einem Kakaogetr\u00e4nk, das die politischen und adligen Treffen der Maya- und Azteken-Zivilisation belebte; Letzterer wusste das<\/span><\/p>\n<h3 style=\"text-align: center;\"><strong><span style=\"color: #000000;\">Vanille mit dem Namen &#8222;tlilxochitl\u201c.<\/span><\/strong><\/h3>\n<p><span style=\"color: #000000;\">Vanille ist weiblich, sie wird mit dem Planeten Venus und dem Wasserelement in Verbindung gebracht.<\/span><\/p>\n<p><span style=\"color: #000000;\">Traditionell wird es wegen seiner Eigenschaften im Zusammenhang mit Liebe, sexuellem Verlangen und geistigen Kr\u00e4ften verwendet.<\/span><\/p>\n<p><span style=\"color: #000000;\">Das Aroma von Vanille hat starke beruhigende und beruhigende Eigenschaften. Dank seines Wirkstoffs Vanillins\u00e4ure erh\u00f6ht es die nat\u00fcrliche Aussch\u00fcttung von Serotonin und Dopamin. Sowohl beim Verzehr als auch beim Riechen seines Aromas hat es schmerzstillende Eigenschaften.<\/span><\/p>\n","protected":false},"excerpt":{"rendered":"<p><span style=\"color: #000000;\">Kakao in Zeremonienqualit\u00e4t mit traditionellen Maya-Gew\u00fcrzen, angebaut und geerntet von einheimischen <strong>Maya-St\u00e4mmen im S\u00fcden Belizes<\/strong>.<\/span><\/p>\n<p><span style=\"color: #000000;\">Traditionelle Gew\u00fcrze verfeinern und intensivieren die kraftvollen Eigenschaften des Kakaos und aktivieren das innere Feuer; Diese exquisite Mischung enth\u00e4lt <strong>Cayennepfeffer, Celian-Zimt und Vanille<\/strong>.<\/span><\/p>\n<p><span style=\"color: #000000;\">Die einheimischen Mayas betrachten Kakao als eine heilige Pflanze, die K\u00f6rper, Geist und Seele heilt und n\u00e4hrt.<\/span><\/p>\n<p><span style=\"color: #000000;\">Diese einheimischen Kakaobohnen werden wie vor Tausenden von Jahren auf nat\u00fcrliche Weise im Einklang mit Ananas-, Vanille- und Mapachob\u00e4umen angebaut.<\/span><\/p>\n<p><span style=\"color: #000000;\"><strong>Cayennepfeffer:<\/strong> Es ist ein Gew\u00fcrz, das traditionell von den Mayas verwendet wurde, um die medizinischen Eigenschaften von Kakao zu verst\u00e4rken. Erh\u00f6ht die Durchblutung und die W\u00e4rmemenge, die Ihr K\u00f6rper produziert, und entfacht das Feuer im Inneren.<\/span><\/p>\n<p><span style=\"color: #000000;\"><strong>Ceylon-Zimt:<\/strong> Es handelt sich um einen traditionellen Zimt, der die Durchblutung f\u00f6rdert, reich an Antioxidantien und Zimtaldehyd ist und \u00fcber starke antimykotische und antibakterielle Eigenschaften verf\u00fcgt.<\/span><\/p>\n<p><span style=\"color: #000000;\"><strong>Vanille:<\/strong> Die Mischung aus Kakao und Vanille geht eine hervorragende Symbiose ein. Sowohl die Azteken als auch die Mayas verwendeten Vanille zur Verfeinerung von Kakao und als aphrodisierendes Element.<\/span><\/p>\n<p><span style=\"color: #000000;\"><strong>Typ:<\/strong> Kakao in Zeremonienqualit\u00e4t.<\/span><\/p>\n<p><span style=\"color: #000000;\"><strong>Zutaten:<\/strong> Kakao in Zeremonienqualit\u00e4t, Cayennepfeffer, Ceylon-Zimt und Vanille.<\/span><\/p>\n<p><span style=\"color: #000000;\"><strong>Herkunft:<\/strong> Maya-St\u00e4mme im S\u00fcden Belizes.<\/span><\/p>\n<p><span style=\"color: #000000;\"><strong>Pr\u00e4sentation:<\/strong> Kakaoblock.<\/span><\/p>\n<p><span style=\"color: #000000;\"><strong>Gr\u00f6\u00dfe:<\/strong> 500 Gramm.<\/span><\/p>\n","protected":false},"featured_media":14385,"template":"","meta":{"_joinchat":[]},"product_brand":[],"product_cat":[403,516],"product_tag":[],"class_list":{"0":"post-14546","1":"product","2":"type-product","3":"status-publish","4":"has-post-thumbnail","6":"product_cat-kakao","7":"product_cat-zeremoniell","9":"first","10":"instock","11":"taxable","12":"shipping-taxable","13":"purchasable","14":"product-type-simple"},"yoast_head":"<!-- This site is optimized with the Yoast SEO plugin v27.1.1 - https:\/\/yoast.com\/product\/yoast-seo-wordpress\/ -->\n<title>Inneres Feuer des zeremoniellen Kakaos der Maya: Zimt, Pfeffer und Vanille<\/title>\n<meta name=\"description\" content=\"Kakao in Zeremonienqualit\u00e4t mit traditionellen Maya-Gew\u00fcrzen, angebaut und geerntet von einheimischen Maya-St\u00e4mmen im S\u00fcden Belizes.\" \/>\n<meta name=\"robots\" content=\"index, follow, max-snippet:-1, max-image-preview:large, max-video-preview:-1\" \/>\n<link rel=\"canonical\" href=\"https:\/\/www.sinchisinchi.com\/de\/producto\/zeremonieller-kakao-inneres-feuer\/\" \/>\n<meta property=\"og:locale\" content=\"de_DE\" \/>\n<meta property=\"og:type\" content=\"article\" \/>\n<meta property=\"og:title\" content=\"Inneres Feuer des zeremoniellen Kakaos der Maya: Zimt, Pfeffer und Vanille\" \/>\n<meta property=\"og:description\" content=\"Kakao in Zeremonienqualit\u00e4t mit traditionellen Maya-Gew\u00fcrzen, angebaut und geerntet von einheimischen Maya-St\u00e4mmen im S\u00fcden Belizes.\" \/>\n<meta property=\"og:url\" content=\"https:\/\/www.sinchisinchi.com\/de\/producto\/zeremonieller-kakao-inneres-feuer\/\" \/>\n<meta property=\"og:site_name\" content=\"SINCHI RAP\u00c9\" \/>\n<meta property=\"article:publisher\" content=\"https:\/\/www.facebook.com\/sinchirape\/\" \/>\n<meta property=\"article:modified_time\" content=\"2024-07-04T11:40:48+00:00\" \/>\n<meta property=\"og:image\" content=\"https:\/\/www.sinchisinchi.com\/wp-content\/uploads\/2024\/05\/Cacao-ceremonial-taza1.jpeg\" \/>\n\t<meta property=\"og:image:width\" content=\"1024\" \/>\n\t<meta property=\"og:image:height\" content=\"683\" \/>\n\t<meta property=\"og:image:type\" content=\"image\/jpeg\" \/>\n<meta name=\"twitter:card\" content=\"summary_large_image\" \/>\n<meta name=\"twitter:label1\" content=\"Gesch\u00e4tzte Lesezeit\" \/>\n\t<meta name=\"twitter:data1\" content=\"4\u00a0Minuten\" \/>\n<script type=\"application\/ld+json\" class=\"yoast-schema-graph\">{\"@context\":\"https:\/\/schema.org\",\"@graph\":[{\"@type\":\"WebPage\",\"@id\":\"https:\/\/www.sinchisinchi.com\/de\/producto\/zeremonieller-kakao-inneres-feuer\/\",\"url\":\"https:\/\/www.sinchisinchi.com\/de\/producto\/zeremonieller-kakao-inneres-feuer\/\",\"name\":\"Inneres Feuer des zeremoniellen Kakaos der Maya: Zimt, Pfeffer und Vanille\",\"isPartOf\":{\"@id\":\"https:\/\/www.sinchisinchi.com\/de\/#website\"},\"primaryImageOfPage\":{\"@id\":\"https:\/\/www.sinchisinchi.com\/de\/producto\/zeremonieller-kakao-inneres-feuer\/#primaryimage\"},\"image\":{\"@id\":\"https:\/\/www.sinchisinchi.com\/de\/producto\/zeremonieller-kakao-inneres-feuer\/#primaryimage\"},\"thumbnailUrl\":\"https:\/\/www.sinchisinchi.com\/wp-content\/uploads\/2024\/05\/Cacao-ceremonial-taza1.jpeg\",\"datePublished\":\"2024-05-27T12:14:26+00:00\",\"dateModified\":\"2024-07-04T11:40:48+00:00\",\"description\":\"Kakao in Zeremonienqualit\u00e4t mit traditionellen Maya-Gew\u00fcrzen, angebaut und geerntet von einheimischen Maya-St\u00e4mmen im S\u00fcden Belizes.\",\"breadcrumb\":{\"@id\":\"https:\/\/www.sinchisinchi.com\/de\/producto\/zeremonieller-kakao-inneres-feuer\/#breadcrumb\"},\"inLanguage\":\"de\",\"potentialAction\":[{\"@type\":\"ReadAction\",\"target\":[\"https:\/\/www.sinchisinchi.com\/de\/producto\/zeremonieller-kakao-inneres-feuer\/\"]}]},{\"@type\":\"ImageObject\",\"inLanguage\":\"de\",\"@id\":\"https:\/\/www.sinchisinchi.com\/de\/producto\/zeremonieller-kakao-inneres-feuer\/#primaryimage\",\"url\":\"https:\/\/www.sinchisinchi.com\/wp-content\/uploads\/2024\/05\/Cacao-ceremonial-taza1.jpeg\",\"contentUrl\":\"https:\/\/www.sinchisinchi.com\/wp-content\/uploads\/2024\/05\/Cacao-ceremonial-taza1.jpeg\",\"width\":1024,\"height\":683,\"caption\":\"Foto von zeremoniellem Kakao\"},{\"@type\":\"BreadcrumbList\",\"@id\":\"https:\/\/www.sinchisinchi.com\/de\/producto\/zeremonieller-kakao-inneres-feuer\/#breadcrumb\",\"itemListElement\":[{\"@type\":\"ListItem\",\"position\":1,\"name\":\"Titelseite\",\"item\":\"https:\/\/www.sinchisinchi.com\/de\/\"},{\"@type\":\"ListItem\",\"position\":2,\"name\":\"Produkte\",\"item\":\"https:\/\/www.sinchisinchi.com\/de\/shop\/\"},{\"@type\":\"ListItem\",\"position\":3,\"name\":\"Zeremonieller Kakao &#8220;Inneres Feuer&#8221;\"}]},{\"@type\":\"WebSite\",\"@id\":\"https:\/\/www.sinchisinchi.com\/de\/#website\",\"url\":\"https:\/\/www.sinchisinchi.com\/de\/\",\"name\":\"SINCHI\",\"description\":\"Sinchi Medicine\",\"publisher\":{\"@id\":\"https:\/\/www.sinchisinchi.com\/de\/#organization\"},\"potentialAction\":[{\"@type\":\"SearchAction\",\"target\":{\"@type\":\"EntryPoint\",\"urlTemplate\":\"https:\/\/www.sinchisinchi.com\/de\/?s={search_term_string}\"},\"query-input\":{\"@type\":\"PropertyValueSpecification\",\"valueRequired\":true,\"valueName\":\"search_term_string\"}}],\"inLanguage\":\"de\"},{\"@type\":\"Organization\",\"@id\":\"https:\/\/www.sinchisinchi.com\/de\/#organization\",\"name\":\"SINCHI S.L\",\"url\":\"https:\/\/www.sinchisinchi.com\/de\/\",\"logo\":{\"@type\":\"ImageObject\",\"inLanguage\":\"de\",\"@id\":\"https:\/\/www.sinchisinchi.com\/de\/#\/schema\/logo\/image\/\",\"url\":\"https:\/\/www.sinchisinchi.com\/wp-content\/uploads\/2026\/01\/3b-Verde-SIMPLIFICADO-HORIZONTAL-F-TRANSPARENTE-scaled.png\",\"contentUrl\":\"https:\/\/www.sinchisinchi.com\/wp-content\/uploads\/2026\/01\/3b-Verde-SIMPLIFICADO-HORIZONTAL-F-TRANSPARENTE-scaled.png\",\"width\":2560,\"height\":457,\"caption\":\"SINCHI S.L\"},\"image\":{\"@id\":\"https:\/\/www.sinchisinchi.com\/de\/#\/schema\/logo\/image\/\"},\"sameAs\":[\"https:\/\/www.facebook.com\/sinchirape\/\",\"https:\/\/www.instagram.com\/sinchi_rape\/\"]}]}<\/script>\n<!-- \/ Yoast SEO plugin. -->","yoast_head_json":{"title":"Inneres Feuer des zeremoniellen Kakaos der Maya: Zimt, Pfeffer und Vanille","description":"Kakao in Zeremonienqualit\u00e4t mit traditionellen Maya-Gew\u00fcrzen, angebaut und geerntet von einheimischen Maya-St\u00e4mmen im S\u00fcden Belizes.","robots":{"index":"index","follow":"follow","max-snippet":"max-snippet:-1","max-image-preview":"max-image-preview:large","max-video-preview":"max-video-preview:-1"},"canonical":"https:\/\/www.sinchisinchi.com\/de\/producto\/zeremonieller-kakao-inneres-feuer\/","og_locale":"de_DE","og_type":"article","og_title":"Inneres Feuer des zeremoniellen Kakaos der Maya: Zimt, Pfeffer und Vanille","og_description":"Kakao in Zeremonienqualit\u00e4t mit traditionellen Maya-Gew\u00fcrzen, angebaut und geerntet von einheimischen Maya-St\u00e4mmen im S\u00fcden Belizes.","og_url":"https:\/\/www.sinchisinchi.com\/de\/producto\/zeremonieller-kakao-inneres-feuer\/","og_site_name":"SINCHI RAP\u00c9","article_publisher":"https:\/\/www.facebook.com\/sinchirape\/","article_modified_time":"2024-07-04T11:40:48+00:00","og_image":[{"width":1024,"height":683,"url":"https:\/\/www.sinchisinchi.com\/wp-content\/uploads\/2024\/05\/Cacao-ceremonial-taza1.jpeg","type":"image\/jpeg"}],"twitter_card":"summary_large_image","twitter_misc":{"Gesch\u00e4tzte Lesezeit":"4\u00a0Minuten"},"schema":{"@context":"https:\/\/schema.org","@graph":[{"@type":"WebPage","@id":"https:\/\/www.sinchisinchi.com\/de\/producto\/zeremonieller-kakao-inneres-feuer\/","url":"https:\/\/www.sinchisinchi.com\/de\/producto\/zeremonieller-kakao-inneres-feuer\/","name":"Inneres Feuer des zeremoniellen Kakaos der Maya: Zimt, Pfeffer und Vanille","isPartOf":{"@id":"https:\/\/www.sinchisinchi.com\/de\/#website"},"primaryImageOfPage":{"@id":"https:\/\/www.sinchisinchi.com\/de\/producto\/zeremonieller-kakao-inneres-feuer\/#primaryimage"},"image":{"@id":"https:\/\/www.sinchisinchi.com\/de\/producto\/zeremonieller-kakao-inneres-feuer\/#primaryimage"},"thumbnailUrl":"https:\/\/www.sinchisinchi.com\/wp-content\/uploads\/2024\/05\/Cacao-ceremonial-taza1.jpeg","datePublished":"2024-05-27T12:14:26+00:00","dateModified":"2024-07-04T11:40:48+00:00","description":"Kakao in Zeremonienqualit\u00e4t mit traditionellen Maya-Gew\u00fcrzen, angebaut und geerntet von einheimischen Maya-St\u00e4mmen im S\u00fcden Belizes.","breadcrumb":{"@id":"https:\/\/www.sinchisinchi.com\/de\/producto\/zeremonieller-kakao-inneres-feuer\/#breadcrumb"},"inLanguage":"de","potentialAction":[{"@type":"ReadAction","target":["https:\/\/www.sinchisinchi.com\/de\/producto\/zeremonieller-kakao-inneres-feuer\/"]}]},{"@type":"ImageObject","inLanguage":"de","@id":"https:\/\/www.sinchisinchi.com\/de\/producto\/zeremonieller-kakao-inneres-feuer\/#primaryimage","url":"https:\/\/www.sinchisinchi.com\/wp-content\/uploads\/2024\/05\/Cacao-ceremonial-taza1.jpeg","contentUrl":"https:\/\/www.sinchisinchi.com\/wp-content\/uploads\/2024\/05\/Cacao-ceremonial-taza1.jpeg","width":1024,"height":683,"caption":"Foto von zeremoniellem Kakao"},{"@type":"BreadcrumbList","@id":"https:\/\/www.sinchisinchi.com\/de\/producto\/zeremonieller-kakao-inneres-feuer\/#breadcrumb","itemListElement":[{"@type":"ListItem","position":1,"name":"Titelseite","item":"https:\/\/www.sinchisinchi.com\/de\/"},{"@type":"ListItem","position":2,"name":"Produkte","item":"https:\/\/www.sinchisinchi.com\/de\/shop\/"},{"@type":"ListItem","position":3,"name":"Zeremonieller Kakao &#8220;Inneres Feuer&#8221;"}]},{"@type":"WebSite","@id":"https:\/\/www.sinchisinchi.com\/de\/#website","url":"https:\/\/www.sinchisinchi.com\/de\/","name":"SINCHI","description":"Sinchi Medicine","publisher":{"@id":"https:\/\/www.sinchisinchi.com\/de\/#organization"},"potentialAction":[{"@type":"SearchAction","target":{"@type":"EntryPoint","urlTemplate":"https:\/\/www.sinchisinchi.com\/de\/?s={search_term_string}"},"query-input":{"@type":"PropertyValueSpecification","valueRequired":true,"valueName":"search_term_string"}}],"inLanguage":"de"},{"@type":"Organization","@id":"https:\/\/www.sinchisinchi.com\/de\/#organization","name":"SINCHI S.L","url":"https:\/\/www.sinchisinchi.com\/de\/","logo":{"@type":"ImageObject","inLanguage":"de","@id":"https:\/\/www.sinchisinchi.com\/de\/#\/schema\/logo\/image\/","url":"https:\/\/www.sinchisinchi.com\/wp-content\/uploads\/2026\/01\/3b-Verde-SIMPLIFICADO-HORIZONTAL-F-TRANSPARENTE-scaled.png","contentUrl":"https:\/\/www.sinchisinchi.com\/wp-content\/uploads\/2026\/01\/3b-Verde-SIMPLIFICADO-HORIZONTAL-F-TRANSPARENTE-scaled.png","width":2560,"height":457,"caption":"SINCHI S.L"},"image":{"@id":"https:\/\/www.sinchisinchi.com\/de\/#\/schema\/logo\/image\/"},"sameAs":["https:\/\/www.facebook.com\/sinchirape\/","https:\/\/www.instagram.com\/sinchi_rape\/"]}]}},"_links":{"self":[{"href":"https:\/\/www.sinchisinchi.com\/de\/wp-json\/wp\/v2\/product\/14546","targetHints":{"allow":["GET"]}}],"collection":[{"href":"https:\/\/www.sinchisinchi.com\/de\/wp-json\/wp\/v2\/product"}],"about":[{"href":"https:\/\/www.sinchisinchi.com\/de\/wp-json\/wp\/v2\/types\/product"}],"wp:featuredmedia":[{"embeddable":true,"href":"https:\/\/www.sinchisinchi.com\/de\/wp-json\/wp\/v2\/media\/14385"}],"wp:attachment":[{"href":"https:\/\/www.sinchisinchi.com\/de\/wp-json\/wp\/v2\/media?parent=14546"}],"wp:term":[{"taxonomy":"product_brand","embeddable":true,"href":"https:\/\/www.sinchisinchi.com\/de\/wp-json\/wp\/v2\/product_brand?post=14546"},{"taxonomy":"product_cat","embeddable":true,"href":"https:\/\/www.sinchisinchi.com\/de\/wp-json\/wp\/v2\/product_cat?post=14546"},{"taxonomy":"product_tag","embeddable":true,"href":"https:\/\/www.sinchisinchi.com\/de\/wp-json\/wp\/v2\/product_tag?post=14546"}],"curies":[{"name":"wp","href":"https:\/\/api.w.org\/{rel}","templated":true}]}}