{"id":14550,"date":"2024-05-27T12:25:28","date_gmt":"2024-05-27T12:25:28","guid":{"rendered":"https:\/\/www.sinchisinchi.com\/producto\/zeremonieller-kakao-passionsrezept\/"},"modified":"2024-07-04T11:39:43","modified_gmt":"2024-07-04T11:39:43","slug":"zeremonieller-kakao-passionsrezept","status":"publish","type":"product","link":"https:\/\/www.sinchisinchi.com\/de\/producto\/zeremonieller-kakao-passionsrezept\/","title":{"rendered":"Zeremonieller Kakao \u201ePassionsrezept\u201c"},"content":{"rendered":"<h2 style=\"text-align: center;\"><strong><span style=\"color: #000000;\">Rosen, spirituelle Eigenschaften:<\/span><\/strong><\/h2>\n<p><span style=\"color: #000000;\">Der Anbau von Rosen begann vor etwa 5.000 Jahren in Asien und seitdem sind sie ein Symbol f\u00fcr Liebe, Romantik, Reinheit, Hingabe, Sch\u00f6nheit und Spiritualit\u00e4t.<\/span><\/p>\n<p><span style=\"color: #000000;\">Im Mythos von Adonis (ph\u00f6nizische Gottheit, aus Tyrus) l\u00e4sst das Blut, das bei der Verwundung durch ein Wildschwein vergossen wird, rote Rosen sprie\u00dfen oder sie rot f\u00e4rben.<\/span><\/p>\n<p><span style=\"color: #000000;\">Die Rose ist weiblich, sie steht im Zusammenhang mit dem Planeten Venus und dem Wasserelement.<\/span><\/p>\n<p><span style=\"color: #000000;\">Die mit der Rose verbundenen G\u00f6tter sind Hathor, Hulda, Eros, Amor, Demeter, Isis, Harpokrates und Aurora.<\/span><\/p>\n<p><span style=\"color: #000000;\">Traditionell wird es wegen seiner Eigenschaften im Zusammenhang mit Liebe, \u00fcbersinnlichen Kr\u00e4ften, Heilung, Liebeswahrsagerei, Gl\u00fcck und Schutz verwendet.<\/span><\/p>\n","protected":false},"excerpt":{"rendered":"<p><span style=\"color: #000000;\">Kakao in Zeremonienqualit\u00e4t aus alten Maya-L\u00e4ndern, mit Mucuma Puriens, Rosen und Vanille.<\/span><\/p>\n<p><span style=\"color: #000000;\"><strong>Mucuna Pruriens<\/strong> ist ein Kraut, das von indigenen St\u00e4mmen seit Tausenden von Jahren zur Verbesserung der Stimmung und als Superfood verwendet wird. Dopamin ist ein Neurotransmitter, der mit Freude- und Gl\u00fccksgef\u00fchlen verbunden ist; Mucuna Pruriens ist eine der wenigen nat\u00fcrlichen Quellen f\u00fcr <strong>L-Dopa<\/strong>, eine nat\u00fcrliche Aminos\u00e4ure, die im Gehirn in Dopamin umgewandelt wird. Diese Bohne verbessert die kognitiven F\u00e4higkeiten, die sexuelle Funktion und den emotionalen Zustand.<\/span><\/p>\n<p><span style=\"color: #000000;\">Die Rose ist eine Blume voller Symbolik und spiritueller Eigenschaften: Der griechischen Mythologie zufolge war ihre Geburt das Ergebnis eines Blutstropfens der Venus und eines weiteren Blutstropfens von Adonis. Aufgrund seiner gro\u00dfen Sch\u00f6nheit und der Zerbrechlichkeit seiner Bl\u00fctenbl\u00e4tter ist es ein Symbol f\u00fcr Liebe, Leben, Weiblichkeit, Sch\u00f6pfung und spirituelle Verbindung.<\/span><\/p>\n<p>&nbsp;<\/p>\n<p><span style=\"color: #000000;\"><strong>Typ:<\/strong> Kakao in Zeremonienqualit\u00e4t.<\/span><\/p>\n<p><span style=\"color: #000000;\"><strong>Zutaten:<\/strong> Kakao in Zeremonienqualit\u00e4t, Pruriens, Vanille und Rosen. Herkunft: Alte Maya-L\u00e4nder.<\/span><\/p>\n<p><span style=\"color: #000000;\"><strong>Pr\u00e4sentation:<\/strong> Kakaoblock.<\/span><\/p>\n<p><span style=\"color: #000000;\"><strong>Gr\u00f6\u00dfe:<\/strong> 500 Gramm.<\/span><\/p>\n<p><span style=\"color: #000000;\"><strong>Lagerung:<\/strong> An einem k\u00fchlen, trockenen Ort ohne direkte Sonneneinstrahlung lagern.<\/span><\/p>\n","protected":false},"featured_media":14398,"template":"","meta":{"_joinchat":[]},"product_brand":[],"product_cat":[403,516],"product_tag":[],"class_list":{"0":"post-14550","1":"product","2":"type-product","3":"status-publish","4":"has-post-thumbnail","6":"product_cat-kakao","7":"product_cat-zeremoniell","9":"first","10":"instock","11":"taxable","12":"shipping-taxable","13":"purchasable","14":"product-type-simple"},"yoast_head":"<!-- This site is optimized with the Yoast SEO plugin v27.4 - https:\/\/yoast.com\/product\/yoast-seo-wordpress\/ -->\n<title>Mayan Passion Kakao: Mucuma, Rosen und Vanille<\/title>\n<meta name=\"description\" content=\"Zeremonieller Maya-Kakao: Kakao hatte in den Zivilisationen der Tolteken, Azteken und Mayas eine gro\u00dfe Bedeutung, wo er so wertvoll wie Gold wurde.\" \/>\n<meta name=\"robots\" content=\"index, follow, max-snippet:-1, max-image-preview:large, max-video-preview:-1\" \/>\n<link rel=\"canonical\" href=\"https:\/\/www.sinchisinchi.com\/de\/producto\/zeremonieller-kakao-passionsrezept\/\" \/>\n<meta property=\"og:locale\" content=\"de_DE\" \/>\n<meta property=\"og:type\" content=\"article\" \/>\n<meta property=\"og:title\" content=\"Mayan Passion Kakao: Mucuma, Rosen und Vanille\" \/>\n<meta property=\"og:description\" content=\"Zeremonieller Maya-Kakao: Kakao hatte in den Zivilisationen der Tolteken, Azteken und Mayas eine gro\u00dfe Bedeutung, wo er so wertvoll wie Gold wurde.\" \/>\n<meta property=\"og:url\" content=\"https:\/\/www.sinchisinchi.com\/de\/producto\/zeremonieller-kakao-passionsrezept\/\" \/>\n<meta property=\"og:site_name\" content=\"SINCHI RAP\u00c9\" \/>\n<meta property=\"article:publisher\" content=\"https:\/\/www.facebook.com\/sinchirape\/\" \/>\n<meta property=\"article:modified_time\" content=\"2024-07-04T11:39:43+00:00\" \/>\n<meta property=\"og:image\" content=\"https:\/\/www.sinchisinchi.com\/wp-content\/uploads\/2024\/05\/2-Cacao-Ceremonial1-1.webp\" \/>\n\t<meta property=\"og:image:width\" content=\"2048\" \/>\n\t<meta property=\"og:image:height\" content=\"1365\" \/>\n\t<meta property=\"og:image:type\" content=\"image\/webp\" \/>\n<meta name=\"twitter:card\" content=\"summary_large_image\" \/>\n<meta name=\"twitter:label1\" content=\"Gesch\u00e4tzte Lesezeit\" \/>\n\t<meta name=\"twitter:data1\" content=\"1\u00a0Minute\" \/>\n<script type=\"application\/ld+json\" class=\"yoast-schema-graph\">{\"@context\":\"https:\\\/\\\/schema.org\",\"@graph\":[{\"@type\":\"WebPage\",\"@id\":\"https:\\\/\\\/www.sinchisinchi.com\\\/de\\\/producto\\\/zeremonieller-kakao-passionsrezept\\\/\",\"url\":\"https:\\\/\\\/www.sinchisinchi.com\\\/de\\\/producto\\\/zeremonieller-kakao-passionsrezept\\\/\",\"name\":\"Mayan Passion Kakao: Mucuma, Rosen und Vanille\",\"isPartOf\":{\"@id\":\"https:\\\/\\\/www.sinchisinchi.com\\\/de\\\/#website\"},\"primaryImageOfPage\":{\"@id\":\"https:\\\/\\\/www.sinchisinchi.com\\\/de\\\/producto\\\/zeremonieller-kakao-passionsrezept\\\/#primaryimage\"},\"image\":{\"@id\":\"https:\\\/\\\/www.sinchisinchi.com\\\/de\\\/producto\\\/zeremonieller-kakao-passionsrezept\\\/#primaryimage\"},\"thumbnailUrl\":\"https:\\\/\\\/www.sinchisinchi.com\\\/wp-content\\\/uploads\\\/2024\\\/05\\\/2-Cacao-Ceremonial1-1.webp\",\"datePublished\":\"2024-05-27T12:25:28+00:00\",\"dateModified\":\"2024-07-04T11:39:43+00:00\",\"description\":\"Zeremonieller Maya-Kakao: Kakao hatte in den Zivilisationen der Tolteken, Azteken und Mayas eine gro\u00dfe Bedeutung, wo er so wertvoll wie Gold wurde.\",\"breadcrumb\":{\"@id\":\"https:\\\/\\\/www.sinchisinchi.com\\\/de\\\/producto\\\/zeremonieller-kakao-passionsrezept\\\/#breadcrumb\"},\"inLanguage\":\"de\",\"potentialAction\":[{\"@type\":\"ReadAction\",\"target\":[\"https:\\\/\\\/www.sinchisinchi.com\\\/de\\\/producto\\\/zeremonieller-kakao-passionsrezept\\\/\"]}]},{\"@type\":\"ImageObject\",\"inLanguage\":\"de\",\"@id\":\"https:\\\/\\\/www.sinchisinchi.com\\\/de\\\/producto\\\/zeremonieller-kakao-passionsrezept\\\/#primaryimage\",\"url\":\"https:\\\/\\\/www.sinchisinchi.com\\\/wp-content\\\/uploads\\\/2024\\\/05\\\/2-Cacao-Ceremonial1-1.webp\",\"contentUrl\":\"https:\\\/\\\/www.sinchisinchi.com\\\/wp-content\\\/uploads\\\/2024\\\/05\\\/2-Cacao-Ceremonial1-1.webp\",\"width\":2048,\"height\":1365,\"caption\":\"Bild von zeremoniellem Kakao\"},{\"@type\":\"BreadcrumbList\",\"@id\":\"https:\\\/\\\/www.sinchisinchi.com\\\/de\\\/producto\\\/zeremonieller-kakao-passionsrezept\\\/#breadcrumb\",\"itemListElement\":[{\"@type\":\"ListItem\",\"position\":1,\"name\":\"Titelseite\",\"item\":\"https:\\\/\\\/www.sinchisinchi.com\\\/de\\\/\"},{\"@type\":\"ListItem\",\"position\":2,\"name\":\"Produkte\",\"item\":\"https:\\\/\\\/www.sinchisinchi.com\\\/de\\\/shop\\\/\"},{\"@type\":\"ListItem\",\"position\":3,\"name\":\"Zeremonieller Kakao \u201ePassionsrezept\u201c\"}]},{\"@type\":\"WebSite\",\"@id\":\"https:\\\/\\\/www.sinchisinchi.com\\\/de\\\/#website\",\"url\":\"https:\\\/\\\/www.sinchisinchi.com\\\/de\\\/\",\"name\":\"SINCHI\",\"description\":\"Sinchi Medicine\",\"publisher\":{\"@id\":\"https:\\\/\\\/www.sinchisinchi.com\\\/de\\\/#organization\"},\"potentialAction\":[{\"@type\":\"SearchAction\",\"target\":{\"@type\":\"EntryPoint\",\"urlTemplate\":\"https:\\\/\\\/www.sinchisinchi.com\\\/de\\\/?s={search_term_string}\"},\"query-input\":{\"@type\":\"PropertyValueSpecification\",\"valueRequired\":true,\"valueName\":\"search_term_string\"}}],\"inLanguage\":\"de\"},{\"@type\":\"Organization\",\"@id\":\"https:\\\/\\\/www.sinchisinchi.com\\\/de\\\/#organization\",\"name\":\"SINCHI S.L\",\"url\":\"https:\\\/\\\/www.sinchisinchi.com\\\/de\\\/\",\"logo\":{\"@type\":\"ImageObject\",\"inLanguage\":\"de\",\"@id\":\"https:\\\/\\\/www.sinchisinchi.com\\\/de\\\/#\\\/schema\\\/logo\\\/image\\\/\",\"url\":\"https:\\\/\\\/www.sinchisinchi.com\\\/wp-content\\\/uploads\\\/2026\\\/01\\\/3b-Verde-SIMPLIFICADO-HORIZONTAL-F-TRANSPARENTE-scaled.png\",\"contentUrl\":\"https:\\\/\\\/www.sinchisinchi.com\\\/wp-content\\\/uploads\\\/2026\\\/01\\\/3b-Verde-SIMPLIFICADO-HORIZONTAL-F-TRANSPARENTE-scaled.png\",\"width\":2560,\"height\":457,\"caption\":\"SINCHI S.L\"},\"image\":{\"@id\":\"https:\\\/\\\/www.sinchisinchi.com\\\/de\\\/#\\\/schema\\\/logo\\\/image\\\/\"},\"sameAs\":[\"https:\\\/\\\/www.facebook.com\\\/sinchirape\\\/\",\"https:\\\/\\\/www.instagram.com\\\/sinchi_rape\\\/\"]}]}<\/script>\n<!-- \/ Yoast SEO plugin. -->","yoast_head_json":{"title":"Mayan Passion Kakao: Mucuma, Rosen und Vanille","description":"Zeremonieller Maya-Kakao: Kakao hatte in den Zivilisationen der Tolteken, Azteken und Mayas eine gro\u00dfe Bedeutung, wo er so wertvoll wie Gold wurde.","robots":{"index":"index","follow":"follow","max-snippet":"max-snippet:-1","max-image-preview":"max-image-preview:large","max-video-preview":"max-video-preview:-1"},"canonical":"https:\/\/www.sinchisinchi.com\/de\/producto\/zeremonieller-kakao-passionsrezept\/","og_locale":"de_DE","og_type":"article","og_title":"Mayan Passion Kakao: Mucuma, Rosen und Vanille","og_description":"Zeremonieller Maya-Kakao: Kakao hatte in den Zivilisationen der Tolteken, Azteken und Mayas eine gro\u00dfe Bedeutung, wo er so wertvoll wie Gold wurde.","og_url":"https:\/\/www.sinchisinchi.com\/de\/producto\/zeremonieller-kakao-passionsrezept\/","og_site_name":"SINCHI RAP\u00c9","article_publisher":"https:\/\/www.facebook.com\/sinchirape\/","article_modified_time":"2024-07-04T11:39:43+00:00","og_image":[{"width":2048,"height":1365,"url":"https:\/\/www.sinchisinchi.com\/wp-content\/uploads\/2024\/05\/2-Cacao-Ceremonial1-1.webp","type":"image\/webp"}],"twitter_card":"summary_large_image","twitter_misc":{"Gesch\u00e4tzte Lesezeit":"1\u00a0Minute"},"schema":{"@context":"https:\/\/schema.org","@graph":[{"@type":"WebPage","@id":"https:\/\/www.sinchisinchi.com\/de\/producto\/zeremonieller-kakao-passionsrezept\/","url":"https:\/\/www.sinchisinchi.com\/de\/producto\/zeremonieller-kakao-passionsrezept\/","name":"Mayan Passion Kakao: Mucuma, Rosen und Vanille","isPartOf":{"@id":"https:\/\/www.sinchisinchi.com\/de\/#website"},"primaryImageOfPage":{"@id":"https:\/\/www.sinchisinchi.com\/de\/producto\/zeremonieller-kakao-passionsrezept\/#primaryimage"},"image":{"@id":"https:\/\/www.sinchisinchi.com\/de\/producto\/zeremonieller-kakao-passionsrezept\/#primaryimage"},"thumbnailUrl":"https:\/\/www.sinchisinchi.com\/wp-content\/uploads\/2024\/05\/2-Cacao-Ceremonial1-1.webp","datePublished":"2024-05-27T12:25:28+00:00","dateModified":"2024-07-04T11:39:43+00:00","description":"Zeremonieller Maya-Kakao: Kakao hatte in den Zivilisationen der Tolteken, Azteken und Mayas eine gro\u00dfe Bedeutung, wo er so wertvoll wie Gold wurde.","breadcrumb":{"@id":"https:\/\/www.sinchisinchi.com\/de\/producto\/zeremonieller-kakao-passionsrezept\/#breadcrumb"},"inLanguage":"de","potentialAction":[{"@type":"ReadAction","target":["https:\/\/www.sinchisinchi.com\/de\/producto\/zeremonieller-kakao-passionsrezept\/"]}]},{"@type":"ImageObject","inLanguage":"de","@id":"https:\/\/www.sinchisinchi.com\/de\/producto\/zeremonieller-kakao-passionsrezept\/#primaryimage","url":"https:\/\/www.sinchisinchi.com\/wp-content\/uploads\/2024\/05\/2-Cacao-Ceremonial1-1.webp","contentUrl":"https:\/\/www.sinchisinchi.com\/wp-content\/uploads\/2024\/05\/2-Cacao-Ceremonial1-1.webp","width":2048,"height":1365,"caption":"Bild von zeremoniellem Kakao"},{"@type":"BreadcrumbList","@id":"https:\/\/www.sinchisinchi.com\/de\/producto\/zeremonieller-kakao-passionsrezept\/#breadcrumb","itemListElement":[{"@type":"ListItem","position":1,"name":"Titelseite","item":"https:\/\/www.sinchisinchi.com\/de\/"},{"@type":"ListItem","position":2,"name":"Produkte","item":"https:\/\/www.sinchisinchi.com\/de\/shop\/"},{"@type":"ListItem","position":3,"name":"Zeremonieller Kakao \u201ePassionsrezept\u201c"}]},{"@type":"WebSite","@id":"https:\/\/www.sinchisinchi.com\/de\/#website","url":"https:\/\/www.sinchisinchi.com\/de\/","name":"SINCHI","description":"Sinchi Medicine","publisher":{"@id":"https:\/\/www.sinchisinchi.com\/de\/#organization"},"potentialAction":[{"@type":"SearchAction","target":{"@type":"EntryPoint","urlTemplate":"https:\/\/www.sinchisinchi.com\/de\/?s={search_term_string}"},"query-input":{"@type":"PropertyValueSpecification","valueRequired":true,"valueName":"search_term_string"}}],"inLanguage":"de"},{"@type":"Organization","@id":"https:\/\/www.sinchisinchi.com\/de\/#organization","name":"SINCHI S.L","url":"https:\/\/www.sinchisinchi.com\/de\/","logo":{"@type":"ImageObject","inLanguage":"de","@id":"https:\/\/www.sinchisinchi.com\/de\/#\/schema\/logo\/image\/","url":"https:\/\/www.sinchisinchi.com\/wp-content\/uploads\/2026\/01\/3b-Verde-SIMPLIFICADO-HORIZONTAL-F-TRANSPARENTE-scaled.png","contentUrl":"https:\/\/www.sinchisinchi.com\/wp-content\/uploads\/2026\/01\/3b-Verde-SIMPLIFICADO-HORIZONTAL-F-TRANSPARENTE-scaled.png","width":2560,"height":457,"caption":"SINCHI S.L"},"image":{"@id":"https:\/\/www.sinchisinchi.com\/de\/#\/schema\/logo\/image\/"},"sameAs":["https:\/\/www.facebook.com\/sinchirape\/","https:\/\/www.instagram.com\/sinchi_rape\/"]}]}},"_links":{"self":[{"href":"https:\/\/www.sinchisinchi.com\/de\/wp-json\/wp\/v2\/product\/14550","targetHints":{"allow":["GET"]}}],"collection":[{"href":"https:\/\/www.sinchisinchi.com\/de\/wp-json\/wp\/v2\/product"}],"about":[{"href":"https:\/\/www.sinchisinchi.com\/de\/wp-json\/wp\/v2\/types\/product"}],"wp:featuredmedia":[{"embeddable":true,"href":"https:\/\/www.sinchisinchi.com\/de\/wp-json\/wp\/v2\/media\/14398"}],"wp:attachment":[{"href":"https:\/\/www.sinchisinchi.com\/de\/wp-json\/wp\/v2\/media?parent=14550"}],"wp:term":[{"taxonomy":"product_brand","embeddable":true,"href":"https:\/\/www.sinchisinchi.com\/de\/wp-json\/wp\/v2\/product_brand?post=14550"},{"taxonomy":"product_cat","embeddable":true,"href":"https:\/\/www.sinchisinchi.com\/de\/wp-json\/wp\/v2\/product_cat?post=14550"},{"taxonomy":"product_tag","embeddable":true,"href":"https:\/\/www.sinchisinchi.com\/de\/wp-json\/wp\/v2\/product_tag?post=14550"}],"curies":[{"name":"wp","href":"https:\/\/api.w.org\/{rel}","templated":true}]}}