{"id":14554,"date":"2024-05-27T12:32:29","date_gmt":"2024-05-27T12:32:29","guid":{"rendered":"https:\/\/www.sinchisinchi.com\/producto\/zeremonieller-kakao-rezept-der-macht\/"},"modified":"2024-07-05T07:37:26","modified_gmt":"2024-07-05T07:37:26","slug":"zeremonieller-kakao-rezept-der-macht","status":"publish","type":"product","link":"https:\/\/www.sinchisinchi.com\/de\/producto\/zeremonieller-kakao-rezept-der-macht\/","title":{"rendered":"Zeremonieller Kakao &#8222;Rezept der Macht&#8220;"},"content":{"rendered":"","protected":false},"excerpt":{"rendered":"<p><span style=\"color: #000000;\">Kakao in Zeremonienqualit\u00e4t aus alten Maya-L\u00e4ndern, mit L\u00f6wenm\u00e4hne und traditionellen Maya-Gew\u00fcrzen (Hericium Erinaceus, Kardamom, Zimt und Vanille).<\/span><\/p>\n<p><span style=\"color: #000000;\"><strong>L\u00f6wenm\u00e4hne (Hericio Erinaceus):<\/strong> Es handelt sich um einen nicht-psychedelischen Heilpilz mit kraftvollen Eigenschaften, die die geistige Klarheit und Konzentration verbessern. Buddhistische M\u00f6nche verwendeten L\u00f6wenm\u00e4hnenpilze, um ihre geistigen F\u00e4higkeiten zu verbessern und ihre Konzentration w\u00e4hrend der Meditation zu steigern. Er ist auch als &#8222;Affenkopfpilz\u201c bekannt.<\/span><\/p>\n<p><span style=\"color: #000000;\"><strong>Kardamom:<\/strong> Es ist als &#8222;K\u00f6nigin der Gew\u00fcrze\u201c bekannt und wird traditionell verwendet, um die Eigenschaften von Kakao zu verbessern, den Geist zu kl\u00e4ren, die Durchblutung zu steigern und die nat\u00fcrliche W\u00e4rmeproduktion anzuregen. Der in diesem Kakao enthaltene Kardamom wird von <strong>Q&#8217;eqchi<\/strong>-Maya-Bauern aus der Region Alta Vera Paz in Guatemala hergestellt.<\/span><\/p>\n<p><span style=\"color: #000000;\"><strong>Ceylon-Zimt:<\/strong> Traditionell zur F\u00f6rderung der Durchblutung verwendet, ist er reich an Antioxidantien und Zimtaldehyd, die starke antimykotische und antibakterielle Eigenschaften haben.<\/span><\/p>\n<p><span style=\"color: #000000;\"><strong>Vanille:<\/strong> Sowohl die Azteken als auch die Mayas verwendeten Vanille, um die Eigenschaften von Kakao zu verst\u00e4rken und als aphrodisierendes Element.<\/span><\/p>\n<p><span style=\"color: #000000;\"><strong>Typ:<\/strong> Kakao in Zeremonienqualit\u00e4t.<\/span><\/p>\n<p><span style=\"color: #000000;\"><strong>Zutaten:<\/strong> Kakao in Zeremonienqualit\u00e4t, Hericium Erinaceus, Kardamom, Zimt und Vanille. Enth\u00e4lt L\u00f6wenm\u00e4hnenextrakt 15:1.<\/span><\/p>\n<p><span style=\"color: #000000;\"><strong>Herkunft:<\/strong> Ureinwohner der Maya-St\u00e4mme im S\u00fcden Belizes<\/span><\/p>\n<p><span style=\"color: #000000;\"><strong>Pr\u00e4sentation:<\/strong> Kakaoblock.<\/span><\/p>\n<p><span style=\"color: #000000;\"><strong>Gr\u00f6\u00dfe:<\/strong> 500 Gramm.<\/span><\/p>\n<p><span style=\"color: #000000;\"><strong>Lagerung:<\/strong> An einem k\u00fchlen, trockenen Ort ohne direkte Sonneneinstrahlung lagern.<\/span><\/p>\n","protected":false},"featured_media":14391,"template":"","meta":{"_joinchat":[]},"product_brand":[],"product_cat":[403,516],"product_tag":[],"class_list":{"0":"post-14554","1":"product","2":"type-product","3":"status-publish","4":"has-post-thumbnail","6":"product_cat-kakao","7":"product_cat-zeremoniell","9":"first","10":"instock","11":"taxable","12":"shipping-taxable","13":"purchasable","14":"product-type-simple"},"yoast_head":"<!-- This site is optimized with the Yoast SEO plugin v27.1.1 - https:\/\/yoast.com\/product\/yoast-seo-wordpress\/ -->\n<title>Maya-Kakaokraft: L\u00f6wenm\u00e4hne, Kardamom, Zimt, Vanille<\/title>\n<meta name=\"description\" content=\"Zeremonieller Kakao aus den alten Maya-L\u00e4ndern, mit L\u00f6wenm\u00e4hne und traditionellen Maya-Gew\u00fcrzen (Hericium Erinaceus, Kardamom, Zimt und Vanille).\" \/>\n<meta name=\"robots\" content=\"index, follow, max-snippet:-1, max-image-preview:large, max-video-preview:-1\" \/>\n<link rel=\"canonical\" href=\"https:\/\/www.sinchisinchi.com\/de\/producto\/zeremonieller-kakao-rezept-der-macht\/\" \/>\n<meta property=\"og:locale\" content=\"de_DE\" \/>\n<meta property=\"og:type\" content=\"article\" \/>\n<meta property=\"og:title\" content=\"Maya-Kakaokraft: L\u00f6wenm\u00e4hne, Kardamom, Zimt, Vanille\" \/>\n<meta property=\"og:description\" content=\"Zeremonieller Kakao aus den alten Maya-L\u00e4ndern, mit L\u00f6wenm\u00e4hne und traditionellen Maya-Gew\u00fcrzen (Hericium Erinaceus, Kardamom, Zimt und Vanille).\" \/>\n<meta property=\"og:url\" content=\"https:\/\/www.sinchisinchi.com\/de\/producto\/zeremonieller-kakao-rezept-der-macht\/\" \/>\n<meta property=\"og:site_name\" content=\"SINCHI RAP\u00c9\" \/>\n<meta property=\"article:publisher\" content=\"https:\/\/www.facebook.com\/sinchirape\/\" \/>\n<meta property=\"article:modified_time\" content=\"2024-07-05T07:37:26+00:00\" \/>\n<meta property=\"og:image\" content=\"https:\/\/www.sinchisinchi.com\/wp-content\/uploads\/2024\/05\/2-Cacao-Ceremonial1.webp\" \/>\n\t<meta property=\"og:image:width\" content=\"2048\" \/>\n\t<meta property=\"og:image:height\" content=\"1365\" \/>\n\t<meta property=\"og:image:type\" content=\"image\/webp\" \/>\n<meta name=\"twitter:card\" content=\"summary_large_image\" \/>\n<script type=\"application\/ld+json\" class=\"yoast-schema-graph\">{\"@context\":\"https:\/\/schema.org\",\"@graph\":[{\"@type\":\"WebPage\",\"@id\":\"https:\/\/www.sinchisinchi.com\/de\/producto\/zeremonieller-kakao-rezept-der-macht\/\",\"url\":\"https:\/\/www.sinchisinchi.com\/de\/producto\/zeremonieller-kakao-rezept-der-macht\/\",\"name\":\"Maya-Kakaokraft: L\u00f6wenm\u00e4hne, Kardamom, Zimt, Vanille\",\"isPartOf\":{\"@id\":\"https:\/\/www.sinchisinchi.com\/de\/#website\"},\"primaryImageOfPage\":{\"@id\":\"https:\/\/www.sinchisinchi.com\/de\/producto\/zeremonieller-kakao-rezept-der-macht\/#primaryimage\"},\"image\":{\"@id\":\"https:\/\/www.sinchisinchi.com\/de\/producto\/zeremonieller-kakao-rezept-der-macht\/#primaryimage\"},\"thumbnailUrl\":\"https:\/\/www.sinchisinchi.com\/wp-content\/uploads\/2024\/05\/2-Cacao-Ceremonial1.webp\",\"datePublished\":\"2024-05-27T12:32:29+00:00\",\"dateModified\":\"2024-07-05T07:37:26+00:00\",\"description\":\"Zeremonieller Kakao aus den alten Maya-L\u00e4ndern, mit L\u00f6wenm\u00e4hne und traditionellen Maya-Gew\u00fcrzen (Hericium Erinaceus, Kardamom, Zimt und Vanille).\",\"breadcrumb\":{\"@id\":\"https:\/\/www.sinchisinchi.com\/de\/producto\/zeremonieller-kakao-rezept-der-macht\/#breadcrumb\"},\"inLanguage\":\"de\",\"potentialAction\":[{\"@type\":\"ReadAction\",\"target\":[\"https:\/\/www.sinchisinchi.com\/de\/producto\/zeremonieller-kakao-rezept-der-macht\/\"]}]},{\"@type\":\"ImageObject\",\"inLanguage\":\"de\",\"@id\":\"https:\/\/www.sinchisinchi.com\/de\/producto\/zeremonieller-kakao-rezept-der-macht\/#primaryimage\",\"url\":\"https:\/\/www.sinchisinchi.com\/wp-content\/uploads\/2024\/05\/2-Cacao-Ceremonial1.webp\",\"contentUrl\":\"https:\/\/www.sinchisinchi.com\/wp-content\/uploads\/2024\/05\/2-Cacao-Ceremonial1.webp\",\"width\":2048,\"height\":1365},{\"@type\":\"BreadcrumbList\",\"@id\":\"https:\/\/www.sinchisinchi.com\/de\/producto\/zeremonieller-kakao-rezept-der-macht\/#breadcrumb\",\"itemListElement\":[{\"@type\":\"ListItem\",\"position\":1,\"name\":\"Titelseite\",\"item\":\"https:\/\/www.sinchisinchi.com\/de\/\"},{\"@type\":\"ListItem\",\"position\":2,\"name\":\"Produkte\",\"item\":\"https:\/\/www.sinchisinchi.com\/de\/shop\/\"},{\"@type\":\"ListItem\",\"position\":3,\"name\":\"Zeremonieller Kakao &#8220;Rezept der Macht&#8221;\"}]},{\"@type\":\"WebSite\",\"@id\":\"https:\/\/www.sinchisinchi.com\/de\/#website\",\"url\":\"https:\/\/www.sinchisinchi.com\/de\/\",\"name\":\"SINCHI\",\"description\":\"Sinchi Medicine\",\"publisher\":{\"@id\":\"https:\/\/www.sinchisinchi.com\/de\/#organization\"},\"potentialAction\":[{\"@type\":\"SearchAction\",\"target\":{\"@type\":\"EntryPoint\",\"urlTemplate\":\"https:\/\/www.sinchisinchi.com\/de\/?s={search_term_string}\"},\"query-input\":{\"@type\":\"PropertyValueSpecification\",\"valueRequired\":true,\"valueName\":\"search_term_string\"}}],\"inLanguage\":\"de\"},{\"@type\":\"Organization\",\"@id\":\"https:\/\/www.sinchisinchi.com\/de\/#organization\",\"name\":\"SINCHI S.L\",\"url\":\"https:\/\/www.sinchisinchi.com\/de\/\",\"logo\":{\"@type\":\"ImageObject\",\"inLanguage\":\"de\",\"@id\":\"https:\/\/www.sinchisinchi.com\/de\/#\/schema\/logo\/image\/\",\"url\":\"https:\/\/www.sinchisinchi.com\/wp-content\/uploads\/2026\/01\/3b-Verde-SIMPLIFICADO-HORIZONTAL-F-TRANSPARENTE-scaled.png\",\"contentUrl\":\"https:\/\/www.sinchisinchi.com\/wp-content\/uploads\/2026\/01\/3b-Verde-SIMPLIFICADO-HORIZONTAL-F-TRANSPARENTE-scaled.png\",\"width\":2560,\"height\":457,\"caption\":\"SINCHI S.L\"},\"image\":{\"@id\":\"https:\/\/www.sinchisinchi.com\/de\/#\/schema\/logo\/image\/\"},\"sameAs\":[\"https:\/\/www.facebook.com\/sinchirape\/\",\"https:\/\/www.instagram.com\/sinchi_rape\/\"]}]}<\/script>\n<!-- \/ Yoast SEO plugin. -->","yoast_head_json":{"title":"Maya-Kakaokraft: L\u00f6wenm\u00e4hne, Kardamom, Zimt, Vanille","description":"Zeremonieller Kakao aus den alten Maya-L\u00e4ndern, mit L\u00f6wenm\u00e4hne und traditionellen Maya-Gew\u00fcrzen (Hericium Erinaceus, Kardamom, Zimt und Vanille).","robots":{"index":"index","follow":"follow","max-snippet":"max-snippet:-1","max-image-preview":"max-image-preview:large","max-video-preview":"max-video-preview:-1"},"canonical":"https:\/\/www.sinchisinchi.com\/de\/producto\/zeremonieller-kakao-rezept-der-macht\/","og_locale":"de_DE","og_type":"article","og_title":"Maya-Kakaokraft: L\u00f6wenm\u00e4hne, Kardamom, Zimt, Vanille","og_description":"Zeremonieller Kakao aus den alten Maya-L\u00e4ndern, mit L\u00f6wenm\u00e4hne und traditionellen Maya-Gew\u00fcrzen (Hericium Erinaceus, Kardamom, Zimt und Vanille).","og_url":"https:\/\/www.sinchisinchi.com\/de\/producto\/zeremonieller-kakao-rezept-der-macht\/","og_site_name":"SINCHI RAP\u00c9","article_publisher":"https:\/\/www.facebook.com\/sinchirape\/","article_modified_time":"2024-07-05T07:37:26+00:00","og_image":[{"width":2048,"height":1365,"url":"https:\/\/www.sinchisinchi.com\/wp-content\/uploads\/2024\/05\/2-Cacao-Ceremonial1.webp","type":"image\/webp"}],"twitter_card":"summary_large_image","schema":{"@context":"https:\/\/schema.org","@graph":[{"@type":"WebPage","@id":"https:\/\/www.sinchisinchi.com\/de\/producto\/zeremonieller-kakao-rezept-der-macht\/","url":"https:\/\/www.sinchisinchi.com\/de\/producto\/zeremonieller-kakao-rezept-der-macht\/","name":"Maya-Kakaokraft: L\u00f6wenm\u00e4hne, Kardamom, Zimt, Vanille","isPartOf":{"@id":"https:\/\/www.sinchisinchi.com\/de\/#website"},"primaryImageOfPage":{"@id":"https:\/\/www.sinchisinchi.com\/de\/producto\/zeremonieller-kakao-rezept-der-macht\/#primaryimage"},"image":{"@id":"https:\/\/www.sinchisinchi.com\/de\/producto\/zeremonieller-kakao-rezept-der-macht\/#primaryimage"},"thumbnailUrl":"https:\/\/www.sinchisinchi.com\/wp-content\/uploads\/2024\/05\/2-Cacao-Ceremonial1.webp","datePublished":"2024-05-27T12:32:29+00:00","dateModified":"2024-07-05T07:37:26+00:00","description":"Zeremonieller Kakao aus den alten Maya-L\u00e4ndern, mit L\u00f6wenm\u00e4hne und traditionellen Maya-Gew\u00fcrzen (Hericium Erinaceus, Kardamom, Zimt und Vanille).","breadcrumb":{"@id":"https:\/\/www.sinchisinchi.com\/de\/producto\/zeremonieller-kakao-rezept-der-macht\/#breadcrumb"},"inLanguage":"de","potentialAction":[{"@type":"ReadAction","target":["https:\/\/www.sinchisinchi.com\/de\/producto\/zeremonieller-kakao-rezept-der-macht\/"]}]},{"@type":"ImageObject","inLanguage":"de","@id":"https:\/\/www.sinchisinchi.com\/de\/producto\/zeremonieller-kakao-rezept-der-macht\/#primaryimage","url":"https:\/\/www.sinchisinchi.com\/wp-content\/uploads\/2024\/05\/2-Cacao-Ceremonial1.webp","contentUrl":"https:\/\/www.sinchisinchi.com\/wp-content\/uploads\/2024\/05\/2-Cacao-Ceremonial1.webp","width":2048,"height":1365},{"@type":"BreadcrumbList","@id":"https:\/\/www.sinchisinchi.com\/de\/producto\/zeremonieller-kakao-rezept-der-macht\/#breadcrumb","itemListElement":[{"@type":"ListItem","position":1,"name":"Titelseite","item":"https:\/\/www.sinchisinchi.com\/de\/"},{"@type":"ListItem","position":2,"name":"Produkte","item":"https:\/\/www.sinchisinchi.com\/de\/shop\/"},{"@type":"ListItem","position":3,"name":"Zeremonieller Kakao &#8220;Rezept der Macht&#8221;"}]},{"@type":"WebSite","@id":"https:\/\/www.sinchisinchi.com\/de\/#website","url":"https:\/\/www.sinchisinchi.com\/de\/","name":"SINCHI","description":"Sinchi Medicine","publisher":{"@id":"https:\/\/www.sinchisinchi.com\/de\/#organization"},"potentialAction":[{"@type":"SearchAction","target":{"@type":"EntryPoint","urlTemplate":"https:\/\/www.sinchisinchi.com\/de\/?s={search_term_string}"},"query-input":{"@type":"PropertyValueSpecification","valueRequired":true,"valueName":"search_term_string"}}],"inLanguage":"de"},{"@type":"Organization","@id":"https:\/\/www.sinchisinchi.com\/de\/#organization","name":"SINCHI S.L","url":"https:\/\/www.sinchisinchi.com\/de\/","logo":{"@type":"ImageObject","inLanguage":"de","@id":"https:\/\/www.sinchisinchi.com\/de\/#\/schema\/logo\/image\/","url":"https:\/\/www.sinchisinchi.com\/wp-content\/uploads\/2026\/01\/3b-Verde-SIMPLIFICADO-HORIZONTAL-F-TRANSPARENTE-scaled.png","contentUrl":"https:\/\/www.sinchisinchi.com\/wp-content\/uploads\/2026\/01\/3b-Verde-SIMPLIFICADO-HORIZONTAL-F-TRANSPARENTE-scaled.png","width":2560,"height":457,"caption":"SINCHI S.L"},"image":{"@id":"https:\/\/www.sinchisinchi.com\/de\/#\/schema\/logo\/image\/"},"sameAs":["https:\/\/www.facebook.com\/sinchirape\/","https:\/\/www.instagram.com\/sinchi_rape\/"]}]}},"_links":{"self":[{"href":"https:\/\/www.sinchisinchi.com\/de\/wp-json\/wp\/v2\/product\/14554","targetHints":{"allow":["GET"]}}],"collection":[{"href":"https:\/\/www.sinchisinchi.com\/de\/wp-json\/wp\/v2\/product"}],"about":[{"href":"https:\/\/www.sinchisinchi.com\/de\/wp-json\/wp\/v2\/types\/product"}],"wp:featuredmedia":[{"embeddable":true,"href":"https:\/\/www.sinchisinchi.com\/de\/wp-json\/wp\/v2\/media\/14391"}],"wp:attachment":[{"href":"https:\/\/www.sinchisinchi.com\/de\/wp-json\/wp\/v2\/media?parent=14554"}],"wp:term":[{"taxonomy":"product_brand","embeddable":true,"href":"https:\/\/www.sinchisinchi.com\/de\/wp-json\/wp\/v2\/product_brand?post=14554"},{"taxonomy":"product_cat","embeddable":true,"href":"https:\/\/www.sinchisinchi.com\/de\/wp-json\/wp\/v2\/product_cat?post=14554"},{"taxonomy":"product_tag","embeddable":true,"href":"https:\/\/www.sinchisinchi.com\/de\/wp-json\/wp\/v2\/product_tag?post=14554"}],"curies":[{"name":"wp","href":"https:\/\/api.w.org\/{rel}","templated":true}]}}