{"id":14561,"date":"2024-05-27T13:00:33","date_gmt":"2024-05-27T13:00:33","guid":{"rendered":"https:\/\/www.sinchisinchi.com\/producto\/amazonas-kakao-piaroa-stamm\/"},"modified":"2024-07-04T11:32:17","modified_gmt":"2024-07-04T11:32:17","slug":"amazonas-kakao-piaroa-stamm","status":"publish","type":"product","link":"https:\/\/www.sinchisinchi.com\/de\/producto\/amazonas-kakao-piaroa-stamm\/","title":{"rendered":"Amazonas-Kakao-Piaroa-Stamm"},"content":{"rendered":"<h2 style=\"text-align: center;\"><strong><span style=\"color: #000000;\">Der Piaroa-Kakao<\/span><\/strong><\/h2>\n<p><span style=\"color: #000000;\">Die indigene Gemeinschaft der Piaroa verf\u00fcgt \u00fcber ein Produktionssystem, das auf der Nutzung verschiedener \u00f6kologischer R\u00e4ume basiert. W\u00e4lder, Fl\u00fcsse und Kan\u00e4le sowie landwirtschaftlich genutzte Fl\u00e4chen.<\/span><\/p>\n<h3 style=\"text-align: center;\"><strong><span style=\"color: #000000;\">Piaroa-Stamm<\/span><\/strong><\/h3>\n<p><span style=\"color: #000000;\">Der Stamm der Piaroa ist eines der bedeutendsten indigenen V\u00f6lker Venezuelas und sein ausgedehntes Territorium umfasst die Bundesstaaten Amazonas und Bol\u00edvar. Die Piaroa leben in verschiedenen Territorialr\u00e4umen, insbesondere in feuchten Tropenw\u00e4ldern.<\/span><\/p>\n<p><span style=\"color: #000000;\">Die Piaroa sind seit Jahrzehnten auch entlang der n\u00f6rdlichen und s\u00fcdlichen Autobahnachsen von Puerto Ayacucho im Bundesstaat Amazonas am rechten Ufer des Orinoco zwischen der M\u00fcndung des Ventuari und des Samariapo sowie im Alto Orinoco in der Gegend von Tama besiedelt -Tama.<\/span><\/p>\n<p><span style=\"color: #000000;\">Es gibt auch Piaroas auf kolumbianischem Territorium, im Departement Vichada, insbesondere in den Fl\u00fcssen Zama, In\u00edrida, Matav\u00e9n und Guaviare.<\/span><\/p>\n<p><span style=\"color: #000000;\">Die Piaroa z\u00e4hlen derzeit etwa 15.000 Menschen und leben haupts\u00e4chlich in den Bundesstaaten Amazonas und Bol\u00edvar.<\/span><\/p>\n<p><span style=\"color: #000000;\">Sein Territorium in Venezuela nimmt eine Fl\u00e4che von rund 30.000 km\u00b2 ein und umfasst die Einzugsgebiete der Fl\u00fcsse Sipapo, Autana, Cuao, Guayapo, Samariapo, Cataniapo, Paria, Parguaza, Ventuari und Manapiare sowie die verbindenden Autobahnachsen Puerto Ayacucho, Hauptstadt des Amazonas-Bundesstaates, mit dem Hafen von Samariapo im S\u00fcden, dem mittleren Cataniapo-Becken im Osten und dem Bundesstaat Bol\u00edvar im Norden.<\/span><\/p>\n<p><span style=\"color: #000000;\">Die Piaroa leben im Allgemeinen in kleinen Gemeinschaften mit weniger als einhundert Menschen, die etwa einen Tagesmarsch voneinander entfernt sind.<\/span><\/p>\n<p><span style=\"color: #000000;\">Traditionell lebten die Piaroa in einem Gemeinschaftshaus, in dem die verschiedenen Familien miteinander verwandt waren. Obwohl das Gemeinschaftshaus weiterhin existiert, bestehen die D\u00f6rfer haupts\u00e4chlich aus Einfamilienh\u00e4usern. Dieser Trend hat die Rolle der Kernfamilie als autonome Wirtschaftseinheit gest\u00e4rkt.<\/span><\/p>\n<p><span style=\"color: #000000;\">Die Piaroa sind eher Sammler als Bauern. Grundlage ihrer Ern\u00e4hrung sind Jagd und Fischerei, insbesondere Flussfischerei. Sie weben nat\u00fcrliche Baumwolle und stellen K\u00f6rbe her.<\/span><\/p>\n<p><span style=\"color: #000000;\">Der Warime oder Maskentanz ist der wichtigste Tanz f\u00fcr das Piaroa-Volk. Piaroa-Schamanen (Me\u00f1er\u00faa) aus verschiedenen Gemeinden nehmen daran teil, gekleidet in ein Kost\u00fcm aus Moriche-Palme und eine Maske, die ihre Gesichter bedeckt, und feiern die gute Ernte und die Eheschlie\u00dfungen und das harmonische Zusammentreffen weit entfernt lebender Familien.<\/span><\/p>\n<p><span style=\"color: #000000;\">Der Autana-H\u00fcgel stellt den Baum des Lebens dar, aus dem alle Fr\u00fcchte hervorgingen, die Mensch und Tier mit Nahrung versorgen. F\u00fcr die Piaroa ist es ein heiliger Berg, den sie nicht betreten.<\/span><\/p>\n<p><span style=\"color: #000000;\">Die Piaroas sprechen die S\u00e1liba-Sprache, die bis vor Kurzem m\u00fcndlich \u00fcberliefert wurde. Derzeit haben sie ein Schriftsystem f\u00fcr ihre Sprache entwickelt.<\/span><\/p>\n","protected":false},"excerpt":{"rendered":"<p><span style=\"color: #000000;\">Zeremonieller Kakao, der von der indigenen Gemeinschaft der Piaroa an den Ufern des Orinoco-Flusses im venezolanischen Amazonasgebiet angebaut wird.<\/span><\/p>\n<p><span style=\"color: #000000;\">Der Anbau folgt der \u00fcberlieferten Tradition, die von Generation zu Generation weitergegeben wird. Die Piaroa-Gemeinschaft verwendet verschiedene \u00f6kologische Szenarien; W\u00e4lder, Fl\u00fcsse und B\u00e4che sowie offene Gebiete.<\/span><\/p>\n<p><span style=\"color: #000000;\">Es ist ideal f\u00fcr den feierlichen Gebrauch, als Ersatz f\u00fcr Kaffee, als Energiespender f\u00fcr den Sport und sogar zum Backen und zur Schokoladenherstellung. An einem trockenen, k\u00fchlen Ort ohne Sonnenlicht aufbewahren.<\/span><\/p>\n<p><span style=\"color: #000000;\"><strong>Typ:<\/strong> Kakao in Zeremonienqualit\u00e4t.<\/span><\/p>\n<p><span style=\"color: #000000;\"><strong>Zutaten:<\/strong> 100 % reiner Kakao in Zeremonienqualit\u00e4t.<\/span><\/p>\n<p><span style=\"color: #000000;\"><strong>Herkunft:<\/strong> Amazonas, Venezuela<\/span><\/p>\n<p><span style=\"color: #000000;\"><strong>Pr\u00e4sentation:<\/strong> Kakaobar.<\/span><\/p>\n<p><span style=\"color: #000000;\"><strong>Sorte:<\/strong> Criollo Piaroa<\/span><\/p>\n<p><span style=\"color: #000000;\"><strong>Gr\u00f6\u00dfe:<\/strong> 500g<\/span><\/p>\n<p><span style=\"color: #000000;\"><strong>Lagerung:<\/strong> An einem k\u00fchlen, trockenen Ort ohne direkte Sonneneinstrahlung lagern.<\/span><\/p>\n","protected":false},"featured_media":15914,"template":"","meta":{"_joinchat":[]},"product_brand":[],"product_cat":[403,516],"product_tag":[],"class_list":{"0":"post-14561","1":"product","2":"type-product","3":"status-publish","4":"has-post-thumbnail","6":"product_cat-kakao","7":"product_cat-zeremoniell","9":"first","10":"instock","11":"taxable","12":"shipping-taxable","13":"purchasable","14":"product-type-simple"},"yoast_head":"<!-- This site is optimized with the Yoast SEO plugin v27.1.1 - https:\/\/yoast.com\/product\/yoast-seo-wordpress\/ -->\n<title>Zeremonieller Kakao aus dem Amazonasgebiet, Piaroa-Stamm<\/title>\n<meta name=\"description\" content=\"Zeremonieller Kakao vom einheimischen Piaroa-Stamm, der nach der \u00fcberlieferten Tradition angebaut wird, die von Generation zu Generation weitergegeben wird.\" \/>\n<meta name=\"robots\" content=\"index, follow, max-snippet:-1, max-image-preview:large, max-video-preview:-1\" \/>\n<link rel=\"canonical\" href=\"https:\/\/www.sinchisinchi.com\/de\/producto\/amazonas-kakao-piaroa-stamm\/\" \/>\n<meta property=\"og:locale\" content=\"de_DE\" \/>\n<meta property=\"og:type\" content=\"article\" \/>\n<meta property=\"og:title\" content=\"Zeremonieller Kakao aus dem Amazonasgebiet, Piaroa-Stamm\" \/>\n<meta property=\"og:description\" content=\"Zeremonieller Kakao vom einheimischen Piaroa-Stamm, der nach der \u00fcberlieferten Tradition angebaut wird, die von Generation zu Generation weitergegeben wird.\" \/>\n<meta property=\"og:url\" content=\"https:\/\/www.sinchisinchi.com\/de\/producto\/amazonas-kakao-piaroa-stamm\/\" \/>\n<meta property=\"og:site_name\" content=\"SINCHI RAP\u00c9\" \/>\n<meta property=\"article:publisher\" content=\"https:\/\/www.facebook.com\/sinchirape\/\" \/>\n<meta property=\"article:modified_time\" content=\"2024-07-04T11:32:17+00:00\" \/>\n<meta property=\"og:image\" content=\"https:\/\/www.sinchisinchi.com\/wp-content\/uploads\/2024\/05\/2-Cacao-Ceremonial1-1-1024x683-copia.jpg\" \/>\n\t<meta property=\"og:image:width\" content=\"1024\" \/>\n\t<meta property=\"og:image:height\" content=\"683\" \/>\n\t<meta property=\"og:image:type\" content=\"image\/jpeg\" \/>\n<meta name=\"twitter:card\" content=\"summary_large_image\" \/>\n<meta name=\"twitter:label1\" content=\"Gesch\u00e4tzte Lesezeit\" \/>\n\t<meta name=\"twitter:data1\" content=\"2\u00a0Minuten\" \/>\n<script type=\"application\/ld+json\" class=\"yoast-schema-graph\">{\"@context\":\"https:\/\/schema.org\",\"@graph\":[{\"@type\":\"WebPage\",\"@id\":\"https:\/\/www.sinchisinchi.com\/de\/producto\/amazonas-kakao-piaroa-stamm\/\",\"url\":\"https:\/\/www.sinchisinchi.com\/de\/producto\/amazonas-kakao-piaroa-stamm\/\",\"name\":\"Zeremonieller Kakao aus dem Amazonasgebiet, Piaroa-Stamm\",\"isPartOf\":{\"@id\":\"https:\/\/www.sinchisinchi.com\/de\/#website\"},\"primaryImageOfPage\":{\"@id\":\"https:\/\/www.sinchisinchi.com\/de\/producto\/amazonas-kakao-piaroa-stamm\/#primaryimage\"},\"image\":{\"@id\":\"https:\/\/www.sinchisinchi.com\/de\/producto\/amazonas-kakao-piaroa-stamm\/#primaryimage\"},\"thumbnailUrl\":\"https:\/\/www.sinchisinchi.com\/wp-content\/uploads\/2024\/05\/2-Cacao-Ceremonial1-1-1024x683-copia.jpg\",\"datePublished\":\"2024-05-27T13:00:33+00:00\",\"dateModified\":\"2024-07-04T11:32:17+00:00\",\"description\":\"Zeremonieller Kakao vom einheimischen Piaroa-Stamm, der nach der \u00fcberlieferten Tradition angebaut wird, die von Generation zu Generation weitergegeben wird.\",\"breadcrumb\":{\"@id\":\"https:\/\/www.sinchisinchi.com\/de\/producto\/amazonas-kakao-piaroa-stamm\/#breadcrumb\"},\"inLanguage\":\"de\",\"potentialAction\":[{\"@type\":\"ReadAction\",\"target\":[\"https:\/\/www.sinchisinchi.com\/de\/producto\/amazonas-kakao-piaroa-stamm\/\"]}]},{\"@type\":\"ImageObject\",\"inLanguage\":\"de\",\"@id\":\"https:\/\/www.sinchisinchi.com\/de\/producto\/amazonas-kakao-piaroa-stamm\/#primaryimage\",\"url\":\"https:\/\/www.sinchisinchi.com\/wp-content\/uploads\/2024\/05\/2-Cacao-Ceremonial1-1-1024x683-copia.jpg\",\"contentUrl\":\"https:\/\/www.sinchisinchi.com\/wp-content\/uploads\/2024\/05\/2-Cacao-Ceremonial1-1-1024x683-copia.jpg\",\"width\":1024,\"height\":683},{\"@type\":\"BreadcrumbList\",\"@id\":\"https:\/\/www.sinchisinchi.com\/de\/producto\/amazonas-kakao-piaroa-stamm\/#breadcrumb\",\"itemListElement\":[{\"@type\":\"ListItem\",\"position\":1,\"name\":\"Titelseite\",\"item\":\"https:\/\/www.sinchisinchi.com\/de\/\"},{\"@type\":\"ListItem\",\"position\":2,\"name\":\"Produkte\",\"item\":\"https:\/\/www.sinchisinchi.com\/de\/shop\/\"},{\"@type\":\"ListItem\",\"position\":3,\"name\":\"Amazonas-Kakao-Piaroa-Stamm\"}]},{\"@type\":\"WebSite\",\"@id\":\"https:\/\/www.sinchisinchi.com\/de\/#website\",\"url\":\"https:\/\/www.sinchisinchi.com\/de\/\",\"name\":\"SINCHI\",\"description\":\"Sinchi Medicine\",\"publisher\":{\"@id\":\"https:\/\/www.sinchisinchi.com\/de\/#organization\"},\"potentialAction\":[{\"@type\":\"SearchAction\",\"target\":{\"@type\":\"EntryPoint\",\"urlTemplate\":\"https:\/\/www.sinchisinchi.com\/de\/?s={search_term_string}\"},\"query-input\":{\"@type\":\"PropertyValueSpecification\",\"valueRequired\":true,\"valueName\":\"search_term_string\"}}],\"inLanguage\":\"de\"},{\"@type\":\"Organization\",\"@id\":\"https:\/\/www.sinchisinchi.com\/de\/#organization\",\"name\":\"SINCHI S.L\",\"url\":\"https:\/\/www.sinchisinchi.com\/de\/\",\"logo\":{\"@type\":\"ImageObject\",\"inLanguage\":\"de\",\"@id\":\"https:\/\/www.sinchisinchi.com\/de\/#\/schema\/logo\/image\/\",\"url\":\"https:\/\/www.sinchisinchi.com\/wp-content\/uploads\/2026\/01\/3b-Verde-SIMPLIFICADO-HORIZONTAL-F-TRANSPARENTE-scaled.png\",\"contentUrl\":\"https:\/\/www.sinchisinchi.com\/wp-content\/uploads\/2026\/01\/3b-Verde-SIMPLIFICADO-HORIZONTAL-F-TRANSPARENTE-scaled.png\",\"width\":2560,\"height\":457,\"caption\":\"SINCHI S.L\"},\"image\":{\"@id\":\"https:\/\/www.sinchisinchi.com\/de\/#\/schema\/logo\/image\/\"},\"sameAs\":[\"https:\/\/www.facebook.com\/sinchirape\/\",\"https:\/\/www.instagram.com\/sinchi_rape\/\"]}]}<\/script>\n<!-- \/ Yoast SEO plugin. -->","yoast_head_json":{"title":"Zeremonieller Kakao aus dem Amazonasgebiet, Piaroa-Stamm","description":"Zeremonieller Kakao vom einheimischen Piaroa-Stamm, der nach der \u00fcberlieferten Tradition angebaut wird, die von Generation zu Generation weitergegeben wird.","robots":{"index":"index","follow":"follow","max-snippet":"max-snippet:-1","max-image-preview":"max-image-preview:large","max-video-preview":"max-video-preview:-1"},"canonical":"https:\/\/www.sinchisinchi.com\/de\/producto\/amazonas-kakao-piaroa-stamm\/","og_locale":"de_DE","og_type":"article","og_title":"Zeremonieller Kakao aus dem Amazonasgebiet, Piaroa-Stamm","og_description":"Zeremonieller Kakao vom einheimischen Piaroa-Stamm, der nach der \u00fcberlieferten Tradition angebaut wird, die von Generation zu Generation weitergegeben wird.","og_url":"https:\/\/www.sinchisinchi.com\/de\/producto\/amazonas-kakao-piaroa-stamm\/","og_site_name":"SINCHI RAP\u00c9","article_publisher":"https:\/\/www.facebook.com\/sinchirape\/","article_modified_time":"2024-07-04T11:32:17+00:00","og_image":[{"width":1024,"height":683,"url":"https:\/\/www.sinchisinchi.com\/wp-content\/uploads\/2024\/05\/2-Cacao-Ceremonial1-1-1024x683-copia.jpg","type":"image\/jpeg"}],"twitter_card":"summary_large_image","twitter_misc":{"Gesch\u00e4tzte Lesezeit":"2\u00a0Minuten"},"schema":{"@context":"https:\/\/schema.org","@graph":[{"@type":"WebPage","@id":"https:\/\/www.sinchisinchi.com\/de\/producto\/amazonas-kakao-piaroa-stamm\/","url":"https:\/\/www.sinchisinchi.com\/de\/producto\/amazonas-kakao-piaroa-stamm\/","name":"Zeremonieller Kakao aus dem Amazonasgebiet, Piaroa-Stamm","isPartOf":{"@id":"https:\/\/www.sinchisinchi.com\/de\/#website"},"primaryImageOfPage":{"@id":"https:\/\/www.sinchisinchi.com\/de\/producto\/amazonas-kakao-piaroa-stamm\/#primaryimage"},"image":{"@id":"https:\/\/www.sinchisinchi.com\/de\/producto\/amazonas-kakao-piaroa-stamm\/#primaryimage"},"thumbnailUrl":"https:\/\/www.sinchisinchi.com\/wp-content\/uploads\/2024\/05\/2-Cacao-Ceremonial1-1-1024x683-copia.jpg","datePublished":"2024-05-27T13:00:33+00:00","dateModified":"2024-07-04T11:32:17+00:00","description":"Zeremonieller Kakao vom einheimischen Piaroa-Stamm, der nach der \u00fcberlieferten Tradition angebaut wird, die von Generation zu Generation weitergegeben wird.","breadcrumb":{"@id":"https:\/\/www.sinchisinchi.com\/de\/producto\/amazonas-kakao-piaroa-stamm\/#breadcrumb"},"inLanguage":"de","potentialAction":[{"@type":"ReadAction","target":["https:\/\/www.sinchisinchi.com\/de\/producto\/amazonas-kakao-piaroa-stamm\/"]}]},{"@type":"ImageObject","inLanguage":"de","@id":"https:\/\/www.sinchisinchi.com\/de\/producto\/amazonas-kakao-piaroa-stamm\/#primaryimage","url":"https:\/\/www.sinchisinchi.com\/wp-content\/uploads\/2024\/05\/2-Cacao-Ceremonial1-1-1024x683-copia.jpg","contentUrl":"https:\/\/www.sinchisinchi.com\/wp-content\/uploads\/2024\/05\/2-Cacao-Ceremonial1-1-1024x683-copia.jpg","width":1024,"height":683},{"@type":"BreadcrumbList","@id":"https:\/\/www.sinchisinchi.com\/de\/producto\/amazonas-kakao-piaroa-stamm\/#breadcrumb","itemListElement":[{"@type":"ListItem","position":1,"name":"Titelseite","item":"https:\/\/www.sinchisinchi.com\/de\/"},{"@type":"ListItem","position":2,"name":"Produkte","item":"https:\/\/www.sinchisinchi.com\/de\/shop\/"},{"@type":"ListItem","position":3,"name":"Amazonas-Kakao-Piaroa-Stamm"}]},{"@type":"WebSite","@id":"https:\/\/www.sinchisinchi.com\/de\/#website","url":"https:\/\/www.sinchisinchi.com\/de\/","name":"SINCHI","description":"Sinchi Medicine","publisher":{"@id":"https:\/\/www.sinchisinchi.com\/de\/#organization"},"potentialAction":[{"@type":"SearchAction","target":{"@type":"EntryPoint","urlTemplate":"https:\/\/www.sinchisinchi.com\/de\/?s={search_term_string}"},"query-input":{"@type":"PropertyValueSpecification","valueRequired":true,"valueName":"search_term_string"}}],"inLanguage":"de"},{"@type":"Organization","@id":"https:\/\/www.sinchisinchi.com\/de\/#organization","name":"SINCHI S.L","url":"https:\/\/www.sinchisinchi.com\/de\/","logo":{"@type":"ImageObject","inLanguage":"de","@id":"https:\/\/www.sinchisinchi.com\/de\/#\/schema\/logo\/image\/","url":"https:\/\/www.sinchisinchi.com\/wp-content\/uploads\/2026\/01\/3b-Verde-SIMPLIFICADO-HORIZONTAL-F-TRANSPARENTE-scaled.png","contentUrl":"https:\/\/www.sinchisinchi.com\/wp-content\/uploads\/2026\/01\/3b-Verde-SIMPLIFICADO-HORIZONTAL-F-TRANSPARENTE-scaled.png","width":2560,"height":457,"caption":"SINCHI S.L"},"image":{"@id":"https:\/\/www.sinchisinchi.com\/de\/#\/schema\/logo\/image\/"},"sameAs":["https:\/\/www.facebook.com\/sinchirape\/","https:\/\/www.instagram.com\/sinchi_rape\/"]}]}},"_links":{"self":[{"href":"https:\/\/www.sinchisinchi.com\/de\/wp-json\/wp\/v2\/product\/14561","targetHints":{"allow":["GET"]}}],"collection":[{"href":"https:\/\/www.sinchisinchi.com\/de\/wp-json\/wp\/v2\/product"}],"about":[{"href":"https:\/\/www.sinchisinchi.com\/de\/wp-json\/wp\/v2\/types\/product"}],"wp:featuredmedia":[{"embeddable":true,"href":"https:\/\/www.sinchisinchi.com\/de\/wp-json\/wp\/v2\/media\/15914"}],"wp:attachment":[{"href":"https:\/\/www.sinchisinchi.com\/de\/wp-json\/wp\/v2\/media?parent=14561"}],"wp:term":[{"taxonomy":"product_brand","embeddable":true,"href":"https:\/\/www.sinchisinchi.com\/de\/wp-json\/wp\/v2\/product_brand?post=14561"},{"taxonomy":"product_cat","embeddable":true,"href":"https:\/\/www.sinchisinchi.com\/de\/wp-json\/wp\/v2\/product_cat?post=14561"},{"taxonomy":"product_tag","embeddable":true,"href":"https:\/\/www.sinchisinchi.com\/de\/wp-json\/wp\/v2\/product_tag?post=14561"}],"curies":[{"name":"wp","href":"https:\/\/api.w.org\/{rel}","templated":true}]}}