{"id":14670,"date":"2024-05-28T13:05:10","date_gmt":"2024-05-28T13:05:10","guid":{"rendered":"https:\/\/www.sinchisinchi.com\/producto\/blauer-lotus-kakao\/"},"modified":"2024-07-04T11:20:25","modified_gmt":"2024-07-04T11:20:25","slug":"blauer-lotus-kakao","status":"publish","type":"product","link":"https:\/\/www.sinchisinchi.com\/de\/producto\/blauer-lotus-kakao\/","title":{"rendered":"Blauer Lotus-Kakao"},"content":{"rendered":"","protected":false},"excerpt":{"rendered":"<p><span style=\"color: #000000;\">Zeremonieller Kakao mit Blauem Lotus. Diese Mischung vereint den besten zeremoniellen Kakao mit der Kraft des Blauen Lotus, einer Blume, die wegen ihrer spirituellen Eigenschaften sehr gesch\u00e4tzt wird.<\/span><\/p>\n<p><span style=\"color: #000000;\">Nymphaea caerulea, auch bekannt als \u00c4gyptischer Lotus, \u00c4gyptischer Blauer Lotus oder Blaue Seerose, ist eine Wasserpflanze, deren urspr\u00fcnglicher Lebensraum am Nil und in anderen Gebieten Ostafrikas liegt und sich sp\u00e4ter nach Thailand und Indien ausbreitete.<\/span><\/p>\n<p><span style=\"color: #000000;\">Bereits vor mehr als 3.000 Jahren wurde an den Ufern des Nils der Blaue Lotus wegen seiner Sch\u00f6nheit und berauschenden Wirkung angebaut. Sie galt als heilige Pflanze und war eng mit \u00e4gyptischen Gottheiten wie Osiris, Nefertum und Ra verbunden.<\/span><\/p>\n<p><span style=\"color: #000000;\">Der blaue Lotus \u00f6ffnet sich im Licht und schlie\u00dft sich in der Dunkelheit, weshalb er direkt mit den Kr\u00e4ften der Sonne verbunden ist, die mit dem \u00e4gyptischen Gott Ra verbunden sind. Die \u00c4gypter mazerierten diese Pflanze f\u00fcr rituelle Zwecke in Wein.<\/span><\/p>\n<p><span style=\"color: #000000;\">Aufgrund seiner psychoaktiven Wirkung ist der Blaue Lotus einer der Kandidaten f\u00fcr die Pflanze der Lotusesser in Homers Odyssee.<\/span><\/p>\n<p><span style=\"color: #000000;\"><strong>Typ:<\/strong> Kakao in Zeremonienqualit\u00e4t<\/span><\/p>\n<p><span style=\"color: #000000;\"><strong>Zutaten:<\/strong> Kakao (Theobroma cacao), Kakaobutter, Gew\u00fcrzkombination (Zimt, Kardamom, Nelken und Chilis), Blauer Lotus (Nymphaea caerulea), 0,5 g Extrakt pro Portion. Hergestellt aus 50:1-Extrakt (0,5 g 50:1 Blue Lotus-Extrakt pro Portion, entspricht 25 Gramm der Pflanze)<\/span><\/p>\n<p><span style=\"color: #000000;\"><strong>Herkunft:<\/strong> Kolumbien<\/span><\/p>\n<p><span style=\"color: #000000;\"><strong>Pr\u00e4sentation:<\/strong> Kakaoblock.<\/span><\/p>\n<p><span style=\"color: #000000;\"><strong>Nettogewicht:<\/strong> 400 g<\/span><\/p>\n<p><span style=\"color: #000000;\"><strong>Lagerung:<\/strong> An einem k\u00fchlen, trockenen Ort ohne direkte Sonneneinstrahlung lagern.<\/span><\/p>\n","protected":false},"featured_media":15934,"template":"","meta":{"_joinchat":[]},"product_brand":[],"product_cat":[403,521],"product_tag":[],"class_list":{"0":"post-14670","1":"product","2":"type-product","3":"status-publish","4":"has-post-thumbnail","6":"product_cat-kakao","7":"product_cat-magies","9":"first","10":"instock","11":"taxable","12":"shipping-taxable","13":"purchasable","14":"product-type-simple"},"yoast_head":"<!-- This site is optimized with the Yoast SEO plugin v27.1.1 - https:\/\/yoast.com\/product\/yoast-seo-wordpress\/ -->\n<title>Zeremonieller Kakao mit blauem Lotus \u2013 Sinchi, Shamanic Shop<\/title>\n<meta name=\"description\" content=\"Zeremonieller Kakao mit Blauem Lotus. Diese Mischung kombiniert zeremoniellen Kakao mit der Kraft des Blauen Lotus, einer Blume, die wegen ihrer spirituellen Eigenschaften sehr gesch\u00e4tzt wird.\" \/>\n<meta name=\"robots\" content=\"index, follow, max-snippet:-1, max-image-preview:large, max-video-preview:-1\" \/>\n<link rel=\"canonical\" href=\"https:\/\/www.sinchisinchi.com\/de\/producto\/blauer-lotus-kakao\/\" \/>\n<meta property=\"og:locale\" content=\"de_DE\" \/>\n<meta property=\"og:type\" content=\"article\" \/>\n<meta property=\"og:title\" content=\"Zeremonieller Kakao mit blauem Lotus \u2013 Sinchi, Shamanic Shop\" \/>\n<meta property=\"og:description\" content=\"Zeremonieller Kakao mit Blauem Lotus. Diese Mischung kombiniert zeremoniellen Kakao mit der Kraft des Blauen Lotus, einer Blume, die wegen ihrer spirituellen Eigenschaften sehr gesch\u00e4tzt wird.\" \/>\n<meta property=\"og:url\" content=\"https:\/\/www.sinchisinchi.com\/de\/producto\/blauer-lotus-kakao\/\" \/>\n<meta property=\"og:site_name\" content=\"SINCHI RAP\u00c9\" \/>\n<meta property=\"article:publisher\" content=\"https:\/\/www.facebook.com\/sinchirape\/\" \/>\n<meta property=\"article:modified_time\" content=\"2024-07-04T11:20:25+00:00\" \/>\n<meta property=\"og:image\" content=\"https:\/\/www.sinchisinchi.com\/wp-content\/uploads\/2024\/05\/loto-azul.jpg\" \/>\n\t<meta property=\"og:image:width\" content=\"990\" \/>\n\t<meta property=\"og:image:height\" content=\"990\" \/>\n\t<meta property=\"og:image:type\" content=\"image\/jpeg\" \/>\n<meta name=\"twitter:card\" content=\"summary_large_image\" \/>\n<script type=\"application\/ld+json\" class=\"yoast-schema-graph\">{\"@context\":\"https:\/\/schema.org\",\"@graph\":[{\"@type\":\"WebPage\",\"@id\":\"https:\/\/www.sinchisinchi.com\/de\/producto\/blauer-lotus-kakao\/\",\"url\":\"https:\/\/www.sinchisinchi.com\/de\/producto\/blauer-lotus-kakao\/\",\"name\":\"Zeremonieller Kakao mit blauem Lotus \u2013 Sinchi, Shamanic Shop\",\"isPartOf\":{\"@id\":\"https:\/\/www.sinchisinchi.com\/de\/#website\"},\"primaryImageOfPage\":{\"@id\":\"https:\/\/www.sinchisinchi.com\/de\/producto\/blauer-lotus-kakao\/#primaryimage\"},\"image\":{\"@id\":\"https:\/\/www.sinchisinchi.com\/de\/producto\/blauer-lotus-kakao\/#primaryimage\"},\"thumbnailUrl\":\"https:\/\/www.sinchisinchi.com\/wp-content\/uploads\/2024\/05\/loto-azul.jpg\",\"datePublished\":\"2024-05-28T13:05:10+00:00\",\"dateModified\":\"2024-07-04T11:20:25+00:00\",\"description\":\"Zeremonieller Kakao mit Blauem Lotus. Diese Mischung kombiniert zeremoniellen Kakao mit der Kraft des Blauen Lotus, einer Blume, die wegen ihrer spirituellen Eigenschaften sehr gesch\u00e4tzt wird.\",\"breadcrumb\":{\"@id\":\"https:\/\/www.sinchisinchi.com\/de\/producto\/blauer-lotus-kakao\/#breadcrumb\"},\"inLanguage\":\"de\",\"potentialAction\":[{\"@type\":\"ReadAction\",\"target\":[\"https:\/\/www.sinchisinchi.com\/de\/producto\/blauer-lotus-kakao\/\"]}]},{\"@type\":\"ImageObject\",\"inLanguage\":\"de\",\"@id\":\"https:\/\/www.sinchisinchi.com\/de\/producto\/blauer-lotus-kakao\/#primaryimage\",\"url\":\"https:\/\/www.sinchisinchi.com\/wp-content\/uploads\/2024\/05\/loto-azul.jpg\",\"contentUrl\":\"https:\/\/www.sinchisinchi.com\/wp-content\/uploads\/2024\/05\/loto-azul.jpg\",\"width\":990,\"height\":990},{\"@type\":\"BreadcrumbList\",\"@id\":\"https:\/\/www.sinchisinchi.com\/de\/producto\/blauer-lotus-kakao\/#breadcrumb\",\"itemListElement\":[{\"@type\":\"ListItem\",\"position\":1,\"name\":\"Titelseite\",\"item\":\"https:\/\/www.sinchisinchi.com\/de\/\"},{\"@type\":\"ListItem\",\"position\":2,\"name\":\"Produkte\",\"item\":\"https:\/\/www.sinchisinchi.com\/de\/shop\/\"},{\"@type\":\"ListItem\",\"position\":3,\"name\":\"Blauer Lotus-Kakao\"}]},{\"@type\":\"WebSite\",\"@id\":\"https:\/\/www.sinchisinchi.com\/de\/#website\",\"url\":\"https:\/\/www.sinchisinchi.com\/de\/\",\"name\":\"SINCHI\",\"description\":\"Sinchi Medicine\",\"publisher\":{\"@id\":\"https:\/\/www.sinchisinchi.com\/de\/#organization\"},\"potentialAction\":[{\"@type\":\"SearchAction\",\"target\":{\"@type\":\"EntryPoint\",\"urlTemplate\":\"https:\/\/www.sinchisinchi.com\/de\/?s={search_term_string}\"},\"query-input\":{\"@type\":\"PropertyValueSpecification\",\"valueRequired\":true,\"valueName\":\"search_term_string\"}}],\"inLanguage\":\"de\"},{\"@type\":\"Organization\",\"@id\":\"https:\/\/www.sinchisinchi.com\/de\/#organization\",\"name\":\"SINCHI S.L\",\"url\":\"https:\/\/www.sinchisinchi.com\/de\/\",\"logo\":{\"@type\":\"ImageObject\",\"inLanguage\":\"de\",\"@id\":\"https:\/\/www.sinchisinchi.com\/de\/#\/schema\/logo\/image\/\",\"url\":\"https:\/\/www.sinchisinchi.com\/wp-content\/uploads\/2026\/01\/3b-Verde-SIMPLIFICADO-HORIZONTAL-F-TRANSPARENTE-scaled.png\",\"contentUrl\":\"https:\/\/www.sinchisinchi.com\/wp-content\/uploads\/2026\/01\/3b-Verde-SIMPLIFICADO-HORIZONTAL-F-TRANSPARENTE-scaled.png\",\"width\":2560,\"height\":457,\"caption\":\"SINCHI S.L\"},\"image\":{\"@id\":\"https:\/\/www.sinchisinchi.com\/de\/#\/schema\/logo\/image\/\"},\"sameAs\":[\"https:\/\/www.facebook.com\/sinchirape\/\",\"https:\/\/www.instagram.com\/sinchi_rape\/\"]}]}<\/script>\n<!-- \/ Yoast SEO plugin. -->","yoast_head_json":{"title":"Zeremonieller Kakao mit blauem Lotus \u2013 Sinchi, Shamanic Shop","description":"Zeremonieller Kakao mit Blauem Lotus. Diese Mischung kombiniert zeremoniellen Kakao mit der Kraft des Blauen Lotus, einer Blume, die wegen ihrer spirituellen Eigenschaften sehr gesch\u00e4tzt wird.","robots":{"index":"index","follow":"follow","max-snippet":"max-snippet:-1","max-image-preview":"max-image-preview:large","max-video-preview":"max-video-preview:-1"},"canonical":"https:\/\/www.sinchisinchi.com\/de\/producto\/blauer-lotus-kakao\/","og_locale":"de_DE","og_type":"article","og_title":"Zeremonieller Kakao mit blauem Lotus \u2013 Sinchi, Shamanic Shop","og_description":"Zeremonieller Kakao mit Blauem Lotus. Diese Mischung kombiniert zeremoniellen Kakao mit der Kraft des Blauen Lotus, einer Blume, die wegen ihrer spirituellen Eigenschaften sehr gesch\u00e4tzt wird.","og_url":"https:\/\/www.sinchisinchi.com\/de\/producto\/blauer-lotus-kakao\/","og_site_name":"SINCHI RAP\u00c9","article_publisher":"https:\/\/www.facebook.com\/sinchirape\/","article_modified_time":"2024-07-04T11:20:25+00:00","og_image":[{"width":990,"height":990,"url":"https:\/\/www.sinchisinchi.com\/wp-content\/uploads\/2024\/05\/loto-azul.jpg","type":"image\/jpeg"}],"twitter_card":"summary_large_image","schema":{"@context":"https:\/\/schema.org","@graph":[{"@type":"WebPage","@id":"https:\/\/www.sinchisinchi.com\/de\/producto\/blauer-lotus-kakao\/","url":"https:\/\/www.sinchisinchi.com\/de\/producto\/blauer-lotus-kakao\/","name":"Zeremonieller Kakao mit blauem Lotus \u2013 Sinchi, Shamanic Shop","isPartOf":{"@id":"https:\/\/www.sinchisinchi.com\/de\/#website"},"primaryImageOfPage":{"@id":"https:\/\/www.sinchisinchi.com\/de\/producto\/blauer-lotus-kakao\/#primaryimage"},"image":{"@id":"https:\/\/www.sinchisinchi.com\/de\/producto\/blauer-lotus-kakao\/#primaryimage"},"thumbnailUrl":"https:\/\/www.sinchisinchi.com\/wp-content\/uploads\/2024\/05\/loto-azul.jpg","datePublished":"2024-05-28T13:05:10+00:00","dateModified":"2024-07-04T11:20:25+00:00","description":"Zeremonieller Kakao mit Blauem Lotus. Diese Mischung kombiniert zeremoniellen Kakao mit der Kraft des Blauen Lotus, einer Blume, die wegen ihrer spirituellen Eigenschaften sehr gesch\u00e4tzt wird.","breadcrumb":{"@id":"https:\/\/www.sinchisinchi.com\/de\/producto\/blauer-lotus-kakao\/#breadcrumb"},"inLanguage":"de","potentialAction":[{"@type":"ReadAction","target":["https:\/\/www.sinchisinchi.com\/de\/producto\/blauer-lotus-kakao\/"]}]},{"@type":"ImageObject","inLanguage":"de","@id":"https:\/\/www.sinchisinchi.com\/de\/producto\/blauer-lotus-kakao\/#primaryimage","url":"https:\/\/www.sinchisinchi.com\/wp-content\/uploads\/2024\/05\/loto-azul.jpg","contentUrl":"https:\/\/www.sinchisinchi.com\/wp-content\/uploads\/2024\/05\/loto-azul.jpg","width":990,"height":990},{"@type":"BreadcrumbList","@id":"https:\/\/www.sinchisinchi.com\/de\/producto\/blauer-lotus-kakao\/#breadcrumb","itemListElement":[{"@type":"ListItem","position":1,"name":"Titelseite","item":"https:\/\/www.sinchisinchi.com\/de\/"},{"@type":"ListItem","position":2,"name":"Produkte","item":"https:\/\/www.sinchisinchi.com\/de\/shop\/"},{"@type":"ListItem","position":3,"name":"Blauer Lotus-Kakao"}]},{"@type":"WebSite","@id":"https:\/\/www.sinchisinchi.com\/de\/#website","url":"https:\/\/www.sinchisinchi.com\/de\/","name":"SINCHI","description":"Sinchi Medicine","publisher":{"@id":"https:\/\/www.sinchisinchi.com\/de\/#organization"},"potentialAction":[{"@type":"SearchAction","target":{"@type":"EntryPoint","urlTemplate":"https:\/\/www.sinchisinchi.com\/de\/?s={search_term_string}"},"query-input":{"@type":"PropertyValueSpecification","valueRequired":true,"valueName":"search_term_string"}}],"inLanguage":"de"},{"@type":"Organization","@id":"https:\/\/www.sinchisinchi.com\/de\/#organization","name":"SINCHI S.L","url":"https:\/\/www.sinchisinchi.com\/de\/","logo":{"@type":"ImageObject","inLanguage":"de","@id":"https:\/\/www.sinchisinchi.com\/de\/#\/schema\/logo\/image\/","url":"https:\/\/www.sinchisinchi.com\/wp-content\/uploads\/2026\/01\/3b-Verde-SIMPLIFICADO-HORIZONTAL-F-TRANSPARENTE-scaled.png","contentUrl":"https:\/\/www.sinchisinchi.com\/wp-content\/uploads\/2026\/01\/3b-Verde-SIMPLIFICADO-HORIZONTAL-F-TRANSPARENTE-scaled.png","width":2560,"height":457,"caption":"SINCHI S.L"},"image":{"@id":"https:\/\/www.sinchisinchi.com\/de\/#\/schema\/logo\/image\/"},"sameAs":["https:\/\/www.facebook.com\/sinchirape\/","https:\/\/www.instagram.com\/sinchi_rape\/"]}]}},"_links":{"self":[{"href":"https:\/\/www.sinchisinchi.com\/de\/wp-json\/wp\/v2\/product\/14670","targetHints":{"allow":["GET"]}}],"collection":[{"href":"https:\/\/www.sinchisinchi.com\/de\/wp-json\/wp\/v2\/product"}],"about":[{"href":"https:\/\/www.sinchisinchi.com\/de\/wp-json\/wp\/v2\/types\/product"}],"wp:featuredmedia":[{"embeddable":true,"href":"https:\/\/www.sinchisinchi.com\/de\/wp-json\/wp\/v2\/media\/15934"}],"wp:attachment":[{"href":"https:\/\/www.sinchisinchi.com\/de\/wp-json\/wp\/v2\/media?parent=14670"}],"wp:term":[{"taxonomy":"product_brand","embeddable":true,"href":"https:\/\/www.sinchisinchi.com\/de\/wp-json\/wp\/v2\/product_brand?post=14670"},{"taxonomy":"product_cat","embeddable":true,"href":"https:\/\/www.sinchisinchi.com\/de\/wp-json\/wp\/v2\/product_cat?post=14670"},{"taxonomy":"product_tag","embeddable":true,"href":"https:\/\/www.sinchisinchi.com\/de\/wp-json\/wp\/v2\/product_tag?post=14670"}],"curies":[{"name":"wp","href":"https:\/\/api.w.org\/{rel}","templated":true}]}}