{"id":14675,"date":"2024-05-28T13:10:03","date_gmt":"2024-05-28T13:10:03","guid":{"rendered":"https:\/\/www.sinchisinchi.com\/producto\/roter-lotus-kakao\/"},"modified":"2024-07-04T11:16:10","modified_gmt":"2024-07-04T11:16:10","slug":"roter-lotus-kakao","status":"publish","type":"product","link":"https:\/\/www.sinchisinchi.com\/de\/producto\/roter-lotus-kakao\/","title":{"rendered":"Roter Lotus-Kakao"},"content":{"rendered":"","protected":false},"excerpt":{"rendered":"<p><span style=\"color: #000000;\">Zeremonieller Kakao mit rotem Lotus. Die Kombination aus zeremoniellem Kakao und rotem Lotus schafft eine Synergie, die die Selbstfindung und die tiefe Verbindung mit dem h\u00f6heren Bewusstsein unterst\u00fctzt.<\/span><\/p>\n<p><span style=\"color: #000000;\">Der Lotus ist eine heilige Pflanze, die im alten \u00c4gypten verwendet wurde und dort die Auferstehung symbolisierte. Seine Samen k\u00f6nnen auch nach 3000 Jahren noch keimen. Es war auch das Symbol Ober\u00e4gyptens vor der Vereinigung der beiden K\u00f6nigreiche.<\/span><\/p>\n<p><span style=\"color: #000000;\">In China wird diese Blume wegen ihrer Langlebigkeit besonders verehrt, da sie als die \u00e4lteste Blume gilt und seit mehr als 6.000 Jahren verwendet wird.<\/span><\/p>\n<p><span style=\"color: #000000;\">F\u00fcr Taoismus und Buddhismus ist diese Blume immer rein und rein, denn sie schwebt sauber und frei von allen Bindungen \u00fcber dem Schlamm, was ein Zeichen von Reinheit und Heiligkeit ist.<\/span><\/p>\n<p><span style=\"color: #000000;\">Der rote Lotus repr\u00e4sentiert die Eigenschaften des Herzens, wie Liebe, Leidenschaft und Mitgef\u00fchl. Sie ist auch als Buddha-Blume des Mitgef\u00fchls bekannt.<\/span><\/p>\n<p><span style=\"color: #000000;\"><strong>Typ:<\/strong> Kakao in Zeremonienqualit\u00e4t<\/span><\/p>\n<p><span style=\"color: #000000;\"><strong>Zutaten:<\/strong> Kakao (Theobroma cacao), Kakaobutter, Gew\u00fcrzmischung (Zimt, Kardamom, Nelken und Chilis), roter Lotus (Nymphaea pubescens), 0,8 g Extrakt pro Portion, angereichert mit rotem Lotusextrakt im Verh\u00e4ltnis 50:1.<\/span><\/p>\n<p><span style=\"color: #000000;\">Jede Portion enth\u00e4lt 0,8 g 50:1 Roter Lotus-Extrakt, was 40 Gramm Pflanzenmaterial entspricht.<\/span><\/p>\n<p><span style=\"color: #000000;\"><strong>Herkunft:<\/strong> Kolumbien<\/span><\/p>\n<p><span style=\"color: #000000;\"><strong>Pr\u00e4sentation:<\/strong> Kakaoblock.<\/span><\/p>\n<p><span style=\"color: #000000;\"><strong>Nettogewicht:<\/strong> 400 g<\/span><\/p>\n<p><span style=\"color: #000000;\"><strong>Lagerung:<\/strong> An einem k\u00fchlen, trockenen Ort ohne direkte Sonneneinstrahlung lagern.<\/span><\/p>\n","protected":false},"featured_media":14518,"template":"","meta":{"_joinchat":[]},"product_brand":[],"product_cat":[403,521],"product_tag":[],"class_list":{"0":"post-14675","1":"product","2":"type-product","3":"status-publish","4":"has-post-thumbnail","6":"product_cat-kakao","7":"product_cat-magies","9":"first","10":"instock","11":"taxable","12":"shipping-taxable","13":"purchasable","14":"product-type-simple"},"yoast_head":"<!-- This site is optimized with the Yoast SEO plugin v27.1.1 - https:\/\/yoast.com\/product\/yoast-seo-wordpress\/ -->\n<title>Zeremonieller roter Lotus-Kakao \u2013 Sinchi, Shamanic Shop<\/title>\n<meta name=\"description\" content=\"Die Kombination aus zeremoniellem Kakao und rotem Lotus schafft eine Synergie, die die Selbstfindung und die tiefe Verbindung mit dem h\u00f6heren Bewusstsein unterst\u00fctzt.\" \/>\n<meta name=\"robots\" content=\"index, follow, max-snippet:-1, max-image-preview:large, max-video-preview:-1\" \/>\n<link rel=\"canonical\" href=\"https:\/\/www.sinchisinchi.com\/de\/producto\/roter-lotus-kakao\/\" \/>\n<meta property=\"og:locale\" content=\"de_DE\" \/>\n<meta property=\"og:type\" content=\"article\" \/>\n<meta property=\"og:title\" content=\"Zeremonieller roter Lotus-Kakao \u2013 Sinchi, Shamanic Shop\" \/>\n<meta property=\"og:description\" content=\"Die Kombination aus zeremoniellem Kakao und rotem Lotus schafft eine Synergie, die die Selbstfindung und die tiefe Verbindung mit dem h\u00f6heren Bewusstsein unterst\u00fctzt.\" \/>\n<meta property=\"og:url\" content=\"https:\/\/www.sinchisinchi.com\/de\/producto\/roter-lotus-kakao\/\" \/>\n<meta property=\"og:site_name\" content=\"SINCHI RAP\u00c9\" \/>\n<meta property=\"article:publisher\" content=\"https:\/\/www.facebook.com\/sinchirape\/\" \/>\n<meta property=\"article:modified_time\" content=\"2024-07-04T11:16:10+00:00\" \/>\n<meta property=\"og:image\" content=\"https:\/\/www.sinchisinchi.com\/wp-content\/uploads\/2024\/05\/red-lotus.webp\" \/>\n\t<meta property=\"og:image:width\" content=\"1946\" \/>\n\t<meta property=\"og:image:height\" content=\"1946\" \/>\n\t<meta property=\"og:image:type\" content=\"image\/webp\" \/>\n<meta name=\"twitter:card\" content=\"summary_large_image\" \/>\n<script type=\"application\/ld+json\" class=\"yoast-schema-graph\">{\"@context\":\"https:\/\/schema.org\",\"@graph\":[{\"@type\":\"WebPage\",\"@id\":\"https:\/\/www.sinchisinchi.com\/de\/producto\/roter-lotus-kakao\/\",\"url\":\"https:\/\/www.sinchisinchi.com\/de\/producto\/roter-lotus-kakao\/\",\"name\":\"Zeremonieller roter Lotus-Kakao \u2013 Sinchi, Shamanic Shop\",\"isPartOf\":{\"@id\":\"https:\/\/www.sinchisinchi.com\/de\/#website\"},\"primaryImageOfPage\":{\"@id\":\"https:\/\/www.sinchisinchi.com\/de\/producto\/roter-lotus-kakao\/#primaryimage\"},\"image\":{\"@id\":\"https:\/\/www.sinchisinchi.com\/de\/producto\/roter-lotus-kakao\/#primaryimage\"},\"thumbnailUrl\":\"https:\/\/www.sinchisinchi.com\/wp-content\/uploads\/2024\/05\/red-lotus.webp\",\"datePublished\":\"2024-05-28T13:10:03+00:00\",\"dateModified\":\"2024-07-04T11:16:10+00:00\",\"description\":\"Die Kombination aus zeremoniellem Kakao und rotem Lotus schafft eine Synergie, die die Selbstfindung und die tiefe Verbindung mit dem h\u00f6heren Bewusstsein unterst\u00fctzt.\",\"breadcrumb\":{\"@id\":\"https:\/\/www.sinchisinchi.com\/de\/producto\/roter-lotus-kakao\/#breadcrumb\"},\"inLanguage\":\"de\",\"potentialAction\":[{\"@type\":\"ReadAction\",\"target\":[\"https:\/\/www.sinchisinchi.com\/de\/producto\/roter-lotus-kakao\/\"]}]},{\"@type\":\"ImageObject\",\"inLanguage\":\"de\",\"@id\":\"https:\/\/www.sinchisinchi.com\/de\/producto\/roter-lotus-kakao\/#primaryimage\",\"url\":\"https:\/\/www.sinchisinchi.com\/wp-content\/uploads\/2024\/05\/red-lotus.webp\",\"contentUrl\":\"https:\/\/www.sinchisinchi.com\/wp-content\/uploads\/2024\/05\/red-lotus.webp\",\"width\":1946,\"height\":1946},{\"@type\":\"BreadcrumbList\",\"@id\":\"https:\/\/www.sinchisinchi.com\/de\/producto\/roter-lotus-kakao\/#breadcrumb\",\"itemListElement\":[{\"@type\":\"ListItem\",\"position\":1,\"name\":\"Titelseite\",\"item\":\"https:\/\/www.sinchisinchi.com\/de\/\"},{\"@type\":\"ListItem\",\"position\":2,\"name\":\"Produkte\",\"item\":\"https:\/\/www.sinchisinchi.com\/de\/shop\/\"},{\"@type\":\"ListItem\",\"position\":3,\"name\":\"Roter Lotus-Kakao\"}]},{\"@type\":\"WebSite\",\"@id\":\"https:\/\/www.sinchisinchi.com\/de\/#website\",\"url\":\"https:\/\/www.sinchisinchi.com\/de\/\",\"name\":\"SINCHI\",\"description\":\"Sinchi Medicine\",\"publisher\":{\"@id\":\"https:\/\/www.sinchisinchi.com\/de\/#organization\"},\"potentialAction\":[{\"@type\":\"SearchAction\",\"target\":{\"@type\":\"EntryPoint\",\"urlTemplate\":\"https:\/\/www.sinchisinchi.com\/de\/?s={search_term_string}\"},\"query-input\":{\"@type\":\"PropertyValueSpecification\",\"valueRequired\":true,\"valueName\":\"search_term_string\"}}],\"inLanguage\":\"de\"},{\"@type\":\"Organization\",\"@id\":\"https:\/\/www.sinchisinchi.com\/de\/#organization\",\"name\":\"SINCHI S.L\",\"url\":\"https:\/\/www.sinchisinchi.com\/de\/\",\"logo\":{\"@type\":\"ImageObject\",\"inLanguage\":\"de\",\"@id\":\"https:\/\/www.sinchisinchi.com\/de\/#\/schema\/logo\/image\/\",\"url\":\"https:\/\/www.sinchisinchi.com\/wp-content\/uploads\/2026\/01\/3b-Verde-SIMPLIFICADO-HORIZONTAL-F-TRANSPARENTE-scaled.png\",\"contentUrl\":\"https:\/\/www.sinchisinchi.com\/wp-content\/uploads\/2026\/01\/3b-Verde-SIMPLIFICADO-HORIZONTAL-F-TRANSPARENTE-scaled.png\",\"width\":2560,\"height\":457,\"caption\":\"SINCHI S.L\"},\"image\":{\"@id\":\"https:\/\/www.sinchisinchi.com\/de\/#\/schema\/logo\/image\/\"},\"sameAs\":[\"https:\/\/www.facebook.com\/sinchirape\/\",\"https:\/\/www.instagram.com\/sinchi_rape\/\"]}]}<\/script>\n<!-- \/ Yoast SEO plugin. -->","yoast_head_json":{"title":"Zeremonieller roter Lotus-Kakao \u2013 Sinchi, Shamanic Shop","description":"Die Kombination aus zeremoniellem Kakao und rotem Lotus schafft eine Synergie, die die Selbstfindung und die tiefe Verbindung mit dem h\u00f6heren Bewusstsein unterst\u00fctzt.","robots":{"index":"index","follow":"follow","max-snippet":"max-snippet:-1","max-image-preview":"max-image-preview:large","max-video-preview":"max-video-preview:-1"},"canonical":"https:\/\/www.sinchisinchi.com\/de\/producto\/roter-lotus-kakao\/","og_locale":"de_DE","og_type":"article","og_title":"Zeremonieller roter Lotus-Kakao \u2013 Sinchi, Shamanic Shop","og_description":"Die Kombination aus zeremoniellem Kakao und rotem Lotus schafft eine Synergie, die die Selbstfindung und die tiefe Verbindung mit dem h\u00f6heren Bewusstsein unterst\u00fctzt.","og_url":"https:\/\/www.sinchisinchi.com\/de\/producto\/roter-lotus-kakao\/","og_site_name":"SINCHI RAP\u00c9","article_publisher":"https:\/\/www.facebook.com\/sinchirape\/","article_modified_time":"2024-07-04T11:16:10+00:00","og_image":[{"width":1946,"height":1946,"url":"https:\/\/www.sinchisinchi.com\/wp-content\/uploads\/2024\/05\/red-lotus.webp","type":"image\/webp"}],"twitter_card":"summary_large_image","schema":{"@context":"https:\/\/schema.org","@graph":[{"@type":"WebPage","@id":"https:\/\/www.sinchisinchi.com\/de\/producto\/roter-lotus-kakao\/","url":"https:\/\/www.sinchisinchi.com\/de\/producto\/roter-lotus-kakao\/","name":"Zeremonieller roter Lotus-Kakao \u2013 Sinchi, Shamanic Shop","isPartOf":{"@id":"https:\/\/www.sinchisinchi.com\/de\/#website"},"primaryImageOfPage":{"@id":"https:\/\/www.sinchisinchi.com\/de\/producto\/roter-lotus-kakao\/#primaryimage"},"image":{"@id":"https:\/\/www.sinchisinchi.com\/de\/producto\/roter-lotus-kakao\/#primaryimage"},"thumbnailUrl":"https:\/\/www.sinchisinchi.com\/wp-content\/uploads\/2024\/05\/red-lotus.webp","datePublished":"2024-05-28T13:10:03+00:00","dateModified":"2024-07-04T11:16:10+00:00","description":"Die Kombination aus zeremoniellem Kakao und rotem Lotus schafft eine Synergie, die die Selbstfindung und die tiefe Verbindung mit dem h\u00f6heren Bewusstsein unterst\u00fctzt.","breadcrumb":{"@id":"https:\/\/www.sinchisinchi.com\/de\/producto\/roter-lotus-kakao\/#breadcrumb"},"inLanguage":"de","potentialAction":[{"@type":"ReadAction","target":["https:\/\/www.sinchisinchi.com\/de\/producto\/roter-lotus-kakao\/"]}]},{"@type":"ImageObject","inLanguage":"de","@id":"https:\/\/www.sinchisinchi.com\/de\/producto\/roter-lotus-kakao\/#primaryimage","url":"https:\/\/www.sinchisinchi.com\/wp-content\/uploads\/2024\/05\/red-lotus.webp","contentUrl":"https:\/\/www.sinchisinchi.com\/wp-content\/uploads\/2024\/05\/red-lotus.webp","width":1946,"height":1946},{"@type":"BreadcrumbList","@id":"https:\/\/www.sinchisinchi.com\/de\/producto\/roter-lotus-kakao\/#breadcrumb","itemListElement":[{"@type":"ListItem","position":1,"name":"Titelseite","item":"https:\/\/www.sinchisinchi.com\/de\/"},{"@type":"ListItem","position":2,"name":"Produkte","item":"https:\/\/www.sinchisinchi.com\/de\/shop\/"},{"@type":"ListItem","position":3,"name":"Roter Lotus-Kakao"}]},{"@type":"WebSite","@id":"https:\/\/www.sinchisinchi.com\/de\/#website","url":"https:\/\/www.sinchisinchi.com\/de\/","name":"SINCHI","description":"Sinchi Medicine","publisher":{"@id":"https:\/\/www.sinchisinchi.com\/de\/#organization"},"potentialAction":[{"@type":"SearchAction","target":{"@type":"EntryPoint","urlTemplate":"https:\/\/www.sinchisinchi.com\/de\/?s={search_term_string}"},"query-input":{"@type":"PropertyValueSpecification","valueRequired":true,"valueName":"search_term_string"}}],"inLanguage":"de"},{"@type":"Organization","@id":"https:\/\/www.sinchisinchi.com\/de\/#organization","name":"SINCHI S.L","url":"https:\/\/www.sinchisinchi.com\/de\/","logo":{"@type":"ImageObject","inLanguage":"de","@id":"https:\/\/www.sinchisinchi.com\/de\/#\/schema\/logo\/image\/","url":"https:\/\/www.sinchisinchi.com\/wp-content\/uploads\/2026\/01\/3b-Verde-SIMPLIFICADO-HORIZONTAL-F-TRANSPARENTE-scaled.png","contentUrl":"https:\/\/www.sinchisinchi.com\/wp-content\/uploads\/2026\/01\/3b-Verde-SIMPLIFICADO-HORIZONTAL-F-TRANSPARENTE-scaled.png","width":2560,"height":457,"caption":"SINCHI S.L"},"image":{"@id":"https:\/\/www.sinchisinchi.com\/de\/#\/schema\/logo\/image\/"},"sameAs":["https:\/\/www.facebook.com\/sinchirape\/","https:\/\/www.instagram.com\/sinchi_rape\/"]}]}},"_links":{"self":[{"href":"https:\/\/www.sinchisinchi.com\/de\/wp-json\/wp\/v2\/product\/14675","targetHints":{"allow":["GET"]}}],"collection":[{"href":"https:\/\/www.sinchisinchi.com\/de\/wp-json\/wp\/v2\/product"}],"about":[{"href":"https:\/\/www.sinchisinchi.com\/de\/wp-json\/wp\/v2\/types\/product"}],"wp:featuredmedia":[{"embeddable":true,"href":"https:\/\/www.sinchisinchi.com\/de\/wp-json\/wp\/v2\/media\/14518"}],"wp:attachment":[{"href":"https:\/\/www.sinchisinchi.com\/de\/wp-json\/wp\/v2\/media?parent=14675"}],"wp:term":[{"taxonomy":"product_brand","embeddable":true,"href":"https:\/\/www.sinchisinchi.com\/de\/wp-json\/wp\/v2\/product_brand?post=14675"},{"taxonomy":"product_cat","embeddable":true,"href":"https:\/\/www.sinchisinchi.com\/de\/wp-json\/wp\/v2\/product_cat?post=14675"},{"taxonomy":"product_tag","embeddable":true,"href":"https:\/\/www.sinchisinchi.com\/de\/wp-json\/wp\/v2\/product_tag?post=14675"}],"curies":[{"name":"wp","href":"https:\/\/api.w.org\/{rel}","templated":true}]}}