{"id":16019,"date":"2024-07-04T10:04:18","date_gmt":"2024-07-04T10:04:18","guid":{"rendered":"https:\/\/www.sinchisinchi.com\/producto\/guatemaltekischer-zeremonienkakao-2\/"},"modified":"2024-07-04T10:04:18","modified_gmt":"2024-07-04T10:04:18","slug":"guatemaltekischer-zeremonienkakao-2","status":"publish","type":"product","link":"https:\/\/www.sinchisinchi.com\/de\/producto\/guatemaltekischer-zeremonienkakao-2\/","title":{"rendered":"Guatemaltekischer Zeremonienkakao"},"content":{"rendered":"<h2 style=\"text-align: center;\"><strong>Kakao q&#8217;eqchi&#8216;<\/strong><\/h2>\n<p>Kakaw ist ein altes Getr\u00e4nk des Q&#8217;eqchi&#8216;-Maya-Volkes, das in vielen Maya-Zeremonien verwendet wird.<\/p>\n<p>In der Bergregion Alta Verapaz in Guatemala bauen einheimische Q&#8217;eqchi-Bauern einige der besten Kakaosorten der Welt an.<\/p>\n<p>In der Lachu\u00e1-\u00d6koregion gibt es eine wundersch\u00f6ne Lagune, die seit 1976 als Nationalpark gilt: die Lachu\u00e1-Lagune, um die herum zahlreiche Q&#8217;eqchi&#8216;-Maya-Familien leben, die sich haupts\u00e4chlich dem Kakaoanbau widmen.<\/p>\n<h3 style=\"text-align: center;\"><strong>Q&#8217;eqchi&#8216;-Eingeborenendorf<\/strong><\/h3>\n<p>Q&#8217;eqchi&#8216; ist eine Maya-Stadt, die noch immer in Guatemala existiert. Sie lie\u00dfen sich um etwa 600 v. Chr. rund um einige H\u00fcgel in der N\u00e4he der Fl\u00fcsse Chixoy und Polochic nieder und hatten Kontakt zu alten Zivilisationen wie den Pipil, Tolteken, Chichimeca und den gro\u00dfen Maya-St\u00e4dten.<\/p>\n<p>Bis zur Ankunft der Spanier wurden sie von H\u00e4uptlingen regiert, die wiederum von einem gro\u00dfen Herrn abh\u00e4ngig waren, der von allen F\u00fcrsten gew\u00e4hlt wurde.<\/p>\n<p>Arch\u00e4ologische St\u00e4tten mit Anzeichen von Jateado-Steinkonstruktionen sind Chajkar, Chimax, Chinama, Ku&#8217;k&#8217;uch in Chinapet\u00e9n und hinter dem Kalvarienberg von San Pedro Carch\u00e1. Der Kalvarienberg von Cob\u00e1n ist eines der wichtigsten Zeremonienzentren der Maya.<\/p>\n<p>Der wichtigste Wirtschaftszweig ist die Landwirtschaft; Es werden Mais und Bohnen angepflanzt, die die Nahrung der Familie darstellen, erg\u00e4nzt durch die Aufzucht von V\u00f6geln, Schweinen und anderen Haustieren.<\/p>\n<p>Sein Name wird Kekch\u00ed (gem\u00e4\u00df der aktuellen Schreibweise) oder Q&#8217;eqchi&#8216; (gem\u00e4\u00df der alten Schreibweise) geschrieben.<\/p>\n<p>&nbsp;<\/p>\n<h3 style=\"text-align: center;\"><strong>Mopan-Eingeborenendorf<\/strong><\/h3>\n<p>Das Volk der Mop\u00e1n ist eine der Maya-St\u00e4dte in Belize und Guatemala im Departement Pet\u00e9n. Ihre indigene Sprache wird auch Mop\u00e1n genannt und ist eine der Yucatecan-Maya-Sprachen Mexikos, die als gef\u00e4hrdete Sprache gilt.<\/p>\n<p>Ihre Ern\u00e4hrung basiert auf Mais, aus dem sie einen gro\u00dfen Teil ihrer traditionellen Rezepte beziehen: Nuk (Br\u00f6tchen), Tait (Mais-Tamale), K&#8217;a k&#8217;aan ek&#8217;en (ger\u00e4ucherte Zelldistel), Chu&#8216; uk wa ( s\u00fc\u00dfer Toast).<\/p>\n<p>Die Mop\u00e1n-Gemeinschaft ist auf Stoffstickereien spezialisiert, aus denen Hemden, Blusen, Taschen, B\u00fcrstenhalter, Tischdecken und Decken hergestellt werden. Zur Herstellung von Stickereien werden Dacron-Stoff, Wolle und Garn verwendet.<\/p>\n<p>Die Mop\u00e1n-Sprache ist Teil der Maya-Sprachfamilie Mexikos. Obwohl es aufgrund des Einflusses von Spanisch und Englisch einen R\u00fcckgang erlitten hat, wird es immer noch in vielen Mopan-Gemeinden gesprochen. Zu den gebr\u00e4uchlichen W\u00f6rtern in Mop\u00e1n geh\u00f6ren \u201eK\u2019iche\u2019\u201c (Wald), \u201eNo\u2019j\u201c (Weisheit) und \u201eTz\u2019ikin\u201c (Vogel). Die Erhaltung ihrer Sprache gilt als entscheidender Bestandteil f\u00fcr das \u00dcberleben ihrer Kultur.<\/p>\n<p>Derzeit stehen die Mop\u00e1n vor zahlreichen Herausforderungen, darunter der Bewahrung ihrer Kultur und ihres Landes angesichts der Modernisierung und Globalisierung, der Aufrechterhaltung ihrer Traditionen und ihrer Sprache und der Anpassung an Ver\u00e4nderungen, ohne ihr Wesen zu verlieren.<\/p>\n<p>Die Mop\u00e1n-Weltanschauung versteht die Welt als eine miteinander verbundene Einheit, in der jedes Element, ob Mensch, Tier oder Natur, eine entscheidende Rolle spielt. Diese Weltanschauung beeinflusst alle Aspekte ihres Lebens, von der Landwirtschaft bis zu sozialen Beziehungen.<\/p>\n","protected":false},"excerpt":{"rendered":"<p>100 % reiner Kakao in Zeremonienqualit\u00e4t, von den einheimischen Maya-Q&#8217;eqchi-Familien.<\/p>\n<p>Dieser zeremonielle Qualit\u00e4tskakao wird von einheimischen Q&#8217;eqchi&#8216;-Maya-Familien angebaut und geerntet, viele von ihnen im Hochland von Guatemala rund um die Laguna Lachu\u00e1, eine wundersch\u00f6ne Cenote.<\/p>\n<p>Die Mayas bauten seit Tausenden von Jahren Kakao in perfekter Harmonie mit Honig, Kardamom und Mais an.<\/p>\n<p>Die indigenen Q&#8217;eqchi&#8216;-Gemeinschaften sind die H\u00fcter der Heiligkeit des Kakaos und bewahren seit Tausenden von Jahren die uralten Zeremonien von Feuer und Kakao.<\/p>\n<p>&nbsp;<\/p>\n<p><strong>Typ:<\/strong> Kakao in Zeremonienqualit\u00e4t.<\/p>\n<p><strong>Zutaten:<\/strong> Kakao in Zeremonienqualit\u00e4t, Cayennepfeffer, Ceylon-Zimt und Vanille.<\/p>\n<p><strong>Herkunft:<\/strong> Maya-St\u00e4mme im S\u00fcden Belizes.<\/p>\n<p><strong>Pr\u00e4sentation:<\/strong> Kakaoblock.<\/p>\n<p><strong>Gr\u00f6\u00dfe:<\/strong> 500 Gramm.<\/p>\n<p><strong>Lagerung:<\/strong> An einem k\u00fchlen, trockenen Ort ohne direkte Sonneneinstrahlung lagern.<\/p>\n","protected":false},"featured_media":15914,"template":"","meta":{"_joinchat":[]},"product_brand":[],"product_cat":[403,131,516],"product_tag":[],"class_list":{"0":"post-16019","1":"product","2":"type-product","3":"status-publish","4":"has-post-thumbnail","6":"product_cat-kakao","7":"product_cat-ohne-kategorie","8":"product_cat-zeremoniell","10":"first","11":"instock","12":"taxable","13":"shipping-taxable","14":"purchasable","15":"product-type-simple"},"yoast_head":"<!-- This site is optimized with the Yoast SEO plugin v27.1.1 - https:\/\/yoast.com\/product\/yoast-seo-wordpress\/ -->\n<title>Zeremonieller Kakao aus Guatemala: Sinchi, schamanisches Gesch\u00e4ft<\/title>\n<meta name=\"description\" content=\"Dieser zeremonielle Qualit\u00e4tskakao wird von einheimischen Q&#039;eqchi&#039;-Maya-Familien rund um die Lachu\u00e1-Lagune angebaut und geerntet.\" \/>\n<meta name=\"robots\" content=\"index, follow, max-snippet:-1, max-image-preview:large, max-video-preview:-1\" \/>\n<link rel=\"canonical\" href=\"https:\/\/www.sinchisinchi.com\/de\/producto\/guatemaltekischer-zeremonienkakao-2\/\" \/>\n<meta property=\"og:locale\" content=\"de_DE\" \/>\n<meta property=\"og:type\" content=\"article\" \/>\n<meta property=\"og:title\" content=\"Zeremonieller Kakao aus Guatemala: Sinchi, schamanisches Gesch\u00e4ft\" \/>\n<meta property=\"og:description\" content=\"Dieser zeremonielle Qualit\u00e4tskakao wird von einheimischen Q&#039;eqchi&#039;-Maya-Familien rund um die Lachu\u00e1-Lagune angebaut und geerntet.\" \/>\n<meta property=\"og:url\" content=\"https:\/\/www.sinchisinchi.com\/de\/producto\/guatemaltekischer-zeremonienkakao-2\/\" \/>\n<meta property=\"og:site_name\" content=\"SINCHI RAP\u00c9\" \/>\n<meta property=\"article:publisher\" content=\"https:\/\/www.facebook.com\/sinchirape\/\" \/>\n<meta property=\"og:image\" content=\"https:\/\/www.sinchisinchi.com\/wp-content\/uploads\/2024\/05\/2-Cacao-Ceremonial1-1-1024x683-copia.jpg\" \/>\n\t<meta property=\"og:image:width\" content=\"1024\" \/>\n\t<meta property=\"og:image:height\" content=\"683\" \/>\n\t<meta property=\"og:image:type\" content=\"image\/jpeg\" \/>\n<meta name=\"twitter:card\" content=\"summary_large_image\" \/>\n<meta name=\"twitter:label1\" content=\"Gesch\u00e4tzte Lesezeit\" \/>\n\t<meta name=\"twitter:data1\" content=\"2\u00a0Minuten\" \/>\n<script type=\"application\/ld+json\" class=\"yoast-schema-graph\">{\"@context\":\"https:\/\/schema.org\",\"@graph\":[{\"@type\":\"WebPage\",\"@id\":\"https:\/\/www.sinchisinchi.com\/de\/producto\/guatemaltekischer-zeremonienkakao-2\/\",\"url\":\"https:\/\/www.sinchisinchi.com\/de\/producto\/guatemaltekischer-zeremonienkakao-2\/\",\"name\":\"Zeremonieller Kakao aus Guatemala: Sinchi, schamanisches Gesch\u00e4ft\",\"isPartOf\":{\"@id\":\"https:\/\/www.sinchisinchi.com\/de\/#website\"},\"primaryImageOfPage\":{\"@id\":\"https:\/\/www.sinchisinchi.com\/de\/producto\/guatemaltekischer-zeremonienkakao-2\/#primaryimage\"},\"image\":{\"@id\":\"https:\/\/www.sinchisinchi.com\/de\/producto\/guatemaltekischer-zeremonienkakao-2\/#primaryimage\"},\"thumbnailUrl\":\"https:\/\/www.sinchisinchi.com\/wp-content\/uploads\/2024\/05\/2-Cacao-Ceremonial1-1-1024x683-copia.jpg\",\"datePublished\":\"2024-07-04T10:04:18+00:00\",\"description\":\"Dieser zeremonielle Qualit\u00e4tskakao wird von einheimischen Q'eqchi'-Maya-Familien rund um die Lachu\u00e1-Lagune angebaut und geerntet.\",\"breadcrumb\":{\"@id\":\"https:\/\/www.sinchisinchi.com\/de\/producto\/guatemaltekischer-zeremonienkakao-2\/#breadcrumb\"},\"inLanguage\":\"de\",\"potentialAction\":[{\"@type\":\"ReadAction\",\"target\":[\"https:\/\/www.sinchisinchi.com\/de\/producto\/guatemaltekischer-zeremonienkakao-2\/\"]}]},{\"@type\":\"ImageObject\",\"inLanguage\":\"de\",\"@id\":\"https:\/\/www.sinchisinchi.com\/de\/producto\/guatemaltekischer-zeremonienkakao-2\/#primaryimage\",\"url\":\"https:\/\/www.sinchisinchi.com\/wp-content\/uploads\/2024\/05\/2-Cacao-Ceremonial1-1-1024x683-copia.jpg\",\"contentUrl\":\"https:\/\/www.sinchisinchi.com\/wp-content\/uploads\/2024\/05\/2-Cacao-Ceremonial1-1-1024x683-copia.jpg\",\"width\":1024,\"height\":683},{\"@type\":\"BreadcrumbList\",\"@id\":\"https:\/\/www.sinchisinchi.com\/de\/producto\/guatemaltekischer-zeremonienkakao-2\/#breadcrumb\",\"itemListElement\":[{\"@type\":\"ListItem\",\"position\":1,\"name\":\"Titelseite\",\"item\":\"https:\/\/www.sinchisinchi.com\/de\/\"},{\"@type\":\"ListItem\",\"position\":2,\"name\":\"Produkte\",\"item\":\"https:\/\/www.sinchisinchi.com\/de\/shop\/\"},{\"@type\":\"ListItem\",\"position\":3,\"name\":\"Guatemaltekischer Zeremonienkakao\"}]},{\"@type\":\"WebSite\",\"@id\":\"https:\/\/www.sinchisinchi.com\/de\/#website\",\"url\":\"https:\/\/www.sinchisinchi.com\/de\/\",\"name\":\"SINCHI\",\"description\":\"Sinchi Medicine\",\"publisher\":{\"@id\":\"https:\/\/www.sinchisinchi.com\/de\/#organization\"},\"potentialAction\":[{\"@type\":\"SearchAction\",\"target\":{\"@type\":\"EntryPoint\",\"urlTemplate\":\"https:\/\/www.sinchisinchi.com\/de\/?s={search_term_string}\"},\"query-input\":{\"@type\":\"PropertyValueSpecification\",\"valueRequired\":true,\"valueName\":\"search_term_string\"}}],\"inLanguage\":\"de\"},{\"@type\":\"Organization\",\"@id\":\"https:\/\/www.sinchisinchi.com\/de\/#organization\",\"name\":\"SINCHI S.L\",\"url\":\"https:\/\/www.sinchisinchi.com\/de\/\",\"logo\":{\"@type\":\"ImageObject\",\"inLanguage\":\"de\",\"@id\":\"https:\/\/www.sinchisinchi.com\/de\/#\/schema\/logo\/image\/\",\"url\":\"https:\/\/www.sinchisinchi.com\/wp-content\/uploads\/2026\/01\/3b-Verde-SIMPLIFICADO-HORIZONTAL-F-TRANSPARENTE-scaled.png\",\"contentUrl\":\"https:\/\/www.sinchisinchi.com\/wp-content\/uploads\/2026\/01\/3b-Verde-SIMPLIFICADO-HORIZONTAL-F-TRANSPARENTE-scaled.png\",\"width\":2560,\"height\":457,\"caption\":\"SINCHI S.L\"},\"image\":{\"@id\":\"https:\/\/www.sinchisinchi.com\/de\/#\/schema\/logo\/image\/\"},\"sameAs\":[\"https:\/\/www.facebook.com\/sinchirape\/\",\"https:\/\/www.instagram.com\/sinchi_rape\/\"]}]}<\/script>\n<!-- \/ Yoast SEO plugin. -->","yoast_head_json":{"title":"Zeremonieller Kakao aus Guatemala: Sinchi, schamanisches Gesch\u00e4ft","description":"Dieser zeremonielle Qualit\u00e4tskakao wird von einheimischen Q'eqchi'-Maya-Familien rund um die Lachu\u00e1-Lagune angebaut und geerntet.","robots":{"index":"index","follow":"follow","max-snippet":"max-snippet:-1","max-image-preview":"max-image-preview:large","max-video-preview":"max-video-preview:-1"},"canonical":"https:\/\/www.sinchisinchi.com\/de\/producto\/guatemaltekischer-zeremonienkakao-2\/","og_locale":"de_DE","og_type":"article","og_title":"Zeremonieller Kakao aus Guatemala: Sinchi, schamanisches Gesch\u00e4ft","og_description":"Dieser zeremonielle Qualit\u00e4tskakao wird von einheimischen Q'eqchi'-Maya-Familien rund um die Lachu\u00e1-Lagune angebaut und geerntet.","og_url":"https:\/\/www.sinchisinchi.com\/de\/producto\/guatemaltekischer-zeremonienkakao-2\/","og_site_name":"SINCHI RAP\u00c9","article_publisher":"https:\/\/www.facebook.com\/sinchirape\/","og_image":[{"width":1024,"height":683,"url":"https:\/\/www.sinchisinchi.com\/wp-content\/uploads\/2024\/05\/2-Cacao-Ceremonial1-1-1024x683-copia.jpg","type":"image\/jpeg"}],"twitter_card":"summary_large_image","twitter_misc":{"Gesch\u00e4tzte Lesezeit":"2\u00a0Minuten"},"schema":{"@context":"https:\/\/schema.org","@graph":[{"@type":"WebPage","@id":"https:\/\/www.sinchisinchi.com\/de\/producto\/guatemaltekischer-zeremonienkakao-2\/","url":"https:\/\/www.sinchisinchi.com\/de\/producto\/guatemaltekischer-zeremonienkakao-2\/","name":"Zeremonieller Kakao aus Guatemala: Sinchi, schamanisches Gesch\u00e4ft","isPartOf":{"@id":"https:\/\/www.sinchisinchi.com\/de\/#website"},"primaryImageOfPage":{"@id":"https:\/\/www.sinchisinchi.com\/de\/producto\/guatemaltekischer-zeremonienkakao-2\/#primaryimage"},"image":{"@id":"https:\/\/www.sinchisinchi.com\/de\/producto\/guatemaltekischer-zeremonienkakao-2\/#primaryimage"},"thumbnailUrl":"https:\/\/www.sinchisinchi.com\/wp-content\/uploads\/2024\/05\/2-Cacao-Ceremonial1-1-1024x683-copia.jpg","datePublished":"2024-07-04T10:04:18+00:00","description":"Dieser zeremonielle Qualit\u00e4tskakao wird von einheimischen Q'eqchi'-Maya-Familien rund um die Lachu\u00e1-Lagune angebaut und geerntet.","breadcrumb":{"@id":"https:\/\/www.sinchisinchi.com\/de\/producto\/guatemaltekischer-zeremonienkakao-2\/#breadcrumb"},"inLanguage":"de","potentialAction":[{"@type":"ReadAction","target":["https:\/\/www.sinchisinchi.com\/de\/producto\/guatemaltekischer-zeremonienkakao-2\/"]}]},{"@type":"ImageObject","inLanguage":"de","@id":"https:\/\/www.sinchisinchi.com\/de\/producto\/guatemaltekischer-zeremonienkakao-2\/#primaryimage","url":"https:\/\/www.sinchisinchi.com\/wp-content\/uploads\/2024\/05\/2-Cacao-Ceremonial1-1-1024x683-copia.jpg","contentUrl":"https:\/\/www.sinchisinchi.com\/wp-content\/uploads\/2024\/05\/2-Cacao-Ceremonial1-1-1024x683-copia.jpg","width":1024,"height":683},{"@type":"BreadcrumbList","@id":"https:\/\/www.sinchisinchi.com\/de\/producto\/guatemaltekischer-zeremonienkakao-2\/#breadcrumb","itemListElement":[{"@type":"ListItem","position":1,"name":"Titelseite","item":"https:\/\/www.sinchisinchi.com\/de\/"},{"@type":"ListItem","position":2,"name":"Produkte","item":"https:\/\/www.sinchisinchi.com\/de\/shop\/"},{"@type":"ListItem","position":3,"name":"Guatemaltekischer Zeremonienkakao"}]},{"@type":"WebSite","@id":"https:\/\/www.sinchisinchi.com\/de\/#website","url":"https:\/\/www.sinchisinchi.com\/de\/","name":"SINCHI","description":"Sinchi Medicine","publisher":{"@id":"https:\/\/www.sinchisinchi.com\/de\/#organization"},"potentialAction":[{"@type":"SearchAction","target":{"@type":"EntryPoint","urlTemplate":"https:\/\/www.sinchisinchi.com\/de\/?s={search_term_string}"},"query-input":{"@type":"PropertyValueSpecification","valueRequired":true,"valueName":"search_term_string"}}],"inLanguage":"de"},{"@type":"Organization","@id":"https:\/\/www.sinchisinchi.com\/de\/#organization","name":"SINCHI S.L","url":"https:\/\/www.sinchisinchi.com\/de\/","logo":{"@type":"ImageObject","inLanguage":"de","@id":"https:\/\/www.sinchisinchi.com\/de\/#\/schema\/logo\/image\/","url":"https:\/\/www.sinchisinchi.com\/wp-content\/uploads\/2026\/01\/3b-Verde-SIMPLIFICADO-HORIZONTAL-F-TRANSPARENTE-scaled.png","contentUrl":"https:\/\/www.sinchisinchi.com\/wp-content\/uploads\/2026\/01\/3b-Verde-SIMPLIFICADO-HORIZONTAL-F-TRANSPARENTE-scaled.png","width":2560,"height":457,"caption":"SINCHI S.L"},"image":{"@id":"https:\/\/www.sinchisinchi.com\/de\/#\/schema\/logo\/image\/"},"sameAs":["https:\/\/www.facebook.com\/sinchirape\/","https:\/\/www.instagram.com\/sinchi_rape\/"]}]}},"_links":{"self":[{"href":"https:\/\/www.sinchisinchi.com\/de\/wp-json\/wp\/v2\/product\/16019","targetHints":{"allow":["GET"]}}],"collection":[{"href":"https:\/\/www.sinchisinchi.com\/de\/wp-json\/wp\/v2\/product"}],"about":[{"href":"https:\/\/www.sinchisinchi.com\/de\/wp-json\/wp\/v2\/types\/product"}],"wp:featuredmedia":[{"embeddable":true,"href":"https:\/\/www.sinchisinchi.com\/de\/wp-json\/wp\/v2\/media\/15914"}],"wp:attachment":[{"href":"https:\/\/www.sinchisinchi.com\/de\/wp-json\/wp\/v2\/media?parent=16019"}],"wp:term":[{"taxonomy":"product_brand","embeddable":true,"href":"https:\/\/www.sinchisinchi.com\/de\/wp-json\/wp\/v2\/product_brand?post=16019"},{"taxonomy":"product_cat","embeddable":true,"href":"https:\/\/www.sinchisinchi.com\/de\/wp-json\/wp\/v2\/product_cat?post=16019"},{"taxonomy":"product_tag","embeddable":true,"href":"https:\/\/www.sinchisinchi.com\/de\/wp-json\/wp\/v2\/product_tag?post=16019"}],"curies":[{"name":"wp","href":"https:\/\/api.w.org\/{rel}","templated":true}]}}