{"id":18986,"date":"2024-07-20T10:45:10","date_gmt":"2024-07-20T10:45:10","guid":{"rendered":"https:\/\/www.sinchisinchi.com\/producto\/50g-apurina-awiry\/"},"modified":"2024-07-28T00:56:36","modified_gmt":"2024-07-28T00:56:36","slug":"50g-apurina-awiry","status":"publish","type":"product","link":"https:\/\/www.sinchisinchi.com\/de\/producto\/50g-apurina-awiry\/","title":{"rendered":"Apurina Awiry 50g"},"content":{"rendered":"<a href=\"https:\/\/www.sinchisinchi.com\/de\/producto\/apurina-rape\/\" target=\"_blank\" class=\"button secondary is-large lowercase expand\" rel=\"noopener\" >\n\t\t<span>VOLLST\u00c4NDIGE BESCHREIBUNG<\/span>\n\t<\/a>\n\n","protected":false},"excerpt":{"rendered":"<p><strong>Awiry-Schnupftabak vom Stamm der Apurina.<\/strong><\/p>\n<p>Die Apurin\u00e3 sind ber\u00fchmt f\u00fcr ihr gr\u00fcnes Rap\u00e9, einzigartig und v\u00f6llig anders als die anderen St\u00e4mme der Region. Es wird aus einer heiligen Pflanze hergestellt, die sie Awiry nennen und die von manchen als eine Art wilder Tabak angesehen wird.<\/p>\n<p>Apurina Awiry Rap\u00e9 enth\u00e4lt weder Asche noch Tabak; Nur gemahlene und fein gesiebte Awiri-Bl\u00e4tter verleihen ihm seine charakteristische gr\u00fcne Farbe und es ist eine perfekte Sorte f\u00fcr diejenigen, die einen nikotinfreien Schnupftabak w\u00fcnschen.<\/p>\n<p>Gr\u00f6\u00dfe: 50 Gramm.<\/p>\n<p>Siehe Link zur Beschreibung unten.<\/p>\n","protected":false},"featured_media":17629,"template":"","meta":{"_joinchat":[]},"product_brand":[],"product_cat":[550,538,120],"product_tag":[],"class_list":{"0":"post-18986","1":"product","2":"type-product","3":"status-publish","4":"has-post-thumbnail","6":"product_cat-50gr-boa-de","7":"product_cat-50gr-rape-de","8":"product_cat-rape-de","10":"first","11":"instock","12":"taxable","13":"shipping-taxable","14":"purchasable","15":"product-type-simple"},"yoast_head":"<!-- This site is optimized with the Yoast SEO plugin v27.4 - https:\/\/yoast.com\/product\/yoast-seo-wordpress\/ -->\n<title>Apurina Awiry 50g - SINCHI RAP\u00c9<\/title>\n<meta name=\"robots\" content=\"noindex, follow\" \/>\n<meta property=\"og:locale\" content=\"de_DE\" \/>\n<meta property=\"og:type\" content=\"article\" \/>\n<meta property=\"og:title\" content=\"Apurina Awiry 50g - SINCHI RAP\u00c9\" \/>\n<meta property=\"og:description\" content=\"Awiry-Schnupftabak vom Stamm der Apurina.  Die Apurin\u00e3 sind ber\u00fchmt f\u00fcr ihr gr\u00fcnes Rap\u00e9, einzigartig und v\u00f6llig anders als die anderen St\u00e4mme der Region. Es wird aus einer heiligen Pflanze hergestellt, die sie Awiry nennen und die von manchen als eine Art wilder Tabak angesehen wird.  Apurina Awiry Rap\u00e9 enth\u00e4lt weder Asche noch Tabak; Nur gemahlene und fein gesiebte Awiri-Bl\u00e4tter verleihen ihm seine charakteristische gr\u00fcne Farbe und es ist eine perfekte Sorte f\u00fcr diejenigen, die einen nikotinfreien Schnupftabak w\u00fcnschen.  Gr\u00f6\u00dfe: 50 Gramm.  Siehe Link zur Beschreibung unten.\" \/>\n<meta property=\"og:url\" content=\"https:\/\/www.sinchisinchi.com\/de\/producto\/50g-apurina-awiry\/\" \/>\n<meta property=\"og:site_name\" content=\"SINCHI RAP\u00c9\" \/>\n<meta property=\"article:publisher\" content=\"https:\/\/www.facebook.com\/sinchirape\/\" \/>\n<meta property=\"article:modified_time\" content=\"2024-07-28T00:56:36+00:00\" \/>\n<meta property=\"og:image\" content=\"https:\/\/www.sinchisinchi.com\/wp-content\/uploads\/2024\/07\/6.4-Rape-Awiry-Delantera.jpg\" \/>\n\t<meta property=\"og:image:width\" content=\"700\" \/>\n\t<meta property=\"og:image:height\" content=\"700\" \/>\n\t<meta property=\"og:image:type\" content=\"image\/jpeg\" \/>\n<meta name=\"twitter:card\" content=\"summary_large_image\" \/>\n<script type=\"application\/ld+json\" class=\"yoast-schema-graph\">{\"@context\":\"https:\\\/\\\/schema.org\",\"@graph\":[{\"@type\":\"WebPage\",\"@id\":\"https:\\\/\\\/www.sinchisinchi.com\\\/de\\\/producto\\\/50g-apurina-awiry\\\/\",\"url\":\"https:\\\/\\\/www.sinchisinchi.com\\\/de\\\/producto\\\/50g-apurina-awiry\\\/\",\"name\":\"Apurina Awiry 50g - SINCHI RAP\u00c9\",\"isPartOf\":{\"@id\":\"https:\\\/\\\/www.sinchisinchi.com\\\/de\\\/#website\"},\"primaryImageOfPage\":{\"@id\":\"https:\\\/\\\/www.sinchisinchi.com\\\/de\\\/producto\\\/50g-apurina-awiry\\\/#primaryimage\"},\"image\":{\"@id\":\"https:\\\/\\\/www.sinchisinchi.com\\\/de\\\/producto\\\/50g-apurina-awiry\\\/#primaryimage\"},\"thumbnailUrl\":\"https:\\\/\\\/www.sinchisinchi.com\\\/wp-content\\\/uploads\\\/2024\\\/07\\\/6.4-Rape-Awiry-Delantera.jpg\",\"datePublished\":\"2024-07-20T10:45:10+00:00\",\"dateModified\":\"2024-07-28T00:56:36+00:00\",\"breadcrumb\":{\"@id\":\"https:\\\/\\\/www.sinchisinchi.com\\\/de\\\/producto\\\/50g-apurina-awiry\\\/#breadcrumb\"},\"inLanguage\":\"de\",\"potentialAction\":[{\"@type\":\"ReadAction\",\"target\":[\"https:\\\/\\\/www.sinchisinchi.com\\\/de\\\/producto\\\/50g-apurina-awiry\\\/\"]}]},{\"@type\":\"ImageObject\",\"inLanguage\":\"de\",\"@id\":\"https:\\\/\\\/www.sinchisinchi.com\\\/de\\\/producto\\\/50g-apurina-awiry\\\/#primaryimage\",\"url\":\"https:\\\/\\\/www.sinchisinchi.com\\\/wp-content\\\/uploads\\\/2024\\\/07\\\/6.4-Rape-Awiry-Delantera.jpg\",\"contentUrl\":\"https:\\\/\\\/www.sinchisinchi.com\\\/wp-content\\\/uploads\\\/2024\\\/07\\\/6.4-Rape-Awiry-Delantera.jpg\",\"width\":700,\"height\":700},{\"@type\":\"BreadcrumbList\",\"@id\":\"https:\\\/\\\/www.sinchisinchi.com\\\/de\\\/producto\\\/50g-apurina-awiry\\\/#breadcrumb\",\"itemListElement\":[{\"@type\":\"ListItem\",\"position\":1,\"name\":\"Titelseite\",\"item\":\"https:\\\/\\\/www.sinchisinchi.com\\\/de\\\/\"},{\"@type\":\"ListItem\",\"position\":2,\"name\":\"Produkte\",\"item\":\"https:\\\/\\\/www.sinchisinchi.com\\\/de\\\/shop\\\/\"},{\"@type\":\"ListItem\",\"position\":3,\"name\":\"Apurina Awiry 50g\"}]},{\"@type\":\"WebSite\",\"@id\":\"https:\\\/\\\/www.sinchisinchi.com\\\/de\\\/#website\",\"url\":\"https:\\\/\\\/www.sinchisinchi.com\\\/de\\\/\",\"name\":\"SINCHI\",\"description\":\"Sinchi Medicine\",\"publisher\":{\"@id\":\"https:\\\/\\\/www.sinchisinchi.com\\\/de\\\/#organization\"},\"potentialAction\":[{\"@type\":\"SearchAction\",\"target\":{\"@type\":\"EntryPoint\",\"urlTemplate\":\"https:\\\/\\\/www.sinchisinchi.com\\\/de\\\/?s={search_term_string}\"},\"query-input\":{\"@type\":\"PropertyValueSpecification\",\"valueRequired\":true,\"valueName\":\"search_term_string\"}}],\"inLanguage\":\"de\"},{\"@type\":\"Organization\",\"@id\":\"https:\\\/\\\/www.sinchisinchi.com\\\/de\\\/#organization\",\"name\":\"SINCHI S.L\",\"url\":\"https:\\\/\\\/www.sinchisinchi.com\\\/de\\\/\",\"logo\":{\"@type\":\"ImageObject\",\"inLanguage\":\"de\",\"@id\":\"https:\\\/\\\/www.sinchisinchi.com\\\/de\\\/#\\\/schema\\\/logo\\\/image\\\/\",\"url\":\"https:\\\/\\\/www.sinchisinchi.com\\\/wp-content\\\/uploads\\\/2026\\\/01\\\/3b-Verde-SIMPLIFICADO-HORIZONTAL-F-TRANSPARENTE-scaled.png\",\"contentUrl\":\"https:\\\/\\\/www.sinchisinchi.com\\\/wp-content\\\/uploads\\\/2026\\\/01\\\/3b-Verde-SIMPLIFICADO-HORIZONTAL-F-TRANSPARENTE-scaled.png\",\"width\":2560,\"height\":457,\"caption\":\"SINCHI S.L\"},\"image\":{\"@id\":\"https:\\\/\\\/www.sinchisinchi.com\\\/de\\\/#\\\/schema\\\/logo\\\/image\\\/\"},\"sameAs\":[\"https:\\\/\\\/www.facebook.com\\\/sinchirape\\\/\",\"https:\\\/\\\/www.instagram.com\\\/sinchi_rape\\\/\"]}]}<\/script>\n<!-- \/ Yoast SEO plugin. -->","yoast_head_json":{"title":"Apurina Awiry 50g - SINCHI RAP\u00c9","robots":{"index":"noindex","follow":"follow"},"og_locale":"de_DE","og_type":"article","og_title":"Apurina Awiry 50g - SINCHI RAP\u00c9","og_description":"Awiry-Schnupftabak vom Stamm der Apurina.  Die Apurin\u00e3 sind ber\u00fchmt f\u00fcr ihr gr\u00fcnes Rap\u00e9, einzigartig und v\u00f6llig anders als die anderen St\u00e4mme der Region. Es wird aus einer heiligen Pflanze hergestellt, die sie Awiry nennen und die von manchen als eine Art wilder Tabak angesehen wird.  Apurina Awiry Rap\u00e9 enth\u00e4lt weder Asche noch Tabak; Nur gemahlene und fein gesiebte Awiri-Bl\u00e4tter verleihen ihm seine charakteristische gr\u00fcne Farbe und es ist eine perfekte Sorte f\u00fcr diejenigen, die einen nikotinfreien Schnupftabak w\u00fcnschen.  Gr\u00f6\u00dfe: 50 Gramm.  Siehe Link zur Beschreibung unten.","og_url":"https:\/\/www.sinchisinchi.com\/de\/producto\/50g-apurina-awiry\/","og_site_name":"SINCHI RAP\u00c9","article_publisher":"https:\/\/www.facebook.com\/sinchirape\/","article_modified_time":"2024-07-28T00:56:36+00:00","og_image":[{"width":700,"height":700,"url":"https:\/\/www.sinchisinchi.com\/wp-content\/uploads\/2024\/07\/6.4-Rape-Awiry-Delantera.jpg","type":"image\/jpeg"}],"twitter_card":"summary_large_image","schema":{"@context":"https:\/\/schema.org","@graph":[{"@type":"WebPage","@id":"https:\/\/www.sinchisinchi.com\/de\/producto\/50g-apurina-awiry\/","url":"https:\/\/www.sinchisinchi.com\/de\/producto\/50g-apurina-awiry\/","name":"Apurina Awiry 50g - SINCHI RAP\u00c9","isPartOf":{"@id":"https:\/\/www.sinchisinchi.com\/de\/#website"},"primaryImageOfPage":{"@id":"https:\/\/www.sinchisinchi.com\/de\/producto\/50g-apurina-awiry\/#primaryimage"},"image":{"@id":"https:\/\/www.sinchisinchi.com\/de\/producto\/50g-apurina-awiry\/#primaryimage"},"thumbnailUrl":"https:\/\/www.sinchisinchi.com\/wp-content\/uploads\/2024\/07\/6.4-Rape-Awiry-Delantera.jpg","datePublished":"2024-07-20T10:45:10+00:00","dateModified":"2024-07-28T00:56:36+00:00","breadcrumb":{"@id":"https:\/\/www.sinchisinchi.com\/de\/producto\/50g-apurina-awiry\/#breadcrumb"},"inLanguage":"de","potentialAction":[{"@type":"ReadAction","target":["https:\/\/www.sinchisinchi.com\/de\/producto\/50g-apurina-awiry\/"]}]},{"@type":"ImageObject","inLanguage":"de","@id":"https:\/\/www.sinchisinchi.com\/de\/producto\/50g-apurina-awiry\/#primaryimage","url":"https:\/\/www.sinchisinchi.com\/wp-content\/uploads\/2024\/07\/6.4-Rape-Awiry-Delantera.jpg","contentUrl":"https:\/\/www.sinchisinchi.com\/wp-content\/uploads\/2024\/07\/6.4-Rape-Awiry-Delantera.jpg","width":700,"height":700},{"@type":"BreadcrumbList","@id":"https:\/\/www.sinchisinchi.com\/de\/producto\/50g-apurina-awiry\/#breadcrumb","itemListElement":[{"@type":"ListItem","position":1,"name":"Titelseite","item":"https:\/\/www.sinchisinchi.com\/de\/"},{"@type":"ListItem","position":2,"name":"Produkte","item":"https:\/\/www.sinchisinchi.com\/de\/shop\/"},{"@type":"ListItem","position":3,"name":"Apurina Awiry 50g"}]},{"@type":"WebSite","@id":"https:\/\/www.sinchisinchi.com\/de\/#website","url":"https:\/\/www.sinchisinchi.com\/de\/","name":"SINCHI","description":"Sinchi Medicine","publisher":{"@id":"https:\/\/www.sinchisinchi.com\/de\/#organization"},"potentialAction":[{"@type":"SearchAction","target":{"@type":"EntryPoint","urlTemplate":"https:\/\/www.sinchisinchi.com\/de\/?s={search_term_string}"},"query-input":{"@type":"PropertyValueSpecification","valueRequired":true,"valueName":"search_term_string"}}],"inLanguage":"de"},{"@type":"Organization","@id":"https:\/\/www.sinchisinchi.com\/de\/#organization","name":"SINCHI S.L","url":"https:\/\/www.sinchisinchi.com\/de\/","logo":{"@type":"ImageObject","inLanguage":"de","@id":"https:\/\/www.sinchisinchi.com\/de\/#\/schema\/logo\/image\/","url":"https:\/\/www.sinchisinchi.com\/wp-content\/uploads\/2026\/01\/3b-Verde-SIMPLIFICADO-HORIZONTAL-F-TRANSPARENTE-scaled.png","contentUrl":"https:\/\/www.sinchisinchi.com\/wp-content\/uploads\/2026\/01\/3b-Verde-SIMPLIFICADO-HORIZONTAL-F-TRANSPARENTE-scaled.png","width":2560,"height":457,"caption":"SINCHI S.L"},"image":{"@id":"https:\/\/www.sinchisinchi.com\/de\/#\/schema\/logo\/image\/"},"sameAs":["https:\/\/www.facebook.com\/sinchirape\/","https:\/\/www.instagram.com\/sinchi_rape\/"]}]}},"_links":{"self":[{"href":"https:\/\/www.sinchisinchi.com\/de\/wp-json\/wp\/v2\/product\/18986","targetHints":{"allow":["GET"]}}],"collection":[{"href":"https:\/\/www.sinchisinchi.com\/de\/wp-json\/wp\/v2\/product"}],"about":[{"href":"https:\/\/www.sinchisinchi.com\/de\/wp-json\/wp\/v2\/types\/product"}],"wp:featuredmedia":[{"embeddable":true,"href":"https:\/\/www.sinchisinchi.com\/de\/wp-json\/wp\/v2\/media\/17629"}],"wp:attachment":[{"href":"https:\/\/www.sinchisinchi.com\/de\/wp-json\/wp\/v2\/media?parent=18986"}],"wp:term":[{"taxonomy":"product_brand","embeddable":true,"href":"https:\/\/www.sinchisinchi.com\/de\/wp-json\/wp\/v2\/product_brand?post=18986"},{"taxonomy":"product_cat","embeddable":true,"href":"https:\/\/www.sinchisinchi.com\/de\/wp-json\/wp\/v2\/product_cat?post=18986"},{"taxonomy":"product_tag","embeddable":true,"href":"https:\/\/www.sinchisinchi.com\/de\/wp-json\/wp\/v2\/product_tag?post=18986"}],"curies":[{"name":"wp","href":"https:\/\/api.w.org\/{rel}","templated":true}]}}