{"id":29028,"date":"2025-10-19T18:34:21","date_gmt":"2025-10-19T18:34:21","guid":{"rendered":"https:\/\/www.sinchisinchi.com\/producto\/sawo-holz-kuripe\/"},"modified":"2025-11-08T01:55:10","modified_gmt":"2025-11-08T01:55:10","slug":"sawo-holz-kuripe","status":"publish","type":"product","link":"https:\/\/www.sinchisinchi.com\/de\/producto\/sawo-holz-kuripe\/","title":{"rendered":"Sawo-Holz Kurip\u00e9"},"content":{"rendered":"<h2 style=\"text-align: center;\"><strong>Wie man Rap\u00e9 traditionell konsumiert<\/strong><\/h2>\n<p>Um Rap\u00e9 in einem ausgewogenen Rahmen zu genie\u00dfen, insbesondere als Anf\u00e4nger, ist ein sauberer und ordentlicher Raum sehr empfehlenswert. Ein Tisch sollte frei von unn\u00f6tigen Gegenst\u00e4nden und Staub sein. Sie k\u00f6nnen auch einen kleinen Altar mit nat\u00fcrlichen oder kraftvollen Objekten einrichten.<\/p>\n<p>Das R\u00e4uchern mit Weihrauch oder R\u00e4ucherwerk ist ebenfalls hilfreich; die darin enthaltenen Terpene sind magische Molek\u00fcle, die die Verbindung zur spirituellen Welt f\u00f6rdern, reinigen und energetischen Schutz bieten.<\/p>\n<p>Ebenso f\u00f6rderlich ist es, passende Musik zu h\u00f6ren, wie zum Beispiel Heilmusik, Mantras oder andere Musik, die die spirituelle Verbindung st\u00e4rkt.<\/p>\n","protected":false},"excerpt":{"rendered":"<p>Das Kurip\u00e9 wird aus einem einzigen St\u00fcck Sawo-Holz gefertigt und besticht durch seine feinen Oberfl\u00e4chen sowie seine idealen Ma\u00dfe und Winkel f\u00fcr eine harmonische Ausrichtung, die eine komfortable und flie\u00dfende Nutzung erm\u00f6glicht.<\/p>\n<p>Das Kurip\u00e9 ist ein heiliges Werkzeug, ein kraftvolles Objekt, das die Verbindung zum Geist von Rap\u00e9 erm\u00f6glicht.<\/p>\n","protected":false},"featured_media":28833,"template":"","meta":{"_joinchat":[]},"product_brand":[],"product_cat":[132],"product_tag":[],"class_list":{"0":"post-29028","1":"product","2":"type-product","3":"status-publish","4":"has-post-thumbnail","6":"product_cat-projektoren","8":"first","9":"instock","10":"taxable","11":"shipping-taxable","12":"purchasable","13":"product-type-simple"},"yoast_head":"<!-- This site is optimized with the Yoast SEO plugin v27.4 - https:\/\/yoast.com\/product\/yoast-seo-wordpress\/ -->\n<title>Sawo-Holz Kurip\u00e9 - SINCHI RAP\u00c9<\/title>\n<meta name=\"description\" content=\"Kurip\u00e9, gefertigt aus einem einzigen St\u00fcck Sawo-Holz, mit feinen Oberfl\u00e4chen und idealen Ma\u00dfen und Winkeln f\u00fcr eine harmonische Ausrichtung.\" \/>\n<meta name=\"robots\" content=\"index, follow, max-snippet:-1, max-image-preview:large, max-video-preview:-1\" \/>\n<link rel=\"canonical\" href=\"https:\/\/www.sinchisinchi.com\/de\/producto\/sawo-holz-kuripe\/\" \/>\n<meta property=\"og:locale\" content=\"de_DE\" \/>\n<meta property=\"og:type\" content=\"article\" \/>\n<meta property=\"og:title\" content=\"Sawo-Holz Kurip\u00e9 - SINCHI RAP\u00c9\" \/>\n<meta property=\"og:description\" content=\"Kurip\u00e9, gefertigt aus einem einzigen St\u00fcck Sawo-Holz, mit feinen Oberfl\u00e4chen und idealen Ma\u00dfen und Winkeln f\u00fcr eine harmonische Ausrichtung.\" \/>\n<meta property=\"og:url\" content=\"https:\/\/www.sinchisinchi.com\/de\/producto\/sawo-holz-kuripe\/\" \/>\n<meta property=\"og:site_name\" content=\"SINCHI RAP\u00c9\" \/>\n<meta property=\"article:publisher\" content=\"https:\/\/www.facebook.com\/sinchirape\/\" \/>\n<meta property=\"article:modified_time\" content=\"2025-11-08T01:55:10+00:00\" \/>\n<meta property=\"og:image\" content=\"https:\/\/www.sinchisinchi.com\/wp-content\/uploads\/2025\/10\/Kuripe-Sawo-1.jpg\" \/>\n\t<meta property=\"og:image:width\" content=\"650\" \/>\n\t<meta property=\"og:image:height\" content=\"550\" \/>\n\t<meta property=\"og:image:type\" content=\"image\/jpeg\" \/>\n<meta name=\"twitter:card\" content=\"summary_large_image\" \/>\n<meta name=\"twitter:label1\" content=\"Gesch\u00e4tzte Lesezeit\" \/>\n\t<meta name=\"twitter:data1\" content=\"1\u00a0Minute\" \/>\n<script type=\"application\/ld+json\" class=\"yoast-schema-graph\">{\"@context\":\"https:\\\/\\\/schema.org\",\"@graph\":[{\"@type\":\"WebPage\",\"@id\":\"https:\\\/\\\/www.sinchisinchi.com\\\/de\\\/producto\\\/sawo-holz-kuripe\\\/\",\"url\":\"https:\\\/\\\/www.sinchisinchi.com\\\/de\\\/producto\\\/sawo-holz-kuripe\\\/\",\"name\":\"Sawo-Holz Kurip\u00e9 - SINCHI RAP\u00c9\",\"isPartOf\":{\"@id\":\"https:\\\/\\\/www.sinchisinchi.com\\\/de\\\/#website\"},\"primaryImageOfPage\":{\"@id\":\"https:\\\/\\\/www.sinchisinchi.com\\\/de\\\/producto\\\/sawo-holz-kuripe\\\/#primaryimage\"},\"image\":{\"@id\":\"https:\\\/\\\/www.sinchisinchi.com\\\/de\\\/producto\\\/sawo-holz-kuripe\\\/#primaryimage\"},\"thumbnailUrl\":\"https:\\\/\\\/www.sinchisinchi.com\\\/wp-content\\\/uploads\\\/2025\\\/10\\\/Kuripe-Sawo-1.jpg\",\"datePublished\":\"2025-10-19T18:34:21+00:00\",\"dateModified\":\"2025-11-08T01:55:10+00:00\",\"description\":\"Kurip\u00e9, gefertigt aus einem einzigen St\u00fcck Sawo-Holz, mit feinen Oberfl\u00e4chen und idealen Ma\u00dfen und Winkeln f\u00fcr eine harmonische Ausrichtung.\",\"breadcrumb\":{\"@id\":\"https:\\\/\\\/www.sinchisinchi.com\\\/de\\\/producto\\\/sawo-holz-kuripe\\\/#breadcrumb\"},\"inLanguage\":\"de\",\"potentialAction\":[{\"@type\":\"ReadAction\",\"target\":[\"https:\\\/\\\/www.sinchisinchi.com\\\/de\\\/producto\\\/sawo-holz-kuripe\\\/\"]}]},{\"@type\":\"ImageObject\",\"inLanguage\":\"de\",\"@id\":\"https:\\\/\\\/www.sinchisinchi.com\\\/de\\\/producto\\\/sawo-holz-kuripe\\\/#primaryimage\",\"url\":\"https:\\\/\\\/www.sinchisinchi.com\\\/wp-content\\\/uploads\\\/2025\\\/10\\\/Kuripe-Sawo-1.jpg\",\"contentUrl\":\"https:\\\/\\\/www.sinchisinchi.com\\\/wp-content\\\/uploads\\\/2025\\\/10\\\/Kuripe-Sawo-1.jpg\",\"width\":650,\"height\":550},{\"@type\":\"BreadcrumbList\",\"@id\":\"https:\\\/\\\/www.sinchisinchi.com\\\/de\\\/producto\\\/sawo-holz-kuripe\\\/#breadcrumb\",\"itemListElement\":[{\"@type\":\"ListItem\",\"position\":1,\"name\":\"Titelseite\",\"item\":\"https:\\\/\\\/www.sinchisinchi.com\\\/de\\\/\"},{\"@type\":\"ListItem\",\"position\":2,\"name\":\"Produkte\",\"item\":\"https:\\\/\\\/www.sinchisinchi.com\\\/de\\\/shop\\\/\"},{\"@type\":\"ListItem\",\"position\":3,\"name\":\"Sawo-Holz Kurip\u00e9\"}]},{\"@type\":\"WebSite\",\"@id\":\"https:\\\/\\\/www.sinchisinchi.com\\\/de\\\/#website\",\"url\":\"https:\\\/\\\/www.sinchisinchi.com\\\/de\\\/\",\"name\":\"SINCHI\",\"description\":\"Sinchi Medicine\",\"publisher\":{\"@id\":\"https:\\\/\\\/www.sinchisinchi.com\\\/de\\\/#organization\"},\"potentialAction\":[{\"@type\":\"SearchAction\",\"target\":{\"@type\":\"EntryPoint\",\"urlTemplate\":\"https:\\\/\\\/www.sinchisinchi.com\\\/de\\\/?s={search_term_string}\"},\"query-input\":{\"@type\":\"PropertyValueSpecification\",\"valueRequired\":true,\"valueName\":\"search_term_string\"}}],\"inLanguage\":\"de\"},{\"@type\":\"Organization\",\"@id\":\"https:\\\/\\\/www.sinchisinchi.com\\\/de\\\/#organization\",\"name\":\"SINCHI S.L\",\"url\":\"https:\\\/\\\/www.sinchisinchi.com\\\/de\\\/\",\"logo\":{\"@type\":\"ImageObject\",\"inLanguage\":\"de\",\"@id\":\"https:\\\/\\\/www.sinchisinchi.com\\\/de\\\/#\\\/schema\\\/logo\\\/image\\\/\",\"url\":\"https:\\\/\\\/www.sinchisinchi.com\\\/wp-content\\\/uploads\\\/2026\\\/01\\\/3b-Verde-SIMPLIFICADO-HORIZONTAL-F-TRANSPARENTE-scaled.png\",\"contentUrl\":\"https:\\\/\\\/www.sinchisinchi.com\\\/wp-content\\\/uploads\\\/2026\\\/01\\\/3b-Verde-SIMPLIFICADO-HORIZONTAL-F-TRANSPARENTE-scaled.png\",\"width\":2560,\"height\":457,\"caption\":\"SINCHI S.L\"},\"image\":{\"@id\":\"https:\\\/\\\/www.sinchisinchi.com\\\/de\\\/#\\\/schema\\\/logo\\\/image\\\/\"},\"sameAs\":[\"https:\\\/\\\/www.facebook.com\\\/sinchirape\\\/\",\"https:\\\/\\\/www.instagram.com\\\/sinchi_rape\\\/\"]}]}<\/script>\n<!-- \/ Yoast SEO plugin. -->","yoast_head_json":{"title":"Sawo-Holz Kurip\u00e9 - SINCHI RAP\u00c9","description":"Kurip\u00e9, gefertigt aus einem einzigen St\u00fcck Sawo-Holz, mit feinen Oberfl\u00e4chen und idealen Ma\u00dfen und Winkeln f\u00fcr eine harmonische Ausrichtung.","robots":{"index":"index","follow":"follow","max-snippet":"max-snippet:-1","max-image-preview":"max-image-preview:large","max-video-preview":"max-video-preview:-1"},"canonical":"https:\/\/www.sinchisinchi.com\/de\/producto\/sawo-holz-kuripe\/","og_locale":"de_DE","og_type":"article","og_title":"Sawo-Holz Kurip\u00e9 - SINCHI RAP\u00c9","og_description":"Kurip\u00e9, gefertigt aus einem einzigen St\u00fcck Sawo-Holz, mit feinen Oberfl\u00e4chen und idealen Ma\u00dfen und Winkeln f\u00fcr eine harmonische Ausrichtung.","og_url":"https:\/\/www.sinchisinchi.com\/de\/producto\/sawo-holz-kuripe\/","og_site_name":"SINCHI RAP\u00c9","article_publisher":"https:\/\/www.facebook.com\/sinchirape\/","article_modified_time":"2025-11-08T01:55:10+00:00","og_image":[{"width":650,"height":550,"url":"https:\/\/www.sinchisinchi.com\/wp-content\/uploads\/2025\/10\/Kuripe-Sawo-1.jpg","type":"image\/jpeg"}],"twitter_card":"summary_large_image","twitter_misc":{"Gesch\u00e4tzte Lesezeit":"1\u00a0Minute"},"schema":{"@context":"https:\/\/schema.org","@graph":[{"@type":"WebPage","@id":"https:\/\/www.sinchisinchi.com\/de\/producto\/sawo-holz-kuripe\/","url":"https:\/\/www.sinchisinchi.com\/de\/producto\/sawo-holz-kuripe\/","name":"Sawo-Holz Kurip\u00e9 - SINCHI RAP\u00c9","isPartOf":{"@id":"https:\/\/www.sinchisinchi.com\/de\/#website"},"primaryImageOfPage":{"@id":"https:\/\/www.sinchisinchi.com\/de\/producto\/sawo-holz-kuripe\/#primaryimage"},"image":{"@id":"https:\/\/www.sinchisinchi.com\/de\/producto\/sawo-holz-kuripe\/#primaryimage"},"thumbnailUrl":"https:\/\/www.sinchisinchi.com\/wp-content\/uploads\/2025\/10\/Kuripe-Sawo-1.jpg","datePublished":"2025-10-19T18:34:21+00:00","dateModified":"2025-11-08T01:55:10+00:00","description":"Kurip\u00e9, gefertigt aus einem einzigen St\u00fcck Sawo-Holz, mit feinen Oberfl\u00e4chen und idealen Ma\u00dfen und Winkeln f\u00fcr eine harmonische Ausrichtung.","breadcrumb":{"@id":"https:\/\/www.sinchisinchi.com\/de\/producto\/sawo-holz-kuripe\/#breadcrumb"},"inLanguage":"de","potentialAction":[{"@type":"ReadAction","target":["https:\/\/www.sinchisinchi.com\/de\/producto\/sawo-holz-kuripe\/"]}]},{"@type":"ImageObject","inLanguage":"de","@id":"https:\/\/www.sinchisinchi.com\/de\/producto\/sawo-holz-kuripe\/#primaryimage","url":"https:\/\/www.sinchisinchi.com\/wp-content\/uploads\/2025\/10\/Kuripe-Sawo-1.jpg","contentUrl":"https:\/\/www.sinchisinchi.com\/wp-content\/uploads\/2025\/10\/Kuripe-Sawo-1.jpg","width":650,"height":550},{"@type":"BreadcrumbList","@id":"https:\/\/www.sinchisinchi.com\/de\/producto\/sawo-holz-kuripe\/#breadcrumb","itemListElement":[{"@type":"ListItem","position":1,"name":"Titelseite","item":"https:\/\/www.sinchisinchi.com\/de\/"},{"@type":"ListItem","position":2,"name":"Produkte","item":"https:\/\/www.sinchisinchi.com\/de\/shop\/"},{"@type":"ListItem","position":3,"name":"Sawo-Holz Kurip\u00e9"}]},{"@type":"WebSite","@id":"https:\/\/www.sinchisinchi.com\/de\/#website","url":"https:\/\/www.sinchisinchi.com\/de\/","name":"SINCHI","description":"Sinchi Medicine","publisher":{"@id":"https:\/\/www.sinchisinchi.com\/de\/#organization"},"potentialAction":[{"@type":"SearchAction","target":{"@type":"EntryPoint","urlTemplate":"https:\/\/www.sinchisinchi.com\/de\/?s={search_term_string}"},"query-input":{"@type":"PropertyValueSpecification","valueRequired":true,"valueName":"search_term_string"}}],"inLanguage":"de"},{"@type":"Organization","@id":"https:\/\/www.sinchisinchi.com\/de\/#organization","name":"SINCHI S.L","url":"https:\/\/www.sinchisinchi.com\/de\/","logo":{"@type":"ImageObject","inLanguage":"de","@id":"https:\/\/www.sinchisinchi.com\/de\/#\/schema\/logo\/image\/","url":"https:\/\/www.sinchisinchi.com\/wp-content\/uploads\/2026\/01\/3b-Verde-SIMPLIFICADO-HORIZONTAL-F-TRANSPARENTE-scaled.png","contentUrl":"https:\/\/www.sinchisinchi.com\/wp-content\/uploads\/2026\/01\/3b-Verde-SIMPLIFICADO-HORIZONTAL-F-TRANSPARENTE-scaled.png","width":2560,"height":457,"caption":"SINCHI S.L"},"image":{"@id":"https:\/\/www.sinchisinchi.com\/de\/#\/schema\/logo\/image\/"},"sameAs":["https:\/\/www.facebook.com\/sinchirape\/","https:\/\/www.instagram.com\/sinchi_rape\/"]}]}},"_links":{"self":[{"href":"https:\/\/www.sinchisinchi.com\/de\/wp-json\/wp\/v2\/product\/29028","targetHints":{"allow":["GET"]}}],"collection":[{"href":"https:\/\/www.sinchisinchi.com\/de\/wp-json\/wp\/v2\/product"}],"about":[{"href":"https:\/\/www.sinchisinchi.com\/de\/wp-json\/wp\/v2\/types\/product"}],"wp:featuredmedia":[{"embeddable":true,"href":"https:\/\/www.sinchisinchi.com\/de\/wp-json\/wp\/v2\/media\/28833"}],"wp:attachment":[{"href":"https:\/\/www.sinchisinchi.com\/de\/wp-json\/wp\/v2\/media?parent=29028"}],"wp:term":[{"taxonomy":"product_brand","embeddable":true,"href":"https:\/\/www.sinchisinchi.com\/de\/wp-json\/wp\/v2\/product_brand?post=29028"},{"taxonomy":"product_cat","embeddable":true,"href":"https:\/\/www.sinchisinchi.com\/de\/wp-json\/wp\/v2\/product_cat?post=29028"},{"taxonomy":"product_tag","embeddable":true,"href":"https:\/\/www.sinchisinchi.com\/de\/wp-json\/wp\/v2\/product_tag?post=29028"}],"curies":[{"name":"wp","href":"https:\/\/api.w.org\/{rel}","templated":true}]}}