{"id":29040,"date":"2025-05-30T12:12:36","date_gmt":"2025-05-30T12:12:36","guid":{"rendered":"https:\/\/www.sinchisinchi.com\/producto\/copaiba\/"},"modified":"2026-01-13T07:51:12","modified_gmt":"2026-01-13T07:51:12","slug":"copaiba","status":"publish","type":"product","link":"https:\/\/www.sinchisinchi.com\/de\/producto\/copaiba\/","title":{"rendered":"Copa\u00edba"},"content":{"rendered":"<h2 style=\"text-align: center;\"><strong>Der Copaiba-Baum<\/strong><\/h2>\n<p>Der Copa\u00edba-Baum (Copaifera langsdorffii, Copaifera officinalis usw.), auch bekannt als Dieselbaum, ist in Brasilien weit verbreitet und aufgrund seines wertvollen Harzes sehr beliebt. Dieses wird seit Jahrtausenden als Heilmittel zur Behandlung \u00e4u\u00dferer und innerer Wunden eingesetzt.<\/p>\n<p>Der Name Copa\u00edba stammt aus dem Guarani und bedeutet \u201eHeilbaum\u201c. Er ist auch unter den Namen \u00d6lbaum, Tacamaca, Cabima oder Copai bekannt.<\/p>\n<p>Er geh\u00f6rt zur Familie der H\u00fclsenfr\u00fcchtler (Fabaceae) und ist in Lateinamerika und Westafrika beheimatet, insbesondere im Amazonas-Regenwald.<\/p>\n<p>Es handelt sich um einen Baum mit einer hohen, offenen Krone, der eine H\u00f6he von 10 bis 40 Metern erreicht. Seine Bl\u00e4tter sind kahl und seine Knospen r\u00f6tlich. Die kleinen, wei\u00df bis cremefarbenen, zwittrigen Bl\u00fcten wachsen in B\u00fcscheln. Die bis zu 3 cm langen Fr\u00fcchte f\u00e4rben sich im reifen Zustand r\u00f6tlich.<\/p>\n<p>Der Baum produziert in seinem Holz und seinen Bl\u00e4ttern eine gro\u00dfe Menge an Kohlenwasserstoffen, zwischen 30 und 53 Litern pro Jahr. Hauptbestandteil des \u00d6ls ist ein Oleoresin, das unter anderem zur Herstellung von Biodiesel verwendet wird.<\/p>\n<div class=\"row\"  id=\"row-1588020738\">\n\n\t<div id=\"col-1311556554\" class=\"col medium-2 small-12 large-2\"  >\n\t\t\t\t<div class=\"col-inner\"  >\n\t\t\t\n\t\t\t\n\t\t<\/div>\n\t\t\t\t\t<\/div>\n\n\t\n\n\t<div id=\"col-1964907157\" class=\"col medium-8 small-12 large-8\"  >\n\t\t\t\t<div class=\"col-inner\"  >\n\t\t\t\n\t\t\t\n<div class=\"video video-fit mb\" style=\"padding-top:56.25%;\"><p><iframe loading=\"lazy\" title=\"Plan de Conservaci\u00f3n y Manejo del Palo de Aceite - Copaiba Tree Conservation and Management Plan\" width=\"1020\" height=\"574\" src=\"https:\/\/www.youtube.com\/embed\/KZsG17BomwA?feature=oembed&#038;enablejsapi=1&#038;origin=https:\/\/www.sinchisinchi.com\" frameborder=\"0\" allow=\"accelerometer; autoplay; clipboard-write; encrypted-media; gyroscope; picture-in-picture; web-share\" referrerpolicy=\"strict-origin-when-cross-origin\" allowfullscreen><\/iframe><\/p>\n<\/div>\n\t\t<\/div>\n\t\t\t\t\t<\/div>\n\n\t\n\n\t<div id=\"col-1512343098\" class=\"col medium-2 small-12 large-2\"  >\n\t\t\t\t<div class=\"col-inner\"  >\n\t\t\t\n\t\t\t\n\t\t<\/div>\n\t\t\t\t\t<\/div>\n\n\t\n<\/div>\n\t<div id=\"gap-533450177\" class=\"gap-element clearfix\" style=\"display:block; height:auto;\">\n\t\t\n<style>\n#gap-533450177 {\n  padding-top: 30px;\n}\n<\/style>\n\t<\/div>\n\t\n<h3 style=\"text-align: center;\"><strong>Copaiba-Harz<\/strong><\/h3>\n<p>Copa\u00edba-Harz wird gewonnen, indem man ein Loch in die Rinde bohrt, aus dem eine z\u00e4hfl\u00fcssige, gelblich-braune Substanz austritt. Aus diesem Harz wird Copa\u00edba-\u00d6l, auch bekannt als \u201e\u00d6l des Lebens\u201c, gewonnen.<\/p>\n<p>Dieses Harz besitzt starke entz\u00fcndungshemmende Eigenschaften und st\u00e4rkt das Immunsystem, neben vielen anderen medizinischen Wirkungen. In der Volksmedizin wird es zur Stimmungsaufhellung und zur Linderung von Stress und Angstzust\u00e4nden eingesetzt.<\/p>\n<p>Im Amazonas-Regenwald nutzen indigene St\u00e4mme seit \u00fcber 400 Jahren Produkte des Copa\u00edba-Baumes. Aufzeichnungen \u00fcber die Verwendung von Copaiba in Brasilien reichen bis in die Zeit vor der portugiesischen Kolonialisierung zur\u00fcck.<\/p>\n<p>Der Legende nach beobachteten brasilianische Ureinwohner, wie sich Tiere am Stamm des Copa\u00edba-Baumes rieben, um ihre Verletzungen zu heilen, und entdeckten so dessen medizinische Eigenschaften.<\/p>\n<p>Die Art Copaifera langsdorffii, auch bekannt als Dieselbaum, Copaiba-verdade, Copiava oder Copaiba-Balsam, wird aufgrund ihrer medizinischen Eigenschaften am meisten gesch\u00e4tzt.<br \/>\n<div class=\"row\"  id=\"row-1714121899\">\n\n\t<div id=\"col-1595744474\" class=\"col medium-2 small-12 large-2\"  >\n\t\t\t\t<div class=\"col-inner\"  >\n\t\t\t\n\t\t\t\n\t\t<\/div>\n\t\t\t\t\t<\/div>\n\n\t\n\n\t<div id=\"col-167060679\" class=\"col medium-8 small-12 large-8\"  >\n\t\t\t\t<div class=\"col-inner\"  >\n\t\t\t\n\t\t\t\n<div class=\"video video-fit mb\" style=\"padding-top:56.25%;\"><p><iframe loading=\"lazy\" title=\"CAPUSLA ACEITE DE COPAIBO\" width=\"1020\" height=\"574\" src=\"https:\/\/www.youtube.com\/embed\/eVEoAGXdNYs?feature=oembed&#038;enablejsapi=1&#038;origin=https:\/\/www.sinchisinchi.com\" frameborder=\"0\" allow=\"accelerometer; autoplay; clipboard-write; encrypted-media; gyroscope; picture-in-picture; web-share\" referrerpolicy=\"strict-origin-when-cross-origin\" allowfullscreen><\/iframe><\/p>\n<\/div>\n\t\t<\/div>\n\t\t\t\t\t<\/div>\n\n\t\n\n\t<div id=\"col-1222628964\" class=\"col medium-2 small-12 large-2\"  >\n\t\t\t\t<div class=\"col-inner\"  >\n\t\t\t\n\t\t\t\n\t\t<\/div>\n\t\t\t\t\t<\/div>\n\n\t\n<\/div>\n\t<div id=\"gap-1812958729\" class=\"gap-element clearfix\" style=\"display:block; height:auto;\">\n\t\t\n<style>\n#gap-1812958729 {\n  padding-top: 30px;\n}\n<\/style>\n\t<\/div>\n\t\n<h3 style=\"text-align: center;\"><strong>Medizinische Eigenschaften<\/strong><\/h3>\n<p>Alle Teile des Copa\u00edba-Baumes, wie Bl\u00e4tter und Rinde, werden medizinisch genutzt, doch das aus dem Harz gewonnene \u00d6l enth\u00e4lt eine besonders hohe Konzentration seiner heilenden Eigenschaften.<\/p>\n<p>Copa\u00edba wirkt stark entz\u00fcndungshemmend, st\u00e4rkt das Immunsystem und verbessert die Stimmung durch Linderung von Stress und Angstzust\u00e4nden.<\/p>\n<p>Die Eigenschaften dieses f\u00fcr die indigenen V\u00f6lker des Amazonasgebiets heiligen Baumes sind vielf\u00e4ltig: Er wirkt abschwellend, schmerzlindernd, gegen Erk\u00e4ltungsbeschwerden, antiseptisch, antimykotisch, blutdrucksenkend, harntreibend, antimikrobiell, muskelentspannend, desinfizierend, antibakteriell, schleiml\u00f6send, krebshemmend, tumorhemmend, adstringierend, antibiotisch, weichmachend, belebend, kopfhautheilend, anregend, abf\u00fchrend, lindert rheumatische Schmerzen und verbessert die Nierenfunktion.<\/p>\n<p>Traditionell wird er insbesondere zur Behandlung von Hautkrankheiten, Insektenstichen und zur Wundheilung eingesetzt.<\/p>\n<p>Zus\u00e4tzlich reinigt und kl\u00e4rt es die Haut, befreit die Poren, behandelt Akne, lindert Ekzeme und Schuppenflechte. Dank seiner feuchtigkeitsspendenden Eigenschaften h\u00e4lt es die Haut weich und gesund und reduziert Narbenbildung.<\/p>\n\t<div class=\"img has-hover x md-x lg-x y md-y lg-y\" id=\"image_427642682\">\n\t\t\t\t\t\t\t\t<div class=\"img-inner dark\" >\n\t\t\t<img loading=\"lazy\" decoding=\"async\" width=\"1020\" height=\"663\" src=\"https:\/\/www.sinchisinchi.com\/wp-content\/uploads\/2025\/05\/1-Copaiba-Arbol-1024x666.jpeg\" class=\"attachment-large size-large\" alt=\"\" srcset=\"https:\/\/www.sinchisinchi.com\/wp-content\/uploads\/2025\/05\/1-Copaiba-Arbol-1024x666.jpeg 1024w, https:\/\/www.sinchisinchi.com\/wp-content\/uploads\/2025\/05\/1-Copaiba-Arbol-600x390.jpeg 600w, https:\/\/www.sinchisinchi.com\/wp-content\/uploads\/2025\/05\/1-Copaiba-Arbol-768x499.jpeg 768w, https:\/\/www.sinchisinchi.com\/wp-content\/uploads\/2025\/05\/1-Copaiba-Arbol-247x161.jpeg 247w, https:\/\/www.sinchisinchi.com\/wp-content\/uploads\/2025\/05\/1-Copaiba-Arbol-510x332.jpeg 510w, https:\/\/www.sinchisinchi.com\/wp-content\/uploads\/2025\/05\/1-Copaiba-Arbol.jpeg 1204w\" sizes=\"auto, (max-width: 1020px) 100vw, 1020px\" \/>\t\t\t\t\t\t\n\t\t\t\t\t<\/div>\n\t\t\t\t\t\t\t\t\n<style>\n#image_427642682 {\n  width: 100%;\n}\n<\/style>\n\t<\/div>\n\t\n","protected":false},"excerpt":{"rendered":"<p>Copaiba-Rap\u00e9 ist eine starke Sorte, die traditionell zu besonderen Anl\u00e4ssen verwendet wird. Er enth\u00e4lt Asche vom Stamm des Copaiba-Baumes (Copaifera langsdorffii), der traditionell zur k\u00f6rperlichen Reinigung, Entgiftung und zum L\u00f6sen von Spannungen eingesetzt wird.<\/p>\n<p>Mit seinem erdigen Aroma wirkt er wohltuend und beruhigend auf K\u00f6rper und Geist.<\/p>\n<p>Er erh\u00f6ht die Schwingung, kl\u00e4rt den Geist und f\u00f6rdert k\u00f6rperliche, geistige und emotionale Harmonie und Ausgeglichenheit, insbesondere auf das Kronen- und Herzchakra.<\/p>\n<p><strong>&#8211; Gr\u00f6\u00dfe:<\/strong> 10-ml-Fl\u00e4schchen (8 bis 9 Gramm).<\/p>\n<p><strong>&#8211; Verwendung:<\/strong> Aus ethnobotanischem Interesse.<\/p>\n","protected":false},"featured_media":27911,"template":"","meta":{"_joinchat":[]},"product_brand":[],"product_cat":[716],"product_tag":[],"class_list":{"0":"post-29040","1":"product","2":"type-product","3":"status-publish","4":"has-post-thumbnail","6":"product_cat-grunes-etikett","8":"first","9":"instock","10":"taxable","11":"shipping-taxable","12":"purchasable","13":"product-type-simple"},"yoast_head":"<!-- This site is optimized with the Yoast SEO plugin v27.4 - https:\/\/yoast.com\/product\/yoast-seo-wordpress\/ -->\n<title>Copa\u00edba Rap\u00e9 - SINCHI RAP\u00c9<\/title>\n<meta name=\"description\" content=\"Rap\u00e9 Copaiba erh\u00f6ht die Schwingung, kl\u00e4rt den Geist und f\u00f6rdert das k\u00f6rperliche, geistige und emotionale Gleichgewicht, indem es auf das Kronen- und Herzchakra wirkt.\" \/>\n<meta name=\"robots\" content=\"index, follow, max-snippet:-1, max-image-preview:large, max-video-preview:-1\" \/>\n<link rel=\"canonical\" href=\"https:\/\/www.sinchisinchi.com\/de\/producto\/copaiba\/\" \/>\n<meta property=\"og:locale\" content=\"de_DE\" \/>\n<meta property=\"og:type\" content=\"article\" \/>\n<meta property=\"og:title\" content=\"Copa\u00edba Rap\u00e9 - SINCHI RAP\u00c9\" \/>\n<meta property=\"og:description\" content=\"Rap\u00e9 Copaiba erh\u00f6ht die Schwingung, kl\u00e4rt den Geist und f\u00f6rdert das k\u00f6rperliche, geistige und emotionale Gleichgewicht, indem es auf das Kronen- und Herzchakra wirkt.\" \/>\n<meta property=\"og:url\" content=\"https:\/\/www.sinchisinchi.com\/de\/producto\/copaiba\/\" \/>\n<meta property=\"og:site_name\" content=\"SINCHI RAP\u00c9\" \/>\n<meta property=\"article:publisher\" content=\"https:\/\/www.facebook.com\/sinchirape\/\" \/>\n<meta property=\"article:modified_time\" content=\"2026-01-13T07:51:12+00:00\" \/>\n<meta property=\"og:image\" content=\"https:\/\/www.sinchisinchi.com\/wp-content\/uploads\/2025\/05\/3-Copaiba.jpg\" \/>\n\t<meta property=\"og:image:width\" content=\"700\" \/>\n\t<meta property=\"og:image:height\" content=\"700\" \/>\n\t<meta property=\"og:image:type\" content=\"image\/jpeg\" \/>\n<meta name=\"twitter:card\" content=\"summary_large_image\" \/>\n<meta name=\"twitter:label1\" content=\"Gesch\u00e4tzte Lesezeit\" \/>\n\t<meta name=\"twitter:data1\" content=\"3\u00a0Minuten\" \/>\n<script type=\"application\/ld+json\" class=\"yoast-schema-graph\">{\"@context\":\"https:\\\/\\\/schema.org\",\"@graph\":[{\"@type\":\"WebPage\",\"@id\":\"https:\\\/\\\/www.sinchisinchi.com\\\/de\\\/producto\\\/copaiba\\\/\",\"url\":\"https:\\\/\\\/www.sinchisinchi.com\\\/de\\\/producto\\\/copaiba\\\/\",\"name\":\"Copa\u00edba Rap\u00e9 - SINCHI RAP\u00c9\",\"isPartOf\":{\"@id\":\"https:\\\/\\\/www.sinchisinchi.com\\\/de\\\/#website\"},\"primaryImageOfPage\":{\"@id\":\"https:\\\/\\\/www.sinchisinchi.com\\\/de\\\/producto\\\/copaiba\\\/#primaryimage\"},\"image\":{\"@id\":\"https:\\\/\\\/www.sinchisinchi.com\\\/de\\\/producto\\\/copaiba\\\/#primaryimage\"},\"thumbnailUrl\":\"https:\\\/\\\/www.sinchisinchi.com\\\/wp-content\\\/uploads\\\/2025\\\/05\\\/3-Copaiba.jpg\",\"datePublished\":\"2025-05-30T12:12:36+00:00\",\"dateModified\":\"2026-01-13T07:51:12+00:00\",\"description\":\"Rap\u00e9 Copaiba erh\u00f6ht die Schwingung, kl\u00e4rt den Geist und f\u00f6rdert das k\u00f6rperliche, geistige und emotionale Gleichgewicht, indem es auf das Kronen- und Herzchakra wirkt.\",\"breadcrumb\":{\"@id\":\"https:\\\/\\\/www.sinchisinchi.com\\\/de\\\/producto\\\/copaiba\\\/#breadcrumb\"},\"inLanguage\":\"de\",\"potentialAction\":[{\"@type\":\"ReadAction\",\"target\":[\"https:\\\/\\\/www.sinchisinchi.com\\\/de\\\/producto\\\/copaiba\\\/\"]}]},{\"@type\":\"ImageObject\",\"inLanguage\":\"de\",\"@id\":\"https:\\\/\\\/www.sinchisinchi.com\\\/de\\\/producto\\\/copaiba\\\/#primaryimage\",\"url\":\"https:\\\/\\\/www.sinchisinchi.com\\\/wp-content\\\/uploads\\\/2025\\\/05\\\/3-Copaiba.jpg\",\"contentUrl\":\"https:\\\/\\\/www.sinchisinchi.com\\\/wp-content\\\/uploads\\\/2025\\\/05\\\/3-Copaiba.jpg\",\"width\":700,\"height\":700},{\"@type\":\"BreadcrumbList\",\"@id\":\"https:\\\/\\\/www.sinchisinchi.com\\\/de\\\/producto\\\/copaiba\\\/#breadcrumb\",\"itemListElement\":[{\"@type\":\"ListItem\",\"position\":1,\"name\":\"Titelseite\",\"item\":\"https:\\\/\\\/www.sinchisinchi.com\\\/de\\\/\"},{\"@type\":\"ListItem\",\"position\":2,\"name\":\"Produkte\",\"item\":\"https:\\\/\\\/www.sinchisinchi.com\\\/de\\\/shop\\\/\"},{\"@type\":\"ListItem\",\"position\":3,\"name\":\"Copa\u00edba\"}]},{\"@type\":\"WebSite\",\"@id\":\"https:\\\/\\\/www.sinchisinchi.com\\\/de\\\/#website\",\"url\":\"https:\\\/\\\/www.sinchisinchi.com\\\/de\\\/\",\"name\":\"SINCHI\",\"description\":\"Sinchi Medicine\",\"publisher\":{\"@id\":\"https:\\\/\\\/www.sinchisinchi.com\\\/de\\\/#organization\"},\"potentialAction\":[{\"@type\":\"SearchAction\",\"target\":{\"@type\":\"EntryPoint\",\"urlTemplate\":\"https:\\\/\\\/www.sinchisinchi.com\\\/de\\\/?s={search_term_string}\"},\"query-input\":{\"@type\":\"PropertyValueSpecification\",\"valueRequired\":true,\"valueName\":\"search_term_string\"}}],\"inLanguage\":\"de\"},{\"@type\":\"Organization\",\"@id\":\"https:\\\/\\\/www.sinchisinchi.com\\\/de\\\/#organization\",\"name\":\"SINCHI S.L\",\"url\":\"https:\\\/\\\/www.sinchisinchi.com\\\/de\\\/\",\"logo\":{\"@type\":\"ImageObject\",\"inLanguage\":\"de\",\"@id\":\"https:\\\/\\\/www.sinchisinchi.com\\\/de\\\/#\\\/schema\\\/logo\\\/image\\\/\",\"url\":\"https:\\\/\\\/www.sinchisinchi.com\\\/wp-content\\\/uploads\\\/2026\\\/01\\\/3b-Verde-SIMPLIFICADO-HORIZONTAL-F-TRANSPARENTE-scaled.png\",\"contentUrl\":\"https:\\\/\\\/www.sinchisinchi.com\\\/wp-content\\\/uploads\\\/2026\\\/01\\\/3b-Verde-SIMPLIFICADO-HORIZONTAL-F-TRANSPARENTE-scaled.png\",\"width\":2560,\"height\":457,\"caption\":\"SINCHI S.L\"},\"image\":{\"@id\":\"https:\\\/\\\/www.sinchisinchi.com\\\/de\\\/#\\\/schema\\\/logo\\\/image\\\/\"},\"sameAs\":[\"https:\\\/\\\/www.facebook.com\\\/sinchirape\\\/\",\"https:\\\/\\\/www.instagram.com\\\/sinchi_rape\\\/\"]}]}<\/script>\n<!-- \/ Yoast SEO plugin. -->","yoast_head_json":{"title":"Copa\u00edba Rap\u00e9 - SINCHI RAP\u00c9","description":"Rap\u00e9 Copaiba erh\u00f6ht die Schwingung, kl\u00e4rt den Geist und f\u00f6rdert das k\u00f6rperliche, geistige und emotionale Gleichgewicht, indem es auf das Kronen- und Herzchakra wirkt.","robots":{"index":"index","follow":"follow","max-snippet":"max-snippet:-1","max-image-preview":"max-image-preview:large","max-video-preview":"max-video-preview:-1"},"canonical":"https:\/\/www.sinchisinchi.com\/de\/producto\/copaiba\/","og_locale":"de_DE","og_type":"article","og_title":"Copa\u00edba Rap\u00e9 - SINCHI RAP\u00c9","og_description":"Rap\u00e9 Copaiba erh\u00f6ht die Schwingung, kl\u00e4rt den Geist und f\u00f6rdert das k\u00f6rperliche, geistige und emotionale Gleichgewicht, indem es auf das Kronen- und Herzchakra wirkt.","og_url":"https:\/\/www.sinchisinchi.com\/de\/producto\/copaiba\/","og_site_name":"SINCHI RAP\u00c9","article_publisher":"https:\/\/www.facebook.com\/sinchirape\/","article_modified_time":"2026-01-13T07:51:12+00:00","og_image":[{"width":700,"height":700,"url":"https:\/\/www.sinchisinchi.com\/wp-content\/uploads\/2025\/05\/3-Copaiba.jpg","type":"image\/jpeg"}],"twitter_card":"summary_large_image","twitter_misc":{"Gesch\u00e4tzte Lesezeit":"3\u00a0Minuten"},"schema":{"@context":"https:\/\/schema.org","@graph":[{"@type":"WebPage","@id":"https:\/\/www.sinchisinchi.com\/de\/producto\/copaiba\/","url":"https:\/\/www.sinchisinchi.com\/de\/producto\/copaiba\/","name":"Copa\u00edba Rap\u00e9 - SINCHI RAP\u00c9","isPartOf":{"@id":"https:\/\/www.sinchisinchi.com\/de\/#website"},"primaryImageOfPage":{"@id":"https:\/\/www.sinchisinchi.com\/de\/producto\/copaiba\/#primaryimage"},"image":{"@id":"https:\/\/www.sinchisinchi.com\/de\/producto\/copaiba\/#primaryimage"},"thumbnailUrl":"https:\/\/www.sinchisinchi.com\/wp-content\/uploads\/2025\/05\/3-Copaiba.jpg","datePublished":"2025-05-30T12:12:36+00:00","dateModified":"2026-01-13T07:51:12+00:00","description":"Rap\u00e9 Copaiba erh\u00f6ht die Schwingung, kl\u00e4rt den Geist und f\u00f6rdert das k\u00f6rperliche, geistige und emotionale Gleichgewicht, indem es auf das Kronen- und Herzchakra wirkt.","breadcrumb":{"@id":"https:\/\/www.sinchisinchi.com\/de\/producto\/copaiba\/#breadcrumb"},"inLanguage":"de","potentialAction":[{"@type":"ReadAction","target":["https:\/\/www.sinchisinchi.com\/de\/producto\/copaiba\/"]}]},{"@type":"ImageObject","inLanguage":"de","@id":"https:\/\/www.sinchisinchi.com\/de\/producto\/copaiba\/#primaryimage","url":"https:\/\/www.sinchisinchi.com\/wp-content\/uploads\/2025\/05\/3-Copaiba.jpg","contentUrl":"https:\/\/www.sinchisinchi.com\/wp-content\/uploads\/2025\/05\/3-Copaiba.jpg","width":700,"height":700},{"@type":"BreadcrumbList","@id":"https:\/\/www.sinchisinchi.com\/de\/producto\/copaiba\/#breadcrumb","itemListElement":[{"@type":"ListItem","position":1,"name":"Titelseite","item":"https:\/\/www.sinchisinchi.com\/de\/"},{"@type":"ListItem","position":2,"name":"Produkte","item":"https:\/\/www.sinchisinchi.com\/de\/shop\/"},{"@type":"ListItem","position":3,"name":"Copa\u00edba"}]},{"@type":"WebSite","@id":"https:\/\/www.sinchisinchi.com\/de\/#website","url":"https:\/\/www.sinchisinchi.com\/de\/","name":"SINCHI","description":"Sinchi Medicine","publisher":{"@id":"https:\/\/www.sinchisinchi.com\/de\/#organization"},"potentialAction":[{"@type":"SearchAction","target":{"@type":"EntryPoint","urlTemplate":"https:\/\/www.sinchisinchi.com\/de\/?s={search_term_string}"},"query-input":{"@type":"PropertyValueSpecification","valueRequired":true,"valueName":"search_term_string"}}],"inLanguage":"de"},{"@type":"Organization","@id":"https:\/\/www.sinchisinchi.com\/de\/#organization","name":"SINCHI S.L","url":"https:\/\/www.sinchisinchi.com\/de\/","logo":{"@type":"ImageObject","inLanguage":"de","@id":"https:\/\/www.sinchisinchi.com\/de\/#\/schema\/logo\/image\/","url":"https:\/\/www.sinchisinchi.com\/wp-content\/uploads\/2026\/01\/3b-Verde-SIMPLIFICADO-HORIZONTAL-F-TRANSPARENTE-scaled.png","contentUrl":"https:\/\/www.sinchisinchi.com\/wp-content\/uploads\/2026\/01\/3b-Verde-SIMPLIFICADO-HORIZONTAL-F-TRANSPARENTE-scaled.png","width":2560,"height":457,"caption":"SINCHI S.L"},"image":{"@id":"https:\/\/www.sinchisinchi.com\/de\/#\/schema\/logo\/image\/"},"sameAs":["https:\/\/www.facebook.com\/sinchirape\/","https:\/\/www.instagram.com\/sinchi_rape\/"]}]}},"_links":{"self":[{"href":"https:\/\/www.sinchisinchi.com\/de\/wp-json\/wp\/v2\/product\/29040","targetHints":{"allow":["GET"]}}],"collection":[{"href":"https:\/\/www.sinchisinchi.com\/de\/wp-json\/wp\/v2\/product"}],"about":[{"href":"https:\/\/www.sinchisinchi.com\/de\/wp-json\/wp\/v2\/types\/product"}],"wp:featuredmedia":[{"embeddable":true,"href":"https:\/\/www.sinchisinchi.com\/de\/wp-json\/wp\/v2\/media\/27911"}],"wp:attachment":[{"href":"https:\/\/www.sinchisinchi.com\/de\/wp-json\/wp\/v2\/media?parent=29040"}],"wp:term":[{"taxonomy":"product_brand","embeddable":true,"href":"https:\/\/www.sinchisinchi.com\/de\/wp-json\/wp\/v2\/product_brand?post=29040"},{"taxonomy":"product_cat","embeddable":true,"href":"https:\/\/www.sinchisinchi.com\/de\/wp-json\/wp\/v2\/product_cat?post=29040"},{"taxonomy":"product_tag","embeddable":true,"href":"https:\/\/www.sinchisinchi.com\/de\/wp-json\/wp\/v2\/product_tag?post=29040"}],"curies":[{"name":"wp","href":"https:\/\/api.w.org\/{rel}","templated":true}]}}