{"id":29348,"date":"2025-10-25T01:42:06","date_gmt":"2025-10-25T01:42:06","guid":{"rendered":"https:\/\/www.sinchisinchi.com\/producto\/emburana\/"},"modified":"2026-01-17T21:16:26","modified_gmt":"2026-01-17T21:16:26","slug":"emburana","status":"publish","type":"product","link":"https:\/\/www.sinchisinchi.com\/de\/producto\/emburana\/","title":{"rendered":"Emburana"},"content":{"rendered":"","protected":false},"excerpt":{"rendered":"<p>Diese kraftvolle Rap\u00e9-Variante enth\u00e4lt Asche von Amburana cearensis, einem in Brasilien heimischen Baum, der als Emburana oder \u201eCumaru de Cheiro\u201c bekannt ist.<\/p>\n<p>Das Volk der Huni Kuin sch\u00e4tzt den Emburana-Baum aufgrund seiner spirituellen Eigenschaften als Tr\u00e4ger sch\u00fctzender und reinigender Energie und verwendet Emburana-Rap\u00e9 sowohl in Zeremonien als auch im Alltag zur mentalen, energetischen und k\u00f6rperlichen Reinigung.<\/p>\n<p>Emburana ist ein sehr starkes Rap\u00e9, das auf die Chakren und h\u00f6heren Energiekan\u00e4le wirkt; es unterst\u00fctzt die Meditation, sch\u00e4rft die Sinne und f\u00f6rdert geistige Klarheit und Konzentration.<\/p>\n<h3 style=\"text-align: center;\">Medizinische Eigenschaften<\/h3>\n<p>Emburana wird h\u00e4ufig in der traditionellen Medizin des Amazonasgebiets verwendet und aufgrund seiner stark entz\u00fcndungshemmenden, antimikrobiellen und antimykotischen Eigenschaften hoch gesch\u00e4tzt.<\/p>\n<p>Es st\u00e4rkt K\u00f6rper und Geist und sorgt f\u00fcr tiefe Reinigung und Heilung. Es lindert die Symptome von Atemwegserkrankungen; traditionell wird die Rinde in Abkochungen verwendet, um Bronchitis, Asthma und Husten zu lindern.<\/p>\n<p>Es wird auch zur Linderung von Schmerzen und Entz\u00fcndungen eingesetzt, insbesondere bei Rheuma und Zahnerkrankungen.<\/p>\n<h3 style=\"text-align: center;\">Emburana-Baum (Amburana cearensis)<\/h3>\n<p>Der Emburana-Baum ist in Argentinien, Bolivien, Brasilien, Paraguay und Peru heimisch und ist heute durch Lebensraumverlust stark bedroht. Er geh\u00f6rt zur Familie der H\u00fclsenfr\u00fcchtler (Fabaceae). Bisher wurden sechs Arten beschrieben, von denen jedoch nur zwei als wissenschaftlich anerkannt sind.<\/p>\n<p>Es handelt sich um einen sommergr\u00fcnen Baum, der 15 bis 25 Meter hoch wird und gelegentlich bis zu 35 Meter erreicht. Er hat einen geraden Stamm mit glatter, orangebrauner Rinde, die sich in Schuppen abl\u00f6st.<\/p>\n<p>Seine Krone ist abgeflacht, mit dunkelgr\u00fcnem Laub und in B\u00fcscheln wachsenden Bl\u00fcten mit runden, wei\u00dfen Bl\u00fctenbl\u00e4ttern. Die Frucht ist eine harte, dunkelbraune H\u00fclsenfrucht mit einem eif\u00f6rmigen, braunen Samen.<\/p>\n<p>Emburana-Samen werden h\u00e4ufig zur Herstellung von Getr\u00e4nken und anderen Produkten verwendet und verleihen ihnen ein angenehmes, vanilleartiges Aroma.<\/p>\n","protected":false},"featured_media":27975,"template":"","meta":{"_joinchat":[]},"product_brand":[],"product_cat":[723],"product_tag":[],"class_list":{"0":"post-29348","1":"product","2":"type-product","3":"status-publish","4":"has-post-thumbnail","6":"product_cat-rotes-etikett","8":"first","9":"instock","10":"taxable","11":"shipping-taxable","12":"purchasable","13":"product-type-simple"},"yoast_head":"<!-- This site is optimized with the Yoast SEO plugin v27.4 - https:\/\/yoast.com\/product\/yoast-seo-wordpress\/ -->\n<title>Emburana Amazonian Rap\u00e9 - SINCHI RAP\u00c9<\/title>\n<meta name=\"description\" content=\"Diese hochwirksame rap\u00e9 sorte enth\u00e4lt Asche von Amburana cearensis, einem in Brasilien heimischen Baum, der als Emburana oder \u201eCumaru de Cheiro\u201c bekannt ist.\" \/>\n<meta name=\"robots\" content=\"index, follow, max-snippet:-1, max-image-preview:large, max-video-preview:-1\" \/>\n<link rel=\"canonical\" href=\"https:\/\/www.sinchisinchi.com\/de\/producto\/emburana\/\" \/>\n<meta property=\"og:locale\" content=\"de_DE\" \/>\n<meta property=\"og:type\" content=\"article\" \/>\n<meta property=\"og:title\" content=\"Emburana Amazonian Rap\u00e9 - SINCHI RAP\u00c9\" \/>\n<meta property=\"og:description\" content=\"Diese hochwirksame rap\u00e9 sorte enth\u00e4lt Asche von Amburana cearensis, einem in Brasilien heimischen Baum, der als Emburana oder \u201eCumaru de Cheiro\u201c bekannt ist.\" \/>\n<meta property=\"og:url\" content=\"https:\/\/www.sinchisinchi.com\/de\/producto\/emburana\/\" \/>\n<meta property=\"og:site_name\" content=\"SINCHI RAP\u00c9\" \/>\n<meta property=\"article:publisher\" content=\"https:\/\/www.facebook.com\/sinchirape\/\" \/>\n<meta property=\"article:modified_time\" content=\"2026-01-17T21:16:26+00:00\" \/>\n<meta property=\"og:image\" content=\"https:\/\/www.sinchisinchi.com\/wp-content\/uploads\/2025\/05\/7-Emburana.jpg\" \/>\n\t<meta property=\"og:image:width\" content=\"700\" \/>\n\t<meta property=\"og:image:height\" content=\"700\" \/>\n\t<meta property=\"og:image:type\" content=\"image\/jpeg\" \/>\n<meta name=\"twitter:card\" content=\"summary_large_image\" \/>\n<script type=\"application\/ld+json\" class=\"yoast-schema-graph\">{\"@context\":\"https:\\\/\\\/schema.org\",\"@graph\":[{\"@type\":\"WebPage\",\"@id\":\"https:\\\/\\\/www.sinchisinchi.com\\\/de\\\/producto\\\/emburana\\\/\",\"url\":\"https:\\\/\\\/www.sinchisinchi.com\\\/de\\\/producto\\\/emburana\\\/\",\"name\":\"Emburana Amazonian Rap\u00e9 - SINCHI RAP\u00c9\",\"isPartOf\":{\"@id\":\"https:\\\/\\\/www.sinchisinchi.com\\\/de\\\/#website\"},\"primaryImageOfPage\":{\"@id\":\"https:\\\/\\\/www.sinchisinchi.com\\\/de\\\/producto\\\/emburana\\\/#primaryimage\"},\"image\":{\"@id\":\"https:\\\/\\\/www.sinchisinchi.com\\\/de\\\/producto\\\/emburana\\\/#primaryimage\"},\"thumbnailUrl\":\"https:\\\/\\\/www.sinchisinchi.com\\\/wp-content\\\/uploads\\\/2025\\\/05\\\/7-Emburana.jpg\",\"datePublished\":\"2025-10-25T01:42:06+00:00\",\"dateModified\":\"2026-01-17T21:16:26+00:00\",\"description\":\"Diese hochwirksame rap\u00e9 sorte enth\u00e4lt Asche von Amburana cearensis, einem in Brasilien heimischen Baum, der als Emburana oder \u201eCumaru de Cheiro\u201c bekannt ist.\",\"breadcrumb\":{\"@id\":\"https:\\\/\\\/www.sinchisinchi.com\\\/de\\\/producto\\\/emburana\\\/#breadcrumb\"},\"inLanguage\":\"de\",\"potentialAction\":[{\"@type\":\"ReadAction\",\"target\":[\"https:\\\/\\\/www.sinchisinchi.com\\\/de\\\/producto\\\/emburana\\\/\"]}]},{\"@type\":\"ImageObject\",\"inLanguage\":\"de\",\"@id\":\"https:\\\/\\\/www.sinchisinchi.com\\\/de\\\/producto\\\/emburana\\\/#primaryimage\",\"url\":\"https:\\\/\\\/www.sinchisinchi.com\\\/wp-content\\\/uploads\\\/2025\\\/05\\\/7-Emburana.jpg\",\"contentUrl\":\"https:\\\/\\\/www.sinchisinchi.com\\\/wp-content\\\/uploads\\\/2025\\\/05\\\/7-Emburana.jpg\",\"width\":700,\"height\":700},{\"@type\":\"BreadcrumbList\",\"@id\":\"https:\\\/\\\/www.sinchisinchi.com\\\/de\\\/producto\\\/emburana\\\/#breadcrumb\",\"itemListElement\":[{\"@type\":\"ListItem\",\"position\":1,\"name\":\"Titelseite\",\"item\":\"https:\\\/\\\/www.sinchisinchi.com\\\/de\\\/\"},{\"@type\":\"ListItem\",\"position\":2,\"name\":\"Produkte\",\"item\":\"https:\\\/\\\/www.sinchisinchi.com\\\/de\\\/shop\\\/\"},{\"@type\":\"ListItem\",\"position\":3,\"name\":\"Emburana\"}]},{\"@type\":\"WebSite\",\"@id\":\"https:\\\/\\\/www.sinchisinchi.com\\\/de\\\/#website\",\"url\":\"https:\\\/\\\/www.sinchisinchi.com\\\/de\\\/\",\"name\":\"SINCHI\",\"description\":\"Sinchi Medicine\",\"publisher\":{\"@id\":\"https:\\\/\\\/www.sinchisinchi.com\\\/de\\\/#organization\"},\"potentialAction\":[{\"@type\":\"SearchAction\",\"target\":{\"@type\":\"EntryPoint\",\"urlTemplate\":\"https:\\\/\\\/www.sinchisinchi.com\\\/de\\\/?s={search_term_string}\"},\"query-input\":{\"@type\":\"PropertyValueSpecification\",\"valueRequired\":true,\"valueName\":\"search_term_string\"}}],\"inLanguage\":\"de\"},{\"@type\":\"Organization\",\"@id\":\"https:\\\/\\\/www.sinchisinchi.com\\\/de\\\/#organization\",\"name\":\"SINCHI S.L\",\"url\":\"https:\\\/\\\/www.sinchisinchi.com\\\/de\\\/\",\"logo\":{\"@type\":\"ImageObject\",\"inLanguage\":\"de\",\"@id\":\"https:\\\/\\\/www.sinchisinchi.com\\\/de\\\/#\\\/schema\\\/logo\\\/image\\\/\",\"url\":\"https:\\\/\\\/www.sinchisinchi.com\\\/wp-content\\\/uploads\\\/2026\\\/01\\\/3b-Verde-SIMPLIFICADO-HORIZONTAL-F-TRANSPARENTE-scaled.png\",\"contentUrl\":\"https:\\\/\\\/www.sinchisinchi.com\\\/wp-content\\\/uploads\\\/2026\\\/01\\\/3b-Verde-SIMPLIFICADO-HORIZONTAL-F-TRANSPARENTE-scaled.png\",\"width\":2560,\"height\":457,\"caption\":\"SINCHI S.L\"},\"image\":{\"@id\":\"https:\\\/\\\/www.sinchisinchi.com\\\/de\\\/#\\\/schema\\\/logo\\\/image\\\/\"},\"sameAs\":[\"https:\\\/\\\/www.facebook.com\\\/sinchirape\\\/\",\"https:\\\/\\\/www.instagram.com\\\/sinchi_rape\\\/\"]}]}<\/script>\n<!-- \/ Yoast SEO plugin. -->","yoast_head_json":{"title":"Emburana Amazonian Rap\u00e9 - SINCHI RAP\u00c9","description":"Diese hochwirksame rap\u00e9 sorte enth\u00e4lt Asche von Amburana cearensis, einem in Brasilien heimischen Baum, der als Emburana oder \u201eCumaru de Cheiro\u201c bekannt ist.","robots":{"index":"index","follow":"follow","max-snippet":"max-snippet:-1","max-image-preview":"max-image-preview:large","max-video-preview":"max-video-preview:-1"},"canonical":"https:\/\/www.sinchisinchi.com\/de\/producto\/emburana\/","og_locale":"de_DE","og_type":"article","og_title":"Emburana Amazonian Rap\u00e9 - SINCHI RAP\u00c9","og_description":"Diese hochwirksame rap\u00e9 sorte enth\u00e4lt Asche von Amburana cearensis, einem in Brasilien heimischen Baum, der als Emburana oder \u201eCumaru de Cheiro\u201c bekannt ist.","og_url":"https:\/\/www.sinchisinchi.com\/de\/producto\/emburana\/","og_site_name":"SINCHI RAP\u00c9","article_publisher":"https:\/\/www.facebook.com\/sinchirape\/","article_modified_time":"2026-01-17T21:16:26+00:00","og_image":[{"width":700,"height":700,"url":"https:\/\/www.sinchisinchi.com\/wp-content\/uploads\/2025\/05\/7-Emburana.jpg","type":"image\/jpeg"}],"twitter_card":"summary_large_image","schema":{"@context":"https:\/\/schema.org","@graph":[{"@type":"WebPage","@id":"https:\/\/www.sinchisinchi.com\/de\/producto\/emburana\/","url":"https:\/\/www.sinchisinchi.com\/de\/producto\/emburana\/","name":"Emburana Amazonian Rap\u00e9 - SINCHI RAP\u00c9","isPartOf":{"@id":"https:\/\/www.sinchisinchi.com\/de\/#website"},"primaryImageOfPage":{"@id":"https:\/\/www.sinchisinchi.com\/de\/producto\/emburana\/#primaryimage"},"image":{"@id":"https:\/\/www.sinchisinchi.com\/de\/producto\/emburana\/#primaryimage"},"thumbnailUrl":"https:\/\/www.sinchisinchi.com\/wp-content\/uploads\/2025\/05\/7-Emburana.jpg","datePublished":"2025-10-25T01:42:06+00:00","dateModified":"2026-01-17T21:16:26+00:00","description":"Diese hochwirksame rap\u00e9 sorte enth\u00e4lt Asche von Amburana cearensis, einem in Brasilien heimischen Baum, der als Emburana oder \u201eCumaru de Cheiro\u201c bekannt ist.","breadcrumb":{"@id":"https:\/\/www.sinchisinchi.com\/de\/producto\/emburana\/#breadcrumb"},"inLanguage":"de","potentialAction":[{"@type":"ReadAction","target":["https:\/\/www.sinchisinchi.com\/de\/producto\/emburana\/"]}]},{"@type":"ImageObject","inLanguage":"de","@id":"https:\/\/www.sinchisinchi.com\/de\/producto\/emburana\/#primaryimage","url":"https:\/\/www.sinchisinchi.com\/wp-content\/uploads\/2025\/05\/7-Emburana.jpg","contentUrl":"https:\/\/www.sinchisinchi.com\/wp-content\/uploads\/2025\/05\/7-Emburana.jpg","width":700,"height":700},{"@type":"BreadcrumbList","@id":"https:\/\/www.sinchisinchi.com\/de\/producto\/emburana\/#breadcrumb","itemListElement":[{"@type":"ListItem","position":1,"name":"Titelseite","item":"https:\/\/www.sinchisinchi.com\/de\/"},{"@type":"ListItem","position":2,"name":"Produkte","item":"https:\/\/www.sinchisinchi.com\/de\/shop\/"},{"@type":"ListItem","position":3,"name":"Emburana"}]},{"@type":"WebSite","@id":"https:\/\/www.sinchisinchi.com\/de\/#website","url":"https:\/\/www.sinchisinchi.com\/de\/","name":"SINCHI","description":"Sinchi Medicine","publisher":{"@id":"https:\/\/www.sinchisinchi.com\/de\/#organization"},"potentialAction":[{"@type":"SearchAction","target":{"@type":"EntryPoint","urlTemplate":"https:\/\/www.sinchisinchi.com\/de\/?s={search_term_string}"},"query-input":{"@type":"PropertyValueSpecification","valueRequired":true,"valueName":"search_term_string"}}],"inLanguage":"de"},{"@type":"Organization","@id":"https:\/\/www.sinchisinchi.com\/de\/#organization","name":"SINCHI S.L","url":"https:\/\/www.sinchisinchi.com\/de\/","logo":{"@type":"ImageObject","inLanguage":"de","@id":"https:\/\/www.sinchisinchi.com\/de\/#\/schema\/logo\/image\/","url":"https:\/\/www.sinchisinchi.com\/wp-content\/uploads\/2026\/01\/3b-Verde-SIMPLIFICADO-HORIZONTAL-F-TRANSPARENTE-scaled.png","contentUrl":"https:\/\/www.sinchisinchi.com\/wp-content\/uploads\/2026\/01\/3b-Verde-SIMPLIFICADO-HORIZONTAL-F-TRANSPARENTE-scaled.png","width":2560,"height":457,"caption":"SINCHI S.L"},"image":{"@id":"https:\/\/www.sinchisinchi.com\/de\/#\/schema\/logo\/image\/"},"sameAs":["https:\/\/www.facebook.com\/sinchirape\/","https:\/\/www.instagram.com\/sinchi_rape\/"]}]}},"_links":{"self":[{"href":"https:\/\/www.sinchisinchi.com\/de\/wp-json\/wp\/v2\/product\/29348","targetHints":{"allow":["GET"]}}],"collection":[{"href":"https:\/\/www.sinchisinchi.com\/de\/wp-json\/wp\/v2\/product"}],"about":[{"href":"https:\/\/www.sinchisinchi.com\/de\/wp-json\/wp\/v2\/types\/product"}],"wp:featuredmedia":[{"embeddable":true,"href":"https:\/\/www.sinchisinchi.com\/de\/wp-json\/wp\/v2\/media\/27975"}],"wp:attachment":[{"href":"https:\/\/www.sinchisinchi.com\/de\/wp-json\/wp\/v2\/media?parent=29348"}],"wp:term":[{"taxonomy":"product_brand","embeddable":true,"href":"https:\/\/www.sinchisinchi.com\/de\/wp-json\/wp\/v2\/product_brand?post=29348"},{"taxonomy":"product_cat","embeddable":true,"href":"https:\/\/www.sinchisinchi.com\/de\/wp-json\/wp\/v2\/product_cat?post=29348"},{"taxonomy":"product_tag","embeddable":true,"href":"https:\/\/www.sinchisinchi.com\/de\/wp-json\/wp\/v2\/product_tag?post=29348"}],"curies":[{"name":"wp","href":"https:\/\/api.w.org\/{rel}","templated":true}]}}