{"id":3075,"date":"2020-02-02T02:15:40","date_gmt":"2020-02-02T02:15:40","guid":{"rendered":"https:\/\/www.sinchisinchi.com\/producto\/nukini-jaguar\/"},"modified":"2026-02-12T17:55:06","modified_gmt":"2026-02-12T17:55:06","slug":"nukini-jaguar","status":"publish","type":"product","link":"https:\/\/www.sinchisinchi.com\/de\/producto\/nukini-jaguar\/","title":{"rendered":"Nukini On\u00e7a"},"content":{"rendered":"<a href=\"https:\/\/www.sinchisinchi.com\/de\/producto\/onca-50g\/\" target=\"_blank\" class=\"button secondary is-larger lowercase expand\" rel=\"noopener\" style=\"border-radius:10px;\">\n\t\t<span>Mittlere Gr\u00f6\u00dfe: 50g<\/span>\n\t<\/a>\n\n<a href=\"https:\/\/www.sinchisinchi.com\/de\/producto\/onca-100g\/\" target=\"_blank\" class=\"button secondary is-larger lowercase expand\" rel=\"noopener\" style=\"border-radius:10px;\">\n\t\t<span>Gro\u00dfe Gr\u00f6\u00dfe: 100g<\/span>\n\t<\/a>\n\n\n  <div class=\"banner has-hover\" id=\"banner-714004070\">\n          <div class=\"banner-inner fill\">\n        <div class=\"banner-bg fill\" >\n            <img loading=\"lazy\" decoding=\"async\" width=\"1020\" height=\"680\" src=\"https:\/\/www.sinchisinchi.com\/wp-content\/uploads\/2025\/03\/4-Nukini-1024x683.jpg\" class=\"bg attachment-large size-large\" alt=\"Ni\u00f1o del pueblo Nukini sobre una sama\u00fama \u00e1rbol sagrado de la selva amaz\u00f3nica\" \/>                        <div class=\"overlay\"><\/div>            \n                    <\/div>\n\t\t\n        <div class=\"banner-layers container\">\n            <div class=\"fill banner-link\"><\/div>            \n   <div id=\"text-box-617461067\" class=\"text-box banner-layer x5 md-x5 lg-x5 y50 md-y50 lg-y50 res-text\">\n                                <div class=\"text-box-content text box-shadow-3\">\n              \n              <div class=\"text-inner text-left\">\n                  \n<h2 style=\"text-align: center;\">Nukini<\/h2>\n<a href=\"https:\/\/www.sinchisinchi.com\/de\/staemme\/rape-nukini\/\" target=\"_blank\" class=\"button primary is-underline is-larger expand\" rel=\"noopener\" >\n\t\t<span>Tribu<\/span>\n\t<\/a>\n\n<a href=\"https:\/\/www.sinchisinchi.com\/de\/staemme\/rape-nukini\/musik\/\" target=\"_blank\" class=\"button primary is-underline is-larger expand\" rel=\"noopener\" >\n\t\t<span>Musik<\/span>\n\t<\/a>\n\n<a href=\"https:\/\/www.sinchisinchi.com\/de\/staemme\/rape-nukini\/video\/\" target=\"_blank\" class=\"button primary is-underline is-larger expand\" rel=\"noopener\" >\n\t\t<span>Videos<\/span>\n\t<\/a>\n\n              <\/div>\n           <\/div>\n                            \n<style>\n#text-box-617461067 .text-box-content {\n  background-color: rgb(255, 255, 255);\n  font-size: 100%;\n}\n#text-box-617461067 .text-inner {\n  padding: 30px 30px 30px 30px;\n}\n#text-box-617461067 {\n  width: 60%;\n}\n@media (min-width:550px) {\n  #text-box-617461067 {\n    width: 40%;\n  }\n}\n<\/style>\n    <\/div>\n \n        <\/div>\n      <\/div>\n\n              <div class=\"height-fix is-invisible\"><img loading=\"lazy\" decoding=\"async\" width=\"1020\" height=\"680\" src=\"https:\/\/www.sinchisinchi.com\/wp-content\/uploads\/2025\/03\/4-Nukini-1024x683.jpg\" class=\"attachment-large size-large\" alt=\"Ni\u00f1o del pueblo Nukini sobre una sama\u00fama \u00e1rbol sagrado de la selva amaz\u00f3nica\" srcset=\"https:\/\/www.sinchisinchi.com\/wp-content\/uploads\/2025\/03\/4-Nukini-1024x683.jpg 1024w, https:\/\/www.sinchisinchi.com\/wp-content\/uploads\/2025\/03\/4-Nukini-600x400.jpg 600w, https:\/\/www.sinchisinchi.com\/wp-content\/uploads\/2025\/03\/4-Nukini-768x512.jpg 768w, https:\/\/www.sinchisinchi.com\/wp-content\/uploads\/2025\/03\/4-Nukini-1536x1025.jpg 1536w, https:\/\/www.sinchisinchi.com\/wp-content\/uploads\/2025\/03\/4-Nukini-247x165.jpg 247w, https:\/\/www.sinchisinchi.com\/wp-content\/uploads\/2025\/03\/4-Nukini-510x340.jpg 510w, https:\/\/www.sinchisinchi.com\/wp-content\/uploads\/2025\/03\/4-Nukini.jpg 2048w\" sizes=\"auto, (max-width: 1020px) 100vw, 1020px\" \/><\/div>\n            \n<style>\n#banner-714004070 .overlay {\n  background-color: rgba(190, 190, 190, 0.2);\n}\n#banner-714004070 {\n  background-color: rgb(255, 255, 255);\n}\n<\/style>\n  <\/div>\n\n\n","protected":false},"excerpt":{"rendered":"<p>Diese kraftvolle Sorte von Rap\u00e9 versetzt uns in einen Zustand tiefer Verbundenheit mit unserem eigenen Geist und mit der St\u00e4rke und den Qualit\u00e4ten des <strong>Jaguars<\/strong> (On\u00e7a Pintada bedeutet Jaguar auf Portugiesisch).<\/p>\n<p>F\u00fcr viele Kulturen ist der Jaguar heilig, K\u00f6nig aller Tiere und spiritueller F\u00fchrer: fast eine Gottheit f\u00fcr Kulturen wie die Olmeken, die Mayas und die Azteken. Der Maya-Legende zufolge gab der Jaguar \u2013 Balam \u2013 seine Kraft verschiedenen Maya-Gottheiten, wie K&#8217;inich Ajaw, dem Gott der Sonne.<\/p>\n<p>Der Geist des Jaguars repr\u00e4sentiert Kraft, Anmut und Heimlichkeit im Dunkeln; seine Macht liegt in der Stille, die er als Waffe einsetzt. Schweigen genie\u00dft bei den amerikanischen Indianern einen hohen Respekt und wird als heiliger Bewusstseinszustand angesehen. Es ist auch f\u00fcr seine Nachtsicht bekannt.<\/p>\n<p><strong>-Eigenschaften und Vorteile:<\/strong> Es hat heilende Eigenschaften, Tiefenreinigung, Verbindung mit dem Geist, Erh\u00f6hung und Schutz. Zu den weiteren Qualit\u00e4ten des Jaguars geh\u00f6ren St\u00e4rke und pers\u00f6nliche Kraft, der Geist der \u00dcberwindung, Tapferkeit, Mut und Willenskraft.<\/p>\n<p><strong>-Intensit\u00e4t:<\/strong> Stark.<\/p>\n<p><strong>-Tribe:<\/strong> Hap\u00e9, hergestellt vom Nukini-Stamm des brasilianischen Amazonas<\/p>\n<p><strong>-Zusammensetzung:<\/strong> Mapacho, Asche aus der Rinde des heiligen Sanu-Baums und anderer heiliger Amazonas-Pflanzen. Der Sanu-Baum ist auch f\u00fcr seine schmerzerzeugenden Eigenschaften bekannt (stellt Verbindung mit Tr\u00e4umen her).<\/p>\n<p><strong>-Gr\u00f6\u00dfe:<\/strong> 10-ml-Flaschen (8 bis 9 Gramm)<\/p>\n<p><strong>-Verwendung:<\/strong> Ethnobotanische Kuriosit\u00e4t.<\/p>\n","protected":false},"featured_media":11681,"template":"","meta":{"_joinchat":[]},"product_brand":[],"product_cat":[112],"product_tag":[],"class_list":{"0":"post-3075","1":"product","2":"type-product","3":"status-publish","4":"has-post-thumbnail","6":"product_cat-nukini-de","8":"first","9":"instock","10":"taxable","11":"shipping-taxable","12":"purchasable","13":"product-type-simple"},"yoast_head":"<!-- This site is optimized with the Yoast SEO plugin v27.1.1 - https:\/\/yoast.com\/product\/yoast-seo-wordpress\/ -->\n<title>SINCHI: Rap\u00e9 On\u00e7a vom Amazonas-Nukini-Stamm<\/title>\n<meta name=\"description\" content=\"Der Rap\u00e9 Nukini On\u00e7a hat den Geist und die St\u00e4rke des Jaguars. Es hat Eigenschaften der Verbindung mit dem Geist, der Erhebung und des Schutzes.\" \/>\n<meta name=\"robots\" content=\"index, follow, max-snippet:-1, max-image-preview:large, max-video-preview:-1\" \/>\n<link rel=\"canonical\" href=\"https:\/\/www.sinchisinchi.com\/de\/producto\/nukini-jaguar\/\" \/>\n<meta property=\"og:locale\" content=\"de_DE\" \/>\n<meta property=\"og:type\" content=\"article\" \/>\n<meta property=\"og:title\" content=\"SINCHI: Rap\u00e9 On\u00e7a vom Amazonas-Nukini-Stamm\" \/>\n<meta property=\"og:description\" content=\"Der Rap\u00e9 Nukini On\u00e7a hat den Geist und die St\u00e4rke des Jaguars. Es hat Eigenschaften der Verbindung mit dem Geist, der Erhebung und des Schutzes.\" \/>\n<meta property=\"og:url\" content=\"https:\/\/www.sinchisinchi.com\/de\/producto\/nukini-jaguar\/\" \/>\n<meta property=\"og:site_name\" content=\"SINCHI RAP\u00c9\" \/>\n<meta property=\"article:publisher\" content=\"https:\/\/www.facebook.com\/sinchirape\/\" \/>\n<meta property=\"article:modified_time\" content=\"2026-02-12T17:55:06+00:00\" \/>\n<meta property=\"og:image\" content=\"https:\/\/www.sinchisinchi.com\/wp-content\/uploads\/2020\/02\/11-Onca.jpg\" \/>\n\t<meta property=\"og:image:width\" content=\"700\" \/>\n\t<meta property=\"og:image:height\" content=\"700\" \/>\n\t<meta property=\"og:image:type\" content=\"image\/jpeg\" \/>\n<meta name=\"twitter:card\" content=\"summary_large_image\" \/>\n<meta name=\"twitter:label1\" content=\"Gesch\u00e4tzte Lesezeit\" \/>\n\t<meta name=\"twitter:data1\" content=\"1\u00a0Minute\" \/>\n<script type=\"application\/ld+json\" class=\"yoast-schema-graph\">{\"@context\":\"https:\/\/schema.org\",\"@graph\":[{\"@type\":\"WebPage\",\"@id\":\"https:\/\/www.sinchisinchi.com\/de\/producto\/nukini-jaguar\/\",\"url\":\"https:\/\/www.sinchisinchi.com\/de\/producto\/nukini-jaguar\/\",\"name\":\"SINCHI: Rap\u00e9 On\u00e7a vom Amazonas-Nukini-Stamm\",\"isPartOf\":{\"@id\":\"https:\/\/www.sinchisinchi.com\/de\/#website\"},\"primaryImageOfPage\":{\"@id\":\"https:\/\/www.sinchisinchi.com\/de\/producto\/nukini-jaguar\/#primaryimage\"},\"image\":{\"@id\":\"https:\/\/www.sinchisinchi.com\/de\/producto\/nukini-jaguar\/#primaryimage\"},\"thumbnailUrl\":\"https:\/\/www.sinchisinchi.com\/wp-content\/uploads\/2020\/02\/11-Onca.jpg\",\"datePublished\":\"2020-02-02T02:15:40+00:00\",\"dateModified\":\"2026-02-12T17:55:06+00:00\",\"description\":\"Der Rap\u00e9 Nukini On\u00e7a hat den Geist und die St\u00e4rke des Jaguars. Es hat Eigenschaften der Verbindung mit dem Geist, der Erhebung und des Schutzes.\",\"breadcrumb\":{\"@id\":\"https:\/\/www.sinchisinchi.com\/de\/producto\/nukini-jaguar\/#breadcrumb\"},\"inLanguage\":\"de\",\"potentialAction\":[{\"@type\":\"ReadAction\",\"target\":[\"https:\/\/www.sinchisinchi.com\/de\/producto\/nukini-jaguar\/\"]}]},{\"@type\":\"ImageObject\",\"inLanguage\":\"de\",\"@id\":\"https:\/\/www.sinchisinchi.com\/de\/producto\/nukini-jaguar\/#primaryimage\",\"url\":\"https:\/\/www.sinchisinchi.com\/wp-content\/uploads\/2020\/02\/11-Onca.jpg\",\"contentUrl\":\"https:\/\/www.sinchisinchi.com\/wp-content\/uploads\/2020\/02\/11-Onca.jpg\",\"width\":700,\"height\":700},{\"@type\":\"BreadcrumbList\",\"@id\":\"https:\/\/www.sinchisinchi.com\/de\/producto\/nukini-jaguar\/#breadcrumb\",\"itemListElement\":[{\"@type\":\"ListItem\",\"position\":1,\"name\":\"Titelseite\",\"item\":\"https:\/\/www.sinchisinchi.com\/de\/\"},{\"@type\":\"ListItem\",\"position\":2,\"name\":\"Produkte\",\"item\":\"https:\/\/www.sinchisinchi.com\/de\/shop\/\"},{\"@type\":\"ListItem\",\"position\":3,\"name\":\"Nukini On\u00e7a\"}]},{\"@type\":\"WebSite\",\"@id\":\"https:\/\/www.sinchisinchi.com\/de\/#website\",\"url\":\"https:\/\/www.sinchisinchi.com\/de\/\",\"name\":\"SINCHI\",\"description\":\"Sinchi Medicine\",\"publisher\":{\"@id\":\"https:\/\/www.sinchisinchi.com\/de\/#organization\"},\"potentialAction\":[{\"@type\":\"SearchAction\",\"target\":{\"@type\":\"EntryPoint\",\"urlTemplate\":\"https:\/\/www.sinchisinchi.com\/de\/?s={search_term_string}\"},\"query-input\":{\"@type\":\"PropertyValueSpecification\",\"valueRequired\":true,\"valueName\":\"search_term_string\"}}],\"inLanguage\":\"de\"},{\"@type\":\"Organization\",\"@id\":\"https:\/\/www.sinchisinchi.com\/de\/#organization\",\"name\":\"SINCHI S.L\",\"url\":\"https:\/\/www.sinchisinchi.com\/de\/\",\"logo\":{\"@type\":\"ImageObject\",\"inLanguage\":\"de\",\"@id\":\"https:\/\/www.sinchisinchi.com\/de\/#\/schema\/logo\/image\/\",\"url\":\"https:\/\/www.sinchisinchi.com\/wp-content\/uploads\/2026\/01\/3b-Verde-SIMPLIFICADO-HORIZONTAL-F-TRANSPARENTE-scaled.png\",\"contentUrl\":\"https:\/\/www.sinchisinchi.com\/wp-content\/uploads\/2026\/01\/3b-Verde-SIMPLIFICADO-HORIZONTAL-F-TRANSPARENTE-scaled.png\",\"width\":2560,\"height\":457,\"caption\":\"SINCHI S.L\"},\"image\":{\"@id\":\"https:\/\/www.sinchisinchi.com\/de\/#\/schema\/logo\/image\/\"},\"sameAs\":[\"https:\/\/www.facebook.com\/sinchirape\/\",\"https:\/\/www.instagram.com\/sinchi_rape\/\"]}]}<\/script>\n<!-- \/ Yoast SEO plugin. -->","yoast_head_json":{"title":"SINCHI: Rap\u00e9 On\u00e7a vom Amazonas-Nukini-Stamm","description":"Der Rap\u00e9 Nukini On\u00e7a hat den Geist und die St\u00e4rke des Jaguars. Es hat Eigenschaften der Verbindung mit dem Geist, der Erhebung und des Schutzes.","robots":{"index":"index","follow":"follow","max-snippet":"max-snippet:-1","max-image-preview":"max-image-preview:large","max-video-preview":"max-video-preview:-1"},"canonical":"https:\/\/www.sinchisinchi.com\/de\/producto\/nukini-jaguar\/","og_locale":"de_DE","og_type":"article","og_title":"SINCHI: Rap\u00e9 On\u00e7a vom Amazonas-Nukini-Stamm","og_description":"Der Rap\u00e9 Nukini On\u00e7a hat den Geist und die St\u00e4rke des Jaguars. Es hat Eigenschaften der Verbindung mit dem Geist, der Erhebung und des Schutzes.","og_url":"https:\/\/www.sinchisinchi.com\/de\/producto\/nukini-jaguar\/","og_site_name":"SINCHI RAP\u00c9","article_publisher":"https:\/\/www.facebook.com\/sinchirape\/","article_modified_time":"2026-02-12T17:55:06+00:00","og_image":[{"width":700,"height":700,"url":"https:\/\/www.sinchisinchi.com\/wp-content\/uploads\/2020\/02\/11-Onca.jpg","type":"image\/jpeg"}],"twitter_card":"summary_large_image","twitter_misc":{"Gesch\u00e4tzte Lesezeit":"1\u00a0Minute"},"schema":{"@context":"https:\/\/schema.org","@graph":[{"@type":"WebPage","@id":"https:\/\/www.sinchisinchi.com\/de\/producto\/nukini-jaguar\/","url":"https:\/\/www.sinchisinchi.com\/de\/producto\/nukini-jaguar\/","name":"SINCHI: Rap\u00e9 On\u00e7a vom Amazonas-Nukini-Stamm","isPartOf":{"@id":"https:\/\/www.sinchisinchi.com\/de\/#website"},"primaryImageOfPage":{"@id":"https:\/\/www.sinchisinchi.com\/de\/producto\/nukini-jaguar\/#primaryimage"},"image":{"@id":"https:\/\/www.sinchisinchi.com\/de\/producto\/nukini-jaguar\/#primaryimage"},"thumbnailUrl":"https:\/\/www.sinchisinchi.com\/wp-content\/uploads\/2020\/02\/11-Onca.jpg","datePublished":"2020-02-02T02:15:40+00:00","dateModified":"2026-02-12T17:55:06+00:00","description":"Der Rap\u00e9 Nukini On\u00e7a hat den Geist und die St\u00e4rke des Jaguars. Es hat Eigenschaften der Verbindung mit dem Geist, der Erhebung und des Schutzes.","breadcrumb":{"@id":"https:\/\/www.sinchisinchi.com\/de\/producto\/nukini-jaguar\/#breadcrumb"},"inLanguage":"de","potentialAction":[{"@type":"ReadAction","target":["https:\/\/www.sinchisinchi.com\/de\/producto\/nukini-jaguar\/"]}]},{"@type":"ImageObject","inLanguage":"de","@id":"https:\/\/www.sinchisinchi.com\/de\/producto\/nukini-jaguar\/#primaryimage","url":"https:\/\/www.sinchisinchi.com\/wp-content\/uploads\/2020\/02\/11-Onca.jpg","contentUrl":"https:\/\/www.sinchisinchi.com\/wp-content\/uploads\/2020\/02\/11-Onca.jpg","width":700,"height":700},{"@type":"BreadcrumbList","@id":"https:\/\/www.sinchisinchi.com\/de\/producto\/nukini-jaguar\/#breadcrumb","itemListElement":[{"@type":"ListItem","position":1,"name":"Titelseite","item":"https:\/\/www.sinchisinchi.com\/de\/"},{"@type":"ListItem","position":2,"name":"Produkte","item":"https:\/\/www.sinchisinchi.com\/de\/shop\/"},{"@type":"ListItem","position":3,"name":"Nukini On\u00e7a"}]},{"@type":"WebSite","@id":"https:\/\/www.sinchisinchi.com\/de\/#website","url":"https:\/\/www.sinchisinchi.com\/de\/","name":"SINCHI","description":"Sinchi Medicine","publisher":{"@id":"https:\/\/www.sinchisinchi.com\/de\/#organization"},"potentialAction":[{"@type":"SearchAction","target":{"@type":"EntryPoint","urlTemplate":"https:\/\/www.sinchisinchi.com\/de\/?s={search_term_string}"},"query-input":{"@type":"PropertyValueSpecification","valueRequired":true,"valueName":"search_term_string"}}],"inLanguage":"de"},{"@type":"Organization","@id":"https:\/\/www.sinchisinchi.com\/de\/#organization","name":"SINCHI S.L","url":"https:\/\/www.sinchisinchi.com\/de\/","logo":{"@type":"ImageObject","inLanguage":"de","@id":"https:\/\/www.sinchisinchi.com\/de\/#\/schema\/logo\/image\/","url":"https:\/\/www.sinchisinchi.com\/wp-content\/uploads\/2026\/01\/3b-Verde-SIMPLIFICADO-HORIZONTAL-F-TRANSPARENTE-scaled.png","contentUrl":"https:\/\/www.sinchisinchi.com\/wp-content\/uploads\/2026\/01\/3b-Verde-SIMPLIFICADO-HORIZONTAL-F-TRANSPARENTE-scaled.png","width":2560,"height":457,"caption":"SINCHI S.L"},"image":{"@id":"https:\/\/www.sinchisinchi.com\/de\/#\/schema\/logo\/image\/"},"sameAs":["https:\/\/www.facebook.com\/sinchirape\/","https:\/\/www.instagram.com\/sinchi_rape\/"]}]}},"_links":{"self":[{"href":"https:\/\/www.sinchisinchi.com\/de\/wp-json\/wp\/v2\/product\/3075","targetHints":{"allow":["GET"]}}],"collection":[{"href":"https:\/\/www.sinchisinchi.com\/de\/wp-json\/wp\/v2\/product"}],"about":[{"href":"https:\/\/www.sinchisinchi.com\/de\/wp-json\/wp\/v2\/types\/product"}],"wp:featuredmedia":[{"embeddable":true,"href":"https:\/\/www.sinchisinchi.com\/de\/wp-json\/wp\/v2\/media\/11681"}],"wp:attachment":[{"href":"https:\/\/www.sinchisinchi.com\/de\/wp-json\/wp\/v2\/media?parent=3075"}],"wp:term":[{"taxonomy":"product_brand","embeddable":true,"href":"https:\/\/www.sinchisinchi.com\/de\/wp-json\/wp\/v2\/product_brand?post=3075"},{"taxonomy":"product_cat","embeddable":true,"href":"https:\/\/www.sinchisinchi.com\/de\/wp-json\/wp\/v2\/product_cat?post=3075"},{"taxonomy":"product_tag","embeddable":true,"href":"https:\/\/www.sinchisinchi.com\/de\/wp-json\/wp\/v2\/product_tag?post=3075"}],"curies":[{"name":"wp","href":"https:\/\/api.w.org\/{rel}","templated":true}]}}