{"id":3275,"date":"2020-04-29T07:55:48","date_gmt":"2020-04-29T07:55:48","guid":{"rendered":"https:\/\/www.sinchisinchi.com\/producto\/cumaru-rape\/"},"modified":"2026-02-12T23:03:50","modified_gmt":"2026-02-12T23:03:50","slug":"cumaru-rape","status":"publish","type":"product","link":"https:\/\/www.sinchisinchi.com\/de\/producto\/cumaru-rape\/","title":{"rendered":"Cumaru"},"content":{"rendered":"<a href=\"https:\/\/www.sinchisinchi.com\/de\/producto\/50g-cumaru\/\" target=\"_blank\" class=\"button secondary is-larger lowercase expand\" rel=\"noopener\" style=\"border-radius:10px;\">\n\t\t<span>Mittlere Gr\u00f6\u00dfe: 50g<\/span>\n\t<\/a>\n\n<a href=\"https:\/\/www.sinchisinchi.com\/de\/producto\/cumaru-100g\/\" target=\"_blank\" class=\"button secondary is-larger lowercase expand\" rel=\"noopener\" style=\"border-radius:10px;\">\n\t\t<span>Gro\u00dfe Gr\u00f6\u00dfe: 100g<\/span>\n\t<\/a>\n\n\t<div id=\"gap-849401622\" class=\"gap-element clearfix\" style=\"display:block; height:auto;\">\n\t\t\n<style>\n#gap-849401622 {\n  padding-top: 30px;\n}\n<\/style>\n\t<\/div>\n\t\n\n  <div class=\"banner has-hover\" id=\"banner-687154623\">\n          <div class=\"banner-inner fill\">\n        <div class=\"banner-bg fill\" >\n            <img loading=\"lazy\" decoding=\"async\" width=\"791\" height=\"1024\" src=\"https:\/\/www.sinchisinchi.com\/wp-content\/uploads\/2024\/09\/0-Huni-Kuin-Kaxinawa-791x1024.jpg\" class=\"bg attachment-large size-large\" alt=\"\" \/>                        <div class=\"overlay\"><\/div>            \n                    <\/div>\n\t\t\n        <div class=\"banner-layers container\">\n            <div class=\"fill banner-link\"><\/div>            \n   <div id=\"text-box-1094272890\" class=\"text-box banner-layer x5 md-x5 lg-x5 y50 md-y50 lg-y50 res-text\">\n                                <div class=\"text-box-content text box-shadow-3\">\n              \n              <div class=\"text-inner text-left\">\n                  \n<h2><span style=\"color: #000000;\"><strong>STAMM<\/strong><\/span><\/h2>\n<h3><span style=\"color: #000000;\">Huni Kuin<\/span><\/h3>\n<p><span style=\"color: #000000;\">Der Stamm der Huni Kuin lebt in kleinen Gemeinden von den Ausl\u00e4ufern der peruanischen Anden bis zu den brasilianischen Grenzen in den Bundesstaaten Acre und S\u00fcdamazonas und umfasst das Gebiet Alto Juru\u00e1, Purus und das Javari-Tal.<\/span><\/p>\n<a href=\"https:\/\/www.sinchisinchi.com\/de\/staemme\/rape-huni-kuin-kaxinawa\/\" target=\"_blank\" class=\"button primary is-underline expand\" rel=\"noopener\" >\n\t\t<span>Stamm<\/span>\n\t<\/a>\n\n<a href=\"https:\/\/www.sinchisinchi.com\/de\/staemme\/rape-huni-kuin-kaxinawa\/videos\/\" target=\"_blank\" class=\"button primary is-underline expand\" rel=\"noopener\" >\n\t\t<span>Videos<\/span>\n\t<\/a>\n\n<a href=\"https:\/\/www.sinchisinchi.com\/de\/staemme\/rape-huni-kuin-kaxinawa\/musik\/\" target=\"_blank\" class=\"button primary is-underline expand\" rel=\"noopener\" >\n\t\t<span>Musik<\/span>\n\t<\/a>\n\n              <\/div>\n           <\/div>\n                            \n<style>\n#text-box-1094272890 .text-box-content {\n  background-color: rgb(255, 255, 255);\n  font-size: 100%;\n}\n#text-box-1094272890 .text-inner {\n  padding: 30px 30px 30px 30px;\n}\n#text-box-1094272890 {\n  width: 60%;\n}\n@media (min-width:550px) {\n  #text-box-1094272890 {\n    width: 40%;\n  }\n}\n<\/style>\n    <\/div>\n \n        <\/div>\n      <\/div>\n\n              <div class=\"height-fix is-invisible\"><img loading=\"lazy\" decoding=\"async\" width=\"791\" height=\"1024\" src=\"https:\/\/www.sinchisinchi.com\/wp-content\/uploads\/2024\/09\/0-Huni-Kuin-Kaxinawa-791x1024.jpg\" class=\"attachment-large size-large\" alt=\"\" srcset=\"https:\/\/www.sinchisinchi.com\/wp-content\/uploads\/2024\/09\/0-Huni-Kuin-Kaxinawa-791x1024.jpg 791w, https:\/\/www.sinchisinchi.com\/wp-content\/uploads\/2024\/09\/0-Huni-Kuin-Kaxinawa-463x600.jpg 463w, https:\/\/www.sinchisinchi.com\/wp-content\/uploads\/2024\/09\/0-Huni-Kuin-Kaxinawa-768x995.jpg 768w, https:\/\/www.sinchisinchi.com\/wp-content\/uploads\/2024\/09\/0-Huni-Kuin-Kaxinawa-1186x1536.jpg 1186w, https:\/\/www.sinchisinchi.com\/wp-content\/uploads\/2024\/09\/0-Huni-Kuin-Kaxinawa-247x320.jpg 247w, https:\/\/www.sinchisinchi.com\/wp-content\/uploads\/2024\/09\/0-Huni-Kuin-Kaxinawa-510x661.jpg 510w, https:\/\/www.sinchisinchi.com\/wp-content\/uploads\/2024\/09\/0-Huni-Kuin-Kaxinawa.jpg 1581w\" sizes=\"auto, (max-width: 791px) 100vw, 791px\" \/><\/div>\n            \n<style>\n#banner-687154623 .overlay {\n  background-color: rgba(190, 190, 190, 0.2);\n}\n#banner-687154623 {\n  background-color: rgb(255, 255, 255);\n}\n<\/style>\n  <\/div>\n\n\n","protected":false},"excerpt":{"rendered":"<p><span style=\"color: #000000;\">Rap\u00e9 <strong>Huni Kuin Cumaru<\/strong> ist eine tiefgr\u00fcndige Sorte mit dunkelbrauner Farbe dank ihres hohen <strong>Anteils an Mapacho<\/strong>.<\/span><\/p>\n<p><span style=\"color: #000000;\">Die f\u00fcr seine Zubereitung verwendete Asche stammt vom Cumaru-Baum, der nach der Huni-Kuin-Tradition ein Baum ist, der nicht verrottet, da er <strong>&#8222;sehr wahr&#8220;<\/strong> ist; Es ist eines der <strong>dichtesten und h\u00e4rtesten<\/strong> H\u00f6lzer der Erde.<\/span><\/p>\n<p><span style=\"color: #000000;\">Der Cumaru Rap\u00e9 hat eine gro\u00dfartige Erdung und die F\u00e4higkeit, den Benutzer in tiefe Trancezust\u00e4nde zu versetzen. Manchmal kann es abf\u00fchrend sein.<\/span><\/p>\n<p><span style=\"color: #000000;\"><strong>-Vorteile:<\/strong> Der Rap\u00e9 Cumaru hat starke spirituelle Schutzeigenschaften.<\/span><\/p>\n<p><span style=\"color: #000000;\"><strong>-Intensit\u00e4t:<\/strong> Stark<\/span><\/p>\n<p><span style=\"color: #000000;\"><strong>-Stamm:<\/strong> Hergestellt vom Stamm der Huni Kuin (auch bekannt als Kaxinaw\u00e1, Caxinau\u00e1).<\/span><\/p>\n<p><span style=\"color: #000000;\"><strong>-Zusammensetzung:<\/strong> Mapacho, Cumaru-Asche (Dipteryx Odorata) und andere heilige Amazonas-Pflanzen.<\/span><\/p>\n<p><span style=\"color: #000000;\"><strong>-Gr\u00f6\u00dfe:<\/strong> Flaschen mit 10 ml (8 bis 9 Gramm).<\/span><\/p>\n<p><span style=\"color: #000000;\"><strong>-Verwendung:<\/strong> Ethnobotanische Kuriosit\u00e4t. Ausschlie\u00dfliche Verwendung f\u00fcr wissenschaftliche, historische und rituelle Studien.<\/span><\/p>\n","protected":false},"featured_media":11729,"template":"","meta":{"_joinchat":[]},"product_brand":[],"product_cat":[114],"product_tag":[],"class_list":{"0":"post-3275","1":"product","2":"type-product","3":"status-publish","4":"has-post-thumbnail","6":"product_cat-huni-kuin-de","8":"first","9":"instock","10":"taxable","11":"shipping-taxable","12":"purchasable","13":"product-type-simple"},"yoast_head":"<!-- This site is optimized with the Yoast SEO plugin v27.1.1 - https:\/\/yoast.com\/product\/yoast-seo-wordpress\/ -->\n<title>SINCHI: Cumaru Rap\u00e9 vom Stamm der Huni Kuin<\/title>\n<meta name=\"description\" content=\"Der Cumaru Rap\u00e9 hat eine gro\u00dfartige Erdungsverbindung, die den Benutzer in tiefe Trancezust\u00e4nde versetzt. Extra stark, mit hohem Mapacho-Anteil.\" \/>\n<meta name=\"robots\" content=\"index, follow, max-snippet:-1, max-image-preview:large, max-video-preview:-1\" \/>\n<link rel=\"canonical\" href=\"https:\/\/www.sinchisinchi.com\/de\/producto\/cumaru-rape\/\" \/>\n<meta property=\"og:locale\" content=\"de_DE\" \/>\n<meta property=\"og:type\" content=\"article\" \/>\n<meta property=\"og:title\" content=\"SINCHI: Cumaru Rap\u00e9 vom Stamm der Huni Kuin\" \/>\n<meta property=\"og:description\" content=\"Der Cumaru Rap\u00e9 hat eine gro\u00dfartige Erdungsverbindung, die den Benutzer in tiefe Trancezust\u00e4nde versetzt. Extra stark, mit hohem Mapacho-Anteil.\" \/>\n<meta property=\"og:url\" content=\"https:\/\/www.sinchisinchi.com\/de\/producto\/cumaru-rape\/\" \/>\n<meta property=\"og:site_name\" content=\"SINCHI RAP\u00c9\" \/>\n<meta property=\"article:publisher\" content=\"https:\/\/www.facebook.com\/sinchirape\/\" \/>\n<meta property=\"article:modified_time\" content=\"2026-02-12T23:03:50+00:00\" \/>\n<meta property=\"og:image\" content=\"https:\/\/www.sinchisinchi.com\/wp-content\/uploads\/2020\/04\/14-Cumaru.jpg\" \/>\n\t<meta property=\"og:image:width\" content=\"700\" \/>\n\t<meta property=\"og:image:height\" content=\"700\" \/>\n\t<meta property=\"og:image:type\" content=\"image\/jpeg\" \/>\n<meta name=\"twitter:card\" content=\"summary_large_image\" \/>\n<meta name=\"twitter:label1\" content=\"Gesch\u00e4tzte Lesezeit\" \/>\n\t<meta name=\"twitter:data1\" content=\"1\u00a0Minute\" \/>\n<script type=\"application\/ld+json\" class=\"yoast-schema-graph\">{\"@context\":\"https:\/\/schema.org\",\"@graph\":[{\"@type\":\"WebPage\",\"@id\":\"https:\/\/www.sinchisinchi.com\/de\/producto\/cumaru-rape\/\",\"url\":\"https:\/\/www.sinchisinchi.com\/de\/producto\/cumaru-rape\/\",\"name\":\"SINCHI: Cumaru Rap\u00e9 vom Stamm der Huni Kuin\",\"isPartOf\":{\"@id\":\"https:\/\/www.sinchisinchi.com\/de\/#website\"},\"primaryImageOfPage\":{\"@id\":\"https:\/\/www.sinchisinchi.com\/de\/producto\/cumaru-rape\/#primaryimage\"},\"image\":{\"@id\":\"https:\/\/www.sinchisinchi.com\/de\/producto\/cumaru-rape\/#primaryimage\"},\"thumbnailUrl\":\"https:\/\/www.sinchisinchi.com\/wp-content\/uploads\/2020\/04\/14-Cumaru.jpg\",\"datePublished\":\"2020-04-29T07:55:48+00:00\",\"dateModified\":\"2026-02-12T23:03:50+00:00\",\"description\":\"Der Cumaru Rap\u00e9 hat eine gro\u00dfartige Erdungsverbindung, die den Benutzer in tiefe Trancezust\u00e4nde versetzt. Extra stark, mit hohem Mapacho-Anteil.\",\"breadcrumb\":{\"@id\":\"https:\/\/www.sinchisinchi.com\/de\/producto\/cumaru-rape\/#breadcrumb\"},\"inLanguage\":\"de\",\"potentialAction\":[{\"@type\":\"ReadAction\",\"target\":[\"https:\/\/www.sinchisinchi.com\/de\/producto\/cumaru-rape\/\"]}]},{\"@type\":\"ImageObject\",\"inLanguage\":\"de\",\"@id\":\"https:\/\/www.sinchisinchi.com\/de\/producto\/cumaru-rape\/#primaryimage\",\"url\":\"https:\/\/www.sinchisinchi.com\/wp-content\/uploads\/2020\/04\/14-Cumaru.jpg\",\"contentUrl\":\"https:\/\/www.sinchisinchi.com\/wp-content\/uploads\/2020\/04\/14-Cumaru.jpg\",\"width\":700,\"height\":700},{\"@type\":\"BreadcrumbList\",\"@id\":\"https:\/\/www.sinchisinchi.com\/de\/producto\/cumaru-rape\/#breadcrumb\",\"itemListElement\":[{\"@type\":\"ListItem\",\"position\":1,\"name\":\"Titelseite\",\"item\":\"https:\/\/www.sinchisinchi.com\/de\/\"},{\"@type\":\"ListItem\",\"position\":2,\"name\":\"Produkte\",\"item\":\"https:\/\/www.sinchisinchi.com\/de\/shop\/\"},{\"@type\":\"ListItem\",\"position\":3,\"name\":\"Cumaru\"}]},{\"@type\":\"WebSite\",\"@id\":\"https:\/\/www.sinchisinchi.com\/de\/#website\",\"url\":\"https:\/\/www.sinchisinchi.com\/de\/\",\"name\":\"SINCHI\",\"description\":\"Sinchi Medicine\",\"publisher\":{\"@id\":\"https:\/\/www.sinchisinchi.com\/de\/#organization\"},\"potentialAction\":[{\"@type\":\"SearchAction\",\"target\":{\"@type\":\"EntryPoint\",\"urlTemplate\":\"https:\/\/www.sinchisinchi.com\/de\/?s={search_term_string}\"},\"query-input\":{\"@type\":\"PropertyValueSpecification\",\"valueRequired\":true,\"valueName\":\"search_term_string\"}}],\"inLanguage\":\"de\"},{\"@type\":\"Organization\",\"@id\":\"https:\/\/www.sinchisinchi.com\/de\/#organization\",\"name\":\"SINCHI S.L\",\"url\":\"https:\/\/www.sinchisinchi.com\/de\/\",\"logo\":{\"@type\":\"ImageObject\",\"inLanguage\":\"de\",\"@id\":\"https:\/\/www.sinchisinchi.com\/de\/#\/schema\/logo\/image\/\",\"url\":\"https:\/\/www.sinchisinchi.com\/wp-content\/uploads\/2026\/01\/3b-Verde-SIMPLIFICADO-HORIZONTAL-F-TRANSPARENTE-scaled.png\",\"contentUrl\":\"https:\/\/www.sinchisinchi.com\/wp-content\/uploads\/2026\/01\/3b-Verde-SIMPLIFICADO-HORIZONTAL-F-TRANSPARENTE-scaled.png\",\"width\":2560,\"height\":457,\"caption\":\"SINCHI S.L\"},\"image\":{\"@id\":\"https:\/\/www.sinchisinchi.com\/de\/#\/schema\/logo\/image\/\"},\"sameAs\":[\"https:\/\/www.facebook.com\/sinchirape\/\",\"https:\/\/www.instagram.com\/sinchi_rape\/\"]}]}<\/script>\n<!-- \/ Yoast SEO plugin. -->","yoast_head_json":{"title":"SINCHI: Cumaru Rap\u00e9 vom Stamm der Huni Kuin","description":"Der Cumaru Rap\u00e9 hat eine gro\u00dfartige Erdungsverbindung, die den Benutzer in tiefe Trancezust\u00e4nde versetzt. Extra stark, mit hohem Mapacho-Anteil.","robots":{"index":"index","follow":"follow","max-snippet":"max-snippet:-1","max-image-preview":"max-image-preview:large","max-video-preview":"max-video-preview:-1"},"canonical":"https:\/\/www.sinchisinchi.com\/de\/producto\/cumaru-rape\/","og_locale":"de_DE","og_type":"article","og_title":"SINCHI: Cumaru Rap\u00e9 vom Stamm der Huni Kuin","og_description":"Der Cumaru Rap\u00e9 hat eine gro\u00dfartige Erdungsverbindung, die den Benutzer in tiefe Trancezust\u00e4nde versetzt. Extra stark, mit hohem Mapacho-Anteil.","og_url":"https:\/\/www.sinchisinchi.com\/de\/producto\/cumaru-rape\/","og_site_name":"SINCHI RAP\u00c9","article_publisher":"https:\/\/www.facebook.com\/sinchirape\/","article_modified_time":"2026-02-12T23:03:50+00:00","og_image":[{"width":700,"height":700,"url":"https:\/\/www.sinchisinchi.com\/wp-content\/uploads\/2020\/04\/14-Cumaru.jpg","type":"image\/jpeg"}],"twitter_card":"summary_large_image","twitter_misc":{"Gesch\u00e4tzte Lesezeit":"1\u00a0Minute"},"schema":{"@context":"https:\/\/schema.org","@graph":[{"@type":"WebPage","@id":"https:\/\/www.sinchisinchi.com\/de\/producto\/cumaru-rape\/","url":"https:\/\/www.sinchisinchi.com\/de\/producto\/cumaru-rape\/","name":"SINCHI: Cumaru Rap\u00e9 vom Stamm der Huni Kuin","isPartOf":{"@id":"https:\/\/www.sinchisinchi.com\/de\/#website"},"primaryImageOfPage":{"@id":"https:\/\/www.sinchisinchi.com\/de\/producto\/cumaru-rape\/#primaryimage"},"image":{"@id":"https:\/\/www.sinchisinchi.com\/de\/producto\/cumaru-rape\/#primaryimage"},"thumbnailUrl":"https:\/\/www.sinchisinchi.com\/wp-content\/uploads\/2020\/04\/14-Cumaru.jpg","datePublished":"2020-04-29T07:55:48+00:00","dateModified":"2026-02-12T23:03:50+00:00","description":"Der Cumaru Rap\u00e9 hat eine gro\u00dfartige Erdungsverbindung, die den Benutzer in tiefe Trancezust\u00e4nde versetzt. Extra stark, mit hohem Mapacho-Anteil.","breadcrumb":{"@id":"https:\/\/www.sinchisinchi.com\/de\/producto\/cumaru-rape\/#breadcrumb"},"inLanguage":"de","potentialAction":[{"@type":"ReadAction","target":["https:\/\/www.sinchisinchi.com\/de\/producto\/cumaru-rape\/"]}]},{"@type":"ImageObject","inLanguage":"de","@id":"https:\/\/www.sinchisinchi.com\/de\/producto\/cumaru-rape\/#primaryimage","url":"https:\/\/www.sinchisinchi.com\/wp-content\/uploads\/2020\/04\/14-Cumaru.jpg","contentUrl":"https:\/\/www.sinchisinchi.com\/wp-content\/uploads\/2020\/04\/14-Cumaru.jpg","width":700,"height":700},{"@type":"BreadcrumbList","@id":"https:\/\/www.sinchisinchi.com\/de\/producto\/cumaru-rape\/#breadcrumb","itemListElement":[{"@type":"ListItem","position":1,"name":"Titelseite","item":"https:\/\/www.sinchisinchi.com\/de\/"},{"@type":"ListItem","position":2,"name":"Produkte","item":"https:\/\/www.sinchisinchi.com\/de\/shop\/"},{"@type":"ListItem","position":3,"name":"Cumaru"}]},{"@type":"WebSite","@id":"https:\/\/www.sinchisinchi.com\/de\/#website","url":"https:\/\/www.sinchisinchi.com\/de\/","name":"SINCHI","description":"Sinchi Medicine","publisher":{"@id":"https:\/\/www.sinchisinchi.com\/de\/#organization"},"potentialAction":[{"@type":"SearchAction","target":{"@type":"EntryPoint","urlTemplate":"https:\/\/www.sinchisinchi.com\/de\/?s={search_term_string}"},"query-input":{"@type":"PropertyValueSpecification","valueRequired":true,"valueName":"search_term_string"}}],"inLanguage":"de"},{"@type":"Organization","@id":"https:\/\/www.sinchisinchi.com\/de\/#organization","name":"SINCHI S.L","url":"https:\/\/www.sinchisinchi.com\/de\/","logo":{"@type":"ImageObject","inLanguage":"de","@id":"https:\/\/www.sinchisinchi.com\/de\/#\/schema\/logo\/image\/","url":"https:\/\/www.sinchisinchi.com\/wp-content\/uploads\/2026\/01\/3b-Verde-SIMPLIFICADO-HORIZONTAL-F-TRANSPARENTE-scaled.png","contentUrl":"https:\/\/www.sinchisinchi.com\/wp-content\/uploads\/2026\/01\/3b-Verde-SIMPLIFICADO-HORIZONTAL-F-TRANSPARENTE-scaled.png","width":2560,"height":457,"caption":"SINCHI S.L"},"image":{"@id":"https:\/\/www.sinchisinchi.com\/de\/#\/schema\/logo\/image\/"},"sameAs":["https:\/\/www.facebook.com\/sinchirape\/","https:\/\/www.instagram.com\/sinchi_rape\/"]}]}},"_links":{"self":[{"href":"https:\/\/www.sinchisinchi.com\/de\/wp-json\/wp\/v2\/product\/3275","targetHints":{"allow":["GET"]}}],"collection":[{"href":"https:\/\/www.sinchisinchi.com\/de\/wp-json\/wp\/v2\/product"}],"about":[{"href":"https:\/\/www.sinchisinchi.com\/de\/wp-json\/wp\/v2\/types\/product"}],"wp:featuredmedia":[{"embeddable":true,"href":"https:\/\/www.sinchisinchi.com\/de\/wp-json\/wp\/v2\/media\/11729"}],"wp:attachment":[{"href":"https:\/\/www.sinchisinchi.com\/de\/wp-json\/wp\/v2\/media?parent=3275"}],"wp:term":[{"taxonomy":"product_brand","embeddable":true,"href":"https:\/\/www.sinchisinchi.com\/de\/wp-json\/wp\/v2\/product_brand?post=3275"},{"taxonomy":"product_cat","embeddable":true,"href":"https:\/\/www.sinchisinchi.com\/de\/wp-json\/wp\/v2\/product_cat?post=3275"},{"taxonomy":"product_tag","embeddable":true,"href":"https:\/\/www.sinchisinchi.com\/de\/wp-json\/wp\/v2\/product_tag?post=3275"}],"curies":[{"name":"wp","href":"https:\/\/api.w.org\/{rel}","templated":true}]}}